{"id":91482,"date":"2026-03-30T12:15:55","date_gmt":"2026-03-30T10:15:55","guid":{"rendered":"https:\/\/www.maison-occitane.com\/produit\/papiton-de-canard-au-foie-gras-et-vin-de-gascogne\/"},"modified":"2026-04-21T16:04:53","modified_gmt":"2026-04-21T14:04:53","slug":"papiton-de-canard-au-foie-gras-et-vin-de-gascogne","status":"publish","type":"product","link":"https:\/\/www.maison-occitane.com\/fr\/produit\/papiton-de-canard-au-foie-gras-et-vin-de-gascogne\/","title":{"rendered":"PAPITON DE CANARD AU FOIE GRAS ET VIN DE GASCOGNE"},"content":{"rendered":"<p data-start=\"240\" data-end=\"288\"><strong data-start=\"240\" data-end=\"286\">Go\u00fbtez \u00e0 l&rsquo;\u00e2me du Sud-Ouest dans un bocal.<\/strong><\/p>\n<p data-start=\"290\" data-end=\"691\">Notre Papiton de canard au foie gras et vin doux de Gascogne incarne tout l\u2019amour que nous portons \u00e0 notre terroir et aux belles recettes traditionnelles. \u00c9labor\u00e9e avec soin dans le respect des savoir-faire de notre terroir, notre terrine est g\u00e9n\u00e9reuse. Elle marie avec subtilit\u00e9 <strong>20 % de foie gras de canard,<\/strong> de viande de canard, de la <strong>viande de porc d&rsquo;origine France,<\/strong> et une touche d\u00e9licate de vin doux de Gascogne.<\/p>\n<p data-start=\"693\" data-end=\"1010\">Ces un parfait \u00e9quilibre entre le fondant du foie gras, la richesse de la viande et la finesse du vin r\u00e9v\u00e8le une texture moelleuse. C\u2019est une recette authentique, chaleureuse et profond\u00e9ment gourmande, pens\u00e9e pour sublimer vos ap\u00e9ritifs et vos moments de partage.<\/p>\n<p data-start=\"1012\" data-end=\"1178\">Notre terrine au vin doux est l\u2019expression m\u00eame de notre passion du produit bien fait. Un produit 100 % fran\u00e7ais, ancr\u00e9 dans la tradition, et \u00e9labor\u00e9 avec des ingr\u00e9dients soigneusement s\u00e9lectionn\u00e9s.<\/p>\n<p><strong><span style=\"color: #f29400;\">Nombre de parts :\u00a0<\/span><\/strong> 4 \u00e0 5 parts<\/p>\n","protected":false},"excerpt":{"rendered":"<p><span class=\"notion-enable-hover\" data-token-index=\"0\">L&rsquo;alliance typique du Sud-Ouest, du foie gras de canard et du vin doux de Gascogne. Le mariage incontournable de notre territoire. Elabor\u00e9e avec 20 % de foie gras de canard,\u00a0de viande de canard, de la\u00a0viande de porc d&rsquo;origine France.<\/span><\/p>\n","protected":false},"featured_media":92756,"comment_status":"open","ping_status":"closed","template":"","meta":{"_acf_changed":false},"product_cat":[773,784],"product_tag":[],"origines":[798],"labels-qualite":[],"class_list":{"0":"post-91482","1":"product","2":"type-product","3":"status-publish","4":"has-post-thumbnail","6":"product_cat-specialites-du-sud-ouest","7":"product_cat-entrees-du-terroir","8":"product_origine-france","10":"first","11":"instock","12":"taxable","13":"shipping-taxable","14":"purchasable","15":"product-type-variable","16":"add-to-wishlist-before_image"},"acf":[],"yoast_head":"<!-- This site is optimized with the Yoast SEO plugin v24.9 - https:\/\/yoast.com\/wordpress\/plugins\/seo\/ -->\n<title>PAPITON DE CANARD AU FOIE GRAS ET VIN DE GASCOGNE - Maison Occitane<\/title>\n<meta name=\"robots\" content=\"index, follow, max-snippet:-1, max-image-preview:large, max-video-preview:-1\" \/>\n<link rel=\"canonical\" href=\"https:\/\/www.maison-occitane.com\/fr\/produit\/papiton-de-canard-au-foie-gras-et-vin-de-gascogne\/\" \/>\n<meta property=\"og:locale\" content=\"fr_FR\" \/>\n<meta property=\"og:type\" content=\"article\" \/>\n<meta property=\"og:title\" content=\"PAPITON DE CANARD AU FOIE GRAS ET VIN DE GASCOGNE - Maison Occitane\" \/>\n<meta property=\"og:description\" content=\"L&#039;alliance typique du Sud-Ouest, du foie gras de canard et du vin doux de Gascogne. Le mariage incontournable de notre territoire. Elabor\u00e9e avec 20 % de foie gras de canard,\u00a0de viande de canard, de la\u00a0viande de porc d&#039;origine France.\" \/>\n<meta property=\"og:url\" content=\"https:\/\/www.maison-occitane.com\/fr\/produit\/papiton-de-canard-au-foie-gras-et-vin-de-gascogne\/\" \/>\n<meta property=\"og:site_name\" content=\"Maison Occitane\" \/>\n<meta property=\"article:modified_time\" content=\"2026-04-21T14:04:53+00:00\" \/>\n<meta property=\"og:image\" content=\"https:\/\/www.maison-occitane.com\/app\/uploads\/2026\/03\/200543_520px.jpg\" \/>\n\t<meta property=\"og:image:width\" content=\"520\" \/>\n\t<meta property=\"og:image:height\" content=\"520\" \/>\n\t<meta property=\"og:image:type\" content=\"image\/jpeg\" \/>\n<meta name=\"twitter:card\" content=\"summary_large_image\" \/>\n<meta name=\"twitter:label1\" content=\"Dur\u00e9e de lecture estim\u00e9e\" \/>\n\t<meta name=\"twitter:data1\" content=\"2 minutes\" \/>\n<script type=\"application\/ld+json\" class=\"yoast-schema-graph\">{\"@context\":\"https:\/\/schema.org\",\"@graph\":[{\"@type\":\"WebPage\",\"@id\":\"https:\/\/www.maison-occitane.com\/fr\/produit\/papiton-de-canard-au-foie-gras-et-vin-de-gascogne\/\",\"url\":\"https:\/\/www.maison-occitane.com\/fr\/produit\/papiton-de-canard-au-foie-gras-et-vin-de-gascogne\/\",\"name\":\"PAPITON DE CANARD AU FOIE GRAS ET VIN DE GASCOGNE - Maison Occitane\",\"isPartOf\":{\"@id\":\"https:\/\/www.maison-occitane.com\/fr\/#website\"},\"primaryImageOfPage\":{\"@id\":\"https:\/\/www.maison-occitane.com\/fr\/produit\/papiton-de-canard-au-foie-gras-et-vin-de-gascogne\/#primaryimage\"},\"image\":{\"@id\":\"https:\/\/www.maison-occitane.com\/fr\/produit\/papiton-de-canard-au-foie-gras-et-vin-de-gascogne\/#primaryimage\"},\"thumbnailUrl\":\"https:\/\/www.maison-occitane.com\/app\/uploads\/2026\/03\/200543_520px.jpg\",\"datePublished\":\"2026-03-30T10:15:55+00:00\",\"dateModified\":\"2026-04-21T14:04:53+00:00\",\"breadcrumb\":{\"@id\":\"https:\/\/www.maison-occitane.com\/fr\/produit\/papiton-de-canard-au-foie-gras-et-vin-de-gascogne\/#breadcrumb\"},\"inLanguage\":\"fr-FR\",\"potentialAction\":[{\"@type\":\"ReadAction\",\"target\":[\"https:\/\/www.maison-occitane.com\/fr\/produit\/papiton-de-canard-au-foie-gras-et-vin-de-gascogne\/\"]}]},{\"@type\":\"ImageObject\",\"inLanguage\":\"fr-FR\",\"@id\":\"https:\/\/www.maison-occitane.com\/fr\/produit\/papiton-de-canard-au-foie-gras-et-vin-de-gascogne\/#primaryimage\",\"url\":\"https:\/\/www.maison-occitane.com\/app\/uploads\/2026\/03\/200543_520px.jpg\",\"contentUrl\":\"https:\/\/www.maison-occitane.com\/app\/uploads\/2026\/03\/200543_520px.jpg\",\"width\":520,\"height\":520},{\"@type\":\"BreadcrumbList\",\"@id\":\"https:\/\/www.maison-occitane.com\/fr\/produit\/papiton-de-canard-au-foie-gras-et-vin-de-gascogne\/#breadcrumb\",\"itemListElement\":[{\"@type\":\"ListItem\",\"position\":1,\"name\":\"Accueil\",\"item\":\"https:\/\/www.maison-occitane.com\/fr\/\"},{\"@type\":\"ListItem\",\"position\":2,\"name\":\"Produits\",\"item\":\"https:\/\/www.maison-occitane.com\/fr\/shop\/\"},{\"@type\":\"ListItem\",\"position\":3,\"name\":\"Sp\u00e9cialit\u00e9s du Sud-Ouest\",\"item\":\"https:\/\/www.maison-occitane.com\/fr\/boutique\/specialites-du-sud-ouest\/\"},{\"@type\":\"ListItem\",\"position\":4,\"name\":\"Entr\u00e9es du terroir\",\"item\":\"https:\/\/www.maison-occitane.com\/fr\/boutique\/specialites-du-sud-ouest\/entrees-du-terroir\/\"},{\"@type\":\"ListItem\",\"position\":5,\"name\":\"PAPITON DE CANARD AU FOIE GRAS ET VIN DE GASCOGNE\"}]},{\"@type\":\"WebSite\",\"@id\":\"https:\/\/www.maison-occitane.com\/fr\/#website\",\"url\":\"https:\/\/www.maison-occitane.com\/fr\/\",\"name\":\"Maison Occitane\",\"description\":\"\",\"potentialAction\":[{\"@type\":\"SearchAction\",\"target\":{\"@type\":\"EntryPoint\",\"urlTemplate\":\"https:\/\/www.maison-occitane.com\/fr\/?s={search_term_string}\"},\"query-input\":{\"@type\":\"PropertyValueSpecification\",\"valueRequired\":true,\"valueName\":\"search_term_string\"}}],\"inLanguage\":\"fr-FR\"}]}<\/script>\n<!-- \/ Yoast SEO plugin. -->","yoast_head_json":{"title":"PAPITON DE CANARD AU FOIE GRAS ET VIN DE GASCOGNE - Maison Occitane","robots":{"index":"index","follow":"follow","max-snippet":"max-snippet:-1","max-image-preview":"max-image-preview:large","max-video-preview":"max-video-preview:-1"},"canonical":"https:\/\/www.maison-occitane.com\/fr\/produit\/papiton-de-canard-au-foie-gras-et-vin-de-gascogne\/","og_locale":"fr_FR","og_type":"article","og_title":"PAPITON DE CANARD AU FOIE GRAS ET VIN DE GASCOGNE - Maison Occitane","og_description":"L'alliance typique du Sud-Ouest, du foie gras de canard et du vin doux de Gascogne. Le mariage incontournable de notre territoire. Elabor\u00e9e avec 20 % de foie gras de canard,\u00a0de viande de canard, de la\u00a0viande de porc d'origine France.","og_url":"https:\/\/www.maison-occitane.com\/fr\/produit\/papiton-de-canard-au-foie-gras-et-vin-de-gascogne\/","og_site_name":"Maison Occitane","article_modified_time":"2026-04-21T14:04:53+00:00","og_image":[{"width":520,"height":520,"url":"https:\/\/www.maison-occitane.com\/app\/uploads\/2026\/03\/200543_520px.jpg","type":"image\/jpeg"}],"twitter_card":"summary_large_image","twitter_misc":{"Dur\u00e9e de lecture estim\u00e9e":"2 minutes"},"schema":{"@context":"https:\/\/schema.org","@graph":[{"@type":"WebPage","@id":"https:\/\/www.maison-occitane.com\/fr\/produit\/papiton-de-canard-au-foie-gras-et-vin-de-gascogne\/","url":"https:\/\/www.maison-occitane.com\/fr\/produit\/papiton-de-canard-au-foie-gras-et-vin-de-gascogne\/","name":"PAPITON DE CANARD AU FOIE GRAS ET VIN DE GASCOGNE - Maison Occitane","isPartOf":{"@id":"https:\/\/www.maison-occitane.com\/fr\/#website"},"primaryImageOfPage":{"@id":"https:\/\/www.maison-occitane.com\/fr\/produit\/papiton-de-canard-au-foie-gras-et-vin-de-gascogne\/#primaryimage"},"image":{"@id":"https:\/\/www.maison-occitane.com\/fr\/produit\/papiton-de-canard-au-foie-gras-et-vin-de-gascogne\/#primaryimage"},"thumbnailUrl":"https:\/\/www.maison-occitane.com\/app\/uploads\/2026\/03\/200543_520px.jpg","datePublished":"2026-03-30T10:15:55+00:00","dateModified":"2026-04-21T14:04:53+00:00","breadcrumb":{"@id":"https:\/\/www.maison-occitane.com\/fr\/produit\/papiton-de-canard-au-foie-gras-et-vin-de-gascogne\/#breadcrumb"},"inLanguage":"fr-FR","potentialAction":[{"@type":"ReadAction","target":["https:\/\/www.maison-occitane.com\/fr\/produit\/papiton-de-canard-au-foie-gras-et-vin-de-gascogne\/"]}]},{"@type":"ImageObject","inLanguage":"fr-FR","@id":"https:\/\/www.maison-occitane.com\/fr\/produit\/papiton-de-canard-au-foie-gras-et-vin-de-gascogne\/#primaryimage","url":"https:\/\/www.maison-occitane.com\/app\/uploads\/2026\/03\/200543_520px.jpg","contentUrl":"https:\/\/www.maison-occitane.com\/app\/uploads\/2026\/03\/200543_520px.jpg","width":520,"height":520},{"@type":"BreadcrumbList","@id":"https:\/\/www.maison-occitane.com\/fr\/produit\/papiton-de-canard-au-foie-gras-et-vin-de-gascogne\/#breadcrumb","itemListElement":[{"@type":"ListItem","position":1,"name":"Accueil","item":"https:\/\/www.maison-occitane.com\/fr\/"},{"@type":"ListItem","position":2,"name":"Produits","item":"https:\/\/www.maison-occitane.com\/fr\/shop\/"},{"@type":"ListItem","position":3,"name":"Sp\u00e9cialit\u00e9s du Sud-Ouest","item":"https:\/\/www.maison-occitane.com\/fr\/boutique\/specialites-du-sud-ouest\/"},{"@type":"ListItem","position":4,"name":"Entr\u00e9es du terroir","item":"https:\/\/www.maison-occitane.com\/fr\/boutique\/specialites-du-sud-ouest\/entrees-du-terroir\/"},{"@type":"ListItem","position":5,"name":"PAPITON DE CANARD AU FOIE GRAS ET VIN DE GASCOGNE"}]},{"@type":"WebSite","@id":"https:\/\/www.maison-occitane.com\/fr\/#website","url":"https:\/\/www.maison-occitane.com\/fr\/","name":"Maison Occitane","description":"","potentialAction":[{"@type":"SearchAction","target":{"@type":"EntryPoint","urlTemplate":"https:\/\/www.maison-occitane.com\/fr\/?s={search_term_string}"},"query-input":{"@type":"PropertyValueSpecification","valueRequired":true,"valueName":"search_term_string"}}],"inLanguage":"fr-FR"}]}},"_links":{"self":[{"href":"https:\/\/www.maison-occitane.com\/fr\/wp-json\/wp\/v2\/product\/91482","targetHints":{"allow":["GET"]}}],"collection":[{"href":"https:\/\/www.maison-occitane.com\/fr\/wp-json\/wp\/v2\/product"}],"about":[{"href":"https:\/\/www.maison-occitane.com\/fr\/wp-json\/wp\/v2\/types\/product"}],"replies":[{"embeddable":true,"href":"https:\/\/www.maison-occitane.com\/fr\/wp-json\/wp\/v2\/comments?post=91482"}],"wp:featuredmedia":[{"embeddable":true,"href":"https:\/\/www.maison-occitane.com\/fr\/wp-json\/wp\/v2\/media\/92756"}],"wp:attachment":[{"href":"https:\/\/www.maison-occitane.com\/fr\/wp-json\/wp\/v2\/media?parent=91482"}],"wp:term":[{"taxonomy":"product_cat","embeddable":true,"href":"https:\/\/www.maison-occitane.com\/fr\/wp-json\/wp\/v2\/product_cat?post=91482"},{"taxonomy":"product_tag","embeddable":true,"href":"https:\/\/www.maison-occitane.com\/fr\/wp-json\/wp\/v2\/product_tag?post=91482"},{"taxonomy":"product_origine","embeddable":true,"href":"https:\/\/www.maison-occitane.com\/fr\/wp-json\/wp\/v2\/origines?post=91482"},{"taxonomy":"label_qualite","embeddable":true,"href":"https:\/\/www.maison-occitane.com\/fr\/wp-json\/wp\/v2\/labels-qualite?post=91482"}],"curies":[{"name":"wp","href":"https:\/\/api.w.org\/{rel}","templated":true}]}}