{"id":91474,"date":"2026-03-30T10:57:04","date_gmt":"2026-03-30T08:57:04","guid":{"rendered":"https:\/\/www.maison-occitane.com\/produit\/foie-gras-de-canard-entier-igp-sud-ouest-bocal-2\/"},"modified":"2026-04-09T08:41:03","modified_gmt":"2026-04-09T06:41:03","slug":"foie-gras-de-canard-entier-igp-sud-ouest-bocal","status":"publish","type":"product","link":"https:\/\/www.maison-occitane.com\/fr\/produit\/foie-gras-de-canard-entier-igp-sud-ouest-bocal\/","title":{"rendered":"FOIE GRAS DE CANARD ENTIER IGP SUD-OUEST BOCAL"},"content":{"rendered":"<p>Nos<span class=\"notion-enable-hover\" data-token-index=\"1\">\u00a0foies gras de canard entier du Sud-Ouest en conserve<\/span> sont \u00e9labor\u00e9s avec de beaux foies gras tous particuli\u00e8rement s\u00e9lectionn\u00e9s pour un go\u00fbt affirm\u00e9 et une onctuosit\u00e9, dans le pur respect des traditions. Tous nos foies gras entier du Sud-Ouest sont fabriqu\u00e9s \u00e0 base de canards b\u00e9n\u00e9ficiant de <strong>l\u2019Indication G\u00e9ographique Prot\u00e9g\u00e9e Sud-Ouest (IGP)<\/strong>. L\u2019IGP Sud-Ouest est l\u2019assurance d\u2019une qualit\u00e9 fid\u00e8le \u00e0 la tradition culinaire du Sud-Ouest et \u00e0 sa r\u00e9putation. Depuis 1975, nos producteurs \u00e9l\u00e8vent nos canards dans les plus pures traditions de notre r\u00e9gion afin de vous transmettre un peu de notre terroir et vous proposer des produits d\u2019une exceptionnelle qualit\u00e9. Un peu de poivre, un peu de sel et la magie op\u00e8re. Nos foies gras sont garantis <strong>sans conservateur.<\/strong><\/p>\n<p><span style=\"color: #f29400;\"><strong>Conditionnement<\/strong> <strong>:<\/strong><\/span> Bocal 90g \/ 130g \/180g et 300g<\/p>\n<p><strong><span style=\"color: #f29400;\">Nombre de parts :\u00a0 <\/span><\/strong>90g \u2192 1\/2 parts\u00a0 130g\u21922\/3 parts\u00a0 180g \u2192 4 parts 300g \u2192 6 parts<\/p>\n<p>Les foies gras \u00ab en conserve \u00bb peuvent rester de 18 mois \u00e0 4 ans \u00e0 temp\u00e9rature ambiante.<\/p>\n","protected":false},"excerpt":{"rendered":"<p><span class=\"notion-enable-hover\" data-token-index=\"0\">L&rsquo;incontournable foie gras de canard entier du Sud-Ouest s&rsquo;invite \u00e0 votre table.\u00a0Ce foie gras vous \u00e9tonnera par son caract\u00e8re typ\u00e9 et go\u00fbteux. Diff\u00e9rents grammages disponibles. Maison Occitane fabricant de foie gras depuis 1975.<\/span><\/p>\n","protected":false},"featured_media":4047,"comment_status":"open","ping_status":"closed","template":"","meta":{"_acf_changed":false},"product_cat":[770,776],"product_tag":[],"origines":[797],"labels-qualite":[],"class_list":{"0":"post-91474","1":"product","2":"type-product","3":"status-publish","4":"has-post-thumbnail","6":"product_cat-foie-gras","7":"product_cat-foie-gras-en-conserve","8":"product_origine-igp-du-sud-ouest","10":"first","11":"instock","12":"taxable","13":"shipping-taxable","14":"purchasable","15":"product-type-variable","16":"add-to-wishlist-before_image"},"acf":[],"yoast_head":"<!-- This site is optimized with the Yoast SEO plugin v24.9 - https:\/\/yoast.com\/wordpress\/plugins\/seo\/ -->\n<title>FOIE GRAS DE CANARD ENTIER IGP SUD-OUEST BOCAL - Maison Occitane<\/title>\n<meta name=\"robots\" content=\"index, follow, max-snippet:-1, max-image-preview:large, max-video-preview:-1\" \/>\n<link rel=\"canonical\" href=\"https:\/\/www.maison-occitane.com\/fr\/produit\/foie-gras-de-canard-entier-igp-sud-ouest-bocal\/\" \/>\n<meta property=\"og:locale\" content=\"fr_FR\" \/>\n<meta property=\"og:type\" content=\"article\" \/>\n<meta property=\"og:title\" content=\"FOIE GRAS DE CANARD ENTIER IGP SUD-OUEST BOCAL - Maison Occitane\" \/>\n<meta property=\"og:description\" content=\"L&#039;incontournable foie gras de canard entier du Sud-Ouest s&#039;invite \u00e0 votre table.\u00a0Ce foie gras vous \u00e9tonnera par son caract\u00e8re typ\u00e9 et go\u00fbteux. Diff\u00e9rents grammages disponibles. Maison Occitane fabricant de foie gras depuis 1975.\" \/>\n<meta property=\"og:url\" content=\"https:\/\/www.maison-occitane.com\/fr\/produit\/foie-gras-de-canard-entier-igp-sud-ouest-bocal\/\" \/>\n<meta property=\"og:site_name\" content=\"Maison Occitane\" \/>\n<meta property=\"article:modified_time\" content=\"2026-04-09T06:41:03+00:00\" \/>\n<meta property=\"og:image\" content=\"https:\/\/www.maison-occitane.com\/app\/uploads\/2025\/05\/200199_520px.jpg\" \/>\n\t<meta property=\"og:image:width\" content=\"520\" \/>\n\t<meta property=\"og:image:height\" content=\"450\" \/>\n\t<meta property=\"og:image:type\" content=\"image\/jpeg\" \/>\n<meta name=\"twitter:card\" content=\"summary_large_image\" \/>\n<meta name=\"twitter:label1\" content=\"Dur\u00e9e de lecture estim\u00e9e\" \/>\n\t<meta name=\"twitter:data1\" content=\"2 minutes\" \/>\n<script type=\"application\/ld+json\" class=\"yoast-schema-graph\">{\"@context\":\"https:\/\/schema.org\",\"@graph\":[{\"@type\":\"WebPage\",\"@id\":\"https:\/\/www.maison-occitane.com\/fr\/produit\/foie-gras-de-canard-entier-igp-sud-ouest-bocal\/\",\"url\":\"https:\/\/www.maison-occitane.com\/fr\/produit\/foie-gras-de-canard-entier-igp-sud-ouest-bocal\/\",\"name\":\"FOIE GRAS DE CANARD ENTIER IGP SUD-OUEST BOCAL - Maison Occitane\",\"isPartOf\":{\"@id\":\"https:\/\/www.maison-occitane.com\/fr\/#website\"},\"primaryImageOfPage\":{\"@id\":\"https:\/\/www.maison-occitane.com\/fr\/produit\/foie-gras-de-canard-entier-igp-sud-ouest-bocal\/#primaryimage\"},\"image\":{\"@id\":\"https:\/\/www.maison-occitane.com\/fr\/produit\/foie-gras-de-canard-entier-igp-sud-ouest-bocal\/#primaryimage\"},\"thumbnailUrl\":\"https:\/\/www.maison-occitane.com\/app\/uploads\/2025\/05\/200199_520px.jpg\",\"datePublished\":\"2026-03-30T08:57:04+00:00\",\"dateModified\":\"2026-04-09T06:41:03+00:00\",\"breadcrumb\":{\"@id\":\"https:\/\/www.maison-occitane.com\/fr\/produit\/foie-gras-de-canard-entier-igp-sud-ouest-bocal\/#breadcrumb\"},\"inLanguage\":\"fr-FR\",\"potentialAction\":[{\"@type\":\"ReadAction\",\"target\":[\"https:\/\/www.maison-occitane.com\/fr\/produit\/foie-gras-de-canard-entier-igp-sud-ouest-bocal\/\"]}]},{\"@type\":\"ImageObject\",\"inLanguage\":\"fr-FR\",\"@id\":\"https:\/\/www.maison-occitane.com\/fr\/produit\/foie-gras-de-canard-entier-igp-sud-ouest-bocal\/#primaryimage\",\"url\":\"https:\/\/www.maison-occitane.com\/app\/uploads\/2025\/05\/200199_520px.jpg\",\"contentUrl\":\"https:\/\/www.maison-occitane.com\/app\/uploads\/2025\/05\/200199_520px.jpg\",\"width\":520,\"height\":450,\"caption\":\"Foie Gras de canard entier IGP du Sud-Ouest - 90g\"},{\"@type\":\"BreadcrumbList\",\"@id\":\"https:\/\/www.maison-occitane.com\/fr\/produit\/foie-gras-de-canard-entier-igp-sud-ouest-bocal\/#breadcrumb\",\"itemListElement\":[{\"@type\":\"ListItem\",\"position\":1,\"name\":\"Accueil\",\"item\":\"https:\/\/www.maison-occitane.com\/fr\/\"},{\"@type\":\"ListItem\",\"position\":2,\"name\":\"Produits\",\"item\":\"https:\/\/www.maison-occitane.com\/fr\/shop\/\"},{\"@type\":\"ListItem\",\"position\":3,\"name\":\"Foie gras\",\"item\":\"https:\/\/www.maison-occitane.com\/fr\/boutique\/foie-gras\/\"},{\"@type\":\"ListItem\",\"position\":4,\"name\":\"Foie gras en conserve\",\"item\":\"https:\/\/www.maison-occitane.com\/fr\/boutique\/foie-gras\/foie-gras-en-conserve\/\"},{\"@type\":\"ListItem\",\"position\":5,\"name\":\"FOIE GRAS DE CANARD ENTIER IGP SUD-OUEST BOCAL\"}]},{\"@type\":\"WebSite\",\"@id\":\"https:\/\/www.maison-occitane.com\/fr\/#website\",\"url\":\"https:\/\/www.maison-occitane.com\/fr\/\",\"name\":\"Maison Occitane\",\"description\":\"\",\"potentialAction\":[{\"@type\":\"SearchAction\",\"target\":{\"@type\":\"EntryPoint\",\"urlTemplate\":\"https:\/\/www.maison-occitane.com\/fr\/?s={search_term_string}\"},\"query-input\":{\"@type\":\"PropertyValueSpecification\",\"valueRequired\":true,\"valueName\":\"search_term_string\"}}],\"inLanguage\":\"fr-FR\"}]}<\/script>\n<!-- \/ Yoast SEO plugin. -->","yoast_head_json":{"title":"FOIE GRAS DE CANARD ENTIER IGP SUD-OUEST BOCAL - Maison Occitane","robots":{"index":"index","follow":"follow","max-snippet":"max-snippet:-1","max-image-preview":"max-image-preview:large","max-video-preview":"max-video-preview:-1"},"canonical":"https:\/\/www.maison-occitane.com\/fr\/produit\/foie-gras-de-canard-entier-igp-sud-ouest-bocal\/","og_locale":"fr_FR","og_type":"article","og_title":"FOIE GRAS DE CANARD ENTIER IGP SUD-OUEST BOCAL - Maison Occitane","og_description":"L'incontournable foie gras de canard entier du Sud-Ouest s'invite \u00e0 votre table.\u00a0Ce foie gras vous \u00e9tonnera par son caract\u00e8re typ\u00e9 et go\u00fbteux. Diff\u00e9rents grammages disponibles. Maison Occitane fabricant de foie gras depuis 1975.","og_url":"https:\/\/www.maison-occitane.com\/fr\/produit\/foie-gras-de-canard-entier-igp-sud-ouest-bocal\/","og_site_name":"Maison Occitane","article_modified_time":"2026-04-09T06:41:03+00:00","og_image":[{"width":520,"height":450,"url":"https:\/\/www.maison-occitane.com\/app\/uploads\/2025\/05\/200199_520px.jpg","type":"image\/jpeg"}],"twitter_card":"summary_large_image","twitter_misc":{"Dur\u00e9e de lecture estim\u00e9e":"2 minutes"},"schema":{"@context":"https:\/\/schema.org","@graph":[{"@type":"WebPage","@id":"https:\/\/www.maison-occitane.com\/fr\/produit\/foie-gras-de-canard-entier-igp-sud-ouest-bocal\/","url":"https:\/\/www.maison-occitane.com\/fr\/produit\/foie-gras-de-canard-entier-igp-sud-ouest-bocal\/","name":"FOIE GRAS DE CANARD ENTIER IGP SUD-OUEST BOCAL - Maison Occitane","isPartOf":{"@id":"https:\/\/www.maison-occitane.com\/fr\/#website"},"primaryImageOfPage":{"@id":"https:\/\/www.maison-occitane.com\/fr\/produit\/foie-gras-de-canard-entier-igp-sud-ouest-bocal\/#primaryimage"},"image":{"@id":"https:\/\/www.maison-occitane.com\/fr\/produit\/foie-gras-de-canard-entier-igp-sud-ouest-bocal\/#primaryimage"},"thumbnailUrl":"https:\/\/www.maison-occitane.com\/app\/uploads\/2025\/05\/200199_520px.jpg","datePublished":"2026-03-30T08:57:04+00:00","dateModified":"2026-04-09T06:41:03+00:00","breadcrumb":{"@id":"https:\/\/www.maison-occitane.com\/fr\/produit\/foie-gras-de-canard-entier-igp-sud-ouest-bocal\/#breadcrumb"},"inLanguage":"fr-FR","potentialAction":[{"@type":"ReadAction","target":["https:\/\/www.maison-occitane.com\/fr\/produit\/foie-gras-de-canard-entier-igp-sud-ouest-bocal\/"]}]},{"@type":"ImageObject","inLanguage":"fr-FR","@id":"https:\/\/www.maison-occitane.com\/fr\/produit\/foie-gras-de-canard-entier-igp-sud-ouest-bocal\/#primaryimage","url":"https:\/\/www.maison-occitane.com\/app\/uploads\/2025\/05\/200199_520px.jpg","contentUrl":"https:\/\/www.maison-occitane.com\/app\/uploads\/2025\/05\/200199_520px.jpg","width":520,"height":450,"caption":"Foie Gras de canard entier IGP du Sud-Ouest - 90g"},{"@type":"BreadcrumbList","@id":"https:\/\/www.maison-occitane.com\/fr\/produit\/foie-gras-de-canard-entier-igp-sud-ouest-bocal\/#breadcrumb","itemListElement":[{"@type":"ListItem","position":1,"name":"Accueil","item":"https:\/\/www.maison-occitane.com\/fr\/"},{"@type":"ListItem","position":2,"name":"Produits","item":"https:\/\/www.maison-occitane.com\/fr\/shop\/"},{"@type":"ListItem","position":3,"name":"Foie gras","item":"https:\/\/www.maison-occitane.com\/fr\/boutique\/foie-gras\/"},{"@type":"ListItem","position":4,"name":"Foie gras en conserve","item":"https:\/\/www.maison-occitane.com\/fr\/boutique\/foie-gras\/foie-gras-en-conserve\/"},{"@type":"ListItem","position":5,"name":"FOIE GRAS DE CANARD ENTIER IGP SUD-OUEST BOCAL"}]},{"@type":"WebSite","@id":"https:\/\/www.maison-occitane.com\/fr\/#website","url":"https:\/\/www.maison-occitane.com\/fr\/","name":"Maison Occitane","description":"","potentialAction":[{"@type":"SearchAction","target":{"@type":"EntryPoint","urlTemplate":"https:\/\/www.maison-occitane.com\/fr\/?s={search_term_string}"},"query-input":{"@type":"PropertyValueSpecification","valueRequired":true,"valueName":"search_term_string"}}],"inLanguage":"fr-FR"}]}},"_links":{"self":[{"href":"https:\/\/www.maison-occitane.com\/fr\/wp-json\/wp\/v2\/product\/91474","targetHints":{"allow":["GET"]}}],"collection":[{"href":"https:\/\/www.maison-occitane.com\/fr\/wp-json\/wp\/v2\/product"}],"about":[{"href":"https:\/\/www.maison-occitane.com\/fr\/wp-json\/wp\/v2\/types\/product"}],"replies":[{"embeddable":true,"href":"https:\/\/www.maison-occitane.com\/fr\/wp-json\/wp\/v2\/comments?post=91474"}],"wp:featuredmedia":[{"embeddable":true,"href":"https:\/\/www.maison-occitane.com\/fr\/wp-json\/wp\/v2\/media\/4047"}],"wp:attachment":[{"href":"https:\/\/www.maison-occitane.com\/fr\/wp-json\/wp\/v2\/media?parent=91474"}],"wp:term":[{"taxonomy":"product_cat","embeddable":true,"href":"https:\/\/www.maison-occitane.com\/fr\/wp-json\/wp\/v2\/product_cat?post=91474"},{"taxonomy":"product_tag","embeddable":true,"href":"https:\/\/www.maison-occitane.com\/fr\/wp-json\/wp\/v2\/product_tag?post=91474"},{"taxonomy":"product_origine","embeddable":true,"href":"https:\/\/www.maison-occitane.com\/fr\/wp-json\/wp\/v2\/origines?post=91474"},{"taxonomy":"label_qualite","embeddable":true,"href":"https:\/\/www.maison-occitane.com\/fr\/wp-json\/wp\/v2\/labels-qualite?post=91474"}],"curies":[{"name":"wp","href":"https:\/\/api.w.org\/{rel}","templated":true}]}}