{"id":5491,"date":"2025-07-28T10:00:17","date_gmt":"2025-07-28T08:00:17","guid":{"rendered":"https:\/\/maison-occitane-wordpress.agoravita.app\/?post_type=product&#038;p=5491"},"modified":"2026-04-12T07:52:54","modified_gmt":"2026-04-12T05:52:54","slug":"effiloche-de-boeuf-au-foie-gras","status":"publish","type":"product","link":"https:\/\/www.maison-occitane.com\/fr\/produit\/effiloche-de-boeuf-au-foie-gras\/","title":{"rendered":"EFFILOCHE DE BOEUF AU FOIE GRAS"},"content":{"rendered":"<p>Une recette authentique et g\u00e9n\u00e9reuse, cuisin\u00e9e dans le Sud-Ouest.<\/p>\n<p>Notre Alliance Royale met en avant la simplicit\u00e9 des bonnes choses, celles qui n\u2019ont rien \u00e0 cacher.<\/p>\n<p><strong>La viande de b\u0153uf fran\u00e7aise<\/strong> est mijot\u00e9e lentement avec de l\u2019ail, du thym et du laurier, jusqu\u2019\u00e0 devenir fondante, puis effiloch\u00e9e pour pr\u00e9server toute sa texture. Elle est ensuite sublim\u00e9e par <strong data-start=\"474\" data-end=\"519\">20 % de foie gras de canard<\/strong>, qui lui apporte une touche de douceur et une onctuosit\u00e9 unique.<\/p>\n<p>Une recette authentique et raffin\u00e9e, \u00e9labor\u00e9e avec des <strong data-start=\"650\" data-end=\"671\">\u00e9pices naturelles<\/strong>, <strong data-start=\"673\" data-end=\"691\">sans colorants<\/strong>, <strong data-start=\"693\" data-end=\"710\">sans additifs<\/strong> et <strong data-start=\"714\" data-end=\"736\">sans conservateurs<\/strong>. Rien d\u2019artificiel : juste un concentr\u00e9 de terroir, de go\u00fbt, et de savoir-faire fran\u00e7ais.<\/p>\n","protected":false},"excerpt":{"rendered":"<p><strong data-start=\"596\" data-end=\"633\">L\u2019excellence du terroir en bocal. <\/strong>Alliance Royale, c\u2019est l\u2019union parfaite entre du b\u0153uf mijot\u00e9 et 20 % de foie gras de canard. Notre Alliance Royale r\u00e9v\u00e8le le meilleur du terroir dans une recette 100 % fran\u00e7aise.<\/p>\n","protected":false},"featured_media":5841,"comment_status":"open","ping_status":"closed","template":"","meta":{"_acf_changed":false},"product_cat":[773,784],"product_tag":[],"origines":[798],"labels-qualite":[],"class_list":{"0":"post-5491","1":"product","2":"type-product","3":"status-publish","4":"has-post-thumbnail","6":"product_brand-maison-occitane","7":"product_cat-specialites-du-sud-ouest","8":"product_cat-entrees-du-terroir","9":"product_origine-france","11":"first","12":"instock","13":"taxable","14":"shipping-taxable","15":"purchasable","16":"product-type-simple","17":"add-to-wishlist-before_image"},"acf":[],"yoast_head":"<!-- This site is optimized with the Yoast SEO plugin v24.9 - https:\/\/yoast.com\/wordpress\/plugins\/seo\/ -->\n<title>EFFILOCHE DE BOEUF AU FOIE GRAS - Maison Occitane<\/title>\n<meta name=\"description\" content=\"Alliance Royale : effiloch\u00e9 de b\u0153uf fran\u00e7ais au foie gras de canard (20 %), cuisin\u00e9 dans le Sud-Ouest. Une recette raffin\u00e9e en bocal Le Parfait.\" \/>\n<meta name=\"robots\" content=\"index, follow, max-snippet:-1, max-image-preview:large, max-video-preview:-1\" \/>\n<link rel=\"canonical\" href=\"https:\/\/www.maison-occitane.com\/fr\/produit\/effiloche-de-boeuf-au-foie-gras\/\" \/>\n<meta property=\"og:locale\" content=\"fr_FR\" \/>\n<meta property=\"og:type\" content=\"article\" \/>\n<meta property=\"og:title\" content=\"EFFILOCHE DE BOEUF AU FOIE GRAS - Maison Occitane\" \/>\n<meta property=\"og:description\" content=\"Alliance Royale : effiloch\u00e9 de b\u0153uf fran\u00e7ais au foie gras de canard (20 %), cuisin\u00e9 dans le Sud-Ouest. Une recette raffin\u00e9e en bocal Le Parfait.\" \/>\n<meta property=\"og:url\" content=\"https:\/\/www.maison-occitane.com\/fr\/produit\/effiloche-de-boeuf-au-foie-gras\/\" \/>\n<meta property=\"og:site_name\" content=\"Maison Occitane\" \/>\n<meta property=\"article:modified_time\" content=\"2026-04-12T05:52:54+00:00\" \/>\n<meta property=\"og:image\" content=\"https:\/\/www.maison-occitane.com\/app\/uploads\/2025\/07\/202367_520px.jpg\" \/>\n\t<meta property=\"og:image:width\" content=\"520\" \/>\n\t<meta property=\"og:image:height\" content=\"450\" \/>\n\t<meta property=\"og:image:type\" content=\"image\/jpeg\" \/>\n<meta name=\"twitter:card\" content=\"summary_large_image\" \/>\n<meta name=\"twitter:label1\" content=\"Dur\u00e9e de lecture estim\u00e9e\" \/>\n\t<meta name=\"twitter:data1\" content=\"1 minute\" \/>\n<script type=\"application\/ld+json\" class=\"yoast-schema-graph\">{\"@context\":\"https:\/\/schema.org\",\"@graph\":[{\"@type\":\"WebPage\",\"@id\":\"https:\/\/www.maison-occitane.com\/fr\/produit\/effiloche-de-boeuf-au-foie-gras\/\",\"url\":\"https:\/\/www.maison-occitane.com\/fr\/produit\/effiloche-de-boeuf-au-foie-gras\/\",\"name\":\"EFFILOCHE DE BOEUF AU FOIE GRAS - Maison Occitane\",\"isPartOf\":{\"@id\":\"https:\/\/www.maison-occitane.com\/fr\/#website\"},\"primaryImageOfPage\":{\"@id\":\"https:\/\/www.maison-occitane.com\/fr\/produit\/effiloche-de-boeuf-au-foie-gras\/#primaryimage\"},\"image\":{\"@id\":\"https:\/\/www.maison-occitane.com\/fr\/produit\/effiloche-de-boeuf-au-foie-gras\/#primaryimage\"},\"thumbnailUrl\":\"https:\/\/www.maison-occitane.com\/app\/uploads\/2025\/07\/202367_520px.jpg\",\"datePublished\":\"2025-07-28T08:00:17+00:00\",\"dateModified\":\"2026-04-12T05:52:54+00:00\",\"description\":\"Alliance Royale : effiloch\u00e9 de b\u0153uf fran\u00e7ais au foie gras de canard (20 %), cuisin\u00e9 dans le Sud-Ouest. Une recette raffin\u00e9e en bocal Le Parfait.\",\"breadcrumb\":{\"@id\":\"https:\/\/www.maison-occitane.com\/fr\/produit\/effiloche-de-boeuf-au-foie-gras\/#breadcrumb\"},\"inLanguage\":\"fr-FR\",\"potentialAction\":[{\"@type\":\"ReadAction\",\"target\":[\"https:\/\/www.maison-occitane.com\/fr\/produit\/effiloche-de-boeuf-au-foie-gras\/\"]}]},{\"@type\":\"ImageObject\",\"inLanguage\":\"fr-FR\",\"@id\":\"https:\/\/www.maison-occitane.com\/fr\/produit\/effiloche-de-boeuf-au-foie-gras\/#primaryimage\",\"url\":\"https:\/\/www.maison-occitane.com\/app\/uploads\/2025\/07\/202367_520px.jpg\",\"contentUrl\":\"https:\/\/www.maison-occitane.com\/app\/uploads\/2025\/07\/202367_520px.jpg\",\"width\":520,\"height\":450,\"caption\":\"Effiloch\u00e9 de b\u0153uf au foie gras de canard\"},{\"@type\":\"BreadcrumbList\",\"@id\":\"https:\/\/www.maison-occitane.com\/fr\/produit\/effiloche-de-boeuf-au-foie-gras\/#breadcrumb\",\"itemListElement\":[{\"@type\":\"ListItem\",\"position\":1,\"name\":\"Accueil\",\"item\":\"https:\/\/www.maison-occitane.com\/fr\/\"},{\"@type\":\"ListItem\",\"position\":2,\"name\":\"Produits\",\"item\":\"https:\/\/www.maison-occitane.com\/fr\/shop\/\"},{\"@type\":\"ListItem\",\"position\":3,\"name\":\"Sp\u00e9cialit\u00e9s du Sud-Ouest\",\"item\":\"https:\/\/www.maison-occitane.com\/fr\/boutique\/specialites-du-sud-ouest\/\"},{\"@type\":\"ListItem\",\"position\":4,\"name\":\"Entr\u00e9es du terroir\",\"item\":\"https:\/\/www.maison-occitane.com\/fr\/boutique\/specialites-du-sud-ouest\/entrees-du-terroir\/\"},{\"@type\":\"ListItem\",\"position\":5,\"name\":\"EFFILOCHE DE BOEUF AU FOIE GRAS\"}]},{\"@type\":\"WebSite\",\"@id\":\"https:\/\/www.maison-occitane.com\/fr\/#website\",\"url\":\"https:\/\/www.maison-occitane.com\/fr\/\",\"name\":\"Maison Occitane\",\"description\":\"\",\"potentialAction\":[{\"@type\":\"SearchAction\",\"target\":{\"@type\":\"EntryPoint\",\"urlTemplate\":\"https:\/\/www.maison-occitane.com\/fr\/?s={search_term_string}\"},\"query-input\":{\"@type\":\"PropertyValueSpecification\",\"valueRequired\":true,\"valueName\":\"search_term_string\"}}],\"inLanguage\":\"fr-FR\"}]}<\/script>\n<!-- \/ Yoast SEO plugin. -->","yoast_head_json":{"title":"EFFILOCHE DE BOEUF AU FOIE GRAS - Maison Occitane","description":"Alliance Royale : effiloch\u00e9 de b\u0153uf fran\u00e7ais au foie gras de canard (20 %), cuisin\u00e9 dans le Sud-Ouest. Une recette raffin\u00e9e en bocal Le Parfait.","robots":{"index":"index","follow":"follow","max-snippet":"max-snippet:-1","max-image-preview":"max-image-preview:large","max-video-preview":"max-video-preview:-1"},"canonical":"https:\/\/www.maison-occitane.com\/fr\/produit\/effiloche-de-boeuf-au-foie-gras\/","og_locale":"fr_FR","og_type":"article","og_title":"EFFILOCHE DE BOEUF AU FOIE GRAS - Maison Occitane","og_description":"Alliance Royale : effiloch\u00e9 de b\u0153uf fran\u00e7ais au foie gras de canard (20 %), cuisin\u00e9 dans le Sud-Ouest. Une recette raffin\u00e9e en bocal Le Parfait.","og_url":"https:\/\/www.maison-occitane.com\/fr\/produit\/effiloche-de-boeuf-au-foie-gras\/","og_site_name":"Maison Occitane","article_modified_time":"2026-04-12T05:52:54+00:00","og_image":[{"width":520,"height":450,"url":"https:\/\/www.maison-occitane.com\/app\/uploads\/2025\/07\/202367_520px.jpg","type":"image\/jpeg"}],"twitter_card":"summary_large_image","twitter_misc":{"Dur\u00e9e de lecture estim\u00e9e":"1 minute"},"schema":{"@context":"https:\/\/schema.org","@graph":[{"@type":"WebPage","@id":"https:\/\/www.maison-occitane.com\/fr\/produit\/effiloche-de-boeuf-au-foie-gras\/","url":"https:\/\/www.maison-occitane.com\/fr\/produit\/effiloche-de-boeuf-au-foie-gras\/","name":"EFFILOCHE DE BOEUF AU FOIE GRAS - Maison Occitane","isPartOf":{"@id":"https:\/\/www.maison-occitane.com\/fr\/#website"},"primaryImageOfPage":{"@id":"https:\/\/www.maison-occitane.com\/fr\/produit\/effiloche-de-boeuf-au-foie-gras\/#primaryimage"},"image":{"@id":"https:\/\/www.maison-occitane.com\/fr\/produit\/effiloche-de-boeuf-au-foie-gras\/#primaryimage"},"thumbnailUrl":"https:\/\/www.maison-occitane.com\/app\/uploads\/2025\/07\/202367_520px.jpg","datePublished":"2025-07-28T08:00:17+00:00","dateModified":"2026-04-12T05:52:54+00:00","description":"Alliance Royale : effiloch\u00e9 de b\u0153uf fran\u00e7ais au foie gras de canard (20 %), cuisin\u00e9 dans le Sud-Ouest. Une recette raffin\u00e9e en bocal Le Parfait.","breadcrumb":{"@id":"https:\/\/www.maison-occitane.com\/fr\/produit\/effiloche-de-boeuf-au-foie-gras\/#breadcrumb"},"inLanguage":"fr-FR","potentialAction":[{"@type":"ReadAction","target":["https:\/\/www.maison-occitane.com\/fr\/produit\/effiloche-de-boeuf-au-foie-gras\/"]}]},{"@type":"ImageObject","inLanguage":"fr-FR","@id":"https:\/\/www.maison-occitane.com\/fr\/produit\/effiloche-de-boeuf-au-foie-gras\/#primaryimage","url":"https:\/\/www.maison-occitane.com\/app\/uploads\/2025\/07\/202367_520px.jpg","contentUrl":"https:\/\/www.maison-occitane.com\/app\/uploads\/2025\/07\/202367_520px.jpg","width":520,"height":450,"caption":"Effiloch\u00e9 de b\u0153uf au foie gras de canard"},{"@type":"BreadcrumbList","@id":"https:\/\/www.maison-occitane.com\/fr\/produit\/effiloche-de-boeuf-au-foie-gras\/#breadcrumb","itemListElement":[{"@type":"ListItem","position":1,"name":"Accueil","item":"https:\/\/www.maison-occitane.com\/fr\/"},{"@type":"ListItem","position":2,"name":"Produits","item":"https:\/\/www.maison-occitane.com\/fr\/shop\/"},{"@type":"ListItem","position":3,"name":"Sp\u00e9cialit\u00e9s du Sud-Ouest","item":"https:\/\/www.maison-occitane.com\/fr\/boutique\/specialites-du-sud-ouest\/"},{"@type":"ListItem","position":4,"name":"Entr\u00e9es du terroir","item":"https:\/\/www.maison-occitane.com\/fr\/boutique\/specialites-du-sud-ouest\/entrees-du-terroir\/"},{"@type":"ListItem","position":5,"name":"EFFILOCHE DE BOEUF AU FOIE GRAS"}]},{"@type":"WebSite","@id":"https:\/\/www.maison-occitane.com\/fr\/#website","url":"https:\/\/www.maison-occitane.com\/fr\/","name":"Maison Occitane","description":"","potentialAction":[{"@type":"SearchAction","target":{"@type":"EntryPoint","urlTemplate":"https:\/\/www.maison-occitane.com\/fr\/?s={search_term_string}"},"query-input":{"@type":"PropertyValueSpecification","valueRequired":true,"valueName":"search_term_string"}}],"inLanguage":"fr-FR"}]}},"_links":{"self":[{"href":"https:\/\/www.maison-occitane.com\/fr\/wp-json\/wp\/v2\/product\/5491","targetHints":{"allow":["GET"]}}],"collection":[{"href":"https:\/\/www.maison-occitane.com\/fr\/wp-json\/wp\/v2\/product"}],"about":[{"href":"https:\/\/www.maison-occitane.com\/fr\/wp-json\/wp\/v2\/types\/product"}],"replies":[{"embeddable":true,"href":"https:\/\/www.maison-occitane.com\/fr\/wp-json\/wp\/v2\/comments?post=5491"}],"wp:featuredmedia":[{"embeddable":true,"href":"https:\/\/www.maison-occitane.com\/fr\/wp-json\/wp\/v2\/media\/5841"}],"wp:attachment":[{"href":"https:\/\/www.maison-occitane.com\/fr\/wp-json\/wp\/v2\/media?parent=5491"}],"wp:term":[{"taxonomy":"product_cat","embeddable":true,"href":"https:\/\/www.maison-occitane.com\/fr\/wp-json\/wp\/v2\/product_cat?post=5491"},{"taxonomy":"product_tag","embeddable":true,"href":"https:\/\/www.maison-occitane.com\/fr\/wp-json\/wp\/v2\/product_tag?post=5491"},{"taxonomy":"product_origine","embeddable":true,"href":"https:\/\/www.maison-occitane.com\/fr\/wp-json\/wp\/v2\/origines?post=5491"},{"taxonomy":"label_qualite","embeddable":true,"href":"https:\/\/www.maison-occitane.com\/fr\/wp-json\/wp\/v2\/labels-qualite?post=5491"}],"curies":[{"name":"wp","href":"https:\/\/api.w.org\/{rel}","templated":true}]}}