{"id":5490,"date":"2025-07-28T10:00:17","date_gmt":"2025-07-28T08:00:17","guid":{"rendered":"https:\/\/maison-occitane-wordpress.agoravita.app\/?post_type=product&#038;p=5490"},"modified":"2026-04-23T17:17:58","modified_gmt":"2026-04-23T15:17:58","slug":"coffret-signature-50-ans","status":"publish","type":"product","link":"https:\/\/www.maison-occitane.com\/fr\/produit\/coffret-signature-50-ans\/","title":{"rendered":"COFFRET SIGNATURE 50 ANS"},"content":{"rendered":"<p><strong data-start=\"805\" data-end=\"851\">Coffret Signature 50 ans Maison Occitane<\/strong><\/p>\n<p>Ce coffret a \u00e9t\u00e9 imagin\u00e9 par nos \u00e9quipes \u00e0 l\u2019occasion de nos 50 ans, en hommage \u00e0 notre savoir-faire artisanal ancr\u00e9 \u00e0 Gramat, dans le Lot. \u00c9labor\u00e9 avec exigence et passion, il rassemble le meilleur de notre terroir.<\/p>\n<p>Coffret Maison Occitane 31.5x18x10cm :<\/p>\n<p><strong><a href=\"https:\/\/www.maison-occitane.com\/fr\/produit\/foie-gras-de-canard-entier-igp-sud-ouest\/\">Foie gras de canard entier du Sud-Ouest bocal 130g :<\/a> <\/strong>L\u2019incontournable de notre maison depuis 1975. \u00c9labor\u00e9 \u00e0 partir de canards IGP Sud-Ouest \u00e9lev\u00e9s par nos producteurs, ce foie gras est assaisonn\u00e9 simplement sel, poivre, rien de plus pour r\u00e9v\u00e9ler toute l\u2019intensit\u00e9 et l\u2019onctuosit\u00e9 du produit.<\/p>\n<p><strong>Rillettes pur canard du Sud-Ouest au magret fum\u00e9 bocal 180g : <\/strong>Une recette g\u00e9n\u00e9reuse et raffin\u00e9e, 100 % canard du Sud-Ouest. L\u2019ajout de magret fum\u00e9 apporte une touche gourmande et \u00e9quilibr\u00e9e.<\/p>\n<p><a href=\"https:\/\/www.maison-occitane.com\/fr\/produit\/terrine-quercynoise-verrine\/\"><strong>Terrine Quercynoise bocal 90g :<\/strong><\/a> Un grand classique du Lot, pr\u00e9par\u00e9 sans artifice. Viande de porc fran\u00e7ais, sel, poivre et rien d\u2019autre. Une texture g\u00e9n\u00e9reuse, un go\u00fbt rustique et sinc\u00e8re, fid\u00e8le \u00e0 nos campagnes.<\/p>\n<p><strong>Terrine \u00e0 l&rsquo;Eau de Vie de prunes bocal 90g :<\/strong> Un clin d\u2019\u0153il \u00e0 notre terroir : cette terrine au go\u00fbt d\u00e9licatement fruit\u00e9 m\u00eale tradition et originalit\u00e9. La puissance de l\u2019eau de vie se marie \u00e0 la douceur de la viande pour un \u00e9quilibre subtil.<\/p>\n<p><strong>Terrine de canard au foie gras et vin moelleux bocal 90 \u00e9dition 50ans : <\/strong>Une recette anniversaire en hommage \u00e0 notre histoire. Canard, foie gras et vin moelleux se rencontrent dans une terrine festive et g\u00e9n\u00e9reuse, \u00e0 la texture fondante et au go\u00fbt inimitable.<\/p>\n<p><a href=\"https:\/\/www.maison-occitane.com\/fr\/produit\/confit-de-figues-bocal-100g\/\"><strong>Confit de figues bocal 100g :<\/strong><\/a> La douceur du Sud dans un pot. Figues fondantes, sucre juste dos\u00e9, texture riche : un incontournable pour sublimer foie gras, fromages ou toasts ap\u00e9ritifs.<\/p>\n<p><strong><a href=\"https:\/\/www.maison-occitane.com\/fr\/produit\/cerneaux-de-noix-caramelises-sachet-de-80g\/\">Cerneaux de noix caram\u00e9lis\u00e9s bocal 80g :<\/a> <\/strong>La gourmandise authentique ! Noix du Lot torr\u00e9fi\u00e9es puis enrob\u00e9es de sucre et de miel. Croquants, d\u00e9licats et sans additifs, ces cerneaux se d\u00e9gustent en toute occasion.<\/p>\n","protected":false},"excerpt":{"rendered":"<p>Coffret Signature de nos 50 ans de savoir-faire, reflet de notre ancrage dans le Lot. Compos\u00e9 de produits embl\u00e9matiques du terroir, issus de notre groupement de producteurs. Un coffret direct producteur, \u00e0 l\u2019image de notre maison.<\/p>\n","protected":false},"featured_media":5579,"comment_status":"open","ping_status":"closed","template":"","meta":{"_acf_changed":false},"product_cat":[772],"product_tag":[],"origines":[],"labels-qualite":[],"class_list":{"0":"post-5490","1":"product","2":"type-product","3":"status-publish","4":"has-post-thumbnail","6":"product_brand-maison-occitane","7":"product_cat-coffrets-cadeaux","9":"first","10":"instock","11":"taxable","12":"shipping-taxable","13":"purchasable","14":"product-type-simple","15":"add-to-wishlist-before_image"},"acf":[],"yoast_head":"<!-- This site is optimized with the Yoast SEO plugin v24.9 - https:\/\/yoast.com\/wordpress\/plugins\/seo\/ -->\n<title>Coffret Cadeau Signature 50ans - Maison Occitane<\/title>\n<meta name=\"description\" content=\"Coffret Signature 50 ans : foie gras de canard IGP, rillettes pur canard, terrines du Lot\u2026 Des produits embl\u00e9matiques \u00e9labor\u00e9s \u00e0 Gramat, en direct de nos producteurs. Un concentr\u00e9 de terroir pour les amoureux du go\u00fbt vrai.\" \/>\n<meta name=\"robots\" content=\"index, follow, max-snippet:-1, max-image-preview:large, max-video-preview:-1\" \/>\n<link rel=\"canonical\" href=\"https:\/\/www.maison-occitane.com\/fr\/produit\/coffret-signature-50-ans\/\" \/>\n<meta property=\"og:locale\" content=\"fr_FR\" \/>\n<meta property=\"og:type\" content=\"article\" \/>\n<meta property=\"og:title\" content=\"Coffret Cadeau Signature 50ans - Maison Occitane\" \/>\n<meta property=\"og:description\" content=\"Coffret Signature 50 ans : foie gras de canard IGP, rillettes pur canard, terrines du Lot\u2026 Des produits embl\u00e9matiques \u00e9labor\u00e9s \u00e0 Gramat, en direct de nos producteurs. Un concentr\u00e9 de terroir pour les amoureux du go\u00fbt vrai.\" \/>\n<meta property=\"og:url\" content=\"https:\/\/www.maison-occitane.com\/fr\/produit\/coffret-signature-50-ans\/\" \/>\n<meta property=\"og:site_name\" content=\"Maison Occitane\" \/>\n<meta property=\"article:modified_time\" content=\"2026-04-23T15:17:58+00:00\" \/>\n<meta property=\"og:image\" content=\"https:\/\/www.maison-occitane.com\/app\/uploads\/2025\/07\/202299-Signature_520px.jpg\" \/>\n\t<meta property=\"og:image:width\" content=\"520\" \/>\n\t<meta property=\"og:image:height\" content=\"450\" \/>\n\t<meta property=\"og:image:type\" content=\"image\/jpeg\" \/>\n<meta name=\"twitter:card\" content=\"summary_large_image\" \/>\n<meta name=\"twitter:label1\" content=\"Dur\u00e9e de lecture estim\u00e9e\" \/>\n\t<meta name=\"twitter:data1\" content=\"2 minutes\" \/>\n<script type=\"application\/ld+json\" class=\"yoast-schema-graph\">{\"@context\":\"https:\/\/schema.org\",\"@graph\":[{\"@type\":\"WebPage\",\"@id\":\"https:\/\/www.maison-occitane.com\/fr\/produit\/coffret-signature-50-ans\/\",\"url\":\"https:\/\/www.maison-occitane.com\/fr\/produit\/coffret-signature-50-ans\/\",\"name\":\"Coffret Cadeau Signature 50ans - Maison Occitane\",\"isPartOf\":{\"@id\":\"https:\/\/www.maison-occitane.com\/fr\/#website\"},\"primaryImageOfPage\":{\"@id\":\"https:\/\/www.maison-occitane.com\/fr\/produit\/coffret-signature-50-ans\/#primaryimage\"},\"image\":{\"@id\":\"https:\/\/www.maison-occitane.com\/fr\/produit\/coffret-signature-50-ans\/#primaryimage\"},\"thumbnailUrl\":\"https:\/\/www.maison-occitane.com\/app\/uploads\/2025\/07\/202299-Signature_520px.jpg\",\"datePublished\":\"2025-07-28T08:00:17+00:00\",\"dateModified\":\"2026-04-23T15:17:58+00:00\",\"description\":\"Coffret Signature 50 ans : foie gras de canard IGP, rillettes pur canard, terrines du Lot\u2026 Des produits embl\u00e9matiques \u00e9labor\u00e9s \u00e0 Gramat, en direct de nos producteurs. Un concentr\u00e9 de terroir pour les amoureux du go\u00fbt vrai.\",\"breadcrumb\":{\"@id\":\"https:\/\/www.maison-occitane.com\/fr\/produit\/coffret-signature-50-ans\/#breadcrumb\"},\"inLanguage\":\"fr-FR\",\"potentialAction\":[{\"@type\":\"ReadAction\",\"target\":[\"https:\/\/www.maison-occitane.com\/fr\/produit\/coffret-signature-50-ans\/\"]}]},{\"@type\":\"ImageObject\",\"inLanguage\":\"fr-FR\",\"@id\":\"https:\/\/www.maison-occitane.com\/fr\/produit\/coffret-signature-50-ans\/#primaryimage\",\"url\":\"https:\/\/www.maison-occitane.com\/app\/uploads\/2025\/07\/202299-Signature_520px.jpg\",\"contentUrl\":\"https:\/\/www.maison-occitane.com\/app\/uploads\/2025\/07\/202299-Signature_520px.jpg\",\"width\":520,\"height\":450,\"caption\":\"Coffret signature 50ans Maison Occitane\"},{\"@type\":\"BreadcrumbList\",\"@id\":\"https:\/\/www.maison-occitane.com\/fr\/produit\/coffret-signature-50-ans\/#breadcrumb\",\"itemListElement\":[{\"@type\":\"ListItem\",\"position\":1,\"name\":\"Accueil\",\"item\":\"https:\/\/www.maison-occitane.com\/fr\/\"},{\"@type\":\"ListItem\",\"position\":2,\"name\":\"Produits\",\"item\":\"https:\/\/www.maison-occitane.com\/fr\/shop\/\"},{\"@type\":\"ListItem\",\"position\":3,\"name\":\"Coffrets cadeaux gourmands\",\"item\":\"https:\/\/www.maison-occitane.com\/fr\/boutique\/coffrets-cadeaux\/\"},{\"@type\":\"ListItem\",\"position\":4,\"name\":\"COFFRET SIGNATURE 50 ANS\"}]},{\"@type\":\"WebSite\",\"@id\":\"https:\/\/www.maison-occitane.com\/fr\/#website\",\"url\":\"https:\/\/www.maison-occitane.com\/fr\/\",\"name\":\"Maison Occitane\",\"description\":\"\",\"potentialAction\":[{\"@type\":\"SearchAction\",\"target\":{\"@type\":\"EntryPoint\",\"urlTemplate\":\"https:\/\/www.maison-occitane.com\/fr\/?s={search_term_string}\"},\"query-input\":{\"@type\":\"PropertyValueSpecification\",\"valueRequired\":true,\"valueName\":\"search_term_string\"}}],\"inLanguage\":\"fr-FR\"}]}<\/script>\n<!-- \/ Yoast SEO plugin. -->","yoast_head_json":{"title":"Coffret Cadeau Signature 50ans - Maison Occitane","description":"Coffret Signature 50 ans : foie gras de canard IGP, rillettes pur canard, terrines du Lot\u2026 Des produits embl\u00e9matiques \u00e9labor\u00e9s \u00e0 Gramat, en direct de nos producteurs. Un concentr\u00e9 de terroir pour les amoureux du go\u00fbt vrai.","robots":{"index":"index","follow":"follow","max-snippet":"max-snippet:-1","max-image-preview":"max-image-preview:large","max-video-preview":"max-video-preview:-1"},"canonical":"https:\/\/www.maison-occitane.com\/fr\/produit\/coffret-signature-50-ans\/","og_locale":"fr_FR","og_type":"article","og_title":"Coffret Cadeau Signature 50ans - Maison Occitane","og_description":"Coffret Signature 50 ans : foie gras de canard IGP, rillettes pur canard, terrines du Lot\u2026 Des produits embl\u00e9matiques \u00e9labor\u00e9s \u00e0 Gramat, en direct de nos producteurs. Un concentr\u00e9 de terroir pour les amoureux du go\u00fbt vrai.","og_url":"https:\/\/www.maison-occitane.com\/fr\/produit\/coffret-signature-50-ans\/","og_site_name":"Maison Occitane","article_modified_time":"2026-04-23T15:17:58+00:00","og_image":[{"width":520,"height":450,"url":"https:\/\/www.maison-occitane.com\/app\/uploads\/2025\/07\/202299-Signature_520px.jpg","type":"image\/jpeg"}],"twitter_card":"summary_large_image","twitter_misc":{"Dur\u00e9e de lecture estim\u00e9e":"2 minutes"},"schema":{"@context":"https:\/\/schema.org","@graph":[{"@type":"WebPage","@id":"https:\/\/www.maison-occitane.com\/fr\/produit\/coffret-signature-50-ans\/","url":"https:\/\/www.maison-occitane.com\/fr\/produit\/coffret-signature-50-ans\/","name":"Coffret Cadeau Signature 50ans - Maison Occitane","isPartOf":{"@id":"https:\/\/www.maison-occitane.com\/fr\/#website"},"primaryImageOfPage":{"@id":"https:\/\/www.maison-occitane.com\/fr\/produit\/coffret-signature-50-ans\/#primaryimage"},"image":{"@id":"https:\/\/www.maison-occitane.com\/fr\/produit\/coffret-signature-50-ans\/#primaryimage"},"thumbnailUrl":"https:\/\/www.maison-occitane.com\/app\/uploads\/2025\/07\/202299-Signature_520px.jpg","datePublished":"2025-07-28T08:00:17+00:00","dateModified":"2026-04-23T15:17:58+00:00","description":"Coffret Signature 50 ans : foie gras de canard IGP, rillettes pur canard, terrines du Lot\u2026 Des produits embl\u00e9matiques \u00e9labor\u00e9s \u00e0 Gramat, en direct de nos producteurs. Un concentr\u00e9 de terroir pour les amoureux du go\u00fbt vrai.","breadcrumb":{"@id":"https:\/\/www.maison-occitane.com\/fr\/produit\/coffret-signature-50-ans\/#breadcrumb"},"inLanguage":"fr-FR","potentialAction":[{"@type":"ReadAction","target":["https:\/\/www.maison-occitane.com\/fr\/produit\/coffret-signature-50-ans\/"]}]},{"@type":"ImageObject","inLanguage":"fr-FR","@id":"https:\/\/www.maison-occitane.com\/fr\/produit\/coffret-signature-50-ans\/#primaryimage","url":"https:\/\/www.maison-occitane.com\/app\/uploads\/2025\/07\/202299-Signature_520px.jpg","contentUrl":"https:\/\/www.maison-occitane.com\/app\/uploads\/2025\/07\/202299-Signature_520px.jpg","width":520,"height":450,"caption":"Coffret signature 50ans Maison Occitane"},{"@type":"BreadcrumbList","@id":"https:\/\/www.maison-occitane.com\/fr\/produit\/coffret-signature-50-ans\/#breadcrumb","itemListElement":[{"@type":"ListItem","position":1,"name":"Accueil","item":"https:\/\/www.maison-occitane.com\/fr\/"},{"@type":"ListItem","position":2,"name":"Produits","item":"https:\/\/www.maison-occitane.com\/fr\/shop\/"},{"@type":"ListItem","position":3,"name":"Coffrets cadeaux gourmands","item":"https:\/\/www.maison-occitane.com\/fr\/boutique\/coffrets-cadeaux\/"},{"@type":"ListItem","position":4,"name":"COFFRET SIGNATURE 50 ANS"}]},{"@type":"WebSite","@id":"https:\/\/www.maison-occitane.com\/fr\/#website","url":"https:\/\/www.maison-occitane.com\/fr\/","name":"Maison Occitane","description":"","potentialAction":[{"@type":"SearchAction","target":{"@type":"EntryPoint","urlTemplate":"https:\/\/www.maison-occitane.com\/fr\/?s={search_term_string}"},"query-input":{"@type":"PropertyValueSpecification","valueRequired":true,"valueName":"search_term_string"}}],"inLanguage":"fr-FR"}]}},"_links":{"self":[{"href":"https:\/\/www.maison-occitane.com\/fr\/wp-json\/wp\/v2\/product\/5490","targetHints":{"allow":["GET"]}}],"collection":[{"href":"https:\/\/www.maison-occitane.com\/fr\/wp-json\/wp\/v2\/product"}],"about":[{"href":"https:\/\/www.maison-occitane.com\/fr\/wp-json\/wp\/v2\/types\/product"}],"replies":[{"embeddable":true,"href":"https:\/\/www.maison-occitane.com\/fr\/wp-json\/wp\/v2\/comments?post=5490"}],"wp:featuredmedia":[{"embeddable":true,"href":"https:\/\/www.maison-occitane.com\/fr\/wp-json\/wp\/v2\/media\/5579"}],"wp:attachment":[{"href":"https:\/\/www.maison-occitane.com\/fr\/wp-json\/wp\/v2\/media?parent=5490"}],"wp:term":[{"taxonomy":"product_cat","embeddable":true,"href":"https:\/\/www.maison-occitane.com\/fr\/wp-json\/wp\/v2\/product_cat?post=5490"},{"taxonomy":"product_tag","embeddable":true,"href":"https:\/\/www.maison-occitane.com\/fr\/wp-json\/wp\/v2\/product_tag?post=5490"},{"taxonomy":"product_origine","embeddable":true,"href":"https:\/\/www.maison-occitane.com\/fr\/wp-json\/wp\/v2\/origines?post=5490"},{"taxonomy":"label_qualite","embeddable":true,"href":"https:\/\/www.maison-occitane.com\/fr\/wp-json\/wp\/v2\/labels-qualite?post=5490"}],"curies":[{"name":"wp","href":"https:\/\/api.w.org\/{rel}","templated":true}]}}