{"id":5481,"date":"2025-07-28T10:00:16","date_gmt":"2025-07-28T08:00:16","guid":{"rendered":"https:\/\/maison-occitane-wordpress.agoravita.app\/produit\/cookies-ananas-mandarine-sachet\/"},"modified":"2026-04-03T14:16:48","modified_gmt":"2026-04-03T12:16:48","slug":"cookies-ananas-mandarine-sachet","status":"publish","type":"product","link":"https:\/\/www.maison-occitane.com\/fr\/produit\/cookies-ananas-mandarine-sachet\/","title":{"rendered":"COOKIES ANANAS MANDARINE SACHET"},"content":{"rendered":"<p>Les Cookies Mandarine saveur Ananas sont de d\u00e9licieux biscuits sabl\u00e9s qui associent la douceur de la mandarine \u00e0 une note exotique d\u2019ananas. Ils offrent une texture sabl\u00e9e croquante et une vraie signature fruit\u00e9e. Ces cookies sont fabriqu\u00e9s dans un atelier artisanal dans le Lot(46).<\/p>\n","protected":false},"excerpt":{"rendered":"<p>De petits biscuits sabl\u00e9s aux p\u00e9pites de mandarine et \u00e0 la saveur ananas. Une gourmandise fruit\u00e9e, croquante et d\u00e9licatement parfum\u00e9e, parfaite pour une pause sucr\u00e9e \u00e0 tout moment de la journ\u00e9e.<\/p>\n","protected":false},"featured_media":5799,"comment_status":"open","ping_status":"closed","template":"","meta":{"_acf_changed":false},"product_cat":[775,787],"product_tag":[],"origines":[],"labels-qualite":[],"class_list":{"0":"post-5481","1":"product","2":"type-product","3":"status-publish","4":"has-post-thumbnail","6":"product_brand-selection-gourmande","7":"product_cat-epicerie-fine","8":"product_cat-douceurs-sucrees-et-chocolats","10":"first","11":"instock","12":"taxable","13":"shipping-taxable","14":"purchasable","15":"product-type-variable","16":"add-to-wishlist-before_image"},"acf":[],"yoast_head":"<!-- This site is optimized with the Yoast SEO plugin v24.9 - https:\/\/yoast.com\/wordpress\/plugins\/seo\/ -->\n<title>COOKIES ANANAS MANDARINE SACHET - Maison Occitane<\/title>\n<meta name=\"description\" content=\"Cookies mandarine saveur ananas fabriqu\u00e9s dans le Lot, id\u00e9als avec un caf\u00e9, un th\u00e9 ou en note sucr\u00e9e dans vos coffrets cadeaux.\" \/>\n<meta name=\"robots\" content=\"index, follow, max-snippet:-1, max-image-preview:large, max-video-preview:-1\" \/>\n<link rel=\"canonical\" href=\"https:\/\/www.maison-occitane.com\/fr\/produit\/cookies-ananas-mandarine-sachet\/\" \/>\n<meta property=\"og:locale\" content=\"fr_FR\" \/>\n<meta property=\"og:type\" content=\"article\" \/>\n<meta property=\"og:title\" content=\"COOKIES ANANAS MANDARINE SACHET - Maison Occitane\" \/>\n<meta property=\"og:description\" content=\"Cookies mandarine saveur ananas fabriqu\u00e9s dans le Lot, id\u00e9als avec un caf\u00e9, un th\u00e9 ou en note sucr\u00e9e dans vos coffrets cadeaux.\" \/>\n<meta property=\"og:url\" content=\"https:\/\/www.maison-occitane.com\/fr\/produit\/cookies-ananas-mandarine-sachet\/\" \/>\n<meta property=\"og:site_name\" content=\"Maison Occitane\" \/>\n<meta property=\"article:modified_time\" content=\"2026-04-03T12:16:48+00:00\" \/>\n<meta property=\"og:image\" content=\"https:\/\/www.maison-occitane.com\/app\/uploads\/2025\/07\/202174.jpg\" \/>\n\t<meta property=\"og:image:width\" content=\"520\" \/>\n\t<meta property=\"og:image:height\" content=\"450\" \/>\n\t<meta property=\"og:image:type\" content=\"image\/jpeg\" \/>\n<meta name=\"twitter:card\" content=\"summary_large_image\" \/>\n<meta name=\"twitter:label1\" content=\"Dur\u00e9e de lecture estim\u00e9e\" \/>\n\t<meta name=\"twitter:data1\" content=\"1 minute\" \/>\n<script type=\"application\/ld+json\" class=\"yoast-schema-graph\">{\"@context\":\"https:\/\/schema.org\",\"@graph\":[{\"@type\":\"WebPage\",\"@id\":\"https:\/\/www.maison-occitane.com\/fr\/produit\/cookies-ananas-mandarine-sachet\/\",\"url\":\"https:\/\/www.maison-occitane.com\/fr\/produit\/cookies-ananas-mandarine-sachet\/\",\"name\":\"COOKIES ANANAS MANDARINE SACHET - Maison Occitane\",\"isPartOf\":{\"@id\":\"https:\/\/www.maison-occitane.com\/fr\/#website\"},\"primaryImageOfPage\":{\"@id\":\"https:\/\/www.maison-occitane.com\/fr\/produit\/cookies-ananas-mandarine-sachet\/#primaryimage\"},\"image\":{\"@id\":\"https:\/\/www.maison-occitane.com\/fr\/produit\/cookies-ananas-mandarine-sachet\/#primaryimage\"},\"thumbnailUrl\":\"https:\/\/www.maison-occitane.com\/app\/uploads\/2025\/07\/202174.jpg\",\"datePublished\":\"2025-07-28T08:00:16+00:00\",\"dateModified\":\"2026-04-03T12:16:48+00:00\",\"description\":\"Cookies mandarine saveur ananas fabriqu\u00e9s dans le Lot, id\u00e9als avec un caf\u00e9, un th\u00e9 ou en note sucr\u00e9e dans vos coffrets cadeaux.\",\"breadcrumb\":{\"@id\":\"https:\/\/www.maison-occitane.com\/fr\/produit\/cookies-ananas-mandarine-sachet\/#breadcrumb\"},\"inLanguage\":\"fr-FR\",\"potentialAction\":[{\"@type\":\"ReadAction\",\"target\":[\"https:\/\/www.maison-occitane.com\/fr\/produit\/cookies-ananas-mandarine-sachet\/\"]}]},{\"@type\":\"ImageObject\",\"inLanguage\":\"fr-FR\",\"@id\":\"https:\/\/www.maison-occitane.com\/fr\/produit\/cookies-ananas-mandarine-sachet\/#primaryimage\",\"url\":\"https:\/\/www.maison-occitane.com\/app\/uploads\/2025\/07\/202174.jpg\",\"contentUrl\":\"https:\/\/www.maison-occitane.com\/app\/uploads\/2025\/07\/202174.jpg\",\"width\":520,\"height\":450,\"caption\":\"Sachet de cookies ananas mandarine\"},{\"@type\":\"BreadcrumbList\",\"@id\":\"https:\/\/www.maison-occitane.com\/fr\/produit\/cookies-ananas-mandarine-sachet\/#breadcrumb\",\"itemListElement\":[{\"@type\":\"ListItem\",\"position\":1,\"name\":\"Accueil\",\"item\":\"https:\/\/www.maison-occitane.com\/fr\/\"},{\"@type\":\"ListItem\",\"position\":2,\"name\":\"Produits\",\"item\":\"https:\/\/www.maison-occitane.com\/fr\/shop\/\"},{\"@type\":\"ListItem\",\"position\":3,\"name\":\"\u00c9picerie fine\",\"item\":\"https:\/\/www.maison-occitane.com\/fr\/boutique\/epicerie-fine\/\"},{\"@type\":\"ListItem\",\"position\":4,\"name\":\"Douceurs sucr\u00e9es et chocolats\",\"item\":\"https:\/\/www.maison-occitane.com\/fr\/boutique\/epicerie-fine\/douceurs-sucrees-et-chocolats\/\"},{\"@type\":\"ListItem\",\"position\":5,\"name\":\"COOKIES ANANAS MANDARINE SACHET\"}]},{\"@type\":\"WebSite\",\"@id\":\"https:\/\/www.maison-occitane.com\/fr\/#website\",\"url\":\"https:\/\/www.maison-occitane.com\/fr\/\",\"name\":\"Maison Occitane\",\"description\":\"\",\"potentialAction\":[{\"@type\":\"SearchAction\",\"target\":{\"@type\":\"EntryPoint\",\"urlTemplate\":\"https:\/\/www.maison-occitane.com\/fr\/?s={search_term_string}\"},\"query-input\":{\"@type\":\"PropertyValueSpecification\",\"valueRequired\":true,\"valueName\":\"search_term_string\"}}],\"inLanguage\":\"fr-FR\"}]}<\/script>\n<!-- \/ Yoast SEO plugin. -->","yoast_head_json":{"title":"COOKIES ANANAS MANDARINE SACHET - Maison Occitane","description":"Cookies mandarine saveur ananas fabriqu\u00e9s dans le Lot, id\u00e9als avec un caf\u00e9, un th\u00e9 ou en note sucr\u00e9e dans vos coffrets cadeaux.","robots":{"index":"index","follow":"follow","max-snippet":"max-snippet:-1","max-image-preview":"max-image-preview:large","max-video-preview":"max-video-preview:-1"},"canonical":"https:\/\/www.maison-occitane.com\/fr\/produit\/cookies-ananas-mandarine-sachet\/","og_locale":"fr_FR","og_type":"article","og_title":"COOKIES ANANAS MANDARINE SACHET - Maison Occitane","og_description":"Cookies mandarine saveur ananas fabriqu\u00e9s dans le Lot, id\u00e9als avec un caf\u00e9, un th\u00e9 ou en note sucr\u00e9e dans vos coffrets cadeaux.","og_url":"https:\/\/www.maison-occitane.com\/fr\/produit\/cookies-ananas-mandarine-sachet\/","og_site_name":"Maison Occitane","article_modified_time":"2026-04-03T12:16:48+00:00","og_image":[{"width":520,"height":450,"url":"https:\/\/www.maison-occitane.com\/app\/uploads\/2025\/07\/202174.jpg","type":"image\/jpeg"}],"twitter_card":"summary_large_image","twitter_misc":{"Dur\u00e9e de lecture estim\u00e9e":"1 minute"},"schema":{"@context":"https:\/\/schema.org","@graph":[{"@type":"WebPage","@id":"https:\/\/www.maison-occitane.com\/fr\/produit\/cookies-ananas-mandarine-sachet\/","url":"https:\/\/www.maison-occitane.com\/fr\/produit\/cookies-ananas-mandarine-sachet\/","name":"COOKIES ANANAS MANDARINE SACHET - Maison Occitane","isPartOf":{"@id":"https:\/\/www.maison-occitane.com\/fr\/#website"},"primaryImageOfPage":{"@id":"https:\/\/www.maison-occitane.com\/fr\/produit\/cookies-ananas-mandarine-sachet\/#primaryimage"},"image":{"@id":"https:\/\/www.maison-occitane.com\/fr\/produit\/cookies-ananas-mandarine-sachet\/#primaryimage"},"thumbnailUrl":"https:\/\/www.maison-occitane.com\/app\/uploads\/2025\/07\/202174.jpg","datePublished":"2025-07-28T08:00:16+00:00","dateModified":"2026-04-03T12:16:48+00:00","description":"Cookies mandarine saveur ananas fabriqu\u00e9s dans le Lot, id\u00e9als avec un caf\u00e9, un th\u00e9 ou en note sucr\u00e9e dans vos coffrets cadeaux.","breadcrumb":{"@id":"https:\/\/www.maison-occitane.com\/fr\/produit\/cookies-ananas-mandarine-sachet\/#breadcrumb"},"inLanguage":"fr-FR","potentialAction":[{"@type":"ReadAction","target":["https:\/\/www.maison-occitane.com\/fr\/produit\/cookies-ananas-mandarine-sachet\/"]}]},{"@type":"ImageObject","inLanguage":"fr-FR","@id":"https:\/\/www.maison-occitane.com\/fr\/produit\/cookies-ananas-mandarine-sachet\/#primaryimage","url":"https:\/\/www.maison-occitane.com\/app\/uploads\/2025\/07\/202174.jpg","contentUrl":"https:\/\/www.maison-occitane.com\/app\/uploads\/2025\/07\/202174.jpg","width":520,"height":450,"caption":"Sachet de cookies ananas mandarine"},{"@type":"BreadcrumbList","@id":"https:\/\/www.maison-occitane.com\/fr\/produit\/cookies-ananas-mandarine-sachet\/#breadcrumb","itemListElement":[{"@type":"ListItem","position":1,"name":"Accueil","item":"https:\/\/www.maison-occitane.com\/fr\/"},{"@type":"ListItem","position":2,"name":"Produits","item":"https:\/\/www.maison-occitane.com\/fr\/shop\/"},{"@type":"ListItem","position":3,"name":"\u00c9picerie fine","item":"https:\/\/www.maison-occitane.com\/fr\/boutique\/epicerie-fine\/"},{"@type":"ListItem","position":4,"name":"Douceurs sucr\u00e9es et chocolats","item":"https:\/\/www.maison-occitane.com\/fr\/boutique\/epicerie-fine\/douceurs-sucrees-et-chocolats\/"},{"@type":"ListItem","position":5,"name":"COOKIES ANANAS MANDARINE SACHET"}]},{"@type":"WebSite","@id":"https:\/\/www.maison-occitane.com\/fr\/#website","url":"https:\/\/www.maison-occitane.com\/fr\/","name":"Maison Occitane","description":"","potentialAction":[{"@type":"SearchAction","target":{"@type":"EntryPoint","urlTemplate":"https:\/\/www.maison-occitane.com\/fr\/?s={search_term_string}"},"query-input":{"@type":"PropertyValueSpecification","valueRequired":true,"valueName":"search_term_string"}}],"inLanguage":"fr-FR"}]}},"_links":{"self":[{"href":"https:\/\/www.maison-occitane.com\/fr\/wp-json\/wp\/v2\/product\/5481","targetHints":{"allow":["GET"]}}],"collection":[{"href":"https:\/\/www.maison-occitane.com\/fr\/wp-json\/wp\/v2\/product"}],"about":[{"href":"https:\/\/www.maison-occitane.com\/fr\/wp-json\/wp\/v2\/types\/product"}],"replies":[{"embeddable":true,"href":"https:\/\/www.maison-occitane.com\/fr\/wp-json\/wp\/v2\/comments?post=5481"}],"wp:featuredmedia":[{"embeddable":true,"href":"https:\/\/www.maison-occitane.com\/fr\/wp-json\/wp\/v2\/media\/5799"}],"wp:attachment":[{"href":"https:\/\/www.maison-occitane.com\/fr\/wp-json\/wp\/v2\/media?parent=5481"}],"wp:term":[{"taxonomy":"product_cat","embeddable":true,"href":"https:\/\/www.maison-occitane.com\/fr\/wp-json\/wp\/v2\/product_cat?post=5481"},{"taxonomy":"product_tag","embeddable":true,"href":"https:\/\/www.maison-occitane.com\/fr\/wp-json\/wp\/v2\/product_tag?post=5481"},{"taxonomy":"product_origine","embeddable":true,"href":"https:\/\/www.maison-occitane.com\/fr\/wp-json\/wp\/v2\/origines?post=5481"},{"taxonomy":"label_qualite","embeddable":true,"href":"https:\/\/www.maison-occitane.com\/fr\/wp-json\/wp\/v2\/labels-qualite?post=5481"}],"curies":[{"name":"wp","href":"https:\/\/api.w.org\/{rel}","templated":true}]}}