{"id":5470,"date":"2025-07-28T10:00:15","date_gmt":"2025-07-28T08:00:15","guid":{"rendered":"https:\/\/maison-occitane-wordpress.agoravita.app\/produit\/cracksoc-huile-dolive-et-romarin-boite\/"},"modified":"2026-04-09T15:09:48","modified_gmt":"2026-04-09T13:09:48","slug":"cracksoc-huile-dolive-et-romarin-boite","status":"publish","type":"product","link":"https:\/\/www.maison-occitane.com\/fr\/produit\/cracksoc-huile-dolive-et-romarin-boite\/","title":{"rendered":"CRACKS&rsquo;OC HUILE D&rsquo;OLIVE ET ROMARIN"},"content":{"rendered":"<h4 data-section-id=\"p3afqp\" data-start=\"532\" data-end=\"577\"><strong>CRACKS\u2019OC Huile d\u2019Olive &amp; Romarin 60g<\/strong><\/h4>\n<p data-start=\"579\" data-end=\"823\">Apportez les saveurs du Sud \u00e0 votre ap\u00e9ritif avec les Cracks\u2019Oc huile d\u2019olive &amp; romarin. Ces biscuits sal\u00e9s artisanaux sont \u00e9labor\u00e9s \u00e0 partir de farine de bl\u00e9 d\u2019Occitanie et d\u2019huile d\u2019olive de qualit\u00e9, pour une recette authentique et g\u00e9n\u00e9reuse. D\u00e9licatement parfum\u00e9s au romarin concass\u00e9, ils offrent une note m\u00e9diterran\u00e9enne subtile et ensoleill\u00e9e. Leur texture l\u00e9g\u00e8re, croustillante et a\u00e9r\u00e9e en fait un accompagnement id\u00e9al pour vos tartinables, tapenades, rillettes ou fromages frais.<\/p>\n<p data-start=\"825\" data-end=\"1066\">Ces crackers s\u00e9duisent par leur simplicit\u00e9 et la qualit\u00e9 de leurs ingr\u00e9dients soigneusement s\u00e9lectionn\u00e9s. \u00c0 l\u2019ap\u00e9ritif, en pause gourmande ou pour accompagner un verre de vin, ils apportent caract\u00e8re et convivialit\u00e9 \u00e0 chaque bouch\u00e9e.<\/p>\n","protected":false},"excerpt":{"rendered":"<p>Des crackers artisanaux croustillants \u00e0 l\u2019huile d\u2019olive et au romarin, \u00e9labor\u00e9s avec de la farine de bl\u00e9 d\u2019Occitanie. Une touche ensoleill\u00e9e et pleine de caract\u00e8re pour vos ap\u00e9ritifs.<\/p>\n","protected":false},"featured_media":5756,"comment_status":"open","ping_status":"closed","template":"","meta":{"_acf_changed":false},"product_cat":[775,791],"product_tag":[],"origines":[],"labels-qualite":[],"class_list":{"0":"post-5470","1":"product","2":"type-product","3":"status-publish","4":"has-post-thumbnail","6":"product_cat-epicerie-fine","7":"product_cat-tartinables-et-apero","9":"first","10":"instock","11":"taxable","12":"shipping-taxable","13":"purchasable","14":"product-type-variable","15":"add-to-wishlist-before_image"},"acf":[],"yoast_head":"<!-- This site is optimized with the Yoast SEO plugin v24.9 - https:\/\/yoast.com\/wordpress\/plugins\/seo\/ -->\n<title>CRACKS&#039;OC HUILE D&#039;OLIVE ET ROMARIN - Maison Occitane<\/title>\n<meta name=\"description\" content=\"Cracks\u2019Oc huile d\u2019olive &amp; romarin 60g : crackers artisanaux croustillants \u00e0 la farine d\u2019Occitanie. Saveurs m\u00e9diterran\u00e9ennes id\u00e9ales pour l\u2019ap\u00e9ritif.\" \/>\n<meta name=\"robots\" content=\"index, follow, max-snippet:-1, max-image-preview:large, max-video-preview:-1\" \/>\n<link rel=\"canonical\" href=\"https:\/\/www.maison-occitane.com\/fr\/produit\/cracksoc-huile-dolive-et-romarin-boite\/\" \/>\n<meta property=\"og:locale\" content=\"fr_FR\" \/>\n<meta property=\"og:type\" content=\"article\" \/>\n<meta property=\"og:title\" content=\"CRACKS&#039;OC HUILE D&#039;OLIVE ET ROMARIN - Maison Occitane\" \/>\n<meta property=\"og:description\" content=\"Cracks\u2019Oc huile d\u2019olive &amp; romarin 60g : crackers artisanaux croustillants \u00e0 la farine d\u2019Occitanie. Saveurs m\u00e9diterran\u00e9ennes id\u00e9ales pour l\u2019ap\u00e9ritif.\" \/>\n<meta property=\"og:url\" content=\"https:\/\/www.maison-occitane.com\/fr\/produit\/cracksoc-huile-dolive-et-romarin-boite\/\" \/>\n<meta property=\"og:site_name\" content=\"Maison Occitane\" \/>\n<meta property=\"article:modified_time\" content=\"2026-04-09T13:09:48+00:00\" \/>\n<meta property=\"og:image\" content=\"https:\/\/www.maison-occitane.com\/app\/uploads\/2025\/07\/201767.jpg\" \/>\n\t<meta property=\"og:image:width\" content=\"520\" \/>\n\t<meta property=\"og:image:height\" content=\"450\" \/>\n\t<meta property=\"og:image:type\" content=\"image\/jpeg\" \/>\n<meta name=\"twitter:card\" content=\"summary_large_image\" \/>\n<meta name=\"twitter:label1\" content=\"Dur\u00e9e de lecture estim\u00e9e\" \/>\n\t<meta name=\"twitter:data1\" content=\"1 minute\" \/>\n<script type=\"application\/ld+json\" class=\"yoast-schema-graph\">{\"@context\":\"https:\/\/schema.org\",\"@graph\":[{\"@type\":\"WebPage\",\"@id\":\"https:\/\/www.maison-occitane.com\/fr\/produit\/cracksoc-huile-dolive-et-romarin-boite\/\",\"url\":\"https:\/\/www.maison-occitane.com\/fr\/produit\/cracksoc-huile-dolive-et-romarin-boite\/\",\"name\":\"CRACKS'OC HUILE D'OLIVE ET ROMARIN - Maison Occitane\",\"isPartOf\":{\"@id\":\"https:\/\/www.maison-occitane.com\/fr\/#website\"},\"primaryImageOfPage\":{\"@id\":\"https:\/\/www.maison-occitane.com\/fr\/produit\/cracksoc-huile-dolive-et-romarin-boite\/#primaryimage\"},\"image\":{\"@id\":\"https:\/\/www.maison-occitane.com\/fr\/produit\/cracksoc-huile-dolive-et-romarin-boite\/#primaryimage\"},\"thumbnailUrl\":\"https:\/\/www.maison-occitane.com\/app\/uploads\/2025\/07\/201767.jpg\",\"datePublished\":\"2025-07-28T08:00:15+00:00\",\"dateModified\":\"2026-04-09T13:09:48+00:00\",\"description\":\"Cracks\u2019Oc huile d\u2019olive & romarin 60g : crackers artisanaux croustillants \u00e0 la farine d\u2019Occitanie. Saveurs m\u00e9diterran\u00e9ennes id\u00e9ales pour l\u2019ap\u00e9ritif.\",\"breadcrumb\":{\"@id\":\"https:\/\/www.maison-occitane.com\/fr\/produit\/cracksoc-huile-dolive-et-romarin-boite\/#breadcrumb\"},\"inLanguage\":\"fr-FR\",\"potentialAction\":[{\"@type\":\"ReadAction\",\"target\":[\"https:\/\/www.maison-occitane.com\/fr\/produit\/cracksoc-huile-dolive-et-romarin-boite\/\"]}]},{\"@type\":\"ImageObject\",\"inLanguage\":\"fr-FR\",\"@id\":\"https:\/\/www.maison-occitane.com\/fr\/produit\/cracksoc-huile-dolive-et-romarin-boite\/#primaryimage\",\"url\":\"https:\/\/www.maison-occitane.com\/app\/uploads\/2025\/07\/201767.jpg\",\"contentUrl\":\"https:\/\/www.maison-occitane.com\/app\/uploads\/2025\/07\/201767.jpg\",\"width\":520,\"height\":450,\"caption\":\"Cracks'oc Huile d'olive et Romarin\"},{\"@type\":\"BreadcrumbList\",\"@id\":\"https:\/\/www.maison-occitane.com\/fr\/produit\/cracksoc-huile-dolive-et-romarin-boite\/#breadcrumb\",\"itemListElement\":[{\"@type\":\"ListItem\",\"position\":1,\"name\":\"Accueil\",\"item\":\"https:\/\/www.maison-occitane.com\/fr\/\"},{\"@type\":\"ListItem\",\"position\":2,\"name\":\"Produits\",\"item\":\"https:\/\/www.maison-occitane.com\/fr\/shop\/\"},{\"@type\":\"ListItem\",\"position\":3,\"name\":\"\u00c9picerie fine\",\"item\":\"https:\/\/www.maison-occitane.com\/fr\/boutique\/epicerie-fine\/\"},{\"@type\":\"ListItem\",\"position\":4,\"name\":\"CRACKS&rsquo;OC HUILE D&rsquo;OLIVE ET ROMARIN\"}]},{\"@type\":\"WebSite\",\"@id\":\"https:\/\/www.maison-occitane.com\/fr\/#website\",\"url\":\"https:\/\/www.maison-occitane.com\/fr\/\",\"name\":\"Maison Occitane\",\"description\":\"\",\"potentialAction\":[{\"@type\":\"SearchAction\",\"target\":{\"@type\":\"EntryPoint\",\"urlTemplate\":\"https:\/\/www.maison-occitane.com\/fr\/?s={search_term_string}\"},\"query-input\":{\"@type\":\"PropertyValueSpecification\",\"valueRequired\":true,\"valueName\":\"search_term_string\"}}],\"inLanguage\":\"fr-FR\"}]}<\/script>\n<!-- \/ Yoast SEO plugin. -->","yoast_head_json":{"title":"CRACKS'OC HUILE D'OLIVE ET ROMARIN - Maison Occitane","description":"Cracks\u2019Oc huile d\u2019olive & romarin 60g : crackers artisanaux croustillants \u00e0 la farine d\u2019Occitanie. Saveurs m\u00e9diterran\u00e9ennes id\u00e9ales pour l\u2019ap\u00e9ritif.","robots":{"index":"index","follow":"follow","max-snippet":"max-snippet:-1","max-image-preview":"max-image-preview:large","max-video-preview":"max-video-preview:-1"},"canonical":"https:\/\/www.maison-occitane.com\/fr\/produit\/cracksoc-huile-dolive-et-romarin-boite\/","og_locale":"fr_FR","og_type":"article","og_title":"CRACKS'OC HUILE D'OLIVE ET ROMARIN - Maison Occitane","og_description":"Cracks\u2019Oc huile d\u2019olive & romarin 60g : crackers artisanaux croustillants \u00e0 la farine d\u2019Occitanie. Saveurs m\u00e9diterran\u00e9ennes id\u00e9ales pour l\u2019ap\u00e9ritif.","og_url":"https:\/\/www.maison-occitane.com\/fr\/produit\/cracksoc-huile-dolive-et-romarin-boite\/","og_site_name":"Maison Occitane","article_modified_time":"2026-04-09T13:09:48+00:00","og_image":[{"width":520,"height":450,"url":"https:\/\/www.maison-occitane.com\/app\/uploads\/2025\/07\/201767.jpg","type":"image\/jpeg"}],"twitter_card":"summary_large_image","twitter_misc":{"Dur\u00e9e de lecture estim\u00e9e":"1 minute"},"schema":{"@context":"https:\/\/schema.org","@graph":[{"@type":"WebPage","@id":"https:\/\/www.maison-occitane.com\/fr\/produit\/cracksoc-huile-dolive-et-romarin-boite\/","url":"https:\/\/www.maison-occitane.com\/fr\/produit\/cracksoc-huile-dolive-et-romarin-boite\/","name":"CRACKS'OC HUILE D'OLIVE ET ROMARIN - Maison Occitane","isPartOf":{"@id":"https:\/\/www.maison-occitane.com\/fr\/#website"},"primaryImageOfPage":{"@id":"https:\/\/www.maison-occitane.com\/fr\/produit\/cracksoc-huile-dolive-et-romarin-boite\/#primaryimage"},"image":{"@id":"https:\/\/www.maison-occitane.com\/fr\/produit\/cracksoc-huile-dolive-et-romarin-boite\/#primaryimage"},"thumbnailUrl":"https:\/\/www.maison-occitane.com\/app\/uploads\/2025\/07\/201767.jpg","datePublished":"2025-07-28T08:00:15+00:00","dateModified":"2026-04-09T13:09:48+00:00","description":"Cracks\u2019Oc huile d\u2019olive & romarin 60g : crackers artisanaux croustillants \u00e0 la farine d\u2019Occitanie. Saveurs m\u00e9diterran\u00e9ennes id\u00e9ales pour l\u2019ap\u00e9ritif.","breadcrumb":{"@id":"https:\/\/www.maison-occitane.com\/fr\/produit\/cracksoc-huile-dolive-et-romarin-boite\/#breadcrumb"},"inLanguage":"fr-FR","potentialAction":[{"@type":"ReadAction","target":["https:\/\/www.maison-occitane.com\/fr\/produit\/cracksoc-huile-dolive-et-romarin-boite\/"]}]},{"@type":"ImageObject","inLanguage":"fr-FR","@id":"https:\/\/www.maison-occitane.com\/fr\/produit\/cracksoc-huile-dolive-et-romarin-boite\/#primaryimage","url":"https:\/\/www.maison-occitane.com\/app\/uploads\/2025\/07\/201767.jpg","contentUrl":"https:\/\/www.maison-occitane.com\/app\/uploads\/2025\/07\/201767.jpg","width":520,"height":450,"caption":"Cracks'oc Huile d'olive et Romarin"},{"@type":"BreadcrumbList","@id":"https:\/\/www.maison-occitane.com\/fr\/produit\/cracksoc-huile-dolive-et-romarin-boite\/#breadcrumb","itemListElement":[{"@type":"ListItem","position":1,"name":"Accueil","item":"https:\/\/www.maison-occitane.com\/fr\/"},{"@type":"ListItem","position":2,"name":"Produits","item":"https:\/\/www.maison-occitane.com\/fr\/shop\/"},{"@type":"ListItem","position":3,"name":"\u00c9picerie fine","item":"https:\/\/www.maison-occitane.com\/fr\/boutique\/epicerie-fine\/"},{"@type":"ListItem","position":4,"name":"CRACKS&rsquo;OC HUILE D&rsquo;OLIVE ET ROMARIN"}]},{"@type":"WebSite","@id":"https:\/\/www.maison-occitane.com\/fr\/#website","url":"https:\/\/www.maison-occitane.com\/fr\/","name":"Maison Occitane","description":"","potentialAction":[{"@type":"SearchAction","target":{"@type":"EntryPoint","urlTemplate":"https:\/\/www.maison-occitane.com\/fr\/?s={search_term_string}"},"query-input":{"@type":"PropertyValueSpecification","valueRequired":true,"valueName":"search_term_string"}}],"inLanguage":"fr-FR"}]}},"_links":{"self":[{"href":"https:\/\/www.maison-occitane.com\/fr\/wp-json\/wp\/v2\/product\/5470","targetHints":{"allow":["GET"]}}],"collection":[{"href":"https:\/\/www.maison-occitane.com\/fr\/wp-json\/wp\/v2\/product"}],"about":[{"href":"https:\/\/www.maison-occitane.com\/fr\/wp-json\/wp\/v2\/types\/product"}],"replies":[{"embeddable":true,"href":"https:\/\/www.maison-occitane.com\/fr\/wp-json\/wp\/v2\/comments?post=5470"}],"wp:featuredmedia":[{"embeddable":true,"href":"https:\/\/www.maison-occitane.com\/fr\/wp-json\/wp\/v2\/media\/5756"}],"wp:attachment":[{"href":"https:\/\/www.maison-occitane.com\/fr\/wp-json\/wp\/v2\/media?parent=5470"}],"wp:term":[{"taxonomy":"product_cat","embeddable":true,"href":"https:\/\/www.maison-occitane.com\/fr\/wp-json\/wp\/v2\/product_cat?post=5470"},{"taxonomy":"product_tag","embeddable":true,"href":"https:\/\/www.maison-occitane.com\/fr\/wp-json\/wp\/v2\/product_tag?post=5470"},{"taxonomy":"product_origine","embeddable":true,"href":"https:\/\/www.maison-occitane.com\/fr\/wp-json\/wp\/v2\/origines?post=5470"},{"taxonomy":"label_qualite","embeddable":true,"href":"https:\/\/www.maison-occitane.com\/fr\/wp-json\/wp\/v2\/labels-qualite?post=5470"}],"curies":[{"name":"wp","href":"https:\/\/api.w.org\/{rel}","templated":true}]}}