{"id":5465,"date":"2025-07-28T10:00:14","date_gmt":"2025-07-28T08:00:14","guid":{"rendered":"https:\/\/maison-occitane-wordpress.agoravita.app\/?post_type=product&#038;p=5465"},"modified":"2026-02-26T13:06:19","modified_gmt":"2026-02-26T12:06:19","slug":"biscuits-las-crosetas","status":"publish","type":"product","link":"https:\/\/www.maison-occitane.com\/fr\/produit\/biscuits-las-crosetas\/","title":{"rendered":"BISCUITS LAS CROSETAS"},"content":{"rendered":"<p>Las Crosetas sont de d\u00e9licats <strong>sabl\u00e9s artisanaux<\/strong> en forme de croix occitane, embl\u00e8me fort de la r\u00e9gion. <strong>\u00c9labor\u00e9s au c\u0153ur de l\u2019Aude<\/strong> par Tr\u00e9sors d\u2019Occitanie, entre M\u00e9diterran\u00e9e et Pyr\u00e9n\u00e9es, ces biscuits croustillants mettent \u00e0 l\u2019honneur des ingr\u00e9dients soigneusement s\u00e9lectionn\u00e9s : <strong>farine de bl\u00e9 fran\u00e7aise<\/strong>, amandes croquantes, pignons fondants et un parfum subtil de fleur d\u2019oranger.<\/p>\n<p data-start=\"1205\" data-end=\"1525\">Chaque bouch\u00e9e est une invitation au voyage, entre tradition et raffinement. Ces petits biscuits sucr\u00e9s sont parfaits \u00e0 l&rsquo;heure du th\u00e9, en fin de repas ou lors d\u2019une pause gourmande. \u00c0 offrir ou \u00e0 s\u2019offrir, Las Crosetas s\u2019int\u00e8grent id\u00e9alement dans un coffret cadeau terroir ou une composition sucr\u00e9e haut de gamme.<\/p>\n","protected":false},"excerpt":{"rendered":"<p>Ces biscuits sabl\u00e9s en forme de croix occitane sont parfum\u00e9s \u00e0 la fleur d&rsquo;oranger, aux amandes et aux pignons. Une gourmandise artisanale du Sud, \u00e9l\u00e9gante et pleine de charme.<\/p>\n","protected":false},"featured_media":5816,"comment_status":"open","ping_status":"closed","template":"","meta":{"_acf_changed":false},"product_cat":[775,787],"product_tag":[],"origines":[798],"labels-qualite":[],"class_list":{"0":"post-5465","1":"product","2":"type-product","3":"status-publish","4":"has-post-thumbnail","6":"product_cat-epicerie-fine","7":"product_cat-douceurs-sucrees-et-chocolats","8":"product_origine-france","10":"first","11":"outofstock","12":"taxable","13":"shipping-taxable","14":"purchasable","15":"product-type-simple","16":"add-to-wishlist-before_image"},"acf":[],"yoast_head":"<!-- This site is optimized with the Yoast SEO plugin v24.9 - https:\/\/yoast.com\/wordpress\/plugins\/seo\/ -->\n<title>BISCUITS LAS CROSETAS - Maison Occitane<\/title>\n<meta name=\"description\" content=\"Sabl\u00e9s artisanaux en forme de croix occitane, aux ar\u00f4mes de fleur d&#039;oranger et d&#039;amande. Un biscuit raffin\u00e9 \u00e0 offrir ou \u00e0 savourer.\" \/>\n<meta name=\"robots\" content=\"index, follow, max-snippet:-1, max-image-preview:large, max-video-preview:-1\" \/>\n<link rel=\"canonical\" href=\"https:\/\/www.maison-occitane.com\/fr\/produit\/biscuits-las-crosetas\/\" \/>\n<meta property=\"og:locale\" content=\"fr_FR\" \/>\n<meta property=\"og:type\" content=\"article\" \/>\n<meta property=\"og:title\" content=\"BISCUITS LAS CROSETAS - Maison Occitane\" \/>\n<meta property=\"og:description\" content=\"Sabl\u00e9s artisanaux en forme de croix occitane, aux ar\u00f4mes de fleur d&#039;oranger et d&#039;amande. Un biscuit raffin\u00e9 \u00e0 offrir ou \u00e0 savourer.\" \/>\n<meta property=\"og:url\" content=\"https:\/\/www.maison-occitane.com\/fr\/produit\/biscuits-las-crosetas\/\" \/>\n<meta property=\"og:site_name\" content=\"Maison Occitane\" \/>\n<meta property=\"article:modified_time\" content=\"2026-02-26T12:06:19+00:00\" \/>\n<meta property=\"og:image\" content=\"https:\/\/www.maison-occitane.com\/app\/uploads\/2025\/07\/201373-520px.jpg\" \/>\n\t<meta property=\"og:image:width\" content=\"520\" \/>\n\t<meta property=\"og:image:height\" content=\"450\" \/>\n\t<meta property=\"og:image:type\" content=\"image\/jpeg\" \/>\n<meta name=\"twitter:card\" content=\"summary_large_image\" \/>\n<meta name=\"twitter:label1\" content=\"Dur\u00e9e de lecture estim\u00e9e\" \/>\n\t<meta name=\"twitter:data1\" content=\"1 minute\" \/>\n<script type=\"application\/ld+json\" class=\"yoast-schema-graph\">{\"@context\":\"https:\/\/schema.org\",\"@graph\":[{\"@type\":\"WebPage\",\"@id\":\"https:\/\/www.maison-occitane.com\/fr\/produit\/biscuits-las-crosetas\/\",\"url\":\"https:\/\/www.maison-occitane.com\/fr\/produit\/biscuits-las-crosetas\/\",\"name\":\"BISCUITS LAS CROSETAS - Maison Occitane\",\"isPartOf\":{\"@id\":\"https:\/\/www.maison-occitane.com\/fr\/#website\"},\"primaryImageOfPage\":{\"@id\":\"https:\/\/www.maison-occitane.com\/fr\/produit\/biscuits-las-crosetas\/#primaryimage\"},\"image\":{\"@id\":\"https:\/\/www.maison-occitane.com\/fr\/produit\/biscuits-las-crosetas\/#primaryimage\"},\"thumbnailUrl\":\"https:\/\/www.maison-occitane.com\/app\/uploads\/2025\/07\/201373-520px.jpg\",\"datePublished\":\"2025-07-28T08:00:14+00:00\",\"dateModified\":\"2026-02-26T12:06:19+00:00\",\"description\":\"Sabl\u00e9s artisanaux en forme de croix occitane, aux ar\u00f4mes de fleur d'oranger et d'amande. Un biscuit raffin\u00e9 \u00e0 offrir ou \u00e0 savourer.\",\"breadcrumb\":{\"@id\":\"https:\/\/www.maison-occitane.com\/fr\/produit\/biscuits-las-crosetas\/#breadcrumb\"},\"inLanguage\":\"fr-FR\",\"potentialAction\":[{\"@type\":\"ReadAction\",\"target\":[\"https:\/\/www.maison-occitane.com\/fr\/produit\/biscuits-las-crosetas\/\"]}]},{\"@type\":\"ImageObject\",\"inLanguage\":\"fr-FR\",\"@id\":\"https:\/\/www.maison-occitane.com\/fr\/produit\/biscuits-las-crosetas\/#primaryimage\",\"url\":\"https:\/\/www.maison-occitane.com\/app\/uploads\/2025\/07\/201373-520px.jpg\",\"contentUrl\":\"https:\/\/www.maison-occitane.com\/app\/uploads\/2025\/07\/201373-520px.jpg\",\"width\":520,\"height\":450,\"caption\":\"Biscuits sabl\u00e9s las Crosetas\"},{\"@type\":\"BreadcrumbList\",\"@id\":\"https:\/\/www.maison-occitane.com\/fr\/produit\/biscuits-las-crosetas\/#breadcrumb\",\"itemListElement\":[{\"@type\":\"ListItem\",\"position\":1,\"name\":\"Accueil\",\"item\":\"https:\/\/www.maison-occitane.com\/fr\/\"},{\"@type\":\"ListItem\",\"position\":2,\"name\":\"Produits\",\"item\":\"https:\/\/www.maison-occitane.com\/fr\/shop\/\"},{\"@type\":\"ListItem\",\"position\":3,\"name\":\"\u00c9picerie fine\",\"item\":\"https:\/\/www.maison-occitane.com\/fr\/boutique\/epicerie-fine\/\"},{\"@type\":\"ListItem\",\"position\":4,\"name\":\"Douceurs sucr\u00e9es et chocolats\",\"item\":\"https:\/\/www.maison-occitane.com\/fr\/boutique\/epicerie-fine\/douceurs-sucrees-et-chocolats\/\"},{\"@type\":\"ListItem\",\"position\":5,\"name\":\"BISCUITS LAS CROSETAS\"}]},{\"@type\":\"WebSite\",\"@id\":\"https:\/\/www.maison-occitane.com\/fr\/#website\",\"url\":\"https:\/\/www.maison-occitane.com\/fr\/\",\"name\":\"Maison Occitane\",\"description\":\"\",\"potentialAction\":[{\"@type\":\"SearchAction\",\"target\":{\"@type\":\"EntryPoint\",\"urlTemplate\":\"https:\/\/www.maison-occitane.com\/fr\/?s={search_term_string}\"},\"query-input\":{\"@type\":\"PropertyValueSpecification\",\"valueRequired\":true,\"valueName\":\"search_term_string\"}}],\"inLanguage\":\"fr-FR\"}]}<\/script>\n<!-- \/ Yoast SEO plugin. -->","yoast_head_json":{"title":"BISCUITS LAS CROSETAS - Maison Occitane","description":"Sabl\u00e9s artisanaux en forme de croix occitane, aux ar\u00f4mes de fleur d'oranger et d'amande. Un biscuit raffin\u00e9 \u00e0 offrir ou \u00e0 savourer.","robots":{"index":"index","follow":"follow","max-snippet":"max-snippet:-1","max-image-preview":"max-image-preview:large","max-video-preview":"max-video-preview:-1"},"canonical":"https:\/\/www.maison-occitane.com\/fr\/produit\/biscuits-las-crosetas\/","og_locale":"fr_FR","og_type":"article","og_title":"BISCUITS LAS CROSETAS - Maison Occitane","og_description":"Sabl\u00e9s artisanaux en forme de croix occitane, aux ar\u00f4mes de fleur d'oranger et d'amande. Un biscuit raffin\u00e9 \u00e0 offrir ou \u00e0 savourer.","og_url":"https:\/\/www.maison-occitane.com\/fr\/produit\/biscuits-las-crosetas\/","og_site_name":"Maison Occitane","article_modified_time":"2026-02-26T12:06:19+00:00","og_image":[{"width":520,"height":450,"url":"https:\/\/www.maison-occitane.com\/app\/uploads\/2025\/07\/201373-520px.jpg","type":"image\/jpeg"}],"twitter_card":"summary_large_image","twitter_misc":{"Dur\u00e9e de lecture estim\u00e9e":"1 minute"},"schema":{"@context":"https:\/\/schema.org","@graph":[{"@type":"WebPage","@id":"https:\/\/www.maison-occitane.com\/fr\/produit\/biscuits-las-crosetas\/","url":"https:\/\/www.maison-occitane.com\/fr\/produit\/biscuits-las-crosetas\/","name":"BISCUITS LAS CROSETAS - Maison Occitane","isPartOf":{"@id":"https:\/\/www.maison-occitane.com\/fr\/#website"},"primaryImageOfPage":{"@id":"https:\/\/www.maison-occitane.com\/fr\/produit\/biscuits-las-crosetas\/#primaryimage"},"image":{"@id":"https:\/\/www.maison-occitane.com\/fr\/produit\/biscuits-las-crosetas\/#primaryimage"},"thumbnailUrl":"https:\/\/www.maison-occitane.com\/app\/uploads\/2025\/07\/201373-520px.jpg","datePublished":"2025-07-28T08:00:14+00:00","dateModified":"2026-02-26T12:06:19+00:00","description":"Sabl\u00e9s artisanaux en forme de croix occitane, aux ar\u00f4mes de fleur d'oranger et d'amande. Un biscuit raffin\u00e9 \u00e0 offrir ou \u00e0 savourer.","breadcrumb":{"@id":"https:\/\/www.maison-occitane.com\/fr\/produit\/biscuits-las-crosetas\/#breadcrumb"},"inLanguage":"fr-FR","potentialAction":[{"@type":"ReadAction","target":["https:\/\/www.maison-occitane.com\/fr\/produit\/biscuits-las-crosetas\/"]}]},{"@type":"ImageObject","inLanguage":"fr-FR","@id":"https:\/\/www.maison-occitane.com\/fr\/produit\/biscuits-las-crosetas\/#primaryimage","url":"https:\/\/www.maison-occitane.com\/app\/uploads\/2025\/07\/201373-520px.jpg","contentUrl":"https:\/\/www.maison-occitane.com\/app\/uploads\/2025\/07\/201373-520px.jpg","width":520,"height":450,"caption":"Biscuits sabl\u00e9s las Crosetas"},{"@type":"BreadcrumbList","@id":"https:\/\/www.maison-occitane.com\/fr\/produit\/biscuits-las-crosetas\/#breadcrumb","itemListElement":[{"@type":"ListItem","position":1,"name":"Accueil","item":"https:\/\/www.maison-occitane.com\/fr\/"},{"@type":"ListItem","position":2,"name":"Produits","item":"https:\/\/www.maison-occitane.com\/fr\/shop\/"},{"@type":"ListItem","position":3,"name":"\u00c9picerie fine","item":"https:\/\/www.maison-occitane.com\/fr\/boutique\/epicerie-fine\/"},{"@type":"ListItem","position":4,"name":"Douceurs sucr\u00e9es et chocolats","item":"https:\/\/www.maison-occitane.com\/fr\/boutique\/epicerie-fine\/douceurs-sucrees-et-chocolats\/"},{"@type":"ListItem","position":5,"name":"BISCUITS LAS CROSETAS"}]},{"@type":"WebSite","@id":"https:\/\/www.maison-occitane.com\/fr\/#website","url":"https:\/\/www.maison-occitane.com\/fr\/","name":"Maison Occitane","description":"","potentialAction":[{"@type":"SearchAction","target":{"@type":"EntryPoint","urlTemplate":"https:\/\/www.maison-occitane.com\/fr\/?s={search_term_string}"},"query-input":{"@type":"PropertyValueSpecification","valueRequired":true,"valueName":"search_term_string"}}],"inLanguage":"fr-FR"}]}},"_links":{"self":[{"href":"https:\/\/www.maison-occitane.com\/fr\/wp-json\/wp\/v2\/product\/5465","targetHints":{"allow":["GET"]}}],"collection":[{"href":"https:\/\/www.maison-occitane.com\/fr\/wp-json\/wp\/v2\/product"}],"about":[{"href":"https:\/\/www.maison-occitane.com\/fr\/wp-json\/wp\/v2\/types\/product"}],"replies":[{"embeddable":true,"href":"https:\/\/www.maison-occitane.com\/fr\/wp-json\/wp\/v2\/comments?post=5465"}],"wp:featuredmedia":[{"embeddable":true,"href":"https:\/\/www.maison-occitane.com\/fr\/wp-json\/wp\/v2\/media\/5816"}],"wp:attachment":[{"href":"https:\/\/www.maison-occitane.com\/fr\/wp-json\/wp\/v2\/media?parent=5465"}],"wp:term":[{"taxonomy":"product_cat","embeddable":true,"href":"https:\/\/www.maison-occitane.com\/fr\/wp-json\/wp\/v2\/product_cat?post=5465"},{"taxonomy":"product_tag","embeddable":true,"href":"https:\/\/www.maison-occitane.com\/fr\/wp-json\/wp\/v2\/product_tag?post=5465"},{"taxonomy":"product_origine","embeddable":true,"href":"https:\/\/www.maison-occitane.com\/fr\/wp-json\/wp\/v2\/origines?post=5465"},{"taxonomy":"label_qualite","embeddable":true,"href":"https:\/\/www.maison-occitane.com\/fr\/wp-json\/wp\/v2\/labels-qualite?post=5465"}],"curies":[{"name":"wp","href":"https:\/\/api.w.org\/{rel}","templated":true}]}}