{"id":5165,"date":"2025-07-22T13:55:19","date_gmt":"2025-07-22T11:55:19","guid":{"rendered":"https:\/\/maison-occitane-wordpress.agoravita.app\/?post_type=product&#038;p=5165"},"modified":"2026-03-27T00:00:04","modified_gmt":"2026-03-26T23:00:04","slug":"tresor-du-quercy","status":"publish","type":"product","link":"https:\/\/www.maison-occitane.com\/fr\/produit\/tresor-du-quercy\/","title":{"rendered":"TRESOR DU QUERCY"},"content":{"rendered":"<p>Offrez un v\u00e9ritable moment de plaisir avec ce <strong data-start=\"194\" data-end=\"212\">coffret cadeau<\/strong> \u00e9l\u00e9gant. Pens\u00e9 comme un <strong data-start=\"319\" data-end=\"342\">colis gastronomique<\/strong> d\u2019exception, il r\u00e9unit tout le savoir-faire culinaire de la maison occitane. L\u2019essentiel de notre terroir est r\u00e9uni dans cette jolie valisette qui met en valeurs nos produits.<\/p>\n<p>Coffret carton simili cuir maison occitane 6&#215;24,5&#215;11,5cm comprenant<\/p>\n<ul>\n<li>1 Foie gras de canard entier IGP du Sud-Ouest au Poivre du Penja bocal 180g<\/li>\n<li>1 Terrine de canard au foie gras et vin moelleux bocal 180g Sp\u00e9cial 50 ans<\/li>\n<li>1 Grattons de canard \u00e0 l\u2019\u00e9chalote bocal 180g<\/li>\n<li>1 Confit de canard du Sud-Ouest 2 cuisses bo\u00eete 760g<\/li>\n<li>1 Torsade nature et c\u00e8pes bo\u00eete 125g<\/li>\n<li>1 Biscuits \u00e0 l\u2019ail noir sachet 20g<\/li>\n<li>1 Confit d\u2019Oignons bocal 100g<\/li>\n<\/ul>\n","protected":false},"excerpt":{"rendered":"<p>Un coffret raffin\u00e9 qui met \u00e0 l\u2019honneur l\u2019authenticit\u00e9 et la g\u00e9n\u00e9rosit\u00e9 de la gastronomie de notre terroir. Entre caract\u00e8re, tradition et finesse, il offre une exp\u00e9rience culinaire chaleureuse et gourmande, id\u00e9ale pour offrir ou se faire plaisir.<\/p>\n","protected":false},"featured_media":72803,"comment_status":"open","ping_status":"closed","template":"","meta":{"_acf_changed":false},"product_cat":[772],"product_tag":[],"origines":[],"labels-qualite":[],"class_list":{"0":"post-5165","1":"product","2":"type-product","3":"status-publish","4":"has-post-thumbnail","6":"product_cat-coffrets-cadeaux","8":"first","9":"instock","10":"taxable","11":"shipping-taxable","12":"purchasable","13":"product-type-simple","14":"add-to-wishlist-before_image"},"acf":[],"yoast_head":"<!-- This site is optimized with the Yoast SEO plugin v24.9 - https:\/\/yoast.com\/wordpress\/plugins\/seo\/ -->\n<title>TRESOR DU QUERCY - Maison Occitane<\/title>\n<meta name=\"description\" content=\"Coffret cadeau gastronomique du terroir r\u00e9unissant foie gras, confit, sp\u00e9cialit\u00e9s de canard et de d\u00e9licates gourmandises dans une \u00e9l\u00e9gante valisette. Un tr\u00e9sor du quercy.\" \/>\n<meta name=\"robots\" content=\"index, follow, max-snippet:-1, max-image-preview:large, max-video-preview:-1\" \/>\n<link rel=\"canonical\" href=\"https:\/\/www.maison-occitane.com\/fr\/produit\/tresor-du-quercy\/\" \/>\n<meta property=\"og:locale\" content=\"fr_FR\" \/>\n<meta property=\"og:type\" content=\"article\" \/>\n<meta property=\"og:title\" content=\"TRESOR DU QUERCY - Maison Occitane\" \/>\n<meta property=\"og:description\" content=\"Coffret cadeau gastronomique du terroir r\u00e9unissant foie gras, confit, sp\u00e9cialit\u00e9s de canard et de d\u00e9licates gourmandises dans une \u00e9l\u00e9gante valisette. Un tr\u00e9sor du quercy.\" \/>\n<meta property=\"og:url\" content=\"https:\/\/www.maison-occitane.com\/fr\/produit\/tresor-du-quercy\/\" \/>\n<meta property=\"og:site_name\" content=\"Maison Occitane\" \/>\n<meta property=\"article:modified_time\" content=\"2026-03-26T23:00:04+00:00\" \/>\n<meta property=\"og:image\" content=\"https:\/\/www.maison-occitane.com\/app\/uploads\/2025\/07\/202301-tresor-du-quercy-Noel_520px.jpg\" \/>\n\t<meta property=\"og:image:width\" content=\"520\" \/>\n\t<meta property=\"og:image:height\" content=\"450\" \/>\n\t<meta property=\"og:image:type\" content=\"image\/jpeg\" \/>\n<meta name=\"twitter:card\" content=\"summary_large_image\" \/>\n<meta name=\"twitter:label1\" content=\"Dur\u00e9e de lecture estim\u00e9e\" \/>\n\t<meta name=\"twitter:data1\" content=\"1 minute\" \/>\n<script type=\"application\/ld+json\" class=\"yoast-schema-graph\">{\"@context\":\"https:\/\/schema.org\",\"@graph\":[{\"@type\":\"WebPage\",\"@id\":\"https:\/\/www.maison-occitane.com\/fr\/produit\/tresor-du-quercy\/\",\"url\":\"https:\/\/www.maison-occitane.com\/fr\/produit\/tresor-du-quercy\/\",\"name\":\"TRESOR DU QUERCY - Maison Occitane\",\"isPartOf\":{\"@id\":\"https:\/\/www.maison-occitane.com\/fr\/#website\"},\"primaryImageOfPage\":{\"@id\":\"https:\/\/www.maison-occitane.com\/fr\/produit\/tresor-du-quercy\/#primaryimage\"},\"image\":{\"@id\":\"https:\/\/www.maison-occitane.com\/fr\/produit\/tresor-du-quercy\/#primaryimage\"},\"thumbnailUrl\":\"https:\/\/www.maison-occitane.com\/app\/uploads\/2025\/07\/202301-tresor-du-quercy-Noel_520px.jpg\",\"datePublished\":\"2025-07-22T11:55:19+00:00\",\"dateModified\":\"2026-03-26T23:00:04+00:00\",\"description\":\"Coffret cadeau gastronomique du terroir r\u00e9unissant foie gras, confit, sp\u00e9cialit\u00e9s de canard et de d\u00e9licates gourmandises dans une \u00e9l\u00e9gante valisette. Un tr\u00e9sor du quercy.\",\"breadcrumb\":{\"@id\":\"https:\/\/www.maison-occitane.com\/fr\/produit\/tresor-du-quercy\/#breadcrumb\"},\"inLanguage\":\"fr-FR\",\"potentialAction\":[{\"@type\":\"ReadAction\",\"target\":[\"https:\/\/www.maison-occitane.com\/fr\/produit\/tresor-du-quercy\/\"]}]},{\"@type\":\"ImageObject\",\"inLanguage\":\"fr-FR\",\"@id\":\"https:\/\/www.maison-occitane.com\/fr\/produit\/tresor-du-quercy\/#primaryimage\",\"url\":\"https:\/\/www.maison-occitane.com\/app\/uploads\/2025\/07\/202301-tresor-du-quercy-Noel_520px.jpg\",\"contentUrl\":\"https:\/\/www.maison-occitane.com\/app\/uploads\/2025\/07\/202301-tresor-du-quercy-Noel_520px.jpg\",\"width\":520,\"height\":450},{\"@type\":\"BreadcrumbList\",\"@id\":\"https:\/\/www.maison-occitane.com\/fr\/produit\/tresor-du-quercy\/#breadcrumb\",\"itemListElement\":[{\"@type\":\"ListItem\",\"position\":1,\"name\":\"Accueil\",\"item\":\"https:\/\/www.maison-occitane.com\/fr\/\"},{\"@type\":\"ListItem\",\"position\":2,\"name\":\"Produits\",\"item\":\"https:\/\/www.maison-occitane.com\/fr\/shop\/\"},{\"@type\":\"ListItem\",\"position\":3,\"name\":\"Coffrets cadeaux gourmands\",\"item\":\"https:\/\/www.maison-occitane.com\/fr\/boutique\/coffrets-cadeaux\/\"},{\"@type\":\"ListItem\",\"position\":4,\"name\":\"TRESOR DU QUERCY\"}]},{\"@type\":\"WebSite\",\"@id\":\"https:\/\/www.maison-occitane.com\/fr\/#website\",\"url\":\"https:\/\/www.maison-occitane.com\/fr\/\",\"name\":\"Maison Occitane\",\"description\":\"\",\"potentialAction\":[{\"@type\":\"SearchAction\",\"target\":{\"@type\":\"EntryPoint\",\"urlTemplate\":\"https:\/\/www.maison-occitane.com\/fr\/?s={search_term_string}\"},\"query-input\":{\"@type\":\"PropertyValueSpecification\",\"valueRequired\":true,\"valueName\":\"search_term_string\"}}],\"inLanguage\":\"fr-FR\"}]}<\/script>\n<!-- \/ Yoast SEO plugin. -->","yoast_head_json":{"title":"TRESOR DU QUERCY - Maison Occitane","description":"Coffret cadeau gastronomique du terroir r\u00e9unissant foie gras, confit, sp\u00e9cialit\u00e9s de canard et de d\u00e9licates gourmandises dans une \u00e9l\u00e9gante valisette. Un tr\u00e9sor du quercy.","robots":{"index":"index","follow":"follow","max-snippet":"max-snippet:-1","max-image-preview":"max-image-preview:large","max-video-preview":"max-video-preview:-1"},"canonical":"https:\/\/www.maison-occitane.com\/fr\/produit\/tresor-du-quercy\/","og_locale":"fr_FR","og_type":"article","og_title":"TRESOR DU QUERCY - Maison Occitane","og_description":"Coffret cadeau gastronomique du terroir r\u00e9unissant foie gras, confit, sp\u00e9cialit\u00e9s de canard et de d\u00e9licates gourmandises dans une \u00e9l\u00e9gante valisette. Un tr\u00e9sor du quercy.","og_url":"https:\/\/www.maison-occitane.com\/fr\/produit\/tresor-du-quercy\/","og_site_name":"Maison Occitane","article_modified_time":"2026-03-26T23:00:04+00:00","og_image":[{"width":520,"height":450,"url":"https:\/\/www.maison-occitane.com\/app\/uploads\/2025\/07\/202301-tresor-du-quercy-Noel_520px.jpg","type":"image\/jpeg"}],"twitter_card":"summary_large_image","twitter_misc":{"Dur\u00e9e de lecture estim\u00e9e":"1 minute"},"schema":{"@context":"https:\/\/schema.org","@graph":[{"@type":"WebPage","@id":"https:\/\/www.maison-occitane.com\/fr\/produit\/tresor-du-quercy\/","url":"https:\/\/www.maison-occitane.com\/fr\/produit\/tresor-du-quercy\/","name":"TRESOR DU QUERCY - Maison Occitane","isPartOf":{"@id":"https:\/\/www.maison-occitane.com\/fr\/#website"},"primaryImageOfPage":{"@id":"https:\/\/www.maison-occitane.com\/fr\/produit\/tresor-du-quercy\/#primaryimage"},"image":{"@id":"https:\/\/www.maison-occitane.com\/fr\/produit\/tresor-du-quercy\/#primaryimage"},"thumbnailUrl":"https:\/\/www.maison-occitane.com\/app\/uploads\/2025\/07\/202301-tresor-du-quercy-Noel_520px.jpg","datePublished":"2025-07-22T11:55:19+00:00","dateModified":"2026-03-26T23:00:04+00:00","description":"Coffret cadeau gastronomique du terroir r\u00e9unissant foie gras, confit, sp\u00e9cialit\u00e9s de canard et de d\u00e9licates gourmandises dans une \u00e9l\u00e9gante valisette. Un tr\u00e9sor du quercy.","breadcrumb":{"@id":"https:\/\/www.maison-occitane.com\/fr\/produit\/tresor-du-quercy\/#breadcrumb"},"inLanguage":"fr-FR","potentialAction":[{"@type":"ReadAction","target":["https:\/\/www.maison-occitane.com\/fr\/produit\/tresor-du-quercy\/"]}]},{"@type":"ImageObject","inLanguage":"fr-FR","@id":"https:\/\/www.maison-occitane.com\/fr\/produit\/tresor-du-quercy\/#primaryimage","url":"https:\/\/www.maison-occitane.com\/app\/uploads\/2025\/07\/202301-tresor-du-quercy-Noel_520px.jpg","contentUrl":"https:\/\/www.maison-occitane.com\/app\/uploads\/2025\/07\/202301-tresor-du-quercy-Noel_520px.jpg","width":520,"height":450},{"@type":"BreadcrumbList","@id":"https:\/\/www.maison-occitane.com\/fr\/produit\/tresor-du-quercy\/#breadcrumb","itemListElement":[{"@type":"ListItem","position":1,"name":"Accueil","item":"https:\/\/www.maison-occitane.com\/fr\/"},{"@type":"ListItem","position":2,"name":"Produits","item":"https:\/\/www.maison-occitane.com\/fr\/shop\/"},{"@type":"ListItem","position":3,"name":"Coffrets cadeaux gourmands","item":"https:\/\/www.maison-occitane.com\/fr\/boutique\/coffrets-cadeaux\/"},{"@type":"ListItem","position":4,"name":"TRESOR DU QUERCY"}]},{"@type":"WebSite","@id":"https:\/\/www.maison-occitane.com\/fr\/#website","url":"https:\/\/www.maison-occitane.com\/fr\/","name":"Maison Occitane","description":"","potentialAction":[{"@type":"SearchAction","target":{"@type":"EntryPoint","urlTemplate":"https:\/\/www.maison-occitane.com\/fr\/?s={search_term_string}"},"query-input":{"@type":"PropertyValueSpecification","valueRequired":true,"valueName":"search_term_string"}}],"inLanguage":"fr-FR"}]}},"_links":{"self":[{"href":"https:\/\/www.maison-occitane.com\/fr\/wp-json\/wp\/v2\/product\/5165","targetHints":{"allow":["GET"]}}],"collection":[{"href":"https:\/\/www.maison-occitane.com\/fr\/wp-json\/wp\/v2\/product"}],"about":[{"href":"https:\/\/www.maison-occitane.com\/fr\/wp-json\/wp\/v2\/types\/product"}],"replies":[{"embeddable":true,"href":"https:\/\/www.maison-occitane.com\/fr\/wp-json\/wp\/v2\/comments?post=5165"}],"wp:featuredmedia":[{"embeddable":true,"href":"https:\/\/www.maison-occitane.com\/fr\/wp-json\/wp\/v2\/media\/72803"}],"wp:attachment":[{"href":"https:\/\/www.maison-occitane.com\/fr\/wp-json\/wp\/v2\/media?parent=5165"}],"wp:term":[{"taxonomy":"product_cat","embeddable":true,"href":"https:\/\/www.maison-occitane.com\/fr\/wp-json\/wp\/v2\/product_cat?post=5165"},{"taxonomy":"product_tag","embeddable":true,"href":"https:\/\/www.maison-occitane.com\/fr\/wp-json\/wp\/v2\/product_tag?post=5165"},{"taxonomy":"product_origine","embeddable":true,"href":"https:\/\/www.maison-occitane.com\/fr\/wp-json\/wp\/v2\/origines?post=5165"},{"taxonomy":"label_qualite","embeddable":true,"href":"https:\/\/www.maison-occitane.com\/fr\/wp-json\/wp\/v2\/labels-qualite?post=5165"}],"curies":[{"name":"wp","href":"https:\/\/api.w.org\/{rel}","templated":true}]}}