{"id":5164,"date":"2025-07-22T13:55:19","date_gmt":"2025-07-22T11:55:19","guid":{"rendered":"https:\/\/maison-occitane-wordpress.agoravita.app\/?post_type=product&#038;p=5164"},"modified":"2026-03-27T00:00:04","modified_gmt":"2026-03-26T23:00:04","slug":"lapero-canard-and-co","status":"publish","type":"product","link":"https:\/\/www.maison-occitane.com\/fr\/produit\/lapero-canard-and-co\/","title":{"rendered":"L&rsquo;APERO CANARD AND CO"},"content":{"rendered":"<p><strong>Un Ap\u00e9ro Canard et ses gourmandises<\/strong><\/p>\n<p>Coffret Maison Occitane 31.5x18x10cm comprenant :<\/p>\n<p><strong>Bloc de Foie gras de canard France bocal 40g :<\/strong> Pr\u00e9par\u00e9 \u00e0 partir de foie gras de canard issu de notre groupement de producteurs, ce bloc \u00e0 la texture fondante et au go\u00fbt raffin\u00e9 est id\u00e9al \u00e0 l\u2019ap\u00e9ritif ou en entr\u00e9e. \u00c0 servir sur toast, accompagn\u00e9 d\u2019un chutney ou d\u2019une confiture, et d\u2019un vin blanc moelleux. Une portion individuelle parfaite pour un instant gourmet.<\/p>\n<p><a href=\"https:\/\/www.maison-occitane.com\/fr\/produit\/delice-de-meme-lulu-a-lail-rose-verrine\/\"><strong>D\u00e9lice de M\u00e9m\u00e9 Lulu \u00e0 l&rsquo;Ail rose bocal 180g :<\/strong><\/a> Elabor\u00e9e \u00e0 partir de viande de porc fran\u00e7aise, relev\u00e9e avec subtilit\u00e9 par le c\u00e9l\u00e8bre ail rose sans colorant ni conservateur. Pr\u00e9par\u00e9e dans notre atelier \u00e0 Gramat, cette sp\u00e9cialit\u00e9 rustique et parfum\u00e9e ravira les amateurs d\u2019authenticit\u00e9.<\/p>\n<p><a href=\"https:\/\/www.maison-occitane.com\/fr\/produit\/pate-au-foie-canard-du-sud-ouest-20-foie-gras-boite-130g\/\"><strong>P\u00e2t\u00e9 au Foie gras de canard du Sud-Ouest 20 % bo\u00eete 130g : <\/strong><\/a>Un p\u00e2t\u00e9 de caract\u00e8re alliant la douceur du foie gras de canard (20 %) \u00e0 une chair de porc 100 % fran\u00e7aise. \u00c9labor\u00e9 sans additifs, ce p\u00e2t\u00e9 onctueux ce savoure sur toast ou en entr\u00e9e.<\/p>\n<p><strong><a href=\"https:\/\/www.maison-occitane.com\/fr\/produit\/rillettes-pur-canard-sud-ouest-verrine\/\">Rillettes pur canard du Sud-Ouest bocal 90g :<\/a> <\/strong>Recette embl\u00e9matique du Sud-Ouest, nos rillettes sont pr\u00e9par\u00e9es \u00e0 partir de viande de canard gras confite dans sa graisse. Un \u00e9quilibre parfait entre fondant, go\u00fbt franc et texture rustique. Id\u00e9ales pour un ap\u00e9ritif ou un pique-nique g\u00e9n\u00e9reux et convivial.<\/p>\n<p><a href=\"https:\/\/www.maison-occitane.com\/fr\/produit\/terrine-de-porc-au-magret-de-canard-fume-verrine\/\"><strong>Terrine de magret de canard fum\u00e9 bocal 90g<\/strong> :<\/a> Alliance entre viande de porc fran\u00e7aise et magret de canard fum\u00e9. Notre terrine vous\u00a0 s\u00e9duira par son fondant et son caract\u00e8re. La cuisson lente et l\u2019assaisonnement subtil r\u00e9v\u00e8lent toute la richesse des saveurs, et relev\u00e9es par la finesse fum\u00e9e du magret. Une recette typique de notre terroir.<\/p>\n<p><strong>Tartinade de courgettes \u00e0 la truffe d&rsquo;\u00e9t\u00e9 bocal 90g : <\/strong>Courgettes grill\u00e9es et truffe d\u2019\u00e9t\u00e9 s\u2019unissent dans cette recette raffin\u00e9e et v\u00e9g\u00e9tale. Cette tartinade pr\u00eate \u00e0 l\u2019emploi est id\u00e9ale sur des toasts \u00e0 l\u2019ap\u00e9ritif ou en entr\u00e9e froide. Elle offre une alternative gourmande aux classiques tartinables.<\/p>\n<p><strong>D\u00e9lice cr\u00e9meux au Rocamadour et piment d&rsquo;Espelette bocal 80g : <\/strong>Cette pr\u00e9paration cr\u00e9meuse associe la douceur du fromage Rocamadour, de la cr\u00e8me relev\u00e9e d&rsquo;une pointe de piment d\u2019Espelette. Une recette pr\u00eate \u00e0 l\u2019emploi, id\u00e9ale \u00e0 l\u2019ap\u00e9ritif : \u00e0 d\u00e9guster froide sur des toasts ou chaude en nappage sur des pommes de terre. Une tartinade originale et savoureuse \u00e0 glisser sur toutes vos planches gourmandes.<\/p>\n<p><strong>Cracks&rsquo;oc huile d&rsquo;olive et romarin sachet 60g : <\/strong>\u00c9labor\u00e9s \u00e0 Narbonne, ces petits crackers croquants et dor\u00e9s, d\u00e9licatement parfum\u00e9s \u00e0 l\u2019huile d\u2019olive et au romarin. Compagnons parfaits pour vos ap\u00e9ros.<\/p>\n","protected":false},"excerpt":{"rendered":"<p>Offrez ou partagez un ap\u00e9ritif d\u2019exception avec ce coffret gourmand compos\u00e9 de mets embl\u00e9matiques de notre terroir : foie gras, Rocamadour, truffe, canard. Ce coffret rend hommage aux incontournables de l\u2019ap\u00e9ro dans notre belle r\u00e9gion du Lot.<\/p>\n","protected":false},"featured_media":5281,"comment_status":"open","ping_status":"closed","template":"","meta":{"_acf_changed":false},"product_cat":[772],"product_tag":[],"origines":[],"labels-qualite":[],"class_list":{"0":"post-5164","1":"product","2":"type-product","3":"status-publish","4":"has-post-thumbnail","6":"product_brand-maison-occitane","7":"product_cat-coffrets-cadeaux","9":"first","10":"outofstock","11":"taxable","12":"shipping-taxable","13":"purchasable","14":"product-type-simple","15":"add-to-wishlist-before_image"},"acf":[],"yoast_head":"<!-- This site is optimized with the Yoast SEO plugin v24.9 - https:\/\/yoast.com\/wordpress\/plugins\/seo\/ -->\n<title>Coffret L&#039;APERO CANARD AND CO - Maison Occitane<\/title>\n<meta name=\"description\" content=\"Un coffret ap\u00e9ritif raffin\u00e9 autour du canard et de tartinables gourmands : l\u2019alliance parfaite entre tradition, plaisir et instants de partage.\" \/>\n<meta name=\"robots\" content=\"index, follow, max-snippet:-1, max-image-preview:large, max-video-preview:-1\" \/>\n<link rel=\"canonical\" href=\"https:\/\/www.maison-occitane.com\/fr\/produit\/lapero-canard-and-co\/\" \/>\n<meta property=\"og:locale\" content=\"fr_FR\" \/>\n<meta property=\"og:type\" content=\"article\" \/>\n<meta property=\"og:title\" content=\"Coffret L&#039;APERO CANARD AND CO - Maison Occitane\" \/>\n<meta property=\"og:description\" content=\"Un coffret ap\u00e9ritif raffin\u00e9 autour du canard et de tartinables gourmands : l\u2019alliance parfaite entre tradition, plaisir et instants de partage.\" \/>\n<meta property=\"og:url\" content=\"https:\/\/www.maison-occitane.com\/fr\/produit\/lapero-canard-and-co\/\" \/>\n<meta property=\"og:site_name\" content=\"Maison Occitane\" \/>\n<meta property=\"article:modified_time\" content=\"2026-03-26T23:00:04+00:00\" \/>\n<meta property=\"og:image\" content=\"https:\/\/www.maison-occitane.com\/app\/uploads\/2025\/07\/202300-Lapero-canard-and-co_520px.jpg\" \/>\n\t<meta property=\"og:image:width\" content=\"520\" \/>\n\t<meta property=\"og:image:height\" content=\"450\" \/>\n\t<meta property=\"og:image:type\" content=\"image\/jpeg\" \/>\n<meta name=\"twitter:card\" content=\"summary_large_image\" \/>\n<meta name=\"twitter:label1\" content=\"Dur\u00e9e de lecture estim\u00e9e\" \/>\n\t<meta name=\"twitter:data1\" content=\"3 minutes\" \/>\n<script type=\"application\/ld+json\" class=\"yoast-schema-graph\">{\"@context\":\"https:\/\/schema.org\",\"@graph\":[{\"@type\":\"WebPage\",\"@id\":\"https:\/\/www.maison-occitane.com\/fr\/produit\/lapero-canard-and-co\/\",\"url\":\"https:\/\/www.maison-occitane.com\/fr\/produit\/lapero-canard-and-co\/\",\"name\":\"Coffret L'APERO CANARD AND CO - Maison Occitane\",\"isPartOf\":{\"@id\":\"https:\/\/www.maison-occitane.com\/fr\/#website\"},\"primaryImageOfPage\":{\"@id\":\"https:\/\/www.maison-occitane.com\/fr\/produit\/lapero-canard-and-co\/#primaryimage\"},\"image\":{\"@id\":\"https:\/\/www.maison-occitane.com\/fr\/produit\/lapero-canard-and-co\/#primaryimage\"},\"thumbnailUrl\":\"https:\/\/www.maison-occitane.com\/app\/uploads\/2025\/07\/202300-Lapero-canard-and-co_520px.jpg\",\"datePublished\":\"2025-07-22T11:55:19+00:00\",\"dateModified\":\"2026-03-26T23:00:04+00:00\",\"description\":\"Un coffret ap\u00e9ritif raffin\u00e9 autour du canard et de tartinables gourmands : l\u2019alliance parfaite entre tradition, plaisir et instants de partage.\",\"breadcrumb\":{\"@id\":\"https:\/\/www.maison-occitane.com\/fr\/produit\/lapero-canard-and-co\/#breadcrumb\"},\"inLanguage\":\"fr-FR\",\"potentialAction\":[{\"@type\":\"ReadAction\",\"target\":[\"https:\/\/www.maison-occitane.com\/fr\/produit\/lapero-canard-and-co\/\"]}]},{\"@type\":\"ImageObject\",\"inLanguage\":\"fr-FR\",\"@id\":\"https:\/\/www.maison-occitane.com\/fr\/produit\/lapero-canard-and-co\/#primaryimage\",\"url\":\"https:\/\/www.maison-occitane.com\/app\/uploads\/2025\/07\/202300-Lapero-canard-and-co_520px.jpg\",\"contentUrl\":\"https:\/\/www.maison-occitane.com\/app\/uploads\/2025\/07\/202300-Lapero-canard-and-co_520px.jpg\",\"width\":520,\"height\":450,\"caption\":\"L'ap\u00e9ro Canard & Co\"},{\"@type\":\"BreadcrumbList\",\"@id\":\"https:\/\/www.maison-occitane.com\/fr\/produit\/lapero-canard-and-co\/#breadcrumb\",\"itemListElement\":[{\"@type\":\"ListItem\",\"position\":1,\"name\":\"Accueil\",\"item\":\"https:\/\/www.maison-occitane.com\/fr\/\"},{\"@type\":\"ListItem\",\"position\":2,\"name\":\"Produits\",\"item\":\"https:\/\/www.maison-occitane.com\/fr\/shop\/\"},{\"@type\":\"ListItem\",\"position\":3,\"name\":\"Coffrets cadeaux gourmands\",\"item\":\"https:\/\/www.maison-occitane.com\/fr\/boutique\/coffrets-cadeaux\/\"},{\"@type\":\"ListItem\",\"position\":4,\"name\":\"L&rsquo;APERO CANARD AND CO\"}]},{\"@type\":\"WebSite\",\"@id\":\"https:\/\/www.maison-occitane.com\/fr\/#website\",\"url\":\"https:\/\/www.maison-occitane.com\/fr\/\",\"name\":\"Maison Occitane\",\"description\":\"\",\"potentialAction\":[{\"@type\":\"SearchAction\",\"target\":{\"@type\":\"EntryPoint\",\"urlTemplate\":\"https:\/\/www.maison-occitane.com\/fr\/?s={search_term_string}\"},\"query-input\":{\"@type\":\"PropertyValueSpecification\",\"valueRequired\":true,\"valueName\":\"search_term_string\"}}],\"inLanguage\":\"fr-FR\"}]}<\/script>\n<!-- \/ Yoast SEO plugin. -->","yoast_head_json":{"title":"Coffret L'APERO CANARD AND CO - Maison Occitane","description":"Un coffret ap\u00e9ritif raffin\u00e9 autour du canard et de tartinables gourmands : l\u2019alliance parfaite entre tradition, plaisir et instants de partage.","robots":{"index":"index","follow":"follow","max-snippet":"max-snippet:-1","max-image-preview":"max-image-preview:large","max-video-preview":"max-video-preview:-1"},"canonical":"https:\/\/www.maison-occitane.com\/fr\/produit\/lapero-canard-and-co\/","og_locale":"fr_FR","og_type":"article","og_title":"Coffret L'APERO CANARD AND CO - Maison Occitane","og_description":"Un coffret ap\u00e9ritif raffin\u00e9 autour du canard et de tartinables gourmands : l\u2019alliance parfaite entre tradition, plaisir et instants de partage.","og_url":"https:\/\/www.maison-occitane.com\/fr\/produit\/lapero-canard-and-co\/","og_site_name":"Maison Occitane","article_modified_time":"2026-03-26T23:00:04+00:00","og_image":[{"width":520,"height":450,"url":"https:\/\/www.maison-occitane.com\/app\/uploads\/2025\/07\/202300-Lapero-canard-and-co_520px.jpg","type":"image\/jpeg"}],"twitter_card":"summary_large_image","twitter_misc":{"Dur\u00e9e de lecture estim\u00e9e":"3 minutes"},"schema":{"@context":"https:\/\/schema.org","@graph":[{"@type":"WebPage","@id":"https:\/\/www.maison-occitane.com\/fr\/produit\/lapero-canard-and-co\/","url":"https:\/\/www.maison-occitane.com\/fr\/produit\/lapero-canard-and-co\/","name":"Coffret L'APERO CANARD AND CO - Maison Occitane","isPartOf":{"@id":"https:\/\/www.maison-occitane.com\/fr\/#website"},"primaryImageOfPage":{"@id":"https:\/\/www.maison-occitane.com\/fr\/produit\/lapero-canard-and-co\/#primaryimage"},"image":{"@id":"https:\/\/www.maison-occitane.com\/fr\/produit\/lapero-canard-and-co\/#primaryimage"},"thumbnailUrl":"https:\/\/www.maison-occitane.com\/app\/uploads\/2025\/07\/202300-Lapero-canard-and-co_520px.jpg","datePublished":"2025-07-22T11:55:19+00:00","dateModified":"2026-03-26T23:00:04+00:00","description":"Un coffret ap\u00e9ritif raffin\u00e9 autour du canard et de tartinables gourmands : l\u2019alliance parfaite entre tradition, plaisir et instants de partage.","breadcrumb":{"@id":"https:\/\/www.maison-occitane.com\/fr\/produit\/lapero-canard-and-co\/#breadcrumb"},"inLanguage":"fr-FR","potentialAction":[{"@type":"ReadAction","target":["https:\/\/www.maison-occitane.com\/fr\/produit\/lapero-canard-and-co\/"]}]},{"@type":"ImageObject","inLanguage":"fr-FR","@id":"https:\/\/www.maison-occitane.com\/fr\/produit\/lapero-canard-and-co\/#primaryimage","url":"https:\/\/www.maison-occitane.com\/app\/uploads\/2025\/07\/202300-Lapero-canard-and-co_520px.jpg","contentUrl":"https:\/\/www.maison-occitane.com\/app\/uploads\/2025\/07\/202300-Lapero-canard-and-co_520px.jpg","width":520,"height":450,"caption":"L'ap\u00e9ro Canard & Co"},{"@type":"BreadcrumbList","@id":"https:\/\/www.maison-occitane.com\/fr\/produit\/lapero-canard-and-co\/#breadcrumb","itemListElement":[{"@type":"ListItem","position":1,"name":"Accueil","item":"https:\/\/www.maison-occitane.com\/fr\/"},{"@type":"ListItem","position":2,"name":"Produits","item":"https:\/\/www.maison-occitane.com\/fr\/shop\/"},{"@type":"ListItem","position":3,"name":"Coffrets cadeaux gourmands","item":"https:\/\/www.maison-occitane.com\/fr\/boutique\/coffrets-cadeaux\/"},{"@type":"ListItem","position":4,"name":"L&rsquo;APERO CANARD AND CO"}]},{"@type":"WebSite","@id":"https:\/\/www.maison-occitane.com\/fr\/#website","url":"https:\/\/www.maison-occitane.com\/fr\/","name":"Maison Occitane","description":"","potentialAction":[{"@type":"SearchAction","target":{"@type":"EntryPoint","urlTemplate":"https:\/\/www.maison-occitane.com\/fr\/?s={search_term_string}"},"query-input":{"@type":"PropertyValueSpecification","valueRequired":true,"valueName":"search_term_string"}}],"inLanguage":"fr-FR"}]}},"_links":{"self":[{"href":"https:\/\/www.maison-occitane.com\/fr\/wp-json\/wp\/v2\/product\/5164","targetHints":{"allow":["GET"]}}],"collection":[{"href":"https:\/\/www.maison-occitane.com\/fr\/wp-json\/wp\/v2\/product"}],"about":[{"href":"https:\/\/www.maison-occitane.com\/fr\/wp-json\/wp\/v2\/types\/product"}],"replies":[{"embeddable":true,"href":"https:\/\/www.maison-occitane.com\/fr\/wp-json\/wp\/v2\/comments?post=5164"}],"wp:featuredmedia":[{"embeddable":true,"href":"https:\/\/www.maison-occitane.com\/fr\/wp-json\/wp\/v2\/media\/5281"}],"wp:attachment":[{"href":"https:\/\/www.maison-occitane.com\/fr\/wp-json\/wp\/v2\/media?parent=5164"}],"wp:term":[{"taxonomy":"product_cat","embeddable":true,"href":"https:\/\/www.maison-occitane.com\/fr\/wp-json\/wp\/v2\/product_cat?post=5164"},{"taxonomy":"product_tag","embeddable":true,"href":"https:\/\/www.maison-occitane.com\/fr\/wp-json\/wp\/v2\/product_tag?post=5164"},{"taxonomy":"product_origine","embeddable":true,"href":"https:\/\/www.maison-occitane.com\/fr\/wp-json\/wp\/v2\/origines?post=5164"},{"taxonomy":"label_qualite","embeddable":true,"href":"https:\/\/www.maison-occitane.com\/fr\/wp-json\/wp\/v2\/labels-qualite?post=5164"}],"curies":[{"name":"wp","href":"https:\/\/api.w.org\/{rel}","templated":true}]}}