{"id":5161,"date":"2025-07-22T13:55:19","date_gmt":"2025-07-22T11:55:19","guid":{"rendered":"https:\/\/maison-occitane-wordpress.agoravita.app\/?post_type=product&#038;p=5161"},"modified":"2025-12-05T09:08:30","modified_gmt":"2025-12-05T08:08:30","slug":"folie-a-labricot-meringues-50g","status":"publish","type":"product","link":"https:\/\/www.maison-occitane.com\/fr\/produit\/folie-a-labricot-meringues-50g\/","title":{"rendered":"FOLIE A L&rsquo;ABRICOT MERINGUES 50G"},"content":{"rendered":"<p data-start=\"310\" data-end=\"659\">Craquez pour <strong data-start=\"323\" data-end=\"361\">Folie \u00e0 l\u2019Abricot\u00a0 Meringues 50 g<\/strong>, de petites bouch\u00e9es croustillantes qui m\u00ealent la l\u00e9g\u00e8ret\u00e9 de la meringue \u00e0 la gourmandise du fruit. Ces meringues offrent une texture a\u00e9rienne et fondante, relev\u00e9e par une douce note fruit\u00e9e.<\/p>\n<p data-start=\"661\" data-end=\"921\">Leur format permet de les d\u00e9guster autour d&rsquo;un caf\u00e9 gourmand, en dessert ou pour accompagner une pause th\u00e9. Avec leurs <strong data-start=\"808\" data-end=\"829\">saveurs d\u2019abricot<\/strong> et leur c\u00f4t\u00e9 croquant, elles plairont autant aux petits qu\u2019aux grands amateurs de douceurs.<\/p>\n<p data-start=\"661\" data-end=\"921\">Elles peuvent aussi \u00eatre ajout\u00e9es dans un <strong data-start=\"729\" data-end=\"747\">coffret cadeau<\/strong> pour apporter la <strong data-start=\"765\" data-end=\"780\">note sucr\u00e9e<\/strong> de vos coffrets cadeaux et compl\u00e9ter joliment une s\u00e9lection de gourmandises.<\/p>\n","protected":false},"excerpt":{"rendered":"<p>De d\u00e9licates meringues croustillantes aux \u00e9clats d\u2019abricot pour une pause sucr\u00e9e l\u00e9g\u00e8re, fruit\u00e9e et ultra gourmande.<\/p>\n","protected":false},"featured_media":5811,"comment_status":"open","ping_status":"closed","template":"","meta":{"_acf_changed":false},"product_cat":[775,787],"product_tag":[],"origines":[],"labels-qualite":[],"class_list":{"0":"post-5161","1":"product","2":"type-product","3":"status-publish","4":"has-post-thumbnail","6":"product_cat-epicerie-fine","7":"product_cat-douceurs-sucrees-et-chocolats","9":"first","10":"instock","11":"taxable","12":"shipping-taxable","13":"purchasable","14":"product-type-simple","15":"add-to-wishlist-before_image"},"acf":[],"yoast_head":"<!-- This site is optimized with the Yoast SEO plugin v24.9 - https:\/\/yoast.com\/wordpress\/plugins\/seo\/ -->\n<title>FOLIE A L&#039;ABRICOT MERINGUES 50G - Maison Occitane<\/title>\n<meta name=\"robots\" content=\"index, follow, max-snippet:-1, max-image-preview:large, max-video-preview:-1\" \/>\n<link rel=\"canonical\" href=\"https:\/\/www.maison-occitane.com\/fr\/produit\/folie-a-labricot-meringues-50g\/\" \/>\n<meta property=\"og:locale\" content=\"fr_FR\" \/>\n<meta property=\"og:type\" content=\"article\" \/>\n<meta property=\"og:title\" content=\"FOLIE A L&#039;ABRICOT MERINGUES 50G - Maison Occitane\" \/>\n<meta property=\"og:description\" content=\"De d\u00e9licates meringues croustillantes aux \u00e9clats d\u2019abricot pour une pause sucr\u00e9e l\u00e9g\u00e8re, fruit\u00e9e et ultra gourmande.\" \/>\n<meta property=\"og:url\" content=\"https:\/\/www.maison-occitane.com\/fr\/produit\/folie-a-labricot-meringues-50g\/\" \/>\n<meta property=\"og:site_name\" content=\"Maison Occitane\" \/>\n<meta property=\"article:modified_time\" content=\"2025-12-05T08:08:30+00:00\" \/>\n<meta property=\"og:image\" content=\"https:\/\/www.maison-occitane.com\/app\/uploads\/2025\/07\/202153.jpg\" \/>\n\t<meta property=\"og:image:width\" content=\"520\" \/>\n\t<meta property=\"og:image:height\" content=\"450\" \/>\n\t<meta property=\"og:image:type\" content=\"image\/jpeg\" \/>\n<meta name=\"twitter:card\" content=\"summary_large_image\" \/>\n<meta name=\"twitter:label1\" content=\"Dur\u00e9e de lecture estim\u00e9e\" \/>\n\t<meta name=\"twitter:data1\" content=\"1 minute\" \/>\n<script type=\"application\/ld+json\" class=\"yoast-schema-graph\">{\"@context\":\"https:\/\/schema.org\",\"@graph\":[{\"@type\":\"WebPage\",\"@id\":\"https:\/\/www.maison-occitane.com\/fr\/produit\/folie-a-labricot-meringues-50g\/\",\"url\":\"https:\/\/www.maison-occitane.com\/fr\/produit\/folie-a-labricot-meringues-50g\/\",\"name\":\"FOLIE A L'ABRICOT MERINGUES 50G - Maison Occitane\",\"isPartOf\":{\"@id\":\"https:\/\/www.maison-occitane.com\/fr\/#website\"},\"primaryImageOfPage\":{\"@id\":\"https:\/\/www.maison-occitane.com\/fr\/produit\/folie-a-labricot-meringues-50g\/#primaryimage\"},\"image\":{\"@id\":\"https:\/\/www.maison-occitane.com\/fr\/produit\/folie-a-labricot-meringues-50g\/#primaryimage\"},\"thumbnailUrl\":\"https:\/\/www.maison-occitane.com\/app\/uploads\/2025\/07\/202153.jpg\",\"datePublished\":\"2025-07-22T11:55:19+00:00\",\"dateModified\":\"2025-12-05T08:08:30+00:00\",\"breadcrumb\":{\"@id\":\"https:\/\/www.maison-occitane.com\/fr\/produit\/folie-a-labricot-meringues-50g\/#breadcrumb\"},\"inLanguage\":\"fr-FR\",\"potentialAction\":[{\"@type\":\"ReadAction\",\"target\":[\"https:\/\/www.maison-occitane.com\/fr\/produit\/folie-a-labricot-meringues-50g\/\"]}]},{\"@type\":\"ImageObject\",\"inLanguage\":\"fr-FR\",\"@id\":\"https:\/\/www.maison-occitane.com\/fr\/produit\/folie-a-labricot-meringues-50g\/#primaryimage\",\"url\":\"https:\/\/www.maison-occitane.com\/app\/uploads\/2025\/07\/202153.jpg\",\"contentUrl\":\"https:\/\/www.maison-occitane.com\/app\/uploads\/2025\/07\/202153.jpg\",\"width\":520,\"height\":450,\"caption\":\"Folie \u00e0 l'abricot meringues 50g\"},{\"@type\":\"BreadcrumbList\",\"@id\":\"https:\/\/www.maison-occitane.com\/fr\/produit\/folie-a-labricot-meringues-50g\/#breadcrumb\",\"itemListElement\":[{\"@type\":\"ListItem\",\"position\":1,\"name\":\"Accueil\",\"item\":\"https:\/\/www.maison-occitane.com\/fr\/\"},{\"@type\":\"ListItem\",\"position\":2,\"name\":\"Produits\",\"item\":\"https:\/\/www.maison-occitane.com\/fr\/shop\/\"},{\"@type\":\"ListItem\",\"position\":3,\"name\":\"\u00c9picerie fine\",\"item\":\"https:\/\/www.maison-occitane.com\/fr\/boutique\/epicerie-fine\/\"},{\"@type\":\"ListItem\",\"position\":4,\"name\":\"Douceurs sucr\u00e9es et chocolats\",\"item\":\"https:\/\/www.maison-occitane.com\/fr\/boutique\/epicerie-fine\/douceurs-sucrees-et-chocolats\/\"},{\"@type\":\"ListItem\",\"position\":5,\"name\":\"FOLIE A L&rsquo;ABRICOT MERINGUES 50G\"}]},{\"@type\":\"WebSite\",\"@id\":\"https:\/\/www.maison-occitane.com\/fr\/#website\",\"url\":\"https:\/\/www.maison-occitane.com\/fr\/\",\"name\":\"Maison Occitane\",\"description\":\"\",\"potentialAction\":[{\"@type\":\"SearchAction\",\"target\":{\"@type\":\"EntryPoint\",\"urlTemplate\":\"https:\/\/www.maison-occitane.com\/fr\/?s={search_term_string}\"},\"query-input\":{\"@type\":\"PropertyValueSpecification\",\"valueRequired\":true,\"valueName\":\"search_term_string\"}}],\"inLanguage\":\"fr-FR\"}]}<\/script>\n<!-- \/ Yoast SEO plugin. -->","yoast_head_json":{"title":"FOLIE A L'ABRICOT MERINGUES 50G - Maison Occitane","robots":{"index":"index","follow":"follow","max-snippet":"max-snippet:-1","max-image-preview":"max-image-preview:large","max-video-preview":"max-video-preview:-1"},"canonical":"https:\/\/www.maison-occitane.com\/fr\/produit\/folie-a-labricot-meringues-50g\/","og_locale":"fr_FR","og_type":"article","og_title":"FOLIE A L'ABRICOT MERINGUES 50G - Maison Occitane","og_description":"De d\u00e9licates meringues croustillantes aux \u00e9clats d\u2019abricot pour une pause sucr\u00e9e l\u00e9g\u00e8re, fruit\u00e9e et ultra gourmande.","og_url":"https:\/\/www.maison-occitane.com\/fr\/produit\/folie-a-labricot-meringues-50g\/","og_site_name":"Maison Occitane","article_modified_time":"2025-12-05T08:08:30+00:00","og_image":[{"width":520,"height":450,"url":"https:\/\/www.maison-occitane.com\/app\/uploads\/2025\/07\/202153.jpg","type":"image\/jpeg"}],"twitter_card":"summary_large_image","twitter_misc":{"Dur\u00e9e de lecture estim\u00e9e":"1 minute"},"schema":{"@context":"https:\/\/schema.org","@graph":[{"@type":"WebPage","@id":"https:\/\/www.maison-occitane.com\/fr\/produit\/folie-a-labricot-meringues-50g\/","url":"https:\/\/www.maison-occitane.com\/fr\/produit\/folie-a-labricot-meringues-50g\/","name":"FOLIE A L'ABRICOT MERINGUES 50G - Maison Occitane","isPartOf":{"@id":"https:\/\/www.maison-occitane.com\/fr\/#website"},"primaryImageOfPage":{"@id":"https:\/\/www.maison-occitane.com\/fr\/produit\/folie-a-labricot-meringues-50g\/#primaryimage"},"image":{"@id":"https:\/\/www.maison-occitane.com\/fr\/produit\/folie-a-labricot-meringues-50g\/#primaryimage"},"thumbnailUrl":"https:\/\/www.maison-occitane.com\/app\/uploads\/2025\/07\/202153.jpg","datePublished":"2025-07-22T11:55:19+00:00","dateModified":"2025-12-05T08:08:30+00:00","breadcrumb":{"@id":"https:\/\/www.maison-occitane.com\/fr\/produit\/folie-a-labricot-meringues-50g\/#breadcrumb"},"inLanguage":"fr-FR","potentialAction":[{"@type":"ReadAction","target":["https:\/\/www.maison-occitane.com\/fr\/produit\/folie-a-labricot-meringues-50g\/"]}]},{"@type":"ImageObject","inLanguage":"fr-FR","@id":"https:\/\/www.maison-occitane.com\/fr\/produit\/folie-a-labricot-meringues-50g\/#primaryimage","url":"https:\/\/www.maison-occitane.com\/app\/uploads\/2025\/07\/202153.jpg","contentUrl":"https:\/\/www.maison-occitane.com\/app\/uploads\/2025\/07\/202153.jpg","width":520,"height":450,"caption":"Folie \u00e0 l'abricot meringues 50g"},{"@type":"BreadcrumbList","@id":"https:\/\/www.maison-occitane.com\/fr\/produit\/folie-a-labricot-meringues-50g\/#breadcrumb","itemListElement":[{"@type":"ListItem","position":1,"name":"Accueil","item":"https:\/\/www.maison-occitane.com\/fr\/"},{"@type":"ListItem","position":2,"name":"Produits","item":"https:\/\/www.maison-occitane.com\/fr\/shop\/"},{"@type":"ListItem","position":3,"name":"\u00c9picerie fine","item":"https:\/\/www.maison-occitane.com\/fr\/boutique\/epicerie-fine\/"},{"@type":"ListItem","position":4,"name":"Douceurs sucr\u00e9es et chocolats","item":"https:\/\/www.maison-occitane.com\/fr\/boutique\/epicerie-fine\/douceurs-sucrees-et-chocolats\/"},{"@type":"ListItem","position":5,"name":"FOLIE A L&rsquo;ABRICOT MERINGUES 50G"}]},{"@type":"WebSite","@id":"https:\/\/www.maison-occitane.com\/fr\/#website","url":"https:\/\/www.maison-occitane.com\/fr\/","name":"Maison Occitane","description":"","potentialAction":[{"@type":"SearchAction","target":{"@type":"EntryPoint","urlTemplate":"https:\/\/www.maison-occitane.com\/fr\/?s={search_term_string}"},"query-input":{"@type":"PropertyValueSpecification","valueRequired":true,"valueName":"search_term_string"}}],"inLanguage":"fr-FR"}]}},"_links":{"self":[{"href":"https:\/\/www.maison-occitane.com\/fr\/wp-json\/wp\/v2\/product\/5161","targetHints":{"allow":["GET"]}}],"collection":[{"href":"https:\/\/www.maison-occitane.com\/fr\/wp-json\/wp\/v2\/product"}],"about":[{"href":"https:\/\/www.maison-occitane.com\/fr\/wp-json\/wp\/v2\/types\/product"}],"replies":[{"embeddable":true,"href":"https:\/\/www.maison-occitane.com\/fr\/wp-json\/wp\/v2\/comments?post=5161"}],"wp:featuredmedia":[{"embeddable":true,"href":"https:\/\/www.maison-occitane.com\/fr\/wp-json\/wp\/v2\/media\/5811"}],"wp:attachment":[{"href":"https:\/\/www.maison-occitane.com\/fr\/wp-json\/wp\/v2\/media?parent=5161"}],"wp:term":[{"taxonomy":"product_cat","embeddable":true,"href":"https:\/\/www.maison-occitane.com\/fr\/wp-json\/wp\/v2\/product_cat?post=5161"},{"taxonomy":"product_tag","embeddable":true,"href":"https:\/\/www.maison-occitane.com\/fr\/wp-json\/wp\/v2\/product_tag?post=5161"},{"taxonomy":"product_origine","embeddable":true,"href":"https:\/\/www.maison-occitane.com\/fr\/wp-json\/wp\/v2\/origines?post=5161"},{"taxonomy":"label_qualite","embeddable":true,"href":"https:\/\/www.maison-occitane.com\/fr\/wp-json\/wp\/v2\/labels-qualite?post=5161"}],"curies":[{"name":"wp","href":"https:\/\/api.w.org\/{rel}","templated":true}]}}