{"id":5142,"date":"2025-07-22T13:55:17","date_gmt":"2025-07-22T11:55:17","guid":{"rendered":"https:\/\/maison-occitane-wordpress.agoravita.app\/?post_type=product&#038;p=5142"},"modified":"2025-12-05T09:22:10","modified_gmt":"2025-12-05T08:22:10","slug":"guimauve-framboise-sachet-60g","status":"publish","type":"product","link":"https:\/\/www.maison-occitane.com\/fr\/produit\/guimauve-framboise-sachet-60g\/","title":{"rendered":"GUIMAUVE FRAMBOISE SACHET 60G"},"content":{"rendered":"<p>Craquez pour notre guimauve framboise au c\u0153ur ultra fondant. Son \u00e9quilibre parfait entre douceur et l\u00e9g\u00e8re acidit\u00e9 en fait une confiserie irr\u00e9sistible, \u00e0 savourer \u00e0 tout moment de la journ\u00e9e. Pr\u00e9sent\u00e9e dans un sachet pratique de 60 g, elle est id\u00e9ale pour les amoureux de douceurs fruit\u00e9es recherchant un plaisir simple et authentique.<\/p>\n","protected":false},"excerpt":{"rendered":"<p>Douceur irr\u00e9sistible de cette <strong data-start=\"346\" data-end=\"368\">guimauve framboise<\/strong> : une texture fondante, une saveur fruit\u00e9e et un parfum d\u00e9licatement acidul\u00e9.<\/p>\n","protected":false},"featured_media":5793,"comment_status":"open","ping_status":"closed","template":"","meta":{"_acf_changed":false},"product_cat":[775,787],"product_tag":[],"origines":[],"labels-qualite":[],"class_list":{"0":"post-5142","1":"product","2":"type-product","3":"status-publish","4":"has-post-thumbnail","6":"product_cat-epicerie-fine","7":"product_cat-douceurs-sucrees-et-chocolats","9":"first","10":"instock","11":"taxable","12":"shipping-taxable","13":"purchasable","14":"product-type-simple","15":"add-to-wishlist-before_image"},"acf":[],"yoast_head":"<!-- This site is optimized with the Yoast SEO plugin v24.9 - https:\/\/yoast.com\/wordpress\/plugins\/seo\/ -->\n<title>GUIMAUVE FRAMBOISE SACHET 60G - Maison Occitane<\/title>\n<meta name=\"description\" content=\"Guimauve framboise fondante au go\u00fbt naturel et fruit\u00e9. Sachet 60g id\u00e9al pour une pause gourmande \u00e0 ajouter dans un colis gourmand.\" \/>\n<meta name=\"robots\" content=\"index, follow, max-snippet:-1, max-image-preview:large, max-video-preview:-1\" \/>\n<link rel=\"canonical\" href=\"https:\/\/www.maison-occitane.com\/fr\/produit\/guimauve-framboise-sachet-60g\/\" \/>\n<meta property=\"og:locale\" content=\"fr_FR\" \/>\n<meta property=\"og:type\" content=\"article\" \/>\n<meta property=\"og:title\" content=\"GUIMAUVE FRAMBOISE SACHET 60G - Maison Occitane\" \/>\n<meta property=\"og:description\" content=\"Guimauve framboise fondante au go\u00fbt naturel et fruit\u00e9. Sachet 60g id\u00e9al pour une pause gourmande \u00e0 ajouter dans un colis gourmand.\" \/>\n<meta property=\"og:url\" content=\"https:\/\/www.maison-occitane.com\/fr\/produit\/guimauve-framboise-sachet-60g\/\" \/>\n<meta property=\"og:site_name\" content=\"Maison Occitane\" \/>\n<meta property=\"article:modified_time\" content=\"2025-12-05T08:22:10+00:00\" \/>\n<meta property=\"og:image\" content=\"https:\/\/www.maison-occitane.com\/app\/uploads\/2025\/07\/201428.jpg\" \/>\n\t<meta property=\"og:image:width\" content=\"520\" \/>\n\t<meta property=\"og:image:height\" content=\"450\" \/>\n\t<meta property=\"og:image:type\" content=\"image\/jpeg\" \/>\n<meta name=\"twitter:card\" content=\"summary_large_image\" \/>\n<meta name=\"twitter:label1\" content=\"Dur\u00e9e de lecture estim\u00e9e\" \/>\n\t<meta name=\"twitter:data1\" content=\"1 minute\" \/>\n<script type=\"application\/ld+json\" class=\"yoast-schema-graph\">{\"@context\":\"https:\/\/schema.org\",\"@graph\":[{\"@type\":\"WebPage\",\"@id\":\"https:\/\/www.maison-occitane.com\/fr\/produit\/guimauve-framboise-sachet-60g\/\",\"url\":\"https:\/\/www.maison-occitane.com\/fr\/produit\/guimauve-framboise-sachet-60g\/\",\"name\":\"GUIMAUVE FRAMBOISE SACHET 60G - Maison Occitane\",\"isPartOf\":{\"@id\":\"https:\/\/www.maison-occitane.com\/fr\/#website\"},\"primaryImageOfPage\":{\"@id\":\"https:\/\/www.maison-occitane.com\/fr\/produit\/guimauve-framboise-sachet-60g\/#primaryimage\"},\"image\":{\"@id\":\"https:\/\/www.maison-occitane.com\/fr\/produit\/guimauve-framboise-sachet-60g\/#primaryimage\"},\"thumbnailUrl\":\"https:\/\/www.maison-occitane.com\/app\/uploads\/2025\/07\/201428.jpg\",\"datePublished\":\"2025-07-22T11:55:17+00:00\",\"dateModified\":\"2025-12-05T08:22:10+00:00\",\"description\":\"Guimauve framboise fondante au go\u00fbt naturel et fruit\u00e9. Sachet 60g id\u00e9al pour une pause gourmande \u00e0 ajouter dans un colis gourmand.\",\"breadcrumb\":{\"@id\":\"https:\/\/www.maison-occitane.com\/fr\/produit\/guimauve-framboise-sachet-60g\/#breadcrumb\"},\"inLanguage\":\"fr-FR\",\"potentialAction\":[{\"@type\":\"ReadAction\",\"target\":[\"https:\/\/www.maison-occitane.com\/fr\/produit\/guimauve-framboise-sachet-60g\/\"]}]},{\"@type\":\"ImageObject\",\"inLanguage\":\"fr-FR\",\"@id\":\"https:\/\/www.maison-occitane.com\/fr\/produit\/guimauve-framboise-sachet-60g\/#primaryimage\",\"url\":\"https:\/\/www.maison-occitane.com\/app\/uploads\/2025\/07\/201428.jpg\",\"contentUrl\":\"https:\/\/www.maison-occitane.com\/app\/uploads\/2025\/07\/201428.jpg\",\"width\":520,\"height\":450,\"caption\":\"Guimauve \u00e0 la framboise\"},{\"@type\":\"BreadcrumbList\",\"@id\":\"https:\/\/www.maison-occitane.com\/fr\/produit\/guimauve-framboise-sachet-60g\/#breadcrumb\",\"itemListElement\":[{\"@type\":\"ListItem\",\"position\":1,\"name\":\"Accueil\",\"item\":\"https:\/\/www.maison-occitane.com\/fr\/\"},{\"@type\":\"ListItem\",\"position\":2,\"name\":\"Produits\",\"item\":\"https:\/\/www.maison-occitane.com\/fr\/shop\/\"},{\"@type\":\"ListItem\",\"position\":3,\"name\":\"\u00c9picerie fine\",\"item\":\"https:\/\/www.maison-occitane.com\/fr\/boutique\/epicerie-fine\/\"},{\"@type\":\"ListItem\",\"position\":4,\"name\":\"Douceurs sucr\u00e9es et chocolats\",\"item\":\"https:\/\/www.maison-occitane.com\/fr\/boutique\/epicerie-fine\/douceurs-sucrees-et-chocolats\/\"},{\"@type\":\"ListItem\",\"position\":5,\"name\":\"GUIMAUVE FRAMBOISE SACHET 60G\"}]},{\"@type\":\"WebSite\",\"@id\":\"https:\/\/www.maison-occitane.com\/fr\/#website\",\"url\":\"https:\/\/www.maison-occitane.com\/fr\/\",\"name\":\"Maison Occitane\",\"description\":\"\",\"potentialAction\":[{\"@type\":\"SearchAction\",\"target\":{\"@type\":\"EntryPoint\",\"urlTemplate\":\"https:\/\/www.maison-occitane.com\/fr\/?s={search_term_string}\"},\"query-input\":{\"@type\":\"PropertyValueSpecification\",\"valueRequired\":true,\"valueName\":\"search_term_string\"}}],\"inLanguage\":\"fr-FR\"}]}<\/script>\n<!-- \/ Yoast SEO plugin. -->","yoast_head_json":{"title":"GUIMAUVE FRAMBOISE SACHET 60G - Maison Occitane","description":"Guimauve framboise fondante au go\u00fbt naturel et fruit\u00e9. Sachet 60g id\u00e9al pour une pause gourmande \u00e0 ajouter dans un colis gourmand.","robots":{"index":"index","follow":"follow","max-snippet":"max-snippet:-1","max-image-preview":"max-image-preview:large","max-video-preview":"max-video-preview:-1"},"canonical":"https:\/\/www.maison-occitane.com\/fr\/produit\/guimauve-framboise-sachet-60g\/","og_locale":"fr_FR","og_type":"article","og_title":"GUIMAUVE FRAMBOISE SACHET 60G - Maison Occitane","og_description":"Guimauve framboise fondante au go\u00fbt naturel et fruit\u00e9. Sachet 60g id\u00e9al pour une pause gourmande \u00e0 ajouter dans un colis gourmand.","og_url":"https:\/\/www.maison-occitane.com\/fr\/produit\/guimauve-framboise-sachet-60g\/","og_site_name":"Maison Occitane","article_modified_time":"2025-12-05T08:22:10+00:00","og_image":[{"width":520,"height":450,"url":"https:\/\/www.maison-occitane.com\/app\/uploads\/2025\/07\/201428.jpg","type":"image\/jpeg"}],"twitter_card":"summary_large_image","twitter_misc":{"Dur\u00e9e de lecture estim\u00e9e":"1 minute"},"schema":{"@context":"https:\/\/schema.org","@graph":[{"@type":"WebPage","@id":"https:\/\/www.maison-occitane.com\/fr\/produit\/guimauve-framboise-sachet-60g\/","url":"https:\/\/www.maison-occitane.com\/fr\/produit\/guimauve-framboise-sachet-60g\/","name":"GUIMAUVE FRAMBOISE SACHET 60G - Maison Occitane","isPartOf":{"@id":"https:\/\/www.maison-occitane.com\/fr\/#website"},"primaryImageOfPage":{"@id":"https:\/\/www.maison-occitane.com\/fr\/produit\/guimauve-framboise-sachet-60g\/#primaryimage"},"image":{"@id":"https:\/\/www.maison-occitane.com\/fr\/produit\/guimauve-framboise-sachet-60g\/#primaryimage"},"thumbnailUrl":"https:\/\/www.maison-occitane.com\/app\/uploads\/2025\/07\/201428.jpg","datePublished":"2025-07-22T11:55:17+00:00","dateModified":"2025-12-05T08:22:10+00:00","description":"Guimauve framboise fondante au go\u00fbt naturel et fruit\u00e9. Sachet 60g id\u00e9al pour une pause gourmande \u00e0 ajouter dans un colis gourmand.","breadcrumb":{"@id":"https:\/\/www.maison-occitane.com\/fr\/produit\/guimauve-framboise-sachet-60g\/#breadcrumb"},"inLanguage":"fr-FR","potentialAction":[{"@type":"ReadAction","target":["https:\/\/www.maison-occitane.com\/fr\/produit\/guimauve-framboise-sachet-60g\/"]}]},{"@type":"ImageObject","inLanguage":"fr-FR","@id":"https:\/\/www.maison-occitane.com\/fr\/produit\/guimauve-framboise-sachet-60g\/#primaryimage","url":"https:\/\/www.maison-occitane.com\/app\/uploads\/2025\/07\/201428.jpg","contentUrl":"https:\/\/www.maison-occitane.com\/app\/uploads\/2025\/07\/201428.jpg","width":520,"height":450,"caption":"Guimauve \u00e0 la framboise"},{"@type":"BreadcrumbList","@id":"https:\/\/www.maison-occitane.com\/fr\/produit\/guimauve-framboise-sachet-60g\/#breadcrumb","itemListElement":[{"@type":"ListItem","position":1,"name":"Accueil","item":"https:\/\/www.maison-occitane.com\/fr\/"},{"@type":"ListItem","position":2,"name":"Produits","item":"https:\/\/www.maison-occitane.com\/fr\/shop\/"},{"@type":"ListItem","position":3,"name":"\u00c9picerie fine","item":"https:\/\/www.maison-occitane.com\/fr\/boutique\/epicerie-fine\/"},{"@type":"ListItem","position":4,"name":"Douceurs sucr\u00e9es et chocolats","item":"https:\/\/www.maison-occitane.com\/fr\/boutique\/epicerie-fine\/douceurs-sucrees-et-chocolats\/"},{"@type":"ListItem","position":5,"name":"GUIMAUVE FRAMBOISE SACHET 60G"}]},{"@type":"WebSite","@id":"https:\/\/www.maison-occitane.com\/fr\/#website","url":"https:\/\/www.maison-occitane.com\/fr\/","name":"Maison Occitane","description":"","potentialAction":[{"@type":"SearchAction","target":{"@type":"EntryPoint","urlTemplate":"https:\/\/www.maison-occitane.com\/fr\/?s={search_term_string}"},"query-input":{"@type":"PropertyValueSpecification","valueRequired":true,"valueName":"search_term_string"}}],"inLanguage":"fr-FR"}]}},"_links":{"self":[{"href":"https:\/\/www.maison-occitane.com\/fr\/wp-json\/wp\/v2\/product\/5142","targetHints":{"allow":["GET"]}}],"collection":[{"href":"https:\/\/www.maison-occitane.com\/fr\/wp-json\/wp\/v2\/product"}],"about":[{"href":"https:\/\/www.maison-occitane.com\/fr\/wp-json\/wp\/v2\/types\/product"}],"replies":[{"embeddable":true,"href":"https:\/\/www.maison-occitane.com\/fr\/wp-json\/wp\/v2\/comments?post=5142"}],"wp:featuredmedia":[{"embeddable":true,"href":"https:\/\/www.maison-occitane.com\/fr\/wp-json\/wp\/v2\/media\/5793"}],"wp:attachment":[{"href":"https:\/\/www.maison-occitane.com\/fr\/wp-json\/wp\/v2\/media?parent=5142"}],"wp:term":[{"taxonomy":"product_cat","embeddable":true,"href":"https:\/\/www.maison-occitane.com\/fr\/wp-json\/wp\/v2\/product_cat?post=5142"},{"taxonomy":"product_tag","embeddable":true,"href":"https:\/\/www.maison-occitane.com\/fr\/wp-json\/wp\/v2\/product_tag?post=5142"},{"taxonomy":"product_origine","embeddable":true,"href":"https:\/\/www.maison-occitane.com\/fr\/wp-json\/wp\/v2\/origines?post=5142"},{"taxonomy":"label_qualite","embeddable":true,"href":"https:\/\/www.maison-occitane.com\/fr\/wp-json\/wp\/v2\/labels-qualite?post=5142"}],"curies":[{"name":"wp","href":"https:\/\/api.w.org\/{rel}","templated":true}]}}