{"id":5131,"date":"2025-07-22T13:55:16","date_gmt":"2025-07-22T11:55:16","guid":{"rendered":"https:\/\/maison-occitane-wordpress.agoravita.app\/?post_type=product&#038;p=5131"},"modified":"2026-04-12T07:52:54","modified_gmt":"2026-04-12T05:52:54","slug":"cepes-a-la-graisse-de-canard-jambes-et-morceaux","status":"publish","type":"product","link":"https:\/\/www.maison-occitane.com\/fr\/produit\/cepes-a-la-graisse-de-canard-jambes-et-morceaux\/","title":{"rendered":"CEPES A LA GRAISSE DE CANARD JAMBES ET MORCEAUX"},"content":{"rendered":"<p>Le champignon star de nos sous-bois sublim\u00e9 par la tradition culinaire du Sud-Ouest.<\/p>\n<p data-start=\"794\" data-end=\"1156\">Les <strong data-start=\"798\" data-end=\"851\">C\u00e8pes \u00e0 la graisse de canard <\/strong>sont une invitation \u00e0 la gourmandise automnale. Fins, charnus, les c\u00e8pes sont mijot\u00e9s \u00e0 la <strong data-start=\"1021\" data-end=\"1042\">graisse de canard<\/strong>, avec une simple touche de sel et de poivre, pour en r\u00e9v\u00e9ler toutes les nuances bois\u00e9es et leur texture fondante.<\/p>\n<p data-start=\"1158\" data-end=\"1367\">Pr\u00e9par\u00e9s \u00e0 partir des <strong data-start=\"1180\" data-end=\"1206\">parties nobles du c\u00e8pe<\/strong> (Boletus edulis, aereus, reticulatus, pinicola), ces champignons sont un produit d&rsquo;exception, tr\u00e8s recherch\u00e9 chaque ann\u00e9e d\u00e8s les premi\u00e8res pluies d&rsquo;ao\u00fbt.<\/p>\n<p data-start=\"1369\" data-end=\"1612\"><strong data-start=\"1369\" data-end=\"1389\">Pr\u00eats \u00e0 l\u2019emploi<\/strong>, ils s\u2019invitent dans toutes vos recettes. Un produit g\u00e9n\u00e9reux qui convient parfaitement pour 2 \u00e0 3 personnes, selon l&rsquo;accompagnement choisi.<\/p>\n","protected":false},"excerpt":{"rendered":"<p>C\u00e8pes \u00e0 la graisse de canard : un d\u00e9lice automnal pr\u00eat \u00e0 l\u2019emploi. Le roi des champignons sublim\u00e9 par la graisse de canard. Saveurs d\u2019exception.<\/p>\n","protected":false},"featured_media":5840,"comment_status":"open","ping_status":"closed","template":"","meta":{"_acf_changed":false},"product_cat":[775,788],"product_tag":[],"origines":[],"labels-qualite":[],"class_list":{"0":"post-5131","1":"product","2":"type-product","3":"status-publish","4":"has-post-thumbnail","6":"product_brand-maison-occitane","7":"product_cat-epicerie-fine","8":"product_cat-garnitures","10":"first","11":"instock","12":"taxable","13":"shipping-taxable","14":"purchasable","15":"product-type-simple","16":"add-to-wishlist-before_image"},"acf":[],"yoast_head":"<!-- This site is optimized with the Yoast SEO plugin v24.9 - https:\/\/yoast.com\/wordpress\/plugins\/seo\/ -->\n<title>CEPES A LA GRAISSE DE CANARD JAMBES ET MORCEAUX - Maison Occitane<\/title>\n<meta name=\"description\" content=\"C\u00e8pes \u00e0 la graisse de canard : un d\u00e9lice automnal pr\u00eat \u00e0 l\u2019emploi. Le roi des champignons sublim\u00e9 par la graisse de canard. Saveurs d\u2019exception.\" \/>\n<meta name=\"robots\" content=\"index, follow, max-snippet:-1, max-image-preview:large, max-video-preview:-1\" \/>\n<link rel=\"canonical\" href=\"https:\/\/www.maison-occitane.com\/fr\/produit\/cepes-a-la-graisse-de-canard-jambes-et-morceaux\/\" \/>\n<meta property=\"og:locale\" content=\"fr_FR\" \/>\n<meta property=\"og:type\" content=\"article\" \/>\n<meta property=\"og:title\" content=\"CEPES A LA GRAISSE DE CANARD JAMBES ET MORCEAUX - Maison Occitane\" \/>\n<meta property=\"og:description\" content=\"C\u00e8pes \u00e0 la graisse de canard : un d\u00e9lice automnal pr\u00eat \u00e0 l\u2019emploi. Le roi des champignons sublim\u00e9 par la graisse de canard. Saveurs d\u2019exception.\" \/>\n<meta property=\"og:url\" content=\"https:\/\/www.maison-occitane.com\/fr\/produit\/cepes-a-la-graisse-de-canard-jambes-et-morceaux\/\" \/>\n<meta property=\"og:site_name\" content=\"Maison Occitane\" \/>\n<meta property=\"article:modified_time\" content=\"2026-04-12T05:52:54+00:00\" \/>\n<meta property=\"og:image\" content=\"https:\/\/www.maison-occitane.com\/app\/uploads\/2025\/07\/8246_520px.jpg\" \/>\n\t<meta property=\"og:image:width\" content=\"520\" \/>\n\t<meta property=\"og:image:height\" content=\"420\" \/>\n\t<meta property=\"og:image:type\" content=\"image\/jpeg\" \/>\n<meta name=\"twitter:card\" content=\"summary_large_image\" \/>\n<meta name=\"twitter:label1\" content=\"Dur\u00e9e de lecture estim\u00e9e\" \/>\n\t<meta name=\"twitter:data1\" content=\"1 minute\" \/>\n<script type=\"application\/ld+json\" class=\"yoast-schema-graph\">{\"@context\":\"https:\/\/schema.org\",\"@graph\":[{\"@type\":\"WebPage\",\"@id\":\"https:\/\/www.maison-occitane.com\/fr\/produit\/cepes-a-la-graisse-de-canard-jambes-et-morceaux\/\",\"url\":\"https:\/\/www.maison-occitane.com\/fr\/produit\/cepes-a-la-graisse-de-canard-jambes-et-morceaux\/\",\"name\":\"CEPES A LA GRAISSE DE CANARD JAMBES ET MORCEAUX - Maison Occitane\",\"isPartOf\":{\"@id\":\"https:\/\/www.maison-occitane.com\/fr\/#website\"},\"primaryImageOfPage\":{\"@id\":\"https:\/\/www.maison-occitane.com\/fr\/produit\/cepes-a-la-graisse-de-canard-jambes-et-morceaux\/#primaryimage\"},\"image\":{\"@id\":\"https:\/\/www.maison-occitane.com\/fr\/produit\/cepes-a-la-graisse-de-canard-jambes-et-morceaux\/#primaryimage\"},\"thumbnailUrl\":\"https:\/\/www.maison-occitane.com\/app\/uploads\/2025\/07\/8246_520px.jpg\",\"datePublished\":\"2025-07-22T11:55:16+00:00\",\"dateModified\":\"2026-04-12T05:52:54+00:00\",\"description\":\"C\u00e8pes \u00e0 la graisse de canard : un d\u00e9lice automnal pr\u00eat \u00e0 l\u2019emploi. Le roi des champignons sublim\u00e9 par la graisse de canard. Saveurs d\u2019exception.\",\"breadcrumb\":{\"@id\":\"https:\/\/www.maison-occitane.com\/fr\/produit\/cepes-a-la-graisse-de-canard-jambes-et-morceaux\/#breadcrumb\"},\"inLanguage\":\"fr-FR\",\"potentialAction\":[{\"@type\":\"ReadAction\",\"target\":[\"https:\/\/www.maison-occitane.com\/fr\/produit\/cepes-a-la-graisse-de-canard-jambes-et-morceaux\/\"]}]},{\"@type\":\"ImageObject\",\"inLanguage\":\"fr-FR\",\"@id\":\"https:\/\/www.maison-occitane.com\/fr\/produit\/cepes-a-la-graisse-de-canard-jambes-et-morceaux\/#primaryimage\",\"url\":\"https:\/\/www.maison-occitane.com\/app\/uploads\/2025\/07\/8246_520px.jpg\",\"contentUrl\":\"https:\/\/www.maison-occitane.com\/app\/uploads\/2025\/07\/8246_520px.jpg\",\"width\":520,\"height\":420,\"caption\":\"C\u00e8pes jambes et morceaux cuisin\u00e9s \u00e0 la graisse de canard\"},{\"@type\":\"BreadcrumbList\",\"@id\":\"https:\/\/www.maison-occitane.com\/fr\/produit\/cepes-a-la-graisse-de-canard-jambes-et-morceaux\/#breadcrumb\",\"itemListElement\":[{\"@type\":\"ListItem\",\"position\":1,\"name\":\"Accueil\",\"item\":\"https:\/\/www.maison-occitane.com\/fr\/\"},{\"@type\":\"ListItem\",\"position\":2,\"name\":\"Produits\",\"item\":\"https:\/\/www.maison-occitane.com\/fr\/shop\/\"},{\"@type\":\"ListItem\",\"position\":3,\"name\":\"\u00c9picerie fine\",\"item\":\"https:\/\/www.maison-occitane.com\/fr\/boutique\/epicerie-fine\/\"},{\"@type\":\"ListItem\",\"position\":4,\"name\":\"Garnitures\",\"item\":\"https:\/\/www.maison-occitane.com\/fr\/boutique\/epicerie-fine\/garnitures\/\"},{\"@type\":\"ListItem\",\"position\":5,\"name\":\"CEPES A LA GRAISSE DE CANARD JAMBES ET MORCEAUX\"}]},{\"@type\":\"WebSite\",\"@id\":\"https:\/\/www.maison-occitane.com\/fr\/#website\",\"url\":\"https:\/\/www.maison-occitane.com\/fr\/\",\"name\":\"Maison Occitane\",\"description\":\"\",\"potentialAction\":[{\"@type\":\"SearchAction\",\"target\":{\"@type\":\"EntryPoint\",\"urlTemplate\":\"https:\/\/www.maison-occitane.com\/fr\/?s={search_term_string}\"},\"query-input\":{\"@type\":\"PropertyValueSpecification\",\"valueRequired\":true,\"valueName\":\"search_term_string\"}}],\"inLanguage\":\"fr-FR\"}]}<\/script>\n<!-- \/ Yoast SEO plugin. -->","yoast_head_json":{"title":"CEPES A LA GRAISSE DE CANARD JAMBES ET MORCEAUX - Maison Occitane","description":"C\u00e8pes \u00e0 la graisse de canard : un d\u00e9lice automnal pr\u00eat \u00e0 l\u2019emploi. Le roi des champignons sublim\u00e9 par la graisse de canard. Saveurs d\u2019exception.","robots":{"index":"index","follow":"follow","max-snippet":"max-snippet:-1","max-image-preview":"max-image-preview:large","max-video-preview":"max-video-preview:-1"},"canonical":"https:\/\/www.maison-occitane.com\/fr\/produit\/cepes-a-la-graisse-de-canard-jambes-et-morceaux\/","og_locale":"fr_FR","og_type":"article","og_title":"CEPES A LA GRAISSE DE CANARD JAMBES ET MORCEAUX - Maison Occitane","og_description":"C\u00e8pes \u00e0 la graisse de canard : un d\u00e9lice automnal pr\u00eat \u00e0 l\u2019emploi. Le roi des champignons sublim\u00e9 par la graisse de canard. Saveurs d\u2019exception.","og_url":"https:\/\/www.maison-occitane.com\/fr\/produit\/cepes-a-la-graisse-de-canard-jambes-et-morceaux\/","og_site_name":"Maison Occitane","article_modified_time":"2026-04-12T05:52:54+00:00","og_image":[{"width":520,"height":420,"url":"https:\/\/www.maison-occitane.com\/app\/uploads\/2025\/07\/8246_520px.jpg","type":"image\/jpeg"}],"twitter_card":"summary_large_image","twitter_misc":{"Dur\u00e9e de lecture estim\u00e9e":"1 minute"},"schema":{"@context":"https:\/\/schema.org","@graph":[{"@type":"WebPage","@id":"https:\/\/www.maison-occitane.com\/fr\/produit\/cepes-a-la-graisse-de-canard-jambes-et-morceaux\/","url":"https:\/\/www.maison-occitane.com\/fr\/produit\/cepes-a-la-graisse-de-canard-jambes-et-morceaux\/","name":"CEPES A LA GRAISSE DE CANARD JAMBES ET MORCEAUX - Maison Occitane","isPartOf":{"@id":"https:\/\/www.maison-occitane.com\/fr\/#website"},"primaryImageOfPage":{"@id":"https:\/\/www.maison-occitane.com\/fr\/produit\/cepes-a-la-graisse-de-canard-jambes-et-morceaux\/#primaryimage"},"image":{"@id":"https:\/\/www.maison-occitane.com\/fr\/produit\/cepes-a-la-graisse-de-canard-jambes-et-morceaux\/#primaryimage"},"thumbnailUrl":"https:\/\/www.maison-occitane.com\/app\/uploads\/2025\/07\/8246_520px.jpg","datePublished":"2025-07-22T11:55:16+00:00","dateModified":"2026-04-12T05:52:54+00:00","description":"C\u00e8pes \u00e0 la graisse de canard : un d\u00e9lice automnal pr\u00eat \u00e0 l\u2019emploi. Le roi des champignons sublim\u00e9 par la graisse de canard. Saveurs d\u2019exception.","breadcrumb":{"@id":"https:\/\/www.maison-occitane.com\/fr\/produit\/cepes-a-la-graisse-de-canard-jambes-et-morceaux\/#breadcrumb"},"inLanguage":"fr-FR","potentialAction":[{"@type":"ReadAction","target":["https:\/\/www.maison-occitane.com\/fr\/produit\/cepes-a-la-graisse-de-canard-jambes-et-morceaux\/"]}]},{"@type":"ImageObject","inLanguage":"fr-FR","@id":"https:\/\/www.maison-occitane.com\/fr\/produit\/cepes-a-la-graisse-de-canard-jambes-et-morceaux\/#primaryimage","url":"https:\/\/www.maison-occitane.com\/app\/uploads\/2025\/07\/8246_520px.jpg","contentUrl":"https:\/\/www.maison-occitane.com\/app\/uploads\/2025\/07\/8246_520px.jpg","width":520,"height":420,"caption":"C\u00e8pes jambes et morceaux cuisin\u00e9s \u00e0 la graisse de canard"},{"@type":"BreadcrumbList","@id":"https:\/\/www.maison-occitane.com\/fr\/produit\/cepes-a-la-graisse-de-canard-jambes-et-morceaux\/#breadcrumb","itemListElement":[{"@type":"ListItem","position":1,"name":"Accueil","item":"https:\/\/www.maison-occitane.com\/fr\/"},{"@type":"ListItem","position":2,"name":"Produits","item":"https:\/\/www.maison-occitane.com\/fr\/shop\/"},{"@type":"ListItem","position":3,"name":"\u00c9picerie fine","item":"https:\/\/www.maison-occitane.com\/fr\/boutique\/epicerie-fine\/"},{"@type":"ListItem","position":4,"name":"Garnitures","item":"https:\/\/www.maison-occitane.com\/fr\/boutique\/epicerie-fine\/garnitures\/"},{"@type":"ListItem","position":5,"name":"CEPES A LA GRAISSE DE CANARD JAMBES ET MORCEAUX"}]},{"@type":"WebSite","@id":"https:\/\/www.maison-occitane.com\/fr\/#website","url":"https:\/\/www.maison-occitane.com\/fr\/","name":"Maison Occitane","description":"","potentialAction":[{"@type":"SearchAction","target":{"@type":"EntryPoint","urlTemplate":"https:\/\/www.maison-occitane.com\/fr\/?s={search_term_string}"},"query-input":{"@type":"PropertyValueSpecification","valueRequired":true,"valueName":"search_term_string"}}],"inLanguage":"fr-FR"}]}},"_links":{"self":[{"href":"https:\/\/www.maison-occitane.com\/fr\/wp-json\/wp\/v2\/product\/5131","targetHints":{"allow":["GET"]}}],"collection":[{"href":"https:\/\/www.maison-occitane.com\/fr\/wp-json\/wp\/v2\/product"}],"about":[{"href":"https:\/\/www.maison-occitane.com\/fr\/wp-json\/wp\/v2\/types\/product"}],"replies":[{"embeddable":true,"href":"https:\/\/www.maison-occitane.com\/fr\/wp-json\/wp\/v2\/comments?post=5131"}],"wp:featuredmedia":[{"embeddable":true,"href":"https:\/\/www.maison-occitane.com\/fr\/wp-json\/wp\/v2\/media\/5840"}],"wp:attachment":[{"href":"https:\/\/www.maison-occitane.com\/fr\/wp-json\/wp\/v2\/media?parent=5131"}],"wp:term":[{"taxonomy":"product_cat","embeddable":true,"href":"https:\/\/www.maison-occitane.com\/fr\/wp-json\/wp\/v2\/product_cat?post=5131"},{"taxonomy":"product_tag","embeddable":true,"href":"https:\/\/www.maison-occitane.com\/fr\/wp-json\/wp\/v2\/product_tag?post=5131"},{"taxonomy":"product_origine","embeddable":true,"href":"https:\/\/www.maison-occitane.com\/fr\/wp-json\/wp\/v2\/origines?post=5131"},{"taxonomy":"label_qualite","embeddable":true,"href":"https:\/\/www.maison-occitane.com\/fr\/wp-json\/wp\/v2\/labels-qualite?post=5131"}],"curies":[{"name":"wp","href":"https:\/\/api.w.org\/{rel}","templated":true}]}}