{"id":3607,"date":"2025-05-05T08:50:52","date_gmt":"2025-05-05T06:50:52","guid":{"rendered":"http:\/\/localhost:8080\/non%20class\u00e9\/les-secrets-du-terroir\/"},"modified":"2026-04-24T16:59:45","modified_gmt":"2026-04-24T14:59:45","slug":"les-secrets-du-terroir","status":"publish","type":"product","link":"https:\/\/www.maison-occitane.com\/fr\/produit\/les-secrets-du-terroir\/","title":{"rendered":"LES SECRETS DU TERROIR"},"content":{"rendered":"<p><strong data-start=\"729\" data-end=\"755\">Les Secrets du Terroir,\u00a0<\/strong><\/p>\n<p>C\u2019est un coffret gastronomique pens\u00e9 pour les amateurs d\u2019authenticit\u00e9 et de raffinement.<\/p>\n<p>Valisette Rocamadour 38,3&#215;32,5&#215;10 cm comprenant :<\/p>\n<p><strong>Foie gras de canard entier France bocal 130g :<\/strong> Pr\u00e9par\u00e9 dans le respect des traditions par Maison Occitane, \u00e0 partir de canards \u00e9lev\u00e9s dans notre r\u00e9gion. Onctueux, g\u00e9n\u00e9reux, simplement assaisonn\u00e9 de sel et de poivre.<\/p>\n<p><strong>Terrine de canard au foie gras et vin moelleux bocal 90g<\/strong> : Edition 50 ans : une \u00e9dition sp\u00e9ciale 50 ans, qui marie foie gras, viande de canard, porc fran\u00e7ais et vin doux de Gascogne.<\/p>\n<p><a href=\"https:\/\/www.maison-occitane.com\/fr\/produit\/confit-de-figues-bocal-de-40g\/\"><strong>Confit de figues bocal 40g :<\/strong><\/a> C&rsquo;est l\u2019accord sucr\u00e9-acidul\u00e9 parfait pour sublimer le foie gras par excellence.<\/p>\n<p><a href=\"https:\/\/www.maison-occitane.com\/fr\/produit\/confit-doignons-bocal-de-40g\/\"><strong>Confit d\u2019oignons bocal 40g :<\/strong><\/a> Doux et fondant, il accompagne aussi bien les terrines que les fromages affin\u00e9s. C&rsquo;est une valeur s\u00fbre pour accompagner le foie gras.<\/p>\n<p><a href=\"https:\/\/www.maison-occitane.com\/fr\/produit\/delice-de-meme-lulu-a-lail-rose-verrine\/\"><strong>D\u00e9lice de m\u00e9m\u00e9 Lulu \u00e0 l\u2019ail rose bocal 90g :<\/strong><\/a> Une recette traditionnelle, sans conservateur, fid\u00e8le au go\u00fbt des recettes familiales.<\/p>\n<p><a href=\"https:\/\/www.maison-occitane.com\/produit\/cahors-aop-chateau-la-coustarelle-vintage-75cl\/\"><strong>Cahors AOP ch\u00e2teau la Coustarelle 2019 vintage bouteille 75cl :<\/strong><\/a> Un vin rouge 100 % Malbec aux ar\u00f4mes puissants, pour accompagner \u00e0 merveille les mets de caract\u00e8re.<\/p>\n","protected":false},"excerpt":{"rendered":"<p>Coffret gastronomique raffin\u00e9 avec du foie gras de canard entier, des terrines et du vin de Cahors. Une id\u00e9e cadeau 100 % terroir, \u00e0 offrir ou \u00e0 partager. Des mets authentiques et raffin\u00e9s issus de notre terroir, \u00e0 savourer en famille ou entre amis. L&rsquo;alliance parfaite entre tradition, go\u00fbt et plaisir d\u2019offrir. Pour tous achats de notre coffret participez au <span style=\"color: #f29400;\"><strong>Grand jeu concours sp\u00e9cial 50 ans !<\/strong><\/span><\/p>\n","protected":false},"featured_media":4615,"comment_status":"open","ping_status":"closed","template":"","meta":{"_acf_changed":false},"product_cat":[772],"product_tag":[],"origines":[],"labels-qualite":[],"class_list":{"0":"post-3607","1":"product","2":"type-product","3":"status-publish","4":"has-post-thumbnail","6":"product_brand-maison-occitane","7":"product_cat-coffrets-cadeaux","9":"first","10":"instock","11":"taxable","12":"shipping-taxable","13":"purchasable","14":"product-type-simple","15":"add-to-wishlist-before_image"},"acf":[],"yoast_head":"<!-- This site is optimized with the Yoast SEO plugin v24.9 - https:\/\/yoast.com\/wordpress\/plugins\/seo\/ -->\n<title>LES SECRETS DU TERROIR - Maison Occitane<\/title>\n<meta name=\"description\" content=\"Offrez un moment d\u2019exception avec ce coffret gourmand compos\u00e9 de produits embl\u00e9matiques de notre terroir : foie gras entier, condiments raffin\u00e9s, vin de Cahors\u2026 Une id\u00e9e cadeau parfaite pour sublimer les ap\u00e9ritifs de fin d\u2019ann\u00e9e.\" \/>\n<meta name=\"robots\" content=\"index, follow, max-snippet:-1, max-image-preview:large, max-video-preview:-1\" \/>\n<link rel=\"canonical\" href=\"https:\/\/www.maison-occitane.com\/fr\/produit\/les-secrets-du-terroir\/\" \/>\n<meta property=\"og:locale\" content=\"fr_FR\" \/>\n<meta property=\"og:type\" content=\"article\" \/>\n<meta property=\"og:title\" content=\"LES SECRETS DU TERROIR - Maison Occitane\" \/>\n<meta property=\"og:description\" content=\"Offrez un moment d\u2019exception avec ce coffret gourmand compos\u00e9 de produits embl\u00e9matiques de notre terroir : foie gras entier, condiments raffin\u00e9s, vin de Cahors\u2026 Une id\u00e9e cadeau parfaite pour sublimer les ap\u00e9ritifs de fin d\u2019ann\u00e9e.\" \/>\n<meta property=\"og:url\" content=\"https:\/\/www.maison-occitane.com\/fr\/produit\/les-secrets-du-terroir\/\" \/>\n<meta property=\"og:site_name\" content=\"Maison Occitane\" \/>\n<meta property=\"article:modified_time\" content=\"2026-04-24T14:59:45+00:00\" \/>\n<meta property=\"og:image\" content=\"https:\/\/www.maison-occitane.com\/app\/uploads\/2025\/05\/202263-Les-secrets-du-terroir_520px.jpg\" \/>\n\t<meta property=\"og:image:width\" content=\"520\" \/>\n\t<meta property=\"og:image:height\" content=\"450\" \/>\n\t<meta property=\"og:image:type\" content=\"image\/jpeg\" \/>\n<meta name=\"twitter:card\" content=\"summary_large_image\" \/>\n<meta name=\"twitter:label1\" content=\"Dur\u00e9e de lecture estim\u00e9e\" \/>\n\t<meta name=\"twitter:data1\" content=\"2 minutes\" \/>\n<script type=\"application\/ld+json\" class=\"yoast-schema-graph\">{\"@context\":\"https:\/\/schema.org\",\"@graph\":[{\"@type\":\"WebPage\",\"@id\":\"https:\/\/www.maison-occitane.com\/fr\/produit\/les-secrets-du-terroir\/\",\"url\":\"https:\/\/www.maison-occitane.com\/fr\/produit\/les-secrets-du-terroir\/\",\"name\":\"LES SECRETS DU TERROIR - Maison Occitane\",\"isPartOf\":{\"@id\":\"https:\/\/www.maison-occitane.com\/fr\/#website\"},\"primaryImageOfPage\":{\"@id\":\"https:\/\/www.maison-occitane.com\/fr\/produit\/les-secrets-du-terroir\/#primaryimage\"},\"image\":{\"@id\":\"https:\/\/www.maison-occitane.com\/fr\/produit\/les-secrets-du-terroir\/#primaryimage\"},\"thumbnailUrl\":\"https:\/\/www.maison-occitane.com\/app\/uploads\/2025\/05\/202263-Les-secrets-du-terroir_520px.jpg\",\"datePublished\":\"2025-05-05T06:50:52+00:00\",\"dateModified\":\"2026-04-24T14:59:45+00:00\",\"description\":\"Offrez un moment d\u2019exception avec ce coffret gourmand compos\u00e9 de produits embl\u00e9matiques de notre terroir : foie gras entier, condiments raffin\u00e9s, vin de Cahors\u2026 Une id\u00e9e cadeau parfaite pour sublimer les ap\u00e9ritifs de fin d\u2019ann\u00e9e.\",\"breadcrumb\":{\"@id\":\"https:\/\/www.maison-occitane.com\/fr\/produit\/les-secrets-du-terroir\/#breadcrumb\"},\"inLanguage\":\"fr-FR\",\"potentialAction\":[{\"@type\":\"ReadAction\",\"target\":[\"https:\/\/www.maison-occitane.com\/fr\/produit\/les-secrets-du-terroir\/\"]}]},{\"@type\":\"ImageObject\",\"inLanguage\":\"fr-FR\",\"@id\":\"https:\/\/www.maison-occitane.com\/fr\/produit\/les-secrets-du-terroir\/#primaryimage\",\"url\":\"https:\/\/www.maison-occitane.com\/app\/uploads\/2025\/05\/202263-Les-secrets-du-terroir_520px.jpg\",\"contentUrl\":\"https:\/\/www.maison-occitane.com\/app\/uploads\/2025\/05\/202263-Les-secrets-du-terroir_520px.jpg\",\"width\":520,\"height\":450,\"caption\":\"Coffret Les secrets du terroir\"},{\"@type\":\"BreadcrumbList\",\"@id\":\"https:\/\/www.maison-occitane.com\/fr\/produit\/les-secrets-du-terroir\/#breadcrumb\",\"itemListElement\":[{\"@type\":\"ListItem\",\"position\":1,\"name\":\"Accueil\",\"item\":\"https:\/\/www.maison-occitane.com\/fr\/\"},{\"@type\":\"ListItem\",\"position\":2,\"name\":\"Produits\",\"item\":\"https:\/\/www.maison-occitane.com\/fr\/shop\/\"},{\"@type\":\"ListItem\",\"position\":3,\"name\":\"Coffrets cadeaux gourmands\",\"item\":\"https:\/\/www.maison-occitane.com\/fr\/boutique\/coffrets-cadeaux\/\"},{\"@type\":\"ListItem\",\"position\":4,\"name\":\"LES SECRETS DU TERROIR\"}]},{\"@type\":\"WebSite\",\"@id\":\"https:\/\/www.maison-occitane.com\/fr\/#website\",\"url\":\"https:\/\/www.maison-occitane.com\/fr\/\",\"name\":\"Maison Occitane\",\"description\":\"\",\"potentialAction\":[{\"@type\":\"SearchAction\",\"target\":{\"@type\":\"EntryPoint\",\"urlTemplate\":\"https:\/\/www.maison-occitane.com\/fr\/?s={search_term_string}\"},\"query-input\":{\"@type\":\"PropertyValueSpecification\",\"valueRequired\":true,\"valueName\":\"search_term_string\"}}],\"inLanguage\":\"fr-FR\"}]}<\/script>\n<!-- \/ Yoast SEO plugin. -->","yoast_head_json":{"title":"LES SECRETS DU TERROIR - Maison Occitane","description":"Offrez un moment d\u2019exception avec ce coffret gourmand compos\u00e9 de produits embl\u00e9matiques de notre terroir : foie gras entier, condiments raffin\u00e9s, vin de Cahors\u2026 Une id\u00e9e cadeau parfaite pour sublimer les ap\u00e9ritifs de fin d\u2019ann\u00e9e.","robots":{"index":"index","follow":"follow","max-snippet":"max-snippet:-1","max-image-preview":"max-image-preview:large","max-video-preview":"max-video-preview:-1"},"canonical":"https:\/\/www.maison-occitane.com\/fr\/produit\/les-secrets-du-terroir\/","og_locale":"fr_FR","og_type":"article","og_title":"LES SECRETS DU TERROIR - Maison Occitane","og_description":"Offrez un moment d\u2019exception avec ce coffret gourmand compos\u00e9 de produits embl\u00e9matiques de notre terroir : foie gras entier, condiments raffin\u00e9s, vin de Cahors\u2026 Une id\u00e9e cadeau parfaite pour sublimer les ap\u00e9ritifs de fin d\u2019ann\u00e9e.","og_url":"https:\/\/www.maison-occitane.com\/fr\/produit\/les-secrets-du-terroir\/","og_site_name":"Maison Occitane","article_modified_time":"2026-04-24T14:59:45+00:00","og_image":[{"width":520,"height":450,"url":"https:\/\/www.maison-occitane.com\/app\/uploads\/2025\/05\/202263-Les-secrets-du-terroir_520px.jpg","type":"image\/jpeg"}],"twitter_card":"summary_large_image","twitter_misc":{"Dur\u00e9e de lecture estim\u00e9e":"2 minutes"},"schema":{"@context":"https:\/\/schema.org","@graph":[{"@type":"WebPage","@id":"https:\/\/www.maison-occitane.com\/fr\/produit\/les-secrets-du-terroir\/","url":"https:\/\/www.maison-occitane.com\/fr\/produit\/les-secrets-du-terroir\/","name":"LES SECRETS DU TERROIR - Maison Occitane","isPartOf":{"@id":"https:\/\/www.maison-occitane.com\/fr\/#website"},"primaryImageOfPage":{"@id":"https:\/\/www.maison-occitane.com\/fr\/produit\/les-secrets-du-terroir\/#primaryimage"},"image":{"@id":"https:\/\/www.maison-occitane.com\/fr\/produit\/les-secrets-du-terroir\/#primaryimage"},"thumbnailUrl":"https:\/\/www.maison-occitane.com\/app\/uploads\/2025\/05\/202263-Les-secrets-du-terroir_520px.jpg","datePublished":"2025-05-05T06:50:52+00:00","dateModified":"2026-04-24T14:59:45+00:00","description":"Offrez un moment d\u2019exception avec ce coffret gourmand compos\u00e9 de produits embl\u00e9matiques de notre terroir : foie gras entier, condiments raffin\u00e9s, vin de Cahors\u2026 Une id\u00e9e cadeau parfaite pour sublimer les ap\u00e9ritifs de fin d\u2019ann\u00e9e.","breadcrumb":{"@id":"https:\/\/www.maison-occitane.com\/fr\/produit\/les-secrets-du-terroir\/#breadcrumb"},"inLanguage":"fr-FR","potentialAction":[{"@type":"ReadAction","target":["https:\/\/www.maison-occitane.com\/fr\/produit\/les-secrets-du-terroir\/"]}]},{"@type":"ImageObject","inLanguage":"fr-FR","@id":"https:\/\/www.maison-occitane.com\/fr\/produit\/les-secrets-du-terroir\/#primaryimage","url":"https:\/\/www.maison-occitane.com\/app\/uploads\/2025\/05\/202263-Les-secrets-du-terroir_520px.jpg","contentUrl":"https:\/\/www.maison-occitane.com\/app\/uploads\/2025\/05\/202263-Les-secrets-du-terroir_520px.jpg","width":520,"height":450,"caption":"Coffret Les secrets du terroir"},{"@type":"BreadcrumbList","@id":"https:\/\/www.maison-occitane.com\/fr\/produit\/les-secrets-du-terroir\/#breadcrumb","itemListElement":[{"@type":"ListItem","position":1,"name":"Accueil","item":"https:\/\/www.maison-occitane.com\/fr\/"},{"@type":"ListItem","position":2,"name":"Produits","item":"https:\/\/www.maison-occitane.com\/fr\/shop\/"},{"@type":"ListItem","position":3,"name":"Coffrets cadeaux gourmands","item":"https:\/\/www.maison-occitane.com\/fr\/boutique\/coffrets-cadeaux\/"},{"@type":"ListItem","position":4,"name":"LES SECRETS DU TERROIR"}]},{"@type":"WebSite","@id":"https:\/\/www.maison-occitane.com\/fr\/#website","url":"https:\/\/www.maison-occitane.com\/fr\/","name":"Maison Occitane","description":"","potentialAction":[{"@type":"SearchAction","target":{"@type":"EntryPoint","urlTemplate":"https:\/\/www.maison-occitane.com\/fr\/?s={search_term_string}"},"query-input":{"@type":"PropertyValueSpecification","valueRequired":true,"valueName":"search_term_string"}}],"inLanguage":"fr-FR"}]}},"_links":{"self":[{"href":"https:\/\/www.maison-occitane.com\/fr\/wp-json\/wp\/v2\/product\/3607","targetHints":{"allow":["GET"]}}],"collection":[{"href":"https:\/\/www.maison-occitane.com\/fr\/wp-json\/wp\/v2\/product"}],"about":[{"href":"https:\/\/www.maison-occitane.com\/fr\/wp-json\/wp\/v2\/types\/product"}],"replies":[{"embeddable":true,"href":"https:\/\/www.maison-occitane.com\/fr\/wp-json\/wp\/v2\/comments?post=3607"}],"wp:featuredmedia":[{"embeddable":true,"href":"https:\/\/www.maison-occitane.com\/fr\/wp-json\/wp\/v2\/media\/4615"}],"wp:attachment":[{"href":"https:\/\/www.maison-occitane.com\/fr\/wp-json\/wp\/v2\/media?parent=3607"}],"wp:term":[{"taxonomy":"product_cat","embeddable":true,"href":"https:\/\/www.maison-occitane.com\/fr\/wp-json\/wp\/v2\/product_cat?post=3607"},{"taxonomy":"product_tag","embeddable":true,"href":"https:\/\/www.maison-occitane.com\/fr\/wp-json\/wp\/v2\/product_tag?post=3607"},{"taxonomy":"product_origine","embeddable":true,"href":"https:\/\/www.maison-occitane.com\/fr\/wp-json\/wp\/v2\/origines?post=3607"},{"taxonomy":"label_qualite","embeddable":true,"href":"https:\/\/www.maison-occitane.com\/fr\/wp-json\/wp\/v2\/labels-qualite?post=3607"}],"curies":[{"name":"wp","href":"https:\/\/api.w.org\/{rel}","templated":true}]}}