{"id":3597,"date":"2025-05-05T08:50:50","date_gmt":"2025-05-05T06:50:50","guid":{"rendered":"http:\/\/localhost:8080\/non%20class\u00e9\/grillon-de-canard-a-lail-france-180g-conserve-bocal\/"},"modified":"2026-04-10T14:13:08","modified_gmt":"2026-04-10T12:13:08","slug":"grillon-de-canard-a-lail-france-180g-conserve-bocal","status":"publish","type":"product","link":"https:\/\/www.maison-occitane.com\/fr\/produit\/grillon-de-canard-a-lail-france-180g-conserve-bocal\/","title":{"rendered":"GRILLON DE CANARD A L&rsquo;AIL"},"content":{"rendered":"<p>Un grillon raffin\u00e9, confectionn\u00e9 en France \u00e0 partir de viande et gras de canard fran\u00e7aise lentement confits, relev\u00e9s par une touche d\u2019\u00e9chalote fra\u00eeche (12,5\u202f%) et de pulpe d\u2019ail. Le go\u00fbt intense et fondant du canard confit rencontre la douceur de l\u2019\u00e9chalote et le peps de l\u2019ail, pour une explosion de saveurs en bouche. Une recette pleine de caract\u00e8re, subtilement parfum\u00e9e. Une liste d\u2019ingr\u00e9dients avec seulement l\u2019essentiel : Canard, \u00e9chalote, ail, sel, poivre. Rien de plus.<\/p>\n<p>Un produit 100\u202f% <strong data-start=\"983\" data-end=\"1001\">origine France<\/strong>, qui mise sur la qualit\u00e9 des mati\u00e8res premi\u00e8res.<\/p>\n<p><strong><span style=\"color: #f29400;\">Nombre de parts : <\/span><\/strong>180g \u2192 4 \u00e0 5 parts<\/p>\n","protected":false},"excerpt":{"rendered":"<p>Un grillon raffin\u00e9 100\u202f% origine France, \u00e0 base de canard confit, \u00e9chalote et ail. Une recette pleine de caract\u00e8re, id\u00e9ale pour vos ap\u00e9ritifs, entr\u00e9es ou casse-cro\u00fbtes gourmands.<\/p>\n","protected":false},"featured_media":4247,"comment_status":"open","ping_status":"closed","template":"","meta":{"_acf_changed":false},"product_cat":[773,784],"product_tag":[],"origines":[798],"labels-qualite":[],"class_list":{"0":"post-3597","1":"product","2":"type-product","3":"status-publish","4":"has-post-thumbnail","6":"product_brand-maison-occitane","7":"product_cat-specialites-du-sud-ouest","8":"product_cat-entrees-du-terroir","9":"product_origine-france","11":"first","12":"instock","13":"taxable","14":"shipping-taxable","15":"purchasable","16":"product-type-simple","17":"add-to-wishlist-before_image"},"acf":[],"yoast_head":"<!-- This site is optimized with the Yoast SEO plugin v24.9 - https:\/\/yoast.com\/wordpress\/plugins\/seo\/ -->\n<title>GRILLON DE CANARD A L&#039;AIL - Maison Occitane<\/title>\n<meta name=\"description\" content=\"Grillon raffin\u00e9 au canard confit, \u00e9chalote et ail origine France. Fabriqu\u00e9 dans notre atelier. Une recette pleine de caract\u00e8re, id\u00e9ale pour vos ap\u00e9ritifs, entr\u00e9es ou casse-cro\u00fbtes gourmands.\" \/>\n<meta name=\"robots\" content=\"index, follow, max-snippet:-1, max-image-preview:large, max-video-preview:-1\" \/>\n<link rel=\"canonical\" href=\"https:\/\/www.maison-occitane.com\/fr\/produit\/grillon-de-canard-a-lail-france-180g-conserve-bocal\/\" \/>\n<meta property=\"og:locale\" content=\"fr_FR\" \/>\n<meta property=\"og:type\" content=\"article\" \/>\n<meta property=\"og:title\" content=\"GRILLON DE CANARD A L&#039;AIL - Maison Occitane\" \/>\n<meta property=\"og:description\" content=\"Grillon raffin\u00e9 au canard confit, \u00e9chalote et ail origine France. Fabriqu\u00e9 dans notre atelier. Une recette pleine de caract\u00e8re, id\u00e9ale pour vos ap\u00e9ritifs, entr\u00e9es ou casse-cro\u00fbtes gourmands.\" \/>\n<meta property=\"og:url\" content=\"https:\/\/www.maison-occitane.com\/fr\/produit\/grillon-de-canard-a-lail-france-180g-conserve-bocal\/\" \/>\n<meta property=\"og:site_name\" content=\"Maison Occitane\" \/>\n<meta property=\"article:modified_time\" content=\"2026-04-10T12:13:08+00:00\" \/>\n<meta property=\"og:image\" content=\"https:\/\/www.maison-occitane.com\/app\/uploads\/2025\/05\/202110_520px.jpg\" \/>\n\t<meta property=\"og:image:width\" content=\"520\" \/>\n\t<meta property=\"og:image:height\" content=\"450\" \/>\n\t<meta property=\"og:image:type\" content=\"image\/jpeg\" \/>\n<meta name=\"twitter:card\" content=\"summary_large_image\" \/>\n<meta name=\"twitter:label1\" content=\"Dur\u00e9e de lecture estim\u00e9e\" \/>\n\t<meta name=\"twitter:data1\" content=\"1 minute\" \/>\n<script type=\"application\/ld+json\" class=\"yoast-schema-graph\">{\"@context\":\"https:\/\/schema.org\",\"@graph\":[{\"@type\":\"WebPage\",\"@id\":\"https:\/\/www.maison-occitane.com\/fr\/produit\/grillon-de-canard-a-lail-france-180g-conserve-bocal\/\",\"url\":\"https:\/\/www.maison-occitane.com\/fr\/produit\/grillon-de-canard-a-lail-france-180g-conserve-bocal\/\",\"name\":\"GRILLON DE CANARD A L'AIL - Maison Occitane\",\"isPartOf\":{\"@id\":\"https:\/\/www.maison-occitane.com\/fr\/#website\"},\"primaryImageOfPage\":{\"@id\":\"https:\/\/www.maison-occitane.com\/fr\/produit\/grillon-de-canard-a-lail-france-180g-conserve-bocal\/#primaryimage\"},\"image\":{\"@id\":\"https:\/\/www.maison-occitane.com\/fr\/produit\/grillon-de-canard-a-lail-france-180g-conserve-bocal\/#primaryimage\"},\"thumbnailUrl\":\"https:\/\/www.maison-occitane.com\/app\/uploads\/2025\/05\/202110_520px.jpg\",\"datePublished\":\"2025-05-05T06:50:50+00:00\",\"dateModified\":\"2026-04-10T12:13:08+00:00\",\"description\":\"Grillon raffin\u00e9 au canard confit, \u00e9chalote et ail origine France. Fabriqu\u00e9 dans notre atelier. Une recette pleine de caract\u00e8re, id\u00e9ale pour vos ap\u00e9ritifs, entr\u00e9es ou casse-cro\u00fbtes gourmands.\",\"breadcrumb\":{\"@id\":\"https:\/\/www.maison-occitane.com\/fr\/produit\/grillon-de-canard-a-lail-france-180g-conserve-bocal\/#breadcrumb\"},\"inLanguage\":\"fr-FR\",\"potentialAction\":[{\"@type\":\"ReadAction\",\"target\":[\"https:\/\/www.maison-occitane.com\/fr\/produit\/grillon-de-canard-a-lail-france-180g-conserve-bocal\/\"]}]},{\"@type\":\"ImageObject\",\"inLanguage\":\"fr-FR\",\"@id\":\"https:\/\/www.maison-occitane.com\/fr\/produit\/grillon-de-canard-a-lail-france-180g-conserve-bocal\/#primaryimage\",\"url\":\"https:\/\/www.maison-occitane.com\/app\/uploads\/2025\/05\/202110_520px.jpg\",\"contentUrl\":\"https:\/\/www.maison-occitane.com\/app\/uploads\/2025\/05\/202110_520px.jpg\",\"width\":520,\"height\":450,\"caption\":\"Grillons de canard gourmets \u00e0 l'ail\"},{\"@type\":\"BreadcrumbList\",\"@id\":\"https:\/\/www.maison-occitane.com\/fr\/produit\/grillon-de-canard-a-lail-france-180g-conserve-bocal\/#breadcrumb\",\"itemListElement\":[{\"@type\":\"ListItem\",\"position\":1,\"name\":\"Accueil\",\"item\":\"https:\/\/www.maison-occitane.com\/fr\/\"},{\"@type\":\"ListItem\",\"position\":2,\"name\":\"Produits\",\"item\":\"https:\/\/www.maison-occitane.com\/fr\/shop\/\"},{\"@type\":\"ListItem\",\"position\":3,\"name\":\"Sp\u00e9cialit\u00e9s du Sud-Ouest\",\"item\":\"https:\/\/www.maison-occitane.com\/fr\/boutique\/specialites-du-sud-ouest\/\"},{\"@type\":\"ListItem\",\"position\":4,\"name\":\"GRILLON DE CANARD A L&rsquo;AIL\"}]},{\"@type\":\"WebSite\",\"@id\":\"https:\/\/www.maison-occitane.com\/fr\/#website\",\"url\":\"https:\/\/www.maison-occitane.com\/fr\/\",\"name\":\"Maison Occitane\",\"description\":\"\",\"potentialAction\":[{\"@type\":\"SearchAction\",\"target\":{\"@type\":\"EntryPoint\",\"urlTemplate\":\"https:\/\/www.maison-occitane.com\/fr\/?s={search_term_string}\"},\"query-input\":{\"@type\":\"PropertyValueSpecification\",\"valueRequired\":true,\"valueName\":\"search_term_string\"}}],\"inLanguage\":\"fr-FR\"}]}<\/script>\n<!-- \/ Yoast SEO plugin. -->","yoast_head_json":{"title":"GRILLON DE CANARD A L'AIL - Maison Occitane","description":"Grillon raffin\u00e9 au canard confit, \u00e9chalote et ail origine France. Fabriqu\u00e9 dans notre atelier. Une recette pleine de caract\u00e8re, id\u00e9ale pour vos ap\u00e9ritifs, entr\u00e9es ou casse-cro\u00fbtes gourmands.","robots":{"index":"index","follow":"follow","max-snippet":"max-snippet:-1","max-image-preview":"max-image-preview:large","max-video-preview":"max-video-preview:-1"},"canonical":"https:\/\/www.maison-occitane.com\/fr\/produit\/grillon-de-canard-a-lail-france-180g-conserve-bocal\/","og_locale":"fr_FR","og_type":"article","og_title":"GRILLON DE CANARD A L'AIL - Maison Occitane","og_description":"Grillon raffin\u00e9 au canard confit, \u00e9chalote et ail origine France. Fabriqu\u00e9 dans notre atelier. Une recette pleine de caract\u00e8re, id\u00e9ale pour vos ap\u00e9ritifs, entr\u00e9es ou casse-cro\u00fbtes gourmands.","og_url":"https:\/\/www.maison-occitane.com\/fr\/produit\/grillon-de-canard-a-lail-france-180g-conserve-bocal\/","og_site_name":"Maison Occitane","article_modified_time":"2026-04-10T12:13:08+00:00","og_image":[{"width":520,"height":450,"url":"https:\/\/www.maison-occitane.com\/app\/uploads\/2025\/05\/202110_520px.jpg","type":"image\/jpeg"}],"twitter_card":"summary_large_image","twitter_misc":{"Dur\u00e9e de lecture estim\u00e9e":"1 minute"},"schema":{"@context":"https:\/\/schema.org","@graph":[{"@type":"WebPage","@id":"https:\/\/www.maison-occitane.com\/fr\/produit\/grillon-de-canard-a-lail-france-180g-conserve-bocal\/","url":"https:\/\/www.maison-occitane.com\/fr\/produit\/grillon-de-canard-a-lail-france-180g-conserve-bocal\/","name":"GRILLON DE CANARD A L'AIL - Maison Occitane","isPartOf":{"@id":"https:\/\/www.maison-occitane.com\/fr\/#website"},"primaryImageOfPage":{"@id":"https:\/\/www.maison-occitane.com\/fr\/produit\/grillon-de-canard-a-lail-france-180g-conserve-bocal\/#primaryimage"},"image":{"@id":"https:\/\/www.maison-occitane.com\/fr\/produit\/grillon-de-canard-a-lail-france-180g-conserve-bocal\/#primaryimage"},"thumbnailUrl":"https:\/\/www.maison-occitane.com\/app\/uploads\/2025\/05\/202110_520px.jpg","datePublished":"2025-05-05T06:50:50+00:00","dateModified":"2026-04-10T12:13:08+00:00","description":"Grillon raffin\u00e9 au canard confit, \u00e9chalote et ail origine France. Fabriqu\u00e9 dans notre atelier. Une recette pleine de caract\u00e8re, id\u00e9ale pour vos ap\u00e9ritifs, entr\u00e9es ou casse-cro\u00fbtes gourmands.","breadcrumb":{"@id":"https:\/\/www.maison-occitane.com\/fr\/produit\/grillon-de-canard-a-lail-france-180g-conserve-bocal\/#breadcrumb"},"inLanguage":"fr-FR","potentialAction":[{"@type":"ReadAction","target":["https:\/\/www.maison-occitane.com\/fr\/produit\/grillon-de-canard-a-lail-france-180g-conserve-bocal\/"]}]},{"@type":"ImageObject","inLanguage":"fr-FR","@id":"https:\/\/www.maison-occitane.com\/fr\/produit\/grillon-de-canard-a-lail-france-180g-conserve-bocal\/#primaryimage","url":"https:\/\/www.maison-occitane.com\/app\/uploads\/2025\/05\/202110_520px.jpg","contentUrl":"https:\/\/www.maison-occitane.com\/app\/uploads\/2025\/05\/202110_520px.jpg","width":520,"height":450,"caption":"Grillons de canard gourmets \u00e0 l'ail"},{"@type":"BreadcrumbList","@id":"https:\/\/www.maison-occitane.com\/fr\/produit\/grillon-de-canard-a-lail-france-180g-conserve-bocal\/#breadcrumb","itemListElement":[{"@type":"ListItem","position":1,"name":"Accueil","item":"https:\/\/www.maison-occitane.com\/fr\/"},{"@type":"ListItem","position":2,"name":"Produits","item":"https:\/\/www.maison-occitane.com\/fr\/shop\/"},{"@type":"ListItem","position":3,"name":"Sp\u00e9cialit\u00e9s du Sud-Ouest","item":"https:\/\/www.maison-occitane.com\/fr\/boutique\/specialites-du-sud-ouest\/"},{"@type":"ListItem","position":4,"name":"GRILLON DE CANARD A L&rsquo;AIL"}]},{"@type":"WebSite","@id":"https:\/\/www.maison-occitane.com\/fr\/#website","url":"https:\/\/www.maison-occitane.com\/fr\/","name":"Maison Occitane","description":"","potentialAction":[{"@type":"SearchAction","target":{"@type":"EntryPoint","urlTemplate":"https:\/\/www.maison-occitane.com\/fr\/?s={search_term_string}"},"query-input":{"@type":"PropertyValueSpecification","valueRequired":true,"valueName":"search_term_string"}}],"inLanguage":"fr-FR"}]}},"_links":{"self":[{"href":"https:\/\/www.maison-occitane.com\/fr\/wp-json\/wp\/v2\/product\/3597","targetHints":{"allow":["GET"]}}],"collection":[{"href":"https:\/\/www.maison-occitane.com\/fr\/wp-json\/wp\/v2\/product"}],"about":[{"href":"https:\/\/www.maison-occitane.com\/fr\/wp-json\/wp\/v2\/types\/product"}],"replies":[{"embeddable":true,"href":"https:\/\/www.maison-occitane.com\/fr\/wp-json\/wp\/v2\/comments?post=3597"}],"wp:featuredmedia":[{"embeddable":true,"href":"https:\/\/www.maison-occitane.com\/fr\/wp-json\/wp\/v2\/media\/4247"}],"wp:attachment":[{"href":"https:\/\/www.maison-occitane.com\/fr\/wp-json\/wp\/v2\/media?parent=3597"}],"wp:term":[{"taxonomy":"product_cat","embeddable":true,"href":"https:\/\/www.maison-occitane.com\/fr\/wp-json\/wp\/v2\/product_cat?post=3597"},{"taxonomy":"product_tag","embeddable":true,"href":"https:\/\/www.maison-occitane.com\/fr\/wp-json\/wp\/v2\/product_tag?post=3597"},{"taxonomy":"product_origine","embeddable":true,"href":"https:\/\/www.maison-occitane.com\/fr\/wp-json\/wp\/v2\/origines?post=3597"},{"taxonomy":"label_qualite","embeddable":true,"href":"https:\/\/www.maison-occitane.com\/fr\/wp-json\/wp\/v2\/labels-qualite?post=3597"}],"curies":[{"name":"wp","href":"https:\/\/api.w.org\/{rel}","templated":true}]}}