{"id":3595,"date":"2025-05-05T08:50:50","date_gmt":"2025-05-05T06:50:50","guid":{"rendered":"http:\/\/localhost:8080\/non%20class\u00e9\/lencas-du-lot\/"},"modified":"2026-04-23T04:36:43","modified_gmt":"2026-04-23T02:36:43","slug":"lencas-du-lot","status":"publish","type":"product","link":"https:\/\/www.maison-occitane.com\/fr\/produit\/lencas-du-lot\/","title":{"rendered":"L&rsquo;ENCAS DU LOT"},"content":{"rendered":"<p data-start=\"672\" data-end=\"758\"><strong data-start=\"672\" data-end=\"756\">Coffret L\u2019Encas du Lot<\/strong><\/p>\n<p data-start=\"760\" data-end=\"1182\">Un coffret gourmand et g\u00e9n\u00e9reux, id\u00e9al pour les amateurs de saveurs authentiques. Confectionn\u00e9 dans une barquette soign\u00e9e Made in France.\u00a0Le coffret comprend :<\/p>\n<p data-start=\"1213\" data-end=\"1476\"><strong data-start=\"1216\" data-end=\"1275\"><a href=\"https:\/\/www.maison-occitane.com\/fr\/produit\/papiton-de-canard-au-foie-gras-et-vin-de-gascogne-180g\/\">Papiton de canard au foie gras et vin de Gascogne<\/a> : <\/strong>Une terrine g\u00e9n\u00e9reuse et fondante, \u00e9labor\u00e9e avec 20 % de foie gras, de la viande de canard, du porc fran\u00e7ais et une touche de vin doux de Gascogne. Une recette chaleureuse, gourmande et subtilement parfum\u00e9e.<\/p>\n<p data-start=\"1480\" data-end=\"1686\"><a href=\"https:\/\/www.maison-occitane.com\/fr\/produit\/grattons-de-canard-a-lechalote-bocal-to-france\/\"><strong data-start=\"1483\" data-end=\"1524\">Grattons de canard \u00e0 l\u2019\u00e9chalote : <\/strong><\/a>Une sp\u00e9cialit\u00e9 savoureuse \u00e0 base de viande de canard mijot\u00e9e dans la graisse, relev\u00e9e par la douceur de l\u2019\u00e9chalote. Fondants et rustiques, parfaits \u00e0 tartiner.<\/p>\n<p data-start=\"1690\" data-end=\"1900\"><a href=\"https:\/\/www.maison-occitane.com\/fr\/produit\/rillettes-canard-sud-ouest-au-foie-canard-20-fc-verrine\/\"><strong data-start=\"1693\" data-end=\"1736\">Rillettes pur canard du Sud-Ouest : <\/strong><\/a>Classique du Sud-Ouest, cette rillettes 100 % canard est confite dans sa graisse et pr\u00e9par\u00e9e selon un savoir-faire traditionnel.<\/p>\n<p data-start=\"1904\" data-end=\"2109\"><a href=\"https:\/\/www.maison-occitane.com\/fr\/produit\/terrine-de-porc-au-magret-de-canard-fume-verrine\/\"><strong data-start=\"1907\" data-end=\"1957\">Terrine de porc au magret de canard fum\u00e9 : <\/strong><\/a>Une alliance audacieuse entre porc fran\u00e7ais et magret de canard fum\u00e9, aux ar\u00f4mes puissants et \u00e9l\u00e9gants. Une recette typique du Sud-Ouest, au caract\u00e8re affirm\u00e9.<\/p>\n<p data-start=\"2113\" data-end=\"2343\"><a href=\"https:\/\/www.maison-occitane.com\/fr\/produit\/cahors-aop-chateau-la-coustarelle-vintage-75cl\/\"><strong data-start=\"2116\" data-end=\"2184\">Cahors AOP Ch\u00e2teau La Coustarelle 2019 Vintage \u2013 Bouteille 75 cl : <\/strong><\/a>Un vin rouge de caract\u00e8re, 100 % lotois, parfaitement accord\u00e9 avec nos terrines.<\/p>\n<p data-start=\"2345\" data-end=\"2566\">Ce coffret est une <strong data-start=\"2367\" data-end=\"2405\">petite attention parfaite \u00e0 offrir.<\/strong> Il ravira tous les amateurs des bons produits du Sud-Ouest.<\/p>\n","protected":false},"excerpt":{"rendered":"<p><span class=\"notion-enable-hover\" data-token-index=\"0\">100% Lotois. Cette barquette cadeau ravira les amateurs de d\u00e9lices authentiques et de terroir. Pour un voyage gastronomique entre rillettes pur canard, p\u00e2t\u00e9 de canard au foie gras sans oublier le vin rouge AOP de Cahors. Offrez un v\u00e9ritable voyage gustatif.<\/span><\/p>\n","protected":false},"featured_media":4631,"comment_status":"open","ping_status":"closed","template":"","meta":{"_acf_changed":false},"product_cat":[772],"product_tag":[],"origines":[],"labels-qualite":[],"class_list":{"0":"post-3595","1":"product","2":"type-product","3":"status-publish","4":"has-post-thumbnail","6":"product_brand-maison-occitane","7":"product_cat-coffrets-cadeaux","9":"first","10":"instock","11":"taxable","12":"shipping-taxable","13":"purchasable","14":"product-type-simple","15":"add-to-wishlist-before_image"},"acf":[],"yoast_head":"<!-- This site is optimized with the Yoast SEO plugin v24.9 - https:\/\/yoast.com\/wordpress\/plugins\/seo\/ -->\n<title>L&#039;ENCAS DU LOT - Maison Occitane<\/title>\n<meta name=\"description\" content=\"Un coffret 100 % terroir, en direct de nos producteurs. Id\u00e9e cadeau avec rillettes, terrines et vin du Sud-Ouest pour un ap\u00e9ro authentique de notre terroir.\" \/>\n<meta name=\"robots\" content=\"index, follow, max-snippet:-1, max-image-preview:large, max-video-preview:-1\" \/>\n<link rel=\"canonical\" href=\"https:\/\/www.maison-occitane.com\/fr\/produit\/lencas-du-lot\/\" \/>\n<meta property=\"og:locale\" content=\"fr_FR\" \/>\n<meta property=\"og:type\" content=\"article\" \/>\n<meta property=\"og:title\" content=\"L&#039;ENCAS DU LOT - Maison Occitane\" \/>\n<meta property=\"og:description\" content=\"Un coffret 100 % terroir, en direct de nos producteurs. Id\u00e9e cadeau avec rillettes, terrines et vin du Sud-Ouest pour un ap\u00e9ro authentique de notre terroir.\" \/>\n<meta property=\"og:url\" content=\"https:\/\/www.maison-occitane.com\/fr\/produit\/lencas-du-lot\/\" \/>\n<meta property=\"og:site_name\" content=\"Maison Occitane\" \/>\n<meta property=\"article:modified_time\" content=\"2026-04-23T02:36:43+00:00\" \/>\n<meta property=\"og:image\" content=\"https:\/\/www.maison-occitane.com\/app\/uploads\/2025\/05\/201901_520px.jpg\" \/>\n\t<meta property=\"og:image:width\" content=\"520\" \/>\n\t<meta property=\"og:image:height\" content=\"450\" \/>\n\t<meta property=\"og:image:type\" content=\"image\/jpeg\" \/>\n<meta name=\"twitter:card\" content=\"summary_large_image\" \/>\n<meta name=\"twitter:label1\" content=\"Dur\u00e9e de lecture estim\u00e9e\" \/>\n\t<meta name=\"twitter:data1\" content=\"2 minutes\" \/>\n<script type=\"application\/ld+json\" class=\"yoast-schema-graph\">{\"@context\":\"https:\/\/schema.org\",\"@graph\":[{\"@type\":\"WebPage\",\"@id\":\"https:\/\/www.maison-occitane.com\/fr\/produit\/lencas-du-lot\/\",\"url\":\"https:\/\/www.maison-occitane.com\/fr\/produit\/lencas-du-lot\/\",\"name\":\"L'ENCAS DU LOT - Maison Occitane\",\"isPartOf\":{\"@id\":\"https:\/\/www.maison-occitane.com\/fr\/#website\"},\"primaryImageOfPage\":{\"@id\":\"https:\/\/www.maison-occitane.com\/fr\/produit\/lencas-du-lot\/#primaryimage\"},\"image\":{\"@id\":\"https:\/\/www.maison-occitane.com\/fr\/produit\/lencas-du-lot\/#primaryimage\"},\"thumbnailUrl\":\"https:\/\/www.maison-occitane.com\/app\/uploads\/2025\/05\/201901_520px.jpg\",\"datePublished\":\"2025-05-05T06:50:50+00:00\",\"dateModified\":\"2026-04-23T02:36:43+00:00\",\"description\":\"Un coffret 100 % terroir, en direct de nos producteurs. Id\u00e9e cadeau avec rillettes, terrines et vin du Sud-Ouest pour un ap\u00e9ro authentique de notre terroir.\",\"breadcrumb\":{\"@id\":\"https:\/\/www.maison-occitane.com\/fr\/produit\/lencas-du-lot\/#breadcrumb\"},\"inLanguage\":\"fr-FR\",\"potentialAction\":[{\"@type\":\"ReadAction\",\"target\":[\"https:\/\/www.maison-occitane.com\/fr\/produit\/lencas-du-lot\/\"]}]},{\"@type\":\"ImageObject\",\"inLanguage\":\"fr-FR\",\"@id\":\"https:\/\/www.maison-occitane.com\/fr\/produit\/lencas-du-lot\/#primaryimage\",\"url\":\"https:\/\/www.maison-occitane.com\/app\/uploads\/2025\/05\/201901_520px.jpg\",\"contentUrl\":\"https:\/\/www.maison-occitane.com\/app\/uploads\/2025\/05\/201901_520px.jpg\",\"width\":520,\"height\":450,\"caption\":\"L'enclas du lot\"},{\"@type\":\"BreadcrumbList\",\"@id\":\"https:\/\/www.maison-occitane.com\/fr\/produit\/lencas-du-lot\/#breadcrumb\",\"itemListElement\":[{\"@type\":\"ListItem\",\"position\":1,\"name\":\"Accueil\",\"item\":\"https:\/\/www.maison-occitane.com\/fr\/\"},{\"@type\":\"ListItem\",\"position\":2,\"name\":\"Produits\",\"item\":\"https:\/\/www.maison-occitane.com\/fr\/shop\/\"},{\"@type\":\"ListItem\",\"position\":3,\"name\":\"Coffrets cadeaux gourmands\",\"item\":\"https:\/\/www.maison-occitane.com\/fr\/boutique\/coffrets-cadeaux\/\"},{\"@type\":\"ListItem\",\"position\":4,\"name\":\"L&rsquo;ENCAS DU LOT\"}]},{\"@type\":\"WebSite\",\"@id\":\"https:\/\/www.maison-occitane.com\/fr\/#website\",\"url\":\"https:\/\/www.maison-occitane.com\/fr\/\",\"name\":\"Maison Occitane\",\"description\":\"\",\"potentialAction\":[{\"@type\":\"SearchAction\",\"target\":{\"@type\":\"EntryPoint\",\"urlTemplate\":\"https:\/\/www.maison-occitane.com\/fr\/?s={search_term_string}\"},\"query-input\":{\"@type\":\"PropertyValueSpecification\",\"valueRequired\":true,\"valueName\":\"search_term_string\"}}],\"inLanguage\":\"fr-FR\"}]}<\/script>\n<!-- \/ Yoast SEO plugin. -->","yoast_head_json":{"title":"L'ENCAS DU LOT - Maison Occitane","description":"Un coffret 100 % terroir, en direct de nos producteurs. Id\u00e9e cadeau avec rillettes, terrines et vin du Sud-Ouest pour un ap\u00e9ro authentique de notre terroir.","robots":{"index":"index","follow":"follow","max-snippet":"max-snippet:-1","max-image-preview":"max-image-preview:large","max-video-preview":"max-video-preview:-1"},"canonical":"https:\/\/www.maison-occitane.com\/fr\/produit\/lencas-du-lot\/","og_locale":"fr_FR","og_type":"article","og_title":"L'ENCAS DU LOT - Maison Occitane","og_description":"Un coffret 100 % terroir, en direct de nos producteurs. Id\u00e9e cadeau avec rillettes, terrines et vin du Sud-Ouest pour un ap\u00e9ro authentique de notre terroir.","og_url":"https:\/\/www.maison-occitane.com\/fr\/produit\/lencas-du-lot\/","og_site_name":"Maison Occitane","article_modified_time":"2026-04-23T02:36:43+00:00","og_image":[{"width":520,"height":450,"url":"https:\/\/www.maison-occitane.com\/app\/uploads\/2025\/05\/201901_520px.jpg","type":"image\/jpeg"}],"twitter_card":"summary_large_image","twitter_misc":{"Dur\u00e9e de lecture estim\u00e9e":"2 minutes"},"schema":{"@context":"https:\/\/schema.org","@graph":[{"@type":"WebPage","@id":"https:\/\/www.maison-occitane.com\/fr\/produit\/lencas-du-lot\/","url":"https:\/\/www.maison-occitane.com\/fr\/produit\/lencas-du-lot\/","name":"L'ENCAS DU LOT - Maison Occitane","isPartOf":{"@id":"https:\/\/www.maison-occitane.com\/fr\/#website"},"primaryImageOfPage":{"@id":"https:\/\/www.maison-occitane.com\/fr\/produit\/lencas-du-lot\/#primaryimage"},"image":{"@id":"https:\/\/www.maison-occitane.com\/fr\/produit\/lencas-du-lot\/#primaryimage"},"thumbnailUrl":"https:\/\/www.maison-occitane.com\/app\/uploads\/2025\/05\/201901_520px.jpg","datePublished":"2025-05-05T06:50:50+00:00","dateModified":"2026-04-23T02:36:43+00:00","description":"Un coffret 100 % terroir, en direct de nos producteurs. Id\u00e9e cadeau avec rillettes, terrines et vin du Sud-Ouest pour un ap\u00e9ro authentique de notre terroir.","breadcrumb":{"@id":"https:\/\/www.maison-occitane.com\/fr\/produit\/lencas-du-lot\/#breadcrumb"},"inLanguage":"fr-FR","potentialAction":[{"@type":"ReadAction","target":["https:\/\/www.maison-occitane.com\/fr\/produit\/lencas-du-lot\/"]}]},{"@type":"ImageObject","inLanguage":"fr-FR","@id":"https:\/\/www.maison-occitane.com\/fr\/produit\/lencas-du-lot\/#primaryimage","url":"https:\/\/www.maison-occitane.com\/app\/uploads\/2025\/05\/201901_520px.jpg","contentUrl":"https:\/\/www.maison-occitane.com\/app\/uploads\/2025\/05\/201901_520px.jpg","width":520,"height":450,"caption":"L'enclas du lot"},{"@type":"BreadcrumbList","@id":"https:\/\/www.maison-occitane.com\/fr\/produit\/lencas-du-lot\/#breadcrumb","itemListElement":[{"@type":"ListItem","position":1,"name":"Accueil","item":"https:\/\/www.maison-occitane.com\/fr\/"},{"@type":"ListItem","position":2,"name":"Produits","item":"https:\/\/www.maison-occitane.com\/fr\/shop\/"},{"@type":"ListItem","position":3,"name":"Coffrets cadeaux gourmands","item":"https:\/\/www.maison-occitane.com\/fr\/boutique\/coffrets-cadeaux\/"},{"@type":"ListItem","position":4,"name":"L&rsquo;ENCAS DU LOT"}]},{"@type":"WebSite","@id":"https:\/\/www.maison-occitane.com\/fr\/#website","url":"https:\/\/www.maison-occitane.com\/fr\/","name":"Maison Occitane","description":"","potentialAction":[{"@type":"SearchAction","target":{"@type":"EntryPoint","urlTemplate":"https:\/\/www.maison-occitane.com\/fr\/?s={search_term_string}"},"query-input":{"@type":"PropertyValueSpecification","valueRequired":true,"valueName":"search_term_string"}}],"inLanguage":"fr-FR"}]}},"_links":{"self":[{"href":"https:\/\/www.maison-occitane.com\/fr\/wp-json\/wp\/v2\/product\/3595","targetHints":{"allow":["GET"]}}],"collection":[{"href":"https:\/\/www.maison-occitane.com\/fr\/wp-json\/wp\/v2\/product"}],"about":[{"href":"https:\/\/www.maison-occitane.com\/fr\/wp-json\/wp\/v2\/types\/product"}],"replies":[{"embeddable":true,"href":"https:\/\/www.maison-occitane.com\/fr\/wp-json\/wp\/v2\/comments?post=3595"}],"wp:featuredmedia":[{"embeddable":true,"href":"https:\/\/www.maison-occitane.com\/fr\/wp-json\/wp\/v2\/media\/4631"}],"wp:attachment":[{"href":"https:\/\/www.maison-occitane.com\/fr\/wp-json\/wp\/v2\/media?parent=3595"}],"wp:term":[{"taxonomy":"product_cat","embeddable":true,"href":"https:\/\/www.maison-occitane.com\/fr\/wp-json\/wp\/v2\/product_cat?post=3595"},{"taxonomy":"product_tag","embeddable":true,"href":"https:\/\/www.maison-occitane.com\/fr\/wp-json\/wp\/v2\/product_tag?post=3595"},{"taxonomy":"product_origine","embeddable":true,"href":"https:\/\/www.maison-occitane.com\/fr\/wp-json\/wp\/v2\/origines?post=3595"},{"taxonomy":"label_qualite","embeddable":true,"href":"https:\/\/www.maison-occitane.com\/fr\/wp-json\/wp\/v2\/labels-qualite?post=3595"}],"curies":[{"name":"wp","href":"https:\/\/api.w.org\/{rel}","templated":true}]}}