{"id":3593,"date":"2025-05-05T08:50:49","date_gmt":"2025-05-05T06:50:49","guid":{"rendered":"http:\/\/localhost:8080\/non%20class\u00e9\/cassoulet-au-canard-bocal-780g\/"},"modified":"2026-04-16T08:13:38","modified_gmt":"2026-04-16T06:13:38","slug":"cassoulet-au-canard-bocal-780g","status":"publish","type":"product","link":"https:\/\/www.maison-occitane.com\/fr\/produit\/cassoulet-au-canard-bocal-780g\/","title":{"rendered":"CASSOULET AU CANARD"},"content":{"rendered":"<p>Laissez-vous tenter par le cassoulet au canard, un v\u00e9ritable tr\u00e9sor de la cuisine du Sud-Ouest de la France.<\/p>\n<p>Les manchons de canard confits sont fondants et savoureux, ils apportent une touche gourmande et de r\u00e9confort \u00e0 chaque bouch\u00e9e. Ce plat d\u00e9veloppe des ar\u00f4mes profonds et envo\u00fbtants, parfaits pour r\u00e9chauffer les soir\u00e9es d&rsquo;hiver. Partagez un moment de convivialit\u00e9 et de plaisir avec vos proches. Vous ne pourrez pas r\u00e9sister \u00e0 ce classique fran\u00e7ais qui promet de transformer chaque repas en une f\u00eate gourmande.<\/p>\n<p>La recette associe des manchons de canard et de la saucisse de Toulouse, toutes <strong>les viandes sont origine France<\/strong>. Le tout mijot\u00e9 lentement avec des aromates savoureux. Tous les ingr\u00e9dients sont <strong>d\u2019origine France<\/strong>, <strong>sans colorant ni conservateurs.<\/strong><\/p>\n<p data-start=\"827\" data-end=\"1172\">D\u00e9couvrez notre gamme de cassoulets :<\/p>\n<ul>\n<li data-start=\"827\" data-end=\"1172\"><a href=\"https:\/\/www.maison-occitane.com\/fr\/produit\/cassoulet-de-canard-et-saucisses-toulouse-bocal-380g\/\">Cassoulet de canard et saucisses de Toulouse 380g<\/a><\/li>\n<li data-start=\"827\" data-end=\"1172\"><a href=\"https:\/\/www.maison-occitane.com\/fr\/produit\/cassoulet-gastronomique-au-confit-de-canard-boite-590g\/\">Cassoulet gastronomique au confit de canard 590g<\/a><\/li>\n<li data-start=\"827\" data-end=\"1172\"><a href=\"https:\/\/www.maison-occitane.com\/fr\/produit\/cassoulet-aux-manchons-de-canard-bocal-1400g\/\">Cassoulet aux manchons de canard 1400g<\/a><\/li>\n<\/ul>\n<p><strong><span style=\"color: #f29400;\">Nombre de parts :<\/span><\/strong> 2 parts<\/p>\n","protected":false},"excerpt":{"rendered":"<p><span class=\"notion-enable-hover\" data-token-index=\"0\">Le cassoulet au canard, un plat traditionnel du Sud-Ouest de la France, compos\u00e9 de haricots blancs mijot\u00e9s lentement avec des cuisses de canard confites et des aromates savoureux. Une exp\u00e9rience culinaire authentique qui ravira vos papilles.<\/span><\/p>\n","protected":false},"featured_media":4209,"comment_status":"open","ping_status":"closed","template":"","meta":{"_acf_changed":false},"product_cat":[775,789],"product_tag":[],"origines":[798],"labels-qualite":[],"class_list":{"0":"post-3593","1":"product","2":"type-product","3":"status-publish","4":"has-post-thumbnail","6":"product_brand-maison-occitane","7":"product_cat-epicerie-fine","8":"product_cat-plats-cuisines","9":"product_origine-france","11":"first","12":"instock","13":"taxable","14":"shipping-taxable","15":"purchasable","16":"product-type-simple","17":"add-to-wishlist-before_image"},"acf":[],"yoast_head":"<!-- This site is optimized with the Yoast SEO plugin v24.9 - https:\/\/yoast.com\/wordpress\/plugins\/seo\/ -->\n<title>CASSOULET AU CANARD - Maison Occitane<\/title>\n<meta name=\"description\" content=\"Cassoulet au canard 780g \u2013 Recette traditionnelle avec de viandes origine France : manchons de canard confits et saucisse de Toulouse, haricots lingots, Ingr\u00e9dients 100 % fran\u00e7ais. Sans colorant, ni conservateur.\" \/>\n<meta name=\"robots\" content=\"index, follow, max-snippet:-1, max-image-preview:large, max-video-preview:-1\" \/>\n<link rel=\"canonical\" href=\"https:\/\/www.maison-occitane.com\/fr\/produit\/cassoulet-au-canard-bocal-780g\/\" \/>\n<meta property=\"og:locale\" content=\"fr_FR\" \/>\n<meta property=\"og:type\" content=\"article\" \/>\n<meta property=\"og:title\" content=\"CASSOULET AU CANARD - Maison Occitane\" \/>\n<meta property=\"og:description\" content=\"Cassoulet au canard 780g \u2013 Recette traditionnelle avec de viandes origine France : manchons de canard confits et saucisse de Toulouse, haricots lingots, Ingr\u00e9dients 100 % fran\u00e7ais. Sans colorant, ni conservateur.\" \/>\n<meta property=\"og:url\" content=\"https:\/\/www.maison-occitane.com\/fr\/produit\/cassoulet-au-canard-bocal-780g\/\" \/>\n<meta property=\"og:site_name\" content=\"Maison Occitane\" \/>\n<meta property=\"article:modified_time\" content=\"2026-04-16T06:13:38+00:00\" \/>\n<meta property=\"og:image\" content=\"https:\/\/www.maison-occitane.com\/app\/uploads\/2025\/05\/201886_520px.jpg\" \/>\n\t<meta property=\"og:image:width\" content=\"520\" \/>\n\t<meta property=\"og:image:height\" content=\"450\" \/>\n\t<meta property=\"og:image:type\" content=\"image\/jpeg\" \/>\n<meta name=\"twitter:card\" content=\"summary_large_image\" \/>\n<meta name=\"twitter:label1\" content=\"Dur\u00e9e de lecture estim\u00e9e\" \/>\n\t<meta name=\"twitter:data1\" content=\"1 minute\" \/>\n<script type=\"application\/ld+json\" class=\"yoast-schema-graph\">{\"@context\":\"https:\/\/schema.org\",\"@graph\":[{\"@type\":\"WebPage\",\"@id\":\"https:\/\/www.maison-occitane.com\/fr\/produit\/cassoulet-au-canard-bocal-780g\/\",\"url\":\"https:\/\/www.maison-occitane.com\/fr\/produit\/cassoulet-au-canard-bocal-780g\/\",\"name\":\"CASSOULET AU CANARD - Maison Occitane\",\"isPartOf\":{\"@id\":\"https:\/\/www.maison-occitane.com\/fr\/#website\"},\"primaryImageOfPage\":{\"@id\":\"https:\/\/www.maison-occitane.com\/fr\/produit\/cassoulet-au-canard-bocal-780g\/#primaryimage\"},\"image\":{\"@id\":\"https:\/\/www.maison-occitane.com\/fr\/produit\/cassoulet-au-canard-bocal-780g\/#primaryimage\"},\"thumbnailUrl\":\"https:\/\/www.maison-occitane.com\/app\/uploads\/2025\/05\/201886_520px.jpg\",\"datePublished\":\"2025-05-05T06:50:49+00:00\",\"dateModified\":\"2026-04-16T06:13:38+00:00\",\"description\":\"Cassoulet au canard 780g \u2013 Recette traditionnelle avec de viandes origine France : manchons de canard confits et saucisse de Toulouse, haricots lingots, Ingr\u00e9dients 100 % fran\u00e7ais. Sans colorant, ni conservateur.\",\"breadcrumb\":{\"@id\":\"https:\/\/www.maison-occitane.com\/fr\/produit\/cassoulet-au-canard-bocal-780g\/#breadcrumb\"},\"inLanguage\":\"fr-FR\",\"potentialAction\":[{\"@type\":\"ReadAction\",\"target\":[\"https:\/\/www.maison-occitane.com\/fr\/produit\/cassoulet-au-canard-bocal-780g\/\"]}]},{\"@type\":\"ImageObject\",\"inLanguage\":\"fr-FR\",\"@id\":\"https:\/\/www.maison-occitane.com\/fr\/produit\/cassoulet-au-canard-bocal-780g\/#primaryimage\",\"url\":\"https:\/\/www.maison-occitane.com\/app\/uploads\/2025\/05\/201886_520px.jpg\",\"contentUrl\":\"https:\/\/www.maison-occitane.com\/app\/uploads\/2025\/05\/201886_520px.jpg\",\"width\":520,\"height\":450,\"caption\":\"Cassoulet au canard\"},{\"@type\":\"BreadcrumbList\",\"@id\":\"https:\/\/www.maison-occitane.com\/fr\/produit\/cassoulet-au-canard-bocal-780g\/#breadcrumb\",\"itemListElement\":[{\"@type\":\"ListItem\",\"position\":1,\"name\":\"Accueil\",\"item\":\"https:\/\/www.maison-occitane.com\/fr\/\"},{\"@type\":\"ListItem\",\"position\":2,\"name\":\"Produits\",\"item\":\"https:\/\/www.maison-occitane.com\/fr\/shop\/\"},{\"@type\":\"ListItem\",\"position\":3,\"name\":\"\u00c9picerie fine\",\"item\":\"https:\/\/www.maison-occitane.com\/fr\/boutique\/epicerie-fine\/\"},{\"@type\":\"ListItem\",\"position\":4,\"name\":\"Plats cuisin\u00e9s\",\"item\":\"https:\/\/www.maison-occitane.com\/fr\/boutique\/epicerie-fine\/plats-cuisines\/\"},{\"@type\":\"ListItem\",\"position\":5,\"name\":\"CASSOULET AU CANARD\"}]},{\"@type\":\"WebSite\",\"@id\":\"https:\/\/www.maison-occitane.com\/fr\/#website\",\"url\":\"https:\/\/www.maison-occitane.com\/fr\/\",\"name\":\"Maison Occitane\",\"description\":\"\",\"potentialAction\":[{\"@type\":\"SearchAction\",\"target\":{\"@type\":\"EntryPoint\",\"urlTemplate\":\"https:\/\/www.maison-occitane.com\/fr\/?s={search_term_string}\"},\"query-input\":{\"@type\":\"PropertyValueSpecification\",\"valueRequired\":true,\"valueName\":\"search_term_string\"}}],\"inLanguage\":\"fr-FR\"}]}<\/script>\n<!-- \/ Yoast SEO plugin. -->","yoast_head_json":{"title":"CASSOULET AU CANARD - Maison Occitane","description":"Cassoulet au canard 780g \u2013 Recette traditionnelle avec de viandes origine France : manchons de canard confits et saucisse de Toulouse, haricots lingots, Ingr\u00e9dients 100 % fran\u00e7ais. Sans colorant, ni conservateur.","robots":{"index":"index","follow":"follow","max-snippet":"max-snippet:-1","max-image-preview":"max-image-preview:large","max-video-preview":"max-video-preview:-1"},"canonical":"https:\/\/www.maison-occitane.com\/fr\/produit\/cassoulet-au-canard-bocal-780g\/","og_locale":"fr_FR","og_type":"article","og_title":"CASSOULET AU CANARD - Maison Occitane","og_description":"Cassoulet au canard 780g \u2013 Recette traditionnelle avec de viandes origine France : manchons de canard confits et saucisse de Toulouse, haricots lingots, Ingr\u00e9dients 100 % fran\u00e7ais. Sans colorant, ni conservateur.","og_url":"https:\/\/www.maison-occitane.com\/fr\/produit\/cassoulet-au-canard-bocal-780g\/","og_site_name":"Maison Occitane","article_modified_time":"2026-04-16T06:13:38+00:00","og_image":[{"width":520,"height":450,"url":"https:\/\/www.maison-occitane.com\/app\/uploads\/2025\/05\/201886_520px.jpg","type":"image\/jpeg"}],"twitter_card":"summary_large_image","twitter_misc":{"Dur\u00e9e de lecture estim\u00e9e":"1 minute"},"schema":{"@context":"https:\/\/schema.org","@graph":[{"@type":"WebPage","@id":"https:\/\/www.maison-occitane.com\/fr\/produit\/cassoulet-au-canard-bocal-780g\/","url":"https:\/\/www.maison-occitane.com\/fr\/produit\/cassoulet-au-canard-bocal-780g\/","name":"CASSOULET AU CANARD - Maison Occitane","isPartOf":{"@id":"https:\/\/www.maison-occitane.com\/fr\/#website"},"primaryImageOfPage":{"@id":"https:\/\/www.maison-occitane.com\/fr\/produit\/cassoulet-au-canard-bocal-780g\/#primaryimage"},"image":{"@id":"https:\/\/www.maison-occitane.com\/fr\/produit\/cassoulet-au-canard-bocal-780g\/#primaryimage"},"thumbnailUrl":"https:\/\/www.maison-occitane.com\/app\/uploads\/2025\/05\/201886_520px.jpg","datePublished":"2025-05-05T06:50:49+00:00","dateModified":"2026-04-16T06:13:38+00:00","description":"Cassoulet au canard 780g \u2013 Recette traditionnelle avec de viandes origine France : manchons de canard confits et saucisse de Toulouse, haricots lingots, Ingr\u00e9dients 100 % fran\u00e7ais. Sans colorant, ni conservateur.","breadcrumb":{"@id":"https:\/\/www.maison-occitane.com\/fr\/produit\/cassoulet-au-canard-bocal-780g\/#breadcrumb"},"inLanguage":"fr-FR","potentialAction":[{"@type":"ReadAction","target":["https:\/\/www.maison-occitane.com\/fr\/produit\/cassoulet-au-canard-bocal-780g\/"]}]},{"@type":"ImageObject","inLanguage":"fr-FR","@id":"https:\/\/www.maison-occitane.com\/fr\/produit\/cassoulet-au-canard-bocal-780g\/#primaryimage","url":"https:\/\/www.maison-occitane.com\/app\/uploads\/2025\/05\/201886_520px.jpg","contentUrl":"https:\/\/www.maison-occitane.com\/app\/uploads\/2025\/05\/201886_520px.jpg","width":520,"height":450,"caption":"Cassoulet au canard"},{"@type":"BreadcrumbList","@id":"https:\/\/www.maison-occitane.com\/fr\/produit\/cassoulet-au-canard-bocal-780g\/#breadcrumb","itemListElement":[{"@type":"ListItem","position":1,"name":"Accueil","item":"https:\/\/www.maison-occitane.com\/fr\/"},{"@type":"ListItem","position":2,"name":"Produits","item":"https:\/\/www.maison-occitane.com\/fr\/shop\/"},{"@type":"ListItem","position":3,"name":"\u00c9picerie fine","item":"https:\/\/www.maison-occitane.com\/fr\/boutique\/epicerie-fine\/"},{"@type":"ListItem","position":4,"name":"Plats cuisin\u00e9s","item":"https:\/\/www.maison-occitane.com\/fr\/boutique\/epicerie-fine\/plats-cuisines\/"},{"@type":"ListItem","position":5,"name":"CASSOULET AU CANARD"}]},{"@type":"WebSite","@id":"https:\/\/www.maison-occitane.com\/fr\/#website","url":"https:\/\/www.maison-occitane.com\/fr\/","name":"Maison Occitane","description":"","potentialAction":[{"@type":"SearchAction","target":{"@type":"EntryPoint","urlTemplate":"https:\/\/www.maison-occitane.com\/fr\/?s={search_term_string}"},"query-input":{"@type":"PropertyValueSpecification","valueRequired":true,"valueName":"search_term_string"}}],"inLanguage":"fr-FR"}]}},"_links":{"self":[{"href":"https:\/\/www.maison-occitane.com\/fr\/wp-json\/wp\/v2\/product\/3593","targetHints":{"allow":["GET"]}}],"collection":[{"href":"https:\/\/www.maison-occitane.com\/fr\/wp-json\/wp\/v2\/product"}],"about":[{"href":"https:\/\/www.maison-occitane.com\/fr\/wp-json\/wp\/v2\/types\/product"}],"replies":[{"embeddable":true,"href":"https:\/\/www.maison-occitane.com\/fr\/wp-json\/wp\/v2\/comments?post=3593"}],"wp:featuredmedia":[{"embeddable":true,"href":"https:\/\/www.maison-occitane.com\/fr\/wp-json\/wp\/v2\/media\/4209"}],"wp:attachment":[{"href":"https:\/\/www.maison-occitane.com\/fr\/wp-json\/wp\/v2\/media?parent=3593"}],"wp:term":[{"taxonomy":"product_cat","embeddable":true,"href":"https:\/\/www.maison-occitane.com\/fr\/wp-json\/wp\/v2\/product_cat?post=3593"},{"taxonomy":"product_tag","embeddable":true,"href":"https:\/\/www.maison-occitane.com\/fr\/wp-json\/wp\/v2\/product_tag?post=3593"},{"taxonomy":"product_origine","embeddable":true,"href":"https:\/\/www.maison-occitane.com\/fr\/wp-json\/wp\/v2\/origines?post=3593"},{"taxonomy":"label_qualite","embeddable":true,"href":"https:\/\/www.maison-occitane.com\/fr\/wp-json\/wp\/v2\/labels-qualite?post=3593"}],"curies":[{"name":"wp","href":"https:\/\/api.w.org\/{rel}","templated":true}]}}