{"id":3592,"date":"2025-05-05T08:50:49","date_gmt":"2025-05-05T06:50:49","guid":{"rendered":"http:\/\/localhost:8080\/non%20class\u00e9\/canardcisson-pf-sv-250g-mi-cuit-france\/"},"modified":"2025-11-19T15:41:02","modified_gmt":"2025-11-19T14:41:02","slug":"canardcisson-pf-sv-250g-mi-cuit-france","status":"publish","type":"product","link":"https:\/\/www.maison-occitane.com\/fr\/produit\/canardcisson-pf-sv-250g-mi-cuit-france\/","title":{"rendered":"CANARD&rsquo;CISSON MI-CUIT FRANCE"},"content":{"rendered":"<p data-start=\"727\" data-end=\"1102\">Envie d\u2019un ap\u00e9ro chic, original et 100 % terroir ? Craquez pour notre <strong data-start=\"797\" data-end=\"822\">Canard\u2019Cisson mi-cuit<\/strong>, une sp\u00e9cialit\u00e9 du Sud-Ouest qui marie \u00e0 merveille <strong data-start=\"874\" data-end=\"923\">viande de canard, viande de porc et foie gras<\/strong> de canard. \u00c9labor\u00e9 en France \u00e0 partir d\u2019animaux \u00e9lev\u00e9s en France, ce met g\u00e9n\u00e9reux.<\/p>\n<p data-start=\"1104\" data-end=\"1427\">Le secret de sa saveur unique ? Une fine farce cuisin\u00e9e avec 15 % de foie gras de canard, pour une texture fondante. <strong>Aucun additif, aucun artifice :<\/strong> uniquement des ingr\u00e9dients nobles, un assaisonnement naturel, et le go\u00fbt authentique du Sud-Ouest.<\/p>\n<p data-start=\"1429\" data-end=\"1824\">Ce canard\u2019cisson est <strong data-start=\"1450\" data-end=\"1469\">pr\u00eat \u00e0 d\u00e9guster<\/strong>, en tranches fines ou en cubes, selon vos envies. Il s\u2019invite \u00e0 merveille sur une <strong data-start=\"1552\" data-end=\"1569\">planche ap\u00e9ro<\/strong>, entour\u00e9 de fromages de brebis, de pain de campagne grill\u00e9, ou de quelques figues fra\u00eeches. Il peut aussi \u00eatre servi en entr\u00e9e froide, sur un lit de salade, ou en version plus g\u00e9n\u00e9reuse avec magret fum\u00e9 et g\u00e9siers confits dans une salade Quercynoise.<\/p>\n","protected":false},"excerpt":{"rendered":"<p><span class=\"notion-enable-hover\" data-token-index=\"0\">Le canard&rsquo;cisson est \u00e9labor\u00e9 avec une viande de canard et de porc accompagn\u00e9 de sa fine farce cuisin\u00e9e avec du foie gras de canard. Le foie gras apporte une finesse et une douceur \u00e0 ce met d&rsquo;exception. Il est le complice id\u00e9al de vos ap\u00e9ros raffin\u00e9s et de vos entr\u00e9es pleines de caract\u00e8re. <\/span>Une sp\u00e9cialit\u00e9 du Sud-Ouest \u00e0 l&rsquo;accent gourmet !<\/p>\n","protected":false},"featured_media":4264,"comment_status":"open","ping_status":"closed","template":"","meta":{"_acf_changed":false},"product_cat":[773,784],"product_tag":[],"origines":[798],"labels-qualite":[],"class_list":{"0":"post-3592","1":"product","2":"type-product","3":"status-publish","4":"has-post-thumbnail","6":"product_brand-maison-occitane","7":"product_cat-specialites-du-sud-ouest","8":"product_cat-entrees-du-terroir","9":"product_origine-france","11":"first","12":"instock","13":"taxable","14":"shipping-taxable","15":"purchasable","16":"product-type-simple","17":"add-to-wishlist-before_image"},"acf":[],"yoast_head":"<!-- This site is optimized with the Yoast SEO plugin v24.9 - https:\/\/yoast.com\/wordpress\/plugins\/seo\/ -->\n<title>CANARD&#039;CISSON - Maison Occitane<\/title>\n<meta name=\"description\" content=\"Canard&#039;Cisson mi-cuit au foie gras de canard, sp\u00e9cialit\u00e9 du Sud-Ouest. Id\u00e9al pour vos ap\u00e9ros entre amis : raffin\u00e9, gourmand, pr\u00eat \u00e0 d\u00e9guster !\" \/>\n<meta name=\"robots\" content=\"index, follow, max-snippet:-1, max-image-preview:large, max-video-preview:-1\" \/>\n<link rel=\"canonical\" href=\"https:\/\/www.maison-occitane.com\/fr\/produit\/canardcisson-pf-sv-250g-mi-cuit-france\/\" \/>\n<meta property=\"og:locale\" content=\"fr_FR\" \/>\n<meta property=\"og:type\" content=\"article\" \/>\n<meta property=\"og:title\" content=\"CANARD&#039;CISSON - Maison Occitane\" \/>\n<meta property=\"og:description\" content=\"Canard&#039;Cisson mi-cuit au foie gras de canard, sp\u00e9cialit\u00e9 du Sud-Ouest. Id\u00e9al pour vos ap\u00e9ros entre amis : raffin\u00e9, gourmand, pr\u00eat \u00e0 d\u00e9guster !\" \/>\n<meta property=\"og:url\" content=\"https:\/\/www.maison-occitane.com\/fr\/produit\/canardcisson-pf-sv-250g-mi-cuit-france\/\" \/>\n<meta property=\"og:site_name\" content=\"Maison Occitane\" \/>\n<meta property=\"article:modified_time\" content=\"2025-11-19T14:41:02+00:00\" \/>\n<meta property=\"og:image\" content=\"https:\/\/www.maison-occitane.com\/app\/uploads\/2025\/05\/201836_520px.jpg\" \/>\n\t<meta property=\"og:image:width\" content=\"520\" \/>\n\t<meta property=\"og:image:height\" content=\"450\" \/>\n\t<meta property=\"og:image:type\" content=\"image\/jpeg\" \/>\n<meta name=\"twitter:card\" content=\"summary_large_image\" \/>\n<meta name=\"twitter:label1\" content=\"Dur\u00e9e de lecture estim\u00e9e\" \/>\n\t<meta name=\"twitter:data1\" content=\"1 minute\" \/>\n<script type=\"application\/ld+json\" class=\"yoast-schema-graph\">{\"@context\":\"https:\/\/schema.org\",\"@graph\":[{\"@type\":\"WebPage\",\"@id\":\"https:\/\/www.maison-occitane.com\/fr\/produit\/canardcisson-pf-sv-250g-mi-cuit-france\/\",\"url\":\"https:\/\/www.maison-occitane.com\/fr\/produit\/canardcisson-pf-sv-250g-mi-cuit-france\/\",\"name\":\"CANARD'CISSON - Maison Occitane\",\"isPartOf\":{\"@id\":\"https:\/\/www.maison-occitane.com\/fr\/#website\"},\"primaryImageOfPage\":{\"@id\":\"https:\/\/www.maison-occitane.com\/fr\/produit\/canardcisson-pf-sv-250g-mi-cuit-france\/#primaryimage\"},\"image\":{\"@id\":\"https:\/\/www.maison-occitane.com\/fr\/produit\/canardcisson-pf-sv-250g-mi-cuit-france\/#primaryimage\"},\"thumbnailUrl\":\"https:\/\/www.maison-occitane.com\/app\/uploads\/2025\/05\/201836_520px.jpg\",\"datePublished\":\"2025-05-05T06:50:49+00:00\",\"dateModified\":\"2025-11-19T14:41:02+00:00\",\"description\":\"Canard'Cisson mi-cuit au foie gras de canard, sp\u00e9cialit\u00e9 du Sud-Ouest. Id\u00e9al pour vos ap\u00e9ros entre amis : raffin\u00e9, gourmand, pr\u00eat \u00e0 d\u00e9guster !\",\"breadcrumb\":{\"@id\":\"https:\/\/www.maison-occitane.com\/fr\/produit\/canardcisson-pf-sv-250g-mi-cuit-france\/#breadcrumb\"},\"inLanguage\":\"fr-FR\",\"potentialAction\":[{\"@type\":\"ReadAction\",\"target\":[\"https:\/\/www.maison-occitane.com\/fr\/produit\/canardcisson-pf-sv-250g-mi-cuit-france\/\"]}]},{\"@type\":\"ImageObject\",\"inLanguage\":\"fr-FR\",\"@id\":\"https:\/\/www.maison-occitane.com\/fr\/produit\/canardcisson-pf-sv-250g-mi-cuit-france\/#primaryimage\",\"url\":\"https:\/\/www.maison-occitane.com\/app\/uploads\/2025\/05\/201836_520px.jpg\",\"contentUrl\":\"https:\/\/www.maison-occitane.com\/app\/uploads\/2025\/05\/201836_520px.jpg\",\"width\":520,\"height\":450,\"caption\":\"Canard'cisson mi-cuit France\"},{\"@type\":\"BreadcrumbList\",\"@id\":\"https:\/\/www.maison-occitane.com\/fr\/produit\/canardcisson-pf-sv-250g-mi-cuit-france\/#breadcrumb\",\"itemListElement\":[{\"@type\":\"ListItem\",\"position\":1,\"name\":\"Accueil\",\"item\":\"https:\/\/www.maison-occitane.com\/fr\/\"},{\"@type\":\"ListItem\",\"position\":2,\"name\":\"Produits\",\"item\":\"https:\/\/www.maison-occitane.com\/fr\/shop\/\"},{\"@type\":\"ListItem\",\"position\":3,\"name\":\"Sp\u00e9cialit\u00e9s du Sud-Ouest\",\"item\":\"https:\/\/www.maison-occitane.com\/fr\/boutique\/specialites-du-sud-ouest\/\"},{\"@type\":\"ListItem\",\"position\":4,\"name\":\"Entr\u00e9es du terroir\",\"item\":\"https:\/\/www.maison-occitane.com\/fr\/boutique\/specialites-du-sud-ouest\/entrees-du-terroir\/\"},{\"@type\":\"ListItem\",\"position\":5,\"name\":\"CANARD&rsquo;CISSON MI-CUIT FRANCE\"}]},{\"@type\":\"WebSite\",\"@id\":\"https:\/\/www.maison-occitane.com\/fr\/#website\",\"url\":\"https:\/\/www.maison-occitane.com\/fr\/\",\"name\":\"Maison Occitane\",\"description\":\"\",\"potentialAction\":[{\"@type\":\"SearchAction\",\"target\":{\"@type\":\"EntryPoint\",\"urlTemplate\":\"https:\/\/www.maison-occitane.com\/fr\/?s={search_term_string}\"},\"query-input\":{\"@type\":\"PropertyValueSpecification\",\"valueRequired\":true,\"valueName\":\"search_term_string\"}}],\"inLanguage\":\"fr-FR\"}]}<\/script>\n<!-- \/ Yoast SEO plugin. -->","yoast_head_json":{"title":"CANARD'CISSON - Maison Occitane","description":"Canard'Cisson mi-cuit au foie gras de canard, sp\u00e9cialit\u00e9 du Sud-Ouest. Id\u00e9al pour vos ap\u00e9ros entre amis : raffin\u00e9, gourmand, pr\u00eat \u00e0 d\u00e9guster !","robots":{"index":"index","follow":"follow","max-snippet":"max-snippet:-1","max-image-preview":"max-image-preview:large","max-video-preview":"max-video-preview:-1"},"canonical":"https:\/\/www.maison-occitane.com\/fr\/produit\/canardcisson-pf-sv-250g-mi-cuit-france\/","og_locale":"fr_FR","og_type":"article","og_title":"CANARD'CISSON - Maison Occitane","og_description":"Canard'Cisson mi-cuit au foie gras de canard, sp\u00e9cialit\u00e9 du Sud-Ouest. Id\u00e9al pour vos ap\u00e9ros entre amis : raffin\u00e9, gourmand, pr\u00eat \u00e0 d\u00e9guster !","og_url":"https:\/\/www.maison-occitane.com\/fr\/produit\/canardcisson-pf-sv-250g-mi-cuit-france\/","og_site_name":"Maison Occitane","article_modified_time":"2025-11-19T14:41:02+00:00","og_image":[{"width":520,"height":450,"url":"https:\/\/www.maison-occitane.com\/app\/uploads\/2025\/05\/201836_520px.jpg","type":"image\/jpeg"}],"twitter_card":"summary_large_image","twitter_misc":{"Dur\u00e9e de lecture estim\u00e9e":"1 minute"},"schema":{"@context":"https:\/\/schema.org","@graph":[{"@type":"WebPage","@id":"https:\/\/www.maison-occitane.com\/fr\/produit\/canardcisson-pf-sv-250g-mi-cuit-france\/","url":"https:\/\/www.maison-occitane.com\/fr\/produit\/canardcisson-pf-sv-250g-mi-cuit-france\/","name":"CANARD'CISSON - Maison Occitane","isPartOf":{"@id":"https:\/\/www.maison-occitane.com\/fr\/#website"},"primaryImageOfPage":{"@id":"https:\/\/www.maison-occitane.com\/fr\/produit\/canardcisson-pf-sv-250g-mi-cuit-france\/#primaryimage"},"image":{"@id":"https:\/\/www.maison-occitane.com\/fr\/produit\/canardcisson-pf-sv-250g-mi-cuit-france\/#primaryimage"},"thumbnailUrl":"https:\/\/www.maison-occitane.com\/app\/uploads\/2025\/05\/201836_520px.jpg","datePublished":"2025-05-05T06:50:49+00:00","dateModified":"2025-11-19T14:41:02+00:00","description":"Canard'Cisson mi-cuit au foie gras de canard, sp\u00e9cialit\u00e9 du Sud-Ouest. Id\u00e9al pour vos ap\u00e9ros entre amis : raffin\u00e9, gourmand, pr\u00eat \u00e0 d\u00e9guster !","breadcrumb":{"@id":"https:\/\/www.maison-occitane.com\/fr\/produit\/canardcisson-pf-sv-250g-mi-cuit-france\/#breadcrumb"},"inLanguage":"fr-FR","potentialAction":[{"@type":"ReadAction","target":["https:\/\/www.maison-occitane.com\/fr\/produit\/canardcisson-pf-sv-250g-mi-cuit-france\/"]}]},{"@type":"ImageObject","inLanguage":"fr-FR","@id":"https:\/\/www.maison-occitane.com\/fr\/produit\/canardcisson-pf-sv-250g-mi-cuit-france\/#primaryimage","url":"https:\/\/www.maison-occitane.com\/app\/uploads\/2025\/05\/201836_520px.jpg","contentUrl":"https:\/\/www.maison-occitane.com\/app\/uploads\/2025\/05\/201836_520px.jpg","width":520,"height":450,"caption":"Canard'cisson mi-cuit France"},{"@type":"BreadcrumbList","@id":"https:\/\/www.maison-occitane.com\/fr\/produit\/canardcisson-pf-sv-250g-mi-cuit-france\/#breadcrumb","itemListElement":[{"@type":"ListItem","position":1,"name":"Accueil","item":"https:\/\/www.maison-occitane.com\/fr\/"},{"@type":"ListItem","position":2,"name":"Produits","item":"https:\/\/www.maison-occitane.com\/fr\/shop\/"},{"@type":"ListItem","position":3,"name":"Sp\u00e9cialit\u00e9s du Sud-Ouest","item":"https:\/\/www.maison-occitane.com\/fr\/boutique\/specialites-du-sud-ouest\/"},{"@type":"ListItem","position":4,"name":"Entr\u00e9es du terroir","item":"https:\/\/www.maison-occitane.com\/fr\/boutique\/specialites-du-sud-ouest\/entrees-du-terroir\/"},{"@type":"ListItem","position":5,"name":"CANARD&rsquo;CISSON MI-CUIT FRANCE"}]},{"@type":"WebSite","@id":"https:\/\/www.maison-occitane.com\/fr\/#website","url":"https:\/\/www.maison-occitane.com\/fr\/","name":"Maison Occitane","description":"","potentialAction":[{"@type":"SearchAction","target":{"@type":"EntryPoint","urlTemplate":"https:\/\/www.maison-occitane.com\/fr\/?s={search_term_string}"},"query-input":{"@type":"PropertyValueSpecification","valueRequired":true,"valueName":"search_term_string"}}],"inLanguage":"fr-FR"}]}},"_links":{"self":[{"href":"https:\/\/www.maison-occitane.com\/fr\/wp-json\/wp\/v2\/product\/3592","targetHints":{"allow":["GET"]}}],"collection":[{"href":"https:\/\/www.maison-occitane.com\/fr\/wp-json\/wp\/v2\/product"}],"about":[{"href":"https:\/\/www.maison-occitane.com\/fr\/wp-json\/wp\/v2\/types\/product"}],"replies":[{"embeddable":true,"href":"https:\/\/www.maison-occitane.com\/fr\/wp-json\/wp\/v2\/comments?post=3592"}],"wp:featuredmedia":[{"embeddable":true,"href":"https:\/\/www.maison-occitane.com\/fr\/wp-json\/wp\/v2\/media\/4264"}],"wp:attachment":[{"href":"https:\/\/www.maison-occitane.com\/fr\/wp-json\/wp\/v2\/media?parent=3592"}],"wp:term":[{"taxonomy":"product_cat","embeddable":true,"href":"https:\/\/www.maison-occitane.com\/fr\/wp-json\/wp\/v2\/product_cat?post=3592"},{"taxonomy":"product_tag","embeddable":true,"href":"https:\/\/www.maison-occitane.com\/fr\/wp-json\/wp\/v2\/product_tag?post=3592"},{"taxonomy":"product_origine","embeddable":true,"href":"https:\/\/www.maison-occitane.com\/fr\/wp-json\/wp\/v2\/origines?post=3592"},{"taxonomy":"label_qualite","embeddable":true,"href":"https:\/\/www.maison-occitane.com\/fr\/wp-json\/wp\/v2\/labels-qualite?post=3592"}],"curies":[{"name":"wp","href":"https:\/\/api.w.org\/{rel}","templated":true}]}}