{"id":3587,"date":"2025-05-05T08:50:48","date_gmt":"2025-05-05T06:50:48","guid":{"rendered":"http:\/\/localhost:8080\/non%20class\u00e9\/cahors-aop-chateau-la-coustarelle-vintage-75cl\/"},"modified":"2026-04-11T09:12:22","modified_gmt":"2026-04-11T07:12:22","slug":"cahors-aop-chateau-la-coustarelle-vintage-75cl","status":"publish","type":"product","link":"https:\/\/www.maison-occitane.com\/fr\/produit\/cahors-aop-chateau-la-coustarelle-vintage-75cl\/","title":{"rendered":"CAHORS AOP CHATEAU LA COUSTARELLE VINTAGE"},"content":{"rendered":"<p data-start=\"712\" data-end=\"911\">D\u00e9couvrez toute la puissance et l\u2019\u00e9l\u00e9gance du terroir de Cahors avec la cuv\u00e9e <strong data-start=\"790\" data-end=\"832\">Vintage du Ch\u00e2teau La Coustarelle<\/strong>, un vin rouge <strong data-start=\"847\" data-end=\"861\">AOP Cahors<\/strong>, 100 % Malbec, \u00e9lev\u00e9 10 mois en f\u00fbt de ch\u00eane.<\/p>\n<p data-start=\"913\" data-end=\"1208\">Ce vin se distingue par une robe rubis fonc\u00e9 aux reflets intenses et un nez riche en fruits rouges bien m\u00fbrs, comme la framboise, le cassis ou la m\u00fbre. En bouche, c\u2019est une v\u00e9ritable explosion de fruits : un vin friand, rond et g\u00e9n\u00e9reux, avec une belle structure tout en gourmandise.<\/p>\n<p data-start=\"1210\" data-end=\"1418\">Parfaitement \u00e9quilibr\u00e9, il exprime toute la typicit\u00e9 du Malbec de Cahors. Ce vin de caract\u00e8re s\u00e9duira les amateurs de rouges intenses, mais souples, alliant \u00e0 la fois puissance aromatique et \u00e9l\u00e9gance.<\/p>\n<p data-start=\"1420\" data-end=\"1553\">\u00c0 offrir, \u00e0 partager ou \u00e0 garder en cave jusqu\u2019\u00e0 8 ans, c\u2019est un compagnon id\u00e9al des belles tables et des moments de convivialit\u00e9.<\/p>\n<p data-start=\"1420\" data-end=\"1553\"><em>\u00ab L\u2019abus d\u2019alcool est dangereux pour la sant\u00e9 \u00bb \u00ab \u00c0 consommer avec mod\u00e9ration \u00bb<\/em><\/p>\n","protected":false},"excerpt":{"rendered":"<p>le Cahors AOP Ch\u00e2teau la Coustarelle 100 % Malbec, un vin rouge d&rsquo;exception aux ar\u00f4mes complexes et intenses, issu des meilleurs terroirs de Cahors. Une bouteille raffin\u00e9e pour les amateurs de grands vins.<\/p>\n","protected":false},"featured_media":4343,"comment_status":"open","ping_status":"closed","template":"","meta":{"_acf_changed":false},"product_cat":[775,792],"product_tag":[],"origines":[798],"labels-qualite":[],"class_list":{"0":"post-3587","1":"product","2":"type-product","3":"status-publish","4":"has-post-thumbnail","6":"product_cat-epicerie-fine","7":"product_cat-spiritueux-aperitifs-et-vin","8":"product_origine-france","10":"first","11":"instock","12":"taxable","13":"shipping-taxable","14":"purchasable","15":"product-type-simple","16":"add-to-wishlist-before_image"},"acf":[],"yoast_head":"<!-- This site is optimized with the Yoast SEO plugin v24.9 - https:\/\/yoast.com\/wordpress\/plugins\/seo\/ -->\n<title>CAHORS AOP CHATEAU LA COUSTARELLE VINTAGE - Maison Occitane<\/title>\n<meta name=\"description\" content=\"Ch\u00e2teau La Coustarelle Vintage 2019 AOP Cahors 100 % Malbec. Un vin rouge fruit\u00e9, gourmand et intense, aux ar\u00f4mes de fruits rouges et noirs. \u00c0 savourer avec viandes rouges, gibiers et fromages.\" \/>\n<meta name=\"robots\" content=\"index, follow, max-snippet:-1, max-image-preview:large, max-video-preview:-1\" \/>\n<link rel=\"canonical\" href=\"https:\/\/www.maison-occitane.com\/fr\/produit\/cahors-aop-chateau-la-coustarelle-vintage-75cl\/\" \/>\n<meta property=\"og:locale\" content=\"fr_FR\" \/>\n<meta property=\"og:type\" content=\"article\" \/>\n<meta property=\"og:title\" content=\"CAHORS AOP CHATEAU LA COUSTARELLE VINTAGE - Maison Occitane\" \/>\n<meta property=\"og:description\" content=\"Ch\u00e2teau La Coustarelle Vintage 2019 AOP Cahors 100 % Malbec. Un vin rouge fruit\u00e9, gourmand et intense, aux ar\u00f4mes de fruits rouges et noirs. \u00c0 savourer avec viandes rouges, gibiers et fromages.\" \/>\n<meta property=\"og:url\" content=\"https:\/\/www.maison-occitane.com\/fr\/produit\/cahors-aop-chateau-la-coustarelle-vintage-75cl\/\" \/>\n<meta property=\"og:site_name\" content=\"Maison Occitane\" \/>\n<meta property=\"article:modified_time\" content=\"2026-04-11T07:12:22+00:00\" \/>\n<meta property=\"og:image\" content=\"https:\/\/www.maison-occitane.com\/app\/uploads\/2025\/05\/201762_520px.jpg\" \/>\n\t<meta property=\"og:image:width\" content=\"520\" \/>\n\t<meta property=\"og:image:height\" content=\"450\" \/>\n\t<meta property=\"og:image:type\" content=\"image\/jpeg\" \/>\n<meta name=\"twitter:card\" content=\"summary_large_image\" \/>\n<meta name=\"twitter:label1\" content=\"Dur\u00e9e de lecture estim\u00e9e\" \/>\n\t<meta name=\"twitter:data1\" content=\"1 minute\" \/>\n<script type=\"application\/ld+json\" class=\"yoast-schema-graph\">{\"@context\":\"https:\/\/schema.org\",\"@graph\":[{\"@type\":\"WebPage\",\"@id\":\"https:\/\/www.maison-occitane.com\/fr\/produit\/cahors-aop-chateau-la-coustarelle-vintage-75cl\/\",\"url\":\"https:\/\/www.maison-occitane.com\/fr\/produit\/cahors-aop-chateau-la-coustarelle-vintage-75cl\/\",\"name\":\"CAHORS AOP CHATEAU LA COUSTARELLE VINTAGE - Maison Occitane\",\"isPartOf\":{\"@id\":\"https:\/\/www.maison-occitane.com\/fr\/#website\"},\"primaryImageOfPage\":{\"@id\":\"https:\/\/www.maison-occitane.com\/fr\/produit\/cahors-aop-chateau-la-coustarelle-vintage-75cl\/#primaryimage\"},\"image\":{\"@id\":\"https:\/\/www.maison-occitane.com\/fr\/produit\/cahors-aop-chateau-la-coustarelle-vintage-75cl\/#primaryimage\"},\"thumbnailUrl\":\"https:\/\/www.maison-occitane.com\/app\/uploads\/2025\/05\/201762_520px.jpg\",\"datePublished\":\"2025-05-05T06:50:48+00:00\",\"dateModified\":\"2026-04-11T07:12:22+00:00\",\"description\":\"Ch\u00e2teau La Coustarelle Vintage 2019 AOP Cahors 100 % Malbec. Un vin rouge fruit\u00e9, gourmand et intense, aux ar\u00f4mes de fruits rouges et noirs. \u00c0 savourer avec viandes rouges, gibiers et fromages.\",\"breadcrumb\":{\"@id\":\"https:\/\/www.maison-occitane.com\/fr\/produit\/cahors-aop-chateau-la-coustarelle-vintage-75cl\/#breadcrumb\"},\"inLanguage\":\"fr-FR\",\"potentialAction\":[{\"@type\":\"ReadAction\",\"target\":[\"https:\/\/www.maison-occitane.com\/fr\/produit\/cahors-aop-chateau-la-coustarelle-vintage-75cl\/\"]}]},{\"@type\":\"ImageObject\",\"inLanguage\":\"fr-FR\",\"@id\":\"https:\/\/www.maison-occitane.com\/fr\/produit\/cahors-aop-chateau-la-coustarelle-vintage-75cl\/#primaryimage\",\"url\":\"https:\/\/www.maison-occitane.com\/app\/uploads\/2025\/05\/201762_520px.jpg\",\"contentUrl\":\"https:\/\/www.maison-occitane.com\/app\/uploads\/2025\/05\/201762_520px.jpg\",\"width\":520,\"height\":450,\"caption\":\"Vin Rouge Chateau La Coustarelle Cahors AOP\"},{\"@type\":\"BreadcrumbList\",\"@id\":\"https:\/\/www.maison-occitane.com\/fr\/produit\/cahors-aop-chateau-la-coustarelle-vintage-75cl\/#breadcrumb\",\"itemListElement\":[{\"@type\":\"ListItem\",\"position\":1,\"name\":\"Accueil\",\"item\":\"https:\/\/www.maison-occitane.com\/fr\/\"},{\"@type\":\"ListItem\",\"position\":2,\"name\":\"Produits\",\"item\":\"https:\/\/www.maison-occitane.com\/fr\/shop\/\"},{\"@type\":\"ListItem\",\"position\":3,\"name\":\"\u00c9picerie fine\",\"item\":\"https:\/\/www.maison-occitane.com\/fr\/boutique\/epicerie-fine\/\"},{\"@type\":\"ListItem\",\"position\":4,\"name\":\"Spiritueux, ap\u00e9ritifs et Vin\",\"item\":\"https:\/\/www.maison-occitane.com\/fr\/boutique\/epicerie-fine\/spiritueux-aperitifs-et-vin\/\"},{\"@type\":\"ListItem\",\"position\":5,\"name\":\"CAHORS AOP CHATEAU LA COUSTARELLE VINTAGE\"}]},{\"@type\":\"WebSite\",\"@id\":\"https:\/\/www.maison-occitane.com\/fr\/#website\",\"url\":\"https:\/\/www.maison-occitane.com\/fr\/\",\"name\":\"Maison Occitane\",\"description\":\"\",\"potentialAction\":[{\"@type\":\"SearchAction\",\"target\":{\"@type\":\"EntryPoint\",\"urlTemplate\":\"https:\/\/www.maison-occitane.com\/fr\/?s={search_term_string}\"},\"query-input\":{\"@type\":\"PropertyValueSpecification\",\"valueRequired\":true,\"valueName\":\"search_term_string\"}}],\"inLanguage\":\"fr-FR\"}]}<\/script>\n<!-- \/ Yoast SEO plugin. -->","yoast_head_json":{"title":"CAHORS AOP CHATEAU LA COUSTARELLE VINTAGE - Maison Occitane","description":"Ch\u00e2teau La Coustarelle Vintage 2019 AOP Cahors 100 % Malbec. Un vin rouge fruit\u00e9, gourmand et intense, aux ar\u00f4mes de fruits rouges et noirs. \u00c0 savourer avec viandes rouges, gibiers et fromages.","robots":{"index":"index","follow":"follow","max-snippet":"max-snippet:-1","max-image-preview":"max-image-preview:large","max-video-preview":"max-video-preview:-1"},"canonical":"https:\/\/www.maison-occitane.com\/fr\/produit\/cahors-aop-chateau-la-coustarelle-vintage-75cl\/","og_locale":"fr_FR","og_type":"article","og_title":"CAHORS AOP CHATEAU LA COUSTARELLE VINTAGE - Maison Occitane","og_description":"Ch\u00e2teau La Coustarelle Vintage 2019 AOP Cahors 100 % Malbec. Un vin rouge fruit\u00e9, gourmand et intense, aux ar\u00f4mes de fruits rouges et noirs. \u00c0 savourer avec viandes rouges, gibiers et fromages.","og_url":"https:\/\/www.maison-occitane.com\/fr\/produit\/cahors-aop-chateau-la-coustarelle-vintage-75cl\/","og_site_name":"Maison Occitane","article_modified_time":"2026-04-11T07:12:22+00:00","og_image":[{"width":520,"height":450,"url":"https:\/\/www.maison-occitane.com\/app\/uploads\/2025\/05\/201762_520px.jpg","type":"image\/jpeg"}],"twitter_card":"summary_large_image","twitter_misc":{"Dur\u00e9e de lecture estim\u00e9e":"1 minute"},"schema":{"@context":"https:\/\/schema.org","@graph":[{"@type":"WebPage","@id":"https:\/\/www.maison-occitane.com\/fr\/produit\/cahors-aop-chateau-la-coustarelle-vintage-75cl\/","url":"https:\/\/www.maison-occitane.com\/fr\/produit\/cahors-aop-chateau-la-coustarelle-vintage-75cl\/","name":"CAHORS AOP CHATEAU LA COUSTARELLE VINTAGE - Maison Occitane","isPartOf":{"@id":"https:\/\/www.maison-occitane.com\/fr\/#website"},"primaryImageOfPage":{"@id":"https:\/\/www.maison-occitane.com\/fr\/produit\/cahors-aop-chateau-la-coustarelle-vintage-75cl\/#primaryimage"},"image":{"@id":"https:\/\/www.maison-occitane.com\/fr\/produit\/cahors-aop-chateau-la-coustarelle-vintage-75cl\/#primaryimage"},"thumbnailUrl":"https:\/\/www.maison-occitane.com\/app\/uploads\/2025\/05\/201762_520px.jpg","datePublished":"2025-05-05T06:50:48+00:00","dateModified":"2026-04-11T07:12:22+00:00","description":"Ch\u00e2teau La Coustarelle Vintage 2019 AOP Cahors 100 % Malbec. Un vin rouge fruit\u00e9, gourmand et intense, aux ar\u00f4mes de fruits rouges et noirs. \u00c0 savourer avec viandes rouges, gibiers et fromages.","breadcrumb":{"@id":"https:\/\/www.maison-occitane.com\/fr\/produit\/cahors-aop-chateau-la-coustarelle-vintage-75cl\/#breadcrumb"},"inLanguage":"fr-FR","potentialAction":[{"@type":"ReadAction","target":["https:\/\/www.maison-occitane.com\/fr\/produit\/cahors-aop-chateau-la-coustarelle-vintage-75cl\/"]}]},{"@type":"ImageObject","inLanguage":"fr-FR","@id":"https:\/\/www.maison-occitane.com\/fr\/produit\/cahors-aop-chateau-la-coustarelle-vintage-75cl\/#primaryimage","url":"https:\/\/www.maison-occitane.com\/app\/uploads\/2025\/05\/201762_520px.jpg","contentUrl":"https:\/\/www.maison-occitane.com\/app\/uploads\/2025\/05\/201762_520px.jpg","width":520,"height":450,"caption":"Vin Rouge Chateau La Coustarelle Cahors AOP"},{"@type":"BreadcrumbList","@id":"https:\/\/www.maison-occitane.com\/fr\/produit\/cahors-aop-chateau-la-coustarelle-vintage-75cl\/#breadcrumb","itemListElement":[{"@type":"ListItem","position":1,"name":"Accueil","item":"https:\/\/www.maison-occitane.com\/fr\/"},{"@type":"ListItem","position":2,"name":"Produits","item":"https:\/\/www.maison-occitane.com\/fr\/shop\/"},{"@type":"ListItem","position":3,"name":"\u00c9picerie fine","item":"https:\/\/www.maison-occitane.com\/fr\/boutique\/epicerie-fine\/"},{"@type":"ListItem","position":4,"name":"Spiritueux, ap\u00e9ritifs et Vin","item":"https:\/\/www.maison-occitane.com\/fr\/boutique\/epicerie-fine\/spiritueux-aperitifs-et-vin\/"},{"@type":"ListItem","position":5,"name":"CAHORS AOP CHATEAU LA COUSTARELLE VINTAGE"}]},{"@type":"WebSite","@id":"https:\/\/www.maison-occitane.com\/fr\/#website","url":"https:\/\/www.maison-occitane.com\/fr\/","name":"Maison Occitane","description":"","potentialAction":[{"@type":"SearchAction","target":{"@type":"EntryPoint","urlTemplate":"https:\/\/www.maison-occitane.com\/fr\/?s={search_term_string}"},"query-input":{"@type":"PropertyValueSpecification","valueRequired":true,"valueName":"search_term_string"}}],"inLanguage":"fr-FR"}]}},"_links":{"self":[{"href":"https:\/\/www.maison-occitane.com\/fr\/wp-json\/wp\/v2\/product\/3587","targetHints":{"allow":["GET"]}}],"collection":[{"href":"https:\/\/www.maison-occitane.com\/fr\/wp-json\/wp\/v2\/product"}],"about":[{"href":"https:\/\/www.maison-occitane.com\/fr\/wp-json\/wp\/v2\/types\/product"}],"replies":[{"embeddable":true,"href":"https:\/\/www.maison-occitane.com\/fr\/wp-json\/wp\/v2\/comments?post=3587"}],"wp:featuredmedia":[{"embeddable":true,"href":"https:\/\/www.maison-occitane.com\/fr\/wp-json\/wp\/v2\/media\/4343"}],"wp:attachment":[{"href":"https:\/\/www.maison-occitane.com\/fr\/wp-json\/wp\/v2\/media?parent=3587"}],"wp:term":[{"taxonomy":"product_cat","embeddable":true,"href":"https:\/\/www.maison-occitane.com\/fr\/wp-json\/wp\/v2\/product_cat?post=3587"},{"taxonomy":"product_tag","embeddable":true,"href":"https:\/\/www.maison-occitane.com\/fr\/wp-json\/wp\/v2\/product_tag?post=3587"},{"taxonomy":"product_origine","embeddable":true,"href":"https:\/\/www.maison-occitane.com\/fr\/wp-json\/wp\/v2\/origines?post=3587"},{"taxonomy":"label_qualite","embeddable":true,"href":"https:\/\/www.maison-occitane.com\/fr\/wp-json\/wp\/v2\/labels-qualite?post=3587"}],"curies":[{"name":"wp","href":"https:\/\/api.w.org\/{rel}","templated":true}]}}