{"id":3584,"date":"2025-05-05T08:50:48","date_gmt":"2025-05-05T06:50:48","guid":{"rendered":"http:\/\/localhost:8080\/non%20class\u00e9\/terrine-aux-poivrons-et-olives-bocal-france\/"},"modified":"2026-04-27T11:05:55","modified_gmt":"2026-04-27T09:05:55","slug":"terrine-aux-poivrons-et-olives-bocal-france","status":"publish","type":"product","link":"https:\/\/www.maison-occitane.com\/fr\/produit\/terrine-aux-poivrons-et-olives-bocal-france\/","title":{"rendered":"TERRINE AUX POIVRONS ET OLIVES"},"content":{"rendered":"<p data-start=\"359\" data-end=\"420\"><strong>Une escapade ensoleill\u00e9e entre Sud-Ouest et M\u00e9diterran\u00e9e.<\/strong><\/p>\n<p data-start=\"422\" data-end=\"712\">D\u00e9couvrez notre Terrine de campagne aux poivrons et aux olives, une recette originale qui allie la g\u00e9n\u00e9rosit\u00e9 du porc fran\u00e7ais \u00e0 la fra\u00eecheur m\u00e9diterran\u00e9enne des poivrons et des olives. Une alliance color\u00e9e, pleine de caract\u00e8re, qui apporte une touche de soleil \u00e0 vos ap\u00e9ritifs.<\/p>\n<p data-start=\"714\" data-end=\"1066\">Cuisin\u00e9e dans notre atelier dans le Lot \u00e0 Gramat, cette terrine de porc est pr\u00e9par\u00e9e selon notre savoir-faire traditionnel, avec de la viande de porc d&rsquo;origine France. Le tout relev\u00e9 par la douceur fondante des poivrons et la puissance aromatique des olives. Une recette \u00e0 la fois authentique et d\u00e9paysante, parfaite \u00e0 partager en toute simplicit\u00e9.<\/p>\n<p><strong><span style=\"color: #f29400;\">Nombre de parts :<\/span>\u00a0<\/strong>90g \u2192 2 parts \/ 180g \u2192 4 \u00e0 5 parts<\/p>\n","protected":false},"excerpt":{"rendered":"<p>D\u00e9couvrez notre d\u00e9licieuse Terrine de campagne aux poivrons et aux olives. Un m\u00e9lange savoureux et authentique qui ravira vos papilles. Savourez-la en ap\u00e9ritif ou en entr\u00e9e pour une exp\u00e9rience gustative \u00e0 partager. <!-- --><\/p>\n","protected":false},"featured_media":4143,"comment_status":"open","ping_status":"closed","template":"","meta":{"_acf_changed":false},"product_cat":[771,783],"product_tag":[],"origines":[798],"labels-qualite":[],"class_list":{"0":"post-3584","1":"product","2":"type-product","3":"status-publish","4":"has-post-thumbnail","6":"product_brand-maison-occitane","7":"product_cat-terrines-et-rillettes","8":"product_cat-terrines","9":"product_origine-france","11":"first","12":"instock","13":"taxable","14":"shipping-taxable","15":"purchasable","16":"product-type-variable","17":"add-to-wishlist-before_image"},"acf":[],"yoast_head":"<!-- This site is optimized with the Yoast SEO plugin v24.9 - https:\/\/yoast.com\/wordpress\/plugins\/seo\/ -->\n<title>TERRINE AUX POIVRONS ET OLIVES - Maison Occitane<\/title>\n<meta name=\"description\" content=\"Terrine de campagne au porc fran\u00e7ais aux poivrons et olives. Une recette savoureuse aux accents m\u00e9diterran\u00e9ens, id\u00e9ale \u00e0 l\u2019ap\u00e9ritif ou en entr\u00e9e.\" \/>\n<meta name=\"robots\" content=\"index, follow, max-snippet:-1, max-image-preview:large, max-video-preview:-1\" \/>\n<link rel=\"canonical\" href=\"https:\/\/www.maison-occitane.com\/fr\/produit\/terrine-aux-poivrons-et-olives-bocal-france\/\" \/>\n<meta property=\"og:locale\" content=\"fr_FR\" \/>\n<meta property=\"og:type\" content=\"article\" \/>\n<meta property=\"og:title\" content=\"TERRINE AUX POIVRONS ET OLIVES - Maison Occitane\" \/>\n<meta property=\"og:description\" content=\"Terrine de campagne au porc fran\u00e7ais aux poivrons et olives. Une recette savoureuse aux accents m\u00e9diterran\u00e9ens, id\u00e9ale \u00e0 l\u2019ap\u00e9ritif ou en entr\u00e9e.\" \/>\n<meta property=\"og:url\" content=\"https:\/\/www.maison-occitane.com\/fr\/produit\/terrine-aux-poivrons-et-olives-bocal-france\/\" \/>\n<meta property=\"og:site_name\" content=\"Maison Occitane\" \/>\n<meta property=\"article:modified_time\" content=\"2026-04-27T09:05:55+00:00\" \/>\n<meta property=\"og:image\" content=\"https:\/\/www.maison-occitane.com\/app\/uploads\/2025\/05\/201737_520px.jpg\" \/>\n\t<meta property=\"og:image:width\" content=\"520\" \/>\n\t<meta property=\"og:image:height\" content=\"450\" \/>\n\t<meta property=\"og:image:type\" content=\"image\/jpeg\" \/>\n<meta name=\"twitter:card\" content=\"summary_large_image\" \/>\n<meta name=\"twitter:label1\" content=\"Dur\u00e9e de lecture estim\u00e9e\" \/>\n\t<meta name=\"twitter:data1\" content=\"1 minute\" \/>\n<script type=\"application\/ld+json\" class=\"yoast-schema-graph\">{\"@context\":\"https:\/\/schema.org\",\"@graph\":[{\"@type\":\"WebPage\",\"@id\":\"https:\/\/www.maison-occitane.com\/fr\/produit\/terrine-aux-poivrons-et-olives-bocal-france\/\",\"url\":\"https:\/\/www.maison-occitane.com\/fr\/produit\/terrine-aux-poivrons-et-olives-bocal-france\/\",\"name\":\"TERRINE AUX POIVRONS ET OLIVES - Maison Occitane\",\"isPartOf\":{\"@id\":\"https:\/\/www.maison-occitane.com\/fr\/#website\"},\"primaryImageOfPage\":{\"@id\":\"https:\/\/www.maison-occitane.com\/fr\/produit\/terrine-aux-poivrons-et-olives-bocal-france\/#primaryimage\"},\"image\":{\"@id\":\"https:\/\/www.maison-occitane.com\/fr\/produit\/terrine-aux-poivrons-et-olives-bocal-france\/#primaryimage\"},\"thumbnailUrl\":\"https:\/\/www.maison-occitane.com\/app\/uploads\/2025\/05\/201737_520px.jpg\",\"datePublished\":\"2025-05-05T06:50:48+00:00\",\"dateModified\":\"2026-04-27T09:05:55+00:00\",\"description\":\"Terrine de campagne au porc fran\u00e7ais aux poivrons et olives. Une recette savoureuse aux accents m\u00e9diterran\u00e9ens, id\u00e9ale \u00e0 l\u2019ap\u00e9ritif ou en entr\u00e9e.\",\"breadcrumb\":{\"@id\":\"https:\/\/www.maison-occitane.com\/fr\/produit\/terrine-aux-poivrons-et-olives-bocal-france\/#breadcrumb\"},\"inLanguage\":\"fr-FR\",\"potentialAction\":[{\"@type\":\"ReadAction\",\"target\":[\"https:\/\/www.maison-occitane.com\/fr\/produit\/terrine-aux-poivrons-et-olives-bocal-france\/\"]}]},{\"@type\":\"ImageObject\",\"inLanguage\":\"fr-FR\",\"@id\":\"https:\/\/www.maison-occitane.com\/fr\/produit\/terrine-aux-poivrons-et-olives-bocal-france\/#primaryimage\",\"url\":\"https:\/\/www.maison-occitane.com\/app\/uploads\/2025\/05\/201737_520px.jpg\",\"contentUrl\":\"https:\/\/www.maison-occitane.com\/app\/uploads\/2025\/05\/201737_520px.jpg\",\"width\":520,\"height\":450,\"caption\":\"Terrine aux poivrons et olives - 90g\"},{\"@type\":\"BreadcrumbList\",\"@id\":\"https:\/\/www.maison-occitane.com\/fr\/produit\/terrine-aux-poivrons-et-olives-bocal-france\/#breadcrumb\",\"itemListElement\":[{\"@type\":\"ListItem\",\"position\":1,\"name\":\"Accueil\",\"item\":\"https:\/\/www.maison-occitane.com\/fr\/\"},{\"@type\":\"ListItem\",\"position\":2,\"name\":\"Produits\",\"item\":\"https:\/\/www.maison-occitane.com\/fr\/shop\/\"},{\"@type\":\"ListItem\",\"position\":3,\"name\":\"Terrines et Rillettes\",\"item\":\"https:\/\/www.maison-occitane.com\/fr\/boutique\/terrines-et-rillettes\/\"},{\"@type\":\"ListItem\",\"position\":4,\"name\":\"Terrines\",\"item\":\"https:\/\/www.maison-occitane.com\/fr\/boutique\/terrines-et-rillettes\/terrines\/\"},{\"@type\":\"ListItem\",\"position\":5,\"name\":\"TERRINE AUX POIVRONS ET OLIVES\"}]},{\"@type\":\"WebSite\",\"@id\":\"https:\/\/www.maison-occitane.com\/fr\/#website\",\"url\":\"https:\/\/www.maison-occitane.com\/fr\/\",\"name\":\"Maison Occitane\",\"description\":\"\",\"potentialAction\":[{\"@type\":\"SearchAction\",\"target\":{\"@type\":\"EntryPoint\",\"urlTemplate\":\"https:\/\/www.maison-occitane.com\/fr\/?s={search_term_string}\"},\"query-input\":{\"@type\":\"PropertyValueSpecification\",\"valueRequired\":true,\"valueName\":\"search_term_string\"}}],\"inLanguage\":\"fr-FR\"}]}<\/script>\n<!-- \/ Yoast SEO plugin. -->","yoast_head_json":{"title":"TERRINE AUX POIVRONS ET OLIVES - Maison Occitane","description":"Terrine de campagne au porc fran\u00e7ais aux poivrons et olives. Une recette savoureuse aux accents m\u00e9diterran\u00e9ens, id\u00e9ale \u00e0 l\u2019ap\u00e9ritif ou en entr\u00e9e.","robots":{"index":"index","follow":"follow","max-snippet":"max-snippet:-1","max-image-preview":"max-image-preview:large","max-video-preview":"max-video-preview:-1"},"canonical":"https:\/\/www.maison-occitane.com\/fr\/produit\/terrine-aux-poivrons-et-olives-bocal-france\/","og_locale":"fr_FR","og_type":"article","og_title":"TERRINE AUX POIVRONS ET OLIVES - Maison Occitane","og_description":"Terrine de campagne au porc fran\u00e7ais aux poivrons et olives. Une recette savoureuse aux accents m\u00e9diterran\u00e9ens, id\u00e9ale \u00e0 l\u2019ap\u00e9ritif ou en entr\u00e9e.","og_url":"https:\/\/www.maison-occitane.com\/fr\/produit\/terrine-aux-poivrons-et-olives-bocal-france\/","og_site_name":"Maison Occitane","article_modified_time":"2026-04-27T09:05:55+00:00","og_image":[{"width":520,"height":450,"url":"https:\/\/www.maison-occitane.com\/app\/uploads\/2025\/05\/201737_520px.jpg","type":"image\/jpeg"}],"twitter_card":"summary_large_image","twitter_misc":{"Dur\u00e9e de lecture estim\u00e9e":"1 minute"},"schema":{"@context":"https:\/\/schema.org","@graph":[{"@type":"WebPage","@id":"https:\/\/www.maison-occitane.com\/fr\/produit\/terrine-aux-poivrons-et-olives-bocal-france\/","url":"https:\/\/www.maison-occitane.com\/fr\/produit\/terrine-aux-poivrons-et-olives-bocal-france\/","name":"TERRINE AUX POIVRONS ET OLIVES - Maison Occitane","isPartOf":{"@id":"https:\/\/www.maison-occitane.com\/fr\/#website"},"primaryImageOfPage":{"@id":"https:\/\/www.maison-occitane.com\/fr\/produit\/terrine-aux-poivrons-et-olives-bocal-france\/#primaryimage"},"image":{"@id":"https:\/\/www.maison-occitane.com\/fr\/produit\/terrine-aux-poivrons-et-olives-bocal-france\/#primaryimage"},"thumbnailUrl":"https:\/\/www.maison-occitane.com\/app\/uploads\/2025\/05\/201737_520px.jpg","datePublished":"2025-05-05T06:50:48+00:00","dateModified":"2026-04-27T09:05:55+00:00","description":"Terrine de campagne au porc fran\u00e7ais aux poivrons et olives. Une recette savoureuse aux accents m\u00e9diterran\u00e9ens, id\u00e9ale \u00e0 l\u2019ap\u00e9ritif ou en entr\u00e9e.","breadcrumb":{"@id":"https:\/\/www.maison-occitane.com\/fr\/produit\/terrine-aux-poivrons-et-olives-bocal-france\/#breadcrumb"},"inLanguage":"fr-FR","potentialAction":[{"@type":"ReadAction","target":["https:\/\/www.maison-occitane.com\/fr\/produit\/terrine-aux-poivrons-et-olives-bocal-france\/"]}]},{"@type":"ImageObject","inLanguage":"fr-FR","@id":"https:\/\/www.maison-occitane.com\/fr\/produit\/terrine-aux-poivrons-et-olives-bocal-france\/#primaryimage","url":"https:\/\/www.maison-occitane.com\/app\/uploads\/2025\/05\/201737_520px.jpg","contentUrl":"https:\/\/www.maison-occitane.com\/app\/uploads\/2025\/05\/201737_520px.jpg","width":520,"height":450,"caption":"Terrine aux poivrons et olives - 90g"},{"@type":"BreadcrumbList","@id":"https:\/\/www.maison-occitane.com\/fr\/produit\/terrine-aux-poivrons-et-olives-bocal-france\/#breadcrumb","itemListElement":[{"@type":"ListItem","position":1,"name":"Accueil","item":"https:\/\/www.maison-occitane.com\/fr\/"},{"@type":"ListItem","position":2,"name":"Produits","item":"https:\/\/www.maison-occitane.com\/fr\/shop\/"},{"@type":"ListItem","position":3,"name":"Terrines et Rillettes","item":"https:\/\/www.maison-occitane.com\/fr\/boutique\/terrines-et-rillettes\/"},{"@type":"ListItem","position":4,"name":"Terrines","item":"https:\/\/www.maison-occitane.com\/fr\/boutique\/terrines-et-rillettes\/terrines\/"},{"@type":"ListItem","position":5,"name":"TERRINE AUX POIVRONS ET OLIVES"}]},{"@type":"WebSite","@id":"https:\/\/www.maison-occitane.com\/fr\/#website","url":"https:\/\/www.maison-occitane.com\/fr\/","name":"Maison Occitane","description":"","potentialAction":[{"@type":"SearchAction","target":{"@type":"EntryPoint","urlTemplate":"https:\/\/www.maison-occitane.com\/fr\/?s={search_term_string}"},"query-input":{"@type":"PropertyValueSpecification","valueRequired":true,"valueName":"search_term_string"}}],"inLanguage":"fr-FR"}]}},"_links":{"self":[{"href":"https:\/\/www.maison-occitane.com\/fr\/wp-json\/wp\/v2\/product\/3584","targetHints":{"allow":["GET"]}}],"collection":[{"href":"https:\/\/www.maison-occitane.com\/fr\/wp-json\/wp\/v2\/product"}],"about":[{"href":"https:\/\/www.maison-occitane.com\/fr\/wp-json\/wp\/v2\/types\/product"}],"replies":[{"embeddable":true,"href":"https:\/\/www.maison-occitane.com\/fr\/wp-json\/wp\/v2\/comments?post=3584"}],"wp:featuredmedia":[{"embeddable":true,"href":"https:\/\/www.maison-occitane.com\/fr\/wp-json\/wp\/v2\/media\/4143"}],"wp:attachment":[{"href":"https:\/\/www.maison-occitane.com\/fr\/wp-json\/wp\/v2\/media?parent=3584"}],"wp:term":[{"taxonomy":"product_cat","embeddable":true,"href":"https:\/\/www.maison-occitane.com\/fr\/wp-json\/wp\/v2\/product_cat?post=3584"},{"taxonomy":"product_tag","embeddable":true,"href":"https:\/\/www.maison-occitane.com\/fr\/wp-json\/wp\/v2\/product_tag?post=3584"},{"taxonomy":"product_origine","embeddable":true,"href":"https:\/\/www.maison-occitane.com\/fr\/wp-json\/wp\/v2\/origines?post=3584"},{"taxonomy":"label_qualite","embeddable":true,"href":"https:\/\/www.maison-occitane.com\/fr\/wp-json\/wp\/v2\/labels-qualite?post=3584"}],"curies":[{"name":"wp","href":"https:\/\/api.w.org\/{rel}","templated":true}]}}