{"id":3583,"date":"2025-05-05T08:50:48","date_gmt":"2025-05-05T06:50:48","guid":{"rendered":"http:\/\/localhost:8080\/non%20class\u00e9\/echine-de-porc-sechee-tranchee-100g\/"},"modified":"2026-04-09T10:58:18","modified_gmt":"2026-04-09T08:58:18","slug":"echine-de-porc-sechee-tranchee-100g","status":"publish","type":"product","link":"https:\/\/www.maison-occitane.com\/fr\/produit\/echine-de-porc-sechee-tranchee-100g\/","title":{"rendered":"ECHINE DE PORC SECHEE TRANCHEE"},"content":{"rendered":"<p data-start=\"651\" data-end=\"921\">L\u2019ap\u00e9ro, c\u2019est sacr\u00e9. Et quand il est partag\u00e9 \u00e0 la bonne franquette avec des produits du terroir, c\u2019est encore meilleur ! D\u00e9couvrez l&rsquo;\u00e9chine de porc s\u00e9ch\u00e9e tranch\u00e9e, une charcuterie fine et savoureuse, <strong>100 % porc fran\u00e7ais, n\u00e9, \u00e9lev\u00e9 et abattu en Aveyron<\/strong>.<\/p>\n<p data-start=\"923\" data-end=\"1205\">Pr\u00e9par\u00e9e selon la tradition, cette pi\u00e8ce noble est sal\u00e9e, \u00e9pic\u00e9e, matur\u00e9e puis s\u00e9ch\u00e9e lentement pour r\u00e9v\u00e9ler toute sa tendret\u00e9 et ses ar\u00f4mes. Chaque tranche est une invitation \u00e0 la gourmandise, parfaite pour composer une planche ap\u00e9ro g\u00e9n\u00e9reuse, simple, mais pleine de go\u00fbt.<\/p>\n<p data-start=\"1207\" data-end=\"1412\">\u00c0 sortir du frigo juste avant de servir, \u00e0 accompagner de quelques fromages, olives, pains de campagne et d\u2019un verre bien frais : l\u2019\u00e9chine s\u00e9ch\u00e9e tranch\u00e9e, c\u2019est la star de vos ap\u00e9ros entre copains.<\/p>\n","protected":false},"excerpt":{"rendered":"<p><span class=\"notion-enable-hover\" data-token-index=\"0\">C\u2019est une sp\u00e9cialit\u00e9 gastronomique qui met en avant le savoir-faire artisanal de cette r\u00e9gion. Pr\u00e9par\u00e9e \u00e0 partir de morceau choisis d\u2019\u00e9chine de porc, cette charcuterie s\u00e9ch\u00e9e lentement pour mettre en son ar\u00f4me riche et savoureuse. Tranch\u00e9e finement et conditionn\u00e9e sou vide, elle conserve toute sa fra\u00eecheur et ses qualit\u00e9 gustatives.<\/span><\/p>\n","protected":false},"featured_media":4354,"comment_status":"open","ping_status":"closed","template":"","meta":{"_acf_changed":false},"product_cat":[773,784],"product_tag":[],"origines":[798],"labels-qualite":[],"class_list":{"0":"post-3583","1":"product","2":"type-product","3":"status-publish","4":"has-post-thumbnail","6":"product_cat-specialites-du-sud-ouest","7":"product_cat-entrees-du-terroir","8":"product_origine-france","10":"first","11":"outofstock","12":"taxable","13":"shipping-taxable","14":"purchasable","15":"product-type-simple","16":"add-to-wishlist-before_image"},"acf":[],"yoast_head":"<!-- This site is optimized with the Yoast SEO plugin v24.9 - https:\/\/yoast.com\/wordpress\/plugins\/seo\/ -->\n<title>ECHINE DE PORC SECHEE TRANCHEE - Maison Occitane<\/title>\n<meta name=\"description\" content=\"Savourez notre \u00e9chine de porc s\u00e9ch\u00e9e tranch\u00e9e, 100 % porc fran\u00e7ais \u00e9lev\u00e9 en Aveyron. Id\u00e9ale pour vos planches ap\u00e9ro \u00e0 la bonne franquette. Une charcuterie fine, tendre et pleine de go\u00fbt.\" \/>\n<meta name=\"robots\" content=\"index, follow, max-snippet:-1, max-image-preview:large, max-video-preview:-1\" \/>\n<link rel=\"canonical\" href=\"https:\/\/www.maison-occitane.com\/fr\/produit\/echine-de-porc-sechee-tranchee-100g\/\" \/>\n<meta property=\"og:locale\" content=\"fr_FR\" \/>\n<meta property=\"og:type\" content=\"article\" \/>\n<meta property=\"og:title\" content=\"ECHINE DE PORC SECHEE TRANCHEE - Maison Occitane\" \/>\n<meta property=\"og:description\" content=\"Savourez notre \u00e9chine de porc s\u00e9ch\u00e9e tranch\u00e9e, 100 % porc fran\u00e7ais \u00e9lev\u00e9 en Aveyron. Id\u00e9ale pour vos planches ap\u00e9ro \u00e0 la bonne franquette. Une charcuterie fine, tendre et pleine de go\u00fbt.\" \/>\n<meta property=\"og:url\" content=\"https:\/\/www.maison-occitane.com\/fr\/produit\/echine-de-porc-sechee-tranchee-100g\/\" \/>\n<meta property=\"og:site_name\" content=\"Maison Occitane\" \/>\n<meta property=\"article:modified_time\" content=\"2026-04-09T08:58:18+00:00\" \/>\n<meta property=\"og:image\" content=\"https:\/\/www.maison-occitane.com\/app\/uploads\/2025\/05\/201465_520px.jpg\" \/>\n\t<meta property=\"og:image:width\" content=\"520\" \/>\n\t<meta property=\"og:image:height\" content=\"450\" \/>\n\t<meta property=\"og:image:type\" content=\"image\/jpeg\" \/>\n<meta name=\"twitter:card\" content=\"summary_large_image\" \/>\n<meta name=\"twitter:label1\" content=\"Dur\u00e9e de lecture estim\u00e9e\" \/>\n\t<meta name=\"twitter:data1\" content=\"1 minute\" \/>\n<script type=\"application\/ld+json\" class=\"yoast-schema-graph\">{\"@context\":\"https:\/\/schema.org\",\"@graph\":[{\"@type\":\"WebPage\",\"@id\":\"https:\/\/www.maison-occitane.com\/fr\/produit\/echine-de-porc-sechee-tranchee-100g\/\",\"url\":\"https:\/\/www.maison-occitane.com\/fr\/produit\/echine-de-porc-sechee-tranchee-100g\/\",\"name\":\"ECHINE DE PORC SECHEE TRANCHEE - Maison Occitane\",\"isPartOf\":{\"@id\":\"https:\/\/www.maison-occitane.com\/fr\/#website\"},\"primaryImageOfPage\":{\"@id\":\"https:\/\/www.maison-occitane.com\/fr\/produit\/echine-de-porc-sechee-tranchee-100g\/#primaryimage\"},\"image\":{\"@id\":\"https:\/\/www.maison-occitane.com\/fr\/produit\/echine-de-porc-sechee-tranchee-100g\/#primaryimage\"},\"thumbnailUrl\":\"https:\/\/www.maison-occitane.com\/app\/uploads\/2025\/05\/201465_520px.jpg\",\"datePublished\":\"2025-05-05T06:50:48+00:00\",\"dateModified\":\"2026-04-09T08:58:18+00:00\",\"description\":\"Savourez notre \u00e9chine de porc s\u00e9ch\u00e9e tranch\u00e9e, 100 % porc fran\u00e7ais \u00e9lev\u00e9 en Aveyron. Id\u00e9ale pour vos planches ap\u00e9ro \u00e0 la bonne franquette. Une charcuterie fine, tendre et pleine de go\u00fbt.\",\"breadcrumb\":{\"@id\":\"https:\/\/www.maison-occitane.com\/fr\/produit\/echine-de-porc-sechee-tranchee-100g\/#breadcrumb\"},\"inLanguage\":\"fr-FR\",\"potentialAction\":[{\"@type\":\"ReadAction\",\"target\":[\"https:\/\/www.maison-occitane.com\/fr\/produit\/echine-de-porc-sechee-tranchee-100g\/\"]}]},{\"@type\":\"ImageObject\",\"inLanguage\":\"fr-FR\",\"@id\":\"https:\/\/www.maison-occitane.com\/fr\/produit\/echine-de-porc-sechee-tranchee-100g\/#primaryimage\",\"url\":\"https:\/\/www.maison-occitane.com\/app\/uploads\/2025\/05\/201465_520px.jpg\",\"contentUrl\":\"https:\/\/www.maison-occitane.com\/app\/uploads\/2025\/05\/201465_520px.jpg\",\"width\":520,\"height\":450,\"caption\":\"\u00c9chine de porc s\u00e9ch\u00e9e tranch\u00e9e\"},{\"@type\":\"BreadcrumbList\",\"@id\":\"https:\/\/www.maison-occitane.com\/fr\/produit\/echine-de-porc-sechee-tranchee-100g\/#breadcrumb\",\"itemListElement\":[{\"@type\":\"ListItem\",\"position\":1,\"name\":\"Accueil\",\"item\":\"https:\/\/www.maison-occitane.com\/fr\/\"},{\"@type\":\"ListItem\",\"position\":2,\"name\":\"Produits\",\"item\":\"https:\/\/www.maison-occitane.com\/fr\/shop\/\"},{\"@type\":\"ListItem\",\"position\":3,\"name\":\"Sp\u00e9cialit\u00e9s du Sud-Ouest\",\"item\":\"https:\/\/www.maison-occitane.com\/fr\/boutique\/specialites-du-sud-ouest\/\"},{\"@type\":\"ListItem\",\"position\":4,\"name\":\"Entr\u00e9es du terroir\",\"item\":\"https:\/\/www.maison-occitane.com\/fr\/boutique\/specialites-du-sud-ouest\/entrees-du-terroir\/\"},{\"@type\":\"ListItem\",\"position\":5,\"name\":\"ECHINE DE PORC SECHEE TRANCHEE\"}]},{\"@type\":\"WebSite\",\"@id\":\"https:\/\/www.maison-occitane.com\/fr\/#website\",\"url\":\"https:\/\/www.maison-occitane.com\/fr\/\",\"name\":\"Maison Occitane\",\"description\":\"\",\"potentialAction\":[{\"@type\":\"SearchAction\",\"target\":{\"@type\":\"EntryPoint\",\"urlTemplate\":\"https:\/\/www.maison-occitane.com\/fr\/?s={search_term_string}\"},\"query-input\":{\"@type\":\"PropertyValueSpecification\",\"valueRequired\":true,\"valueName\":\"search_term_string\"}}],\"inLanguage\":\"fr-FR\"}]}<\/script>\n<!-- \/ Yoast SEO plugin. -->","yoast_head_json":{"title":"ECHINE DE PORC SECHEE TRANCHEE - Maison Occitane","description":"Savourez notre \u00e9chine de porc s\u00e9ch\u00e9e tranch\u00e9e, 100 % porc fran\u00e7ais \u00e9lev\u00e9 en Aveyron. Id\u00e9ale pour vos planches ap\u00e9ro \u00e0 la bonne franquette. Une charcuterie fine, tendre et pleine de go\u00fbt.","robots":{"index":"index","follow":"follow","max-snippet":"max-snippet:-1","max-image-preview":"max-image-preview:large","max-video-preview":"max-video-preview:-1"},"canonical":"https:\/\/www.maison-occitane.com\/fr\/produit\/echine-de-porc-sechee-tranchee-100g\/","og_locale":"fr_FR","og_type":"article","og_title":"ECHINE DE PORC SECHEE TRANCHEE - Maison Occitane","og_description":"Savourez notre \u00e9chine de porc s\u00e9ch\u00e9e tranch\u00e9e, 100 % porc fran\u00e7ais \u00e9lev\u00e9 en Aveyron. Id\u00e9ale pour vos planches ap\u00e9ro \u00e0 la bonne franquette. Une charcuterie fine, tendre et pleine de go\u00fbt.","og_url":"https:\/\/www.maison-occitane.com\/fr\/produit\/echine-de-porc-sechee-tranchee-100g\/","og_site_name":"Maison Occitane","article_modified_time":"2026-04-09T08:58:18+00:00","og_image":[{"width":520,"height":450,"url":"https:\/\/www.maison-occitane.com\/app\/uploads\/2025\/05\/201465_520px.jpg","type":"image\/jpeg"}],"twitter_card":"summary_large_image","twitter_misc":{"Dur\u00e9e de lecture estim\u00e9e":"1 minute"},"schema":{"@context":"https:\/\/schema.org","@graph":[{"@type":"WebPage","@id":"https:\/\/www.maison-occitane.com\/fr\/produit\/echine-de-porc-sechee-tranchee-100g\/","url":"https:\/\/www.maison-occitane.com\/fr\/produit\/echine-de-porc-sechee-tranchee-100g\/","name":"ECHINE DE PORC SECHEE TRANCHEE - Maison Occitane","isPartOf":{"@id":"https:\/\/www.maison-occitane.com\/fr\/#website"},"primaryImageOfPage":{"@id":"https:\/\/www.maison-occitane.com\/fr\/produit\/echine-de-porc-sechee-tranchee-100g\/#primaryimage"},"image":{"@id":"https:\/\/www.maison-occitane.com\/fr\/produit\/echine-de-porc-sechee-tranchee-100g\/#primaryimage"},"thumbnailUrl":"https:\/\/www.maison-occitane.com\/app\/uploads\/2025\/05\/201465_520px.jpg","datePublished":"2025-05-05T06:50:48+00:00","dateModified":"2026-04-09T08:58:18+00:00","description":"Savourez notre \u00e9chine de porc s\u00e9ch\u00e9e tranch\u00e9e, 100 % porc fran\u00e7ais \u00e9lev\u00e9 en Aveyron. Id\u00e9ale pour vos planches ap\u00e9ro \u00e0 la bonne franquette. Une charcuterie fine, tendre et pleine de go\u00fbt.","breadcrumb":{"@id":"https:\/\/www.maison-occitane.com\/fr\/produit\/echine-de-porc-sechee-tranchee-100g\/#breadcrumb"},"inLanguage":"fr-FR","potentialAction":[{"@type":"ReadAction","target":["https:\/\/www.maison-occitane.com\/fr\/produit\/echine-de-porc-sechee-tranchee-100g\/"]}]},{"@type":"ImageObject","inLanguage":"fr-FR","@id":"https:\/\/www.maison-occitane.com\/fr\/produit\/echine-de-porc-sechee-tranchee-100g\/#primaryimage","url":"https:\/\/www.maison-occitane.com\/app\/uploads\/2025\/05\/201465_520px.jpg","contentUrl":"https:\/\/www.maison-occitane.com\/app\/uploads\/2025\/05\/201465_520px.jpg","width":520,"height":450,"caption":"\u00c9chine de porc s\u00e9ch\u00e9e tranch\u00e9e"},{"@type":"BreadcrumbList","@id":"https:\/\/www.maison-occitane.com\/fr\/produit\/echine-de-porc-sechee-tranchee-100g\/#breadcrumb","itemListElement":[{"@type":"ListItem","position":1,"name":"Accueil","item":"https:\/\/www.maison-occitane.com\/fr\/"},{"@type":"ListItem","position":2,"name":"Produits","item":"https:\/\/www.maison-occitane.com\/fr\/shop\/"},{"@type":"ListItem","position":3,"name":"Sp\u00e9cialit\u00e9s du Sud-Ouest","item":"https:\/\/www.maison-occitane.com\/fr\/boutique\/specialites-du-sud-ouest\/"},{"@type":"ListItem","position":4,"name":"Entr\u00e9es du terroir","item":"https:\/\/www.maison-occitane.com\/fr\/boutique\/specialites-du-sud-ouest\/entrees-du-terroir\/"},{"@type":"ListItem","position":5,"name":"ECHINE DE PORC SECHEE TRANCHEE"}]},{"@type":"WebSite","@id":"https:\/\/www.maison-occitane.com\/fr\/#website","url":"https:\/\/www.maison-occitane.com\/fr\/","name":"Maison Occitane","description":"","potentialAction":[{"@type":"SearchAction","target":{"@type":"EntryPoint","urlTemplate":"https:\/\/www.maison-occitane.com\/fr\/?s={search_term_string}"},"query-input":{"@type":"PropertyValueSpecification","valueRequired":true,"valueName":"search_term_string"}}],"inLanguage":"fr-FR"}]}},"_links":{"self":[{"href":"https:\/\/www.maison-occitane.com\/fr\/wp-json\/wp\/v2\/product\/3583","targetHints":{"allow":["GET"]}}],"collection":[{"href":"https:\/\/www.maison-occitane.com\/fr\/wp-json\/wp\/v2\/product"}],"about":[{"href":"https:\/\/www.maison-occitane.com\/fr\/wp-json\/wp\/v2\/types\/product"}],"replies":[{"embeddable":true,"href":"https:\/\/www.maison-occitane.com\/fr\/wp-json\/wp\/v2\/comments?post=3583"}],"wp:featuredmedia":[{"embeddable":true,"href":"https:\/\/www.maison-occitane.com\/fr\/wp-json\/wp\/v2\/media\/4354"}],"wp:attachment":[{"href":"https:\/\/www.maison-occitane.com\/fr\/wp-json\/wp\/v2\/media?parent=3583"}],"wp:term":[{"taxonomy":"product_cat","embeddable":true,"href":"https:\/\/www.maison-occitane.com\/fr\/wp-json\/wp\/v2\/product_cat?post=3583"},{"taxonomy":"product_tag","embeddable":true,"href":"https:\/\/www.maison-occitane.com\/fr\/wp-json\/wp\/v2\/product_tag?post=3583"},{"taxonomy":"product_origine","embeddable":true,"href":"https:\/\/www.maison-occitane.com\/fr\/wp-json\/wp\/v2\/origines?post=3583"},{"taxonomy":"label_qualite","embeddable":true,"href":"https:\/\/www.maison-occitane.com\/fr\/wp-json\/wp\/v2\/labels-qualite?post=3583"}],"curies":[{"name":"wp","href":"https:\/\/api.w.org\/{rel}","templated":true}]}}