{"id":3582,"date":"2025-05-05T08:50:48","date_gmt":"2025-05-05T06:50:48","guid":{"rendered":"http:\/\/localhost:8080\/non%20class\u00e9\/chips-a-la-truffe-noire-sachet-30g\/"},"modified":"2026-02-13T10:17:40","modified_gmt":"2026-02-13T09:17:40","slug":"chips-a-la-truffe-noire-sachet-30g","status":"publish","type":"product","link":"https:\/\/www.maison-occitane.com\/fr\/produit\/chips-a-la-truffe-noire-sachet-30g\/","title":{"rendered":"CHIPS A LA TRUFFE NOIRE SACHET 30G"},"content":{"rendered":"<p><strong data-start=\"657\" data-end=\"772\">les chips \u00e0 la truffe noire 30g sign\u00e9es L\u2019Atelier de la Chips.<\/strong><\/p>\n<p>\u00c9labor\u00e9es en Bretagne par des artisans passionn\u00e9s, ces chips premium subliment la pomme de terre en lui associant un ingr\u00e9dient noble : la truffe noire (Tuber melanosporum), pour une explosion d\u2019ar\u00f4mes en bouche. Un \u00e9quilibre parfait entre croustillant des pommes de terres cuites au chaudron et la saveur intense avec 3,2% de truffe noire.<\/p>\n<p>Notre coup de coeur.<\/p>\n","protected":false},"excerpt":{"rendered":"<p>De croustillantes chips artisanales fran\u00e7aises de l&rsquo;atelier de la Chips en Bretagne. Ces chips sont cuites au chaudron et subtilement parfum\u00e9es \u00e0 la truffe noire. Un concentr\u00e9 de savoir-faire et de raffinement en format 30g.<\/p>\n","protected":false},"featured_media":5992,"comment_status":"open","ping_status":"closed","template":"","meta":{"_acf_changed":false},"product_cat":[775,791],"product_tag":[],"origines":[],"labels-qualite":[],"class_list":{"0":"post-3582","1":"product","2":"type-product","3":"status-publish","4":"has-post-thumbnail","6":"product_cat-epicerie-fine","7":"product_cat-tartinables-et-apero","9":"first","10":"instock","11":"taxable","12":"shipping-taxable","13":"purchasable","14":"product-type-simple","15":"add-to-wishlist-before_image"},"acf":[],"yoast_head":"<!-- This site is optimized with the Yoast SEO plugin v24.9 - https:\/\/yoast.com\/wordpress\/plugins\/seo\/ -->\n<title>CHIPS A LA TRUFFE NOIRE - Maison Occitane<\/title>\n<meta name=\"description\" content=\"Chips artisanales \u00e0 la truffe noire \u2013 Format 30g. Croquant raffin\u00e9 et go\u00fbt d\u2019exception. Id\u00e9al pour coffrets gourmets et ap\u00e9ritifs premium.\" \/>\n<meta name=\"robots\" content=\"index, follow, max-snippet:-1, max-image-preview:large, max-video-preview:-1\" \/>\n<link rel=\"canonical\" href=\"https:\/\/www.maison-occitane.com\/fr\/produit\/chips-a-la-truffe-noire-sachet-30g\/\" \/>\n<meta property=\"og:locale\" content=\"fr_FR\" \/>\n<meta property=\"og:type\" content=\"article\" \/>\n<meta property=\"og:title\" content=\"CHIPS A LA TRUFFE NOIRE - Maison Occitane\" \/>\n<meta property=\"og:description\" content=\"Chips artisanales \u00e0 la truffe noire \u2013 Format 30g. Croquant raffin\u00e9 et go\u00fbt d\u2019exception. Id\u00e9al pour coffrets gourmets et ap\u00e9ritifs premium.\" \/>\n<meta property=\"og:url\" content=\"https:\/\/www.maison-occitane.com\/fr\/produit\/chips-a-la-truffe-noire-sachet-30g\/\" \/>\n<meta property=\"og:site_name\" content=\"Maison Occitane\" \/>\n<meta property=\"article:modified_time\" content=\"2026-02-13T09:17:40+00:00\" \/>\n<meta property=\"og:image\" content=\"https:\/\/www.maison-occitane.com\/app\/uploads\/2025\/05\/201414.jpg\" \/>\n\t<meta property=\"og:image:width\" content=\"520\" \/>\n\t<meta property=\"og:image:height\" content=\"450\" \/>\n\t<meta property=\"og:image:type\" content=\"image\/jpeg\" \/>\n<meta name=\"twitter:card\" content=\"summary_large_image\" \/>\n<meta name=\"twitter:label1\" content=\"Dur\u00e9e de lecture estim\u00e9e\" \/>\n\t<meta name=\"twitter:data1\" content=\"1 minute\" \/>\n<script type=\"application\/ld+json\" class=\"yoast-schema-graph\">{\"@context\":\"https:\/\/schema.org\",\"@graph\":[{\"@type\":\"WebPage\",\"@id\":\"https:\/\/www.maison-occitane.com\/fr\/produit\/chips-a-la-truffe-noire-sachet-30g\/\",\"url\":\"https:\/\/www.maison-occitane.com\/fr\/produit\/chips-a-la-truffe-noire-sachet-30g\/\",\"name\":\"CHIPS A LA TRUFFE NOIRE - Maison Occitane\",\"isPartOf\":{\"@id\":\"https:\/\/www.maison-occitane.com\/fr\/#website\"},\"primaryImageOfPage\":{\"@id\":\"https:\/\/www.maison-occitane.com\/fr\/produit\/chips-a-la-truffe-noire-sachet-30g\/#primaryimage\"},\"image\":{\"@id\":\"https:\/\/www.maison-occitane.com\/fr\/produit\/chips-a-la-truffe-noire-sachet-30g\/#primaryimage\"},\"thumbnailUrl\":\"https:\/\/www.maison-occitane.com\/app\/uploads\/2025\/05\/201414.jpg\",\"datePublished\":\"2025-05-05T06:50:48+00:00\",\"dateModified\":\"2026-02-13T09:17:40+00:00\",\"description\":\"Chips artisanales \u00e0 la truffe noire \u2013 Format 30g. Croquant raffin\u00e9 et go\u00fbt d\u2019exception. Id\u00e9al pour coffrets gourmets et ap\u00e9ritifs premium.\",\"breadcrumb\":{\"@id\":\"https:\/\/www.maison-occitane.com\/fr\/produit\/chips-a-la-truffe-noire-sachet-30g\/#breadcrumb\"},\"inLanguage\":\"fr-FR\",\"potentialAction\":[{\"@type\":\"ReadAction\",\"target\":[\"https:\/\/www.maison-occitane.com\/fr\/produit\/chips-a-la-truffe-noire-sachet-30g\/\"]}]},{\"@type\":\"ImageObject\",\"inLanguage\":\"fr-FR\",\"@id\":\"https:\/\/www.maison-occitane.com\/fr\/produit\/chips-a-la-truffe-noire-sachet-30g\/#primaryimage\",\"url\":\"https:\/\/www.maison-occitane.com\/app\/uploads\/2025\/05\/201414.jpg\",\"contentUrl\":\"https:\/\/www.maison-occitane.com\/app\/uploads\/2025\/05\/201414.jpg\",\"width\":520,\"height\":450,\"caption\":\"Chips de pommes de terre \u00e0 la truffe noire\"},{\"@type\":\"BreadcrumbList\",\"@id\":\"https:\/\/www.maison-occitane.com\/fr\/produit\/chips-a-la-truffe-noire-sachet-30g\/#breadcrumb\",\"itemListElement\":[{\"@type\":\"ListItem\",\"position\":1,\"name\":\"Accueil\",\"item\":\"https:\/\/www.maison-occitane.com\/fr\/\"},{\"@type\":\"ListItem\",\"position\":2,\"name\":\"Produits\",\"item\":\"https:\/\/www.maison-occitane.com\/fr\/shop\/\"},{\"@type\":\"ListItem\",\"position\":3,\"name\":\"\u00c9picerie fine\",\"item\":\"https:\/\/www.maison-occitane.com\/fr\/boutique\/epicerie-fine\/\"},{\"@type\":\"ListItem\",\"position\":4,\"name\":\"CHIPS A LA TRUFFE NOIRE SACHET 30G\"}]},{\"@type\":\"WebSite\",\"@id\":\"https:\/\/www.maison-occitane.com\/fr\/#website\",\"url\":\"https:\/\/www.maison-occitane.com\/fr\/\",\"name\":\"Maison Occitane\",\"description\":\"\",\"potentialAction\":[{\"@type\":\"SearchAction\",\"target\":{\"@type\":\"EntryPoint\",\"urlTemplate\":\"https:\/\/www.maison-occitane.com\/fr\/?s={search_term_string}\"},\"query-input\":{\"@type\":\"PropertyValueSpecification\",\"valueRequired\":true,\"valueName\":\"search_term_string\"}}],\"inLanguage\":\"fr-FR\"}]}<\/script>\n<!-- \/ Yoast SEO plugin. -->","yoast_head_json":{"title":"CHIPS A LA TRUFFE NOIRE - Maison Occitane","description":"Chips artisanales \u00e0 la truffe noire \u2013 Format 30g. Croquant raffin\u00e9 et go\u00fbt d\u2019exception. Id\u00e9al pour coffrets gourmets et ap\u00e9ritifs premium.","robots":{"index":"index","follow":"follow","max-snippet":"max-snippet:-1","max-image-preview":"max-image-preview:large","max-video-preview":"max-video-preview:-1"},"canonical":"https:\/\/www.maison-occitane.com\/fr\/produit\/chips-a-la-truffe-noire-sachet-30g\/","og_locale":"fr_FR","og_type":"article","og_title":"CHIPS A LA TRUFFE NOIRE - Maison Occitane","og_description":"Chips artisanales \u00e0 la truffe noire \u2013 Format 30g. Croquant raffin\u00e9 et go\u00fbt d\u2019exception. Id\u00e9al pour coffrets gourmets et ap\u00e9ritifs premium.","og_url":"https:\/\/www.maison-occitane.com\/fr\/produit\/chips-a-la-truffe-noire-sachet-30g\/","og_site_name":"Maison Occitane","article_modified_time":"2026-02-13T09:17:40+00:00","og_image":[{"width":520,"height":450,"url":"https:\/\/www.maison-occitane.com\/app\/uploads\/2025\/05\/201414.jpg","type":"image\/jpeg"}],"twitter_card":"summary_large_image","twitter_misc":{"Dur\u00e9e de lecture estim\u00e9e":"1 minute"},"schema":{"@context":"https:\/\/schema.org","@graph":[{"@type":"WebPage","@id":"https:\/\/www.maison-occitane.com\/fr\/produit\/chips-a-la-truffe-noire-sachet-30g\/","url":"https:\/\/www.maison-occitane.com\/fr\/produit\/chips-a-la-truffe-noire-sachet-30g\/","name":"CHIPS A LA TRUFFE NOIRE - Maison Occitane","isPartOf":{"@id":"https:\/\/www.maison-occitane.com\/fr\/#website"},"primaryImageOfPage":{"@id":"https:\/\/www.maison-occitane.com\/fr\/produit\/chips-a-la-truffe-noire-sachet-30g\/#primaryimage"},"image":{"@id":"https:\/\/www.maison-occitane.com\/fr\/produit\/chips-a-la-truffe-noire-sachet-30g\/#primaryimage"},"thumbnailUrl":"https:\/\/www.maison-occitane.com\/app\/uploads\/2025\/05\/201414.jpg","datePublished":"2025-05-05T06:50:48+00:00","dateModified":"2026-02-13T09:17:40+00:00","description":"Chips artisanales \u00e0 la truffe noire \u2013 Format 30g. Croquant raffin\u00e9 et go\u00fbt d\u2019exception. Id\u00e9al pour coffrets gourmets et ap\u00e9ritifs premium.","breadcrumb":{"@id":"https:\/\/www.maison-occitane.com\/fr\/produit\/chips-a-la-truffe-noire-sachet-30g\/#breadcrumb"},"inLanguage":"fr-FR","potentialAction":[{"@type":"ReadAction","target":["https:\/\/www.maison-occitane.com\/fr\/produit\/chips-a-la-truffe-noire-sachet-30g\/"]}]},{"@type":"ImageObject","inLanguage":"fr-FR","@id":"https:\/\/www.maison-occitane.com\/fr\/produit\/chips-a-la-truffe-noire-sachet-30g\/#primaryimage","url":"https:\/\/www.maison-occitane.com\/app\/uploads\/2025\/05\/201414.jpg","contentUrl":"https:\/\/www.maison-occitane.com\/app\/uploads\/2025\/05\/201414.jpg","width":520,"height":450,"caption":"Chips de pommes de terre \u00e0 la truffe noire"},{"@type":"BreadcrumbList","@id":"https:\/\/www.maison-occitane.com\/fr\/produit\/chips-a-la-truffe-noire-sachet-30g\/#breadcrumb","itemListElement":[{"@type":"ListItem","position":1,"name":"Accueil","item":"https:\/\/www.maison-occitane.com\/fr\/"},{"@type":"ListItem","position":2,"name":"Produits","item":"https:\/\/www.maison-occitane.com\/fr\/shop\/"},{"@type":"ListItem","position":3,"name":"\u00c9picerie fine","item":"https:\/\/www.maison-occitane.com\/fr\/boutique\/epicerie-fine\/"},{"@type":"ListItem","position":4,"name":"CHIPS A LA TRUFFE NOIRE SACHET 30G"}]},{"@type":"WebSite","@id":"https:\/\/www.maison-occitane.com\/fr\/#website","url":"https:\/\/www.maison-occitane.com\/fr\/","name":"Maison Occitane","description":"","potentialAction":[{"@type":"SearchAction","target":{"@type":"EntryPoint","urlTemplate":"https:\/\/www.maison-occitane.com\/fr\/?s={search_term_string}"},"query-input":{"@type":"PropertyValueSpecification","valueRequired":true,"valueName":"search_term_string"}}],"inLanguage":"fr-FR"}]}},"_links":{"self":[{"href":"https:\/\/www.maison-occitane.com\/fr\/wp-json\/wp\/v2\/product\/3582","targetHints":{"allow":["GET"]}}],"collection":[{"href":"https:\/\/www.maison-occitane.com\/fr\/wp-json\/wp\/v2\/product"}],"about":[{"href":"https:\/\/www.maison-occitane.com\/fr\/wp-json\/wp\/v2\/types\/product"}],"replies":[{"embeddable":true,"href":"https:\/\/www.maison-occitane.com\/fr\/wp-json\/wp\/v2\/comments?post=3582"}],"wp:featuredmedia":[{"embeddable":true,"href":"https:\/\/www.maison-occitane.com\/fr\/wp-json\/wp\/v2\/media\/5992"}],"wp:attachment":[{"href":"https:\/\/www.maison-occitane.com\/fr\/wp-json\/wp\/v2\/media?parent=3582"}],"wp:term":[{"taxonomy":"product_cat","embeddable":true,"href":"https:\/\/www.maison-occitane.com\/fr\/wp-json\/wp\/v2\/product_cat?post=3582"},{"taxonomy":"product_tag","embeddable":true,"href":"https:\/\/www.maison-occitane.com\/fr\/wp-json\/wp\/v2\/product_tag?post=3582"},{"taxonomy":"product_origine","embeddable":true,"href":"https:\/\/www.maison-occitane.com\/fr\/wp-json\/wp\/v2\/origines?post=3582"},{"taxonomy":"label_qualite","embeddable":true,"href":"https:\/\/www.maison-occitane.com\/fr\/wp-json\/wp\/v2\/labels-qualite?post=3582"}],"curies":[{"name":"wp","href":"https:\/\/api.w.org\/{rel}","templated":true}]}}