{"id":3577,"date":"2025-05-05T08:50:47","date_gmt":"2025-05-05T06:50:47","guid":{"rendered":"http:\/\/localhost:8080\/non%20class\u00e9\/cerneaux-de-noix-au-chocolat-sachet-80g\/"},"modified":"2026-04-23T04:36:43","modified_gmt":"2026-04-23T02:36:43","slug":"cerneaux-de-noix-au-chocolat-sachet-80g","status":"publish","type":"product","link":"https:\/\/www.maison-occitane.com\/fr\/produit\/cerneaux-de-noix-au-chocolat-sachet-80g\/","title":{"rendered":"CERNEAUX DE NOIX AU CHOCOLAT SACHET 80G"},"content":{"rendered":"<p data-start=\"703\" data-end=\"1013\">Plongez dans une exp\u00e9rience gourmande unique avec nos <strong data-start=\"757\" data-end=\"789\">cerneaux de noix au chocolat<\/strong>, fabriqu\u00e9s en France \u00e0 Gourdon, dans le Lot. Cette confiserie irr\u00e9sistible allie le croquant intense de la noix grill\u00e9e, la douceur du caramel, et le fondant du chocolat noir, relev\u00e9 d\u2019une touche de cacao.<\/p>\n<p data-start=\"1015\" data-end=\"1280\">Peu sucr\u00e9s, ces cerneaux r\u00e9v\u00e8lent le go\u00fbt brut et noble de la <strong data-start=\"1077\" data-end=\"1095\">noix,<\/strong>\u00a0sublim\u00e9 par un enrobage g\u00e9n\u00e9reux de chocolat. Ils sont parfaits pour clore un repas sur une note raffin\u00e9e, accompagner un caf\u00e9 gourmand, ou sublimer vos desserts faits maison.<\/p>\n<p data-start=\"1282\" data-end=\"1476\">Leur format en sachet de 80 g les rend aussi id\u00e9aux \u00e0 glisser dans <strong><a href=\"https:\/\/www.maison-occitane.com\/fr\/boutique\/coffrets-cadeaux\/\">un coffret cadeau personnalis\u00e9<\/a><\/strong>, \u00e0 offrir en toute occasion aux amateurs de douceurs authentiques et de plaisirs simples.<\/p>\n<p>Retrouver \u00e9galement <strong>les cerneaux de noix caram\u00e9lis\u00e9es<\/strong><\/p>\n","protected":false},"excerpt":{"rendered":"<p>Les cerneaux de noix enrob\u00e9s de chocolat noir et saupoudr\u00e9 de cacao. Un pur d\u00e9lice artisanal, croquant et fondant \u00e0 la fois, \u00e0 savourer ou \u00e0 offrir. Ils seront parfaits pour clore un bon repas, agr\u00e9menter un caf\u00e9 ou un th\u00e9 gourmand. <strong>Fabriqu\u00e9 dans le Lot.<\/strong><\/p>\n","protected":false},"featured_media":4337,"comment_status":"open","ping_status":"closed","template":"","meta":{"_acf_changed":false},"product_cat":[775,787],"product_tag":[],"origines":[],"labels-qualite":[],"class_list":{"0":"post-3577","1":"product","2":"type-product","3":"status-publish","4":"has-post-thumbnail","6":"product_brand-selection-gourmande","7":"product_cat-epicerie-fine","8":"product_cat-douceurs-sucrees-et-chocolats","10":"first","11":"instock","12":"taxable","13":"shipping-taxable","14":"purchasable","15":"product-type-simple","16":"add-to-wishlist-before_image"},"acf":[],"yoast_head":"<!-- This site is optimized with the Yoast SEO plugin v24.9 - https:\/\/yoast.com\/wordpress\/plugins\/seo\/ -->\n<title>CERNEAUX DE NOIX AU CHOCOLAT SACHET 80G - Maison Occitane<\/title>\n<meta name=\"description\" content=\"Cerneaux de noix grill\u00e9s enrob\u00e9s de chocolat noir, fabriqu\u00e9s artisanalement dans le Lot. Une gourmandise croquante et fondante, parfaite en fin de repas ou \u00e0 offrir dans un coffret personnalis\u00e9.\" \/>\n<meta name=\"robots\" content=\"index, follow, max-snippet:-1, max-image-preview:large, max-video-preview:-1\" \/>\n<link rel=\"canonical\" href=\"https:\/\/www.maison-occitane.com\/fr\/produit\/cerneaux-de-noix-au-chocolat-sachet-80g\/\" \/>\n<meta property=\"og:locale\" content=\"fr_FR\" \/>\n<meta property=\"og:type\" content=\"article\" \/>\n<meta property=\"og:title\" content=\"CERNEAUX DE NOIX AU CHOCOLAT SACHET 80G - Maison Occitane\" \/>\n<meta property=\"og:description\" content=\"Cerneaux de noix grill\u00e9s enrob\u00e9s de chocolat noir, fabriqu\u00e9s artisanalement dans le Lot. Une gourmandise croquante et fondante, parfaite en fin de repas ou \u00e0 offrir dans un coffret personnalis\u00e9.\" \/>\n<meta property=\"og:url\" content=\"https:\/\/www.maison-occitane.com\/fr\/produit\/cerneaux-de-noix-au-chocolat-sachet-80g\/\" \/>\n<meta property=\"og:site_name\" content=\"Maison Occitane\" \/>\n<meta property=\"article:modified_time\" content=\"2026-04-23T02:36:43+00:00\" \/>\n<meta property=\"og:image\" content=\"https:\/\/www.maison-occitane.com\/app\/uploads\/2025\/05\/201191_520px.jpg\" \/>\n\t<meta property=\"og:image:width\" content=\"520\" \/>\n\t<meta property=\"og:image:height\" content=\"451\" \/>\n\t<meta property=\"og:image:type\" content=\"image\/jpeg\" \/>\n<meta name=\"twitter:card\" content=\"summary_large_image\" \/>\n<meta name=\"twitter:label1\" content=\"Dur\u00e9e de lecture estim\u00e9e\" \/>\n\t<meta name=\"twitter:data1\" content=\"1 minute\" \/>\n<script type=\"application\/ld+json\" class=\"yoast-schema-graph\">{\"@context\":\"https:\/\/schema.org\",\"@graph\":[{\"@type\":\"WebPage\",\"@id\":\"https:\/\/www.maison-occitane.com\/fr\/produit\/cerneaux-de-noix-au-chocolat-sachet-80g\/\",\"url\":\"https:\/\/www.maison-occitane.com\/fr\/produit\/cerneaux-de-noix-au-chocolat-sachet-80g\/\",\"name\":\"CERNEAUX DE NOIX AU CHOCOLAT SACHET 80G - Maison Occitane\",\"isPartOf\":{\"@id\":\"https:\/\/www.maison-occitane.com\/fr\/#website\"},\"primaryImageOfPage\":{\"@id\":\"https:\/\/www.maison-occitane.com\/fr\/produit\/cerneaux-de-noix-au-chocolat-sachet-80g\/#primaryimage\"},\"image\":{\"@id\":\"https:\/\/www.maison-occitane.com\/fr\/produit\/cerneaux-de-noix-au-chocolat-sachet-80g\/#primaryimage\"},\"thumbnailUrl\":\"https:\/\/www.maison-occitane.com\/app\/uploads\/2025\/05\/201191_520px.jpg\",\"datePublished\":\"2025-05-05T06:50:47+00:00\",\"dateModified\":\"2026-04-23T02:36:43+00:00\",\"description\":\"Cerneaux de noix grill\u00e9s enrob\u00e9s de chocolat noir, fabriqu\u00e9s artisanalement dans le Lot. Une gourmandise croquante et fondante, parfaite en fin de repas ou \u00e0 offrir dans un coffret personnalis\u00e9.\",\"breadcrumb\":{\"@id\":\"https:\/\/www.maison-occitane.com\/fr\/produit\/cerneaux-de-noix-au-chocolat-sachet-80g\/#breadcrumb\"},\"inLanguage\":\"fr-FR\",\"potentialAction\":[{\"@type\":\"ReadAction\",\"target\":[\"https:\/\/www.maison-occitane.com\/fr\/produit\/cerneaux-de-noix-au-chocolat-sachet-80g\/\"]}]},{\"@type\":\"ImageObject\",\"inLanguage\":\"fr-FR\",\"@id\":\"https:\/\/www.maison-occitane.com\/fr\/produit\/cerneaux-de-noix-au-chocolat-sachet-80g\/#primaryimage\",\"url\":\"https:\/\/www.maison-occitane.com\/app\/uploads\/2025\/05\/201191_520px.jpg\",\"contentUrl\":\"https:\/\/www.maison-occitane.com\/app\/uploads\/2025\/05\/201191_520px.jpg\",\"width\":520,\"height\":451,\"caption\":\"Cerneaux de noix au chocolat 80g\"},{\"@type\":\"BreadcrumbList\",\"@id\":\"https:\/\/www.maison-occitane.com\/fr\/produit\/cerneaux-de-noix-au-chocolat-sachet-80g\/#breadcrumb\",\"itemListElement\":[{\"@type\":\"ListItem\",\"position\":1,\"name\":\"Accueil\",\"item\":\"https:\/\/www.maison-occitane.com\/fr\/\"},{\"@type\":\"ListItem\",\"position\":2,\"name\":\"Produits\",\"item\":\"https:\/\/www.maison-occitane.com\/fr\/shop\/\"},{\"@type\":\"ListItem\",\"position\":3,\"name\":\"\u00c9picerie fine\",\"item\":\"https:\/\/www.maison-occitane.com\/fr\/boutique\/epicerie-fine\/\"},{\"@type\":\"ListItem\",\"position\":4,\"name\":\"Douceurs sucr\u00e9es et chocolats\",\"item\":\"https:\/\/www.maison-occitane.com\/fr\/boutique\/epicerie-fine\/douceurs-sucrees-et-chocolats\/\"},{\"@type\":\"ListItem\",\"position\":5,\"name\":\"CERNEAUX DE NOIX AU CHOCOLAT SACHET 80G\"}]},{\"@type\":\"WebSite\",\"@id\":\"https:\/\/www.maison-occitane.com\/fr\/#website\",\"url\":\"https:\/\/www.maison-occitane.com\/fr\/\",\"name\":\"Maison Occitane\",\"description\":\"\",\"potentialAction\":[{\"@type\":\"SearchAction\",\"target\":{\"@type\":\"EntryPoint\",\"urlTemplate\":\"https:\/\/www.maison-occitane.com\/fr\/?s={search_term_string}\"},\"query-input\":{\"@type\":\"PropertyValueSpecification\",\"valueRequired\":true,\"valueName\":\"search_term_string\"}}],\"inLanguage\":\"fr-FR\"}]}<\/script>\n<!-- \/ Yoast SEO plugin. -->","yoast_head_json":{"title":"CERNEAUX DE NOIX AU CHOCOLAT SACHET 80G - Maison Occitane","description":"Cerneaux de noix grill\u00e9s enrob\u00e9s de chocolat noir, fabriqu\u00e9s artisanalement dans le Lot. Une gourmandise croquante et fondante, parfaite en fin de repas ou \u00e0 offrir dans un coffret personnalis\u00e9.","robots":{"index":"index","follow":"follow","max-snippet":"max-snippet:-1","max-image-preview":"max-image-preview:large","max-video-preview":"max-video-preview:-1"},"canonical":"https:\/\/www.maison-occitane.com\/fr\/produit\/cerneaux-de-noix-au-chocolat-sachet-80g\/","og_locale":"fr_FR","og_type":"article","og_title":"CERNEAUX DE NOIX AU CHOCOLAT SACHET 80G - Maison Occitane","og_description":"Cerneaux de noix grill\u00e9s enrob\u00e9s de chocolat noir, fabriqu\u00e9s artisanalement dans le Lot. Une gourmandise croquante et fondante, parfaite en fin de repas ou \u00e0 offrir dans un coffret personnalis\u00e9.","og_url":"https:\/\/www.maison-occitane.com\/fr\/produit\/cerneaux-de-noix-au-chocolat-sachet-80g\/","og_site_name":"Maison Occitane","article_modified_time":"2026-04-23T02:36:43+00:00","og_image":[{"width":520,"height":451,"url":"https:\/\/www.maison-occitane.com\/app\/uploads\/2025\/05\/201191_520px.jpg","type":"image\/jpeg"}],"twitter_card":"summary_large_image","twitter_misc":{"Dur\u00e9e de lecture estim\u00e9e":"1 minute"},"schema":{"@context":"https:\/\/schema.org","@graph":[{"@type":"WebPage","@id":"https:\/\/www.maison-occitane.com\/fr\/produit\/cerneaux-de-noix-au-chocolat-sachet-80g\/","url":"https:\/\/www.maison-occitane.com\/fr\/produit\/cerneaux-de-noix-au-chocolat-sachet-80g\/","name":"CERNEAUX DE NOIX AU CHOCOLAT SACHET 80G - Maison Occitane","isPartOf":{"@id":"https:\/\/www.maison-occitane.com\/fr\/#website"},"primaryImageOfPage":{"@id":"https:\/\/www.maison-occitane.com\/fr\/produit\/cerneaux-de-noix-au-chocolat-sachet-80g\/#primaryimage"},"image":{"@id":"https:\/\/www.maison-occitane.com\/fr\/produit\/cerneaux-de-noix-au-chocolat-sachet-80g\/#primaryimage"},"thumbnailUrl":"https:\/\/www.maison-occitane.com\/app\/uploads\/2025\/05\/201191_520px.jpg","datePublished":"2025-05-05T06:50:47+00:00","dateModified":"2026-04-23T02:36:43+00:00","description":"Cerneaux de noix grill\u00e9s enrob\u00e9s de chocolat noir, fabriqu\u00e9s artisanalement dans le Lot. Une gourmandise croquante et fondante, parfaite en fin de repas ou \u00e0 offrir dans un coffret personnalis\u00e9.","breadcrumb":{"@id":"https:\/\/www.maison-occitane.com\/fr\/produit\/cerneaux-de-noix-au-chocolat-sachet-80g\/#breadcrumb"},"inLanguage":"fr-FR","potentialAction":[{"@type":"ReadAction","target":["https:\/\/www.maison-occitane.com\/fr\/produit\/cerneaux-de-noix-au-chocolat-sachet-80g\/"]}]},{"@type":"ImageObject","inLanguage":"fr-FR","@id":"https:\/\/www.maison-occitane.com\/fr\/produit\/cerneaux-de-noix-au-chocolat-sachet-80g\/#primaryimage","url":"https:\/\/www.maison-occitane.com\/app\/uploads\/2025\/05\/201191_520px.jpg","contentUrl":"https:\/\/www.maison-occitane.com\/app\/uploads\/2025\/05\/201191_520px.jpg","width":520,"height":451,"caption":"Cerneaux de noix au chocolat 80g"},{"@type":"BreadcrumbList","@id":"https:\/\/www.maison-occitane.com\/fr\/produit\/cerneaux-de-noix-au-chocolat-sachet-80g\/#breadcrumb","itemListElement":[{"@type":"ListItem","position":1,"name":"Accueil","item":"https:\/\/www.maison-occitane.com\/fr\/"},{"@type":"ListItem","position":2,"name":"Produits","item":"https:\/\/www.maison-occitane.com\/fr\/shop\/"},{"@type":"ListItem","position":3,"name":"\u00c9picerie fine","item":"https:\/\/www.maison-occitane.com\/fr\/boutique\/epicerie-fine\/"},{"@type":"ListItem","position":4,"name":"Douceurs sucr\u00e9es et chocolats","item":"https:\/\/www.maison-occitane.com\/fr\/boutique\/epicerie-fine\/douceurs-sucrees-et-chocolats\/"},{"@type":"ListItem","position":5,"name":"CERNEAUX DE NOIX AU CHOCOLAT SACHET 80G"}]},{"@type":"WebSite","@id":"https:\/\/www.maison-occitane.com\/fr\/#website","url":"https:\/\/www.maison-occitane.com\/fr\/","name":"Maison Occitane","description":"","potentialAction":[{"@type":"SearchAction","target":{"@type":"EntryPoint","urlTemplate":"https:\/\/www.maison-occitane.com\/fr\/?s={search_term_string}"},"query-input":{"@type":"PropertyValueSpecification","valueRequired":true,"valueName":"search_term_string"}}],"inLanguage":"fr-FR"}]}},"_links":{"self":[{"href":"https:\/\/www.maison-occitane.com\/fr\/wp-json\/wp\/v2\/product\/3577","targetHints":{"allow":["GET"]}}],"collection":[{"href":"https:\/\/www.maison-occitane.com\/fr\/wp-json\/wp\/v2\/product"}],"about":[{"href":"https:\/\/www.maison-occitane.com\/fr\/wp-json\/wp\/v2\/types\/product"}],"replies":[{"embeddable":true,"href":"https:\/\/www.maison-occitane.com\/fr\/wp-json\/wp\/v2\/comments?post=3577"}],"wp:featuredmedia":[{"embeddable":true,"href":"https:\/\/www.maison-occitane.com\/fr\/wp-json\/wp\/v2\/media\/4337"}],"wp:attachment":[{"href":"https:\/\/www.maison-occitane.com\/fr\/wp-json\/wp\/v2\/media?parent=3577"}],"wp:term":[{"taxonomy":"product_cat","embeddable":true,"href":"https:\/\/www.maison-occitane.com\/fr\/wp-json\/wp\/v2\/product_cat?post=3577"},{"taxonomy":"product_tag","embeddable":true,"href":"https:\/\/www.maison-occitane.com\/fr\/wp-json\/wp\/v2\/product_tag?post=3577"},{"taxonomy":"product_origine","embeddable":true,"href":"https:\/\/www.maison-occitane.com\/fr\/wp-json\/wp\/v2\/origines?post=3577"},{"taxonomy":"label_qualite","embeddable":true,"href":"https:\/\/www.maison-occitane.com\/fr\/wp-json\/wp\/v2\/labels-qualite?post=3577"}],"curies":[{"name":"wp","href":"https:\/\/api.w.org\/{rel}","templated":true}]}}