{"id":3576,"date":"2025-05-05T08:50:47","date_gmt":"2025-05-05T06:50:47","guid":{"rendered":"http:\/\/localhost:8080\/non%20class\u00e9\/farandole-du-sud-ouest\/"},"modified":"2026-04-20T16:29:44","modified_gmt":"2026-04-20T14:29:44","slug":"farandole-du-sud-ouest","status":"publish","type":"product","link":"https:\/\/www.maison-occitane.com\/fr\/produit\/farandole-du-sud-ouest\/","title":{"rendered":"FARANDOLE DU SUD OUEST"},"content":{"rendered":"<p data-start=\"913\" data-end=\"1017\"><strong data-start=\"913\" data-end=\"1015\">Coffret \u00ab\u00a0Farandole du Sud-Ouest\u00a0\u00bb \u2013 L\u2019esprit des tabl\u00e9es g\u00e9n\u00e9reuses dans un coffret pr\u00eat \u00e0 partager<\/strong><\/p>\n<p data-start=\"1019\" data-end=\"1443\">Pour une planche ap\u00e9ro improvis\u00e9e, une soir\u00e9e tapas ou un petit cadeau authentique, la Farandole du Sud-Ouest est la promesse d\u2019un moment chaleureux et plein de go\u00fbt. Ce coffret \u00e0 la pr\u00e9sentation soign\u00e9e comprend <strong data-start=\"1232\" data-end=\"1265\">3 terrines g\u00e9n\u00e9reuses de 180g<\/strong> fabriqu\u00e9es dans notre atelier de Gramat (Lot), \u00e0 partir de porc fran\u00e7ais, sans colorant ni conservateur et son tartineur en bois pour une d\u00e9gustation \u00e0 la bonne franquette.<\/p>\n<p data-start=\"1019\" data-end=\"1443\"><a href=\"https:\/\/www.maison-occitane.com\/fr\/produit\/delice-de-meme-lulu-a-lail-rose-verrine\/\"><strong data-start=\"1474\" data-end=\"1517\">D\u00e9lice de M\u00e9m\u00e9 Lulu \u00e0 l\u2019ail rose : <\/strong><\/a>Une recette traditionnelle, douce et parfum\u00e9e, qui rappelle les plats mijot\u00e9s de nos grands-m\u00e8res. Cuisin\u00e9e avec du porc fran\u00e7ais et relev\u00e9e au c\u00e9l\u00e8bre ail rose du Sud-Ouest. \u00c0 savourer sur du pain aux graines, en ap\u00e9ritif ou en entr\u00e9e.<\/p>\n<p data-start=\"1760\" data-end=\"2003\"><a href=\"https:\/\/www.maison-occitane.com\/fr\/produit\/casse-croute-pepe-gaston-verrine\/\"><strong data-start=\"1760\" data-end=\"1798\">Casse-cro\u00fbte de P\u00e9p\u00e9 Gaston : <\/strong><\/a>La terrine rustique par excellence. Fondante, authentique, elle incarne l\u2019esprit du pique-nique \u00e0 l\u2019ancienne et des repas de campagne. Un vrai go\u00fbt de terroir, \u00e0 partager avec un bon verre de vin rouge.<\/p>\n<p data-start=\"2007\" data-end=\"2253\"><strong data-start=\"2007\" data-end=\"2059\"><a href=\"https:\/\/www.maison-occitane.com\/fr\/produit\/terrine-campagne-au-piment-despelette-verrine\/\">Terrine de campagne au piment d\u2019Espelette :<\/a> <\/strong>Une terrine pleine de caract\u00e8re, d\u00e9licatement relev\u00e9e, sans exc\u00e8s. Le piment d\u2019Espelette y apporte une touche ensoleill\u00e9e qui sublime la viande sans l\u2019\u00e9craser. Parfaite sur toast ou en tapas.<\/p>\n<p data-start=\"2439\" data-end=\"2677\">\u00c0 offrir\u00a0ou \u00e0 ouvrir lors d\u2019un ap\u00e9ritif entre amis, ce coffret refl\u00e8te toute la convivialit\u00e9 du Sud-Ouest. Il m\u00eale l\u2019authenticit\u00e9 des recettes, la simplicit\u00e9 des bons produits et le plaisir de bien manger, tout simplement.<\/p>\n","protected":false},"excerpt":{"rendered":"<p>Offrez un concentr\u00e9 de terroir avec ce coffret g\u00e9n\u00e9reux comprenant 3 terrines et un tartineur en bois. D\u00e9lice \u00e0 l\u2019ail rose, casse-cro\u00fbte rustique ou terrine relev\u00e9e au piment d\u2019Espelette : une farandole de saveurs du Sud-Ouest \u00e0 savourer sur une bonne tranche de pain. Parfait pour une planche ap\u00e9ro ou une petite attention gourmande.<\/p>\n","protected":false},"featured_media":4627,"comment_status":"open","ping_status":"closed","template":"","meta":{"_acf_changed":false},"product_cat":[772],"product_tag":[],"origines":[798],"labels-qualite":[],"class_list":{"0":"post-3576","1":"product","2":"type-product","3":"status-publish","4":"has-post-thumbnail","6":"product_brand-maison-occitane","7":"product_cat-coffrets-cadeaux","8":"product_origine-france","10":"first","11":"instock","12":"taxable","13":"shipping-taxable","14":"purchasable","15":"product-type-simple","16":"add-to-wishlist-before_image"},"acf":[],"yoast_head":"<!-- This site is optimized with the Yoast SEO plugin v24.9 - https:\/\/yoast.com\/wordpress\/plugins\/seo\/ -->\n<title>FARANDOLE DE TERRINE DE CAMPAGNE- Maison Occitane<\/title>\n<meta name=\"description\" content=\"Un coffret ap\u00e9ro 100 % Sud-Ouest avec 3 terrines artisanales et un tartineur bois. Une id\u00e9e cadeau gourmande et conviviale, pr\u00eate \u00e0 offrir !\" \/>\n<meta name=\"robots\" content=\"index, follow, max-snippet:-1, max-image-preview:large, max-video-preview:-1\" \/>\n<link rel=\"canonical\" href=\"https:\/\/www.maison-occitane.com\/fr\/produit\/farandole-du-sud-ouest\/\" \/>\n<meta property=\"og:locale\" content=\"fr_FR\" \/>\n<meta property=\"og:type\" content=\"article\" \/>\n<meta property=\"og:title\" content=\"FARANDOLE DE TERRINE DE CAMPAGNE- Maison Occitane\" \/>\n<meta property=\"og:description\" content=\"Un coffret ap\u00e9ro 100 % Sud-Ouest avec 3 terrines artisanales et un tartineur bois. Une id\u00e9e cadeau gourmande et conviviale, pr\u00eate \u00e0 offrir !\" \/>\n<meta property=\"og:url\" content=\"https:\/\/www.maison-occitane.com\/fr\/produit\/farandole-du-sud-ouest\/\" \/>\n<meta property=\"og:site_name\" content=\"Maison Occitane\" \/>\n<meta property=\"article:modified_time\" content=\"2026-04-20T14:29:44+00:00\" \/>\n<meta property=\"og:image\" content=\"https:\/\/www.maison-occitane.com\/app\/uploads\/2025\/05\/201139-farandole-du-S_520px.jpg\" \/>\n\t<meta property=\"og:image:width\" content=\"520\" \/>\n\t<meta property=\"og:image:height\" content=\"450\" \/>\n\t<meta property=\"og:image:type\" content=\"image\/jpeg\" \/>\n<meta name=\"twitter:card\" content=\"summary_large_image\" \/>\n<meta name=\"twitter:label1\" content=\"Dur\u00e9e de lecture estim\u00e9e\" \/>\n\t<meta name=\"twitter:data1\" content=\"2 minutes\" \/>\n<script type=\"application\/ld+json\" class=\"yoast-schema-graph\">{\"@context\":\"https:\/\/schema.org\",\"@graph\":[{\"@type\":\"WebPage\",\"@id\":\"https:\/\/www.maison-occitane.com\/fr\/produit\/farandole-du-sud-ouest\/\",\"url\":\"https:\/\/www.maison-occitane.com\/fr\/produit\/farandole-du-sud-ouest\/\",\"name\":\"FARANDOLE DE TERRINE DE CAMPAGNE- Maison Occitane\",\"isPartOf\":{\"@id\":\"https:\/\/www.maison-occitane.com\/fr\/#website\"},\"primaryImageOfPage\":{\"@id\":\"https:\/\/www.maison-occitane.com\/fr\/produit\/farandole-du-sud-ouest\/#primaryimage\"},\"image\":{\"@id\":\"https:\/\/www.maison-occitane.com\/fr\/produit\/farandole-du-sud-ouest\/#primaryimage\"},\"thumbnailUrl\":\"https:\/\/www.maison-occitane.com\/app\/uploads\/2025\/05\/201139-farandole-du-S_520px.jpg\",\"datePublished\":\"2025-05-05T06:50:47+00:00\",\"dateModified\":\"2026-04-20T14:29:44+00:00\",\"description\":\"Un coffret ap\u00e9ro 100 % Sud-Ouest avec 3 terrines artisanales et un tartineur bois. Une id\u00e9e cadeau gourmande et conviviale, pr\u00eate \u00e0 offrir !\",\"breadcrumb\":{\"@id\":\"https:\/\/www.maison-occitane.com\/fr\/produit\/farandole-du-sud-ouest\/#breadcrumb\"},\"inLanguage\":\"fr-FR\",\"potentialAction\":[{\"@type\":\"ReadAction\",\"target\":[\"https:\/\/www.maison-occitane.com\/fr\/produit\/farandole-du-sud-ouest\/\"]}]},{\"@type\":\"ImageObject\",\"inLanguage\":\"fr-FR\",\"@id\":\"https:\/\/www.maison-occitane.com\/fr\/produit\/farandole-du-sud-ouest\/#primaryimage\",\"url\":\"https:\/\/www.maison-occitane.com\/app\/uploads\/2025\/05\/201139-farandole-du-S_520px.jpg\",\"contentUrl\":\"https:\/\/www.maison-occitane.com\/app\/uploads\/2025\/05\/201139-farandole-du-S_520px.jpg\",\"width\":520,\"height\":450,\"caption\":\"Farandole du Sud-Ouest\"},{\"@type\":\"BreadcrumbList\",\"@id\":\"https:\/\/www.maison-occitane.com\/fr\/produit\/farandole-du-sud-ouest\/#breadcrumb\",\"itemListElement\":[{\"@type\":\"ListItem\",\"position\":1,\"name\":\"Accueil\",\"item\":\"https:\/\/www.maison-occitane.com\/fr\/\"},{\"@type\":\"ListItem\",\"position\":2,\"name\":\"Produits\",\"item\":\"https:\/\/www.maison-occitane.com\/fr\/shop\/\"},{\"@type\":\"ListItem\",\"position\":3,\"name\":\"Coffrets cadeaux gourmands\",\"item\":\"https:\/\/www.maison-occitane.com\/fr\/boutique\/coffrets-cadeaux\/\"},{\"@type\":\"ListItem\",\"position\":4,\"name\":\"FARANDOLE DU SUD OUEST\"}]},{\"@type\":\"WebSite\",\"@id\":\"https:\/\/www.maison-occitane.com\/fr\/#website\",\"url\":\"https:\/\/www.maison-occitane.com\/fr\/\",\"name\":\"Maison Occitane\",\"description\":\"\",\"potentialAction\":[{\"@type\":\"SearchAction\",\"target\":{\"@type\":\"EntryPoint\",\"urlTemplate\":\"https:\/\/www.maison-occitane.com\/fr\/?s={search_term_string}\"},\"query-input\":{\"@type\":\"PropertyValueSpecification\",\"valueRequired\":true,\"valueName\":\"search_term_string\"}}],\"inLanguage\":\"fr-FR\"}]}<\/script>\n<!-- \/ Yoast SEO plugin. -->","yoast_head_json":{"title":"FARANDOLE DE TERRINE DE CAMPAGNE- Maison Occitane","description":"Un coffret ap\u00e9ro 100 % Sud-Ouest avec 3 terrines artisanales et un tartineur bois. Une id\u00e9e cadeau gourmande et conviviale, pr\u00eate \u00e0 offrir !","robots":{"index":"index","follow":"follow","max-snippet":"max-snippet:-1","max-image-preview":"max-image-preview:large","max-video-preview":"max-video-preview:-1"},"canonical":"https:\/\/www.maison-occitane.com\/fr\/produit\/farandole-du-sud-ouest\/","og_locale":"fr_FR","og_type":"article","og_title":"FARANDOLE DE TERRINE DE CAMPAGNE- Maison Occitane","og_description":"Un coffret ap\u00e9ro 100 % Sud-Ouest avec 3 terrines artisanales et un tartineur bois. Une id\u00e9e cadeau gourmande et conviviale, pr\u00eate \u00e0 offrir !","og_url":"https:\/\/www.maison-occitane.com\/fr\/produit\/farandole-du-sud-ouest\/","og_site_name":"Maison Occitane","article_modified_time":"2026-04-20T14:29:44+00:00","og_image":[{"width":520,"height":450,"url":"https:\/\/www.maison-occitane.com\/app\/uploads\/2025\/05\/201139-farandole-du-S_520px.jpg","type":"image\/jpeg"}],"twitter_card":"summary_large_image","twitter_misc":{"Dur\u00e9e de lecture estim\u00e9e":"2 minutes"},"schema":{"@context":"https:\/\/schema.org","@graph":[{"@type":"WebPage","@id":"https:\/\/www.maison-occitane.com\/fr\/produit\/farandole-du-sud-ouest\/","url":"https:\/\/www.maison-occitane.com\/fr\/produit\/farandole-du-sud-ouest\/","name":"FARANDOLE DE TERRINE DE CAMPAGNE- Maison Occitane","isPartOf":{"@id":"https:\/\/www.maison-occitane.com\/fr\/#website"},"primaryImageOfPage":{"@id":"https:\/\/www.maison-occitane.com\/fr\/produit\/farandole-du-sud-ouest\/#primaryimage"},"image":{"@id":"https:\/\/www.maison-occitane.com\/fr\/produit\/farandole-du-sud-ouest\/#primaryimage"},"thumbnailUrl":"https:\/\/www.maison-occitane.com\/app\/uploads\/2025\/05\/201139-farandole-du-S_520px.jpg","datePublished":"2025-05-05T06:50:47+00:00","dateModified":"2026-04-20T14:29:44+00:00","description":"Un coffret ap\u00e9ro 100 % Sud-Ouest avec 3 terrines artisanales et un tartineur bois. Une id\u00e9e cadeau gourmande et conviviale, pr\u00eate \u00e0 offrir !","breadcrumb":{"@id":"https:\/\/www.maison-occitane.com\/fr\/produit\/farandole-du-sud-ouest\/#breadcrumb"},"inLanguage":"fr-FR","potentialAction":[{"@type":"ReadAction","target":["https:\/\/www.maison-occitane.com\/fr\/produit\/farandole-du-sud-ouest\/"]}]},{"@type":"ImageObject","inLanguage":"fr-FR","@id":"https:\/\/www.maison-occitane.com\/fr\/produit\/farandole-du-sud-ouest\/#primaryimage","url":"https:\/\/www.maison-occitane.com\/app\/uploads\/2025\/05\/201139-farandole-du-S_520px.jpg","contentUrl":"https:\/\/www.maison-occitane.com\/app\/uploads\/2025\/05\/201139-farandole-du-S_520px.jpg","width":520,"height":450,"caption":"Farandole du Sud-Ouest"},{"@type":"BreadcrumbList","@id":"https:\/\/www.maison-occitane.com\/fr\/produit\/farandole-du-sud-ouest\/#breadcrumb","itemListElement":[{"@type":"ListItem","position":1,"name":"Accueil","item":"https:\/\/www.maison-occitane.com\/fr\/"},{"@type":"ListItem","position":2,"name":"Produits","item":"https:\/\/www.maison-occitane.com\/fr\/shop\/"},{"@type":"ListItem","position":3,"name":"Coffrets cadeaux gourmands","item":"https:\/\/www.maison-occitane.com\/fr\/boutique\/coffrets-cadeaux\/"},{"@type":"ListItem","position":4,"name":"FARANDOLE DU SUD OUEST"}]},{"@type":"WebSite","@id":"https:\/\/www.maison-occitane.com\/fr\/#website","url":"https:\/\/www.maison-occitane.com\/fr\/","name":"Maison Occitane","description":"","potentialAction":[{"@type":"SearchAction","target":{"@type":"EntryPoint","urlTemplate":"https:\/\/www.maison-occitane.com\/fr\/?s={search_term_string}"},"query-input":{"@type":"PropertyValueSpecification","valueRequired":true,"valueName":"search_term_string"}}],"inLanguage":"fr-FR"}]}},"_links":{"self":[{"href":"https:\/\/www.maison-occitane.com\/fr\/wp-json\/wp\/v2\/product\/3576","targetHints":{"allow":["GET"]}}],"collection":[{"href":"https:\/\/www.maison-occitane.com\/fr\/wp-json\/wp\/v2\/product"}],"about":[{"href":"https:\/\/www.maison-occitane.com\/fr\/wp-json\/wp\/v2\/types\/product"}],"replies":[{"embeddable":true,"href":"https:\/\/www.maison-occitane.com\/fr\/wp-json\/wp\/v2\/comments?post=3576"}],"wp:featuredmedia":[{"embeddable":true,"href":"https:\/\/www.maison-occitane.com\/fr\/wp-json\/wp\/v2\/media\/4627"}],"wp:attachment":[{"href":"https:\/\/www.maison-occitane.com\/fr\/wp-json\/wp\/v2\/media?parent=3576"}],"wp:term":[{"taxonomy":"product_cat","embeddable":true,"href":"https:\/\/www.maison-occitane.com\/fr\/wp-json\/wp\/v2\/product_cat?post=3576"},{"taxonomy":"product_tag","embeddable":true,"href":"https:\/\/www.maison-occitane.com\/fr\/wp-json\/wp\/v2\/product_tag?post=3576"},{"taxonomy":"product_origine","embeddable":true,"href":"https:\/\/www.maison-occitane.com\/fr\/wp-json\/wp\/v2\/origines?post=3576"},{"taxonomy":"label_qualite","embeddable":true,"href":"https:\/\/www.maison-occitane.com\/fr\/wp-json\/wp\/v2\/labels-qualite?post=3576"}],"curies":[{"name":"wp","href":"https:\/\/api.w.org\/{rel}","templated":true}]}}