{"id":3574,"date":"2025-05-05T08:50:46","date_gmt":"2025-05-05T06:50:46","guid":{"rendered":"http:\/\/localhost:8080\/non%20class\u00e9\/figatellu-porc-de-laveyron-fleuri-200g\/"},"modified":"2026-04-09T10:57:10","modified_gmt":"2026-04-09T08:57:10","slug":"figatellu-porc-de-laveyron-fleuri-200g","status":"publish","type":"product","link":"https:\/\/www.maison-occitane.com\/fr\/produit\/figatellu-porc-de-laveyron-fleuri-200g\/","title":{"rendered":"FIGATELLU PORC DE L&rsquo;AVEYRON FLEURI"},"content":{"rendered":"<p data-start=\"738\" data-end=\"1026\">Envie d\u2019un ap\u00e9ritif authentique et g\u00e9n\u00e9reux? Laissez-vous tenter par le Figatellu de <strong>porc de l\u2019Aveyron<\/strong> fleurie, une saucisse s\u00e8che traditionnelle \u00e0 la texture fondante, \u00e9labor\u00e9e avec de la viande de <strong>porc 100 % fran\u00e7aise<\/strong>, n\u00e9e, \u00e9lev\u00e9e et abattue en Aveyron.<\/p>\n<p data-start=\"1028\" data-end=\"1329\">Sous sa fleur naturelle et dans son boyau de porc, elle d\u00e9veloppe un go\u00fbt franc et subtil, fid\u00e8le \u00e0 la tradition charcuti\u00e8re. Sa texture \u00e9quilibr\u00e9e, ni trop s\u00e8che ni trop grasse, en fait le compagnon id\u00e9al de vos planches ap\u00e9ro autour d\u2019un bon verre, entre amis ou en famille.<\/p>\n<p data-start=\"1331\" data-end=\"1523\">\u00c0 glisser dans un coffret gourmand avec du magret s\u00e9ch\u00e9 de canard, \u00e0 poser fi\u00e8rement sur une planche, ou tout simplement \u00e0 savourer \u00e0 la bonne franquette\u2026 ce figatellu est un vrai plaisir \u00e0 partager.<\/p>\n","protected":false},"excerpt":{"rendered":"<p><span class=\"notion-enable-hover\" data-token-index=\"0\">Un pur produit du terroir \u00e0 partager : le Figatellu de porc de l\u2019Aveyron est l\u2019invit\u00e9 incontournable de vos ap\u00e9ros entre amis. Go\u00fbt franc, boyau naturel et 100 % porc fran\u00e7ais \u00e9lev\u00e9 en Aveyron. La saucisse s\u00e8che fouet est l&rsquo;accompagnement id\u00e9al pour vos ap\u00e9ritifs au bon go\u00fbt du terroir.<\/span><\/p>\n","protected":false},"featured_media":4613,"comment_status":"open","ping_status":"closed","template":"","meta":{"_acf_changed":false},"product_cat":[773,784],"product_tag":[],"origines":[798],"labels-qualite":[],"class_list":{"0":"post-3574","1":"product","2":"type-product","3":"status-publish","4":"has-post-thumbnail","6":"product_cat-specialites-du-sud-ouest","7":"product_cat-entrees-du-terroir","8":"product_origine-france","10":"first","11":"outofstock","12":"taxable","13":"shipping-taxable","14":"purchasable","15":"product-type-simple","16":"add-to-wishlist-before_image"},"acf":[],"yoast_head":"<!-- This site is optimized with the Yoast SEO plugin v24.9 - https:\/\/yoast.com\/wordpress\/plugins\/seo\/ -->\n<title>FIGATELLU PORC DE L&#039;AVEYRON FLEURI - Maison Occitane<\/title>\n<meta name=\"description\" content=\"Le Figatellu de porc de l\u2019Aveyron, une saucisse s\u00e8che. 100 % porc fran\u00e7ais, origine Aveyron. \u00c0 partager entre amis autour d\u2019une planche ap\u00e9ro g\u00e9n\u00e9reuse et authentique.\" \/>\n<meta name=\"robots\" content=\"index, follow, max-snippet:-1, max-image-preview:large, max-video-preview:-1\" \/>\n<link rel=\"canonical\" href=\"https:\/\/www.maison-occitane.com\/fr\/produit\/figatellu-porc-de-laveyron-fleuri-200g\/\" \/>\n<meta property=\"og:locale\" content=\"fr_FR\" \/>\n<meta property=\"og:type\" content=\"article\" \/>\n<meta property=\"og:title\" content=\"FIGATELLU PORC DE L&#039;AVEYRON FLEURI - Maison Occitane\" \/>\n<meta property=\"og:description\" content=\"Le Figatellu de porc de l\u2019Aveyron, une saucisse s\u00e8che. 100 % porc fran\u00e7ais, origine Aveyron. \u00c0 partager entre amis autour d\u2019une planche ap\u00e9ro g\u00e9n\u00e9reuse et authentique.\" \/>\n<meta property=\"og:url\" content=\"https:\/\/www.maison-occitane.com\/fr\/produit\/figatellu-porc-de-laveyron-fleuri-200g\/\" \/>\n<meta property=\"og:site_name\" content=\"Maison Occitane\" \/>\n<meta property=\"article:modified_time\" content=\"2026-04-09T08:57:10+00:00\" \/>\n<meta property=\"og:image\" content=\"https:\/\/www.maison-occitane.com\/app\/uploads\/2025\/05\/200656_520px.jpg\" \/>\n\t<meta property=\"og:image:width\" content=\"520\" \/>\n\t<meta property=\"og:image:height\" content=\"450\" \/>\n\t<meta property=\"og:image:type\" content=\"image\/jpeg\" \/>\n<meta name=\"twitter:card\" content=\"summary_large_image\" \/>\n<meta name=\"twitter:label1\" content=\"Dur\u00e9e de lecture estim\u00e9e\" \/>\n\t<meta name=\"twitter:data1\" content=\"1 minute\" \/>\n<script type=\"application\/ld+json\" class=\"yoast-schema-graph\">{\"@context\":\"https:\/\/schema.org\",\"@graph\":[{\"@type\":\"WebPage\",\"@id\":\"https:\/\/www.maison-occitane.com\/fr\/produit\/figatellu-porc-de-laveyron-fleuri-200g\/\",\"url\":\"https:\/\/www.maison-occitane.com\/fr\/produit\/figatellu-porc-de-laveyron-fleuri-200g\/\",\"name\":\"FIGATELLU PORC DE L'AVEYRON FLEURI - Maison Occitane\",\"isPartOf\":{\"@id\":\"https:\/\/www.maison-occitane.com\/fr\/#website\"},\"primaryImageOfPage\":{\"@id\":\"https:\/\/www.maison-occitane.com\/fr\/produit\/figatellu-porc-de-laveyron-fleuri-200g\/#primaryimage\"},\"image\":{\"@id\":\"https:\/\/www.maison-occitane.com\/fr\/produit\/figatellu-porc-de-laveyron-fleuri-200g\/#primaryimage\"},\"thumbnailUrl\":\"https:\/\/www.maison-occitane.com\/app\/uploads\/2025\/05\/200656_520px.jpg\",\"datePublished\":\"2025-05-05T06:50:46+00:00\",\"dateModified\":\"2026-04-09T08:57:10+00:00\",\"description\":\"Le Figatellu de porc de l\u2019Aveyron, une saucisse s\u00e8che. 100 % porc fran\u00e7ais, origine Aveyron. \u00c0 partager entre amis autour d\u2019une planche ap\u00e9ro g\u00e9n\u00e9reuse et authentique.\",\"breadcrumb\":{\"@id\":\"https:\/\/www.maison-occitane.com\/fr\/produit\/figatellu-porc-de-laveyron-fleuri-200g\/#breadcrumb\"},\"inLanguage\":\"fr-FR\",\"potentialAction\":[{\"@type\":\"ReadAction\",\"target\":[\"https:\/\/www.maison-occitane.com\/fr\/produit\/figatellu-porc-de-laveyron-fleuri-200g\/\"]}]},{\"@type\":\"ImageObject\",\"inLanguage\":\"fr-FR\",\"@id\":\"https:\/\/www.maison-occitane.com\/fr\/produit\/figatellu-porc-de-laveyron-fleuri-200g\/#primaryimage\",\"url\":\"https:\/\/www.maison-occitane.com\/app\/uploads\/2025\/05\/200656_520px.jpg\",\"contentUrl\":\"https:\/\/www.maison-occitane.com\/app\/uploads\/2025\/05\/200656_520px.jpg\",\"width\":520,\"height\":450,\"caption\":\"Figatellu porc de l'Aveyron\"},{\"@type\":\"BreadcrumbList\",\"@id\":\"https:\/\/www.maison-occitane.com\/fr\/produit\/figatellu-porc-de-laveyron-fleuri-200g\/#breadcrumb\",\"itemListElement\":[{\"@type\":\"ListItem\",\"position\":1,\"name\":\"Accueil\",\"item\":\"https:\/\/www.maison-occitane.com\/fr\/\"},{\"@type\":\"ListItem\",\"position\":2,\"name\":\"Produits\",\"item\":\"https:\/\/www.maison-occitane.com\/fr\/shop\/\"},{\"@type\":\"ListItem\",\"position\":3,\"name\":\"Sp\u00e9cialit\u00e9s du Sud-Ouest\",\"item\":\"https:\/\/www.maison-occitane.com\/fr\/boutique\/specialites-du-sud-ouest\/\"},{\"@type\":\"ListItem\",\"position\":4,\"name\":\"Entr\u00e9es du terroir\",\"item\":\"https:\/\/www.maison-occitane.com\/fr\/boutique\/specialites-du-sud-ouest\/entrees-du-terroir\/\"},{\"@type\":\"ListItem\",\"position\":5,\"name\":\"FIGATELLU PORC DE L&rsquo;AVEYRON FLEURI\"}]},{\"@type\":\"WebSite\",\"@id\":\"https:\/\/www.maison-occitane.com\/fr\/#website\",\"url\":\"https:\/\/www.maison-occitane.com\/fr\/\",\"name\":\"Maison Occitane\",\"description\":\"\",\"potentialAction\":[{\"@type\":\"SearchAction\",\"target\":{\"@type\":\"EntryPoint\",\"urlTemplate\":\"https:\/\/www.maison-occitane.com\/fr\/?s={search_term_string}\"},\"query-input\":{\"@type\":\"PropertyValueSpecification\",\"valueRequired\":true,\"valueName\":\"search_term_string\"}}],\"inLanguage\":\"fr-FR\"}]}<\/script>\n<!-- \/ Yoast SEO plugin. -->","yoast_head_json":{"title":"FIGATELLU PORC DE L'AVEYRON FLEURI - Maison Occitane","description":"Le Figatellu de porc de l\u2019Aveyron, une saucisse s\u00e8che. 100 % porc fran\u00e7ais, origine Aveyron. \u00c0 partager entre amis autour d\u2019une planche ap\u00e9ro g\u00e9n\u00e9reuse et authentique.","robots":{"index":"index","follow":"follow","max-snippet":"max-snippet:-1","max-image-preview":"max-image-preview:large","max-video-preview":"max-video-preview:-1"},"canonical":"https:\/\/www.maison-occitane.com\/fr\/produit\/figatellu-porc-de-laveyron-fleuri-200g\/","og_locale":"fr_FR","og_type":"article","og_title":"FIGATELLU PORC DE L'AVEYRON FLEURI - Maison Occitane","og_description":"Le Figatellu de porc de l\u2019Aveyron, une saucisse s\u00e8che. 100 % porc fran\u00e7ais, origine Aveyron. \u00c0 partager entre amis autour d\u2019une planche ap\u00e9ro g\u00e9n\u00e9reuse et authentique.","og_url":"https:\/\/www.maison-occitane.com\/fr\/produit\/figatellu-porc-de-laveyron-fleuri-200g\/","og_site_name":"Maison Occitane","article_modified_time":"2026-04-09T08:57:10+00:00","og_image":[{"width":520,"height":450,"url":"https:\/\/www.maison-occitane.com\/app\/uploads\/2025\/05\/200656_520px.jpg","type":"image\/jpeg"}],"twitter_card":"summary_large_image","twitter_misc":{"Dur\u00e9e de lecture estim\u00e9e":"1 minute"},"schema":{"@context":"https:\/\/schema.org","@graph":[{"@type":"WebPage","@id":"https:\/\/www.maison-occitane.com\/fr\/produit\/figatellu-porc-de-laveyron-fleuri-200g\/","url":"https:\/\/www.maison-occitane.com\/fr\/produit\/figatellu-porc-de-laveyron-fleuri-200g\/","name":"FIGATELLU PORC DE L'AVEYRON FLEURI - Maison Occitane","isPartOf":{"@id":"https:\/\/www.maison-occitane.com\/fr\/#website"},"primaryImageOfPage":{"@id":"https:\/\/www.maison-occitane.com\/fr\/produit\/figatellu-porc-de-laveyron-fleuri-200g\/#primaryimage"},"image":{"@id":"https:\/\/www.maison-occitane.com\/fr\/produit\/figatellu-porc-de-laveyron-fleuri-200g\/#primaryimage"},"thumbnailUrl":"https:\/\/www.maison-occitane.com\/app\/uploads\/2025\/05\/200656_520px.jpg","datePublished":"2025-05-05T06:50:46+00:00","dateModified":"2026-04-09T08:57:10+00:00","description":"Le Figatellu de porc de l\u2019Aveyron, une saucisse s\u00e8che. 100 % porc fran\u00e7ais, origine Aveyron. \u00c0 partager entre amis autour d\u2019une planche ap\u00e9ro g\u00e9n\u00e9reuse et authentique.","breadcrumb":{"@id":"https:\/\/www.maison-occitane.com\/fr\/produit\/figatellu-porc-de-laveyron-fleuri-200g\/#breadcrumb"},"inLanguage":"fr-FR","potentialAction":[{"@type":"ReadAction","target":["https:\/\/www.maison-occitane.com\/fr\/produit\/figatellu-porc-de-laveyron-fleuri-200g\/"]}]},{"@type":"ImageObject","inLanguage":"fr-FR","@id":"https:\/\/www.maison-occitane.com\/fr\/produit\/figatellu-porc-de-laveyron-fleuri-200g\/#primaryimage","url":"https:\/\/www.maison-occitane.com\/app\/uploads\/2025\/05\/200656_520px.jpg","contentUrl":"https:\/\/www.maison-occitane.com\/app\/uploads\/2025\/05\/200656_520px.jpg","width":520,"height":450,"caption":"Figatellu porc de l'Aveyron"},{"@type":"BreadcrumbList","@id":"https:\/\/www.maison-occitane.com\/fr\/produit\/figatellu-porc-de-laveyron-fleuri-200g\/#breadcrumb","itemListElement":[{"@type":"ListItem","position":1,"name":"Accueil","item":"https:\/\/www.maison-occitane.com\/fr\/"},{"@type":"ListItem","position":2,"name":"Produits","item":"https:\/\/www.maison-occitane.com\/fr\/shop\/"},{"@type":"ListItem","position":3,"name":"Sp\u00e9cialit\u00e9s du Sud-Ouest","item":"https:\/\/www.maison-occitane.com\/fr\/boutique\/specialites-du-sud-ouest\/"},{"@type":"ListItem","position":4,"name":"Entr\u00e9es du terroir","item":"https:\/\/www.maison-occitane.com\/fr\/boutique\/specialites-du-sud-ouest\/entrees-du-terroir\/"},{"@type":"ListItem","position":5,"name":"FIGATELLU PORC DE L&rsquo;AVEYRON FLEURI"}]},{"@type":"WebSite","@id":"https:\/\/www.maison-occitane.com\/fr\/#website","url":"https:\/\/www.maison-occitane.com\/fr\/","name":"Maison Occitane","description":"","potentialAction":[{"@type":"SearchAction","target":{"@type":"EntryPoint","urlTemplate":"https:\/\/www.maison-occitane.com\/fr\/?s={search_term_string}"},"query-input":{"@type":"PropertyValueSpecification","valueRequired":true,"valueName":"search_term_string"}}],"inLanguage":"fr-FR"}]}},"_links":{"self":[{"href":"https:\/\/www.maison-occitane.com\/fr\/wp-json\/wp\/v2\/product\/3574","targetHints":{"allow":["GET"]}}],"collection":[{"href":"https:\/\/www.maison-occitane.com\/fr\/wp-json\/wp\/v2\/product"}],"about":[{"href":"https:\/\/www.maison-occitane.com\/fr\/wp-json\/wp\/v2\/types\/product"}],"replies":[{"embeddable":true,"href":"https:\/\/www.maison-occitane.com\/fr\/wp-json\/wp\/v2\/comments?post=3574"}],"wp:featuredmedia":[{"embeddable":true,"href":"https:\/\/www.maison-occitane.com\/fr\/wp-json\/wp\/v2\/media\/4613"}],"wp:attachment":[{"href":"https:\/\/www.maison-occitane.com\/fr\/wp-json\/wp\/v2\/media?parent=3574"}],"wp:term":[{"taxonomy":"product_cat","embeddable":true,"href":"https:\/\/www.maison-occitane.com\/fr\/wp-json\/wp\/v2\/product_cat?post=3574"},{"taxonomy":"product_tag","embeddable":true,"href":"https:\/\/www.maison-occitane.com\/fr\/wp-json\/wp\/v2\/product_tag?post=3574"},{"taxonomy":"product_origine","embeddable":true,"href":"https:\/\/www.maison-occitane.com\/fr\/wp-json\/wp\/v2\/origines?post=3574"},{"taxonomy":"label_qualite","embeddable":true,"href":"https:\/\/www.maison-occitane.com\/fr\/wp-json\/wp\/v2\/labels-qualite?post=3574"}],"curies":[{"name":"wp","href":"https:\/\/api.w.org\/{rel}","templated":true}]}}