{"id":3570,"date":"2025-05-05T08:50:46","date_gmt":"2025-05-05T06:50:46","guid":{"rendered":"http:\/\/localhost:8080\/non%20class\u00e9\/terrines-en-folie\/"},"modified":"2026-03-14T18:11:08","modified_gmt":"2026-03-14T17:11:08","slug":"terrines-en-folie","status":"publish","type":"product","link":"https:\/\/www.maison-occitane.com\/fr\/produit\/terrines-en-folie\/","title":{"rendered":"TERRINES EN FOLIE"},"content":{"rendered":"<p><strong>Coffret \u00ab\u00a0Terrines en Folie\u00a0\u00bb \u2013 5 petites merveilles du Sud-Ouest \u00e0 tartiner<\/strong><\/p>\n<p data-start=\"633\" data-end=\"942\">\u00c0 la recherche d\u2019une petite attention gourmande, originale et accessible ? Ce coffret de 5 terrines artisanales est une invitation \u00e0 d\u00e9couvrir les saveurs du Sud-Ouest. Chaque bocal de 90g est cuisin\u00e9 dans notre atelier \u00e0 Gramat, dans le Lot, avec des recettes authentiques, sans colorants ni conservateurs.<\/p>\n<p data-start=\"944\" data-end=\"1036\">Une id\u00e9e cadeau parfaite pour dire merci, faire plaisir ou garnir une jolie planche ap\u00e9ro.<\/p>\n<p><strong data-start=\"1065\" data-end=\"1094\"><a href=\"https:\/\/www.maison-occitane.com\/fr\/produit\/terrine-quercynoise-verrine\/\">Terrine Quercynoise :<\/a> <\/strong>Un grand classique du terroir, pr\u00e9par\u00e9 \u00e0 partir de viande de porc 100 % fran\u00e7aise. Une terrine de campagne sup\u00e9rieure, au go\u00fbt rustique, sans additif ni conservateur.<\/p>\n<p><a href=\"https:\/\/www.maison-occitane.com\/fr\/produit\/delice-de-meme-lulu-a-lail-rose-verrine\/\"><strong data-start=\"1267\" data-end=\"1309\">D\u00e9lice de M\u00e9m\u00e9 Lulu \u00e0 l\u2019ail rose : <\/strong><\/a>Un clin d&rsquo;\u0153il aux recettes d\u2019antan, avec une viande tendre subtilement parfum\u00e9e \u00e0 l\u2019ail rose. Une terrine sinc\u00e8re, comme chez grand-m\u00e8re.<\/p>\n<p data-start=\"1453\" data-end=\"1627\"><a href=\"https:\/\/www.maison-occitane.com\/terrines-et-rillettes\/terrine-de-porc-au-magret-de-canard-fume-verrine\/?attribute_poids=90G\"><strong data-start=\"1453\" data-end=\"1495\">Terrine au magret de canard fum\u00e9 : <\/strong><\/a>Une recette savoureuse et g\u00e9n\u00e9reuse, o\u00f9 le go\u00fbt d\u00e9licat du magret fum\u00e9 sublime la base de porc. Un vrai plaisir \u00e0 chaque bouch\u00e9e.<\/p>\n<p data-start=\"1631\" data-end=\"1811\"><a href=\"https:\/\/www.maison-occitane.com\/terrines-et-rillettes\/terrine-campagne-au-piment-despelette-verrine\/?attribute_poids=90G\"><strong data-start=\"1631\" data-end=\"1682\">Terrine de campagne au piment d\u2019Espelette : <\/strong><\/a>Relev\u00e9e juste comme il faut, cette terrine pleine de caract\u00e8re marie douceur de la viande et chaleur du piment du Pays Basque.<\/p>\n<p data-start=\"1815\" data-end=\"1997\"><strong data-start=\"1815\" data-end=\"1857\">Terrine de cerf au vin de Cahors : <\/strong>Une recette plus raffin\u00e9e pour les amateurs de gibier : le go\u00fbt noble du cerf se m\u00eale \u00e0 la richesse du vin de Cahors. Une belle surprise.<\/p>\n<p data-start=\"1815\" data-end=\"1997\">Pr\u00e9sent\u00e9 dans en baguette, ce lot est id\u00e9al pour offrir un peu de terroir \u00e0 ceux que vous aimez. Un cadeau \u00e0 petit prix, qui fait toujours plaisir.<\/p>\n<p>&nbsp;<\/p>\n","protected":false},"excerpt":{"rendered":"<p>Un coffret gourmand et rustique de 5 terrines artisanales cuisin\u00e9es avec amour au c\u0153ur du Sud-Ouest. Un concentr\u00e9 de terroir \u00e0 petit prix, parfait pour offrir une petite attention gourmande pour un ap\u00e9ro 100 % terroir ! Entre traditions et saveurs authentiques, ce coffret met \u00e0 l&rsquo;honneur la richesse de notre patrimoine culinaire \u00e0 travers des recettes simples, sinc\u00e8res et g\u00e9n\u00e9reuses.<\/p>\n","protected":false},"featured_media":4617,"comment_status":"open","ping_status":"closed","template":"","meta":{"_acf_changed":false},"product_cat":[772],"product_tag":[],"origines":[798],"labels-qualite":[],"class_list":{"0":"post-3570","1":"product","2":"type-product","3":"status-publish","4":"has-post-thumbnail","6":"product_brand-maison-occitane","7":"product_cat-coffrets-cadeaux","8":"product_origine-france","10":"first","11":"instock","12":"taxable","13":"shipping-taxable","14":"purchasable","15":"product-type-simple","16":"add-to-wishlist-before_image"},"acf":[],"yoast_head":"<!-- This site is optimized with the Yoast SEO plugin v24.9 - https:\/\/yoast.com\/wordpress\/plugins\/seo\/ -->\n<title>TERRINES EN FOLIE - Maison Occitane<\/title>\n<meta name=\"description\" content=\"Coffret de 5 terrines artisanales du Sud-Ouest \u00e0 prix mini ! Une id\u00e9e cadeau gourmande, parfaite en petite attention pour faire plaisir avec go\u00fbt.\" \/>\n<meta name=\"robots\" content=\"index, follow, max-snippet:-1, max-image-preview:large, max-video-preview:-1\" \/>\n<link rel=\"canonical\" href=\"https:\/\/www.maison-occitane.com\/fr\/produit\/terrines-en-folie\/\" \/>\n<meta property=\"og:locale\" content=\"fr_FR\" \/>\n<meta property=\"og:type\" content=\"article\" \/>\n<meta property=\"og:title\" content=\"TERRINES EN FOLIE - Maison Occitane\" \/>\n<meta property=\"og:description\" content=\"Coffret de 5 terrines artisanales du Sud-Ouest \u00e0 prix mini ! Une id\u00e9e cadeau gourmande, parfaite en petite attention pour faire plaisir avec go\u00fbt.\" \/>\n<meta property=\"og:url\" content=\"https:\/\/www.maison-occitane.com\/fr\/produit\/terrines-en-folie\/\" \/>\n<meta property=\"og:site_name\" content=\"Maison Occitane\" \/>\n<meta property=\"article:modified_time\" content=\"2026-03-14T17:11:08+00:00\" \/>\n<meta property=\"og:image\" content=\"https:\/\/www.maison-occitane.com\/app\/uploads\/2025\/05\/200317terrines-en-folie-nouvelle-version_520px.jpg\" \/>\n\t<meta property=\"og:image:width\" content=\"520\" \/>\n\t<meta property=\"og:image:height\" content=\"450\" \/>\n\t<meta property=\"og:image:type\" content=\"image\/jpeg\" \/>\n<meta name=\"twitter:card\" content=\"summary_large_image\" \/>\n<meta name=\"twitter:label1\" content=\"Dur\u00e9e de lecture estim\u00e9e\" \/>\n\t<meta name=\"twitter:data1\" content=\"2 minutes\" \/>\n<script type=\"application\/ld+json\" class=\"yoast-schema-graph\">{\"@context\":\"https:\/\/schema.org\",\"@graph\":[{\"@type\":\"WebPage\",\"@id\":\"https:\/\/www.maison-occitane.com\/fr\/produit\/terrines-en-folie\/\",\"url\":\"https:\/\/www.maison-occitane.com\/fr\/produit\/terrines-en-folie\/\",\"name\":\"TERRINES EN FOLIE - Maison Occitane\",\"isPartOf\":{\"@id\":\"https:\/\/www.maison-occitane.com\/fr\/#website\"},\"primaryImageOfPage\":{\"@id\":\"https:\/\/www.maison-occitane.com\/fr\/produit\/terrines-en-folie\/#primaryimage\"},\"image\":{\"@id\":\"https:\/\/www.maison-occitane.com\/fr\/produit\/terrines-en-folie\/#primaryimage\"},\"thumbnailUrl\":\"https:\/\/www.maison-occitane.com\/app\/uploads\/2025\/05\/200317terrines-en-folie-nouvelle-version_520px.jpg\",\"datePublished\":\"2025-05-05T06:50:46+00:00\",\"dateModified\":\"2026-03-14T17:11:08+00:00\",\"description\":\"Coffret de 5 terrines artisanales du Sud-Ouest \u00e0 prix mini ! Une id\u00e9e cadeau gourmande, parfaite en petite attention pour faire plaisir avec go\u00fbt.\",\"breadcrumb\":{\"@id\":\"https:\/\/www.maison-occitane.com\/fr\/produit\/terrines-en-folie\/#breadcrumb\"},\"inLanguage\":\"fr-FR\",\"potentialAction\":[{\"@type\":\"ReadAction\",\"target\":[\"https:\/\/www.maison-occitane.com\/fr\/produit\/terrines-en-folie\/\"]}]},{\"@type\":\"ImageObject\",\"inLanguage\":\"fr-FR\",\"@id\":\"https:\/\/www.maison-occitane.com\/fr\/produit\/terrines-en-folie\/#primaryimage\",\"url\":\"https:\/\/www.maison-occitane.com\/app\/uploads\/2025\/05\/200317terrines-en-folie-nouvelle-version_520px.jpg\",\"contentUrl\":\"https:\/\/www.maison-occitane.com\/app\/uploads\/2025\/05\/200317terrines-en-folie-nouvelle-version_520px.jpg\",\"width\":520,\"height\":450,\"caption\":\"Terrines en folie\"},{\"@type\":\"BreadcrumbList\",\"@id\":\"https:\/\/www.maison-occitane.com\/fr\/produit\/terrines-en-folie\/#breadcrumb\",\"itemListElement\":[{\"@type\":\"ListItem\",\"position\":1,\"name\":\"Accueil\",\"item\":\"https:\/\/www.maison-occitane.com\/fr\/\"},{\"@type\":\"ListItem\",\"position\":2,\"name\":\"Produits\",\"item\":\"https:\/\/www.maison-occitane.com\/fr\/shop\/\"},{\"@type\":\"ListItem\",\"position\":3,\"name\":\"Coffrets cadeaux gourmands\",\"item\":\"https:\/\/www.maison-occitane.com\/fr\/boutique\/coffrets-cadeaux\/\"},{\"@type\":\"ListItem\",\"position\":4,\"name\":\"TERRINES EN FOLIE\"}]},{\"@type\":\"WebSite\",\"@id\":\"https:\/\/www.maison-occitane.com\/fr\/#website\",\"url\":\"https:\/\/www.maison-occitane.com\/fr\/\",\"name\":\"Maison Occitane\",\"description\":\"\",\"potentialAction\":[{\"@type\":\"SearchAction\",\"target\":{\"@type\":\"EntryPoint\",\"urlTemplate\":\"https:\/\/www.maison-occitane.com\/fr\/?s={search_term_string}\"},\"query-input\":{\"@type\":\"PropertyValueSpecification\",\"valueRequired\":true,\"valueName\":\"search_term_string\"}}],\"inLanguage\":\"fr-FR\"}]}<\/script>\n<!-- \/ Yoast SEO plugin. -->","yoast_head_json":{"title":"TERRINES EN FOLIE - Maison Occitane","description":"Coffret de 5 terrines artisanales du Sud-Ouest \u00e0 prix mini ! Une id\u00e9e cadeau gourmande, parfaite en petite attention pour faire plaisir avec go\u00fbt.","robots":{"index":"index","follow":"follow","max-snippet":"max-snippet:-1","max-image-preview":"max-image-preview:large","max-video-preview":"max-video-preview:-1"},"canonical":"https:\/\/www.maison-occitane.com\/fr\/produit\/terrines-en-folie\/","og_locale":"fr_FR","og_type":"article","og_title":"TERRINES EN FOLIE - Maison Occitane","og_description":"Coffret de 5 terrines artisanales du Sud-Ouest \u00e0 prix mini ! Une id\u00e9e cadeau gourmande, parfaite en petite attention pour faire plaisir avec go\u00fbt.","og_url":"https:\/\/www.maison-occitane.com\/fr\/produit\/terrines-en-folie\/","og_site_name":"Maison Occitane","article_modified_time":"2026-03-14T17:11:08+00:00","og_image":[{"width":520,"height":450,"url":"https:\/\/www.maison-occitane.com\/app\/uploads\/2025\/05\/200317terrines-en-folie-nouvelle-version_520px.jpg","type":"image\/jpeg"}],"twitter_card":"summary_large_image","twitter_misc":{"Dur\u00e9e de lecture estim\u00e9e":"2 minutes"},"schema":{"@context":"https:\/\/schema.org","@graph":[{"@type":"WebPage","@id":"https:\/\/www.maison-occitane.com\/fr\/produit\/terrines-en-folie\/","url":"https:\/\/www.maison-occitane.com\/fr\/produit\/terrines-en-folie\/","name":"TERRINES EN FOLIE - Maison Occitane","isPartOf":{"@id":"https:\/\/www.maison-occitane.com\/fr\/#website"},"primaryImageOfPage":{"@id":"https:\/\/www.maison-occitane.com\/fr\/produit\/terrines-en-folie\/#primaryimage"},"image":{"@id":"https:\/\/www.maison-occitane.com\/fr\/produit\/terrines-en-folie\/#primaryimage"},"thumbnailUrl":"https:\/\/www.maison-occitane.com\/app\/uploads\/2025\/05\/200317terrines-en-folie-nouvelle-version_520px.jpg","datePublished":"2025-05-05T06:50:46+00:00","dateModified":"2026-03-14T17:11:08+00:00","description":"Coffret de 5 terrines artisanales du Sud-Ouest \u00e0 prix mini ! Une id\u00e9e cadeau gourmande, parfaite en petite attention pour faire plaisir avec go\u00fbt.","breadcrumb":{"@id":"https:\/\/www.maison-occitane.com\/fr\/produit\/terrines-en-folie\/#breadcrumb"},"inLanguage":"fr-FR","potentialAction":[{"@type":"ReadAction","target":["https:\/\/www.maison-occitane.com\/fr\/produit\/terrines-en-folie\/"]}]},{"@type":"ImageObject","inLanguage":"fr-FR","@id":"https:\/\/www.maison-occitane.com\/fr\/produit\/terrines-en-folie\/#primaryimage","url":"https:\/\/www.maison-occitane.com\/app\/uploads\/2025\/05\/200317terrines-en-folie-nouvelle-version_520px.jpg","contentUrl":"https:\/\/www.maison-occitane.com\/app\/uploads\/2025\/05\/200317terrines-en-folie-nouvelle-version_520px.jpg","width":520,"height":450,"caption":"Terrines en folie"},{"@type":"BreadcrumbList","@id":"https:\/\/www.maison-occitane.com\/fr\/produit\/terrines-en-folie\/#breadcrumb","itemListElement":[{"@type":"ListItem","position":1,"name":"Accueil","item":"https:\/\/www.maison-occitane.com\/fr\/"},{"@type":"ListItem","position":2,"name":"Produits","item":"https:\/\/www.maison-occitane.com\/fr\/shop\/"},{"@type":"ListItem","position":3,"name":"Coffrets cadeaux gourmands","item":"https:\/\/www.maison-occitane.com\/fr\/boutique\/coffrets-cadeaux\/"},{"@type":"ListItem","position":4,"name":"TERRINES EN FOLIE"}]},{"@type":"WebSite","@id":"https:\/\/www.maison-occitane.com\/fr\/#website","url":"https:\/\/www.maison-occitane.com\/fr\/","name":"Maison Occitane","description":"","potentialAction":[{"@type":"SearchAction","target":{"@type":"EntryPoint","urlTemplate":"https:\/\/www.maison-occitane.com\/fr\/?s={search_term_string}"},"query-input":{"@type":"PropertyValueSpecification","valueRequired":true,"valueName":"search_term_string"}}],"inLanguage":"fr-FR"}]}},"_links":{"self":[{"href":"https:\/\/www.maison-occitane.com\/fr\/wp-json\/wp\/v2\/product\/3570","targetHints":{"allow":["GET"]}}],"collection":[{"href":"https:\/\/www.maison-occitane.com\/fr\/wp-json\/wp\/v2\/product"}],"about":[{"href":"https:\/\/www.maison-occitane.com\/fr\/wp-json\/wp\/v2\/types\/product"}],"replies":[{"embeddable":true,"href":"https:\/\/www.maison-occitane.com\/fr\/wp-json\/wp\/v2\/comments?post=3570"}],"wp:featuredmedia":[{"embeddable":true,"href":"https:\/\/www.maison-occitane.com\/fr\/wp-json\/wp\/v2\/media\/4617"}],"wp:attachment":[{"href":"https:\/\/www.maison-occitane.com\/fr\/wp-json\/wp\/v2\/media?parent=3570"}],"wp:term":[{"taxonomy":"product_cat","embeddable":true,"href":"https:\/\/www.maison-occitane.com\/fr\/wp-json\/wp\/v2\/product_cat?post=3570"},{"taxonomy":"product_tag","embeddable":true,"href":"https:\/\/www.maison-occitane.com\/fr\/wp-json\/wp\/v2\/product_tag?post=3570"},{"taxonomy":"product_origine","embeddable":true,"href":"https:\/\/www.maison-occitane.com\/fr\/wp-json\/wp\/v2\/origines?post=3570"},{"taxonomy":"label_qualite","embeddable":true,"href":"https:\/\/www.maison-occitane.com\/fr\/wp-json\/wp\/v2\/labels-qualite?post=3570"}],"curies":[{"name":"wp","href":"https:\/\/api.w.org\/{rel}","templated":true}]}}