{"id":3568,"date":"2025-05-05T08:50:45","date_gmt":"2025-05-05T06:50:45","guid":{"rendered":"http:\/\/localhost:8080\/non%20class\u00e9\/gateau-aux-noix-sachet-de-280g\/"},"modified":"2026-04-27T19:15:46","modified_gmt":"2026-04-27T17:15:46","slug":"gateau-aux-noix-sachet-de-280g","status":"publish","type":"product","link":"https:\/\/www.maison-occitane.com\/fr\/produit\/gateau-aux-noix-sachet-de-280g\/","title":{"rendered":"GATEAU AUX NOIX"},"content":{"rendered":"<p data-start=\"677\" data-end=\"934\">D\u00e9couvrez notre <strong data-start=\"693\" data-end=\"712\">g\u00e2teau aux noix<\/strong>, une v\u00e9ritable sp\u00e9cialit\u00e9 de notre terroir, \u00e9labor\u00e9e avec passion <strong>dans le Lot.<\/strong> Ce g\u00e2teau artisanal se distingue par sa texture moelleuse, sa richesse en noix broy\u00e9es et ses ar\u00f4mes naturels de noix et de vanille. V\u00e9ritable <strong data-start=\"946\" data-end=\"979\">tr\u00e9sor culinaire du Sud-Ouest<\/strong>, ce dessert offre un go\u00fbt profond et r\u00e9confortant, parfait pour toutes les saisons, et notamment \u00e0 l&rsquo;automne. Il accompagne \u00e0 merveille un caf\u00e9 ou un th\u00e9, et s\u2019invite aussi bien au go\u00fbter qu\u2019en fin de repas.<\/p>\n<p data-start=\"1189\" data-end=\"1366\">\u00c0 offrir ou \u00e0 partager, ce g\u00e2teau trouve naturellement sa place dans un panier gourmand personnalis\u00e9. Un cadeau qui fera voyager les papilles en plein c\u0153ur du Sud-Ouest !<\/p>\n<p>&nbsp;<\/p>\n","protected":false},"excerpt":{"rendered":"<p>Un g\u00e2teau moelleux aux noix, embl\u00e9matique de notre terroir, fabriqu\u00e9 artisanalement <strong>dans le Lot.<\/strong> Une douceur authentique aux saveurs d\u2019automne, parfaite pour vos desserts et pauses gourmandes.<\/p>\n","protected":false},"featured_media":4340,"comment_status":"open","ping_status":"closed","template":"","meta":{"_acf_changed":false},"product_cat":[775,787],"product_tag":[],"origines":[],"labels-qualite":[],"class_list":{"0":"post-3568","1":"product","2":"type-product","3":"status-publish","4":"has-post-thumbnail","6":"product_brand-selection-gourmande","7":"product_cat-epicerie-fine","8":"product_cat-douceurs-sucrees-et-chocolats","10":"first","11":"outofstock","12":"taxable","13":"shipping-taxable","14":"purchasable","15":"product-type-simple","16":"add-to-wishlist-before_image"},"acf":[],"yoast_head":"<!-- This site is optimized with the Yoast SEO plugin v24.9 - https:\/\/yoast.com\/wordpress\/plugins\/seo\/ -->\n<title>GATEAU AUX NOIX 280G - Maison Occitane<\/title>\n<meta name=\"description\" content=\"D\u00e9couvrez notre g\u00e2teau aux noix, une sp\u00e9cialit\u00e9 de notre terroir moelleuse et savoureuse. Un dessert artisanal made in Sud-Ouest, id\u00e9al en fin de repas ou pour un go\u00fbter r\u00e9confortant.\" \/>\n<meta name=\"robots\" content=\"index, follow, max-snippet:-1, max-image-preview:large, max-video-preview:-1\" \/>\n<link rel=\"canonical\" href=\"https:\/\/www.maison-occitane.com\/fr\/produit\/gateau-aux-noix-sachet-de-280g\/\" \/>\n<meta property=\"og:locale\" content=\"fr_FR\" \/>\n<meta property=\"og:type\" content=\"article\" \/>\n<meta property=\"og:title\" content=\"GATEAU AUX NOIX 280G - Maison Occitane\" \/>\n<meta property=\"og:description\" content=\"D\u00e9couvrez notre g\u00e2teau aux noix, une sp\u00e9cialit\u00e9 de notre terroir moelleuse et savoureuse. Un dessert artisanal made in Sud-Ouest, id\u00e9al en fin de repas ou pour un go\u00fbter r\u00e9confortant.\" \/>\n<meta property=\"og:url\" content=\"https:\/\/www.maison-occitane.com\/fr\/produit\/gateau-aux-noix-sachet-de-280g\/\" \/>\n<meta property=\"og:site_name\" content=\"Maison Occitane\" \/>\n<meta property=\"article:modified_time\" content=\"2026-04-27T17:15:46+00:00\" \/>\n<meta property=\"og:image\" content=\"https:\/\/www.maison-occitane.com\/app\/uploads\/2025\/05\/200182_520px.jpg\" \/>\n\t<meta property=\"og:image:width\" content=\"520\" \/>\n\t<meta property=\"og:image:height\" content=\"450\" \/>\n\t<meta property=\"og:image:type\" content=\"image\/jpeg\" \/>\n<meta name=\"twitter:card\" content=\"summary_large_image\" \/>\n<meta name=\"twitter:label1\" content=\"Dur\u00e9e de lecture estim\u00e9e\" \/>\n\t<meta name=\"twitter:data1\" content=\"1 minute\" \/>\n<script type=\"application\/ld+json\" class=\"yoast-schema-graph\">{\"@context\":\"https:\/\/schema.org\",\"@graph\":[{\"@type\":\"WebPage\",\"@id\":\"https:\/\/www.maison-occitane.com\/fr\/produit\/gateau-aux-noix-sachet-de-280g\/\",\"url\":\"https:\/\/www.maison-occitane.com\/fr\/produit\/gateau-aux-noix-sachet-de-280g\/\",\"name\":\"GATEAU AUX NOIX 280G - Maison Occitane\",\"isPartOf\":{\"@id\":\"https:\/\/www.maison-occitane.com\/fr\/#website\"},\"primaryImageOfPage\":{\"@id\":\"https:\/\/www.maison-occitane.com\/fr\/produit\/gateau-aux-noix-sachet-de-280g\/#primaryimage\"},\"image\":{\"@id\":\"https:\/\/www.maison-occitane.com\/fr\/produit\/gateau-aux-noix-sachet-de-280g\/#primaryimage\"},\"thumbnailUrl\":\"https:\/\/www.maison-occitane.com\/app\/uploads\/2025\/05\/200182_520px.jpg\",\"datePublished\":\"2025-05-05T06:50:45+00:00\",\"dateModified\":\"2026-04-27T17:15:46+00:00\",\"description\":\"D\u00e9couvrez notre g\u00e2teau aux noix, une sp\u00e9cialit\u00e9 de notre terroir moelleuse et savoureuse. Un dessert artisanal made in Sud-Ouest, id\u00e9al en fin de repas ou pour un go\u00fbter r\u00e9confortant.\",\"breadcrumb\":{\"@id\":\"https:\/\/www.maison-occitane.com\/fr\/produit\/gateau-aux-noix-sachet-de-280g\/#breadcrumb\"},\"inLanguage\":\"fr-FR\",\"potentialAction\":[{\"@type\":\"ReadAction\",\"target\":[\"https:\/\/www.maison-occitane.com\/fr\/produit\/gateau-aux-noix-sachet-de-280g\/\"]}]},{\"@type\":\"ImageObject\",\"inLanguage\":\"fr-FR\",\"@id\":\"https:\/\/www.maison-occitane.com\/fr\/produit\/gateau-aux-noix-sachet-de-280g\/#primaryimage\",\"url\":\"https:\/\/www.maison-occitane.com\/app\/uploads\/2025\/05\/200182_520px.jpg\",\"contentUrl\":\"https:\/\/www.maison-occitane.com\/app\/uploads\/2025\/05\/200182_520px.jpg\",\"width\":520,\"height\":450,\"caption\":\"G\u00e2teau aux noix\"},{\"@type\":\"BreadcrumbList\",\"@id\":\"https:\/\/www.maison-occitane.com\/fr\/produit\/gateau-aux-noix-sachet-de-280g\/#breadcrumb\",\"itemListElement\":[{\"@type\":\"ListItem\",\"position\":1,\"name\":\"Accueil\",\"item\":\"https:\/\/www.maison-occitane.com\/fr\/\"},{\"@type\":\"ListItem\",\"position\":2,\"name\":\"Produits\",\"item\":\"https:\/\/www.maison-occitane.com\/fr\/shop\/\"},{\"@type\":\"ListItem\",\"position\":3,\"name\":\"\u00c9picerie fine\",\"item\":\"https:\/\/www.maison-occitane.com\/fr\/boutique\/epicerie-fine\/\"},{\"@type\":\"ListItem\",\"position\":4,\"name\":\"Douceurs sucr\u00e9es et chocolats\",\"item\":\"https:\/\/www.maison-occitane.com\/fr\/boutique\/epicerie-fine\/douceurs-sucrees-et-chocolats\/\"},{\"@type\":\"ListItem\",\"position\":5,\"name\":\"GATEAU AUX NOIX\"}]},{\"@type\":\"WebSite\",\"@id\":\"https:\/\/www.maison-occitane.com\/fr\/#website\",\"url\":\"https:\/\/www.maison-occitane.com\/fr\/\",\"name\":\"Maison Occitane\",\"description\":\"\",\"potentialAction\":[{\"@type\":\"SearchAction\",\"target\":{\"@type\":\"EntryPoint\",\"urlTemplate\":\"https:\/\/www.maison-occitane.com\/fr\/?s={search_term_string}\"},\"query-input\":{\"@type\":\"PropertyValueSpecification\",\"valueRequired\":true,\"valueName\":\"search_term_string\"}}],\"inLanguage\":\"fr-FR\"}]}<\/script>\n<!-- \/ Yoast SEO plugin. -->","yoast_head_json":{"title":"GATEAU AUX NOIX 280G - Maison Occitane","description":"D\u00e9couvrez notre g\u00e2teau aux noix, une sp\u00e9cialit\u00e9 de notre terroir moelleuse et savoureuse. Un dessert artisanal made in Sud-Ouest, id\u00e9al en fin de repas ou pour un go\u00fbter r\u00e9confortant.","robots":{"index":"index","follow":"follow","max-snippet":"max-snippet:-1","max-image-preview":"max-image-preview:large","max-video-preview":"max-video-preview:-1"},"canonical":"https:\/\/www.maison-occitane.com\/fr\/produit\/gateau-aux-noix-sachet-de-280g\/","og_locale":"fr_FR","og_type":"article","og_title":"GATEAU AUX NOIX 280G - Maison Occitane","og_description":"D\u00e9couvrez notre g\u00e2teau aux noix, une sp\u00e9cialit\u00e9 de notre terroir moelleuse et savoureuse. Un dessert artisanal made in Sud-Ouest, id\u00e9al en fin de repas ou pour un go\u00fbter r\u00e9confortant.","og_url":"https:\/\/www.maison-occitane.com\/fr\/produit\/gateau-aux-noix-sachet-de-280g\/","og_site_name":"Maison Occitane","article_modified_time":"2026-04-27T17:15:46+00:00","og_image":[{"width":520,"height":450,"url":"https:\/\/www.maison-occitane.com\/app\/uploads\/2025\/05\/200182_520px.jpg","type":"image\/jpeg"}],"twitter_card":"summary_large_image","twitter_misc":{"Dur\u00e9e de lecture estim\u00e9e":"1 minute"},"schema":{"@context":"https:\/\/schema.org","@graph":[{"@type":"WebPage","@id":"https:\/\/www.maison-occitane.com\/fr\/produit\/gateau-aux-noix-sachet-de-280g\/","url":"https:\/\/www.maison-occitane.com\/fr\/produit\/gateau-aux-noix-sachet-de-280g\/","name":"GATEAU AUX NOIX 280G - Maison Occitane","isPartOf":{"@id":"https:\/\/www.maison-occitane.com\/fr\/#website"},"primaryImageOfPage":{"@id":"https:\/\/www.maison-occitane.com\/fr\/produit\/gateau-aux-noix-sachet-de-280g\/#primaryimage"},"image":{"@id":"https:\/\/www.maison-occitane.com\/fr\/produit\/gateau-aux-noix-sachet-de-280g\/#primaryimage"},"thumbnailUrl":"https:\/\/www.maison-occitane.com\/app\/uploads\/2025\/05\/200182_520px.jpg","datePublished":"2025-05-05T06:50:45+00:00","dateModified":"2026-04-27T17:15:46+00:00","description":"D\u00e9couvrez notre g\u00e2teau aux noix, une sp\u00e9cialit\u00e9 de notre terroir moelleuse et savoureuse. Un dessert artisanal made in Sud-Ouest, id\u00e9al en fin de repas ou pour un go\u00fbter r\u00e9confortant.","breadcrumb":{"@id":"https:\/\/www.maison-occitane.com\/fr\/produit\/gateau-aux-noix-sachet-de-280g\/#breadcrumb"},"inLanguage":"fr-FR","potentialAction":[{"@type":"ReadAction","target":["https:\/\/www.maison-occitane.com\/fr\/produit\/gateau-aux-noix-sachet-de-280g\/"]}]},{"@type":"ImageObject","inLanguage":"fr-FR","@id":"https:\/\/www.maison-occitane.com\/fr\/produit\/gateau-aux-noix-sachet-de-280g\/#primaryimage","url":"https:\/\/www.maison-occitane.com\/app\/uploads\/2025\/05\/200182_520px.jpg","contentUrl":"https:\/\/www.maison-occitane.com\/app\/uploads\/2025\/05\/200182_520px.jpg","width":520,"height":450,"caption":"G\u00e2teau aux noix"},{"@type":"BreadcrumbList","@id":"https:\/\/www.maison-occitane.com\/fr\/produit\/gateau-aux-noix-sachet-de-280g\/#breadcrumb","itemListElement":[{"@type":"ListItem","position":1,"name":"Accueil","item":"https:\/\/www.maison-occitane.com\/fr\/"},{"@type":"ListItem","position":2,"name":"Produits","item":"https:\/\/www.maison-occitane.com\/fr\/shop\/"},{"@type":"ListItem","position":3,"name":"\u00c9picerie fine","item":"https:\/\/www.maison-occitane.com\/fr\/boutique\/epicerie-fine\/"},{"@type":"ListItem","position":4,"name":"Douceurs sucr\u00e9es et chocolats","item":"https:\/\/www.maison-occitane.com\/fr\/boutique\/epicerie-fine\/douceurs-sucrees-et-chocolats\/"},{"@type":"ListItem","position":5,"name":"GATEAU AUX NOIX"}]},{"@type":"WebSite","@id":"https:\/\/www.maison-occitane.com\/fr\/#website","url":"https:\/\/www.maison-occitane.com\/fr\/","name":"Maison Occitane","description":"","potentialAction":[{"@type":"SearchAction","target":{"@type":"EntryPoint","urlTemplate":"https:\/\/www.maison-occitane.com\/fr\/?s={search_term_string}"},"query-input":{"@type":"PropertyValueSpecification","valueRequired":true,"valueName":"search_term_string"}}],"inLanguage":"fr-FR"}]}},"_links":{"self":[{"href":"https:\/\/www.maison-occitane.com\/fr\/wp-json\/wp\/v2\/product\/3568","targetHints":{"allow":["GET"]}}],"collection":[{"href":"https:\/\/www.maison-occitane.com\/fr\/wp-json\/wp\/v2\/product"}],"about":[{"href":"https:\/\/www.maison-occitane.com\/fr\/wp-json\/wp\/v2\/types\/product"}],"replies":[{"embeddable":true,"href":"https:\/\/www.maison-occitane.com\/fr\/wp-json\/wp\/v2\/comments?post=3568"}],"wp:featuredmedia":[{"embeddable":true,"href":"https:\/\/www.maison-occitane.com\/fr\/wp-json\/wp\/v2\/media\/4340"}],"wp:attachment":[{"href":"https:\/\/www.maison-occitane.com\/fr\/wp-json\/wp\/v2\/media?parent=3568"}],"wp:term":[{"taxonomy":"product_cat","embeddable":true,"href":"https:\/\/www.maison-occitane.com\/fr\/wp-json\/wp\/v2\/product_cat?post=3568"},{"taxonomy":"product_tag","embeddable":true,"href":"https:\/\/www.maison-occitane.com\/fr\/wp-json\/wp\/v2\/product_tag?post=3568"},{"taxonomy":"product_origine","embeddable":true,"href":"https:\/\/www.maison-occitane.com\/fr\/wp-json\/wp\/v2\/origines?post=3568"},{"taxonomy":"label_qualite","embeddable":true,"href":"https:\/\/www.maison-occitane.com\/fr\/wp-json\/wp\/v2\/labels-qualite?post=3568"}],"curies":[{"name":"wp","href":"https:\/\/api.w.org\/{rel}","templated":true}]}}