{"id":3566,"date":"2025-05-05T08:50:45","date_gmt":"2025-05-05T06:50:45","guid":{"rendered":"http:\/\/localhost:8080\/non%20class\u00e9\/foie-gras-de-canard-entier-mi-cuit-france-barquette-150g\/"},"modified":"2026-02-13T08:38:16","modified_gmt":"2026-02-13T07:38:16","slug":"foie-gras-de-canard-entier-mi-cuit-france-barquette-150g","status":"publish","type":"product","link":"https:\/\/www.maison-occitane.com\/fr\/produit\/foie-gras-de-canard-entier-mi-cuit-france-barquette-150g\/","title":{"rendered":"FOIE GRAS DE CANARD ENTIER MI-CUIT FRANCE"},"content":{"rendered":"<p data-start=\"494\" data-end=\"906\">D\u00e9couvrez notre <strong data-start=\"510\" data-end=\"555\">foie gras de canard entier mi-cuit nature en barquette 150g<\/strong>, un produit 100\u202f% fran\u00e7ais, \u00e9labor\u00e9 avec passion \u00e0 partir des canards issus de notre groupement de producteurs. Pr\u00e9par\u00e9 \u00e0 la main dans notre atelier \u00e0 Gramat, dans le Lot, ce foie gras est soigneusement \u00e9vein\u00e9 et assaisonn\u00e9 \u00e0 la main selon une recette traditionnelle, puis cuit \u00e0 basse temp\u00e9rature pour pr\u00e9server toute la richesse de ses ar\u00f4mes.<\/p>\n<p data-start=\"908\" data-end=\"1244\">Son format pratique en barquette de 150g (environ 4 \u00e0 5 parts) le rend id\u00e9al pour un ap\u00e9ritif gourmand ou une entr\u00e9e raffin\u00e9e. Gr\u00e2ce \u00e0 sa tenue parfaite \u00e0 la coupe, il se tranche facilement en parts r\u00e9guli\u00e8res et g\u00e9n\u00e9reuses. Authentique et savoureux, il r\u00e9v\u00e8le une texture fondante et un go\u00fbt subtil, pour un plaisir simple et vrai.<\/p>\n<p data-start=\"908\" data-end=\"1244\">D\u00e9couvrez notre gamme :<\/p>\n<ul>\n<li data-start=\"908\" data-end=\"1244\"><a href=\"https:\/\/www.maison-occitane.com\/fr\/produit\/foie-gras-de-canard-entier-mi-cuit-france-au-poivre-150g\/\">Foie gras de canard entier mi-cuit au poivre barquette 150g<\/a><\/li>\n<\/ul>\n<p><strong><span style=\"color: #f29400;\">Nombre de parts<\/span> :\u00a0<\/strong>4 \u00e0 5 parts<\/p>\n<p>\u00c0 conserver au frais entre 0\u00b0 et 4\u00b0C. Apr\u00e8s ouverture \u00e0 conserver au frais et consommer rapidement.<\/p>\n<p>&nbsp;<\/p>\n","protected":false},"excerpt":{"rendered":"<article class=\"text-token-text-primary w-full\" dir=\"auto\" data-testid=\"conversation-turn-4\" data-scroll-anchor=\"true\">\n<div class=\"text-base my-auto mx-auto py-5 [--thread-content-margin:--spacing(4)] @[37rem]:[--thread-content-margin:--spacing(6)] @[72rem]:[--thread-content-margin:--spacing(16)] px-(--thread-content-margin)\">\n<div class=\"[--thread-content-max-width:32rem] @[34rem]:[--thread-content-max-width:40rem] @[64rem]:[--thread-content-max-width:48rem] mx-auto flex max-w-(--thread-content-max-width) flex-1 text-base gap-4 md:gap-5 lg:gap-6 group\/turn-messages focus-visible:outline-hidden\" tabindex=\"-1\">\n<div class=\"group\/conversation-turn relative flex w-full min-w-0 flex-col agent-turn\">\n<div class=\"relative flex-col gap-1 md:gap-3\">\n<div class=\"flex max-w-full flex-col grow\">\n<div class=\"min-h-8 text-message relative flex w-full flex-col items-end gap-2 text-start break-words whitespace-normal [.text-message+&amp;]:mt-5\" dir=\"auto\" data-message-author-role=\"assistant\" data-message-id=\"12d49a6a-c05e-4dac-b2d0-bc4ebf793629\" data-message-model-slug=\"gpt-4o\">\n<div class=\"flex w-full flex-col gap-1 empty:hidden first:pt-[3px]\">\n<div class=\"markdown prose dark:prose-invert w-full break-words dark\">\n<article class=\"text-token-text-primary w-full\" dir=\"auto\" data-testid=\"conversation-turn-4\" data-scroll-anchor=\"true\">\n<div class=\"text-base my-auto mx-auto py-5 [--thread-content-margin:--spacing(4)] @[37rem]:[--thread-content-margin:--spacing(6)] @[72rem]:[--thread-content-margin:--spacing(16)] px-(--thread-content-margin)\">\n<div class=\"[--thread-content-max-width:32rem] @[34rem]:[--thread-content-max-width:40rem] @[64rem]:[--thread-content-max-width:48rem] mx-auto flex max-w-(--thread-content-max-width) flex-1 text-base gap-4 md:gap-5 lg:gap-6 group\/turn-messages focus-visible:outline-hidden\" tabindex=\"-1\">\n<div class=\"group\/conversation-turn relative flex w-full min-w-0 flex-col agent-turn\">\n<div class=\"relative flex-col gap-1 md:gap-3\">\n<div class=\"flex max-w-full flex-col grow\">\n<div class=\"min-h-8 text-message relative flex w-full flex-col items-end gap-2 text-start break-words whitespace-normal [.text-message+&amp;]:mt-5\" dir=\"auto\" data-message-author-role=\"assistant\" data-message-id=\"12d49a6a-c05e-4dac-b2d0-bc4ebf793629\" data-message-model-slug=\"gpt-4o\">\n<div class=\"flex w-full flex-col gap-1 empty:hidden first:pt-[3px]\">\n<div class=\"markdown prose dark:prose-invert w-full break-words dark\">\n<p data-start=\"50\" data-end=\"298\" data-is-last-node=\"\">Notre foie gras de canard entier mi-cuit 150g est \u00e9labor\u00e9 \u00e0 partir de canards issus \u00e0 100\u202f% de notre groupement de producteurs fran\u00e7ais. Il s\u00e9duit par sa texture fondante et son go\u00fbt authentique. Un format parfait pour un ap\u00e9ritif \u00e9l\u00e9gant et gourmand.<\/p>\n<\/div>\n<\/div>\n<\/div>\n<\/div>\n<div class=\"flex min-h-[46px] justify-start\">\n<div class=\"touch:-me-2 touch:-ms-3.5 -ms-2.5 -me-1 flex flex-wrap items-center gap-y-4 p-1 select-none touch:w-[calc(100%+--spacing(3.5))] -mt-1 w-[calc(100%+--spacing(2.5))] duration-[1.5s] focus-within:transition-none hover:transition-none pointer-events-none [mask-image:linear-gradient(to_right,black_33%,transparent_66%)] [mask-size:300%_100%] [mask-position:100%_0%] motion-safe:transition-[mask-position] group-hover\/turn-messages:pointer-events-auto group-hover\/turn-messages:[mask-position:0_0] group-focus-within\/turn-messages:pointer-events-auto group-focus-within\/turn-messages:[mask-position:0_0] has-data-[state=open]:pointer-events-auto has-data-[state=open]:[mask-position:0_0]\"><\/div>\n<\/div>\n<div class=\"mt-3 w-full empty:hidden\">\n<div class=\"text-center\"><\/div>\n<\/div>\n<\/div>\n<div class=\"absolute\">\n<div class=\"flex items-center justify-center\"><\/div>\n<\/div>\n<\/div>\n<\/div>\n<\/div>\n<\/article>\n<div class=\"pointer-events-none h-px w-px\" aria-hidden=\"true\" data-edge=\"true\"><\/div>\n<\/div>\n<\/div>\n<\/div>\n<\/div>\n<div class=\"mt-3 w-full empty:hidden\">\n<div class=\"text-center\"><\/div>\n<\/div>\n<\/div>\n<div class=\"absolute\">\n<div class=\"flex items-center justify-center\"><\/div>\n<\/div>\n<\/div>\n<\/div>\n<\/div>\n<\/article>\n<div class=\"pointer-events-none h-px w-px\" aria-hidden=\"true\" data-edge=\"true\"><\/div>\n","protected":false},"featured_media":4191,"comment_status":"open","ping_status":"closed","template":"","meta":{"_acf_changed":false},"product_cat":[770,777],"product_tag":[814],"origines":[798],"labels-qualite":[],"class_list":{"0":"post-3566","1":"product","2":"type-product","3":"status-publish","4":"has-post-thumbnail","6":"product_brand-maison-occitane","7":"product_cat-foie-gras","8":"product_cat-foie-gras-mi-cuit","9":"product_tag-mi-cuit","10":"product_origine-france","12":"first","13":"instock","14":"taxable","15":"shipping-taxable","16":"purchasable","17":"product-type-simple","18":"add-to-wishlist-before_image"},"acf":[],"yoast_head":"<!-- This site is optimized with the Yoast SEO plugin v24.9 - https:\/\/yoast.com\/wordpress\/plugins\/seo\/ -->\n<title>FOIE GRAS DE CANARD ENTIER MI-CUIT FRANCE - Maison Occitane<\/title>\n<meta name=\"description\" content=\"Foie gras de canard entier mi-cuit 150g, un produit d\u2019exception issu de nos producteurs fran\u00e7ais. Texture fondante, go\u00fbt authentique, pr\u00eat \u00e0 d\u00e9guster. Vente directe en ligne.\" \/>\n<meta name=\"robots\" content=\"index, follow, max-snippet:-1, max-image-preview:large, max-video-preview:-1\" \/>\n<link rel=\"canonical\" href=\"https:\/\/www.maison-occitane.com\/fr\/produit\/foie-gras-de-canard-entier-mi-cuit-france-barquette-150g\/\" \/>\n<meta property=\"og:locale\" content=\"fr_FR\" \/>\n<meta property=\"og:type\" content=\"article\" \/>\n<meta property=\"og:title\" content=\"FOIE GRAS DE CANARD ENTIER MI-CUIT FRANCE - Maison Occitane\" \/>\n<meta property=\"og:description\" content=\"Foie gras de canard entier mi-cuit 150g, un produit d\u2019exception issu de nos producteurs fran\u00e7ais. Texture fondante, go\u00fbt authentique, pr\u00eat \u00e0 d\u00e9guster. Vente directe en ligne.\" \/>\n<meta property=\"og:url\" content=\"https:\/\/www.maison-occitane.com\/fr\/produit\/foie-gras-de-canard-entier-mi-cuit-france-barquette-150g\/\" \/>\n<meta property=\"og:site_name\" content=\"Maison Occitane\" \/>\n<meta property=\"article:modified_time\" content=\"2026-02-13T07:38:16+00:00\" \/>\n<meta property=\"og:image\" content=\"https:\/\/www.maison-occitane.com\/app\/uploads\/2025\/05\/200084_520px.jpg\" \/>\n\t<meta property=\"og:image:width\" content=\"520\" \/>\n\t<meta property=\"og:image:height\" content=\"450\" \/>\n\t<meta property=\"og:image:type\" content=\"image\/jpeg\" \/>\n<meta name=\"twitter:card\" content=\"summary_large_image\" \/>\n<meta name=\"twitter:label1\" content=\"Dur\u00e9e de lecture estim\u00e9e\" \/>\n\t<meta name=\"twitter:data1\" content=\"2 minutes\" \/>\n<script type=\"application\/ld+json\" class=\"yoast-schema-graph\">{\"@context\":\"https:\/\/schema.org\",\"@graph\":[{\"@type\":\"WebPage\",\"@id\":\"https:\/\/www.maison-occitane.com\/fr\/produit\/foie-gras-de-canard-entier-mi-cuit-france-barquette-150g\/\",\"url\":\"https:\/\/www.maison-occitane.com\/fr\/produit\/foie-gras-de-canard-entier-mi-cuit-france-barquette-150g\/\",\"name\":\"FOIE GRAS DE CANARD ENTIER MI-CUIT FRANCE - Maison Occitane\",\"isPartOf\":{\"@id\":\"https:\/\/www.maison-occitane.com\/fr\/#website\"},\"primaryImageOfPage\":{\"@id\":\"https:\/\/www.maison-occitane.com\/fr\/produit\/foie-gras-de-canard-entier-mi-cuit-france-barquette-150g\/#primaryimage\"},\"image\":{\"@id\":\"https:\/\/www.maison-occitane.com\/fr\/produit\/foie-gras-de-canard-entier-mi-cuit-france-barquette-150g\/#primaryimage\"},\"thumbnailUrl\":\"https:\/\/www.maison-occitane.com\/app\/uploads\/2025\/05\/200084_520px.jpg\",\"datePublished\":\"2025-05-05T06:50:45+00:00\",\"dateModified\":\"2026-02-13T07:38:16+00:00\",\"description\":\"Foie gras de canard entier mi-cuit 150g, un produit d\u2019exception issu de nos producteurs fran\u00e7ais. Texture fondante, go\u00fbt authentique, pr\u00eat \u00e0 d\u00e9guster. Vente directe en ligne.\",\"breadcrumb\":{\"@id\":\"https:\/\/www.maison-occitane.com\/fr\/produit\/foie-gras-de-canard-entier-mi-cuit-france-barquette-150g\/#breadcrumb\"},\"inLanguage\":\"fr-FR\",\"potentialAction\":[{\"@type\":\"ReadAction\",\"target\":[\"https:\/\/www.maison-occitane.com\/fr\/produit\/foie-gras-de-canard-entier-mi-cuit-france-barquette-150g\/\"]}]},{\"@type\":\"ImageObject\",\"inLanguage\":\"fr-FR\",\"@id\":\"https:\/\/www.maison-occitane.com\/fr\/produit\/foie-gras-de-canard-entier-mi-cuit-france-barquette-150g\/#primaryimage\",\"url\":\"https:\/\/www.maison-occitane.com\/app\/uploads\/2025\/05\/200084_520px.jpg\",\"contentUrl\":\"https:\/\/www.maison-occitane.com\/app\/uploads\/2025\/05\/200084_520px.jpg\",\"width\":520,\"height\":450,\"caption\":\"Foie gras de canard entier mi-cuit\"},{\"@type\":\"BreadcrumbList\",\"@id\":\"https:\/\/www.maison-occitane.com\/fr\/produit\/foie-gras-de-canard-entier-mi-cuit-france-barquette-150g\/#breadcrumb\",\"itemListElement\":[{\"@type\":\"ListItem\",\"position\":1,\"name\":\"Accueil\",\"item\":\"https:\/\/www.maison-occitane.com\/fr\/\"},{\"@type\":\"ListItem\",\"position\":2,\"name\":\"Produits\",\"item\":\"https:\/\/www.maison-occitane.com\/fr\/shop\/\"},{\"@type\":\"ListItem\",\"position\":3,\"name\":\"Foie gras\",\"item\":\"https:\/\/www.maison-occitane.com\/fr\/boutique\/foie-gras\/\"},{\"@type\":\"ListItem\",\"position\":4,\"name\":\"Foie gras mi-cuit\",\"item\":\"https:\/\/www.maison-occitane.com\/fr\/boutique\/foie-gras\/foie-gras-mi-cuit\/\"},{\"@type\":\"ListItem\",\"position\":5,\"name\":\"FOIE GRAS DE CANARD ENTIER MI-CUIT FRANCE\"}]},{\"@type\":\"WebSite\",\"@id\":\"https:\/\/www.maison-occitane.com\/fr\/#website\",\"url\":\"https:\/\/www.maison-occitane.com\/fr\/\",\"name\":\"Maison Occitane\",\"description\":\"\",\"potentialAction\":[{\"@type\":\"SearchAction\",\"target\":{\"@type\":\"EntryPoint\",\"urlTemplate\":\"https:\/\/www.maison-occitane.com\/fr\/?s={search_term_string}\"},\"query-input\":{\"@type\":\"PropertyValueSpecification\",\"valueRequired\":true,\"valueName\":\"search_term_string\"}}],\"inLanguage\":\"fr-FR\"}]}<\/script>\n<!-- \/ Yoast SEO plugin. -->","yoast_head_json":{"title":"FOIE GRAS DE CANARD ENTIER MI-CUIT FRANCE - Maison Occitane","description":"Foie gras de canard entier mi-cuit 150g, un produit d\u2019exception issu de nos producteurs fran\u00e7ais. Texture fondante, go\u00fbt authentique, pr\u00eat \u00e0 d\u00e9guster. Vente directe en ligne.","robots":{"index":"index","follow":"follow","max-snippet":"max-snippet:-1","max-image-preview":"max-image-preview:large","max-video-preview":"max-video-preview:-1"},"canonical":"https:\/\/www.maison-occitane.com\/fr\/produit\/foie-gras-de-canard-entier-mi-cuit-france-barquette-150g\/","og_locale":"fr_FR","og_type":"article","og_title":"FOIE GRAS DE CANARD ENTIER MI-CUIT FRANCE - Maison Occitane","og_description":"Foie gras de canard entier mi-cuit 150g, un produit d\u2019exception issu de nos producteurs fran\u00e7ais. Texture fondante, go\u00fbt authentique, pr\u00eat \u00e0 d\u00e9guster. Vente directe en ligne.","og_url":"https:\/\/www.maison-occitane.com\/fr\/produit\/foie-gras-de-canard-entier-mi-cuit-france-barquette-150g\/","og_site_name":"Maison Occitane","article_modified_time":"2026-02-13T07:38:16+00:00","og_image":[{"width":520,"height":450,"url":"https:\/\/www.maison-occitane.com\/app\/uploads\/2025\/05\/200084_520px.jpg","type":"image\/jpeg"}],"twitter_card":"summary_large_image","twitter_misc":{"Dur\u00e9e de lecture estim\u00e9e":"2 minutes"},"schema":{"@context":"https:\/\/schema.org","@graph":[{"@type":"WebPage","@id":"https:\/\/www.maison-occitane.com\/fr\/produit\/foie-gras-de-canard-entier-mi-cuit-france-barquette-150g\/","url":"https:\/\/www.maison-occitane.com\/fr\/produit\/foie-gras-de-canard-entier-mi-cuit-france-barquette-150g\/","name":"FOIE GRAS DE CANARD ENTIER MI-CUIT FRANCE - Maison Occitane","isPartOf":{"@id":"https:\/\/www.maison-occitane.com\/fr\/#website"},"primaryImageOfPage":{"@id":"https:\/\/www.maison-occitane.com\/fr\/produit\/foie-gras-de-canard-entier-mi-cuit-france-barquette-150g\/#primaryimage"},"image":{"@id":"https:\/\/www.maison-occitane.com\/fr\/produit\/foie-gras-de-canard-entier-mi-cuit-france-barquette-150g\/#primaryimage"},"thumbnailUrl":"https:\/\/www.maison-occitane.com\/app\/uploads\/2025\/05\/200084_520px.jpg","datePublished":"2025-05-05T06:50:45+00:00","dateModified":"2026-02-13T07:38:16+00:00","description":"Foie gras de canard entier mi-cuit 150g, un produit d\u2019exception issu de nos producteurs fran\u00e7ais. Texture fondante, go\u00fbt authentique, pr\u00eat \u00e0 d\u00e9guster. Vente directe en ligne.","breadcrumb":{"@id":"https:\/\/www.maison-occitane.com\/fr\/produit\/foie-gras-de-canard-entier-mi-cuit-france-barquette-150g\/#breadcrumb"},"inLanguage":"fr-FR","potentialAction":[{"@type":"ReadAction","target":["https:\/\/www.maison-occitane.com\/fr\/produit\/foie-gras-de-canard-entier-mi-cuit-france-barquette-150g\/"]}]},{"@type":"ImageObject","inLanguage":"fr-FR","@id":"https:\/\/www.maison-occitane.com\/fr\/produit\/foie-gras-de-canard-entier-mi-cuit-france-barquette-150g\/#primaryimage","url":"https:\/\/www.maison-occitane.com\/app\/uploads\/2025\/05\/200084_520px.jpg","contentUrl":"https:\/\/www.maison-occitane.com\/app\/uploads\/2025\/05\/200084_520px.jpg","width":520,"height":450,"caption":"Foie gras de canard entier mi-cuit"},{"@type":"BreadcrumbList","@id":"https:\/\/www.maison-occitane.com\/fr\/produit\/foie-gras-de-canard-entier-mi-cuit-france-barquette-150g\/#breadcrumb","itemListElement":[{"@type":"ListItem","position":1,"name":"Accueil","item":"https:\/\/www.maison-occitane.com\/fr\/"},{"@type":"ListItem","position":2,"name":"Produits","item":"https:\/\/www.maison-occitane.com\/fr\/shop\/"},{"@type":"ListItem","position":3,"name":"Foie gras","item":"https:\/\/www.maison-occitane.com\/fr\/boutique\/foie-gras\/"},{"@type":"ListItem","position":4,"name":"Foie gras mi-cuit","item":"https:\/\/www.maison-occitane.com\/fr\/boutique\/foie-gras\/foie-gras-mi-cuit\/"},{"@type":"ListItem","position":5,"name":"FOIE GRAS DE CANARD ENTIER MI-CUIT FRANCE"}]},{"@type":"WebSite","@id":"https:\/\/www.maison-occitane.com\/fr\/#website","url":"https:\/\/www.maison-occitane.com\/fr\/","name":"Maison Occitane","description":"","potentialAction":[{"@type":"SearchAction","target":{"@type":"EntryPoint","urlTemplate":"https:\/\/www.maison-occitane.com\/fr\/?s={search_term_string}"},"query-input":{"@type":"PropertyValueSpecification","valueRequired":true,"valueName":"search_term_string"}}],"inLanguage":"fr-FR"}]}},"_links":{"self":[{"href":"https:\/\/www.maison-occitane.com\/fr\/wp-json\/wp\/v2\/product\/3566","targetHints":{"allow":["GET"]}}],"collection":[{"href":"https:\/\/www.maison-occitane.com\/fr\/wp-json\/wp\/v2\/product"}],"about":[{"href":"https:\/\/www.maison-occitane.com\/fr\/wp-json\/wp\/v2\/types\/product"}],"replies":[{"embeddable":true,"href":"https:\/\/www.maison-occitane.com\/fr\/wp-json\/wp\/v2\/comments?post=3566"}],"wp:featuredmedia":[{"embeddable":true,"href":"https:\/\/www.maison-occitane.com\/fr\/wp-json\/wp\/v2\/media\/4191"}],"wp:attachment":[{"href":"https:\/\/www.maison-occitane.com\/fr\/wp-json\/wp\/v2\/media?parent=3566"}],"wp:term":[{"taxonomy":"product_cat","embeddable":true,"href":"https:\/\/www.maison-occitane.com\/fr\/wp-json\/wp\/v2\/product_cat?post=3566"},{"taxonomy":"product_tag","embeddable":true,"href":"https:\/\/www.maison-occitane.com\/fr\/wp-json\/wp\/v2\/product_tag?post=3566"},{"taxonomy":"product_origine","embeddable":true,"href":"https:\/\/www.maison-occitane.com\/fr\/wp-json\/wp\/v2\/origines?post=3566"},{"taxonomy":"label_qualite","embeddable":true,"href":"https:\/\/www.maison-occitane.com\/fr\/wp-json\/wp\/v2\/labels-qualite?post=3566"}],"curies":[{"name":"wp","href":"https:\/\/api.w.org\/{rel}","templated":true}]}}