{"id":3559,"date":"2025-05-05T08:50:44","date_gmt":"2025-05-05T06:50:44","guid":{"rendered":"http:\/\/localhost:8080\/non%20class\u00e9\/complices\/"},"modified":"2026-04-16T14:08:29","modified_gmt":"2026-04-16T12:08:29","slug":"complices","status":"publish","type":"product","link":"https:\/\/www.maison-occitane.com\/fr\/produit\/complices\/","title":{"rendered":"COMPLICES DE FOIE GRAS"},"content":{"rendered":"<p data-start=\"584\" data-end=\"678\"><strong data-start=\"584\" data-end=\"676\">Coffret \u00ab\u00a0Complices de Foie Gras\u00a0\u00bb , Un duo de caract\u00e8re pour une attention pleine de go\u00fbt<\/strong><\/p>\n<p data-start=\"680\" data-end=\"840\">Offrir ce coffret, c\u2019est faire bien plus qu\u2019un simple pr\u00e9sent : c\u2019est partager un instant de plaisir authentique, une escapade gourmande au c\u0153ur du Sud-Ouest.<\/p>\n<p><a href=\"https:\/\/www.maison-occitane.com\/fr\/boutique\/foie-gras\/\"><strong>Un foie gras de canard entier IGP Sud-Ouest<\/strong><\/a><\/p>\n<p>Nos foies gras de canard entier du Sud-Ouest en conserve sont \u00e9labor\u00e9s avec de beaux foies gras tous particuli\u00e8rement s\u00e9lectionn\u00e9s pour un go\u00fbt affirm\u00e9 et une onctuosit\u00e9, dans le pur respect des traditions. Tous nos foies gras entier du Sud-Ouest sont fabriqu\u00e9s \u00e0 base de canards b\u00e9n\u00e9ficiant de l\u2019Indication G\u00e9ographique Prot\u00e9g\u00e9e Sud-Ouest (IGP). L\u2019IGP Sud-Ouest est l\u2019assurance d\u2019une qualit\u00e9 fid\u00e8le \u00e0 la tradition culinaire du Sud-Ouest et \u00e0 sa r\u00e9putation. Depuis 1975, nos producteurs \u00e9l\u00e8vent nos canards dans les plus pures traditions de notre r\u00e9gion afin de vous transmettre un peu de notre terroir et vous proposer des produits d\u2019une exceptionnelle qualit\u00e9. Un peu de poivre, un peu de sel et la magie op\u00e8re.<\/p>\n<p><a href=\"https:\/\/www.maison-occitane.com\/fr\/produit\/confit-de-figues-bocal-100g\/\"><strong data-start=\"1325\" data-end=\"1356\">Un confit de figues<\/strong><\/a><\/p>\n<p>Riche en morceaux fondants, ce confit traditionnel marie douceur sucr\u00e9e et pointe sal\u00e9e pour sublimer le foie gras avec \u00e9l\u00e9gance. Fruit embl\u00e9matique du Sud de la France, la figue y d\u00e9voile toute sa richesse et son parfum.<\/p>\n<p>Un coffret id\u00e9al \u00e0 offrir ou \u00e0 s\u2019offrir, qui incarne l\u2019art de vivre \u00e0 la fran\u00e7aise, la g\u00e9n\u00e9rosit\u00e9 du terroir et le plaisir de recevoir. Une petite attention parfaite pour les f\u00eates, un anniversaire ou tout simplement pour dire merci.<\/p>\n<p><span style=\"color: #f29400;\"><strong>Nombre de parts : <\/strong><\/span>\u00a0130g\u21922\/3 parts<\/p>\n<p>Les foies gras \u00ab en conserve \u00bb peuvent rester de 18 mois \u00e0 4 ans \u00e0 temp\u00e9rature ambiante.<\/p>\n","protected":false},"excerpt":{"rendered":"<p><span class=\"notion-enable-hover\" data-token-index=\"0\">Un duo complice et raffin\u00e9 : ce coffret gourmand du Sud-Ouest est compos\u00e9 d&rsquo;un foie gras de canard entier du ICP Sud-Ouest et de son acolyte confit de figues.Pour une alliance parfaite entre la gourmandise de la figue et la douceur du foie gras.\u00a0<\/span>Un coffret pr\u00eat \u00e0 offrir, pour des instants tout en gourmandise.<\/p>\n","protected":false},"featured_media":94726,"comment_status":"open","ping_status":"closed","template":"","meta":{"_acf_changed":false},"product_cat":[772],"product_tag":[],"origines":[797],"labels-qualite":[],"class_list":{"0":"post-3559","1":"product","2":"type-product","3":"status-publish","4":"has-post-thumbnail","6":"product_brand-maison-occitane","7":"product_cat-coffrets-cadeaux","8":"product_origine-igp-du-sud-ouest","10":"first","11":"instock","12":"taxable","13":"shipping-taxable","14":"purchasable","15":"product-type-simple","16":"add-to-wishlist-before_image"},"acf":[],"yoast_head":"<!-- This site is optimized with the Yoast SEO plugin v24.9 - https:\/\/yoast.com\/wordpress\/plugins\/seo\/ -->\n<title>COMPLICES DE FOIE GRAS - Maison Occitane<\/title>\n<meta name=\"description\" content=\"Offrez un coffret gourmand du Sud-Ouest : foie gras IGP et confit de figues. Une alliance raffin\u00e9e, parfaite pour une petite attention pleine de go\u00fbt.\" \/>\n<meta name=\"robots\" content=\"index, follow, max-snippet:-1, max-image-preview:large, max-video-preview:-1\" \/>\n<link rel=\"canonical\" href=\"https:\/\/www.maison-occitane.com\/fr\/produit\/complices\/\" \/>\n<meta property=\"og:locale\" content=\"fr_FR\" \/>\n<meta property=\"og:type\" content=\"article\" \/>\n<meta property=\"og:title\" content=\"COMPLICES DE FOIE GRAS - Maison Occitane\" \/>\n<meta property=\"og:description\" content=\"Offrez un coffret gourmand du Sud-Ouest : foie gras IGP et confit de figues. Une alliance raffin\u00e9e, parfaite pour une petite attention pleine de go\u00fbt.\" \/>\n<meta property=\"og:url\" content=\"https:\/\/www.maison-occitane.com\/fr\/produit\/complices\/\" \/>\n<meta property=\"og:site_name\" content=\"Maison Occitane\" \/>\n<meta property=\"article:modified_time\" content=\"2026-04-16T12:08:29+00:00\" \/>\n<meta property=\"og:image\" content=\"https:\/\/www.maison-occitane.com\/app\/uploads\/2025\/05\/complice-1000x1000-1.jpg\" \/>\n\t<meta property=\"og:image:width\" content=\"1448\" \/>\n\t<meta property=\"og:image:height\" content=\"1347\" \/>\n\t<meta property=\"og:image:type\" content=\"image\/jpeg\" \/>\n<meta name=\"twitter:card\" content=\"summary_large_image\" \/>\n<meta name=\"twitter:label1\" content=\"Dur\u00e9e de lecture estim\u00e9e\" \/>\n\t<meta name=\"twitter:data1\" content=\"2 minutes\" \/>\n<script type=\"application\/ld+json\" class=\"yoast-schema-graph\">{\"@context\":\"https:\/\/schema.org\",\"@graph\":[{\"@type\":\"WebPage\",\"@id\":\"https:\/\/www.maison-occitane.com\/fr\/produit\/complices\/\",\"url\":\"https:\/\/www.maison-occitane.com\/fr\/produit\/complices\/\",\"name\":\"COMPLICES DE FOIE GRAS - Maison Occitane\",\"isPartOf\":{\"@id\":\"https:\/\/www.maison-occitane.com\/fr\/#website\"},\"primaryImageOfPage\":{\"@id\":\"https:\/\/www.maison-occitane.com\/fr\/produit\/complices\/#primaryimage\"},\"image\":{\"@id\":\"https:\/\/www.maison-occitane.com\/fr\/produit\/complices\/#primaryimage\"},\"thumbnailUrl\":\"https:\/\/www.maison-occitane.com\/app\/uploads\/2025\/05\/complice-1000x1000-1.jpg\",\"datePublished\":\"2025-05-05T06:50:44+00:00\",\"dateModified\":\"2026-04-16T12:08:29+00:00\",\"description\":\"Offrez un coffret gourmand du Sud-Ouest : foie gras IGP et confit de figues. Une alliance raffin\u00e9e, parfaite pour une petite attention pleine de go\u00fbt.\",\"breadcrumb\":{\"@id\":\"https:\/\/www.maison-occitane.com\/fr\/produit\/complices\/#breadcrumb\"},\"inLanguage\":\"fr-FR\",\"potentialAction\":[{\"@type\":\"ReadAction\",\"target\":[\"https:\/\/www.maison-occitane.com\/fr\/produit\/complices\/\"]}]},{\"@type\":\"ImageObject\",\"inLanguage\":\"fr-FR\",\"@id\":\"https:\/\/www.maison-occitane.com\/fr\/produit\/complices\/#primaryimage\",\"url\":\"https:\/\/www.maison-occitane.com\/app\/uploads\/2025\/05\/complice-1000x1000-1.jpg\",\"contentUrl\":\"https:\/\/www.maison-occitane.com\/app\/uploads\/2025\/05\/complice-1000x1000-1.jpg\",\"width\":1448,\"height\":1347},{\"@type\":\"BreadcrumbList\",\"@id\":\"https:\/\/www.maison-occitane.com\/fr\/produit\/complices\/#breadcrumb\",\"itemListElement\":[{\"@type\":\"ListItem\",\"position\":1,\"name\":\"Accueil\",\"item\":\"https:\/\/www.maison-occitane.com\/fr\/\"},{\"@type\":\"ListItem\",\"position\":2,\"name\":\"Produits\",\"item\":\"https:\/\/www.maison-occitane.com\/fr\/shop\/\"},{\"@type\":\"ListItem\",\"position\":3,\"name\":\"Coffrets cadeaux gourmands\",\"item\":\"https:\/\/www.maison-occitane.com\/fr\/boutique\/coffrets-cadeaux\/\"},{\"@type\":\"ListItem\",\"position\":4,\"name\":\"COMPLICES DE FOIE GRAS\"}]},{\"@type\":\"WebSite\",\"@id\":\"https:\/\/www.maison-occitane.com\/fr\/#website\",\"url\":\"https:\/\/www.maison-occitane.com\/fr\/\",\"name\":\"Maison Occitane\",\"description\":\"\",\"potentialAction\":[{\"@type\":\"SearchAction\",\"target\":{\"@type\":\"EntryPoint\",\"urlTemplate\":\"https:\/\/www.maison-occitane.com\/fr\/?s={search_term_string}\"},\"query-input\":{\"@type\":\"PropertyValueSpecification\",\"valueRequired\":true,\"valueName\":\"search_term_string\"}}],\"inLanguage\":\"fr-FR\"}]}<\/script>\n<!-- \/ Yoast SEO plugin. -->","yoast_head_json":{"title":"COMPLICES DE FOIE GRAS - Maison Occitane","description":"Offrez un coffret gourmand du Sud-Ouest : foie gras IGP et confit de figues. Une alliance raffin\u00e9e, parfaite pour une petite attention pleine de go\u00fbt.","robots":{"index":"index","follow":"follow","max-snippet":"max-snippet:-1","max-image-preview":"max-image-preview:large","max-video-preview":"max-video-preview:-1"},"canonical":"https:\/\/www.maison-occitane.com\/fr\/produit\/complices\/","og_locale":"fr_FR","og_type":"article","og_title":"COMPLICES DE FOIE GRAS - Maison Occitane","og_description":"Offrez un coffret gourmand du Sud-Ouest : foie gras IGP et confit de figues. Une alliance raffin\u00e9e, parfaite pour une petite attention pleine de go\u00fbt.","og_url":"https:\/\/www.maison-occitane.com\/fr\/produit\/complices\/","og_site_name":"Maison Occitane","article_modified_time":"2026-04-16T12:08:29+00:00","og_image":[{"width":1448,"height":1347,"url":"https:\/\/www.maison-occitane.com\/app\/uploads\/2025\/05\/complice-1000x1000-1.jpg","type":"image\/jpeg"}],"twitter_card":"summary_large_image","twitter_misc":{"Dur\u00e9e de lecture estim\u00e9e":"2 minutes"},"schema":{"@context":"https:\/\/schema.org","@graph":[{"@type":"WebPage","@id":"https:\/\/www.maison-occitane.com\/fr\/produit\/complices\/","url":"https:\/\/www.maison-occitane.com\/fr\/produit\/complices\/","name":"COMPLICES DE FOIE GRAS - Maison Occitane","isPartOf":{"@id":"https:\/\/www.maison-occitane.com\/fr\/#website"},"primaryImageOfPage":{"@id":"https:\/\/www.maison-occitane.com\/fr\/produit\/complices\/#primaryimage"},"image":{"@id":"https:\/\/www.maison-occitane.com\/fr\/produit\/complices\/#primaryimage"},"thumbnailUrl":"https:\/\/www.maison-occitane.com\/app\/uploads\/2025\/05\/complice-1000x1000-1.jpg","datePublished":"2025-05-05T06:50:44+00:00","dateModified":"2026-04-16T12:08:29+00:00","description":"Offrez un coffret gourmand du Sud-Ouest : foie gras IGP et confit de figues. Une alliance raffin\u00e9e, parfaite pour une petite attention pleine de go\u00fbt.","breadcrumb":{"@id":"https:\/\/www.maison-occitane.com\/fr\/produit\/complices\/#breadcrumb"},"inLanguage":"fr-FR","potentialAction":[{"@type":"ReadAction","target":["https:\/\/www.maison-occitane.com\/fr\/produit\/complices\/"]}]},{"@type":"ImageObject","inLanguage":"fr-FR","@id":"https:\/\/www.maison-occitane.com\/fr\/produit\/complices\/#primaryimage","url":"https:\/\/www.maison-occitane.com\/app\/uploads\/2025\/05\/complice-1000x1000-1.jpg","contentUrl":"https:\/\/www.maison-occitane.com\/app\/uploads\/2025\/05\/complice-1000x1000-1.jpg","width":1448,"height":1347},{"@type":"BreadcrumbList","@id":"https:\/\/www.maison-occitane.com\/fr\/produit\/complices\/#breadcrumb","itemListElement":[{"@type":"ListItem","position":1,"name":"Accueil","item":"https:\/\/www.maison-occitane.com\/fr\/"},{"@type":"ListItem","position":2,"name":"Produits","item":"https:\/\/www.maison-occitane.com\/fr\/shop\/"},{"@type":"ListItem","position":3,"name":"Coffrets cadeaux gourmands","item":"https:\/\/www.maison-occitane.com\/fr\/boutique\/coffrets-cadeaux\/"},{"@type":"ListItem","position":4,"name":"COMPLICES DE FOIE GRAS"}]},{"@type":"WebSite","@id":"https:\/\/www.maison-occitane.com\/fr\/#website","url":"https:\/\/www.maison-occitane.com\/fr\/","name":"Maison Occitane","description":"","potentialAction":[{"@type":"SearchAction","target":{"@type":"EntryPoint","urlTemplate":"https:\/\/www.maison-occitane.com\/fr\/?s={search_term_string}"},"query-input":{"@type":"PropertyValueSpecification","valueRequired":true,"valueName":"search_term_string"}}],"inLanguage":"fr-FR"}]}},"_links":{"self":[{"href":"https:\/\/www.maison-occitane.com\/fr\/wp-json\/wp\/v2\/product\/3559","targetHints":{"allow":["GET"]}}],"collection":[{"href":"https:\/\/www.maison-occitane.com\/fr\/wp-json\/wp\/v2\/product"}],"about":[{"href":"https:\/\/www.maison-occitane.com\/fr\/wp-json\/wp\/v2\/types\/product"}],"replies":[{"embeddable":true,"href":"https:\/\/www.maison-occitane.com\/fr\/wp-json\/wp\/v2\/comments?post=3559"}],"wp:featuredmedia":[{"embeddable":true,"href":"https:\/\/www.maison-occitane.com\/fr\/wp-json\/wp\/v2\/media\/94726"}],"wp:attachment":[{"href":"https:\/\/www.maison-occitane.com\/fr\/wp-json\/wp\/v2\/media?parent=3559"}],"wp:term":[{"taxonomy":"product_cat","embeddable":true,"href":"https:\/\/www.maison-occitane.com\/fr\/wp-json\/wp\/v2\/product_cat?post=3559"},{"taxonomy":"product_tag","embeddable":true,"href":"https:\/\/www.maison-occitane.com\/fr\/wp-json\/wp\/v2\/product_tag?post=3559"},{"taxonomy":"product_origine","embeddable":true,"href":"https:\/\/www.maison-occitane.com\/fr\/wp-json\/wp\/v2\/origines?post=3559"},{"taxonomy":"label_qualite","embeddable":true,"href":"https:\/\/www.maison-occitane.com\/fr\/wp-json\/wp\/v2\/labels-qualite?post=3559"}],"curies":[{"name":"wp","href":"https:\/\/api.w.org\/{rel}","templated":true}]}}