{"id":3557,"date":"2025-05-05T08:50:44","date_gmt":"2025-05-05T06:50:44","guid":{"rendered":"http:\/\/localhost:8080\/non%20class\u00e9\/papillote-lotoise-lot-5-boites-de-65g\/"},"modified":"2026-04-10T14:24:47","modified_gmt":"2026-04-10T12:24:47","slug":"papillote-lotoise-lot-5-boites-de-65g","status":"publish","type":"product","link":"https:\/\/www.maison-occitane.com\/fr\/produit\/papillote-lotoise-lot-5-boites-de-65g\/","title":{"rendered":"PAPILLOTE LOTOISE"},"content":{"rendered":"<p><strong><span class=\"link-annotation-unknown-block-id-1918568255\">Coffret \u00ab\u00a0Papillote Lotoise\u00a0\u00bb \u2013 Un concentr\u00e9 du Sud-Ouest en 5 bouch\u00e9es gourmandes<\/span><\/strong><\/p>\n<p><span class=\"link-annotation-unknown-block-id-1918568255\">Faire d\u00e9couvrir les sp\u00e9cialit\u00e9s culinaires du Sud-Ouest avec ce petit coffret<\/span>\u00a0\u00e0 vos amis ou m\u00eame pour remercier votre voisin d\u2019avoir gard\u00e9 votre chien pendant les vacances, remercier la nounou, l&rsquo;entra\u00eeneur de foot ou m\u00eame le prof de musique !<\/p>\n<p>Dans ce coffret gourmand, d\u00e9couvrez :<\/p>\n<p><strong data-start=\"1007\" data-end=\"1058\"><a href=\"https:\/\/www.maison-occitane.com\/fr\/boutique\/foie-gras\/foie-gras-en-conserve\/\">Bloc de foie gras de canard IGP Sud-Ouest<\/a> : <\/strong>Onctueux, d\u00e9licat et savoureux, ce bloc de foie gras r\u00e9v\u00e8le tout le caract\u00e8re des canards du Sud-Ouest, \u00e9lev\u00e9s dans le respect des traditions. Id\u00e9al \u00e0 l\u2019ap\u00e9ritif ou en entr\u00e9e sur des toasts, accompagn\u00e9 d\u2019un confit ou d\u2019un vin moelleux.<\/p>\n<p><a href=\"https:\/\/www.maison-occitane.com\/fr\/produit\/rillettes-canard-sud-ouest-au-foie-canard-20-fc-verrine\/\"><strong data-start=\"1302\" data-end=\"1346\">Rillettes pur canard IGP Sud-Ouest : <\/strong><\/a>Cette recette authentique vous plonge dans l\u2019univers du canard confit. Une texture fondante et un go\u00fbt sinc\u00e8re, parfaits pour un pique-nique gourmand ou un ap\u00e9ro entre amis.<\/p>\n<p><a href=\"https:\/\/www.maison-occitane.com\/fr\/boutique\/terrines-et-rillettes\/rillettes\/\"><strong data-start=\"1582\" data-end=\"1625\">Rillettes pur canard au foie gras : <\/strong><\/a>Encore plus fondantes et g\u00e9n\u00e9reuses, ces rillettes enrichies en foie gras offrent une exp\u00e9rience gustative intense. \u00c0 savourer sur du pain de campagne pour un moment simple et savoureux.<\/p>\n<p><a href=\"https:\/\/www.maison-occitane.com\/fr\/boutique\/specialites-du-sud-ouest\/pates-au-foie-gras-du-sud-ouest\/\"><strong data-start=\"1820\" data-end=\"1870\">P\u00e2t\u00e9 au foie gras de canard du Sud-Ouest : <\/strong><\/a>Une recette rustique et raffin\u00e9e, alliant le fondant du foie gras (20%) \u00e0 une viande de porc 100% fran\u00e7aise. Sans additif ni conservateur, pour une d\u00e9gustation tout en authenticit\u00e9.<\/p>\n<p><strong data-start=\"2060\" data-end=\"2105\">Tartinade de foie gras au Sauternes : <\/strong>Alliance raffin\u00e9e entre le foie gras de canard (40%) et la douceur fruit\u00e9e du Sauternes. Parfaite sur des toasts \u00e0 l\u2019ap\u00e9ritif pour un accord sucr\u00e9-sal\u00e9 tout en finesse.<\/p>\n<p>Ce coffret est l\u2019alli\u00e9 id\u00e9al pour tous vos petits cadeaux gourmands. Il incarne le plaisir d\u2019offrir, l\u2019\u00e9l\u00e9gance du Sud-Ouest et la g\u00e9n\u00e9rosit\u00e9 de son terroir.<\/p>\n","protected":false},"excerpt":{"rendered":"<p><span class=\"notion-enable-hover\" data-token-index=\"0\">Maison Occitane, a r\u00e9uni dans cette Papillote tout son savoir-faire issue de notre terroir le Lot. Du bloc de foie gras \u00e0 la rillettes pur canard sans oublier le p\u00e2t\u00e9 au foie gras, d\u00e9couvrez les recettes traditionnelles de notre terroir.\u00a0 5 d\u00e9lices du Sud-Ouest \u00e0 savourer ou offrir : foie gras, rillettes, p\u00e2t\u00e9, tartinade&#8230; Le cadeau id\u00e9al pour dire merci avec gourmandise.<\/span><\/p>\n","protected":false},"featured_media":4623,"comment_status":"open","ping_status":"closed","template":"","meta":{"_acf_changed":false},"product_cat":[772],"product_tag":[],"origines":[798,799],"labels-qualite":[],"class_list":{"0":"post-3557","1":"product","2":"type-product","3":"status-publish","4":"has-post-thumbnail","6":"product_brand-maison-occitane","7":"product_cat-coffrets-cadeaux","8":"product_origine-france","9":"product_origine-sud-ouest","11":"first","12":"instock","13":"taxable","14":"shipping-taxable","15":"purchasable","16":"product-type-simple","17":"add-to-wishlist-before_image"},"acf":[],"yoast_head":"<!-- This site is optimized with the Yoast SEO plugin v24.9 - https:\/\/yoast.com\/wordpress\/plugins\/seo\/ -->\n<title>PAPILLOTE LOTOISE - Maison Occitane<\/title>\n<meta name=\"description\" content=\"Un coffret 5 sp\u00e9cialit\u00e9s du Sud-Ouest \u00e0 offrir : foie gras, rillettes, p\u00e2t\u00e9s\u2026 Une petite attention gourmande pour faire plaisir en toute occasion.\" \/>\n<meta name=\"robots\" content=\"index, follow, max-snippet:-1, max-image-preview:large, max-video-preview:-1\" \/>\n<link rel=\"canonical\" href=\"https:\/\/www.maison-occitane.com\/fr\/produit\/papillote-lotoise-lot-5-boites-de-65g\/\" \/>\n<meta property=\"og:locale\" content=\"fr_FR\" \/>\n<meta property=\"og:type\" content=\"article\" \/>\n<meta property=\"og:title\" content=\"PAPILLOTE LOTOISE - Maison Occitane\" \/>\n<meta property=\"og:description\" content=\"Un coffret 5 sp\u00e9cialit\u00e9s du Sud-Ouest \u00e0 offrir : foie gras, rillettes, p\u00e2t\u00e9s\u2026 Une petite attention gourmande pour faire plaisir en toute occasion.\" \/>\n<meta property=\"og:url\" content=\"https:\/\/www.maison-occitane.com\/fr\/produit\/papillote-lotoise-lot-5-boites-de-65g\/\" \/>\n<meta property=\"og:site_name\" content=\"Maison Occitane\" \/>\n<meta property=\"article:modified_time\" content=\"2026-04-10T12:24:47+00:00\" \/>\n<meta property=\"og:image\" content=\"https:\/\/www.maison-occitane.com\/app\/uploads\/2025\/05\/9305_520px.jpg\" \/>\n\t<meta property=\"og:image:width\" content=\"520\" \/>\n\t<meta property=\"og:image:height\" content=\"450\" \/>\n\t<meta property=\"og:image:type\" content=\"image\/jpeg\" \/>\n<meta name=\"twitter:card\" content=\"summary_large_image\" \/>\n<meta name=\"twitter:label1\" content=\"Dur\u00e9e de lecture estim\u00e9e\" \/>\n\t<meta name=\"twitter:data1\" content=\"2 minutes\" \/>\n<script type=\"application\/ld+json\" class=\"yoast-schema-graph\">{\"@context\":\"https:\/\/schema.org\",\"@graph\":[{\"@type\":\"WebPage\",\"@id\":\"https:\/\/www.maison-occitane.com\/fr\/produit\/papillote-lotoise-lot-5-boites-de-65g\/\",\"url\":\"https:\/\/www.maison-occitane.com\/fr\/produit\/papillote-lotoise-lot-5-boites-de-65g\/\",\"name\":\"PAPILLOTE LOTOISE - Maison Occitane\",\"isPartOf\":{\"@id\":\"https:\/\/www.maison-occitane.com\/fr\/#website\"},\"primaryImageOfPage\":{\"@id\":\"https:\/\/www.maison-occitane.com\/fr\/produit\/papillote-lotoise-lot-5-boites-de-65g\/#primaryimage\"},\"image\":{\"@id\":\"https:\/\/www.maison-occitane.com\/fr\/produit\/papillote-lotoise-lot-5-boites-de-65g\/#primaryimage\"},\"thumbnailUrl\":\"https:\/\/www.maison-occitane.com\/app\/uploads\/2025\/05\/9305_520px.jpg\",\"datePublished\":\"2025-05-05T06:50:44+00:00\",\"dateModified\":\"2026-04-10T12:24:47+00:00\",\"description\":\"Un coffret 5 sp\u00e9cialit\u00e9s du Sud-Ouest \u00e0 offrir : foie gras, rillettes, p\u00e2t\u00e9s\u2026 Une petite attention gourmande pour faire plaisir en toute occasion.\",\"breadcrumb\":{\"@id\":\"https:\/\/www.maison-occitane.com\/fr\/produit\/papillote-lotoise-lot-5-boites-de-65g\/#breadcrumb\"},\"inLanguage\":\"fr-FR\",\"potentialAction\":[{\"@type\":\"ReadAction\",\"target\":[\"https:\/\/www.maison-occitane.com\/fr\/produit\/papillote-lotoise-lot-5-boites-de-65g\/\"]}]},{\"@type\":\"ImageObject\",\"inLanguage\":\"fr-FR\",\"@id\":\"https:\/\/www.maison-occitane.com\/fr\/produit\/papillote-lotoise-lot-5-boites-de-65g\/#primaryimage\",\"url\":\"https:\/\/www.maison-occitane.com\/app\/uploads\/2025\/05\/9305_520px.jpg\",\"contentUrl\":\"https:\/\/www.maison-occitane.com\/app\/uploads\/2025\/05\/9305_520px.jpg\",\"width\":520,\"height\":450,\"caption\":\"Papillote Lotoise\"},{\"@type\":\"BreadcrumbList\",\"@id\":\"https:\/\/www.maison-occitane.com\/fr\/produit\/papillote-lotoise-lot-5-boites-de-65g\/#breadcrumb\",\"itemListElement\":[{\"@type\":\"ListItem\",\"position\":1,\"name\":\"Accueil\",\"item\":\"https:\/\/www.maison-occitane.com\/fr\/\"},{\"@type\":\"ListItem\",\"position\":2,\"name\":\"Produits\",\"item\":\"https:\/\/www.maison-occitane.com\/fr\/shop\/\"},{\"@type\":\"ListItem\",\"position\":3,\"name\":\"Coffrets cadeaux gourmands\",\"item\":\"https:\/\/www.maison-occitane.com\/fr\/boutique\/coffrets-cadeaux\/\"},{\"@type\":\"ListItem\",\"position\":4,\"name\":\"PAPILLOTE LOTOISE\"}]},{\"@type\":\"WebSite\",\"@id\":\"https:\/\/www.maison-occitane.com\/fr\/#website\",\"url\":\"https:\/\/www.maison-occitane.com\/fr\/\",\"name\":\"Maison Occitane\",\"description\":\"\",\"potentialAction\":[{\"@type\":\"SearchAction\",\"target\":{\"@type\":\"EntryPoint\",\"urlTemplate\":\"https:\/\/www.maison-occitane.com\/fr\/?s={search_term_string}\"},\"query-input\":{\"@type\":\"PropertyValueSpecification\",\"valueRequired\":true,\"valueName\":\"search_term_string\"}}],\"inLanguage\":\"fr-FR\"}]}<\/script>\n<!-- \/ Yoast SEO plugin. -->","yoast_head_json":{"title":"PAPILLOTE LOTOISE - Maison Occitane","description":"Un coffret 5 sp\u00e9cialit\u00e9s du Sud-Ouest \u00e0 offrir : foie gras, rillettes, p\u00e2t\u00e9s\u2026 Une petite attention gourmande pour faire plaisir en toute occasion.","robots":{"index":"index","follow":"follow","max-snippet":"max-snippet:-1","max-image-preview":"max-image-preview:large","max-video-preview":"max-video-preview:-1"},"canonical":"https:\/\/www.maison-occitane.com\/fr\/produit\/papillote-lotoise-lot-5-boites-de-65g\/","og_locale":"fr_FR","og_type":"article","og_title":"PAPILLOTE LOTOISE - Maison Occitane","og_description":"Un coffret 5 sp\u00e9cialit\u00e9s du Sud-Ouest \u00e0 offrir : foie gras, rillettes, p\u00e2t\u00e9s\u2026 Une petite attention gourmande pour faire plaisir en toute occasion.","og_url":"https:\/\/www.maison-occitane.com\/fr\/produit\/papillote-lotoise-lot-5-boites-de-65g\/","og_site_name":"Maison Occitane","article_modified_time":"2026-04-10T12:24:47+00:00","og_image":[{"width":520,"height":450,"url":"https:\/\/www.maison-occitane.com\/app\/uploads\/2025\/05\/9305_520px.jpg","type":"image\/jpeg"}],"twitter_card":"summary_large_image","twitter_misc":{"Dur\u00e9e de lecture estim\u00e9e":"2 minutes"},"schema":{"@context":"https:\/\/schema.org","@graph":[{"@type":"WebPage","@id":"https:\/\/www.maison-occitane.com\/fr\/produit\/papillote-lotoise-lot-5-boites-de-65g\/","url":"https:\/\/www.maison-occitane.com\/fr\/produit\/papillote-lotoise-lot-5-boites-de-65g\/","name":"PAPILLOTE LOTOISE - Maison Occitane","isPartOf":{"@id":"https:\/\/www.maison-occitane.com\/fr\/#website"},"primaryImageOfPage":{"@id":"https:\/\/www.maison-occitane.com\/fr\/produit\/papillote-lotoise-lot-5-boites-de-65g\/#primaryimage"},"image":{"@id":"https:\/\/www.maison-occitane.com\/fr\/produit\/papillote-lotoise-lot-5-boites-de-65g\/#primaryimage"},"thumbnailUrl":"https:\/\/www.maison-occitane.com\/app\/uploads\/2025\/05\/9305_520px.jpg","datePublished":"2025-05-05T06:50:44+00:00","dateModified":"2026-04-10T12:24:47+00:00","description":"Un coffret 5 sp\u00e9cialit\u00e9s du Sud-Ouest \u00e0 offrir : foie gras, rillettes, p\u00e2t\u00e9s\u2026 Une petite attention gourmande pour faire plaisir en toute occasion.","breadcrumb":{"@id":"https:\/\/www.maison-occitane.com\/fr\/produit\/papillote-lotoise-lot-5-boites-de-65g\/#breadcrumb"},"inLanguage":"fr-FR","potentialAction":[{"@type":"ReadAction","target":["https:\/\/www.maison-occitane.com\/fr\/produit\/papillote-lotoise-lot-5-boites-de-65g\/"]}]},{"@type":"ImageObject","inLanguage":"fr-FR","@id":"https:\/\/www.maison-occitane.com\/fr\/produit\/papillote-lotoise-lot-5-boites-de-65g\/#primaryimage","url":"https:\/\/www.maison-occitane.com\/app\/uploads\/2025\/05\/9305_520px.jpg","contentUrl":"https:\/\/www.maison-occitane.com\/app\/uploads\/2025\/05\/9305_520px.jpg","width":520,"height":450,"caption":"Papillote Lotoise"},{"@type":"BreadcrumbList","@id":"https:\/\/www.maison-occitane.com\/fr\/produit\/papillote-lotoise-lot-5-boites-de-65g\/#breadcrumb","itemListElement":[{"@type":"ListItem","position":1,"name":"Accueil","item":"https:\/\/www.maison-occitane.com\/fr\/"},{"@type":"ListItem","position":2,"name":"Produits","item":"https:\/\/www.maison-occitane.com\/fr\/shop\/"},{"@type":"ListItem","position":3,"name":"Coffrets cadeaux gourmands","item":"https:\/\/www.maison-occitane.com\/fr\/boutique\/coffrets-cadeaux\/"},{"@type":"ListItem","position":4,"name":"PAPILLOTE LOTOISE"}]},{"@type":"WebSite","@id":"https:\/\/www.maison-occitane.com\/fr\/#website","url":"https:\/\/www.maison-occitane.com\/fr\/","name":"Maison Occitane","description":"","potentialAction":[{"@type":"SearchAction","target":{"@type":"EntryPoint","urlTemplate":"https:\/\/www.maison-occitane.com\/fr\/?s={search_term_string}"},"query-input":{"@type":"PropertyValueSpecification","valueRequired":true,"valueName":"search_term_string"}}],"inLanguage":"fr-FR"}]}},"_links":{"self":[{"href":"https:\/\/www.maison-occitane.com\/fr\/wp-json\/wp\/v2\/product\/3557","targetHints":{"allow":["GET"]}}],"collection":[{"href":"https:\/\/www.maison-occitane.com\/fr\/wp-json\/wp\/v2\/product"}],"about":[{"href":"https:\/\/www.maison-occitane.com\/fr\/wp-json\/wp\/v2\/types\/product"}],"replies":[{"embeddable":true,"href":"https:\/\/www.maison-occitane.com\/fr\/wp-json\/wp\/v2\/comments?post=3557"}],"wp:featuredmedia":[{"embeddable":true,"href":"https:\/\/www.maison-occitane.com\/fr\/wp-json\/wp\/v2\/media\/4623"}],"wp:attachment":[{"href":"https:\/\/www.maison-occitane.com\/fr\/wp-json\/wp\/v2\/media?parent=3557"}],"wp:term":[{"taxonomy":"product_cat","embeddable":true,"href":"https:\/\/www.maison-occitane.com\/fr\/wp-json\/wp\/v2\/product_cat?post=3557"},{"taxonomy":"product_tag","embeddable":true,"href":"https:\/\/www.maison-occitane.com\/fr\/wp-json\/wp\/v2\/product_tag?post=3557"},{"taxonomy":"product_origine","embeddable":true,"href":"https:\/\/www.maison-occitane.com\/fr\/wp-json\/wp\/v2\/origines?post=3557"},{"taxonomy":"label_qualite","embeddable":true,"href":"https:\/\/www.maison-occitane.com\/fr\/wp-json\/wp\/v2\/labels-qualite?post=3557"}],"curies":[{"name":"wp","href":"https:\/\/api.w.org\/{rel}","templated":true}]}}