{"id":3556,"date":"2025-05-05T08:50:43","date_gmt":"2025-05-05T06:50:43","guid":{"rendered":"http:\/\/localhost:8080\/non%20class\u00e9\/confit-de-mangue-bocal-100g\/"},"modified":"2026-04-10T16:59:48","modified_gmt":"2026-04-10T14:59:48","slug":"confit-de-mangue-bocal-100g","status":"publish","type":"product","link":"https:\/\/www.maison-occitane.com\/fr\/produit\/confit-de-mangue-bocal-100g\/","title":{"rendered":"CONFIT DE MANGUE 100G"},"content":{"rendered":"<p data-start=\"89\" data-end=\"369\">Apportez une touche d\u2019exotisme \u00e0 vos instants gourmands avec ce confit de mangue, \u00e9labor\u00e9 pour sublimer les saveurs du foie gras de canard. Sa douceur fruit\u00e9e, \u00e9quilibr\u00e9e par une l\u00e9g\u00e8re acidit\u00e9, r\u00e9v\u00e8le toute la richesse du mariage sucr\u00e9-sal\u00e9 avec le foie gras de canard.<\/p>\n<p data-start=\"89\" data-end=\"369\">Le confit de mangue es pr\u00e9par\u00e9 avec de mangue, il\u00a0d\u00e9voile une texture g\u00e9lifi\u00e9e aux morceaux de fruits et un go\u00fbt \u00e0 la fois fruit\u00e9, doux et l\u00e9g\u00e8rement acidul\u00e9. Un \u00e9quilibre parfait pour accompagner un foie gras de canard, une terrine de campagne, un magret froid ou m\u00eame un fromage de brebis.<\/p>\n<p data-start=\"1081\" data-end=\"1215\">Son format pratique en bocal st\u00e9rilis\u00e9 s\u2019adapte \u00e0 toutes vos occasions festives : ap\u00e9ritifs, d\u00eeners de f\u00eates ou recettes du quotidien.<\/p>\n<p data-start=\"958\" data-end=\"1107\">D\u00e9couvrez notre gamme pour accompagner le foie gras :<\/p>\n<ul>\n<li data-start=\"958\" data-end=\"1107\"><a href=\"https:\/\/www.maison-occitane.com\/foie-gras\/confit-de-figues-bocal-de-40g\/\"><strong>Confit de figues 40g<\/strong><\/a><\/li>\n<li data-start=\"958\" data-end=\"1107\"><a href=\"https:\/\/www.maison-occitane.com\/fr\/produit\/confit-de-figues-bocal-de-40g\/\"><strong>Confit de figues 100g<\/strong><\/a><\/li>\n<li data-start=\"958\" data-end=\"1107\"><a href=\"https:\/\/www.maison-occitane.com\/fr\/produit\/confit-doignons-bocal-de-40g\/\"><strong>Confit d&rsquo;oignons 40g<\/strong><\/a><\/li>\n<li data-start=\"958\" data-end=\"1107\"><strong><a href=\"https:\/\/www.maison-occitane.com\/fr\/produit\/confit-doignons-bocal-100g\/\">Confit d&rsquo;oignons 100g<\/a><\/strong><\/li>\n<\/ul>\n<p><a href=\"https:\/\/www.maison-occitane.com\/fr\/monmag\/fiches-conseils\/les-differents-accords-avec-le-foie-gras\/\">Retrouvez nos conseils d&rsquo;accompagne du foie gras de canard<\/a><\/p>\n","protected":false},"excerpt":{"rendered":"<p>Un confit fruit\u00e9 et exotique \u00e0 base de mangue pour accompagner le foie gras, magret, fromages ou nos terrines. Une touche sucr\u00e9e-sal\u00e9e originale et festive !<\/p>\n","protected":false},"featured_media":4334,"comment_status":"open","ping_status":"closed","template":"","meta":{"_acf_changed":false},"product_cat":[770,781],"product_tag":[],"origines":[798],"labels-qualite":[],"class_list":{"0":"post-3556","1":"product","2":"type-product","3":"status-publish","4":"has-post-thumbnail","6":"product_brand-selection-gourmande","7":"product_cat-foie-gras","8":"product_cat-accompagnement-de-foie-gras","9":"product_origine-france","11":"first","12":"instock","13":"taxable","14":"shipping-taxable","15":"purchasable","16":"product-type-simple","17":"add-to-wishlist-before_image"},"acf":[],"yoast_head":"<!-- This site is optimized with the Yoast SEO plugin v24.9 - https:\/\/yoast.com\/wordpress\/plugins\/seo\/ -->\n<title>CONFIT DE MANGUE - Maison Occitane<\/title>\n<meta name=\"description\" content=\"Confit de mangue 100g \u2013 Un condiment sucr\u00e9-sal\u00e9 exotique \u00e0 base de mangue. Id\u00e9al pour accompagner foie gras de canard , magret ou terrines. Format pratique, pr\u00eat \u00e0 d\u00e9guster.\" \/>\n<meta name=\"robots\" content=\"index, follow, max-snippet:-1, max-image-preview:large, max-video-preview:-1\" \/>\n<link rel=\"canonical\" href=\"https:\/\/www.maison-occitane.com\/fr\/produit\/confit-de-mangue-bocal-100g\/\" \/>\n<meta property=\"og:locale\" content=\"fr_FR\" \/>\n<meta property=\"og:type\" content=\"article\" \/>\n<meta property=\"og:title\" content=\"CONFIT DE MANGUE - Maison Occitane\" \/>\n<meta property=\"og:description\" content=\"Confit de mangue 100g \u2013 Un condiment sucr\u00e9-sal\u00e9 exotique \u00e0 base de mangue. Id\u00e9al pour accompagner foie gras de canard , magret ou terrines. Format pratique, pr\u00eat \u00e0 d\u00e9guster.\" \/>\n<meta property=\"og:url\" content=\"https:\/\/www.maison-occitane.com\/fr\/produit\/confit-de-mangue-bocal-100g\/\" \/>\n<meta property=\"og:site_name\" content=\"Maison Occitane\" \/>\n<meta property=\"article:modified_time\" content=\"2026-04-10T14:59:48+00:00\" \/>\n<meta property=\"og:image\" content=\"https:\/\/www.maison-occitane.com\/app\/uploads\/2025\/05\/9291_520px.jpg\" \/>\n\t<meta property=\"og:image:width\" content=\"520\" \/>\n\t<meta property=\"og:image:height\" content=\"451\" \/>\n\t<meta property=\"og:image:type\" content=\"image\/jpeg\" \/>\n<meta name=\"twitter:card\" content=\"summary_large_image\" \/>\n<meta name=\"twitter:label1\" content=\"Dur\u00e9e de lecture estim\u00e9e\" \/>\n\t<meta name=\"twitter:data1\" content=\"1 minute\" \/>\n<script type=\"application\/ld+json\" class=\"yoast-schema-graph\">{\"@context\":\"https:\/\/schema.org\",\"@graph\":[{\"@type\":\"WebPage\",\"@id\":\"https:\/\/www.maison-occitane.com\/fr\/produit\/confit-de-mangue-bocal-100g\/\",\"url\":\"https:\/\/www.maison-occitane.com\/fr\/produit\/confit-de-mangue-bocal-100g\/\",\"name\":\"CONFIT DE MANGUE - Maison Occitane\",\"isPartOf\":{\"@id\":\"https:\/\/www.maison-occitane.com\/fr\/#website\"},\"primaryImageOfPage\":{\"@id\":\"https:\/\/www.maison-occitane.com\/fr\/produit\/confit-de-mangue-bocal-100g\/#primaryimage\"},\"image\":{\"@id\":\"https:\/\/www.maison-occitane.com\/fr\/produit\/confit-de-mangue-bocal-100g\/#primaryimage\"},\"thumbnailUrl\":\"https:\/\/www.maison-occitane.com\/app\/uploads\/2025\/05\/9291_520px.jpg\",\"datePublished\":\"2025-05-05T06:50:43+00:00\",\"dateModified\":\"2026-04-10T14:59:48+00:00\",\"description\":\"Confit de mangue 100g \u2013 Un condiment sucr\u00e9-sal\u00e9 exotique \u00e0 base de mangue. Id\u00e9al pour accompagner foie gras de canard , magret ou terrines. Format pratique, pr\u00eat \u00e0 d\u00e9guster.\",\"breadcrumb\":{\"@id\":\"https:\/\/www.maison-occitane.com\/fr\/produit\/confit-de-mangue-bocal-100g\/#breadcrumb\"},\"inLanguage\":\"fr-FR\",\"potentialAction\":[{\"@type\":\"ReadAction\",\"target\":[\"https:\/\/www.maison-occitane.com\/fr\/produit\/confit-de-mangue-bocal-100g\/\"]}]},{\"@type\":\"ImageObject\",\"inLanguage\":\"fr-FR\",\"@id\":\"https:\/\/www.maison-occitane.com\/fr\/produit\/confit-de-mangue-bocal-100g\/#primaryimage\",\"url\":\"https:\/\/www.maison-occitane.com\/app\/uploads\/2025\/05\/9291_520px.jpg\",\"contentUrl\":\"https:\/\/www.maison-occitane.com\/app\/uploads\/2025\/05\/9291_520px.jpg\",\"width\":520,\"height\":451,\"caption\":\"Confit \u00e0 la mangue\"},{\"@type\":\"BreadcrumbList\",\"@id\":\"https:\/\/www.maison-occitane.com\/fr\/produit\/confit-de-mangue-bocal-100g\/#breadcrumb\",\"itemListElement\":[{\"@type\":\"ListItem\",\"position\":1,\"name\":\"Accueil\",\"item\":\"https:\/\/www.maison-occitane.com\/fr\/\"},{\"@type\":\"ListItem\",\"position\":2,\"name\":\"Produits\",\"item\":\"https:\/\/www.maison-occitane.com\/fr\/shop\/\"},{\"@type\":\"ListItem\",\"position\":3,\"name\":\"Foie gras\",\"item\":\"https:\/\/www.maison-occitane.com\/fr\/boutique\/foie-gras\/\"},{\"@type\":\"ListItem\",\"position\":4,\"name\":\"Accompagnement de foie gras\",\"item\":\"https:\/\/www.maison-occitane.com\/fr\/boutique\/foie-gras\/accompagnement-de-foie-gras\/\"},{\"@type\":\"ListItem\",\"position\":5,\"name\":\"CONFIT DE MANGUE 100G\"}]},{\"@type\":\"WebSite\",\"@id\":\"https:\/\/www.maison-occitane.com\/fr\/#website\",\"url\":\"https:\/\/www.maison-occitane.com\/fr\/\",\"name\":\"Maison Occitane\",\"description\":\"\",\"potentialAction\":[{\"@type\":\"SearchAction\",\"target\":{\"@type\":\"EntryPoint\",\"urlTemplate\":\"https:\/\/www.maison-occitane.com\/fr\/?s={search_term_string}\"},\"query-input\":{\"@type\":\"PropertyValueSpecification\",\"valueRequired\":true,\"valueName\":\"search_term_string\"}}],\"inLanguage\":\"fr-FR\"}]}<\/script>\n<!-- \/ Yoast SEO plugin. -->","yoast_head_json":{"title":"CONFIT DE MANGUE - Maison Occitane","description":"Confit de mangue 100g \u2013 Un condiment sucr\u00e9-sal\u00e9 exotique \u00e0 base de mangue. Id\u00e9al pour accompagner foie gras de canard , magret ou terrines. Format pratique, pr\u00eat \u00e0 d\u00e9guster.","robots":{"index":"index","follow":"follow","max-snippet":"max-snippet:-1","max-image-preview":"max-image-preview:large","max-video-preview":"max-video-preview:-1"},"canonical":"https:\/\/www.maison-occitane.com\/fr\/produit\/confit-de-mangue-bocal-100g\/","og_locale":"fr_FR","og_type":"article","og_title":"CONFIT DE MANGUE - Maison Occitane","og_description":"Confit de mangue 100g \u2013 Un condiment sucr\u00e9-sal\u00e9 exotique \u00e0 base de mangue. Id\u00e9al pour accompagner foie gras de canard , magret ou terrines. Format pratique, pr\u00eat \u00e0 d\u00e9guster.","og_url":"https:\/\/www.maison-occitane.com\/fr\/produit\/confit-de-mangue-bocal-100g\/","og_site_name":"Maison Occitane","article_modified_time":"2026-04-10T14:59:48+00:00","og_image":[{"width":520,"height":451,"url":"https:\/\/www.maison-occitane.com\/app\/uploads\/2025\/05\/9291_520px.jpg","type":"image\/jpeg"}],"twitter_card":"summary_large_image","twitter_misc":{"Dur\u00e9e de lecture estim\u00e9e":"1 minute"},"schema":{"@context":"https:\/\/schema.org","@graph":[{"@type":"WebPage","@id":"https:\/\/www.maison-occitane.com\/fr\/produit\/confit-de-mangue-bocal-100g\/","url":"https:\/\/www.maison-occitane.com\/fr\/produit\/confit-de-mangue-bocal-100g\/","name":"CONFIT DE MANGUE - Maison Occitane","isPartOf":{"@id":"https:\/\/www.maison-occitane.com\/fr\/#website"},"primaryImageOfPage":{"@id":"https:\/\/www.maison-occitane.com\/fr\/produit\/confit-de-mangue-bocal-100g\/#primaryimage"},"image":{"@id":"https:\/\/www.maison-occitane.com\/fr\/produit\/confit-de-mangue-bocal-100g\/#primaryimage"},"thumbnailUrl":"https:\/\/www.maison-occitane.com\/app\/uploads\/2025\/05\/9291_520px.jpg","datePublished":"2025-05-05T06:50:43+00:00","dateModified":"2026-04-10T14:59:48+00:00","description":"Confit de mangue 100g \u2013 Un condiment sucr\u00e9-sal\u00e9 exotique \u00e0 base de mangue. Id\u00e9al pour accompagner foie gras de canard , magret ou terrines. Format pratique, pr\u00eat \u00e0 d\u00e9guster.","breadcrumb":{"@id":"https:\/\/www.maison-occitane.com\/fr\/produit\/confit-de-mangue-bocal-100g\/#breadcrumb"},"inLanguage":"fr-FR","potentialAction":[{"@type":"ReadAction","target":["https:\/\/www.maison-occitane.com\/fr\/produit\/confit-de-mangue-bocal-100g\/"]}]},{"@type":"ImageObject","inLanguage":"fr-FR","@id":"https:\/\/www.maison-occitane.com\/fr\/produit\/confit-de-mangue-bocal-100g\/#primaryimage","url":"https:\/\/www.maison-occitane.com\/app\/uploads\/2025\/05\/9291_520px.jpg","contentUrl":"https:\/\/www.maison-occitane.com\/app\/uploads\/2025\/05\/9291_520px.jpg","width":520,"height":451,"caption":"Confit \u00e0 la mangue"},{"@type":"BreadcrumbList","@id":"https:\/\/www.maison-occitane.com\/fr\/produit\/confit-de-mangue-bocal-100g\/#breadcrumb","itemListElement":[{"@type":"ListItem","position":1,"name":"Accueil","item":"https:\/\/www.maison-occitane.com\/fr\/"},{"@type":"ListItem","position":2,"name":"Produits","item":"https:\/\/www.maison-occitane.com\/fr\/shop\/"},{"@type":"ListItem","position":3,"name":"Foie gras","item":"https:\/\/www.maison-occitane.com\/fr\/boutique\/foie-gras\/"},{"@type":"ListItem","position":4,"name":"Accompagnement de foie gras","item":"https:\/\/www.maison-occitane.com\/fr\/boutique\/foie-gras\/accompagnement-de-foie-gras\/"},{"@type":"ListItem","position":5,"name":"CONFIT DE MANGUE 100G"}]},{"@type":"WebSite","@id":"https:\/\/www.maison-occitane.com\/fr\/#website","url":"https:\/\/www.maison-occitane.com\/fr\/","name":"Maison Occitane","description":"","potentialAction":[{"@type":"SearchAction","target":{"@type":"EntryPoint","urlTemplate":"https:\/\/www.maison-occitane.com\/fr\/?s={search_term_string}"},"query-input":{"@type":"PropertyValueSpecification","valueRequired":true,"valueName":"search_term_string"}}],"inLanguage":"fr-FR"}]}},"_links":{"self":[{"href":"https:\/\/www.maison-occitane.com\/fr\/wp-json\/wp\/v2\/product\/3556","targetHints":{"allow":["GET"]}}],"collection":[{"href":"https:\/\/www.maison-occitane.com\/fr\/wp-json\/wp\/v2\/product"}],"about":[{"href":"https:\/\/www.maison-occitane.com\/fr\/wp-json\/wp\/v2\/types\/product"}],"replies":[{"embeddable":true,"href":"https:\/\/www.maison-occitane.com\/fr\/wp-json\/wp\/v2\/comments?post=3556"}],"wp:featuredmedia":[{"embeddable":true,"href":"https:\/\/www.maison-occitane.com\/fr\/wp-json\/wp\/v2\/media\/4334"}],"wp:attachment":[{"href":"https:\/\/www.maison-occitane.com\/fr\/wp-json\/wp\/v2\/media?parent=3556"}],"wp:term":[{"taxonomy":"product_cat","embeddable":true,"href":"https:\/\/www.maison-occitane.com\/fr\/wp-json\/wp\/v2\/product_cat?post=3556"},{"taxonomy":"product_tag","embeddable":true,"href":"https:\/\/www.maison-occitane.com\/fr\/wp-json\/wp\/v2\/product_tag?post=3556"},{"taxonomy":"product_origine","embeddable":true,"href":"https:\/\/www.maison-occitane.com\/fr\/wp-json\/wp\/v2\/origines?post=3556"},{"taxonomy":"label_qualite","embeddable":true,"href":"https:\/\/www.maison-occitane.com\/fr\/wp-json\/wp\/v2\/labels-qualite?post=3556"}],"curies":[{"name":"wp","href":"https:\/\/api.w.org\/{rel}","templated":true}]}}