{"id":3555,"date":"2025-05-05T08:50:43","date_gmt":"2025-05-05T06:50:43","guid":{"rendered":"http:\/\/localhost:8080\/non%20class\u00e9\/confit-doignons-bocal-100g\/"},"modified":"2026-04-10T14:01:11","modified_gmt":"2026-04-10T12:01:11","slug":"confit-doignons-bocal-100g","status":"publish","type":"product","link":"https:\/\/www.maison-occitane.com\/fr\/produit\/confit-doignons-bocal-100g\/","title":{"rendered":"CONFIT D&rsquo;OIGNONS 100G"},"content":{"rendered":"<p data-start=\"597\" data-end=\"868\">Ajoutez une touche gourmande et festive \u00e0 vos recettes avec ce confit d\u2019oignons en bocal de 100g. \u00c9labor\u00e9 avec des oignons, du sucre et une pointe de vinaigre, il offre une texture \u00e9paisse et des morceaux fondants, relev\u00e9s par une saveur sucr\u00e9e-sal\u00e9e subtile.<\/p>\n<p data-start=\"870\" data-end=\"1195\">Cette pr\u00e9paration tartinable pr\u00eate \u00e0 l\u2019emploi est id\u00e9ale \u00e0 l\u2019ap\u00e9ritif, sur des toasts grill\u00e9s, mais aussi en accompagnement du foie gras, de viandes r\u00f4ties, de fromages affin\u00e9s ou m\u00eame dans une salade ti\u00e8de. Polyvalent, il s\u2019invite aussi bien dans vos plats du quotidien que lors de vos repas festifs.<\/p>\n<p data-start=\"1197\" data-end=\"1293\">Conditionn\u00e9 en bocal st\u00e9rilis\u00e9, il se conserve longtemps \u00e0 temp\u00e9rature ambiante avant ouverture.<\/p>\n<p data-start=\"958\" data-end=\"1107\">D\u00e9couvrez notre gamme pour accompagner le foie gras :<\/p>\n<ul>\n<li data-start=\"958\" data-end=\"1107\"><a href=\"https:\/\/www.maison-occitane.com\/fr\/produit\/confit-de-figues-bocal-100g\/\"><strong>Confit de figues 40g<\/strong><\/a><\/li>\n<li data-start=\"958\" data-end=\"1107\"><a href=\"https:\/\/www.maison-occitane.com\/fr\/produit\/confit-de-figues-bocal-100g\/\"><strong>Confit de figues 100g<\/strong><\/a><\/li>\n<li data-start=\"958\" data-end=\"1107\"><a href=\"https:\/\/www.maison-occitane.com\/fr\/produit\/confit-de-mangue-bocal-100g\/\"><strong>Confit de mangue 100g<\/strong><\/a><\/li>\n<li data-start=\"958\" data-end=\"1107\"><a href=\"https:\/\/www.maison-occitane.com\/fr\/produit\/confit-doignons-bocal-de-40g\/\"><strong>Confit d&rsquo;oignons 40g<\/strong><\/a><\/li>\n<\/ul>\n<p><a href=\"https:\/\/www.maison-occitane.com\/fr\/monmag\/fiches-conseils\/les-differents-accords-avec-le-foie-gras\/\">Retrouvez tous nos conseils pour accompagner le foie gras de canard<\/a><\/p>\n","protected":false},"excerpt":{"rendered":"<p>Un confit d\u2019oignons doux, fondant et l\u00e9g\u00e8rement acidul\u00e9, parfait pour accompagner foie gras, viandes ou fromages. \u00c0 tartiner \u00e0 l\u2019ap\u00e9ritif ou en touche gourmande en cuisine.<\/p>\n","protected":false},"featured_media":4332,"comment_status":"open","ping_status":"closed","template":"","meta":{"_acf_changed":false},"product_cat":[770,781],"product_tag":[],"origines":[798],"labels-qualite":[],"class_list":{"0":"post-3555","1":"product","2":"type-product","3":"status-publish","4":"has-post-thumbnail","6":"product_brand-selection-gourmande","7":"product_cat-foie-gras","8":"product_cat-accompagnement-de-foie-gras","9":"product_origine-france","11":"first","12":"instock","13":"taxable","14":"shipping-taxable","15":"purchasable","16":"product-type-simple","17":"add-to-wishlist-before_image"},"acf":[],"yoast_head":"<!-- This site is optimized with the Yoast SEO plugin v24.9 - https:\/\/yoast.com\/wordpress\/plugins\/seo\/ -->\n<title>CONFIT D&#039;OIGNONS - Maison Occitane<\/title>\n<meta name=\"description\" content=\"Confit d\u2019oignons 100g \u2013 Une pr\u00e9paration sucr\u00e9e-sal\u00e9e pr\u00eate \u00e0 tartiner, id\u00e9ale pour sublimer foie gras, viandes ou fromages. Texture fondante et go\u00fbt d\u00e9licat.\" \/>\n<meta name=\"robots\" content=\"index, follow, max-snippet:-1, max-image-preview:large, max-video-preview:-1\" \/>\n<link rel=\"canonical\" href=\"https:\/\/www.maison-occitane.com\/fr\/produit\/confit-doignons-bocal-100g\/\" \/>\n<meta property=\"og:locale\" content=\"fr_FR\" \/>\n<meta property=\"og:type\" content=\"article\" \/>\n<meta property=\"og:title\" content=\"CONFIT D&#039;OIGNONS - Maison Occitane\" \/>\n<meta property=\"og:description\" content=\"Confit d\u2019oignons 100g \u2013 Une pr\u00e9paration sucr\u00e9e-sal\u00e9e pr\u00eate \u00e0 tartiner, id\u00e9ale pour sublimer foie gras, viandes ou fromages. Texture fondante et go\u00fbt d\u00e9licat.\" \/>\n<meta property=\"og:url\" content=\"https:\/\/www.maison-occitane.com\/fr\/produit\/confit-doignons-bocal-100g\/\" \/>\n<meta property=\"og:site_name\" content=\"Maison Occitane\" \/>\n<meta property=\"article:modified_time\" content=\"2026-04-10T12:01:11+00:00\" \/>\n<meta property=\"og:image\" content=\"https:\/\/www.maison-occitane.com\/app\/uploads\/2025\/05\/9290_520px.jpg\" \/>\n\t<meta property=\"og:image:width\" content=\"520\" \/>\n\t<meta property=\"og:image:height\" content=\"450\" \/>\n\t<meta property=\"og:image:type\" content=\"image\/jpeg\" \/>\n<meta name=\"twitter:card\" content=\"summary_large_image\" \/>\n<meta name=\"twitter:label1\" content=\"Dur\u00e9e de lecture estim\u00e9e\" \/>\n\t<meta name=\"twitter:data1\" content=\"1 minute\" \/>\n<script type=\"application\/ld+json\" class=\"yoast-schema-graph\">{\"@context\":\"https:\/\/schema.org\",\"@graph\":[{\"@type\":\"WebPage\",\"@id\":\"https:\/\/www.maison-occitane.com\/fr\/produit\/confit-doignons-bocal-100g\/\",\"url\":\"https:\/\/www.maison-occitane.com\/fr\/produit\/confit-doignons-bocal-100g\/\",\"name\":\"CONFIT D'OIGNONS - Maison Occitane\",\"isPartOf\":{\"@id\":\"https:\/\/www.maison-occitane.com\/fr\/#website\"},\"primaryImageOfPage\":{\"@id\":\"https:\/\/www.maison-occitane.com\/fr\/produit\/confit-doignons-bocal-100g\/#primaryimage\"},\"image\":{\"@id\":\"https:\/\/www.maison-occitane.com\/fr\/produit\/confit-doignons-bocal-100g\/#primaryimage\"},\"thumbnailUrl\":\"https:\/\/www.maison-occitane.com\/app\/uploads\/2025\/05\/9290_520px.jpg\",\"datePublished\":\"2025-05-05T06:50:43+00:00\",\"dateModified\":\"2026-04-10T12:01:11+00:00\",\"description\":\"Confit d\u2019oignons 100g \u2013 Une pr\u00e9paration sucr\u00e9e-sal\u00e9e pr\u00eate \u00e0 tartiner, id\u00e9ale pour sublimer foie gras, viandes ou fromages. Texture fondante et go\u00fbt d\u00e9licat.\",\"breadcrumb\":{\"@id\":\"https:\/\/www.maison-occitane.com\/fr\/produit\/confit-doignons-bocal-100g\/#breadcrumb\"},\"inLanguage\":\"fr-FR\",\"potentialAction\":[{\"@type\":\"ReadAction\",\"target\":[\"https:\/\/www.maison-occitane.com\/fr\/produit\/confit-doignons-bocal-100g\/\"]}]},{\"@type\":\"ImageObject\",\"inLanguage\":\"fr-FR\",\"@id\":\"https:\/\/www.maison-occitane.com\/fr\/produit\/confit-doignons-bocal-100g\/#primaryimage\",\"url\":\"https:\/\/www.maison-occitane.com\/app\/uploads\/2025\/05\/9290_520px.jpg\",\"contentUrl\":\"https:\/\/www.maison-occitane.com\/app\/uploads\/2025\/05\/9290_520px.jpg\",\"width\":520,\"height\":450,\"caption\":\"Confit d'oignons\"},{\"@type\":\"BreadcrumbList\",\"@id\":\"https:\/\/www.maison-occitane.com\/fr\/produit\/confit-doignons-bocal-100g\/#breadcrumb\",\"itemListElement\":[{\"@type\":\"ListItem\",\"position\":1,\"name\":\"Accueil\",\"item\":\"https:\/\/www.maison-occitane.com\/fr\/\"},{\"@type\":\"ListItem\",\"position\":2,\"name\":\"Produits\",\"item\":\"https:\/\/www.maison-occitane.com\/fr\/shop\/\"},{\"@type\":\"ListItem\",\"position\":3,\"name\":\"Foie gras\",\"item\":\"https:\/\/www.maison-occitane.com\/fr\/boutique\/foie-gras\/\"},{\"@type\":\"ListItem\",\"position\":4,\"name\":\"Accompagnement de foie gras\",\"item\":\"https:\/\/www.maison-occitane.com\/fr\/boutique\/foie-gras\/accompagnement-de-foie-gras\/\"},{\"@type\":\"ListItem\",\"position\":5,\"name\":\"CONFIT D&rsquo;OIGNONS 100G\"}]},{\"@type\":\"WebSite\",\"@id\":\"https:\/\/www.maison-occitane.com\/fr\/#website\",\"url\":\"https:\/\/www.maison-occitane.com\/fr\/\",\"name\":\"Maison Occitane\",\"description\":\"\",\"potentialAction\":[{\"@type\":\"SearchAction\",\"target\":{\"@type\":\"EntryPoint\",\"urlTemplate\":\"https:\/\/www.maison-occitane.com\/fr\/?s={search_term_string}\"},\"query-input\":{\"@type\":\"PropertyValueSpecification\",\"valueRequired\":true,\"valueName\":\"search_term_string\"}}],\"inLanguage\":\"fr-FR\"}]}<\/script>\n<!-- \/ Yoast SEO plugin. -->","yoast_head_json":{"title":"CONFIT D'OIGNONS - Maison Occitane","description":"Confit d\u2019oignons 100g \u2013 Une pr\u00e9paration sucr\u00e9e-sal\u00e9e pr\u00eate \u00e0 tartiner, id\u00e9ale pour sublimer foie gras, viandes ou fromages. Texture fondante et go\u00fbt d\u00e9licat.","robots":{"index":"index","follow":"follow","max-snippet":"max-snippet:-1","max-image-preview":"max-image-preview:large","max-video-preview":"max-video-preview:-1"},"canonical":"https:\/\/www.maison-occitane.com\/fr\/produit\/confit-doignons-bocal-100g\/","og_locale":"fr_FR","og_type":"article","og_title":"CONFIT D'OIGNONS - Maison Occitane","og_description":"Confit d\u2019oignons 100g \u2013 Une pr\u00e9paration sucr\u00e9e-sal\u00e9e pr\u00eate \u00e0 tartiner, id\u00e9ale pour sublimer foie gras, viandes ou fromages. Texture fondante et go\u00fbt d\u00e9licat.","og_url":"https:\/\/www.maison-occitane.com\/fr\/produit\/confit-doignons-bocal-100g\/","og_site_name":"Maison Occitane","article_modified_time":"2026-04-10T12:01:11+00:00","og_image":[{"width":520,"height":450,"url":"https:\/\/www.maison-occitane.com\/app\/uploads\/2025\/05\/9290_520px.jpg","type":"image\/jpeg"}],"twitter_card":"summary_large_image","twitter_misc":{"Dur\u00e9e de lecture estim\u00e9e":"1 minute"},"schema":{"@context":"https:\/\/schema.org","@graph":[{"@type":"WebPage","@id":"https:\/\/www.maison-occitane.com\/fr\/produit\/confit-doignons-bocal-100g\/","url":"https:\/\/www.maison-occitane.com\/fr\/produit\/confit-doignons-bocal-100g\/","name":"CONFIT D'OIGNONS - Maison Occitane","isPartOf":{"@id":"https:\/\/www.maison-occitane.com\/fr\/#website"},"primaryImageOfPage":{"@id":"https:\/\/www.maison-occitane.com\/fr\/produit\/confit-doignons-bocal-100g\/#primaryimage"},"image":{"@id":"https:\/\/www.maison-occitane.com\/fr\/produit\/confit-doignons-bocal-100g\/#primaryimage"},"thumbnailUrl":"https:\/\/www.maison-occitane.com\/app\/uploads\/2025\/05\/9290_520px.jpg","datePublished":"2025-05-05T06:50:43+00:00","dateModified":"2026-04-10T12:01:11+00:00","description":"Confit d\u2019oignons 100g \u2013 Une pr\u00e9paration sucr\u00e9e-sal\u00e9e pr\u00eate \u00e0 tartiner, id\u00e9ale pour sublimer foie gras, viandes ou fromages. Texture fondante et go\u00fbt d\u00e9licat.","breadcrumb":{"@id":"https:\/\/www.maison-occitane.com\/fr\/produit\/confit-doignons-bocal-100g\/#breadcrumb"},"inLanguage":"fr-FR","potentialAction":[{"@type":"ReadAction","target":["https:\/\/www.maison-occitane.com\/fr\/produit\/confit-doignons-bocal-100g\/"]}]},{"@type":"ImageObject","inLanguage":"fr-FR","@id":"https:\/\/www.maison-occitane.com\/fr\/produit\/confit-doignons-bocal-100g\/#primaryimage","url":"https:\/\/www.maison-occitane.com\/app\/uploads\/2025\/05\/9290_520px.jpg","contentUrl":"https:\/\/www.maison-occitane.com\/app\/uploads\/2025\/05\/9290_520px.jpg","width":520,"height":450,"caption":"Confit d'oignons"},{"@type":"BreadcrumbList","@id":"https:\/\/www.maison-occitane.com\/fr\/produit\/confit-doignons-bocal-100g\/#breadcrumb","itemListElement":[{"@type":"ListItem","position":1,"name":"Accueil","item":"https:\/\/www.maison-occitane.com\/fr\/"},{"@type":"ListItem","position":2,"name":"Produits","item":"https:\/\/www.maison-occitane.com\/fr\/shop\/"},{"@type":"ListItem","position":3,"name":"Foie gras","item":"https:\/\/www.maison-occitane.com\/fr\/boutique\/foie-gras\/"},{"@type":"ListItem","position":4,"name":"Accompagnement de foie gras","item":"https:\/\/www.maison-occitane.com\/fr\/boutique\/foie-gras\/accompagnement-de-foie-gras\/"},{"@type":"ListItem","position":5,"name":"CONFIT D&rsquo;OIGNONS 100G"}]},{"@type":"WebSite","@id":"https:\/\/www.maison-occitane.com\/fr\/#website","url":"https:\/\/www.maison-occitane.com\/fr\/","name":"Maison Occitane","description":"","potentialAction":[{"@type":"SearchAction","target":{"@type":"EntryPoint","urlTemplate":"https:\/\/www.maison-occitane.com\/fr\/?s={search_term_string}"},"query-input":{"@type":"PropertyValueSpecification","valueRequired":true,"valueName":"search_term_string"}}],"inLanguage":"fr-FR"}]}},"_links":{"self":[{"href":"https:\/\/www.maison-occitane.com\/fr\/wp-json\/wp\/v2\/product\/3555","targetHints":{"allow":["GET"]}}],"collection":[{"href":"https:\/\/www.maison-occitane.com\/fr\/wp-json\/wp\/v2\/product"}],"about":[{"href":"https:\/\/www.maison-occitane.com\/fr\/wp-json\/wp\/v2\/types\/product"}],"replies":[{"embeddable":true,"href":"https:\/\/www.maison-occitane.com\/fr\/wp-json\/wp\/v2\/comments?post=3555"}],"wp:featuredmedia":[{"embeddable":true,"href":"https:\/\/www.maison-occitane.com\/fr\/wp-json\/wp\/v2\/media\/4332"}],"wp:attachment":[{"href":"https:\/\/www.maison-occitane.com\/fr\/wp-json\/wp\/v2\/media?parent=3555"}],"wp:term":[{"taxonomy":"product_cat","embeddable":true,"href":"https:\/\/www.maison-occitane.com\/fr\/wp-json\/wp\/v2\/product_cat?post=3555"},{"taxonomy":"product_tag","embeddable":true,"href":"https:\/\/www.maison-occitane.com\/fr\/wp-json\/wp\/v2\/product_tag?post=3555"},{"taxonomy":"product_origine","embeddable":true,"href":"https:\/\/www.maison-occitane.com\/fr\/wp-json\/wp\/v2\/origines?post=3555"},{"taxonomy":"label_qualite","embeddable":true,"href":"https:\/\/www.maison-occitane.com\/fr\/wp-json\/wp\/v2\/labels-qualite?post=3555"}],"curies":[{"name":"wp","href":"https:\/\/api.w.org\/{rel}","templated":true}]}}