{"id":3554,"date":"2025-05-05T08:50:43","date_gmt":"2025-05-05T06:50:43","guid":{"rendered":"http:\/\/localhost:8080\/non%20class\u00e9\/confit-de-figues-bocal-100g\/"},"modified":"2026-04-10T16:59:08","modified_gmt":"2026-04-10T14:59:08","slug":"confit-de-figues-bocal-100g","status":"publish","type":"product","link":"https:\/\/www.maison-occitane.com\/fr\/produit\/confit-de-figues-bocal-100g\/","title":{"rendered":"CONFIT DE FIGUES 100G"},"content":{"rendered":"<p data-start=\"172\" data-end=\"439\">Fruit embl\u00e9matique du Sud de la France, la figue d\u00e9voile ici toute sa richesse dans une recette traditionnelle de confit, d\u00e9licatement sucr\u00e9e et parfum\u00e9e. Ce confit de figues est un incontournable des tables gourmandes, sublimant les mets les plus fins avec \u00e9l\u00e9gance.<\/p>\n<p data-start=\"172\" data-end=\"439\">Sa texture \u00e9paisse et sa richesse en morceaux de figues apportent <strong data-start=\"928\" data-end=\"961\">fondant, douceur et caract\u00e8re<\/strong> \u00e0 vos plats. Il r\u00e9v\u00e8le toutes ses qualit\u00e9s aux c\u00f4t\u00e9s d\u2019un <strong data-start=\"1020\" data-end=\"1043\">foie gras de canard<\/strong>, mais aussi d\u2019un <strong data-start=\"1061\" data-end=\"1095\">fromage de ch\u00e8vre ou de brebis<\/strong>.<\/p>\n<p data-start=\"441\" data-end=\"767\">Cette pr\u00e9paration sucr\u00e9e-sal\u00e9e pr\u00eate \u00e0 l\u2019emploi se d\u00e9guste froide, simplement d\u00e9pos\u00e9e sur un toast ou en touche raffin\u00e9e dans l\u2019assiette. <strong data-start=\"1236\" data-end=\"1289\">Parfait pour sublimer vos moments de convivialit\u00e9<\/strong>, elle est st\u00e9rilis\u00e9e pour une longue conservation.<\/p>\n<p data-start=\"958\" data-end=\"1107\">D\u00e9couvrez notre gamme pour accompagner le foie gras :<\/p>\n<ul>\n<li data-start=\"958\" data-end=\"1107\"><a href=\"https:\/\/www.maison-occitane.com\/fr\/produit\/confit-de-figues-bocal-de-40g\/\"><strong>Confit de figues 40g<\/strong><\/a><\/li>\n<li data-start=\"958\" data-end=\"1107\"><a href=\"https:\/\/www.maison-occitane.com\/fr\/produit\/confit-de-mangue-bocal-100g\/\"><strong>Confit de mangue 100g<\/strong><\/a><\/li>\n<li data-start=\"958\" data-end=\"1107\"><a href=\"https:\/\/www.maison-occitane.com\/fr\/produit\/confit-doignons-bocal-de-40g\/\"><strong>Confit d&rsquo;oignons 40g<\/strong><\/a><\/li>\n<li data-start=\"958\" data-end=\"1107\"><strong><a href=\"https:\/\/www.maison-occitane.com\/fr\/produit\/confit-doignons-bocal-100g\/\">Confit d&rsquo;oignons 100g<\/a><\/strong><\/li>\n<\/ul>\n<p><a href=\"https:\/\/www.maison-occitane.com\/fr\/monmag\/fiches-conseils\/les-differents-accords-avec-le-foie-gras\/\">Retrouvez tous nos conseils d&rsquo;accompagnement du foie gras de canard<\/a><\/p>\n","protected":false},"excerpt":{"rendered":"<p><span class=\"notion-enable-hover\" data-token-index=\"0\">Ce confit de figues aux morceaux fondants et au go\u00fbt sucr\u00e9-sal\u00e9 accompagne parfaitement foie gras, fromages ou toasts ap\u00e9ritifs. Une touche gourmande et raffin\u00e9e ! Fruit embl\u00e9matique, symbole du Sud de la France, red\u00e9couvrez le classique confit de figues.<\/span><\/p>\n","protected":false},"featured_media":4331,"comment_status":"open","ping_status":"closed","template":"","meta":{"_acf_changed":false},"product_cat":[770,781],"product_tag":[],"origines":[798],"labels-qualite":[],"class_list":{"0":"post-3554","1":"product","2":"type-product","3":"status-publish","4":"has-post-thumbnail","6":"product_brand-selection-gourmande","7":"product_cat-foie-gras","8":"product_cat-accompagnement-de-foie-gras","9":"product_origine-france","11":"first","12":"instock","13":"taxable","14":"shipping-taxable","15":"purchasable","16":"product-type-simple","17":"add-to-wishlist-before_image"},"acf":[],"yoast_head":"<!-- This site is optimized with the Yoast SEO plugin v24.9 - https:\/\/yoast.com\/wordpress\/plugins\/seo\/ -->\n<title>CONFIT DE FIGUES - Maison Occitane<\/title>\n<meta name=\"description\" content=\"Confit de figues 100g \u2013 Une pr\u00e9paration sucr\u00e9e-sal\u00e9e au go\u00fbt raffin\u00e9, id\u00e9ale avec foie gras de canard, fromages ou toasts ap\u00e9ritifs. Recette g\u00e9n\u00e9reuse en figues.\" \/>\n<meta name=\"robots\" content=\"index, follow, max-snippet:-1, max-image-preview:large, max-video-preview:-1\" \/>\n<link rel=\"canonical\" href=\"https:\/\/www.maison-occitane.com\/fr\/produit\/confit-de-figues-bocal-100g\/\" \/>\n<meta property=\"og:locale\" content=\"fr_FR\" \/>\n<meta property=\"og:type\" content=\"article\" \/>\n<meta property=\"og:title\" content=\"CONFIT DE FIGUES - Maison Occitane\" \/>\n<meta property=\"og:description\" content=\"Confit de figues 100g \u2013 Une pr\u00e9paration sucr\u00e9e-sal\u00e9e au go\u00fbt raffin\u00e9, id\u00e9ale avec foie gras de canard, fromages ou toasts ap\u00e9ritifs. Recette g\u00e9n\u00e9reuse en figues.\" \/>\n<meta property=\"og:url\" content=\"https:\/\/www.maison-occitane.com\/fr\/produit\/confit-de-figues-bocal-100g\/\" \/>\n<meta property=\"og:site_name\" content=\"Maison Occitane\" \/>\n<meta property=\"article:modified_time\" content=\"2026-04-10T14:59:08+00:00\" \/>\n<meta property=\"og:image\" content=\"https:\/\/www.maison-occitane.com\/app\/uploads\/2025\/05\/9289_520px.jpg\" \/>\n\t<meta property=\"og:image:width\" content=\"520\" \/>\n\t<meta property=\"og:image:height\" content=\"450\" \/>\n\t<meta property=\"og:image:type\" content=\"image\/jpeg\" \/>\n<meta name=\"twitter:card\" content=\"summary_large_image\" \/>\n<meta name=\"twitter:label1\" content=\"Dur\u00e9e de lecture estim\u00e9e\" \/>\n\t<meta name=\"twitter:data1\" content=\"1 minute\" \/>\n<script type=\"application\/ld+json\" class=\"yoast-schema-graph\">{\"@context\":\"https:\/\/schema.org\",\"@graph\":[{\"@type\":\"WebPage\",\"@id\":\"https:\/\/www.maison-occitane.com\/fr\/produit\/confit-de-figues-bocal-100g\/\",\"url\":\"https:\/\/www.maison-occitane.com\/fr\/produit\/confit-de-figues-bocal-100g\/\",\"name\":\"CONFIT DE FIGUES - Maison Occitane\",\"isPartOf\":{\"@id\":\"https:\/\/www.maison-occitane.com\/fr\/#website\"},\"primaryImageOfPage\":{\"@id\":\"https:\/\/www.maison-occitane.com\/fr\/produit\/confit-de-figues-bocal-100g\/#primaryimage\"},\"image\":{\"@id\":\"https:\/\/www.maison-occitane.com\/fr\/produit\/confit-de-figues-bocal-100g\/#primaryimage\"},\"thumbnailUrl\":\"https:\/\/www.maison-occitane.com\/app\/uploads\/2025\/05\/9289_520px.jpg\",\"datePublished\":\"2025-05-05T06:50:43+00:00\",\"dateModified\":\"2026-04-10T14:59:08+00:00\",\"description\":\"Confit de figues 100g \u2013 Une pr\u00e9paration sucr\u00e9e-sal\u00e9e au go\u00fbt raffin\u00e9, id\u00e9ale avec foie gras de canard, fromages ou toasts ap\u00e9ritifs. Recette g\u00e9n\u00e9reuse en figues.\",\"breadcrumb\":{\"@id\":\"https:\/\/www.maison-occitane.com\/fr\/produit\/confit-de-figues-bocal-100g\/#breadcrumb\"},\"inLanguage\":\"fr-FR\",\"potentialAction\":[{\"@type\":\"ReadAction\",\"target\":[\"https:\/\/www.maison-occitane.com\/fr\/produit\/confit-de-figues-bocal-100g\/\"]}]},{\"@type\":\"ImageObject\",\"inLanguage\":\"fr-FR\",\"@id\":\"https:\/\/www.maison-occitane.com\/fr\/produit\/confit-de-figues-bocal-100g\/#primaryimage\",\"url\":\"https:\/\/www.maison-occitane.com\/app\/uploads\/2025\/05\/9289_520px.jpg\",\"contentUrl\":\"https:\/\/www.maison-occitane.com\/app\/uploads\/2025\/05\/9289_520px.jpg\",\"width\":520,\"height\":450,\"caption\":\"Confit de figues\"},{\"@type\":\"BreadcrumbList\",\"@id\":\"https:\/\/www.maison-occitane.com\/fr\/produit\/confit-de-figues-bocal-100g\/#breadcrumb\",\"itemListElement\":[{\"@type\":\"ListItem\",\"position\":1,\"name\":\"Accueil\",\"item\":\"https:\/\/www.maison-occitane.com\/fr\/\"},{\"@type\":\"ListItem\",\"position\":2,\"name\":\"Produits\",\"item\":\"https:\/\/www.maison-occitane.com\/fr\/shop\/\"},{\"@type\":\"ListItem\",\"position\":3,\"name\":\"Foie gras\",\"item\":\"https:\/\/www.maison-occitane.com\/fr\/boutique\/foie-gras\/\"},{\"@type\":\"ListItem\",\"position\":4,\"name\":\"Accompagnement de foie gras\",\"item\":\"https:\/\/www.maison-occitane.com\/fr\/boutique\/foie-gras\/accompagnement-de-foie-gras\/\"},{\"@type\":\"ListItem\",\"position\":5,\"name\":\"CONFIT DE FIGUES 100G\"}]},{\"@type\":\"WebSite\",\"@id\":\"https:\/\/www.maison-occitane.com\/fr\/#website\",\"url\":\"https:\/\/www.maison-occitane.com\/fr\/\",\"name\":\"Maison Occitane\",\"description\":\"\",\"potentialAction\":[{\"@type\":\"SearchAction\",\"target\":{\"@type\":\"EntryPoint\",\"urlTemplate\":\"https:\/\/www.maison-occitane.com\/fr\/?s={search_term_string}\"},\"query-input\":{\"@type\":\"PropertyValueSpecification\",\"valueRequired\":true,\"valueName\":\"search_term_string\"}}],\"inLanguage\":\"fr-FR\"}]}<\/script>\n<!-- \/ Yoast SEO plugin. -->","yoast_head_json":{"title":"CONFIT DE FIGUES - Maison Occitane","description":"Confit de figues 100g \u2013 Une pr\u00e9paration sucr\u00e9e-sal\u00e9e au go\u00fbt raffin\u00e9, id\u00e9ale avec foie gras de canard, fromages ou toasts ap\u00e9ritifs. Recette g\u00e9n\u00e9reuse en figues.","robots":{"index":"index","follow":"follow","max-snippet":"max-snippet:-1","max-image-preview":"max-image-preview:large","max-video-preview":"max-video-preview:-1"},"canonical":"https:\/\/www.maison-occitane.com\/fr\/produit\/confit-de-figues-bocal-100g\/","og_locale":"fr_FR","og_type":"article","og_title":"CONFIT DE FIGUES - Maison Occitane","og_description":"Confit de figues 100g \u2013 Une pr\u00e9paration sucr\u00e9e-sal\u00e9e au go\u00fbt raffin\u00e9, id\u00e9ale avec foie gras de canard, fromages ou toasts ap\u00e9ritifs. Recette g\u00e9n\u00e9reuse en figues.","og_url":"https:\/\/www.maison-occitane.com\/fr\/produit\/confit-de-figues-bocal-100g\/","og_site_name":"Maison Occitane","article_modified_time":"2026-04-10T14:59:08+00:00","og_image":[{"width":520,"height":450,"url":"https:\/\/www.maison-occitane.com\/app\/uploads\/2025\/05\/9289_520px.jpg","type":"image\/jpeg"}],"twitter_card":"summary_large_image","twitter_misc":{"Dur\u00e9e de lecture estim\u00e9e":"1 minute"},"schema":{"@context":"https:\/\/schema.org","@graph":[{"@type":"WebPage","@id":"https:\/\/www.maison-occitane.com\/fr\/produit\/confit-de-figues-bocal-100g\/","url":"https:\/\/www.maison-occitane.com\/fr\/produit\/confit-de-figues-bocal-100g\/","name":"CONFIT DE FIGUES - Maison Occitane","isPartOf":{"@id":"https:\/\/www.maison-occitane.com\/fr\/#website"},"primaryImageOfPage":{"@id":"https:\/\/www.maison-occitane.com\/fr\/produit\/confit-de-figues-bocal-100g\/#primaryimage"},"image":{"@id":"https:\/\/www.maison-occitane.com\/fr\/produit\/confit-de-figues-bocal-100g\/#primaryimage"},"thumbnailUrl":"https:\/\/www.maison-occitane.com\/app\/uploads\/2025\/05\/9289_520px.jpg","datePublished":"2025-05-05T06:50:43+00:00","dateModified":"2026-04-10T14:59:08+00:00","description":"Confit de figues 100g \u2013 Une pr\u00e9paration sucr\u00e9e-sal\u00e9e au go\u00fbt raffin\u00e9, id\u00e9ale avec foie gras de canard, fromages ou toasts ap\u00e9ritifs. Recette g\u00e9n\u00e9reuse en figues.","breadcrumb":{"@id":"https:\/\/www.maison-occitane.com\/fr\/produit\/confit-de-figues-bocal-100g\/#breadcrumb"},"inLanguage":"fr-FR","potentialAction":[{"@type":"ReadAction","target":["https:\/\/www.maison-occitane.com\/fr\/produit\/confit-de-figues-bocal-100g\/"]}]},{"@type":"ImageObject","inLanguage":"fr-FR","@id":"https:\/\/www.maison-occitane.com\/fr\/produit\/confit-de-figues-bocal-100g\/#primaryimage","url":"https:\/\/www.maison-occitane.com\/app\/uploads\/2025\/05\/9289_520px.jpg","contentUrl":"https:\/\/www.maison-occitane.com\/app\/uploads\/2025\/05\/9289_520px.jpg","width":520,"height":450,"caption":"Confit de figues"},{"@type":"BreadcrumbList","@id":"https:\/\/www.maison-occitane.com\/fr\/produit\/confit-de-figues-bocal-100g\/#breadcrumb","itemListElement":[{"@type":"ListItem","position":1,"name":"Accueil","item":"https:\/\/www.maison-occitane.com\/fr\/"},{"@type":"ListItem","position":2,"name":"Produits","item":"https:\/\/www.maison-occitane.com\/fr\/shop\/"},{"@type":"ListItem","position":3,"name":"Foie gras","item":"https:\/\/www.maison-occitane.com\/fr\/boutique\/foie-gras\/"},{"@type":"ListItem","position":4,"name":"Accompagnement de foie gras","item":"https:\/\/www.maison-occitane.com\/fr\/boutique\/foie-gras\/accompagnement-de-foie-gras\/"},{"@type":"ListItem","position":5,"name":"CONFIT DE FIGUES 100G"}]},{"@type":"WebSite","@id":"https:\/\/www.maison-occitane.com\/fr\/#website","url":"https:\/\/www.maison-occitane.com\/fr\/","name":"Maison Occitane","description":"","potentialAction":[{"@type":"SearchAction","target":{"@type":"EntryPoint","urlTemplate":"https:\/\/www.maison-occitane.com\/fr\/?s={search_term_string}"},"query-input":{"@type":"PropertyValueSpecification","valueRequired":true,"valueName":"search_term_string"}}],"inLanguage":"fr-FR"}]}},"_links":{"self":[{"href":"https:\/\/www.maison-occitane.com\/fr\/wp-json\/wp\/v2\/product\/3554","targetHints":{"allow":["GET"]}}],"collection":[{"href":"https:\/\/www.maison-occitane.com\/fr\/wp-json\/wp\/v2\/product"}],"about":[{"href":"https:\/\/www.maison-occitane.com\/fr\/wp-json\/wp\/v2\/types\/product"}],"replies":[{"embeddable":true,"href":"https:\/\/www.maison-occitane.com\/fr\/wp-json\/wp\/v2\/comments?post=3554"}],"wp:featuredmedia":[{"embeddable":true,"href":"https:\/\/www.maison-occitane.com\/fr\/wp-json\/wp\/v2\/media\/4331"}],"wp:attachment":[{"href":"https:\/\/www.maison-occitane.com\/fr\/wp-json\/wp\/v2\/media?parent=3554"}],"wp:term":[{"taxonomy":"product_cat","embeddable":true,"href":"https:\/\/www.maison-occitane.com\/fr\/wp-json\/wp\/v2\/product_cat?post=3554"},{"taxonomy":"product_tag","embeddable":true,"href":"https:\/\/www.maison-occitane.com\/fr\/wp-json\/wp\/v2\/product_tag?post=3554"},{"taxonomy":"product_origine","embeddable":true,"href":"https:\/\/www.maison-occitane.com\/fr\/wp-json\/wp\/v2\/origines?post=3554"},{"taxonomy":"label_qualite","embeddable":true,"href":"https:\/\/www.maison-occitane.com\/fr\/wp-json\/wp\/v2\/labels-qualite?post=3554"}],"curies":[{"name":"wp","href":"https:\/\/api.w.org\/{rel}","templated":true}]}}