{"id":3553,"date":"2025-05-05T08:50:43","date_gmt":"2025-05-05T06:50:43","guid":{"rendered":"http:\/\/localhost:8080\/non%20class\u00e9\/foie-gras-canard-entier-igp-sud-ouest-poivre-du-penja-bocal-180g\/"},"modified":"2026-02-26T13:03:52","modified_gmt":"2026-02-26T12:03:52","slug":"foie-gras-canard-entier-igp-sud-ouest-poivre-du-penja-bocal-180g","status":"publish","type":"product","link":"https:\/\/www.maison-occitane.com\/fr\/produit\/foie-gras-canard-entier-igp-sud-ouest-poivre-du-penja-bocal-180g\/","title":{"rendered":"FOIE GRAS CANARD ENTIER IGP DU SUD-OUEST AU POIVRE DU PENJA"},"content":{"rendered":"<p>Le poivre noir du Penja aussi appel\u00e9 poivre des oiseaux. Il fait partie des meilleurs poivres selon les fins gourmets. R\u00e9put\u00e9 pour \u00eatre un poivre sauvage et piquant, gardant de bonnes saveurs en bouche. Il s\u2019accorde parfaitement avec le foie gras de canard.<\/p>\n<p>Fabricant de foie gras de canard depuis 1975, est originaire de Gramat dans le LOT (46) au c\u0153ur du Parc R\u00e9gional des Causses du Quercy. Nous avons fait le choix d&rsquo;associer ce poivre d&rsquo;exception \u00e0 notre recette traditionnelle de foie gras de canard entier. Ce mariage conserve les qualit\u00e9s gustatives et toutes son onctuosit\u00e9 sur une note bois\u00e9e ambr\u00e9es et charpent\u00e9s.<\/p>\n<p>D\u00e9couvrez notre gamme :<\/p>\n<ul>\n<li><a href=\"https:\/\/www.maison-occitane.com\/fr\/produit\/foie-gras-canard-entier-du-sud-ouest-poivre-madagascar-180g\/\"><span class=\"link-annotation-unknown-block-id-1632159267\">Foie gras de canard entier du Sud-Ouest au poivre noir de Madagascar<\/span><\/a><\/li>\n<li><a href=\"https:\/\/www.maison-occitane.com\/fr\/produit\/foie-gras-canard-entier-du-sud-ouest-piment-espelette\/\"><span class=\"link-annotation-unknown-block-id--1801445788\">Foie gras de canard entier du Sud-Ouest au piment d&rsquo;Espelette<\/span><\/a><\/li>\n<li><a href=\"https:\/\/www.maison-occitane.com\/fr\/produit\/foie-gras-de-canard-entier-igp-sud-ouest\/\">Foie gras de canard entier du Sud-Ouest<\/a><\/li>\n<\/ul>\n<p><span style=\"color: #f29400;\"><strong>Conditionnement<\/strong>\u00a0:<\/span> Bocal de 180g<\/p>\n<p><strong><span style=\"color: #f29400;\">Nombre de parts :<\/span>\u00a0<\/strong>4 parts<\/p>\n<p>Les foies gras \u00ab en conserve \u00bb peuvent rester de 18 mois \u00e0 4 ans \u00e0 temp\u00e9rature ambiante.<\/p>\n","protected":false},"excerpt":{"rendered":"<p><span class=\"notion-enable-hover\" data-token-index=\"0\">Poivre rare, il est consid\u00e9r\u00e9 comme un des meilleurs au monde. A poivre exceptionnel, saveur exceptionnelle ! Son go\u00fbt charpent\u00e9 avec des notes bois\u00e9es ambr\u00e9es, s\u2019accorde parfaitement avec le foie gras.<\/span><\/p>\n","protected":false},"featured_media":5377,"comment_status":"open","ping_status":"closed","template":"","meta":{"_acf_changed":false},"product_cat":[770,776],"product_tag":[],"origines":[797],"labels-qualite":[],"class_list":{"0":"post-3553","1":"product","2":"type-product","3":"status-publish","4":"has-post-thumbnail","6":"product_brand-maison-occitane","7":"product_cat-foie-gras","8":"product_cat-foie-gras-en-conserve","9":"product_origine-igp-du-sud-ouest","11":"first","12":"instock","13":"taxable","14":"shipping-taxable","15":"purchasable","16":"product-type-simple","17":"add-to-wishlist-before_image"},"acf":[],"yoast_head":"<!-- This site is optimized with the Yoast SEO plugin v24.9 - https:\/\/yoast.com\/wordpress\/plugins\/seo\/ -->\n<title>Foie gras canard entier IGP du sud-ouest au poivre du Penja - Maison Occitane<\/title>\n<meta name=\"description\" content=\"D\u00e9couvrez un Foie gras de canard entier du Sud-Ouest finement assaisonn\u00e9 au Poivre noir du Penja. Issus de canards \u00e9lev\u00e9s dans le Sud-Ouest. En vente directe de notre groupement de producteurs.\" \/>\n<meta name=\"robots\" content=\"index, follow, max-snippet:-1, max-image-preview:large, max-video-preview:-1\" \/>\n<link rel=\"canonical\" href=\"https:\/\/www.maison-occitane.com\/fr\/produit\/foie-gras-canard-entier-igp-sud-ouest-poivre-du-penja-bocal-180g\/\" \/>\n<meta property=\"og:locale\" content=\"fr_FR\" \/>\n<meta property=\"og:type\" content=\"article\" \/>\n<meta property=\"og:title\" content=\"Foie gras canard entier IGP du sud-ouest au poivre du Penja - Maison Occitane\" \/>\n<meta property=\"og:description\" content=\"D\u00e9couvrez un Foie gras de canard entier du Sud-Ouest finement assaisonn\u00e9 au Poivre noir du Penja. Issus de canards \u00e9lev\u00e9s dans le Sud-Ouest. En vente directe de notre groupement de producteurs.\" \/>\n<meta property=\"og:url\" content=\"https:\/\/www.maison-occitane.com\/fr\/produit\/foie-gras-canard-entier-igp-sud-ouest-poivre-du-penja-bocal-180g\/\" \/>\n<meta property=\"og:site_name\" content=\"Maison Occitane\" \/>\n<meta property=\"article:modified_time\" content=\"2026-02-26T12:03:52+00:00\" \/>\n<meta property=\"og:image\" content=\"https:\/\/www.maison-occitane.com\/app\/uploads\/2025\/05\/9096_520px-1.jpg\" \/>\n\t<meta property=\"og:image:width\" content=\"520\" \/>\n\t<meta property=\"og:image:height\" content=\"450\" \/>\n\t<meta property=\"og:image:type\" content=\"image\/jpeg\" \/>\n<meta name=\"twitter:card\" content=\"summary_large_image\" \/>\n<meta name=\"twitter:label1\" content=\"Dur\u00e9e de lecture estim\u00e9e\" \/>\n\t<meta name=\"twitter:data1\" content=\"2 minutes\" \/>\n<script type=\"application\/ld+json\" class=\"yoast-schema-graph\">{\"@context\":\"https:\/\/schema.org\",\"@graph\":[{\"@type\":\"WebPage\",\"@id\":\"https:\/\/www.maison-occitane.com\/fr\/produit\/foie-gras-canard-entier-igp-sud-ouest-poivre-du-penja-bocal-180g\/\",\"url\":\"https:\/\/www.maison-occitane.com\/fr\/produit\/foie-gras-canard-entier-igp-sud-ouest-poivre-du-penja-bocal-180g\/\",\"name\":\"Foie gras canard entier IGP du sud-ouest au poivre du Penja - Maison Occitane\",\"isPartOf\":{\"@id\":\"https:\/\/www.maison-occitane.com\/fr\/#website\"},\"primaryImageOfPage\":{\"@id\":\"https:\/\/www.maison-occitane.com\/fr\/produit\/foie-gras-canard-entier-igp-sud-ouest-poivre-du-penja-bocal-180g\/#primaryimage\"},\"image\":{\"@id\":\"https:\/\/www.maison-occitane.com\/fr\/produit\/foie-gras-canard-entier-igp-sud-ouest-poivre-du-penja-bocal-180g\/#primaryimage\"},\"thumbnailUrl\":\"https:\/\/www.maison-occitane.com\/app\/uploads\/2025\/05\/9096_520px-1.jpg\",\"datePublished\":\"2025-05-05T06:50:43+00:00\",\"dateModified\":\"2026-02-26T12:03:52+00:00\",\"description\":\"D\u00e9couvrez un Foie gras de canard entier du Sud-Ouest finement assaisonn\u00e9 au Poivre noir du Penja. Issus de canards \u00e9lev\u00e9s dans le Sud-Ouest. En vente directe de notre groupement de producteurs.\",\"breadcrumb\":{\"@id\":\"https:\/\/www.maison-occitane.com\/fr\/produit\/foie-gras-canard-entier-igp-sud-ouest-poivre-du-penja-bocal-180g\/#breadcrumb\"},\"inLanguage\":\"fr-FR\",\"potentialAction\":[{\"@type\":\"ReadAction\",\"target\":[\"https:\/\/www.maison-occitane.com\/fr\/produit\/foie-gras-canard-entier-igp-sud-ouest-poivre-du-penja-bocal-180g\/\"]}]},{\"@type\":\"ImageObject\",\"inLanguage\":\"fr-FR\",\"@id\":\"https:\/\/www.maison-occitane.com\/fr\/produit\/foie-gras-canard-entier-igp-sud-ouest-poivre-du-penja-bocal-180g\/#primaryimage\",\"url\":\"https:\/\/www.maison-occitane.com\/app\/uploads\/2025\/05\/9096_520px-1.jpg\",\"contentUrl\":\"https:\/\/www.maison-occitane.com\/app\/uploads\/2025\/05\/9096_520px-1.jpg\",\"width\":520,\"height\":450,\"caption\":\"Foie gras de canard entier du Sud-Ouest au poivre noir du Penja\"},{\"@type\":\"BreadcrumbList\",\"@id\":\"https:\/\/www.maison-occitane.com\/fr\/produit\/foie-gras-canard-entier-igp-sud-ouest-poivre-du-penja-bocal-180g\/#breadcrumb\",\"itemListElement\":[{\"@type\":\"ListItem\",\"position\":1,\"name\":\"Accueil\",\"item\":\"https:\/\/www.maison-occitane.com\/fr\/\"},{\"@type\":\"ListItem\",\"position\":2,\"name\":\"Produits\",\"item\":\"https:\/\/www.maison-occitane.com\/fr\/shop\/\"},{\"@type\":\"ListItem\",\"position\":3,\"name\":\"Foie gras\",\"item\":\"https:\/\/www.maison-occitane.com\/fr\/boutique\/foie-gras\/\"},{\"@type\":\"ListItem\",\"position\":4,\"name\":\"Foie gras en conserve\",\"item\":\"https:\/\/www.maison-occitane.com\/fr\/boutique\/foie-gras\/foie-gras-en-conserve\/\"},{\"@type\":\"ListItem\",\"position\":5,\"name\":\"FOIE GRAS CANARD ENTIER IGP DU SUD-OUEST AU POIVRE DU PENJA\"}]},{\"@type\":\"WebSite\",\"@id\":\"https:\/\/www.maison-occitane.com\/fr\/#website\",\"url\":\"https:\/\/www.maison-occitane.com\/fr\/\",\"name\":\"Maison Occitane\",\"description\":\"\",\"potentialAction\":[{\"@type\":\"SearchAction\",\"target\":{\"@type\":\"EntryPoint\",\"urlTemplate\":\"https:\/\/www.maison-occitane.com\/fr\/?s={search_term_string}\"},\"query-input\":{\"@type\":\"PropertyValueSpecification\",\"valueRequired\":true,\"valueName\":\"search_term_string\"}}],\"inLanguage\":\"fr-FR\"}]}<\/script>\n<!-- \/ Yoast SEO plugin. -->","yoast_head_json":{"title":"Foie gras canard entier IGP du sud-ouest au poivre du Penja - Maison Occitane","description":"D\u00e9couvrez un Foie gras de canard entier du Sud-Ouest finement assaisonn\u00e9 au Poivre noir du Penja. Issus de canards \u00e9lev\u00e9s dans le Sud-Ouest. En vente directe de notre groupement de producteurs.","robots":{"index":"index","follow":"follow","max-snippet":"max-snippet:-1","max-image-preview":"max-image-preview:large","max-video-preview":"max-video-preview:-1"},"canonical":"https:\/\/www.maison-occitane.com\/fr\/produit\/foie-gras-canard-entier-igp-sud-ouest-poivre-du-penja-bocal-180g\/","og_locale":"fr_FR","og_type":"article","og_title":"Foie gras canard entier IGP du sud-ouest au poivre du Penja - Maison Occitane","og_description":"D\u00e9couvrez un Foie gras de canard entier du Sud-Ouest finement assaisonn\u00e9 au Poivre noir du Penja. Issus de canards \u00e9lev\u00e9s dans le Sud-Ouest. En vente directe de notre groupement de producteurs.","og_url":"https:\/\/www.maison-occitane.com\/fr\/produit\/foie-gras-canard-entier-igp-sud-ouest-poivre-du-penja-bocal-180g\/","og_site_name":"Maison Occitane","article_modified_time":"2026-02-26T12:03:52+00:00","og_image":[{"width":520,"height":450,"url":"https:\/\/www.maison-occitane.com\/app\/uploads\/2025\/05\/9096_520px-1.jpg","type":"image\/jpeg"}],"twitter_card":"summary_large_image","twitter_misc":{"Dur\u00e9e de lecture estim\u00e9e":"2 minutes"},"schema":{"@context":"https:\/\/schema.org","@graph":[{"@type":"WebPage","@id":"https:\/\/www.maison-occitane.com\/fr\/produit\/foie-gras-canard-entier-igp-sud-ouest-poivre-du-penja-bocal-180g\/","url":"https:\/\/www.maison-occitane.com\/fr\/produit\/foie-gras-canard-entier-igp-sud-ouest-poivre-du-penja-bocal-180g\/","name":"Foie gras canard entier IGP du sud-ouest au poivre du Penja - Maison Occitane","isPartOf":{"@id":"https:\/\/www.maison-occitane.com\/fr\/#website"},"primaryImageOfPage":{"@id":"https:\/\/www.maison-occitane.com\/fr\/produit\/foie-gras-canard-entier-igp-sud-ouest-poivre-du-penja-bocal-180g\/#primaryimage"},"image":{"@id":"https:\/\/www.maison-occitane.com\/fr\/produit\/foie-gras-canard-entier-igp-sud-ouest-poivre-du-penja-bocal-180g\/#primaryimage"},"thumbnailUrl":"https:\/\/www.maison-occitane.com\/app\/uploads\/2025\/05\/9096_520px-1.jpg","datePublished":"2025-05-05T06:50:43+00:00","dateModified":"2026-02-26T12:03:52+00:00","description":"D\u00e9couvrez un Foie gras de canard entier du Sud-Ouest finement assaisonn\u00e9 au Poivre noir du Penja. Issus de canards \u00e9lev\u00e9s dans le Sud-Ouest. En vente directe de notre groupement de producteurs.","breadcrumb":{"@id":"https:\/\/www.maison-occitane.com\/fr\/produit\/foie-gras-canard-entier-igp-sud-ouest-poivre-du-penja-bocal-180g\/#breadcrumb"},"inLanguage":"fr-FR","potentialAction":[{"@type":"ReadAction","target":["https:\/\/www.maison-occitane.com\/fr\/produit\/foie-gras-canard-entier-igp-sud-ouest-poivre-du-penja-bocal-180g\/"]}]},{"@type":"ImageObject","inLanguage":"fr-FR","@id":"https:\/\/www.maison-occitane.com\/fr\/produit\/foie-gras-canard-entier-igp-sud-ouest-poivre-du-penja-bocal-180g\/#primaryimage","url":"https:\/\/www.maison-occitane.com\/app\/uploads\/2025\/05\/9096_520px-1.jpg","contentUrl":"https:\/\/www.maison-occitane.com\/app\/uploads\/2025\/05\/9096_520px-1.jpg","width":520,"height":450,"caption":"Foie gras de canard entier du Sud-Ouest au poivre noir du Penja"},{"@type":"BreadcrumbList","@id":"https:\/\/www.maison-occitane.com\/fr\/produit\/foie-gras-canard-entier-igp-sud-ouest-poivre-du-penja-bocal-180g\/#breadcrumb","itemListElement":[{"@type":"ListItem","position":1,"name":"Accueil","item":"https:\/\/www.maison-occitane.com\/fr\/"},{"@type":"ListItem","position":2,"name":"Produits","item":"https:\/\/www.maison-occitane.com\/fr\/shop\/"},{"@type":"ListItem","position":3,"name":"Foie gras","item":"https:\/\/www.maison-occitane.com\/fr\/boutique\/foie-gras\/"},{"@type":"ListItem","position":4,"name":"Foie gras en conserve","item":"https:\/\/www.maison-occitane.com\/fr\/boutique\/foie-gras\/foie-gras-en-conserve\/"},{"@type":"ListItem","position":5,"name":"FOIE GRAS CANARD ENTIER IGP DU SUD-OUEST AU POIVRE DU PENJA"}]},{"@type":"WebSite","@id":"https:\/\/www.maison-occitane.com\/fr\/#website","url":"https:\/\/www.maison-occitane.com\/fr\/","name":"Maison Occitane","description":"","potentialAction":[{"@type":"SearchAction","target":{"@type":"EntryPoint","urlTemplate":"https:\/\/www.maison-occitane.com\/fr\/?s={search_term_string}"},"query-input":{"@type":"PropertyValueSpecification","valueRequired":true,"valueName":"search_term_string"}}],"inLanguage":"fr-FR"}]}},"_links":{"self":[{"href":"https:\/\/www.maison-occitane.com\/fr\/wp-json\/wp\/v2\/product\/3553","targetHints":{"allow":["GET"]}}],"collection":[{"href":"https:\/\/www.maison-occitane.com\/fr\/wp-json\/wp\/v2\/product"}],"about":[{"href":"https:\/\/www.maison-occitane.com\/fr\/wp-json\/wp\/v2\/types\/product"}],"replies":[{"embeddable":true,"href":"https:\/\/www.maison-occitane.com\/fr\/wp-json\/wp\/v2\/comments?post=3553"}],"wp:featuredmedia":[{"embeddable":true,"href":"https:\/\/www.maison-occitane.com\/fr\/wp-json\/wp\/v2\/media\/5377"}],"wp:attachment":[{"href":"https:\/\/www.maison-occitane.com\/fr\/wp-json\/wp\/v2\/media?parent=3553"}],"wp:term":[{"taxonomy":"product_cat","embeddable":true,"href":"https:\/\/www.maison-occitane.com\/fr\/wp-json\/wp\/v2\/product_cat?post=3553"},{"taxonomy":"product_tag","embeddable":true,"href":"https:\/\/www.maison-occitane.com\/fr\/wp-json\/wp\/v2\/product_tag?post=3553"},{"taxonomy":"product_origine","embeddable":true,"href":"https:\/\/www.maison-occitane.com\/fr\/wp-json\/wp\/v2\/origines?post=3553"},{"taxonomy":"label_qualite","embeddable":true,"href":"https:\/\/www.maison-occitane.com\/fr\/wp-json\/wp\/v2\/labels-qualite?post=3553"}],"curies":[{"name":"wp","href":"https:\/\/api.w.org\/{rel}","templated":true}]}}