{"id":3550,"date":"2025-05-05T08:50:42","date_gmt":"2025-05-05T06:50:42","guid":{"rendered":"http:\/\/localhost:8080\/non%20class\u00e9\/terrine-de-porc-au-magret-de-canard-fume-verrine\/"},"modified":"2026-04-06T11:40:39","modified_gmt":"2026-04-06T09:40:39","slug":"terrine-de-porc-au-magret-de-canard-fume-verrine","status":"publish","type":"product","link":"https:\/\/www.maison-occitane.com\/fr\/produit\/terrine-de-porc-au-magret-de-canard-fume-verrine\/","title":{"rendered":"TERRINE DE PORC AU MAGRET DE CANARD FUME"},"content":{"rendered":"<p data-start=\"258\" data-end=\"319\">Une alliance savoureuse entre deux embl\u00e8mes de la cuisine Fran\u00e7aise.<\/p>\n<p data-start=\"321\" data-end=\"578\">Notre Terrine de porc au magret de canard fum\u00e9 marie \u00e0 merveille la viande de porc d&rsquo;origine France et de canards issus de notre groupement de producteurs. Une recette audacieuse et typique du Sud-Ouest, pens\u00e9e pour les amateurs de caract\u00e8re et de gourmandise. La cuisson lente et l\u2019assaisonnement subtil permettent de pr\u00e9server toute la richesse des saveurs. \u00c9labor\u00e9e dans nos ateliers de Gramat.<\/p>\n<p data-start=\"909\" data-end=\"1116\">Chaque bouch\u00e9e r\u00e9v\u00e8le le fondant de la terrine de cochon, rehauss\u00e9 par la note fum\u00e9e et raffin\u00e9e du magret de canard.<\/p>\n<p data-start=\"909\" data-end=\"1116\">D\u00e9couvrez aussi :<\/p>\n<ul>\n<li data-start=\"909\" data-end=\"1116\"><a href=\"https:\/\/www.maison-occitane.com\/fr\/produit\/rillettes-pur-canard-du-sud-ouest-au-magret-fume-verrine-180g\/\">Rillettes pur canard du Sud-Ouest au magret fum\u00e9\u00a0<\/a><\/li>\n<li data-start=\"909\" data-end=\"1116\"><a href=\"https:\/\/www.maison-occitane.com\/fr\/produit\/magret-de-canard-igp-sud-ouest-fume-tranche-plaquette-80g\/\">Magret de canard du Sud-Ouest fum\u00e9 tranch\u00e9<\/a><\/li>\n<\/ul>\n<p><strong><span style=\"color: #f29400;\">Nombre de parts :<\/span>\u00a0<\/strong>90g \u2192 2 parts \/ 180g \u2192 4 \u00e0 5 parts<\/p>\n","protected":false},"excerpt":{"rendered":"<p>Mariage entre porc et canard. Notre terrine de cochon est fabriqu\u00e9e \u00e0 partir de porc fran\u00e7ais et de magret de canard fum\u00e9. Cette association aux saveurs du Sud-Ouest vas ravir vos papilles.<\/p>\n","protected":false},"featured_media":4138,"comment_status":"open","ping_status":"closed","template":"","meta":{"_acf_changed":false},"product_cat":[771,783],"product_tag":[],"origines":[798],"labels-qualite":[],"class_list":{"0":"post-3550","1":"product","2":"type-product","3":"status-publish","4":"has-post-thumbnail","6":"product_brand-maison-occitane","7":"product_cat-terrines-et-rillettes","8":"product_cat-terrines","9":"product_origine-france","11":"first","12":"instock","13":"taxable","14":"shipping-taxable","15":"purchasable","16":"product-type-variable","17":"add-to-wishlist-before_image"},"acf":[],"yoast_head":"<!-- This site is optimized with the Yoast SEO plugin v24.9 - https:\/\/yoast.com\/wordpress\/plugins\/seo\/ -->\n<title>TERRINE DE PORC AU MAGRET DE CANARD FUME - Maison Occitane<\/title>\n<meta name=\"description\" content=\"Terrine de porc fran\u00e7ais et magret de canard fum\u00e9. Un mariage savoureux du Sud-Ouest, cuisin\u00e9 lentement dans nos ateliers \u00e0 Gramat. Canard issus de notre groupement de producteurs.\" \/>\n<meta name=\"robots\" content=\"index, follow, max-snippet:-1, max-image-preview:large, max-video-preview:-1\" \/>\n<link rel=\"canonical\" href=\"https:\/\/www.maison-occitane.com\/fr\/produit\/terrine-de-porc-au-magret-de-canard-fume-verrine\/\" \/>\n<meta property=\"og:locale\" content=\"fr_FR\" \/>\n<meta property=\"og:type\" content=\"article\" \/>\n<meta property=\"og:title\" content=\"TERRINE DE PORC AU MAGRET DE CANARD FUME - Maison Occitane\" \/>\n<meta property=\"og:description\" content=\"Terrine de porc fran\u00e7ais et magret de canard fum\u00e9. Un mariage savoureux du Sud-Ouest, cuisin\u00e9 lentement dans nos ateliers \u00e0 Gramat. Canard issus de notre groupement de producteurs.\" \/>\n<meta property=\"og:url\" content=\"https:\/\/www.maison-occitane.com\/fr\/produit\/terrine-de-porc-au-magret-de-canard-fume-verrine\/\" \/>\n<meta property=\"og:site_name\" content=\"Maison Occitane\" \/>\n<meta property=\"article:modified_time\" content=\"2026-04-06T09:40:39+00:00\" \/>\n<meta property=\"og:image\" content=\"https:\/\/www.maison-occitane.com\/app\/uploads\/2025\/05\/9092_520px.jpg\" \/>\n\t<meta property=\"og:image:width\" content=\"520\" \/>\n\t<meta property=\"og:image:height\" content=\"450\" \/>\n\t<meta property=\"og:image:type\" content=\"image\/jpeg\" \/>\n<meta name=\"twitter:card\" content=\"summary_large_image\" \/>\n<meta name=\"twitter:label1\" content=\"Dur\u00e9e de lecture estim\u00e9e\" \/>\n\t<meta name=\"twitter:data1\" content=\"1 minute\" \/>\n<script type=\"application\/ld+json\" class=\"yoast-schema-graph\">{\"@context\":\"https:\/\/schema.org\",\"@graph\":[{\"@type\":\"WebPage\",\"@id\":\"https:\/\/www.maison-occitane.com\/fr\/produit\/terrine-de-porc-au-magret-de-canard-fume-verrine\/\",\"url\":\"https:\/\/www.maison-occitane.com\/fr\/produit\/terrine-de-porc-au-magret-de-canard-fume-verrine\/\",\"name\":\"TERRINE DE PORC AU MAGRET DE CANARD FUME - Maison Occitane\",\"isPartOf\":{\"@id\":\"https:\/\/www.maison-occitane.com\/fr\/#website\"},\"primaryImageOfPage\":{\"@id\":\"https:\/\/www.maison-occitane.com\/fr\/produit\/terrine-de-porc-au-magret-de-canard-fume-verrine\/#primaryimage\"},\"image\":{\"@id\":\"https:\/\/www.maison-occitane.com\/fr\/produit\/terrine-de-porc-au-magret-de-canard-fume-verrine\/#primaryimage\"},\"thumbnailUrl\":\"https:\/\/www.maison-occitane.com\/app\/uploads\/2025\/05\/9092_520px.jpg\",\"datePublished\":\"2025-05-05T06:50:42+00:00\",\"dateModified\":\"2026-04-06T09:40:39+00:00\",\"description\":\"Terrine de porc fran\u00e7ais et magret de canard fum\u00e9. Un mariage savoureux du Sud-Ouest, cuisin\u00e9 lentement dans nos ateliers \u00e0 Gramat. Canard issus de notre groupement de producteurs.\",\"breadcrumb\":{\"@id\":\"https:\/\/www.maison-occitane.com\/fr\/produit\/terrine-de-porc-au-magret-de-canard-fume-verrine\/#breadcrumb\"},\"inLanguage\":\"fr-FR\",\"potentialAction\":[{\"@type\":\"ReadAction\",\"target\":[\"https:\/\/www.maison-occitane.com\/fr\/produit\/terrine-de-porc-au-magret-de-canard-fume-verrine\/\"]}]},{\"@type\":\"ImageObject\",\"inLanguage\":\"fr-FR\",\"@id\":\"https:\/\/www.maison-occitane.com\/fr\/produit\/terrine-de-porc-au-magret-de-canard-fume-verrine\/#primaryimage\",\"url\":\"https:\/\/www.maison-occitane.com\/app\/uploads\/2025\/05\/9092_520px.jpg\",\"contentUrl\":\"https:\/\/www.maison-occitane.com\/app\/uploads\/2025\/05\/9092_520px.jpg\",\"width\":520,\"height\":450,\"caption\":\"Terrine de porc au magret de canard fum\u00e9 -90g\"},{\"@type\":\"BreadcrumbList\",\"@id\":\"https:\/\/www.maison-occitane.com\/fr\/produit\/terrine-de-porc-au-magret-de-canard-fume-verrine\/#breadcrumb\",\"itemListElement\":[{\"@type\":\"ListItem\",\"position\":1,\"name\":\"Accueil\",\"item\":\"https:\/\/www.maison-occitane.com\/fr\/\"},{\"@type\":\"ListItem\",\"position\":2,\"name\":\"Produits\",\"item\":\"https:\/\/www.maison-occitane.com\/fr\/shop\/\"},{\"@type\":\"ListItem\",\"position\":3,\"name\":\"Terrines et Rillettes\",\"item\":\"https:\/\/www.maison-occitane.com\/fr\/boutique\/terrines-et-rillettes\/\"},{\"@type\":\"ListItem\",\"position\":4,\"name\":\"Terrines\",\"item\":\"https:\/\/www.maison-occitane.com\/fr\/boutique\/terrines-et-rillettes\/terrines\/\"},{\"@type\":\"ListItem\",\"position\":5,\"name\":\"TERRINE DE PORC AU MAGRET DE CANARD FUME\"}]},{\"@type\":\"WebSite\",\"@id\":\"https:\/\/www.maison-occitane.com\/fr\/#website\",\"url\":\"https:\/\/www.maison-occitane.com\/fr\/\",\"name\":\"Maison Occitane\",\"description\":\"\",\"potentialAction\":[{\"@type\":\"SearchAction\",\"target\":{\"@type\":\"EntryPoint\",\"urlTemplate\":\"https:\/\/www.maison-occitane.com\/fr\/?s={search_term_string}\"},\"query-input\":{\"@type\":\"PropertyValueSpecification\",\"valueRequired\":true,\"valueName\":\"search_term_string\"}}],\"inLanguage\":\"fr-FR\"}]}<\/script>\n<!-- \/ Yoast SEO plugin. -->","yoast_head_json":{"title":"TERRINE DE PORC AU MAGRET DE CANARD FUME - Maison Occitane","description":"Terrine de porc fran\u00e7ais et magret de canard fum\u00e9. Un mariage savoureux du Sud-Ouest, cuisin\u00e9 lentement dans nos ateliers \u00e0 Gramat. Canard issus de notre groupement de producteurs.","robots":{"index":"index","follow":"follow","max-snippet":"max-snippet:-1","max-image-preview":"max-image-preview:large","max-video-preview":"max-video-preview:-1"},"canonical":"https:\/\/www.maison-occitane.com\/fr\/produit\/terrine-de-porc-au-magret-de-canard-fume-verrine\/","og_locale":"fr_FR","og_type":"article","og_title":"TERRINE DE PORC AU MAGRET DE CANARD FUME - Maison Occitane","og_description":"Terrine de porc fran\u00e7ais et magret de canard fum\u00e9. Un mariage savoureux du Sud-Ouest, cuisin\u00e9 lentement dans nos ateliers \u00e0 Gramat. Canard issus de notre groupement de producteurs.","og_url":"https:\/\/www.maison-occitane.com\/fr\/produit\/terrine-de-porc-au-magret-de-canard-fume-verrine\/","og_site_name":"Maison Occitane","article_modified_time":"2026-04-06T09:40:39+00:00","og_image":[{"width":520,"height":450,"url":"https:\/\/www.maison-occitane.com\/app\/uploads\/2025\/05\/9092_520px.jpg","type":"image\/jpeg"}],"twitter_card":"summary_large_image","twitter_misc":{"Dur\u00e9e de lecture estim\u00e9e":"1 minute"},"schema":{"@context":"https:\/\/schema.org","@graph":[{"@type":"WebPage","@id":"https:\/\/www.maison-occitane.com\/fr\/produit\/terrine-de-porc-au-magret-de-canard-fume-verrine\/","url":"https:\/\/www.maison-occitane.com\/fr\/produit\/terrine-de-porc-au-magret-de-canard-fume-verrine\/","name":"TERRINE DE PORC AU MAGRET DE CANARD FUME - Maison Occitane","isPartOf":{"@id":"https:\/\/www.maison-occitane.com\/fr\/#website"},"primaryImageOfPage":{"@id":"https:\/\/www.maison-occitane.com\/fr\/produit\/terrine-de-porc-au-magret-de-canard-fume-verrine\/#primaryimage"},"image":{"@id":"https:\/\/www.maison-occitane.com\/fr\/produit\/terrine-de-porc-au-magret-de-canard-fume-verrine\/#primaryimage"},"thumbnailUrl":"https:\/\/www.maison-occitane.com\/app\/uploads\/2025\/05\/9092_520px.jpg","datePublished":"2025-05-05T06:50:42+00:00","dateModified":"2026-04-06T09:40:39+00:00","description":"Terrine de porc fran\u00e7ais et magret de canard fum\u00e9. Un mariage savoureux du Sud-Ouest, cuisin\u00e9 lentement dans nos ateliers \u00e0 Gramat. Canard issus de notre groupement de producteurs.","breadcrumb":{"@id":"https:\/\/www.maison-occitane.com\/fr\/produit\/terrine-de-porc-au-magret-de-canard-fume-verrine\/#breadcrumb"},"inLanguage":"fr-FR","potentialAction":[{"@type":"ReadAction","target":["https:\/\/www.maison-occitane.com\/fr\/produit\/terrine-de-porc-au-magret-de-canard-fume-verrine\/"]}]},{"@type":"ImageObject","inLanguage":"fr-FR","@id":"https:\/\/www.maison-occitane.com\/fr\/produit\/terrine-de-porc-au-magret-de-canard-fume-verrine\/#primaryimage","url":"https:\/\/www.maison-occitane.com\/app\/uploads\/2025\/05\/9092_520px.jpg","contentUrl":"https:\/\/www.maison-occitane.com\/app\/uploads\/2025\/05\/9092_520px.jpg","width":520,"height":450,"caption":"Terrine de porc au magret de canard fum\u00e9 -90g"},{"@type":"BreadcrumbList","@id":"https:\/\/www.maison-occitane.com\/fr\/produit\/terrine-de-porc-au-magret-de-canard-fume-verrine\/#breadcrumb","itemListElement":[{"@type":"ListItem","position":1,"name":"Accueil","item":"https:\/\/www.maison-occitane.com\/fr\/"},{"@type":"ListItem","position":2,"name":"Produits","item":"https:\/\/www.maison-occitane.com\/fr\/shop\/"},{"@type":"ListItem","position":3,"name":"Terrines et Rillettes","item":"https:\/\/www.maison-occitane.com\/fr\/boutique\/terrines-et-rillettes\/"},{"@type":"ListItem","position":4,"name":"Terrines","item":"https:\/\/www.maison-occitane.com\/fr\/boutique\/terrines-et-rillettes\/terrines\/"},{"@type":"ListItem","position":5,"name":"TERRINE DE PORC AU MAGRET DE CANARD FUME"}]},{"@type":"WebSite","@id":"https:\/\/www.maison-occitane.com\/fr\/#website","url":"https:\/\/www.maison-occitane.com\/fr\/","name":"Maison Occitane","description":"","potentialAction":[{"@type":"SearchAction","target":{"@type":"EntryPoint","urlTemplate":"https:\/\/www.maison-occitane.com\/fr\/?s={search_term_string}"},"query-input":{"@type":"PropertyValueSpecification","valueRequired":true,"valueName":"search_term_string"}}],"inLanguage":"fr-FR"}]}},"_links":{"self":[{"href":"https:\/\/www.maison-occitane.com\/fr\/wp-json\/wp\/v2\/product\/3550","targetHints":{"allow":["GET"]}}],"collection":[{"href":"https:\/\/www.maison-occitane.com\/fr\/wp-json\/wp\/v2\/product"}],"about":[{"href":"https:\/\/www.maison-occitane.com\/fr\/wp-json\/wp\/v2\/types\/product"}],"replies":[{"embeddable":true,"href":"https:\/\/www.maison-occitane.com\/fr\/wp-json\/wp\/v2\/comments?post=3550"}],"wp:featuredmedia":[{"embeddable":true,"href":"https:\/\/www.maison-occitane.com\/fr\/wp-json\/wp\/v2\/media\/4138"}],"wp:attachment":[{"href":"https:\/\/www.maison-occitane.com\/fr\/wp-json\/wp\/v2\/media?parent=3550"}],"wp:term":[{"taxonomy":"product_cat","embeddable":true,"href":"https:\/\/www.maison-occitane.com\/fr\/wp-json\/wp\/v2\/product_cat?post=3550"},{"taxonomy":"product_tag","embeddable":true,"href":"https:\/\/www.maison-occitane.com\/fr\/wp-json\/wp\/v2\/product_tag?post=3550"},{"taxonomy":"product_origine","embeddable":true,"href":"https:\/\/www.maison-occitane.com\/fr\/wp-json\/wp\/v2\/origines?post=3550"},{"taxonomy":"label_qualite","embeddable":true,"href":"https:\/\/www.maison-occitane.com\/fr\/wp-json\/wp\/v2\/labels-qualite?post=3550"}],"curies":[{"name":"wp","href":"https:\/\/api.w.org\/{rel}","templated":true}]}}