{"id":3546,"date":"2025-05-05T08:50:42","date_gmt":"2025-05-05T06:50:42","guid":{"rendered":"http:\/\/localhost:8080\/non%20class\u00e9\/casse-croute-pepe-gaston-verrine\/"},"modified":"2026-04-22T16:53:40","modified_gmt":"2026-04-22T14:53:40","slug":"casse-croute-pepe-gaston-verrine","status":"publish","type":"product","link":"https:\/\/www.maison-occitane.com\/fr\/produit\/casse-croute-pepe-gaston-verrine\/","title":{"rendered":"CASSE CROUTE PEPE GASTON"},"content":{"rendered":"<p data-start=\"937\" data-end=\"1002\">Un grand classique du Sud-Ouest.<\/p>\n<p data-start=\"1004\" data-end=\"1247\">Le Casse-Cro\u00fbte P\u00e9p\u00e9 Gaston incarne l\u2019esprit des tables simples, g\u00e9n\u00e9reuses et conviviales. Cette terrine \u00e0 l\u2019ancienne, cuisin\u00e9e avec amour dans notre atelier de Gramat, est une recette fid\u00e8le aux traditions de notre terroir.<\/p>\n<p data-start=\"1249\" data-end=\"1596\">Pr\u00e9par\u00e9e \u00e0 partir de <strong>viande de porc d&rsquo;origine France<\/strong>, avec un assaisonnement pr\u00e9cis et d\u2019une cuisson lente, qui lui conf\u00e8rent une texture fondante et un go\u00fbt rustique, comme autrefois. Chaque bouch\u00e9e rappelle les repas de campagne, les pique-niques improvis\u00e9s ou les casse-cro\u00fbtes de nos grands-parents.<\/p>\n<p data-start=\"1598\" data-end=\"1902\">Dans chaque recette nous perp\u00e9tuons ce savoir-faire artisanal, avec des ingr\u00e9dients simples, sans colorant ni conservateur. Cette terrine traditionnelle est id\u00e9ale pour l\u2019ap\u00e9ritif, sur une tranche de pain de campagne ou dans un sandwich rustique, accompagn\u00e9e d\u2019un verre de vin rouge.<\/p>\n<p>D\u00e9couvrez notre gamme :<\/p>\n<ul>\n<li><a href=\"https:\/\/www.maison-occitane.com\/fr\/produit\/delice-de-meme-lulu-a-lail-rose-verrine\/\">D\u00e9lice de m\u00e9m\u00e9 Lulu \u00e0 l&rsquo;ail rose<\/a><\/li>\n<\/ul>\n<p><strong><span style=\"color: #f29400;\">Nombre de parts :<\/span>\u00a0<\/strong>90g \u2192 2 parts \/ 180g \u2192 4 \u00e0 5 parts<\/p>\n<p>&nbsp;<\/p>\n","protected":false},"excerpt":{"rendered":"<p>La terrine est un v\u00e9ritable classique de nos terroirs ! Le Casse-Cro\u00fbte P\u00e9p\u00e9 Gaston est une terrine au go\u00fbt authentique et rustique. Pr\u00e9par\u00e9e dans notre atelier \u00e0 Gramat avec du <strong data-start=\"372\" data-end=\"395\">porc 100% fran\u00e7ais<\/strong>, elle s\u00e9duit par sa texture fondante et ses saveurs d\u2019autrefois. Id\u00e9ale pour un ap\u00e9ritif convivial ou un casse-cro\u00fbte de qualit\u00e9.<\/p>\n","protected":false},"featured_media":4130,"comment_status":"open","ping_status":"closed","template":"","meta":{"_acf_changed":false},"product_cat":[771,783],"product_tag":[],"origines":[798],"labels-qualite":[],"class_list":{"0":"post-3546","1":"product","2":"type-product","3":"status-publish","4":"has-post-thumbnail","6":"product_brand-maison-occitane","7":"product_cat-terrines-et-rillettes","8":"product_cat-terrines","9":"product_origine-france","11":"first","12":"instock","13":"taxable","14":"shipping-taxable","15":"purchasable","16":"product-type-variable","17":"add-to-wishlist-before_image"},"acf":[],"yoast_head":"<!-- This site is optimized with the Yoast SEO plugin v24.9 - https:\/\/yoast.com\/wordpress\/plugins\/seo\/ -->\n<title>CASSE CROUTE PEPE GASTON - Maison Occitane<\/title>\n<meta name=\"description\" content=\"Terrine artisanale \u00e0 l\u2019ancienne au porc fran\u00e7ais, cuisin\u00e9e dans le Sud-Ouest. Un go\u00fbt rustique et fondant, fid\u00e8le aux saveurs d\u2019autrefois.\" \/>\n<meta name=\"robots\" content=\"index, follow, max-snippet:-1, max-image-preview:large, max-video-preview:-1\" \/>\n<link rel=\"canonical\" href=\"https:\/\/www.maison-occitane.com\/fr\/produit\/casse-croute-pepe-gaston-verrine\/\" \/>\n<meta property=\"og:locale\" content=\"fr_FR\" \/>\n<meta property=\"og:type\" content=\"article\" \/>\n<meta property=\"og:title\" content=\"CASSE CROUTE PEPE GASTON - Maison Occitane\" \/>\n<meta property=\"og:description\" content=\"Terrine artisanale \u00e0 l\u2019ancienne au porc fran\u00e7ais, cuisin\u00e9e dans le Sud-Ouest. Un go\u00fbt rustique et fondant, fid\u00e8le aux saveurs d\u2019autrefois.\" \/>\n<meta property=\"og:url\" content=\"https:\/\/www.maison-occitane.com\/fr\/produit\/casse-croute-pepe-gaston-verrine\/\" \/>\n<meta property=\"og:site_name\" content=\"Maison Occitane\" \/>\n<meta property=\"article:modified_time\" content=\"2026-04-22T14:53:40+00:00\" \/>\n<meta property=\"og:image\" content=\"https:\/\/www.maison-occitane.com\/app\/uploads\/2025\/05\/8825_520px.jpg\" \/>\n\t<meta property=\"og:image:width\" content=\"520\" \/>\n\t<meta property=\"og:image:height\" content=\"450\" \/>\n\t<meta property=\"og:image:type\" content=\"image\/jpeg\" \/>\n<meta name=\"twitter:card\" content=\"summary_large_image\" \/>\n<meta name=\"twitter:label1\" content=\"Dur\u00e9e de lecture estim\u00e9e\" \/>\n\t<meta name=\"twitter:data1\" content=\"1 minute\" \/>\n<script type=\"application\/ld+json\" class=\"yoast-schema-graph\">{\"@context\":\"https:\/\/schema.org\",\"@graph\":[{\"@type\":\"WebPage\",\"@id\":\"https:\/\/www.maison-occitane.com\/fr\/produit\/casse-croute-pepe-gaston-verrine\/\",\"url\":\"https:\/\/www.maison-occitane.com\/fr\/produit\/casse-croute-pepe-gaston-verrine\/\",\"name\":\"CASSE CROUTE PEPE GASTON - Maison Occitane\",\"isPartOf\":{\"@id\":\"https:\/\/www.maison-occitane.com\/fr\/#website\"},\"primaryImageOfPage\":{\"@id\":\"https:\/\/www.maison-occitane.com\/fr\/produit\/casse-croute-pepe-gaston-verrine\/#primaryimage\"},\"image\":{\"@id\":\"https:\/\/www.maison-occitane.com\/fr\/produit\/casse-croute-pepe-gaston-verrine\/#primaryimage\"},\"thumbnailUrl\":\"https:\/\/www.maison-occitane.com\/app\/uploads\/2025\/05\/8825_520px.jpg\",\"datePublished\":\"2025-05-05T06:50:42+00:00\",\"dateModified\":\"2026-04-22T14:53:40+00:00\",\"description\":\"Terrine artisanale \u00e0 l\u2019ancienne au porc fran\u00e7ais, cuisin\u00e9e dans le Sud-Ouest. Un go\u00fbt rustique et fondant, fid\u00e8le aux saveurs d\u2019autrefois.\",\"breadcrumb\":{\"@id\":\"https:\/\/www.maison-occitane.com\/fr\/produit\/casse-croute-pepe-gaston-verrine\/#breadcrumb\"},\"inLanguage\":\"fr-FR\",\"potentialAction\":[{\"@type\":\"ReadAction\",\"target\":[\"https:\/\/www.maison-occitane.com\/fr\/produit\/casse-croute-pepe-gaston-verrine\/\"]}]},{\"@type\":\"ImageObject\",\"inLanguage\":\"fr-FR\",\"@id\":\"https:\/\/www.maison-occitane.com\/fr\/produit\/casse-croute-pepe-gaston-verrine\/#primaryimage\",\"url\":\"https:\/\/www.maison-occitane.com\/app\/uploads\/2025\/05\/8825_520px.jpg\",\"contentUrl\":\"https:\/\/www.maison-occitane.com\/app\/uploads\/2025\/05\/8825_520px.jpg\",\"width\":520,\"height\":450,\"caption\":\"Le casse-cro\u00fbte de P\u00e9p\u00e9 Gaston - 90g\"},{\"@type\":\"BreadcrumbList\",\"@id\":\"https:\/\/www.maison-occitane.com\/fr\/produit\/casse-croute-pepe-gaston-verrine\/#breadcrumb\",\"itemListElement\":[{\"@type\":\"ListItem\",\"position\":1,\"name\":\"Accueil\",\"item\":\"https:\/\/www.maison-occitane.com\/fr\/\"},{\"@type\":\"ListItem\",\"position\":2,\"name\":\"Produits\",\"item\":\"https:\/\/www.maison-occitane.com\/fr\/shop\/\"},{\"@type\":\"ListItem\",\"position\":3,\"name\":\"Terrines et Rillettes\",\"item\":\"https:\/\/www.maison-occitane.com\/fr\/boutique\/terrines-et-rillettes\/\"},{\"@type\":\"ListItem\",\"position\":4,\"name\":\"Terrines\",\"item\":\"https:\/\/www.maison-occitane.com\/fr\/boutique\/terrines-et-rillettes\/terrines\/\"},{\"@type\":\"ListItem\",\"position\":5,\"name\":\"CASSE CROUTE PEPE GASTON\"}]},{\"@type\":\"WebSite\",\"@id\":\"https:\/\/www.maison-occitane.com\/fr\/#website\",\"url\":\"https:\/\/www.maison-occitane.com\/fr\/\",\"name\":\"Maison Occitane\",\"description\":\"\",\"potentialAction\":[{\"@type\":\"SearchAction\",\"target\":{\"@type\":\"EntryPoint\",\"urlTemplate\":\"https:\/\/www.maison-occitane.com\/fr\/?s={search_term_string}\"},\"query-input\":{\"@type\":\"PropertyValueSpecification\",\"valueRequired\":true,\"valueName\":\"search_term_string\"}}],\"inLanguage\":\"fr-FR\"}]}<\/script>\n<!-- \/ Yoast SEO plugin. -->","yoast_head_json":{"title":"CASSE CROUTE PEPE GASTON - Maison Occitane","description":"Terrine artisanale \u00e0 l\u2019ancienne au porc fran\u00e7ais, cuisin\u00e9e dans le Sud-Ouest. Un go\u00fbt rustique et fondant, fid\u00e8le aux saveurs d\u2019autrefois.","robots":{"index":"index","follow":"follow","max-snippet":"max-snippet:-1","max-image-preview":"max-image-preview:large","max-video-preview":"max-video-preview:-1"},"canonical":"https:\/\/www.maison-occitane.com\/fr\/produit\/casse-croute-pepe-gaston-verrine\/","og_locale":"fr_FR","og_type":"article","og_title":"CASSE CROUTE PEPE GASTON - Maison Occitane","og_description":"Terrine artisanale \u00e0 l\u2019ancienne au porc fran\u00e7ais, cuisin\u00e9e dans le Sud-Ouest. Un go\u00fbt rustique et fondant, fid\u00e8le aux saveurs d\u2019autrefois.","og_url":"https:\/\/www.maison-occitane.com\/fr\/produit\/casse-croute-pepe-gaston-verrine\/","og_site_name":"Maison Occitane","article_modified_time":"2026-04-22T14:53:40+00:00","og_image":[{"width":520,"height":450,"url":"https:\/\/www.maison-occitane.com\/app\/uploads\/2025\/05\/8825_520px.jpg","type":"image\/jpeg"}],"twitter_card":"summary_large_image","twitter_misc":{"Dur\u00e9e de lecture estim\u00e9e":"1 minute"},"schema":{"@context":"https:\/\/schema.org","@graph":[{"@type":"WebPage","@id":"https:\/\/www.maison-occitane.com\/fr\/produit\/casse-croute-pepe-gaston-verrine\/","url":"https:\/\/www.maison-occitane.com\/fr\/produit\/casse-croute-pepe-gaston-verrine\/","name":"CASSE CROUTE PEPE GASTON - Maison Occitane","isPartOf":{"@id":"https:\/\/www.maison-occitane.com\/fr\/#website"},"primaryImageOfPage":{"@id":"https:\/\/www.maison-occitane.com\/fr\/produit\/casse-croute-pepe-gaston-verrine\/#primaryimage"},"image":{"@id":"https:\/\/www.maison-occitane.com\/fr\/produit\/casse-croute-pepe-gaston-verrine\/#primaryimage"},"thumbnailUrl":"https:\/\/www.maison-occitane.com\/app\/uploads\/2025\/05\/8825_520px.jpg","datePublished":"2025-05-05T06:50:42+00:00","dateModified":"2026-04-22T14:53:40+00:00","description":"Terrine artisanale \u00e0 l\u2019ancienne au porc fran\u00e7ais, cuisin\u00e9e dans le Sud-Ouest. Un go\u00fbt rustique et fondant, fid\u00e8le aux saveurs d\u2019autrefois.","breadcrumb":{"@id":"https:\/\/www.maison-occitane.com\/fr\/produit\/casse-croute-pepe-gaston-verrine\/#breadcrumb"},"inLanguage":"fr-FR","potentialAction":[{"@type":"ReadAction","target":["https:\/\/www.maison-occitane.com\/fr\/produit\/casse-croute-pepe-gaston-verrine\/"]}]},{"@type":"ImageObject","inLanguage":"fr-FR","@id":"https:\/\/www.maison-occitane.com\/fr\/produit\/casse-croute-pepe-gaston-verrine\/#primaryimage","url":"https:\/\/www.maison-occitane.com\/app\/uploads\/2025\/05\/8825_520px.jpg","contentUrl":"https:\/\/www.maison-occitane.com\/app\/uploads\/2025\/05\/8825_520px.jpg","width":520,"height":450,"caption":"Le casse-cro\u00fbte de P\u00e9p\u00e9 Gaston - 90g"},{"@type":"BreadcrumbList","@id":"https:\/\/www.maison-occitane.com\/fr\/produit\/casse-croute-pepe-gaston-verrine\/#breadcrumb","itemListElement":[{"@type":"ListItem","position":1,"name":"Accueil","item":"https:\/\/www.maison-occitane.com\/fr\/"},{"@type":"ListItem","position":2,"name":"Produits","item":"https:\/\/www.maison-occitane.com\/fr\/shop\/"},{"@type":"ListItem","position":3,"name":"Terrines et Rillettes","item":"https:\/\/www.maison-occitane.com\/fr\/boutique\/terrines-et-rillettes\/"},{"@type":"ListItem","position":4,"name":"Terrines","item":"https:\/\/www.maison-occitane.com\/fr\/boutique\/terrines-et-rillettes\/terrines\/"},{"@type":"ListItem","position":5,"name":"CASSE CROUTE PEPE GASTON"}]},{"@type":"WebSite","@id":"https:\/\/www.maison-occitane.com\/fr\/#website","url":"https:\/\/www.maison-occitane.com\/fr\/","name":"Maison Occitane","description":"","potentialAction":[{"@type":"SearchAction","target":{"@type":"EntryPoint","urlTemplate":"https:\/\/www.maison-occitane.com\/fr\/?s={search_term_string}"},"query-input":{"@type":"PropertyValueSpecification","valueRequired":true,"valueName":"search_term_string"}}],"inLanguage":"fr-FR"}]}},"_links":{"self":[{"href":"https:\/\/www.maison-occitane.com\/fr\/wp-json\/wp\/v2\/product\/3546","targetHints":{"allow":["GET"]}}],"collection":[{"href":"https:\/\/www.maison-occitane.com\/fr\/wp-json\/wp\/v2\/product"}],"about":[{"href":"https:\/\/www.maison-occitane.com\/fr\/wp-json\/wp\/v2\/types\/product"}],"replies":[{"embeddable":true,"href":"https:\/\/www.maison-occitane.com\/fr\/wp-json\/wp\/v2\/comments?post=3546"}],"wp:featuredmedia":[{"embeddable":true,"href":"https:\/\/www.maison-occitane.com\/fr\/wp-json\/wp\/v2\/media\/4130"}],"wp:attachment":[{"href":"https:\/\/www.maison-occitane.com\/fr\/wp-json\/wp\/v2\/media?parent=3546"}],"wp:term":[{"taxonomy":"product_cat","embeddable":true,"href":"https:\/\/www.maison-occitane.com\/fr\/wp-json\/wp\/v2\/product_cat?post=3546"},{"taxonomy":"product_tag","embeddable":true,"href":"https:\/\/www.maison-occitane.com\/fr\/wp-json\/wp\/v2\/product_tag?post=3546"},{"taxonomy":"product_origine","embeddable":true,"href":"https:\/\/www.maison-occitane.com\/fr\/wp-json\/wp\/v2\/origines?post=3546"},{"taxonomy":"label_qualite","embeddable":true,"href":"https:\/\/www.maison-occitane.com\/fr\/wp-json\/wp\/v2\/labels-qualite?post=3546"}],"curies":[{"name":"wp","href":"https:\/\/api.w.org\/{rel}","templated":true}]}}