{"id":3545,"date":"2025-05-05T08:50:42","date_gmt":"2025-05-05T06:50:42","guid":{"rendered":"http:\/\/localhost:8080\/non%20class\u00e9\/tapenade-verte-verrine-100g\/"},"modified":"2026-04-20T10:24:15","modified_gmt":"2026-04-20T08:24:15","slug":"tapenade-verte-verrine-100g","status":"publish","type":"product","link":"https:\/\/www.maison-occitane.com\/fr\/produit\/tapenade-verte-verrine-100g\/","title":{"rendered":"TAPENADE VERTE"},"content":{"rendered":"<p>Recette traditionnelle embl\u00e9matique de la cuisine proven\u00e7ale.<\/p>\n<p>Envie d\u2019un ap\u00e9ritif ensoleill\u00e9 et plein de caract\u00e8re. Notre tapenade est une invitation pour partager un moment simple et gourmand comme on les aime dans le Sud-Ouest.<\/p>\n<p>Le m\u00e9lange des olives vertes l\u00e9g\u00e8rement am\u00e8res et la saveur sp\u00e9cifique de l\u2019anchois cr\u00e9ent un subtil mariage qui ensoleillera vos tables. Tartiner sur des toasts gourmands\u00a0grill\u00e9s, \u00e0 proposer en tapas, ou \u00e0 glisser dans une planches ap\u00e9ro avec un foie gras ou une rillettes de canard.<\/p>\n<p>&nbsp;<\/p>\n","protected":false},"excerpt":{"rendered":"<p><span class=\"notion-enable-hover\" data-token-index=\"0\">A tartiner en ap\u00e9ritif, la tapenade verte est un amuse bouche incontournable pour un voyage dans le Sud. Elle trouve parfaitement sa place sur vos planches ap\u00e9ro aux accents du Sud-Ouest, aux c\u00f4t\u00e9s d\u2019un foie gras ou de rillettes de canard. <\/span><\/p>\n","protected":false},"featured_media":4635,"comment_status":"open","ping_status":"closed","template":"","meta":{"_acf_changed":false},"product_cat":[775,791],"product_tag":[],"origines":[800],"labels-qualite":[],"class_list":{"0":"post-3545","1":"product","2":"type-product","3":"status-publish","4":"has-post-thumbnail","6":"product_brand-selection-gourmande","7":"product_cat-epicerie-fine","8":"product_cat-tartinables-et-apero","9":"product_origine-autre","11":"first","12":"instock","13":"taxable","14":"shipping-taxable","15":"purchasable","16":"product-type-simple","17":"add-to-wishlist-before_image"},"acf":[],"yoast_head":"<!-- This site is optimized with the Yoast SEO plugin v24.9 - https:\/\/yoast.com\/wordpress\/plugins\/seo\/ -->\n<title>TAPENADE VERTE- Maison Occitane<\/title>\n<meta name=\"description\" content=\"Tapenade verte \u00e0 savourer en tapas ou \u00e0 tartiner pour l\u2019ap\u00e9ro gourmets, avec foie gras ou rillettes. Un classique du Sud \u00e0 partager sur une planche ap\u00e9ro aux accents du Sud.\" \/>\n<meta name=\"robots\" content=\"index, follow, max-snippet:-1, max-image-preview:large, max-video-preview:-1\" \/>\n<link rel=\"canonical\" href=\"https:\/\/www.maison-occitane.com\/fr\/produit\/tapenade-verte-verrine-100g\/\" \/>\n<meta property=\"og:locale\" content=\"fr_FR\" \/>\n<meta property=\"og:type\" content=\"article\" \/>\n<meta property=\"og:title\" content=\"TAPENADE VERTE- Maison Occitane\" \/>\n<meta property=\"og:description\" content=\"Tapenade verte \u00e0 savourer en tapas ou \u00e0 tartiner pour l\u2019ap\u00e9ro gourmets, avec foie gras ou rillettes. Un classique du Sud \u00e0 partager sur une planche ap\u00e9ro aux accents du Sud.\" \/>\n<meta property=\"og:url\" content=\"https:\/\/www.maison-occitane.com\/fr\/produit\/tapenade-verte-verrine-100g\/\" \/>\n<meta property=\"og:site_name\" content=\"Maison Occitane\" \/>\n<meta property=\"article:modified_time\" content=\"2026-04-20T08:24:15+00:00\" \/>\n<meta property=\"og:image\" content=\"https:\/\/www.maison-occitane.com\/app\/uploads\/2025\/05\/8522_520px.jpg\" \/>\n\t<meta property=\"og:image:width\" content=\"520\" \/>\n\t<meta property=\"og:image:height\" content=\"450\" \/>\n\t<meta property=\"og:image:type\" content=\"image\/jpeg\" \/>\n<meta name=\"twitter:card\" content=\"summary_large_image\" \/>\n<meta name=\"twitter:label1\" content=\"Dur\u00e9e de lecture estim\u00e9e\" \/>\n\t<meta name=\"twitter:data1\" content=\"1 minute\" \/>\n<script type=\"application\/ld+json\" class=\"yoast-schema-graph\">{\"@context\":\"https:\/\/schema.org\",\"@graph\":[{\"@type\":\"WebPage\",\"@id\":\"https:\/\/www.maison-occitane.com\/fr\/produit\/tapenade-verte-verrine-100g\/\",\"url\":\"https:\/\/www.maison-occitane.com\/fr\/produit\/tapenade-verte-verrine-100g\/\",\"name\":\"TAPENADE VERTE- Maison Occitane\",\"isPartOf\":{\"@id\":\"https:\/\/www.maison-occitane.com\/fr\/#website\"},\"primaryImageOfPage\":{\"@id\":\"https:\/\/www.maison-occitane.com\/fr\/produit\/tapenade-verte-verrine-100g\/#primaryimage\"},\"image\":{\"@id\":\"https:\/\/www.maison-occitane.com\/fr\/produit\/tapenade-verte-verrine-100g\/#primaryimage\"},\"thumbnailUrl\":\"https:\/\/www.maison-occitane.com\/app\/uploads\/2025\/05\/8522_520px.jpg\",\"datePublished\":\"2025-05-05T06:50:42+00:00\",\"dateModified\":\"2026-04-20T08:24:15+00:00\",\"description\":\"Tapenade verte \u00e0 savourer en tapas ou \u00e0 tartiner pour l\u2019ap\u00e9ro gourmets, avec foie gras ou rillettes. Un classique du Sud \u00e0 partager sur une planche ap\u00e9ro aux accents du Sud.\",\"breadcrumb\":{\"@id\":\"https:\/\/www.maison-occitane.com\/fr\/produit\/tapenade-verte-verrine-100g\/#breadcrumb\"},\"inLanguage\":\"fr-FR\",\"potentialAction\":[{\"@type\":\"ReadAction\",\"target\":[\"https:\/\/www.maison-occitane.com\/fr\/produit\/tapenade-verte-verrine-100g\/\"]}]},{\"@type\":\"ImageObject\",\"inLanguage\":\"fr-FR\",\"@id\":\"https:\/\/www.maison-occitane.com\/fr\/produit\/tapenade-verte-verrine-100g\/#primaryimage\",\"url\":\"https:\/\/www.maison-occitane.com\/app\/uploads\/2025\/05\/8522_520px.jpg\",\"contentUrl\":\"https:\/\/www.maison-occitane.com\/app\/uploads\/2025\/05\/8522_520px.jpg\",\"width\":520,\"height\":450,\"caption\":\"Tapenade verte\"},{\"@type\":\"BreadcrumbList\",\"@id\":\"https:\/\/www.maison-occitane.com\/fr\/produit\/tapenade-verte-verrine-100g\/#breadcrumb\",\"itemListElement\":[{\"@type\":\"ListItem\",\"position\":1,\"name\":\"Accueil\",\"item\":\"https:\/\/www.maison-occitane.com\/fr\/\"},{\"@type\":\"ListItem\",\"position\":2,\"name\":\"Produits\",\"item\":\"https:\/\/www.maison-occitane.com\/fr\/shop\/\"},{\"@type\":\"ListItem\",\"position\":3,\"name\":\"\u00c9picerie fine\",\"item\":\"https:\/\/www.maison-occitane.com\/fr\/boutique\/epicerie-fine\/\"},{\"@type\":\"ListItem\",\"position\":4,\"name\":\"Tartinables et ap\u00e9ro\",\"item\":\"https:\/\/www.maison-occitane.com\/fr\/boutique\/epicerie-fine\/tartinables-et-apero\/\"},{\"@type\":\"ListItem\",\"position\":5,\"name\":\"TAPENADE VERTE\"}]},{\"@type\":\"WebSite\",\"@id\":\"https:\/\/www.maison-occitane.com\/fr\/#website\",\"url\":\"https:\/\/www.maison-occitane.com\/fr\/\",\"name\":\"Maison Occitane\",\"description\":\"\",\"potentialAction\":[{\"@type\":\"SearchAction\",\"target\":{\"@type\":\"EntryPoint\",\"urlTemplate\":\"https:\/\/www.maison-occitane.com\/fr\/?s={search_term_string}\"},\"query-input\":{\"@type\":\"PropertyValueSpecification\",\"valueRequired\":true,\"valueName\":\"search_term_string\"}}],\"inLanguage\":\"fr-FR\"}]}<\/script>\n<!-- \/ Yoast SEO plugin. -->","yoast_head_json":{"title":"TAPENADE VERTE- Maison Occitane","description":"Tapenade verte \u00e0 savourer en tapas ou \u00e0 tartiner pour l\u2019ap\u00e9ro gourmets, avec foie gras ou rillettes. Un classique du Sud \u00e0 partager sur une planche ap\u00e9ro aux accents du Sud.","robots":{"index":"index","follow":"follow","max-snippet":"max-snippet:-1","max-image-preview":"max-image-preview:large","max-video-preview":"max-video-preview:-1"},"canonical":"https:\/\/www.maison-occitane.com\/fr\/produit\/tapenade-verte-verrine-100g\/","og_locale":"fr_FR","og_type":"article","og_title":"TAPENADE VERTE- Maison Occitane","og_description":"Tapenade verte \u00e0 savourer en tapas ou \u00e0 tartiner pour l\u2019ap\u00e9ro gourmets, avec foie gras ou rillettes. Un classique du Sud \u00e0 partager sur une planche ap\u00e9ro aux accents du Sud.","og_url":"https:\/\/www.maison-occitane.com\/fr\/produit\/tapenade-verte-verrine-100g\/","og_site_name":"Maison Occitane","article_modified_time":"2026-04-20T08:24:15+00:00","og_image":[{"width":520,"height":450,"url":"https:\/\/www.maison-occitane.com\/app\/uploads\/2025\/05\/8522_520px.jpg","type":"image\/jpeg"}],"twitter_card":"summary_large_image","twitter_misc":{"Dur\u00e9e de lecture estim\u00e9e":"1 minute"},"schema":{"@context":"https:\/\/schema.org","@graph":[{"@type":"WebPage","@id":"https:\/\/www.maison-occitane.com\/fr\/produit\/tapenade-verte-verrine-100g\/","url":"https:\/\/www.maison-occitane.com\/fr\/produit\/tapenade-verte-verrine-100g\/","name":"TAPENADE VERTE- Maison Occitane","isPartOf":{"@id":"https:\/\/www.maison-occitane.com\/fr\/#website"},"primaryImageOfPage":{"@id":"https:\/\/www.maison-occitane.com\/fr\/produit\/tapenade-verte-verrine-100g\/#primaryimage"},"image":{"@id":"https:\/\/www.maison-occitane.com\/fr\/produit\/tapenade-verte-verrine-100g\/#primaryimage"},"thumbnailUrl":"https:\/\/www.maison-occitane.com\/app\/uploads\/2025\/05\/8522_520px.jpg","datePublished":"2025-05-05T06:50:42+00:00","dateModified":"2026-04-20T08:24:15+00:00","description":"Tapenade verte \u00e0 savourer en tapas ou \u00e0 tartiner pour l\u2019ap\u00e9ro gourmets, avec foie gras ou rillettes. Un classique du Sud \u00e0 partager sur une planche ap\u00e9ro aux accents du Sud.","breadcrumb":{"@id":"https:\/\/www.maison-occitane.com\/fr\/produit\/tapenade-verte-verrine-100g\/#breadcrumb"},"inLanguage":"fr-FR","potentialAction":[{"@type":"ReadAction","target":["https:\/\/www.maison-occitane.com\/fr\/produit\/tapenade-verte-verrine-100g\/"]}]},{"@type":"ImageObject","inLanguage":"fr-FR","@id":"https:\/\/www.maison-occitane.com\/fr\/produit\/tapenade-verte-verrine-100g\/#primaryimage","url":"https:\/\/www.maison-occitane.com\/app\/uploads\/2025\/05\/8522_520px.jpg","contentUrl":"https:\/\/www.maison-occitane.com\/app\/uploads\/2025\/05\/8522_520px.jpg","width":520,"height":450,"caption":"Tapenade verte"},{"@type":"BreadcrumbList","@id":"https:\/\/www.maison-occitane.com\/fr\/produit\/tapenade-verte-verrine-100g\/#breadcrumb","itemListElement":[{"@type":"ListItem","position":1,"name":"Accueil","item":"https:\/\/www.maison-occitane.com\/fr\/"},{"@type":"ListItem","position":2,"name":"Produits","item":"https:\/\/www.maison-occitane.com\/fr\/shop\/"},{"@type":"ListItem","position":3,"name":"\u00c9picerie fine","item":"https:\/\/www.maison-occitane.com\/fr\/boutique\/epicerie-fine\/"},{"@type":"ListItem","position":4,"name":"Tartinables et ap\u00e9ro","item":"https:\/\/www.maison-occitane.com\/fr\/boutique\/epicerie-fine\/tartinables-et-apero\/"},{"@type":"ListItem","position":5,"name":"TAPENADE VERTE"}]},{"@type":"WebSite","@id":"https:\/\/www.maison-occitane.com\/fr\/#website","url":"https:\/\/www.maison-occitane.com\/fr\/","name":"Maison Occitane","description":"","potentialAction":[{"@type":"SearchAction","target":{"@type":"EntryPoint","urlTemplate":"https:\/\/www.maison-occitane.com\/fr\/?s={search_term_string}"},"query-input":{"@type":"PropertyValueSpecification","valueRequired":true,"valueName":"search_term_string"}}],"inLanguage":"fr-FR"}]}},"_links":{"self":[{"href":"https:\/\/www.maison-occitane.com\/fr\/wp-json\/wp\/v2\/product\/3545","targetHints":{"allow":["GET"]}}],"collection":[{"href":"https:\/\/www.maison-occitane.com\/fr\/wp-json\/wp\/v2\/product"}],"about":[{"href":"https:\/\/www.maison-occitane.com\/fr\/wp-json\/wp\/v2\/types\/product"}],"replies":[{"embeddable":true,"href":"https:\/\/www.maison-occitane.com\/fr\/wp-json\/wp\/v2\/comments?post=3545"}],"wp:featuredmedia":[{"embeddable":true,"href":"https:\/\/www.maison-occitane.com\/fr\/wp-json\/wp\/v2\/media\/4635"}],"wp:attachment":[{"href":"https:\/\/www.maison-occitane.com\/fr\/wp-json\/wp\/v2\/media?parent=3545"}],"wp:term":[{"taxonomy":"product_cat","embeddable":true,"href":"https:\/\/www.maison-occitane.com\/fr\/wp-json\/wp\/v2\/product_cat?post=3545"},{"taxonomy":"product_tag","embeddable":true,"href":"https:\/\/www.maison-occitane.com\/fr\/wp-json\/wp\/v2\/product_tag?post=3545"},{"taxonomy":"product_origine","embeddable":true,"href":"https:\/\/www.maison-occitane.com\/fr\/wp-json\/wp\/v2\/origines?post=3545"},{"taxonomy":"label_qualite","embeddable":true,"href":"https:\/\/www.maison-occitane.com\/fr\/wp-json\/wp\/v2\/labels-qualite?post=3545"}],"curies":[{"name":"wp","href":"https:\/\/api.w.org\/{rel}","templated":true}]}}