{"id":3539,"date":"2025-05-05T08:50:41","date_gmt":"2025-05-05T06:50:41","guid":{"rendered":"http:\/\/localhost:8080\/non%20class\u00e9\/cepes-a-lhuile-jambes-et-morceaux-boite-de\/"},"modified":"2026-04-24T18:34:19","modified_gmt":"2026-04-24T16:34:19","slug":"cepes-a-lhuile-jambes-et-morceaux-boite-de","status":"publish","type":"product","link":"https:\/\/www.maison-occitane.com\/fr\/produit\/cepes-a-lhuile-jambes-et-morceaux-boite-de\/","title":{"rendered":"CEPES A L&rsquo;HUILE JAMBES ET MORCEAUX"},"content":{"rendered":"<p data-start=\"406\" data-end=\"731\"><strong data-start=\"406\" data-end=\"465\">Le c\u00e8pe, star des sous-bois et des tables du Sud-Ouest.<\/strong><\/p>\n<p data-start=\"406\" data-end=\"731\">Les c\u00e8pes sont sans doute les champignons les plus pris\u00e9s des amateurs. C&rsquo;est un mets rare, d\u00e9pendant de la m\u00e9t\u00e9o, que l&rsquo;on attend chaque ann\u00e9e avec impatience, d\u00e8s le mois d\u2019ao\u00fbt. V\u00e9ritable tradition dans nos campagnes, un bon coin \u00e0 c\u00e8pes ne se partage jamais !<\/p>\n<p data-start=\"733\" data-end=\"1022\">Nous vous proposons une version pr\u00eate \u00e0 l\u2019emploi : des jambes et morceaux de c\u00e8pes. Cueillis \u00e0 leur juste maturit\u00e9, ces c\u00e8pes sont ensuite dor\u00e9s \u00e0 l\u2019huile, pour r\u00e9v\u00e9ler toute leur richesse aromatique.<\/p>\n<p data-start=\"1024\" data-end=\"1306\">Ces champignons nobles sont une garniture d\u2019exception pour vos plats du Sud-Ouest :<strong> <a href=\"https:\/\/www.maison-occitane.com\/fr\/produit\/confit-de-canard-igp-sud-ouest-2-cuisses-boite\/\">confit de canard<\/a>, <a href=\"https:\/\/www.maison-occitane.com\/fr\/produit\/cassoulet-au-canard-bocal-780g\/\">cassoulet<\/a>,<\/strong> magrets grill\u00e9s, pommes de terre sarladaises&#8230; En toute saison, profitez de ce produit embl\u00e9matique du terroir fran\u00e7ais, sans contrainte de saison ni de cueillette.<\/p>\n<p data-start=\"1308\" data-end=\"1440\">Ces c\u00e8pes sont un atout gourmand \u00e0 toujours avoir dans votre garde-manger.<\/p>\n","protected":false},"excerpt":{"rendered":"<p>Le roi des champignons dans votre assiette ! C\u00e8pes \u00e0 l\u2019huile, cuisin\u00e9s \u00e0 la graisse de canard, pr\u00eats \u00e0 r\u00e9chauffer. Parfaits en accompagnement de confits, cassoulets ou grillades. Bo\u00eete de 270g.<\/p>\n","protected":false},"featured_media":4216,"comment_status":"open","ping_status":"closed","template":"","meta":{"_acf_changed":false},"product_cat":[775,788],"product_tag":[],"origines":[],"labels-qualite":[],"class_list":{"0":"post-3539","1":"product","2":"type-product","3":"status-publish","4":"has-post-thumbnail","6":"product_brand-maison-occitane","7":"product_cat-epicerie-fine","8":"product_cat-garnitures","10":"first","11":"instock","12":"taxable","13":"shipping-taxable","14":"purchasable","15":"product-type-simple","16":"add-to-wishlist-before_image"},"acf":[],"yoast_head":"<!-- This site is optimized with the Yoast SEO plugin v24.9 - https:\/\/yoast.com\/wordpress\/plugins\/seo\/ -->\n<title>CEPES A L&#039;HUILE JAMBES ET MORCEAUX - Maison Occitane<\/title>\n<meta name=\"description\" content=\"D\u00e9couvrez nos c\u00e8pes \u00e0 l\u2019huile cuisin\u00e9s \u00e0 la graisse de canard. Garniture id\u00e9ale pour confits, cassoulet ou pommes de terre sarladaises. Bo\u00eete 270g. Le c\u00e8pe star des sous-bois et de nos plats du Sud-Ouest.\" \/>\n<meta name=\"robots\" content=\"index, follow, max-snippet:-1, max-image-preview:large, max-video-preview:-1\" \/>\n<link rel=\"canonical\" href=\"https:\/\/www.maison-occitane.com\/fr\/produit\/cepes-a-lhuile-jambes-et-morceaux-boite-de\/\" \/>\n<meta property=\"og:locale\" content=\"fr_FR\" \/>\n<meta property=\"og:type\" content=\"article\" \/>\n<meta property=\"og:title\" content=\"CEPES A L&#039;HUILE JAMBES ET MORCEAUX - Maison Occitane\" \/>\n<meta property=\"og:description\" content=\"D\u00e9couvrez nos c\u00e8pes \u00e0 l\u2019huile cuisin\u00e9s \u00e0 la graisse de canard. Garniture id\u00e9ale pour confits, cassoulet ou pommes de terre sarladaises. Bo\u00eete 270g. Le c\u00e8pe star des sous-bois et de nos plats du Sud-Ouest.\" \/>\n<meta property=\"og:url\" content=\"https:\/\/www.maison-occitane.com\/fr\/produit\/cepes-a-lhuile-jambes-et-morceaux-boite-de\/\" \/>\n<meta property=\"og:site_name\" content=\"Maison Occitane\" \/>\n<meta property=\"article:modified_time\" content=\"2026-04-24T16:34:19+00:00\" \/>\n<meta property=\"og:image\" content=\"https:\/\/www.maison-occitane.com\/app\/uploads\/2025\/05\/8245_520px.jpg\" \/>\n\t<meta property=\"og:image:width\" content=\"520\" \/>\n\t<meta property=\"og:image:height\" content=\"420\" \/>\n\t<meta property=\"og:image:type\" content=\"image\/jpeg\" \/>\n<meta name=\"twitter:card\" content=\"summary_large_image\" \/>\n<meta name=\"twitter:label1\" content=\"Dur\u00e9e de lecture estim\u00e9e\" \/>\n\t<meta name=\"twitter:data1\" content=\"1 minute\" \/>\n<script type=\"application\/ld+json\" class=\"yoast-schema-graph\">{\"@context\":\"https:\/\/schema.org\",\"@graph\":[{\"@type\":\"WebPage\",\"@id\":\"https:\/\/www.maison-occitane.com\/fr\/produit\/cepes-a-lhuile-jambes-et-morceaux-boite-de\/\",\"url\":\"https:\/\/www.maison-occitane.com\/fr\/produit\/cepes-a-lhuile-jambes-et-morceaux-boite-de\/\",\"name\":\"CEPES A L'HUILE JAMBES ET MORCEAUX - Maison Occitane\",\"isPartOf\":{\"@id\":\"https:\/\/www.maison-occitane.com\/fr\/#website\"},\"primaryImageOfPage\":{\"@id\":\"https:\/\/www.maison-occitane.com\/fr\/produit\/cepes-a-lhuile-jambes-et-morceaux-boite-de\/#primaryimage\"},\"image\":{\"@id\":\"https:\/\/www.maison-occitane.com\/fr\/produit\/cepes-a-lhuile-jambes-et-morceaux-boite-de\/#primaryimage\"},\"thumbnailUrl\":\"https:\/\/www.maison-occitane.com\/app\/uploads\/2025\/05\/8245_520px.jpg\",\"datePublished\":\"2025-05-05T06:50:41+00:00\",\"dateModified\":\"2026-04-24T16:34:19+00:00\",\"description\":\"D\u00e9couvrez nos c\u00e8pes \u00e0 l\u2019huile cuisin\u00e9s \u00e0 la graisse de canard. Garniture id\u00e9ale pour confits, cassoulet ou pommes de terre sarladaises. Bo\u00eete 270g. Le c\u00e8pe star des sous-bois et de nos plats du Sud-Ouest.\",\"breadcrumb\":{\"@id\":\"https:\/\/www.maison-occitane.com\/fr\/produit\/cepes-a-lhuile-jambes-et-morceaux-boite-de\/#breadcrumb\"},\"inLanguage\":\"fr-FR\",\"potentialAction\":[{\"@type\":\"ReadAction\",\"target\":[\"https:\/\/www.maison-occitane.com\/fr\/produit\/cepes-a-lhuile-jambes-et-morceaux-boite-de\/\"]}]},{\"@type\":\"ImageObject\",\"inLanguage\":\"fr-FR\",\"@id\":\"https:\/\/www.maison-occitane.com\/fr\/produit\/cepes-a-lhuile-jambes-et-morceaux-boite-de\/#primaryimage\",\"url\":\"https:\/\/www.maison-occitane.com\/app\/uploads\/2025\/05\/8245_520px.jpg\",\"contentUrl\":\"https:\/\/www.maison-occitane.com\/app\/uploads\/2025\/05\/8245_520px.jpg\",\"width\":520,\"height\":420,\"caption\":\"C\u00e8pes jambes et morceaux cuisin\u00e9s \u00e0 l'huile\"},{\"@type\":\"BreadcrumbList\",\"@id\":\"https:\/\/www.maison-occitane.com\/fr\/produit\/cepes-a-lhuile-jambes-et-morceaux-boite-de\/#breadcrumb\",\"itemListElement\":[{\"@type\":\"ListItem\",\"position\":1,\"name\":\"Accueil\",\"item\":\"https:\/\/www.maison-occitane.com\/fr\/\"},{\"@type\":\"ListItem\",\"position\":2,\"name\":\"Produits\",\"item\":\"https:\/\/www.maison-occitane.com\/fr\/shop\/\"},{\"@type\":\"ListItem\",\"position\":3,\"name\":\"\u00c9picerie fine\",\"item\":\"https:\/\/www.maison-occitane.com\/fr\/boutique\/epicerie-fine\/\"},{\"@type\":\"ListItem\",\"position\":4,\"name\":\"Garnitures\",\"item\":\"https:\/\/www.maison-occitane.com\/fr\/boutique\/epicerie-fine\/garnitures\/\"},{\"@type\":\"ListItem\",\"position\":5,\"name\":\"CEPES A L&rsquo;HUILE JAMBES ET MORCEAUX\"}]},{\"@type\":\"WebSite\",\"@id\":\"https:\/\/www.maison-occitane.com\/fr\/#website\",\"url\":\"https:\/\/www.maison-occitane.com\/fr\/\",\"name\":\"Maison Occitane\",\"description\":\"\",\"potentialAction\":[{\"@type\":\"SearchAction\",\"target\":{\"@type\":\"EntryPoint\",\"urlTemplate\":\"https:\/\/www.maison-occitane.com\/fr\/?s={search_term_string}\"},\"query-input\":{\"@type\":\"PropertyValueSpecification\",\"valueRequired\":true,\"valueName\":\"search_term_string\"}}],\"inLanguage\":\"fr-FR\"}]}<\/script>\n<!-- \/ Yoast SEO plugin. -->","yoast_head_json":{"title":"CEPES A L'HUILE JAMBES ET MORCEAUX - Maison Occitane","description":"D\u00e9couvrez nos c\u00e8pes \u00e0 l\u2019huile cuisin\u00e9s \u00e0 la graisse de canard. Garniture id\u00e9ale pour confits, cassoulet ou pommes de terre sarladaises. Bo\u00eete 270g. Le c\u00e8pe star des sous-bois et de nos plats du Sud-Ouest.","robots":{"index":"index","follow":"follow","max-snippet":"max-snippet:-1","max-image-preview":"max-image-preview:large","max-video-preview":"max-video-preview:-1"},"canonical":"https:\/\/www.maison-occitane.com\/fr\/produit\/cepes-a-lhuile-jambes-et-morceaux-boite-de\/","og_locale":"fr_FR","og_type":"article","og_title":"CEPES A L'HUILE JAMBES ET MORCEAUX - Maison Occitane","og_description":"D\u00e9couvrez nos c\u00e8pes \u00e0 l\u2019huile cuisin\u00e9s \u00e0 la graisse de canard. Garniture id\u00e9ale pour confits, cassoulet ou pommes de terre sarladaises. Bo\u00eete 270g. Le c\u00e8pe star des sous-bois et de nos plats du Sud-Ouest.","og_url":"https:\/\/www.maison-occitane.com\/fr\/produit\/cepes-a-lhuile-jambes-et-morceaux-boite-de\/","og_site_name":"Maison Occitane","article_modified_time":"2026-04-24T16:34:19+00:00","og_image":[{"width":520,"height":420,"url":"https:\/\/www.maison-occitane.com\/app\/uploads\/2025\/05\/8245_520px.jpg","type":"image\/jpeg"}],"twitter_card":"summary_large_image","twitter_misc":{"Dur\u00e9e de lecture estim\u00e9e":"1 minute"},"schema":{"@context":"https:\/\/schema.org","@graph":[{"@type":"WebPage","@id":"https:\/\/www.maison-occitane.com\/fr\/produit\/cepes-a-lhuile-jambes-et-morceaux-boite-de\/","url":"https:\/\/www.maison-occitane.com\/fr\/produit\/cepes-a-lhuile-jambes-et-morceaux-boite-de\/","name":"CEPES A L'HUILE JAMBES ET MORCEAUX - Maison Occitane","isPartOf":{"@id":"https:\/\/www.maison-occitane.com\/fr\/#website"},"primaryImageOfPage":{"@id":"https:\/\/www.maison-occitane.com\/fr\/produit\/cepes-a-lhuile-jambes-et-morceaux-boite-de\/#primaryimage"},"image":{"@id":"https:\/\/www.maison-occitane.com\/fr\/produit\/cepes-a-lhuile-jambes-et-morceaux-boite-de\/#primaryimage"},"thumbnailUrl":"https:\/\/www.maison-occitane.com\/app\/uploads\/2025\/05\/8245_520px.jpg","datePublished":"2025-05-05T06:50:41+00:00","dateModified":"2026-04-24T16:34:19+00:00","description":"D\u00e9couvrez nos c\u00e8pes \u00e0 l\u2019huile cuisin\u00e9s \u00e0 la graisse de canard. Garniture id\u00e9ale pour confits, cassoulet ou pommes de terre sarladaises. Bo\u00eete 270g. Le c\u00e8pe star des sous-bois et de nos plats du Sud-Ouest.","breadcrumb":{"@id":"https:\/\/www.maison-occitane.com\/fr\/produit\/cepes-a-lhuile-jambes-et-morceaux-boite-de\/#breadcrumb"},"inLanguage":"fr-FR","potentialAction":[{"@type":"ReadAction","target":["https:\/\/www.maison-occitane.com\/fr\/produit\/cepes-a-lhuile-jambes-et-morceaux-boite-de\/"]}]},{"@type":"ImageObject","inLanguage":"fr-FR","@id":"https:\/\/www.maison-occitane.com\/fr\/produit\/cepes-a-lhuile-jambes-et-morceaux-boite-de\/#primaryimage","url":"https:\/\/www.maison-occitane.com\/app\/uploads\/2025\/05\/8245_520px.jpg","contentUrl":"https:\/\/www.maison-occitane.com\/app\/uploads\/2025\/05\/8245_520px.jpg","width":520,"height":420,"caption":"C\u00e8pes jambes et morceaux cuisin\u00e9s \u00e0 l'huile"},{"@type":"BreadcrumbList","@id":"https:\/\/www.maison-occitane.com\/fr\/produit\/cepes-a-lhuile-jambes-et-morceaux-boite-de\/#breadcrumb","itemListElement":[{"@type":"ListItem","position":1,"name":"Accueil","item":"https:\/\/www.maison-occitane.com\/fr\/"},{"@type":"ListItem","position":2,"name":"Produits","item":"https:\/\/www.maison-occitane.com\/fr\/shop\/"},{"@type":"ListItem","position":3,"name":"\u00c9picerie fine","item":"https:\/\/www.maison-occitane.com\/fr\/boutique\/epicerie-fine\/"},{"@type":"ListItem","position":4,"name":"Garnitures","item":"https:\/\/www.maison-occitane.com\/fr\/boutique\/epicerie-fine\/garnitures\/"},{"@type":"ListItem","position":5,"name":"CEPES A L&rsquo;HUILE JAMBES ET MORCEAUX"}]},{"@type":"WebSite","@id":"https:\/\/www.maison-occitane.com\/fr\/#website","url":"https:\/\/www.maison-occitane.com\/fr\/","name":"Maison Occitane","description":"","potentialAction":[{"@type":"SearchAction","target":{"@type":"EntryPoint","urlTemplate":"https:\/\/www.maison-occitane.com\/fr\/?s={search_term_string}"},"query-input":{"@type":"PropertyValueSpecification","valueRequired":true,"valueName":"search_term_string"}}],"inLanguage":"fr-FR"}]}},"_links":{"self":[{"href":"https:\/\/www.maison-occitane.com\/fr\/wp-json\/wp\/v2\/product\/3539","targetHints":{"allow":["GET"]}}],"collection":[{"href":"https:\/\/www.maison-occitane.com\/fr\/wp-json\/wp\/v2\/product"}],"about":[{"href":"https:\/\/www.maison-occitane.com\/fr\/wp-json\/wp\/v2\/types\/product"}],"replies":[{"embeddable":true,"href":"https:\/\/www.maison-occitane.com\/fr\/wp-json\/wp\/v2\/comments?post=3539"}],"wp:featuredmedia":[{"embeddable":true,"href":"https:\/\/www.maison-occitane.com\/fr\/wp-json\/wp\/v2\/media\/4216"}],"wp:attachment":[{"href":"https:\/\/www.maison-occitane.com\/fr\/wp-json\/wp\/v2\/media?parent=3539"}],"wp:term":[{"taxonomy":"product_cat","embeddable":true,"href":"https:\/\/www.maison-occitane.com\/fr\/wp-json\/wp\/v2\/product_cat?post=3539"},{"taxonomy":"product_tag","embeddable":true,"href":"https:\/\/www.maison-occitane.com\/fr\/wp-json\/wp\/v2\/product_tag?post=3539"},{"taxonomy":"product_origine","embeddable":true,"href":"https:\/\/www.maison-occitane.com\/fr\/wp-json\/wp\/v2\/origines?post=3539"},{"taxonomy":"label_qualite","embeddable":true,"href":"https:\/\/www.maison-occitane.com\/fr\/wp-json\/wp\/v2\/labels-qualite?post=3539"}],"curies":[{"name":"wp","href":"https:\/\/api.w.org\/{rel}","templated":true}]}}