{"id":3538,"date":"2025-05-05T08:50:41","date_gmt":"2025-05-05T06:50:41","guid":{"rendered":"http:\/\/localhost:8080\/non%20class\u00e9\/aperitif-aux-noix-bouteille-de-50cl\/"},"modified":"2026-02-26T13:01:41","modified_gmt":"2026-02-26T12:01:41","slug":"aperitif-aux-noix-bouteille-de-50cl","status":"publish","type":"product","link":"https:\/\/www.maison-occitane.com\/fr\/produit\/aperitif-aux-noix-bouteille-de-50cl\/","title":{"rendered":"APERITIF AUX NOIX"},"content":{"rendered":"<p>Laissez-vous s\u00e9duire par les saveurs authentiques du terroir avec notre <strong data-start=\"378\" data-end=\"399\">ap\u00e9ritif aux noix.<\/strong><\/p>\n<p>Avec son go\u00fbt marqu\u00e9 de noix et la douceur du vin blanc, cet ap\u00e9ritif aux saveurs du P\u00e9rigord et au go\u00fbt original deviendra indispensable sur vos tables pour l&rsquo;ap\u00e9ritif, mais \u00e9galement utile pour la pr\u00e9paration de vos plats.<\/p>\n<p data-start=\"589\" data-end=\"1013\">Les noix vertes, r\u00e9colt\u00e9es \u00e0 maturit\u00e9 id\u00e9ale, sont mac\u00e9r\u00e9es pour obtenir un jus de brou riche et parfum\u00e9. Ce jus est ensuite d\u00e9licatement incorpor\u00e9 au vin blanc, cr\u00e9ant une boisson subtilement liquoreuse, au nez typ\u00e9 et au go\u00fbt profond\u00e9ment original. En bouche, l\u2019ap\u00e9ritif r\u00e9v\u00e8le des notes de noix fra\u00eeches rappelant un vieux porto, tout en conservant une belle fra\u00eecheur. L\u2019\u00e9quilibre est parfait entre caract\u00e8re et douceur.<\/p>\n<p data-start=\"1015\" data-end=\"1165\">Un vrai ap\u00e9ritif, au go\u00fbt inimitable, qui trouvera facilement sa place sur toutes vos tables, des plus simples aux plus raffin\u00e9es.<\/p>\n<p><strong><span style=\"color: #f29400;\">CONSERVATION :<\/span><\/strong> \u00c0 conserver au frais apr\u00e8s ouverture.<\/p>\n<p><em>\u00ab L\u2019abus d\u2019alcool est dangereux pour la sant\u00e9 \u00bb \u00ab \u00c0 consommer avec mod\u00e9ration \u00bb<\/em><\/p>\n","protected":false},"excerpt":{"rendered":"<p><span class=\"notion-enable-hover\" data-token-index=\"0\">Une sp\u00e9cialit\u00e9 typique de notre r\u00e9gion, un go\u00fbt original et typ\u00e9, un ap\u00e9ritif liquoreux maison pour vos ap\u00e9ritifs dinatoires.<\/span><\/p>\n","protected":false},"featured_media":4322,"comment_status":"open","ping_status":"closed","template":"","meta":{"_acf_changed":false},"product_cat":[775,792],"product_tag":[],"origines":[],"labels-qualite":[],"class_list":{"0":"post-3538","1":"product","2":"type-product","3":"status-publish","4":"has-post-thumbnail","6":"product_brand-maison-occitane","7":"product_cat-epicerie-fine","8":"product_cat-spiritueux-aperitifs-et-vin","10":"first","11":"instock","12":"taxable","13":"shipping-taxable","14":"purchasable","15":"product-type-simple","16":"add-to-wishlist-before_image"},"acf":[],"yoast_head":"<!-- This site is optimized with the Yoast SEO plugin v24.9 - https:\/\/yoast.com\/wordpress\/plugins\/seo\/ -->\n<title>APERITIF AUX NOIX - Maison Occitane<\/title>\n<meta name=\"description\" content=\"D\u00e9couvrez notre ap\u00e9ritif aux noix : douceur du vin blanc et caract\u00e8re des noix vertes pour vos ap\u00e9ros et vos recettes.\" \/>\n<meta name=\"robots\" content=\"index, follow, max-snippet:-1, max-image-preview:large, max-video-preview:-1\" \/>\n<link rel=\"canonical\" href=\"https:\/\/www.maison-occitane.com\/fr\/produit\/aperitif-aux-noix-bouteille-de-50cl\/\" \/>\n<meta property=\"og:locale\" content=\"fr_FR\" \/>\n<meta property=\"og:type\" content=\"article\" \/>\n<meta property=\"og:title\" content=\"APERITIF AUX NOIX - Maison Occitane\" \/>\n<meta property=\"og:description\" content=\"D\u00e9couvrez notre ap\u00e9ritif aux noix : douceur du vin blanc et caract\u00e8re des noix vertes pour vos ap\u00e9ros et vos recettes.\" \/>\n<meta property=\"og:url\" content=\"https:\/\/www.maison-occitane.com\/fr\/produit\/aperitif-aux-noix-bouteille-de-50cl\/\" \/>\n<meta property=\"og:site_name\" content=\"Maison Occitane\" \/>\n<meta property=\"article:modified_time\" content=\"2026-02-26T12:01:41+00:00\" \/>\n<meta property=\"og:image\" content=\"https:\/\/www.maison-occitane.com\/app\/uploads\/2025\/05\/8244_520px-1.jpg\" \/>\n\t<meta property=\"og:image:width\" content=\"520\" \/>\n\t<meta property=\"og:image:height\" content=\"450\" \/>\n\t<meta property=\"og:image:type\" content=\"image\/jpeg\" \/>\n<meta name=\"twitter:card\" content=\"summary_large_image\" \/>\n<meta name=\"twitter:label1\" content=\"Dur\u00e9e de lecture estim\u00e9e\" \/>\n\t<meta name=\"twitter:data1\" content=\"1 minute\" \/>\n<script type=\"application\/ld+json\" class=\"yoast-schema-graph\">{\"@context\":\"https:\/\/schema.org\",\"@graph\":[{\"@type\":\"WebPage\",\"@id\":\"https:\/\/www.maison-occitane.com\/fr\/produit\/aperitif-aux-noix-bouteille-de-50cl\/\",\"url\":\"https:\/\/www.maison-occitane.com\/fr\/produit\/aperitif-aux-noix-bouteille-de-50cl\/\",\"name\":\"APERITIF AUX NOIX - Maison Occitane\",\"isPartOf\":{\"@id\":\"https:\/\/www.maison-occitane.com\/fr\/#website\"},\"primaryImageOfPage\":{\"@id\":\"https:\/\/www.maison-occitane.com\/fr\/produit\/aperitif-aux-noix-bouteille-de-50cl\/#primaryimage\"},\"image\":{\"@id\":\"https:\/\/www.maison-occitane.com\/fr\/produit\/aperitif-aux-noix-bouteille-de-50cl\/#primaryimage\"},\"thumbnailUrl\":\"https:\/\/www.maison-occitane.com\/app\/uploads\/2025\/05\/8244_520px-1.jpg\",\"datePublished\":\"2025-05-05T06:50:41+00:00\",\"dateModified\":\"2026-02-26T12:01:41+00:00\",\"description\":\"D\u00e9couvrez notre ap\u00e9ritif aux noix : douceur du vin blanc et caract\u00e8re des noix vertes pour vos ap\u00e9ros et vos recettes.\",\"breadcrumb\":{\"@id\":\"https:\/\/www.maison-occitane.com\/fr\/produit\/aperitif-aux-noix-bouteille-de-50cl\/#breadcrumb\"},\"inLanguage\":\"fr-FR\",\"potentialAction\":[{\"@type\":\"ReadAction\",\"target\":[\"https:\/\/www.maison-occitane.com\/fr\/produit\/aperitif-aux-noix-bouteille-de-50cl\/\"]}]},{\"@type\":\"ImageObject\",\"inLanguage\":\"fr-FR\",\"@id\":\"https:\/\/www.maison-occitane.com\/fr\/produit\/aperitif-aux-noix-bouteille-de-50cl\/#primaryimage\",\"url\":\"https:\/\/www.maison-occitane.com\/app\/uploads\/2025\/05\/8244_520px-1.jpg\",\"contentUrl\":\"https:\/\/www.maison-occitane.com\/app\/uploads\/2025\/05\/8244_520px-1.jpg\",\"width\":520,\"height\":450,\"caption\":\"Ap\u00e9ritif artisanal aux noix\"},{\"@type\":\"BreadcrumbList\",\"@id\":\"https:\/\/www.maison-occitane.com\/fr\/produit\/aperitif-aux-noix-bouteille-de-50cl\/#breadcrumb\",\"itemListElement\":[{\"@type\":\"ListItem\",\"position\":1,\"name\":\"Accueil\",\"item\":\"https:\/\/www.maison-occitane.com\/fr\/\"},{\"@type\":\"ListItem\",\"position\":2,\"name\":\"Produits\",\"item\":\"https:\/\/www.maison-occitane.com\/fr\/shop\/\"},{\"@type\":\"ListItem\",\"position\":3,\"name\":\"\u00c9picerie fine\",\"item\":\"https:\/\/www.maison-occitane.com\/fr\/boutique\/epicerie-fine\/\"},{\"@type\":\"ListItem\",\"position\":4,\"name\":\"Spiritueux, ap\u00e9ritifs et Vin\",\"item\":\"https:\/\/www.maison-occitane.com\/fr\/boutique\/epicerie-fine\/spiritueux-aperitifs-et-vin\/\"},{\"@type\":\"ListItem\",\"position\":5,\"name\":\"APERITIF AUX NOIX\"}]},{\"@type\":\"WebSite\",\"@id\":\"https:\/\/www.maison-occitane.com\/fr\/#website\",\"url\":\"https:\/\/www.maison-occitane.com\/fr\/\",\"name\":\"Maison Occitane\",\"description\":\"\",\"potentialAction\":[{\"@type\":\"SearchAction\",\"target\":{\"@type\":\"EntryPoint\",\"urlTemplate\":\"https:\/\/www.maison-occitane.com\/fr\/?s={search_term_string}\"},\"query-input\":{\"@type\":\"PropertyValueSpecification\",\"valueRequired\":true,\"valueName\":\"search_term_string\"}}],\"inLanguage\":\"fr-FR\"}]}<\/script>\n<!-- \/ Yoast SEO plugin. -->","yoast_head_json":{"title":"APERITIF AUX NOIX - Maison Occitane","description":"D\u00e9couvrez notre ap\u00e9ritif aux noix : douceur du vin blanc et caract\u00e8re des noix vertes pour vos ap\u00e9ros et vos recettes.","robots":{"index":"index","follow":"follow","max-snippet":"max-snippet:-1","max-image-preview":"max-image-preview:large","max-video-preview":"max-video-preview:-1"},"canonical":"https:\/\/www.maison-occitane.com\/fr\/produit\/aperitif-aux-noix-bouteille-de-50cl\/","og_locale":"fr_FR","og_type":"article","og_title":"APERITIF AUX NOIX - Maison Occitane","og_description":"D\u00e9couvrez notre ap\u00e9ritif aux noix : douceur du vin blanc et caract\u00e8re des noix vertes pour vos ap\u00e9ros et vos recettes.","og_url":"https:\/\/www.maison-occitane.com\/fr\/produit\/aperitif-aux-noix-bouteille-de-50cl\/","og_site_name":"Maison Occitane","article_modified_time":"2026-02-26T12:01:41+00:00","og_image":[{"width":520,"height":450,"url":"https:\/\/www.maison-occitane.com\/app\/uploads\/2025\/05\/8244_520px-1.jpg","type":"image\/jpeg"}],"twitter_card":"summary_large_image","twitter_misc":{"Dur\u00e9e de lecture estim\u00e9e":"1 minute"},"schema":{"@context":"https:\/\/schema.org","@graph":[{"@type":"WebPage","@id":"https:\/\/www.maison-occitane.com\/fr\/produit\/aperitif-aux-noix-bouteille-de-50cl\/","url":"https:\/\/www.maison-occitane.com\/fr\/produit\/aperitif-aux-noix-bouteille-de-50cl\/","name":"APERITIF AUX NOIX - Maison Occitane","isPartOf":{"@id":"https:\/\/www.maison-occitane.com\/fr\/#website"},"primaryImageOfPage":{"@id":"https:\/\/www.maison-occitane.com\/fr\/produit\/aperitif-aux-noix-bouteille-de-50cl\/#primaryimage"},"image":{"@id":"https:\/\/www.maison-occitane.com\/fr\/produit\/aperitif-aux-noix-bouteille-de-50cl\/#primaryimage"},"thumbnailUrl":"https:\/\/www.maison-occitane.com\/app\/uploads\/2025\/05\/8244_520px-1.jpg","datePublished":"2025-05-05T06:50:41+00:00","dateModified":"2026-02-26T12:01:41+00:00","description":"D\u00e9couvrez notre ap\u00e9ritif aux noix : douceur du vin blanc et caract\u00e8re des noix vertes pour vos ap\u00e9ros et vos recettes.","breadcrumb":{"@id":"https:\/\/www.maison-occitane.com\/fr\/produit\/aperitif-aux-noix-bouteille-de-50cl\/#breadcrumb"},"inLanguage":"fr-FR","potentialAction":[{"@type":"ReadAction","target":["https:\/\/www.maison-occitane.com\/fr\/produit\/aperitif-aux-noix-bouteille-de-50cl\/"]}]},{"@type":"ImageObject","inLanguage":"fr-FR","@id":"https:\/\/www.maison-occitane.com\/fr\/produit\/aperitif-aux-noix-bouteille-de-50cl\/#primaryimage","url":"https:\/\/www.maison-occitane.com\/app\/uploads\/2025\/05\/8244_520px-1.jpg","contentUrl":"https:\/\/www.maison-occitane.com\/app\/uploads\/2025\/05\/8244_520px-1.jpg","width":520,"height":450,"caption":"Ap\u00e9ritif artisanal aux noix"},{"@type":"BreadcrumbList","@id":"https:\/\/www.maison-occitane.com\/fr\/produit\/aperitif-aux-noix-bouteille-de-50cl\/#breadcrumb","itemListElement":[{"@type":"ListItem","position":1,"name":"Accueil","item":"https:\/\/www.maison-occitane.com\/fr\/"},{"@type":"ListItem","position":2,"name":"Produits","item":"https:\/\/www.maison-occitane.com\/fr\/shop\/"},{"@type":"ListItem","position":3,"name":"\u00c9picerie fine","item":"https:\/\/www.maison-occitane.com\/fr\/boutique\/epicerie-fine\/"},{"@type":"ListItem","position":4,"name":"Spiritueux, ap\u00e9ritifs et Vin","item":"https:\/\/www.maison-occitane.com\/fr\/boutique\/epicerie-fine\/spiritueux-aperitifs-et-vin\/"},{"@type":"ListItem","position":5,"name":"APERITIF AUX NOIX"}]},{"@type":"WebSite","@id":"https:\/\/www.maison-occitane.com\/fr\/#website","url":"https:\/\/www.maison-occitane.com\/fr\/","name":"Maison Occitane","description":"","potentialAction":[{"@type":"SearchAction","target":{"@type":"EntryPoint","urlTemplate":"https:\/\/www.maison-occitane.com\/fr\/?s={search_term_string}"},"query-input":{"@type":"PropertyValueSpecification","valueRequired":true,"valueName":"search_term_string"}}],"inLanguage":"fr-FR"}]}},"_links":{"self":[{"href":"https:\/\/www.maison-occitane.com\/fr\/wp-json\/wp\/v2\/product\/3538","targetHints":{"allow":["GET"]}}],"collection":[{"href":"https:\/\/www.maison-occitane.com\/fr\/wp-json\/wp\/v2\/product"}],"about":[{"href":"https:\/\/www.maison-occitane.com\/fr\/wp-json\/wp\/v2\/types\/product"}],"replies":[{"embeddable":true,"href":"https:\/\/www.maison-occitane.com\/fr\/wp-json\/wp\/v2\/comments?post=3538"}],"wp:featuredmedia":[{"embeddable":true,"href":"https:\/\/www.maison-occitane.com\/fr\/wp-json\/wp\/v2\/media\/4322"}],"wp:attachment":[{"href":"https:\/\/www.maison-occitane.com\/fr\/wp-json\/wp\/v2\/media?parent=3538"}],"wp:term":[{"taxonomy":"product_cat","embeddable":true,"href":"https:\/\/www.maison-occitane.com\/fr\/wp-json\/wp\/v2\/product_cat?post=3538"},{"taxonomy":"product_tag","embeddable":true,"href":"https:\/\/www.maison-occitane.com\/fr\/wp-json\/wp\/v2\/product_tag?post=3538"},{"taxonomy":"product_origine","embeddable":true,"href":"https:\/\/www.maison-occitane.com\/fr\/wp-json\/wp\/v2\/origines?post=3538"},{"taxonomy":"label_qualite","embeddable":true,"href":"https:\/\/www.maison-occitane.com\/fr\/wp-json\/wp\/v2\/labels-qualite?post=3538"}],"curies":[{"name":"wp","href":"https:\/\/api.w.org\/{rel}","templated":true}]}}