{"id":3537,"date":"2025-05-05T08:50:40","date_gmt":"2025-05-05T06:50:40","guid":{"rendered":"http:\/\/localhost:8080\/non%20class\u00e9\/foie-gras-de-canard-entier-mi-cuit-igp-sud-ouest-coque-300g\/"},"modified":"2025-11-17T15:54:03","modified_gmt":"2025-11-17T14:54:03","slug":"foie-gras-de-canard-entier-mi-cuit-igp-sud-ouest-coque-300g","status":"publish","type":"product","link":"https:\/\/www.maison-occitane.com\/fr\/produit\/foie-gras-de-canard-entier-mi-cuit-igp-sud-ouest-coque-300g\/","title":{"rendered":"FOIE GRAS DE CANARD ENTIER DU SUD-OUEST MI CUIT COQUE"},"content":{"rendered":"<p data-start=\"635\" data-end=\"978\">Laissez-vous s\u00e9duire par le fleuron de notre gamme : le foie gras de canard entier mi-cuit en coque, un incontournable des grandes tables et de f\u00eate. Issu de <strong data-start=\"798\" data-end=\"823\">canards IGP du Sud-Ouest<\/strong>, \u00e9lev\u00e9s par notre <strong data-start=\"842\" data-end=\"871\">groupement de producteurs<\/strong> selon un savoir-faire et le cahier des charges de l&rsquo;IGP.<\/p>\n<p data-start=\"980\" data-end=\"1442\">Chaque lobe de foie gras est <strong data-start=\"996\" data-end=\"1021\">s\u00e9lectionn\u00e9 \u00e0 la main<\/strong>, <strong data-start=\"1023\" data-end=\"1043\">\u00e9vein\u00e9 avec soin<\/strong>, puis assaisonn\u00e9 simplement de sel et de poivre. Cuit lentement \u00e0 basse temp\u00e9rature, il est ensuite moul\u00e9 dans une coque rigide qui lui permet de conserver toute sa forme, sa texture et sa finesse jusqu\u2019\u00e0 la d\u00e9gustation. Ce format pratique est tr\u00e8s appr\u00e9ci\u00e9 des chefs pour son fondant exceptionnel, sa r\u00e9gularit\u00e9 au tranchage et son \u00e9l\u00e9gance \u00e0 l\u2019assiette.<\/p>\n<p data-start=\"1444\" data-end=\"1739\">Avec sa texture onctueuse, ses ar\u00f4mes pr\u00e9serv\u00e9s, et son authenticit\u00e9 maison, ce foie gras est id\u00e9al pour vos ap\u00e9ritifs raffin\u00e9s ou vos entr\u00e9es festives.<\/p>\n<p data-start=\"1444\" data-end=\"1739\"><span class=\"notion-enable-hover\" data-token-index=\"1\">D\u00e9couvrez notre Gamme de foie gras mi-cuit :<\/span><\/p>\n<ul>\n<li style=\"list-style-type: none;\">\n<ul>\n<li><a href=\"https:\/\/www.maison-occitane.com\/fr\/produit\/foie-gras-canard-entier-mi-cuit-poivre-igp-sud-ouest-200g\/\"><span class=\"link-annotation-unknown-block-id-376067158\">Foie gras de canard entier du Sud-Ouest au poivre 200g<\/span><\/a><\/li>\n<li><a href=\"https:\/\/www.maison-occitane.com\/fr\/produit\/foie-gras-de-canard-entier-mi-cuit-igp-sud-ouest-200g-sv\/\">Foie gras de canard du Sud-Ouest mi-cuit nature 200g<\/a><\/li>\n<li><a href=\"https:\/\/www.maison-occitane.com\/fr\/produit\/foie-gras-de-canard-entier-igp-sud-ouest-mi-cuit-barq-500g\/\">Foie gras de canard entier du Sud-Ouest nature 500g<\/a><\/li>\n<\/ul>\n<\/li>\n<\/ul>\n<p><strong><span style=\"color: #f29400;\">Nombre de parts<\/span> : <\/strong>6 \u00e07\u00a0 parts<\/p>\n<p>\u00c0 conserver au frais entre 0\u00b0 et 4\u00b0C. Apr\u00e8s ouverture \u00e0 conserver au frais et consommer rapidement.<\/p>\n","protected":false},"excerpt":{"rendered":"<p><span class=\"notion-enable-hover\" data-token-index=\"0\">Lobe de foie gras de canard entier du Sud-Ouest mi-cuit de caract\u00e8re, d\u00e9licatement assaisonn\u00e9, \u00e0 partager en famille lors de vos entr\u00e9es ou en ap\u00e9ritifs. Retrouvez tout le go\u00fbt d&rsquo;une pr\u00e9paration faite \u00ab\u00a0maison\u00a0\u00bb et laissez vous envouter par le fondant de cette recette.<\/span><\/p>\n","protected":false},"featured_media":4183,"comment_status":"open","ping_status":"closed","template":"","meta":{"_acf_changed":false},"product_cat":[770,777],"product_tag":[814],"origines":[797],"labels-qualite":[],"class_list":{"0":"post-3537","1":"product","2":"type-product","3":"status-publish","4":"has-post-thumbnail","6":"product_brand-maison-occitane","7":"product_cat-foie-gras","8":"product_cat-foie-gras-mi-cuit","9":"product_tag-mi-cuit","10":"product_origine-igp-du-sud-ouest","12":"first","13":"instock","14":"taxable","15":"shipping-taxable","16":"purchasable","17":"product-type-simple","18":"add-to-wishlist-before_image"},"acf":[],"yoast_head":"<!-- This site is optimized with the Yoast SEO plugin v24.9 - https:\/\/yoast.com\/wordpress\/plugins\/seo\/ -->\n<title>FOIE GRAS DE CANARD ENTIER IGP MI-CUIT COQUE- Maison Occitane<\/title>\n<meta name=\"description\" content=\"Lobe de Foie gras mi-cuit entier en coque Maison Occitane IGP Sud-Ouest, fondant, d\u00e9licatement assaisonn\u00e9. Qualit\u00e9 artisanale, direct producteurs. Vente en ligne.\" \/>\n<meta name=\"robots\" content=\"index, follow, max-snippet:-1, max-image-preview:large, max-video-preview:-1\" \/>\n<link rel=\"canonical\" href=\"https:\/\/www.maison-occitane.com\/fr\/produit\/foie-gras-de-canard-entier-mi-cuit-igp-sud-ouest-coque-300g\/\" \/>\n<meta property=\"og:locale\" content=\"fr_FR\" \/>\n<meta property=\"og:type\" content=\"article\" \/>\n<meta property=\"og:title\" content=\"FOIE GRAS DE CANARD ENTIER IGP MI-CUIT COQUE- Maison Occitane\" \/>\n<meta property=\"og:description\" content=\"Lobe de Foie gras mi-cuit entier en coque Maison Occitane IGP Sud-Ouest, fondant, d\u00e9licatement assaisonn\u00e9. Qualit\u00e9 artisanale, direct producteurs. Vente en ligne.\" \/>\n<meta property=\"og:url\" content=\"https:\/\/www.maison-occitane.com\/fr\/produit\/foie-gras-de-canard-entier-mi-cuit-igp-sud-ouest-coque-300g\/\" \/>\n<meta property=\"og:site_name\" content=\"Maison Occitane\" \/>\n<meta property=\"article:modified_time\" content=\"2025-11-17T14:54:03+00:00\" \/>\n<meta property=\"og:image\" content=\"https:\/\/www.maison-occitane.com\/app\/uploads\/2025\/05\/8233_520px.jpg\" \/>\n\t<meta property=\"og:image:width\" content=\"520\" \/>\n\t<meta property=\"og:image:height\" content=\"420\" \/>\n\t<meta property=\"og:image:type\" content=\"image\/jpeg\" \/>\n<meta name=\"twitter:card\" content=\"summary_large_image\" \/>\n<meta name=\"twitter:label1\" content=\"Dur\u00e9e de lecture estim\u00e9e\" \/>\n\t<meta name=\"twitter:data1\" content=\"2 minutes\" \/>\n<script type=\"application\/ld+json\" class=\"yoast-schema-graph\">{\"@context\":\"https:\/\/schema.org\",\"@graph\":[{\"@type\":\"WebPage\",\"@id\":\"https:\/\/www.maison-occitane.com\/fr\/produit\/foie-gras-de-canard-entier-mi-cuit-igp-sud-ouest-coque-300g\/\",\"url\":\"https:\/\/www.maison-occitane.com\/fr\/produit\/foie-gras-de-canard-entier-mi-cuit-igp-sud-ouest-coque-300g\/\",\"name\":\"FOIE GRAS DE CANARD ENTIER IGP MI-CUIT COQUE- Maison Occitane\",\"isPartOf\":{\"@id\":\"https:\/\/www.maison-occitane.com\/fr\/#website\"},\"primaryImageOfPage\":{\"@id\":\"https:\/\/www.maison-occitane.com\/fr\/produit\/foie-gras-de-canard-entier-mi-cuit-igp-sud-ouest-coque-300g\/#primaryimage\"},\"image\":{\"@id\":\"https:\/\/www.maison-occitane.com\/fr\/produit\/foie-gras-de-canard-entier-mi-cuit-igp-sud-ouest-coque-300g\/#primaryimage\"},\"thumbnailUrl\":\"https:\/\/www.maison-occitane.com\/app\/uploads\/2025\/05\/8233_520px.jpg\",\"datePublished\":\"2025-05-05T06:50:40+00:00\",\"dateModified\":\"2025-11-17T14:54:03+00:00\",\"description\":\"Lobe de Foie gras mi-cuit entier en coque Maison Occitane IGP Sud-Ouest, fondant, d\u00e9licatement assaisonn\u00e9. Qualit\u00e9 artisanale, direct producteurs. Vente en ligne.\",\"breadcrumb\":{\"@id\":\"https:\/\/www.maison-occitane.com\/fr\/produit\/foie-gras-de-canard-entier-mi-cuit-igp-sud-ouest-coque-300g\/#breadcrumb\"},\"inLanguage\":\"fr-FR\",\"potentialAction\":[{\"@type\":\"ReadAction\",\"target\":[\"https:\/\/www.maison-occitane.com\/fr\/produit\/foie-gras-de-canard-entier-mi-cuit-igp-sud-ouest-coque-300g\/\"]}]},{\"@type\":\"ImageObject\",\"inLanguage\":\"fr-FR\",\"@id\":\"https:\/\/www.maison-occitane.com\/fr\/produit\/foie-gras-de-canard-entier-mi-cuit-igp-sud-ouest-coque-300g\/#primaryimage\",\"url\":\"https:\/\/www.maison-occitane.com\/app\/uploads\/2025\/05\/8233_520px.jpg\",\"contentUrl\":\"https:\/\/www.maison-occitane.com\/app\/uploads\/2025\/05\/8233_520px.jpg\",\"width\":520,\"height\":420,\"caption\":\"Foie Gras de canard entier du Sud-Ouest mi-cuit\"},{\"@type\":\"BreadcrumbList\",\"@id\":\"https:\/\/www.maison-occitane.com\/fr\/produit\/foie-gras-de-canard-entier-mi-cuit-igp-sud-ouest-coque-300g\/#breadcrumb\",\"itemListElement\":[{\"@type\":\"ListItem\",\"position\":1,\"name\":\"Accueil\",\"item\":\"https:\/\/www.maison-occitane.com\/fr\/\"},{\"@type\":\"ListItem\",\"position\":2,\"name\":\"Produits\",\"item\":\"https:\/\/www.maison-occitane.com\/fr\/shop\/\"},{\"@type\":\"ListItem\",\"position\":3,\"name\":\"Foie gras\",\"item\":\"https:\/\/www.maison-occitane.com\/fr\/boutique\/foie-gras\/\"},{\"@type\":\"ListItem\",\"position\":4,\"name\":\"Foie gras mi-cuit\",\"item\":\"https:\/\/www.maison-occitane.com\/fr\/boutique\/foie-gras\/foie-gras-mi-cuit\/\"},{\"@type\":\"ListItem\",\"position\":5,\"name\":\"FOIE GRAS DE CANARD ENTIER DU SUD-OUEST MI CUIT COQUE\"}]},{\"@type\":\"WebSite\",\"@id\":\"https:\/\/www.maison-occitane.com\/fr\/#website\",\"url\":\"https:\/\/www.maison-occitane.com\/fr\/\",\"name\":\"Maison Occitane\",\"description\":\"\",\"potentialAction\":[{\"@type\":\"SearchAction\",\"target\":{\"@type\":\"EntryPoint\",\"urlTemplate\":\"https:\/\/www.maison-occitane.com\/fr\/?s={search_term_string}\"},\"query-input\":{\"@type\":\"PropertyValueSpecification\",\"valueRequired\":true,\"valueName\":\"search_term_string\"}}],\"inLanguage\":\"fr-FR\"}]}<\/script>\n<!-- \/ Yoast SEO plugin. -->","yoast_head_json":{"title":"FOIE GRAS DE CANARD ENTIER IGP MI-CUIT COQUE- Maison Occitane","description":"Lobe de Foie gras mi-cuit entier en coque Maison Occitane IGP Sud-Ouest, fondant, d\u00e9licatement assaisonn\u00e9. Qualit\u00e9 artisanale, direct producteurs. Vente en ligne.","robots":{"index":"index","follow":"follow","max-snippet":"max-snippet:-1","max-image-preview":"max-image-preview:large","max-video-preview":"max-video-preview:-1"},"canonical":"https:\/\/www.maison-occitane.com\/fr\/produit\/foie-gras-de-canard-entier-mi-cuit-igp-sud-ouest-coque-300g\/","og_locale":"fr_FR","og_type":"article","og_title":"FOIE GRAS DE CANARD ENTIER IGP MI-CUIT COQUE- Maison Occitane","og_description":"Lobe de Foie gras mi-cuit entier en coque Maison Occitane IGP Sud-Ouest, fondant, d\u00e9licatement assaisonn\u00e9. Qualit\u00e9 artisanale, direct producteurs. Vente en ligne.","og_url":"https:\/\/www.maison-occitane.com\/fr\/produit\/foie-gras-de-canard-entier-mi-cuit-igp-sud-ouest-coque-300g\/","og_site_name":"Maison Occitane","article_modified_time":"2025-11-17T14:54:03+00:00","og_image":[{"width":520,"height":420,"url":"https:\/\/www.maison-occitane.com\/app\/uploads\/2025\/05\/8233_520px.jpg","type":"image\/jpeg"}],"twitter_card":"summary_large_image","twitter_misc":{"Dur\u00e9e de lecture estim\u00e9e":"2 minutes"},"schema":{"@context":"https:\/\/schema.org","@graph":[{"@type":"WebPage","@id":"https:\/\/www.maison-occitane.com\/fr\/produit\/foie-gras-de-canard-entier-mi-cuit-igp-sud-ouest-coque-300g\/","url":"https:\/\/www.maison-occitane.com\/fr\/produit\/foie-gras-de-canard-entier-mi-cuit-igp-sud-ouest-coque-300g\/","name":"FOIE GRAS DE CANARD ENTIER IGP MI-CUIT COQUE- Maison Occitane","isPartOf":{"@id":"https:\/\/www.maison-occitane.com\/fr\/#website"},"primaryImageOfPage":{"@id":"https:\/\/www.maison-occitane.com\/fr\/produit\/foie-gras-de-canard-entier-mi-cuit-igp-sud-ouest-coque-300g\/#primaryimage"},"image":{"@id":"https:\/\/www.maison-occitane.com\/fr\/produit\/foie-gras-de-canard-entier-mi-cuit-igp-sud-ouest-coque-300g\/#primaryimage"},"thumbnailUrl":"https:\/\/www.maison-occitane.com\/app\/uploads\/2025\/05\/8233_520px.jpg","datePublished":"2025-05-05T06:50:40+00:00","dateModified":"2025-11-17T14:54:03+00:00","description":"Lobe de Foie gras mi-cuit entier en coque Maison Occitane IGP Sud-Ouest, fondant, d\u00e9licatement assaisonn\u00e9. Qualit\u00e9 artisanale, direct producteurs. Vente en ligne.","breadcrumb":{"@id":"https:\/\/www.maison-occitane.com\/fr\/produit\/foie-gras-de-canard-entier-mi-cuit-igp-sud-ouest-coque-300g\/#breadcrumb"},"inLanguage":"fr-FR","potentialAction":[{"@type":"ReadAction","target":["https:\/\/www.maison-occitane.com\/fr\/produit\/foie-gras-de-canard-entier-mi-cuit-igp-sud-ouest-coque-300g\/"]}]},{"@type":"ImageObject","inLanguage":"fr-FR","@id":"https:\/\/www.maison-occitane.com\/fr\/produit\/foie-gras-de-canard-entier-mi-cuit-igp-sud-ouest-coque-300g\/#primaryimage","url":"https:\/\/www.maison-occitane.com\/app\/uploads\/2025\/05\/8233_520px.jpg","contentUrl":"https:\/\/www.maison-occitane.com\/app\/uploads\/2025\/05\/8233_520px.jpg","width":520,"height":420,"caption":"Foie Gras de canard entier du Sud-Ouest mi-cuit"},{"@type":"BreadcrumbList","@id":"https:\/\/www.maison-occitane.com\/fr\/produit\/foie-gras-de-canard-entier-mi-cuit-igp-sud-ouest-coque-300g\/#breadcrumb","itemListElement":[{"@type":"ListItem","position":1,"name":"Accueil","item":"https:\/\/www.maison-occitane.com\/fr\/"},{"@type":"ListItem","position":2,"name":"Produits","item":"https:\/\/www.maison-occitane.com\/fr\/shop\/"},{"@type":"ListItem","position":3,"name":"Foie gras","item":"https:\/\/www.maison-occitane.com\/fr\/boutique\/foie-gras\/"},{"@type":"ListItem","position":4,"name":"Foie gras mi-cuit","item":"https:\/\/www.maison-occitane.com\/fr\/boutique\/foie-gras\/foie-gras-mi-cuit\/"},{"@type":"ListItem","position":5,"name":"FOIE GRAS DE CANARD ENTIER DU SUD-OUEST MI CUIT COQUE"}]},{"@type":"WebSite","@id":"https:\/\/www.maison-occitane.com\/fr\/#website","url":"https:\/\/www.maison-occitane.com\/fr\/","name":"Maison Occitane","description":"","potentialAction":[{"@type":"SearchAction","target":{"@type":"EntryPoint","urlTemplate":"https:\/\/www.maison-occitane.com\/fr\/?s={search_term_string}"},"query-input":{"@type":"PropertyValueSpecification","valueRequired":true,"valueName":"search_term_string"}}],"inLanguage":"fr-FR"}]}},"_links":{"self":[{"href":"https:\/\/www.maison-occitane.com\/fr\/wp-json\/wp\/v2\/product\/3537","targetHints":{"allow":["GET"]}}],"collection":[{"href":"https:\/\/www.maison-occitane.com\/fr\/wp-json\/wp\/v2\/product"}],"about":[{"href":"https:\/\/www.maison-occitane.com\/fr\/wp-json\/wp\/v2\/types\/product"}],"replies":[{"embeddable":true,"href":"https:\/\/www.maison-occitane.com\/fr\/wp-json\/wp\/v2\/comments?post=3537"}],"wp:featuredmedia":[{"embeddable":true,"href":"https:\/\/www.maison-occitane.com\/fr\/wp-json\/wp\/v2\/media\/4183"}],"wp:attachment":[{"href":"https:\/\/www.maison-occitane.com\/fr\/wp-json\/wp\/v2\/media?parent=3537"}],"wp:term":[{"taxonomy":"product_cat","embeddable":true,"href":"https:\/\/www.maison-occitane.com\/fr\/wp-json\/wp\/v2\/product_cat?post=3537"},{"taxonomy":"product_tag","embeddable":true,"href":"https:\/\/www.maison-occitane.com\/fr\/wp-json\/wp\/v2\/product_tag?post=3537"},{"taxonomy":"product_origine","embeddable":true,"href":"https:\/\/www.maison-occitane.com\/fr\/wp-json\/wp\/v2\/origines?post=3537"},{"taxonomy":"label_qualite","embeddable":true,"href":"https:\/\/www.maison-occitane.com\/fr\/wp-json\/wp\/v2\/labels-qualite?post=3537"}],"curies":[{"name":"wp","href":"https:\/\/api.w.org\/{rel}","templated":true}]}}