{"id":3536,"date":"2025-05-05T08:50:40","date_gmt":"2025-05-05T06:50:40","guid":{"rendered":"http:\/\/localhost:8080\/non%20class\u00e9\/foie-gras-de-canard-entier-igp-sud-ouest-mi-cuit-barq-500g\/"},"modified":"2026-02-10T09:28:34","modified_gmt":"2026-02-10T08:28:34","slug":"foie-gras-de-canard-entier-igp-sud-ouest-mi-cuit-barq-500g","status":"publish","type":"product","link":"https:\/\/www.maison-occitane.com\/fr\/produit\/foie-gras-de-canard-entier-igp-sud-ouest-mi-cuit-barq-500g\/","title":{"rendered":"FOIE GRAS DE CANARD ENTIER DU SUD-OUEST MI-CUIT BARQUETTE"},"content":{"rendered":"<p data-start=\"646\" data-end=\"922\">Un format pratique pour un plaisir d\u2019exception. Ce foie gras de canard entier mi-cuit en barquette, sign\u00e9 Maison Occitane, est \u00e9labor\u00e9 \u00e0 <strong>partir de canards IGP Sud-Ouest<\/strong> \u00e9lev\u00e9s avec soin par notre groupement de producteurs, dans le respect des traditions.<\/p>\n<p data-start=\"924\" data-end=\"1289\"><strong>Assaisonn\u00e9 simplement \u00e0 la main<\/strong> avec une pinc\u00e9e de sel et de poivre et cuit \u00e0 basse temp\u00e9rature, ce foie gras r\u00e9v\u00e8le une texture fine, fondante et r\u00e9guli\u00e8re, id\u00e9ale pour r\u00e9aliser de belles tranches nettes \u00e0 l\u2019assiette ou \u00e0 l\u2019ap\u00e9ritif. Ce format barquette est pratique, facile \u00e0 d\u00e9mouler, pr\u00eat \u00e0 servir, et toujours d\u2019une grande finesse.<\/p>\n<p data-start=\"1291\" data-end=\"1517\">Chez Maison Occitane, nous s\u00e9lectionnons chaque lobe \u00e0 la main. Nos recettes de foie gras sont <strong>sans additifs ni conservateurs<\/strong>, pour vous offrir des foies gras<strong> 100 % Sud-Ouest, 100 % terroir,<\/strong> qui sublimerons vos tables de f\u00eate comme vos ap\u00e9ritifs improvis\u00e9s.<\/p>\n<p><span class=\"notion-enable-hover\" data-token-index=\"1\">D\u00e9couvrez notre Gamme de foie gras mi-cuit :<\/span><\/p>\n<ul>\n<li><a href=\"https:\/\/www.maison-occitane.com\/fr\/produit\/foie-gras-canard-entier-mi-cuit-poivre-igp-sud-ouest-200g\/\"><span class=\"link-annotation-unknown-block-id-376067158\">Foie gras de canard entier du Sud-Ouest au poivre 200g<\/span><\/a><\/li>\n<li><a href=\"https:\/\/www.maison-occitane.com\/fr\/produit\/foie-gras-de-canard-entier-mi-cuit-igp-sud-ouest-200g-sv\/\">Foie gras de canard du Sud-Ouest mi-cuit nature 200g<\/a><\/li>\n<li><a href=\"https:\/\/www.maison-occitane.com\/fr\/produit\/foie-gras-de-canard-entier-mi-cuit-igp-sud-ouest-coque-300g\/\">Foie gras de canard entier du Sud-Ouest nature 300g<\/a><\/li>\n<\/ul>\n<p><strong><span style=\"color: #f29400;\">Nombre de parts <\/span><\/strong>10 \u00e0 12 parts<\/p>\n<p>\u00c0 conserver au frais entre 0\u00b0 et 4\u00b0C. Apr\u00e8s ouverture \u00e0 conserver au frais et consommer rapidement.<\/p>\n","protected":false},"excerpt":{"rendered":"<p><span class=\"notion-enable-hover\" data-token-index=\"0\">\u00c9labor\u00e9 dans le Sud-Ouest avec des canards IGP issus de notre groupement de producteurs, ce foie gras mi-cuit incarne tout notre savoir-faire depuis 1975. Un foie gras de canard mi-cuit fin et onctueux, un go\u00fbt authentique qui vous r\u00e9v\u00e8le sa texture fondante, pour une d\u00e9gustation gourmande.<\/span><\/p>\n","protected":false},"featured_media":4181,"comment_status":"open","ping_status":"closed","template":"","meta":{"_acf_changed":false},"product_cat":[770,777],"product_tag":[814],"origines":[797],"labels-qualite":[],"class_list":{"0":"post-3536","1":"product","2":"type-product","3":"status-publish","4":"has-post-thumbnail","6":"product_brand-maison-occitane","7":"product_cat-foie-gras","8":"product_cat-foie-gras-mi-cuit","9":"product_tag-mi-cuit","10":"product_origine-igp-du-sud-ouest","12":"first","13":"instock","14":"taxable","15":"shipping-taxable","16":"purchasable","17":"product-type-simple","18":"add-to-wishlist-before_image"},"acf":[],"yoast_head":"<!-- This site is optimized with the Yoast SEO plugin v24.9 - https:\/\/yoast.com\/wordpress\/plugins\/seo\/ -->\n<title>FOIE GRAS DE CANARD ENTIER DU SUD-OUEST MI-CUIT - Maison Occitane<\/title>\n<meta name=\"description\" content=\"Foie gras de canard du Sud-Ouest entier mi-cuit en barquette 500g. Canard IGP du Sud-Ouest. Vente directe producteur du Sud-Ouest. Cuisson douce et texture fondante.\" \/>\n<meta name=\"robots\" content=\"index, follow, max-snippet:-1, max-image-preview:large, max-video-preview:-1\" \/>\n<link rel=\"canonical\" href=\"https:\/\/www.maison-occitane.com\/fr\/produit\/foie-gras-de-canard-entier-igp-sud-ouest-mi-cuit-barq-500g\/\" \/>\n<meta property=\"og:locale\" content=\"fr_FR\" \/>\n<meta property=\"og:type\" content=\"article\" \/>\n<meta property=\"og:title\" content=\"FOIE GRAS DE CANARD ENTIER DU SUD-OUEST MI-CUIT - Maison Occitane\" \/>\n<meta property=\"og:description\" content=\"Foie gras de canard du Sud-Ouest entier mi-cuit en barquette 500g. Canard IGP du Sud-Ouest. Vente directe producteur du Sud-Ouest. Cuisson douce et texture fondante.\" \/>\n<meta property=\"og:url\" content=\"https:\/\/www.maison-occitane.com\/fr\/produit\/foie-gras-de-canard-entier-igp-sud-ouest-mi-cuit-barq-500g\/\" \/>\n<meta property=\"og:site_name\" content=\"Maison Occitane\" \/>\n<meta property=\"article:modified_time\" content=\"2026-02-10T08:28:34+00:00\" \/>\n<meta property=\"og:image\" content=\"https:\/\/www.maison-occitane.com\/app\/uploads\/2025\/05\/8231_520px.jpg\" \/>\n\t<meta property=\"og:image:width\" content=\"520\" \/>\n\t<meta property=\"og:image:height\" content=\"420\" \/>\n\t<meta property=\"og:image:type\" content=\"image\/jpeg\" \/>\n<meta name=\"twitter:card\" content=\"summary_large_image\" \/>\n<meta name=\"twitter:label1\" content=\"Dur\u00e9e de lecture estim\u00e9e\" \/>\n\t<meta name=\"twitter:data1\" content=\"2 minutes\" \/>\n<script type=\"application\/ld+json\" class=\"yoast-schema-graph\">{\"@context\":\"https:\/\/schema.org\",\"@graph\":[{\"@type\":\"WebPage\",\"@id\":\"https:\/\/www.maison-occitane.com\/fr\/produit\/foie-gras-de-canard-entier-igp-sud-ouest-mi-cuit-barq-500g\/\",\"url\":\"https:\/\/www.maison-occitane.com\/fr\/produit\/foie-gras-de-canard-entier-igp-sud-ouest-mi-cuit-barq-500g\/\",\"name\":\"FOIE GRAS DE CANARD ENTIER DU SUD-OUEST MI-CUIT - Maison Occitane\",\"isPartOf\":{\"@id\":\"https:\/\/www.maison-occitane.com\/fr\/#website\"},\"primaryImageOfPage\":{\"@id\":\"https:\/\/www.maison-occitane.com\/fr\/produit\/foie-gras-de-canard-entier-igp-sud-ouest-mi-cuit-barq-500g\/#primaryimage\"},\"image\":{\"@id\":\"https:\/\/www.maison-occitane.com\/fr\/produit\/foie-gras-de-canard-entier-igp-sud-ouest-mi-cuit-barq-500g\/#primaryimage\"},\"thumbnailUrl\":\"https:\/\/www.maison-occitane.com\/app\/uploads\/2025\/05\/8231_520px.jpg\",\"datePublished\":\"2025-05-05T06:50:40+00:00\",\"dateModified\":\"2026-02-10T08:28:34+00:00\",\"description\":\"Foie gras de canard du Sud-Ouest entier mi-cuit en barquette 500g. Canard IGP du Sud-Ouest. Vente directe producteur du Sud-Ouest. Cuisson douce et texture fondante.\",\"breadcrumb\":{\"@id\":\"https:\/\/www.maison-occitane.com\/fr\/produit\/foie-gras-de-canard-entier-igp-sud-ouest-mi-cuit-barq-500g\/#breadcrumb\"},\"inLanguage\":\"fr-FR\",\"potentialAction\":[{\"@type\":\"ReadAction\",\"target\":[\"https:\/\/www.maison-occitane.com\/fr\/produit\/foie-gras-de-canard-entier-igp-sud-ouest-mi-cuit-barq-500g\/\"]}]},{\"@type\":\"ImageObject\",\"inLanguage\":\"fr-FR\",\"@id\":\"https:\/\/www.maison-occitane.com\/fr\/produit\/foie-gras-de-canard-entier-igp-sud-ouest-mi-cuit-barq-500g\/#primaryimage\",\"url\":\"https:\/\/www.maison-occitane.com\/app\/uploads\/2025\/05\/8231_520px.jpg\",\"contentUrl\":\"https:\/\/www.maison-occitane.com\/app\/uploads\/2025\/05\/8231_520px.jpg\",\"width\":520,\"height\":420,\"caption\":\"Foie Gras de canard entier du Sud-Ouest mi-cuit\"},{\"@type\":\"BreadcrumbList\",\"@id\":\"https:\/\/www.maison-occitane.com\/fr\/produit\/foie-gras-de-canard-entier-igp-sud-ouest-mi-cuit-barq-500g\/#breadcrumb\",\"itemListElement\":[{\"@type\":\"ListItem\",\"position\":1,\"name\":\"Accueil\",\"item\":\"https:\/\/www.maison-occitane.com\/fr\/\"},{\"@type\":\"ListItem\",\"position\":2,\"name\":\"Produits\",\"item\":\"https:\/\/www.maison-occitane.com\/fr\/shop\/\"},{\"@type\":\"ListItem\",\"position\":3,\"name\":\"Foie gras\",\"item\":\"https:\/\/www.maison-occitane.com\/fr\/boutique\/foie-gras\/\"},{\"@type\":\"ListItem\",\"position\":4,\"name\":\"Foie gras mi-cuit\",\"item\":\"https:\/\/www.maison-occitane.com\/fr\/boutique\/foie-gras\/foie-gras-mi-cuit\/\"},{\"@type\":\"ListItem\",\"position\":5,\"name\":\"FOIE GRAS DE CANARD ENTIER DU SUD-OUEST MI-CUIT BARQUETTE\"}]},{\"@type\":\"WebSite\",\"@id\":\"https:\/\/www.maison-occitane.com\/fr\/#website\",\"url\":\"https:\/\/www.maison-occitane.com\/fr\/\",\"name\":\"Maison Occitane\",\"description\":\"\",\"potentialAction\":[{\"@type\":\"SearchAction\",\"target\":{\"@type\":\"EntryPoint\",\"urlTemplate\":\"https:\/\/www.maison-occitane.com\/fr\/?s={search_term_string}\"},\"query-input\":{\"@type\":\"PropertyValueSpecification\",\"valueRequired\":true,\"valueName\":\"search_term_string\"}}],\"inLanguage\":\"fr-FR\"}]}<\/script>\n<!-- \/ Yoast SEO plugin. -->","yoast_head_json":{"title":"FOIE GRAS DE CANARD ENTIER DU SUD-OUEST MI-CUIT - Maison Occitane","description":"Foie gras de canard du Sud-Ouest entier mi-cuit en barquette 500g. Canard IGP du Sud-Ouest. Vente directe producteur du Sud-Ouest. Cuisson douce et texture fondante.","robots":{"index":"index","follow":"follow","max-snippet":"max-snippet:-1","max-image-preview":"max-image-preview:large","max-video-preview":"max-video-preview:-1"},"canonical":"https:\/\/www.maison-occitane.com\/fr\/produit\/foie-gras-de-canard-entier-igp-sud-ouest-mi-cuit-barq-500g\/","og_locale":"fr_FR","og_type":"article","og_title":"FOIE GRAS DE CANARD ENTIER DU SUD-OUEST MI-CUIT - Maison Occitane","og_description":"Foie gras de canard du Sud-Ouest entier mi-cuit en barquette 500g. Canard IGP du Sud-Ouest. Vente directe producteur du Sud-Ouest. Cuisson douce et texture fondante.","og_url":"https:\/\/www.maison-occitane.com\/fr\/produit\/foie-gras-de-canard-entier-igp-sud-ouest-mi-cuit-barq-500g\/","og_site_name":"Maison Occitane","article_modified_time":"2026-02-10T08:28:34+00:00","og_image":[{"width":520,"height":420,"url":"https:\/\/www.maison-occitane.com\/app\/uploads\/2025\/05\/8231_520px.jpg","type":"image\/jpeg"}],"twitter_card":"summary_large_image","twitter_misc":{"Dur\u00e9e de lecture estim\u00e9e":"2 minutes"},"schema":{"@context":"https:\/\/schema.org","@graph":[{"@type":"WebPage","@id":"https:\/\/www.maison-occitane.com\/fr\/produit\/foie-gras-de-canard-entier-igp-sud-ouest-mi-cuit-barq-500g\/","url":"https:\/\/www.maison-occitane.com\/fr\/produit\/foie-gras-de-canard-entier-igp-sud-ouest-mi-cuit-barq-500g\/","name":"FOIE GRAS DE CANARD ENTIER DU SUD-OUEST MI-CUIT - Maison Occitane","isPartOf":{"@id":"https:\/\/www.maison-occitane.com\/fr\/#website"},"primaryImageOfPage":{"@id":"https:\/\/www.maison-occitane.com\/fr\/produit\/foie-gras-de-canard-entier-igp-sud-ouest-mi-cuit-barq-500g\/#primaryimage"},"image":{"@id":"https:\/\/www.maison-occitane.com\/fr\/produit\/foie-gras-de-canard-entier-igp-sud-ouest-mi-cuit-barq-500g\/#primaryimage"},"thumbnailUrl":"https:\/\/www.maison-occitane.com\/app\/uploads\/2025\/05\/8231_520px.jpg","datePublished":"2025-05-05T06:50:40+00:00","dateModified":"2026-02-10T08:28:34+00:00","description":"Foie gras de canard du Sud-Ouest entier mi-cuit en barquette 500g. Canard IGP du Sud-Ouest. Vente directe producteur du Sud-Ouest. Cuisson douce et texture fondante.","breadcrumb":{"@id":"https:\/\/www.maison-occitane.com\/fr\/produit\/foie-gras-de-canard-entier-igp-sud-ouest-mi-cuit-barq-500g\/#breadcrumb"},"inLanguage":"fr-FR","potentialAction":[{"@type":"ReadAction","target":["https:\/\/www.maison-occitane.com\/fr\/produit\/foie-gras-de-canard-entier-igp-sud-ouest-mi-cuit-barq-500g\/"]}]},{"@type":"ImageObject","inLanguage":"fr-FR","@id":"https:\/\/www.maison-occitane.com\/fr\/produit\/foie-gras-de-canard-entier-igp-sud-ouest-mi-cuit-barq-500g\/#primaryimage","url":"https:\/\/www.maison-occitane.com\/app\/uploads\/2025\/05\/8231_520px.jpg","contentUrl":"https:\/\/www.maison-occitane.com\/app\/uploads\/2025\/05\/8231_520px.jpg","width":520,"height":420,"caption":"Foie Gras de canard entier du Sud-Ouest mi-cuit"},{"@type":"BreadcrumbList","@id":"https:\/\/www.maison-occitane.com\/fr\/produit\/foie-gras-de-canard-entier-igp-sud-ouest-mi-cuit-barq-500g\/#breadcrumb","itemListElement":[{"@type":"ListItem","position":1,"name":"Accueil","item":"https:\/\/www.maison-occitane.com\/fr\/"},{"@type":"ListItem","position":2,"name":"Produits","item":"https:\/\/www.maison-occitane.com\/fr\/shop\/"},{"@type":"ListItem","position":3,"name":"Foie gras","item":"https:\/\/www.maison-occitane.com\/fr\/boutique\/foie-gras\/"},{"@type":"ListItem","position":4,"name":"Foie gras mi-cuit","item":"https:\/\/www.maison-occitane.com\/fr\/boutique\/foie-gras\/foie-gras-mi-cuit\/"},{"@type":"ListItem","position":5,"name":"FOIE GRAS DE CANARD ENTIER DU SUD-OUEST MI-CUIT BARQUETTE"}]},{"@type":"WebSite","@id":"https:\/\/www.maison-occitane.com\/fr\/#website","url":"https:\/\/www.maison-occitane.com\/fr\/","name":"Maison Occitane","description":"","potentialAction":[{"@type":"SearchAction","target":{"@type":"EntryPoint","urlTemplate":"https:\/\/www.maison-occitane.com\/fr\/?s={search_term_string}"},"query-input":{"@type":"PropertyValueSpecification","valueRequired":true,"valueName":"search_term_string"}}],"inLanguage":"fr-FR"}]}},"_links":{"self":[{"href":"https:\/\/www.maison-occitane.com\/fr\/wp-json\/wp\/v2\/product\/3536","targetHints":{"allow":["GET"]}}],"collection":[{"href":"https:\/\/www.maison-occitane.com\/fr\/wp-json\/wp\/v2\/product"}],"about":[{"href":"https:\/\/www.maison-occitane.com\/fr\/wp-json\/wp\/v2\/types\/product"}],"replies":[{"embeddable":true,"href":"https:\/\/www.maison-occitane.com\/fr\/wp-json\/wp\/v2\/comments?post=3536"}],"wp:featuredmedia":[{"embeddable":true,"href":"https:\/\/www.maison-occitane.com\/fr\/wp-json\/wp\/v2\/media\/4181"}],"wp:attachment":[{"href":"https:\/\/www.maison-occitane.com\/fr\/wp-json\/wp\/v2\/media?parent=3536"}],"wp:term":[{"taxonomy":"product_cat","embeddable":true,"href":"https:\/\/www.maison-occitane.com\/fr\/wp-json\/wp\/v2\/product_cat?post=3536"},{"taxonomy":"product_tag","embeddable":true,"href":"https:\/\/www.maison-occitane.com\/fr\/wp-json\/wp\/v2\/product_tag?post=3536"},{"taxonomy":"product_origine","embeddable":true,"href":"https:\/\/www.maison-occitane.com\/fr\/wp-json\/wp\/v2\/origines?post=3536"},{"taxonomy":"label_qualite","embeddable":true,"href":"https:\/\/www.maison-occitane.com\/fr\/wp-json\/wp\/v2\/labels-qualite?post=3536"}],"curies":[{"name":"wp","href":"https:\/\/api.w.org\/{rel}","templated":true}]}}