{"id":3535,"date":"2025-05-05T08:50:40","date_gmt":"2025-05-05T06:50:40","guid":{"rendered":"http:\/\/localhost:8080\/non%20class\u00e9\/bloc-foie-gras-canard-mi-cuit-france-au-sel-guerande-barq-110g\/"},"modified":"2025-11-19T14:44:54","modified_gmt":"2025-11-19T13:44:54","slug":"bloc-foie-gras-canard-mi-cuit-france-au-sel-guerande-barq-110g","status":"publish","type":"product","link":"https:\/\/www.maison-occitane.com\/fr\/produit\/bloc-foie-gras-canard-mi-cuit-france-au-sel-guerande-barq-110g\/","title":{"rendered":"BLOC FOIE GRAS CANARD AU SEL GUERANDE MI-CUIT"},"content":{"rendered":"<p>Red\u00e9couvrez l\u2019essence m\u00eame du bloc de foie gras de canard sublim\u00e9 par la simplicit\u00e9 et l\u2019authenticit\u00e9 du sel de Gu\u00e9rande. Ce bloc de foie gras mi-cuit r\u00e9v\u00e8le la puret\u00e9 d\u2019un produit noble, relev\u00e9 avec justesse par un sel naturel et non raffin\u00e9, r\u00e9put\u00e9 pour sa richesse min\u00e9rale et son go\u00fbt d\u00e9licat.<\/p>\n<p data-start=\"494\" data-end=\"857\">\u00c9labor\u00e9 dans notre atelier \u00e0 Gramat, ce bloc b\u00e9n\u00e9ficie d\u2019une cuisson douce qui pr\u00e9serve toute sa finesse et son fondant. L\u2019ajout de sel de Gu\u00e9rande vient r\u00e9v\u00e9ler la texture onctueuse du bloc de foie gras et en exalter les ar\u00f4mes, dans une recette sans artifice, centr\u00e9e sur le go\u00fbt.<\/p>\n<p data-start=\"859\" data-end=\"1027\">Propos\u00e9 en barquette de 110g, ce format pratique permet de r\u00e9aliser environ 16 toasts savoureux, parfaits pour un ap\u00e9ritif de qualit\u00e9 ou une entr\u00e9e tout en d\u00e9licatesse.<\/p>\n<p>D\u00e9couvrir le bloc de foie gras de canard \u00e0 toutes saisons avec la gamme\u00a0<span class=\"notion-enable-hover\" data-token-index=\"1\">sp\u00e9cial ap\u00e9ro<\/span>\u00a0de Maison Occitane :<\/p>\n<ul>\n<li><a href=\"https:\/\/www.maison-occitane.com\/fr\/produit\/specialite-bloc-foie-gras-figues-canard-figues-mi-cuit-110g\/\"><strong>Sp\u00e9cialit\u00e9 de Bloc de Foie Gras de canard et figues mi-cuit 110g<\/strong><\/a><\/li>\n<li><a href=\"https:\/\/www.maison-occitane.com\/fr\/produit\/bloc-de-foie-gras-de-canard-mi-cuit-france-piment-espelette-barq\/\"><strong>Bloc de Foie Gras de canard au piment d&rsquo;Espelette 110g<\/strong><\/a><\/li>\n<\/ul>\n<p><strong><span style=\"color: #f29400;\">Nombre de parts :<\/span>\u00a0<\/strong>16 toasts<\/p>\n<p>\u00c0 conserver au frais entre 0\u00b0 et 4\u00b0C. Apr\u00e8s ouverture \u00e0 conserver au frais et consommer rapidement.<\/p>\n","protected":false},"excerpt":{"rendered":"<p><span class=\"notion-enable-hover\" data-token-index=\"0\">Ce bloc de foie gras au Sel de Gu\u00e9rande mi-cuit en barquette est parfait pour \u00eatre servi en entr\u00e9e ou lors d&rsquo;un ap\u00e9ritif gourmet. La cuisson \u00e0 basse temp\u00e9rature permet de pr\u00e9server ses ar\u00f4mes et sa texture fondante. La subtile note de sel de Gu\u00e9rande rehausse le go\u00fbt du bloc afin de le rendre exceptionnel.\u00a0Un vrai festival de saveurs.\u00a0<\/span><\/p>\n","protected":false},"featured_media":4196,"comment_status":"open","ping_status":"closed","template":"","meta":{"_acf_changed":false},"product_cat":[770,778],"product_tag":[814],"origines":[798],"labels-qualite":[],"class_list":{"0":"post-3535","1":"product","2":"type-product","3":"status-publish","4":"has-post-thumbnail","6":"product_brand-maison-occitane","7":"product_cat-foie-gras","8":"product_cat-bloc-de-foie-gras-mi-cuit","9":"product_tag-mi-cuit","10":"product_origine-france","12":"first","13":"instock","14":"taxable","15":"shipping-taxable","16":"purchasable","17":"product-type-simple","18":"add-to-wishlist-before_image"},"acf":[],"yoast_head":"<!-- This site is optimized with the Yoast SEO plugin v24.9 - https:\/\/yoast.com\/wordpress\/plugins\/seo\/ -->\n<title>BLOC FOIE GRAS CANARD AU SEL GUERANDE MI-CUIT - Maison Occitane<\/title>\n<meta name=\"description\" content=\"Bloc de foie gras de canard mi-cuit au sel de Gu\u00e9rande IGP en barquette 110g. Id\u00e9al \u00e0 l\u2019ap\u00e9ritif ou en entr\u00e9e. 16 toast pour l&#039;ap\u00e9ritif.\" \/>\n<meta name=\"robots\" content=\"index, follow, max-snippet:-1, max-image-preview:large, max-video-preview:-1\" \/>\n<link rel=\"canonical\" href=\"https:\/\/www.maison-occitane.com\/fr\/produit\/bloc-foie-gras-canard-mi-cuit-france-au-sel-guerande-barq-110g\/\" \/>\n<meta property=\"og:locale\" content=\"fr_FR\" \/>\n<meta property=\"og:type\" content=\"article\" \/>\n<meta property=\"og:title\" content=\"BLOC FOIE GRAS CANARD AU SEL GUERANDE MI-CUIT - Maison Occitane\" \/>\n<meta property=\"og:description\" content=\"Bloc de foie gras de canard mi-cuit au sel de Gu\u00e9rande IGP en barquette 110g. Id\u00e9al \u00e0 l\u2019ap\u00e9ritif ou en entr\u00e9e. 16 toast pour l&#039;ap\u00e9ritif.\" \/>\n<meta property=\"og:url\" content=\"https:\/\/www.maison-occitane.com\/fr\/produit\/bloc-foie-gras-canard-mi-cuit-france-au-sel-guerande-barq-110g\/\" \/>\n<meta property=\"og:site_name\" content=\"Maison Occitane\" \/>\n<meta property=\"article:modified_time\" content=\"2025-11-19T13:44:54+00:00\" \/>\n<meta property=\"og:image\" content=\"https:\/\/www.maison-occitane.com\/app\/uploads\/2025\/05\/8229_520px.jpg\" \/>\n\t<meta property=\"og:image:width\" content=\"520\" \/>\n\t<meta property=\"og:image:height\" content=\"420\" \/>\n\t<meta property=\"og:image:type\" content=\"image\/jpeg\" \/>\n<meta name=\"twitter:card\" content=\"summary_large_image\" \/>\n<meta name=\"twitter:label1\" content=\"Dur\u00e9e de lecture estim\u00e9e\" \/>\n\t<meta name=\"twitter:data1\" content=\"2 minutes\" \/>\n<script type=\"application\/ld+json\" class=\"yoast-schema-graph\">{\"@context\":\"https:\/\/schema.org\",\"@graph\":[{\"@type\":\"WebPage\",\"@id\":\"https:\/\/www.maison-occitane.com\/fr\/produit\/bloc-foie-gras-canard-mi-cuit-france-au-sel-guerande-barq-110g\/\",\"url\":\"https:\/\/www.maison-occitane.com\/fr\/produit\/bloc-foie-gras-canard-mi-cuit-france-au-sel-guerande-barq-110g\/\",\"name\":\"BLOC FOIE GRAS CANARD AU SEL GUERANDE MI-CUIT - Maison Occitane\",\"isPartOf\":{\"@id\":\"https:\/\/www.maison-occitane.com\/fr\/#website\"},\"primaryImageOfPage\":{\"@id\":\"https:\/\/www.maison-occitane.com\/fr\/produit\/bloc-foie-gras-canard-mi-cuit-france-au-sel-guerande-barq-110g\/#primaryimage\"},\"image\":{\"@id\":\"https:\/\/www.maison-occitane.com\/fr\/produit\/bloc-foie-gras-canard-mi-cuit-france-au-sel-guerande-barq-110g\/#primaryimage\"},\"thumbnailUrl\":\"https:\/\/www.maison-occitane.com\/app\/uploads\/2025\/05\/8229_520px.jpg\",\"datePublished\":\"2025-05-05T06:50:40+00:00\",\"dateModified\":\"2025-11-19T13:44:54+00:00\",\"description\":\"Bloc de foie gras de canard mi-cuit au sel de Gu\u00e9rande IGP en barquette 110g. Id\u00e9al \u00e0 l\u2019ap\u00e9ritif ou en entr\u00e9e. 16 toast pour l'ap\u00e9ritif.\",\"breadcrumb\":{\"@id\":\"https:\/\/www.maison-occitane.com\/fr\/produit\/bloc-foie-gras-canard-mi-cuit-france-au-sel-guerande-barq-110g\/#breadcrumb\"},\"inLanguage\":\"fr-FR\",\"potentialAction\":[{\"@type\":\"ReadAction\",\"target\":[\"https:\/\/www.maison-occitane.com\/fr\/produit\/bloc-foie-gras-canard-mi-cuit-france-au-sel-guerande-barq-110g\/\"]}]},{\"@type\":\"ImageObject\",\"inLanguage\":\"fr-FR\",\"@id\":\"https:\/\/www.maison-occitane.com\/fr\/produit\/bloc-foie-gras-canard-mi-cuit-france-au-sel-guerande-barq-110g\/#primaryimage\",\"url\":\"https:\/\/www.maison-occitane.com\/app\/uploads\/2025\/05\/8229_520px.jpg\",\"contentUrl\":\"https:\/\/www.maison-occitane.com\/app\/uploads\/2025\/05\/8229_520px.jpg\",\"width\":520,\"height\":420,\"caption\":\"Bloc de Foie Gras de canard mi-cuit au sel de Gu\u00e9rande\"},{\"@type\":\"BreadcrumbList\",\"@id\":\"https:\/\/www.maison-occitane.com\/fr\/produit\/bloc-foie-gras-canard-mi-cuit-france-au-sel-guerande-barq-110g\/#breadcrumb\",\"itemListElement\":[{\"@type\":\"ListItem\",\"position\":1,\"name\":\"Accueil\",\"item\":\"https:\/\/www.maison-occitane.com\/fr\/\"},{\"@type\":\"ListItem\",\"position\":2,\"name\":\"Produits\",\"item\":\"https:\/\/www.maison-occitane.com\/fr\/shop\/\"},{\"@type\":\"ListItem\",\"position\":3,\"name\":\"Foie gras\",\"item\":\"https:\/\/www.maison-occitane.com\/fr\/boutique\/foie-gras\/\"},{\"@type\":\"ListItem\",\"position\":4,\"name\":\"Bloc de foie gras mi-cuit\",\"item\":\"https:\/\/www.maison-occitane.com\/fr\/boutique\/foie-gras\/bloc-de-foie-gras-mi-cuit\/\"},{\"@type\":\"ListItem\",\"position\":5,\"name\":\"BLOC FOIE GRAS CANARD AU SEL GUERANDE MI-CUIT\"}]},{\"@type\":\"WebSite\",\"@id\":\"https:\/\/www.maison-occitane.com\/fr\/#website\",\"url\":\"https:\/\/www.maison-occitane.com\/fr\/\",\"name\":\"Maison Occitane\",\"description\":\"\",\"potentialAction\":[{\"@type\":\"SearchAction\",\"target\":{\"@type\":\"EntryPoint\",\"urlTemplate\":\"https:\/\/www.maison-occitane.com\/fr\/?s={search_term_string}\"},\"query-input\":{\"@type\":\"PropertyValueSpecification\",\"valueRequired\":true,\"valueName\":\"search_term_string\"}}],\"inLanguage\":\"fr-FR\"}]}<\/script>\n<!-- \/ Yoast SEO plugin. -->","yoast_head_json":{"title":"BLOC FOIE GRAS CANARD AU SEL GUERANDE MI-CUIT - Maison Occitane","description":"Bloc de foie gras de canard mi-cuit au sel de Gu\u00e9rande IGP en barquette 110g. Id\u00e9al \u00e0 l\u2019ap\u00e9ritif ou en entr\u00e9e. 16 toast pour l'ap\u00e9ritif.","robots":{"index":"index","follow":"follow","max-snippet":"max-snippet:-1","max-image-preview":"max-image-preview:large","max-video-preview":"max-video-preview:-1"},"canonical":"https:\/\/www.maison-occitane.com\/fr\/produit\/bloc-foie-gras-canard-mi-cuit-france-au-sel-guerande-barq-110g\/","og_locale":"fr_FR","og_type":"article","og_title":"BLOC FOIE GRAS CANARD AU SEL GUERANDE MI-CUIT - Maison Occitane","og_description":"Bloc de foie gras de canard mi-cuit au sel de Gu\u00e9rande IGP en barquette 110g. Id\u00e9al \u00e0 l\u2019ap\u00e9ritif ou en entr\u00e9e. 16 toast pour l'ap\u00e9ritif.","og_url":"https:\/\/www.maison-occitane.com\/fr\/produit\/bloc-foie-gras-canard-mi-cuit-france-au-sel-guerande-barq-110g\/","og_site_name":"Maison Occitane","article_modified_time":"2025-11-19T13:44:54+00:00","og_image":[{"width":520,"height":420,"url":"https:\/\/www.maison-occitane.com\/app\/uploads\/2025\/05\/8229_520px.jpg","type":"image\/jpeg"}],"twitter_card":"summary_large_image","twitter_misc":{"Dur\u00e9e de lecture estim\u00e9e":"2 minutes"},"schema":{"@context":"https:\/\/schema.org","@graph":[{"@type":"WebPage","@id":"https:\/\/www.maison-occitane.com\/fr\/produit\/bloc-foie-gras-canard-mi-cuit-france-au-sel-guerande-barq-110g\/","url":"https:\/\/www.maison-occitane.com\/fr\/produit\/bloc-foie-gras-canard-mi-cuit-france-au-sel-guerande-barq-110g\/","name":"BLOC FOIE GRAS CANARD AU SEL GUERANDE MI-CUIT - Maison Occitane","isPartOf":{"@id":"https:\/\/www.maison-occitane.com\/fr\/#website"},"primaryImageOfPage":{"@id":"https:\/\/www.maison-occitane.com\/fr\/produit\/bloc-foie-gras-canard-mi-cuit-france-au-sel-guerande-barq-110g\/#primaryimage"},"image":{"@id":"https:\/\/www.maison-occitane.com\/fr\/produit\/bloc-foie-gras-canard-mi-cuit-france-au-sel-guerande-barq-110g\/#primaryimage"},"thumbnailUrl":"https:\/\/www.maison-occitane.com\/app\/uploads\/2025\/05\/8229_520px.jpg","datePublished":"2025-05-05T06:50:40+00:00","dateModified":"2025-11-19T13:44:54+00:00","description":"Bloc de foie gras de canard mi-cuit au sel de Gu\u00e9rande IGP en barquette 110g. Id\u00e9al \u00e0 l\u2019ap\u00e9ritif ou en entr\u00e9e. 16 toast pour l'ap\u00e9ritif.","breadcrumb":{"@id":"https:\/\/www.maison-occitane.com\/fr\/produit\/bloc-foie-gras-canard-mi-cuit-france-au-sel-guerande-barq-110g\/#breadcrumb"},"inLanguage":"fr-FR","potentialAction":[{"@type":"ReadAction","target":["https:\/\/www.maison-occitane.com\/fr\/produit\/bloc-foie-gras-canard-mi-cuit-france-au-sel-guerande-barq-110g\/"]}]},{"@type":"ImageObject","inLanguage":"fr-FR","@id":"https:\/\/www.maison-occitane.com\/fr\/produit\/bloc-foie-gras-canard-mi-cuit-france-au-sel-guerande-barq-110g\/#primaryimage","url":"https:\/\/www.maison-occitane.com\/app\/uploads\/2025\/05\/8229_520px.jpg","contentUrl":"https:\/\/www.maison-occitane.com\/app\/uploads\/2025\/05\/8229_520px.jpg","width":520,"height":420,"caption":"Bloc de Foie Gras de canard mi-cuit au sel de Gu\u00e9rande"},{"@type":"BreadcrumbList","@id":"https:\/\/www.maison-occitane.com\/fr\/produit\/bloc-foie-gras-canard-mi-cuit-france-au-sel-guerande-barq-110g\/#breadcrumb","itemListElement":[{"@type":"ListItem","position":1,"name":"Accueil","item":"https:\/\/www.maison-occitane.com\/fr\/"},{"@type":"ListItem","position":2,"name":"Produits","item":"https:\/\/www.maison-occitane.com\/fr\/shop\/"},{"@type":"ListItem","position":3,"name":"Foie gras","item":"https:\/\/www.maison-occitane.com\/fr\/boutique\/foie-gras\/"},{"@type":"ListItem","position":4,"name":"Bloc de foie gras mi-cuit","item":"https:\/\/www.maison-occitane.com\/fr\/boutique\/foie-gras\/bloc-de-foie-gras-mi-cuit\/"},{"@type":"ListItem","position":5,"name":"BLOC FOIE GRAS CANARD AU SEL GUERANDE MI-CUIT"}]},{"@type":"WebSite","@id":"https:\/\/www.maison-occitane.com\/fr\/#website","url":"https:\/\/www.maison-occitane.com\/fr\/","name":"Maison Occitane","description":"","potentialAction":[{"@type":"SearchAction","target":{"@type":"EntryPoint","urlTemplate":"https:\/\/www.maison-occitane.com\/fr\/?s={search_term_string}"},"query-input":{"@type":"PropertyValueSpecification","valueRequired":true,"valueName":"search_term_string"}}],"inLanguage":"fr-FR"}]}},"_links":{"self":[{"href":"https:\/\/www.maison-occitane.com\/fr\/wp-json\/wp\/v2\/product\/3535","targetHints":{"allow":["GET"]}}],"collection":[{"href":"https:\/\/www.maison-occitane.com\/fr\/wp-json\/wp\/v2\/product"}],"about":[{"href":"https:\/\/www.maison-occitane.com\/fr\/wp-json\/wp\/v2\/types\/product"}],"replies":[{"embeddable":true,"href":"https:\/\/www.maison-occitane.com\/fr\/wp-json\/wp\/v2\/comments?post=3535"}],"wp:featuredmedia":[{"embeddable":true,"href":"https:\/\/www.maison-occitane.com\/fr\/wp-json\/wp\/v2\/media\/4196"}],"wp:attachment":[{"href":"https:\/\/www.maison-occitane.com\/fr\/wp-json\/wp\/v2\/media?parent=3535"}],"wp:term":[{"taxonomy":"product_cat","embeddable":true,"href":"https:\/\/www.maison-occitane.com\/fr\/wp-json\/wp\/v2\/product_cat?post=3535"},{"taxonomy":"product_tag","embeddable":true,"href":"https:\/\/www.maison-occitane.com\/fr\/wp-json\/wp\/v2\/product_tag?post=3535"},{"taxonomy":"product_origine","embeddable":true,"href":"https:\/\/www.maison-occitane.com\/fr\/wp-json\/wp\/v2\/origines?post=3535"},{"taxonomy":"label_qualite","embeddable":true,"href":"https:\/\/www.maison-occitane.com\/fr\/wp-json\/wp\/v2\/labels-qualite?post=3535"}],"curies":[{"name":"wp","href":"https:\/\/api.w.org\/{rel}","templated":true}]}}