{"id":3534,"date":"2025-05-05T08:50:40","date_gmt":"2025-05-05T06:50:40","guid":{"rendered":"http:\/\/localhost:8080\/non%20class\u00e9\/viande-de-canard-france-confite-prete-a-cuisiner-400g-mi-cuit-sv\/"},"modified":"2025-10-01T15:48:22","modified_gmt":"2025-10-01T13:48:22","slug":"viande-de-canard-france-confite-prete-a-cuisiner-400g-mi-cuit-sv","status":"publish","type":"product","link":"https:\/\/www.maison-occitane.com\/fr\/produit\/viande-de-canard-france-confite-prete-a-cuisiner-400g-mi-cuit-sv\/","title":{"rendered":"VIANDE CONFITE DE CANARD FRANCE"},"content":{"rendered":"<p>Red\u00e9couvrez toute la g\u00e9n\u00e9rosit\u00e9 du canard confit avec notre <strong data-start=\"777\" data-end=\"814\">viande confite de canard pr\u00eate \u00e0 cuisiner 400g.<\/strong><\/p>\n<p>Une cuisson en marmite dans la graisse de canard, selon la m\u00e9thode traditionnelle du confisage. D\u00e9couvrez une viande moelleuse gr\u00e2ce \u00e0 la pasteurisation sous-vide. S\u00e9lectionn\u00e9e \u00e0 partir de <strong data-start=\"944\" data-end=\"981\">canards gras 100 % origine France<\/strong>, issue de notre groupement de producteurs.<\/p>\n<p data-start=\"919\" data-end=\"1284\"><span data-start=\"1077\" data-end=\"1121\">Notre <\/span><strong data-start=\"1077\" data-end=\"1121\">viande de canard, graisse de canard, sel<\/strong>, et rien d\u2019autre. <strong data-start=\"1140\" data-end=\"1185\">Sans additifs, sans assaisonnement ajout\u00e9<\/strong>, elle vous permet d\u2019adapter vos recettes en toute libert\u00e9, selon vos go\u00fbts. \u00c0 vous d&rsquo;adapter l\u2019assaisonnement de vos pr\u00e9parations en fonction de vos recettes\u2026<\/p>\n<p data-start=\"1286\" data-end=\"1652\">Gr\u00e2ce \u00e0 la cuisson lente en graisse et \u00e0 la pasteurisation sous-vide, vous profitez d\u2019une viande <strong data-start=\"1391\" data-end=\"1428\">moelleuse, fondante et savoureuse<\/strong>, id\u00e9ale pour les pr\u00e9parations du quotidien comme les plats plus \u00e9labor\u00e9s. Parmentiers, lasagnes, l\u00e9gumes farcis, bricks croustillantes, salades ti\u00e8des ou encore garnitures de cr\u00eapes sal\u00e9es : les possibilit\u00e9s sont infinies !<\/p>\n<p data-start=\"1654\" data-end=\"1793\"><strong data-start=\"1654\" data-end=\"1674\">Pr\u00eate \u00e0 l\u2019emploi<\/strong>, cette viande confite ne demande aucune pr\u00e9paration : il vous suffit de la r\u00e9chauffer et de la sublimer \u00e0 votre fa\u00e7on.<\/p>\n<p>\u00c0 conserver entre <strong data-start=\"2489\" data-end=\"2504\">0\u00b0C et +4\u00b0C<\/strong>. Produit mi-cuit, pasteuris\u00e9. \u00c0 consommer rapidement apr\u00e8s ouverture.<\/p>\n<p>&nbsp;<\/p>\n","protected":false},"excerpt":{"rendered":"<p><span class=\"notion-enable-hover\" data-token-index=\"0\">Notre viande de canard confite est pr\u00eate \u00e0 cuisiner. 100% canard. Elle est cuite en marmite dans la graisse de canard, selon la m\u00e9thode traditionnelle du confisage. Notre viande est moelleuse et savoureuse gr\u00e2ce \u00e0 la pasteurisation sous-vide. Sans assaisonnement ajout\u00e9 : \u00e0 vous d\u2019adapter l\u2019assaisonnement.<\/span><\/p>\n","protected":false},"featured_media":4262,"comment_status":"open","ping_status":"closed","template":"","meta":{"_acf_changed":false},"product_cat":[774],"product_tag":[],"origines":[798],"labels-qualite":[],"class_list":{"0":"post-3534","1":"product","2":"type-product","3":"status-publish","4":"has-post-thumbnail","6":"product_brand-maison-occitane","7":"product_cat-confits-de-canard","8":"product_origine-france","10":"first","11":"instock","12":"taxable","13":"shipping-taxable","14":"purchasable","15":"product-type-simple","16":"add-to-wishlist-before_image"},"acf":[],"yoast_head":"<!-- This site is optimized with the Yoast SEO plugin v24.9 - https:\/\/yoast.com\/wordpress\/plugins\/seo\/ -->\n<title>VIANDE CONFITE CANARD FRANCE - Maison Occitane<\/title>\n<meta name=\"description\" content=\"Viande de canard confite 100% Canard , pr\u00eate \u00e0 cuisiner. Cuisson dans la graisse de canard pour une chair moelleuse. Id\u00e9ale pour parmentiers, lasagnes et l\u00e9gumes farcis.\" \/>\n<meta name=\"robots\" content=\"index, follow, max-snippet:-1, max-image-preview:large, max-video-preview:-1\" \/>\n<link rel=\"canonical\" href=\"https:\/\/www.maison-occitane.com\/produit\/viande-de-canard-france-confite-prete-a-cuisiner-400g-mi-cuit-sv\/\" \/>\n<meta property=\"og:locale\" content=\"fr_FR\" \/>\n<meta property=\"og:type\" content=\"article\" \/>\n<meta property=\"og:title\" content=\"VIANDE CONFITE CANARD FRANCE - Maison Occitane\" \/>\n<meta property=\"og:description\" content=\"Viande de canard confite 100% Canard , pr\u00eate \u00e0 cuisiner. Cuisson dans la graisse de canard pour une chair moelleuse. Id\u00e9ale pour parmentiers, lasagnes et l\u00e9gumes farcis.\" \/>\n<meta property=\"og:url\" content=\"https:\/\/www.maison-occitane.com\/produit\/viande-de-canard-france-confite-prete-a-cuisiner-400g-mi-cuit-sv\/\" \/>\n<meta property=\"og:site_name\" content=\"Maison Occitane\" \/>\n<meta property=\"article:modified_time\" content=\"2025-10-01T13:48:22+00:00\" \/>\n<meta property=\"og:image\" content=\"https:\/\/www.maison-occitane.com\/app\/uploads\/2025\/05\/8228_520px.jpg\" \/>\n\t<meta property=\"og:image:width\" content=\"520\" \/>\n\t<meta property=\"og:image:height\" content=\"450\" \/>\n\t<meta property=\"og:image:type\" content=\"image\/jpeg\" \/>\n<meta name=\"twitter:card\" content=\"summary_large_image\" \/>\n<meta name=\"twitter:label1\" content=\"Dur\u00e9e de lecture estim\u00e9e\" \/>\n\t<meta name=\"twitter:data1\" content=\"2 minutes\" \/>\n<script type=\"application\/ld+json\" class=\"yoast-schema-graph\">{\"@context\":\"https:\/\/schema.org\",\"@graph\":[{\"@type\":\"WebPage\",\"@id\":\"https:\/\/www.maison-occitane.com\/produit\/viande-de-canard-france-confite-prete-a-cuisiner-400g-mi-cuit-sv\/\",\"url\":\"https:\/\/www.maison-occitane.com\/produit\/viande-de-canard-france-confite-prete-a-cuisiner-400g-mi-cuit-sv\/\",\"name\":\"VIANDE CONFITE CANARD FRANCE - Maison Occitane\",\"isPartOf\":{\"@id\":\"https:\/\/www.maison-occitane.com\/fr\/#website\"},\"primaryImageOfPage\":{\"@id\":\"https:\/\/www.maison-occitane.com\/produit\/viande-de-canard-france-confite-prete-a-cuisiner-400g-mi-cuit-sv\/#primaryimage\"},\"image\":{\"@id\":\"https:\/\/www.maison-occitane.com\/produit\/viande-de-canard-france-confite-prete-a-cuisiner-400g-mi-cuit-sv\/#primaryimage\"},\"thumbnailUrl\":\"https:\/\/www.maison-occitane.com\/app\/uploads\/2025\/05\/8228_520px.jpg\",\"datePublished\":\"2025-05-05T06:50:40+00:00\",\"dateModified\":\"2025-10-01T13:48:22+00:00\",\"description\":\"Viande de canard confite 100% Canard , pr\u00eate \u00e0 cuisiner. Cuisson dans la graisse de canard pour une chair moelleuse. Id\u00e9ale pour parmentiers, lasagnes et l\u00e9gumes farcis.\",\"breadcrumb\":{\"@id\":\"https:\/\/www.maison-occitane.com\/produit\/viande-de-canard-france-confite-prete-a-cuisiner-400g-mi-cuit-sv\/#breadcrumb\"},\"inLanguage\":\"fr-FR\",\"potentialAction\":[{\"@type\":\"ReadAction\",\"target\":[\"https:\/\/www.maison-occitane.com\/produit\/viande-de-canard-france-confite-prete-a-cuisiner-400g-mi-cuit-sv\/\"]}]},{\"@type\":\"ImageObject\",\"inLanguage\":\"fr-FR\",\"@id\":\"https:\/\/www.maison-occitane.com\/produit\/viande-de-canard-france-confite-prete-a-cuisiner-400g-mi-cuit-sv\/#primaryimage\",\"url\":\"https:\/\/www.maison-occitane.com\/app\/uploads\/2025\/05\/8228_520px.jpg\",\"contentUrl\":\"https:\/\/www.maison-occitane.com\/app\/uploads\/2025\/05\/8228_520px.jpg\",\"width\":520,\"height\":450,\"caption\":\"Viande confite de canard France\"},{\"@type\":\"BreadcrumbList\",\"@id\":\"https:\/\/www.maison-occitane.com\/produit\/viande-de-canard-france-confite-prete-a-cuisiner-400g-mi-cuit-sv\/#breadcrumb\",\"itemListElement\":[{\"@type\":\"ListItem\",\"position\":1,\"name\":\"Accueil\",\"item\":\"https:\/\/www.maison-occitane.com\/fr\/\"},{\"@type\":\"ListItem\",\"position\":2,\"name\":\"Produits\",\"item\":\"https:\/\/www.maison-occitane.com\/fr\/shop\/\"},{\"@type\":\"ListItem\",\"position\":3,\"name\":\"Confits de canard\",\"item\":\"https:\/\/www.maison-occitane.com\/fr\/boutique\/confits-de-canard\/\"},{\"@type\":\"ListItem\",\"position\":4,\"name\":\"VIANDE CONFITE DE CANARD FRANCE\"}]},{\"@type\":\"WebSite\",\"@id\":\"https:\/\/www.maison-occitane.com\/fr\/#website\",\"url\":\"https:\/\/www.maison-occitane.com\/fr\/\",\"name\":\"Maison Occitane\",\"description\":\"\",\"potentialAction\":[{\"@type\":\"SearchAction\",\"target\":{\"@type\":\"EntryPoint\",\"urlTemplate\":\"https:\/\/www.maison-occitane.com\/fr\/?s={search_term_string}\"},\"query-input\":{\"@type\":\"PropertyValueSpecification\",\"valueRequired\":true,\"valueName\":\"search_term_string\"}}],\"inLanguage\":\"fr-FR\"}]}<\/script>\n<!-- \/ Yoast SEO plugin. -->","yoast_head_json":{"title":"VIANDE CONFITE CANARD FRANCE - Maison Occitane","description":"Viande de canard confite 100% Canard , pr\u00eate \u00e0 cuisiner. Cuisson dans la graisse de canard pour une chair moelleuse. Id\u00e9ale pour parmentiers, lasagnes et l\u00e9gumes farcis.","robots":{"index":"index","follow":"follow","max-snippet":"max-snippet:-1","max-image-preview":"max-image-preview:large","max-video-preview":"max-video-preview:-1"},"canonical":"https:\/\/www.maison-occitane.com\/produit\/viande-de-canard-france-confite-prete-a-cuisiner-400g-mi-cuit-sv\/","og_locale":"fr_FR","og_type":"article","og_title":"VIANDE CONFITE CANARD FRANCE - Maison Occitane","og_description":"Viande de canard confite 100% Canard , pr\u00eate \u00e0 cuisiner. Cuisson dans la graisse de canard pour une chair moelleuse. Id\u00e9ale pour parmentiers, lasagnes et l\u00e9gumes farcis.","og_url":"https:\/\/www.maison-occitane.com\/produit\/viande-de-canard-france-confite-prete-a-cuisiner-400g-mi-cuit-sv\/","og_site_name":"Maison Occitane","article_modified_time":"2025-10-01T13:48:22+00:00","og_image":[{"width":520,"height":450,"url":"https:\/\/www.maison-occitane.com\/app\/uploads\/2025\/05\/8228_520px.jpg","type":"image\/jpeg"}],"twitter_card":"summary_large_image","twitter_misc":{"Dur\u00e9e de lecture estim\u00e9e":"2 minutes"},"schema":{"@context":"https:\/\/schema.org","@graph":[{"@type":"WebPage","@id":"https:\/\/www.maison-occitane.com\/produit\/viande-de-canard-france-confite-prete-a-cuisiner-400g-mi-cuit-sv\/","url":"https:\/\/www.maison-occitane.com\/produit\/viande-de-canard-france-confite-prete-a-cuisiner-400g-mi-cuit-sv\/","name":"VIANDE CONFITE CANARD FRANCE - Maison Occitane","isPartOf":{"@id":"https:\/\/www.maison-occitane.com\/fr\/#website"},"primaryImageOfPage":{"@id":"https:\/\/www.maison-occitane.com\/produit\/viande-de-canard-france-confite-prete-a-cuisiner-400g-mi-cuit-sv\/#primaryimage"},"image":{"@id":"https:\/\/www.maison-occitane.com\/produit\/viande-de-canard-france-confite-prete-a-cuisiner-400g-mi-cuit-sv\/#primaryimage"},"thumbnailUrl":"https:\/\/www.maison-occitane.com\/app\/uploads\/2025\/05\/8228_520px.jpg","datePublished":"2025-05-05T06:50:40+00:00","dateModified":"2025-10-01T13:48:22+00:00","description":"Viande de canard confite 100% Canard , pr\u00eate \u00e0 cuisiner. Cuisson dans la graisse de canard pour une chair moelleuse. Id\u00e9ale pour parmentiers, lasagnes et l\u00e9gumes farcis.","breadcrumb":{"@id":"https:\/\/www.maison-occitane.com\/produit\/viande-de-canard-france-confite-prete-a-cuisiner-400g-mi-cuit-sv\/#breadcrumb"},"inLanguage":"fr-FR","potentialAction":[{"@type":"ReadAction","target":["https:\/\/www.maison-occitane.com\/produit\/viande-de-canard-france-confite-prete-a-cuisiner-400g-mi-cuit-sv\/"]}]},{"@type":"ImageObject","inLanguage":"fr-FR","@id":"https:\/\/www.maison-occitane.com\/produit\/viande-de-canard-france-confite-prete-a-cuisiner-400g-mi-cuit-sv\/#primaryimage","url":"https:\/\/www.maison-occitane.com\/app\/uploads\/2025\/05\/8228_520px.jpg","contentUrl":"https:\/\/www.maison-occitane.com\/app\/uploads\/2025\/05\/8228_520px.jpg","width":520,"height":450,"caption":"Viande confite de canard France"},{"@type":"BreadcrumbList","@id":"https:\/\/www.maison-occitane.com\/produit\/viande-de-canard-france-confite-prete-a-cuisiner-400g-mi-cuit-sv\/#breadcrumb","itemListElement":[{"@type":"ListItem","position":1,"name":"Accueil","item":"https:\/\/www.maison-occitane.com\/fr\/"},{"@type":"ListItem","position":2,"name":"Produits","item":"https:\/\/www.maison-occitane.com\/fr\/shop\/"},{"@type":"ListItem","position":3,"name":"Confits de canard","item":"https:\/\/www.maison-occitane.com\/fr\/boutique\/confits-de-canard\/"},{"@type":"ListItem","position":4,"name":"VIANDE CONFITE DE CANARD FRANCE"}]},{"@type":"WebSite","@id":"https:\/\/www.maison-occitane.com\/fr\/#website","url":"https:\/\/www.maison-occitane.com\/fr\/","name":"Maison Occitane","description":"","potentialAction":[{"@type":"SearchAction","target":{"@type":"EntryPoint","urlTemplate":"https:\/\/www.maison-occitane.com\/fr\/?s={search_term_string}"},"query-input":{"@type":"PropertyValueSpecification","valueRequired":true,"valueName":"search_term_string"}}],"inLanguage":"fr-FR"}]}},"_links":{"self":[{"href":"https:\/\/www.maison-occitane.com\/fr\/wp-json\/wp\/v2\/product\/3534","targetHints":{"allow":["GET"]}}],"collection":[{"href":"https:\/\/www.maison-occitane.com\/fr\/wp-json\/wp\/v2\/product"}],"about":[{"href":"https:\/\/www.maison-occitane.com\/fr\/wp-json\/wp\/v2\/types\/product"}],"replies":[{"embeddable":true,"href":"https:\/\/www.maison-occitane.com\/fr\/wp-json\/wp\/v2\/comments?post=3534"}],"wp:featuredmedia":[{"embeddable":true,"href":"https:\/\/www.maison-occitane.com\/fr\/wp-json\/wp\/v2\/media\/4262"}],"wp:attachment":[{"href":"https:\/\/www.maison-occitane.com\/fr\/wp-json\/wp\/v2\/media?parent=3534"}],"wp:term":[{"taxonomy":"product_cat","embeddable":true,"href":"https:\/\/www.maison-occitane.com\/fr\/wp-json\/wp\/v2\/product_cat?post=3534"},{"taxonomy":"product_tag","embeddable":true,"href":"https:\/\/www.maison-occitane.com\/fr\/wp-json\/wp\/v2\/product_tag?post=3534"},{"taxonomy":"product_origine","embeddable":true,"href":"https:\/\/www.maison-occitane.com\/fr\/wp-json\/wp\/v2\/origines?post=3534"},{"taxonomy":"label_qualite","embeddable":true,"href":"https:\/\/www.maison-occitane.com\/fr\/wp-json\/wp\/v2\/labels-qualite?post=3534"}],"curies":[{"name":"wp","href":"https:\/\/api.w.org\/{rel}","templated":true}]}}