{"id":3533,"date":"2025-05-05T08:50:40","date_gmt":"2025-05-05T06:50:40","guid":{"rendered":"http:\/\/localhost:8080\/non%20class\u00e9\/alliance-bloc-foie-gras-figues-canard-france-mi-cuit-110g\/"},"modified":"2025-11-17T15:59:39","modified_gmt":"2025-11-17T14:59:39","slug":"specialite-bloc-foie-gras-figues-canard-figues-mi-cuit-110g","status":"publish","type":"product","link":"https:\/\/www.maison-occitane.com\/fr\/produit\/specialite-bloc-foie-gras-figues-canard-figues-mi-cuit-110g\/","title":{"rendered":"SPECIALITE DE BLOC DE FOIE GRAS DE CANARD ET DE FIGUES MI-CUIT"},"content":{"rendered":"<p data-start=\"181\" data-end=\"455\">Laissez-vous s\u00e9duire par l&rsquo;accord raffin\u00e9 entre la douceur de notre sp\u00e9cialit\u00e9 de bloc de\u00a0 foie gras de canard et la touche sucr\u00e9e et fondante de la figue. Cette sp\u00e9cialit\u00e9 mi-cuite est une v\u00e9ritable invitation \u00e0 la gourmandise, parfaite pour vos ap\u00e9ritifs festifs ou vos entr\u00e9es \u00e9l\u00e9gantes.<\/p>\n<p data-start=\"457\" data-end=\"835\">\u00c9labor\u00e9e dans notre atelier \u00e0 Gramat, au c\u0153ur du Sud-Ouest, cette recette associe un bloc de foie gras et une p\u00e2te de fruit \u00e0 la figues finement s\u00e9lectionn\u00e9es. Gr\u00e2ce \u00e0 une cuisson douce, les saveurs sont pr\u00e9serv\u00e9es et se marient harmonieusement pour une exp\u00e9rience \u00e0 la fois onctueuse, fruit\u00e9e et authentique.<\/p>\n<p data-start=\"837\" data-end=\"1036\">Pr\u00e9sent\u00e9e en barquette de 110g, cette sp\u00e9cialit\u00e9 vous permet de r\u00e9aliser environ 16 toasts gourmands. Facile \u00e0 trancher et \u00e0 servir, elle apportera originalit\u00e9 et g\u00e9n\u00e9rosit\u00e9 \u00e0 vos moments de partage.<\/p>\n<p>D\u00e9couvrir le bloc de foie gras de canard \u00e0 toutes saisons avec la gamme\u00a0<span class=\"notion-enable-hover\" data-token-index=\"1\">sp\u00e9cial ap\u00e9ro<\/span>\u00a0de Maison Occitane :<\/p>\n<ul>\n<li><a href=\"https:\/\/www.maison-occitane.com\/fr\/produit\/bloc-foie-gras-canard-mi-cuit-france-au-sel-guerande-barq-110g\/\"><strong>Bloc de Foie Gras de canard au sel de Gu\u00e9rande mi-cuit 110g<\/strong><\/a><\/li>\n<li><a href=\"https:\/\/www.maison-occitane.com\/fr\/produit\/bloc-de-foie-gras-de-canard-mi-cuit-france-piment-espelette-barq\/\"><strong>Bloc de Foie Gras de canard au piment d&rsquo;Espelette 110g<\/strong><\/a><\/li>\n<\/ul>\n<p><strong><span style=\"color: #f29400;\">Nombre de parts :<\/span>\u00a0<\/strong>16 toasts<\/p>\n<p>\u00c0 conserver au frais entre 0\u00b0 et 4\u00b0C. Apr\u00e8s ouverture \u00e0 conserver au frais et consommer rapidement.<\/p>\n","protected":false},"excerpt":{"rendered":"<p><span class=\"notion-enable-hover\" data-token-index=\"0\">La subtilit\u00e9 du foie gras, la douceur de la figue, cette alliance ravira vos papilles gr\u00e2ce \u00e0 ce m\u00e9lange de note sucr\u00e9e sal\u00e9e.\u00a0La cuisson \u00e0 basse temp\u00e9rature permet de pr\u00e9server ses ar\u00f4mes et sa texture fondante. Petits formats faciles \u00e0 d\u00e9mouler et \u00e0 trancher.<\/span><\/p>\n","protected":false},"featured_media":4245,"comment_status":"open","ping_status":"closed","template":"","meta":{"_acf_changed":false},"product_cat":[770,778],"product_tag":[814],"origines":[798],"labels-qualite":[],"class_list":{"0":"post-3533","1":"product","2":"type-product","3":"status-publish","4":"has-post-thumbnail","6":"product_brand-maison-occitane","7":"product_cat-foie-gras","8":"product_cat-bloc-de-foie-gras-mi-cuit","9":"product_tag-mi-cuit","10":"product_origine-france","12":"first","13":"instock","14":"taxable","15":"shipping-taxable","16":"purchasable","17":"product-type-simple","18":"add-to-wishlist-before_image"},"acf":[],"yoast_head":"<!-- This site is optimized with the Yoast SEO plugin v24.9 - https:\/\/yoast.com\/wordpress\/plugins\/seo\/ -->\n<title>SPECIALITE DE BLOC DE FOIE GRAS ET DE FIGUES MI-CUIT - Maison Occitane<\/title>\n<meta name=\"description\" content=\"Bloc de foie gras de canard aux figues mi-cuit 110g. 16 toasts. Petits formats faciles \u00e0 d\u00e9mouler et \u00e0 trancher. Issu de notre groupement de producteurs.\" \/>\n<meta name=\"robots\" content=\"index, follow, max-snippet:-1, max-image-preview:large, max-video-preview:-1\" \/>\n<link rel=\"canonical\" href=\"https:\/\/www.maison-occitane.com\/fr\/produit\/specialite-bloc-foie-gras-figues-canard-figues-mi-cuit-110g\/\" \/>\n<meta property=\"og:locale\" content=\"fr_FR\" \/>\n<meta property=\"og:type\" content=\"article\" \/>\n<meta property=\"og:title\" content=\"SPECIALITE DE BLOC DE FOIE GRAS ET DE FIGUES MI-CUIT - Maison Occitane\" \/>\n<meta property=\"og:description\" content=\"Bloc de foie gras de canard aux figues mi-cuit 110g. 16 toasts. Petits formats faciles \u00e0 d\u00e9mouler et \u00e0 trancher. Issu de notre groupement de producteurs.\" \/>\n<meta property=\"og:url\" content=\"https:\/\/www.maison-occitane.com\/fr\/produit\/specialite-bloc-foie-gras-figues-canard-figues-mi-cuit-110g\/\" \/>\n<meta property=\"og:site_name\" content=\"Maison Occitane\" \/>\n<meta property=\"article:modified_time\" content=\"2025-11-17T14:59:39+00:00\" \/>\n<meta property=\"og:image\" content=\"https:\/\/www.maison-occitane.com\/app\/uploads\/2025\/05\/8225_520px-1.jpg\" \/>\n\t<meta property=\"og:image:width\" content=\"520\" \/>\n\t<meta property=\"og:image:height\" content=\"450\" \/>\n\t<meta property=\"og:image:type\" content=\"image\/jpeg\" \/>\n<meta name=\"twitter:card\" content=\"summary_large_image\" \/>\n<meta name=\"twitter:label1\" content=\"Dur\u00e9e de lecture estim\u00e9e\" \/>\n\t<meta name=\"twitter:data1\" content=\"2 minutes\" \/>\n<script type=\"application\/ld+json\" class=\"yoast-schema-graph\">{\"@context\":\"https:\/\/schema.org\",\"@graph\":[{\"@type\":\"WebPage\",\"@id\":\"https:\/\/www.maison-occitane.com\/fr\/produit\/specialite-bloc-foie-gras-figues-canard-figues-mi-cuit-110g\/\",\"url\":\"https:\/\/www.maison-occitane.com\/fr\/produit\/specialite-bloc-foie-gras-figues-canard-figues-mi-cuit-110g\/\",\"name\":\"SPECIALITE DE BLOC DE FOIE GRAS ET DE FIGUES MI-CUIT - Maison Occitane\",\"isPartOf\":{\"@id\":\"https:\/\/www.maison-occitane.com\/fr\/#website\"},\"primaryImageOfPage\":{\"@id\":\"https:\/\/www.maison-occitane.com\/fr\/produit\/specialite-bloc-foie-gras-figues-canard-figues-mi-cuit-110g\/#primaryimage\"},\"image\":{\"@id\":\"https:\/\/www.maison-occitane.com\/fr\/produit\/specialite-bloc-foie-gras-figues-canard-figues-mi-cuit-110g\/#primaryimage\"},\"thumbnailUrl\":\"https:\/\/www.maison-occitane.com\/app\/uploads\/2025\/05\/8225_520px-1.jpg\",\"datePublished\":\"2025-05-05T06:50:40+00:00\",\"dateModified\":\"2025-11-17T14:59:39+00:00\",\"description\":\"Bloc de foie gras de canard aux figues mi-cuit 110g. 16 toasts. Petits formats faciles \u00e0 d\u00e9mouler et \u00e0 trancher. Issu de notre groupement de producteurs.\",\"breadcrumb\":{\"@id\":\"https:\/\/www.maison-occitane.com\/fr\/produit\/specialite-bloc-foie-gras-figues-canard-figues-mi-cuit-110g\/#breadcrumb\"},\"inLanguage\":\"fr-FR\",\"potentialAction\":[{\"@type\":\"ReadAction\",\"target\":[\"https:\/\/www.maison-occitane.com\/fr\/produit\/specialite-bloc-foie-gras-figues-canard-figues-mi-cuit-110g\/\"]}]},{\"@type\":\"ImageObject\",\"inLanguage\":\"fr-FR\",\"@id\":\"https:\/\/www.maison-occitane.com\/fr\/produit\/specialite-bloc-foie-gras-figues-canard-figues-mi-cuit-110g\/#primaryimage\",\"url\":\"https:\/\/www.maison-occitane.com\/app\/uploads\/2025\/05\/8225_520px-1.jpg\",\"contentUrl\":\"https:\/\/www.maison-occitane.com\/app\/uploads\/2025\/05\/8225_520px-1.jpg\",\"width\":520,\"height\":450,\"caption\":\"Alliance de bloc de Foie Gras de canard et de figue\"},{\"@type\":\"BreadcrumbList\",\"@id\":\"https:\/\/www.maison-occitane.com\/fr\/produit\/specialite-bloc-foie-gras-figues-canard-figues-mi-cuit-110g\/#breadcrumb\",\"itemListElement\":[{\"@type\":\"ListItem\",\"position\":1,\"name\":\"Accueil\",\"item\":\"https:\/\/www.maison-occitane.com\/fr\/\"},{\"@type\":\"ListItem\",\"position\":2,\"name\":\"Produits\",\"item\":\"https:\/\/www.maison-occitane.com\/fr\/shop\/\"},{\"@type\":\"ListItem\",\"position\":3,\"name\":\"Foie gras\",\"item\":\"https:\/\/www.maison-occitane.com\/fr\/boutique\/foie-gras\/\"},{\"@type\":\"ListItem\",\"position\":4,\"name\":\"Bloc de foie gras mi-cuit\",\"item\":\"https:\/\/www.maison-occitane.com\/fr\/boutique\/foie-gras\/bloc-de-foie-gras-mi-cuit\/\"},{\"@type\":\"ListItem\",\"position\":5,\"name\":\"SPECIALITE DE BLOC DE FOIE GRAS DE CANARD ET DE FIGUES MI-CUIT\"}]},{\"@type\":\"WebSite\",\"@id\":\"https:\/\/www.maison-occitane.com\/fr\/#website\",\"url\":\"https:\/\/www.maison-occitane.com\/fr\/\",\"name\":\"Maison Occitane\",\"description\":\"\",\"potentialAction\":[{\"@type\":\"SearchAction\",\"target\":{\"@type\":\"EntryPoint\",\"urlTemplate\":\"https:\/\/www.maison-occitane.com\/fr\/?s={search_term_string}\"},\"query-input\":{\"@type\":\"PropertyValueSpecification\",\"valueRequired\":true,\"valueName\":\"search_term_string\"}}],\"inLanguage\":\"fr-FR\"}]}<\/script>\n<!-- \/ Yoast SEO plugin. -->","yoast_head_json":{"title":"SPECIALITE DE BLOC DE FOIE GRAS ET DE FIGUES MI-CUIT - Maison Occitane","description":"Bloc de foie gras de canard aux figues mi-cuit 110g. 16 toasts. Petits formats faciles \u00e0 d\u00e9mouler et \u00e0 trancher. Issu de notre groupement de producteurs.","robots":{"index":"index","follow":"follow","max-snippet":"max-snippet:-1","max-image-preview":"max-image-preview:large","max-video-preview":"max-video-preview:-1"},"canonical":"https:\/\/www.maison-occitane.com\/fr\/produit\/specialite-bloc-foie-gras-figues-canard-figues-mi-cuit-110g\/","og_locale":"fr_FR","og_type":"article","og_title":"SPECIALITE DE BLOC DE FOIE GRAS ET DE FIGUES MI-CUIT - Maison Occitane","og_description":"Bloc de foie gras de canard aux figues mi-cuit 110g. 16 toasts. Petits formats faciles \u00e0 d\u00e9mouler et \u00e0 trancher. Issu de notre groupement de producteurs.","og_url":"https:\/\/www.maison-occitane.com\/fr\/produit\/specialite-bloc-foie-gras-figues-canard-figues-mi-cuit-110g\/","og_site_name":"Maison Occitane","article_modified_time":"2025-11-17T14:59:39+00:00","og_image":[{"width":520,"height":450,"url":"https:\/\/www.maison-occitane.com\/app\/uploads\/2025\/05\/8225_520px-1.jpg","type":"image\/jpeg"}],"twitter_card":"summary_large_image","twitter_misc":{"Dur\u00e9e de lecture estim\u00e9e":"2 minutes"},"schema":{"@context":"https:\/\/schema.org","@graph":[{"@type":"WebPage","@id":"https:\/\/www.maison-occitane.com\/fr\/produit\/specialite-bloc-foie-gras-figues-canard-figues-mi-cuit-110g\/","url":"https:\/\/www.maison-occitane.com\/fr\/produit\/specialite-bloc-foie-gras-figues-canard-figues-mi-cuit-110g\/","name":"SPECIALITE DE BLOC DE FOIE GRAS ET DE FIGUES MI-CUIT - Maison Occitane","isPartOf":{"@id":"https:\/\/www.maison-occitane.com\/fr\/#website"},"primaryImageOfPage":{"@id":"https:\/\/www.maison-occitane.com\/fr\/produit\/specialite-bloc-foie-gras-figues-canard-figues-mi-cuit-110g\/#primaryimage"},"image":{"@id":"https:\/\/www.maison-occitane.com\/fr\/produit\/specialite-bloc-foie-gras-figues-canard-figues-mi-cuit-110g\/#primaryimage"},"thumbnailUrl":"https:\/\/www.maison-occitane.com\/app\/uploads\/2025\/05\/8225_520px-1.jpg","datePublished":"2025-05-05T06:50:40+00:00","dateModified":"2025-11-17T14:59:39+00:00","description":"Bloc de foie gras de canard aux figues mi-cuit 110g. 16 toasts. Petits formats faciles \u00e0 d\u00e9mouler et \u00e0 trancher. Issu de notre groupement de producteurs.","breadcrumb":{"@id":"https:\/\/www.maison-occitane.com\/fr\/produit\/specialite-bloc-foie-gras-figues-canard-figues-mi-cuit-110g\/#breadcrumb"},"inLanguage":"fr-FR","potentialAction":[{"@type":"ReadAction","target":["https:\/\/www.maison-occitane.com\/fr\/produit\/specialite-bloc-foie-gras-figues-canard-figues-mi-cuit-110g\/"]}]},{"@type":"ImageObject","inLanguage":"fr-FR","@id":"https:\/\/www.maison-occitane.com\/fr\/produit\/specialite-bloc-foie-gras-figues-canard-figues-mi-cuit-110g\/#primaryimage","url":"https:\/\/www.maison-occitane.com\/app\/uploads\/2025\/05\/8225_520px-1.jpg","contentUrl":"https:\/\/www.maison-occitane.com\/app\/uploads\/2025\/05\/8225_520px-1.jpg","width":520,"height":450,"caption":"Alliance de bloc de Foie Gras de canard et de figue"},{"@type":"BreadcrumbList","@id":"https:\/\/www.maison-occitane.com\/fr\/produit\/specialite-bloc-foie-gras-figues-canard-figues-mi-cuit-110g\/#breadcrumb","itemListElement":[{"@type":"ListItem","position":1,"name":"Accueil","item":"https:\/\/www.maison-occitane.com\/fr\/"},{"@type":"ListItem","position":2,"name":"Produits","item":"https:\/\/www.maison-occitane.com\/fr\/shop\/"},{"@type":"ListItem","position":3,"name":"Foie gras","item":"https:\/\/www.maison-occitane.com\/fr\/boutique\/foie-gras\/"},{"@type":"ListItem","position":4,"name":"Bloc de foie gras mi-cuit","item":"https:\/\/www.maison-occitane.com\/fr\/boutique\/foie-gras\/bloc-de-foie-gras-mi-cuit\/"},{"@type":"ListItem","position":5,"name":"SPECIALITE DE BLOC DE FOIE GRAS DE CANARD ET DE FIGUES MI-CUIT"}]},{"@type":"WebSite","@id":"https:\/\/www.maison-occitane.com\/fr\/#website","url":"https:\/\/www.maison-occitane.com\/fr\/","name":"Maison Occitane","description":"","potentialAction":[{"@type":"SearchAction","target":{"@type":"EntryPoint","urlTemplate":"https:\/\/www.maison-occitane.com\/fr\/?s={search_term_string}"},"query-input":{"@type":"PropertyValueSpecification","valueRequired":true,"valueName":"search_term_string"}}],"inLanguage":"fr-FR"}]}},"_links":{"self":[{"href":"https:\/\/www.maison-occitane.com\/fr\/wp-json\/wp\/v2\/product\/3533","targetHints":{"allow":["GET"]}}],"collection":[{"href":"https:\/\/www.maison-occitane.com\/fr\/wp-json\/wp\/v2\/product"}],"about":[{"href":"https:\/\/www.maison-occitane.com\/fr\/wp-json\/wp\/v2\/types\/product"}],"replies":[{"embeddable":true,"href":"https:\/\/www.maison-occitane.com\/fr\/wp-json\/wp\/v2\/comments?post=3533"}],"wp:featuredmedia":[{"embeddable":true,"href":"https:\/\/www.maison-occitane.com\/fr\/wp-json\/wp\/v2\/media\/4245"}],"wp:attachment":[{"href":"https:\/\/www.maison-occitane.com\/fr\/wp-json\/wp\/v2\/media?parent=3533"}],"wp:term":[{"taxonomy":"product_cat","embeddable":true,"href":"https:\/\/www.maison-occitane.com\/fr\/wp-json\/wp\/v2\/product_cat?post=3533"},{"taxonomy":"product_tag","embeddable":true,"href":"https:\/\/www.maison-occitane.com\/fr\/wp-json\/wp\/v2\/product_tag?post=3533"},{"taxonomy":"product_origine","embeddable":true,"href":"https:\/\/www.maison-occitane.com\/fr\/wp-json\/wp\/v2\/origines?post=3533"},{"taxonomy":"label_qualite","embeddable":true,"href":"https:\/\/www.maison-occitane.com\/fr\/wp-json\/wp\/v2\/labels-qualite?post=3533"}],"curies":[{"name":"wp","href":"https:\/\/api.w.org\/{rel}","templated":true}]}}