{"id":3532,"date":"2025-05-05T08:50:40","date_gmt":"2025-05-05T06:50:40","guid":{"rendered":"http:\/\/localhost:8080\/non%20class\u00e9\/bloc-de-foie-gras-de-canard-mi-cuit-france-piment-espelette-barq\/"},"modified":"2025-11-19T14:42:16","modified_gmt":"2025-11-19T13:42:16","slug":"bloc-de-foie-gras-de-canard-mi-cuit-france-piment-espelette-barq","status":"publish","type":"product","link":"https:\/\/www.maison-occitane.com\/fr\/produit\/bloc-de-foie-gras-de-canard-mi-cuit-france-piment-espelette-barq\/","title":{"rendered":"BLOC DE FOIE GRAS DE CANARD PIMENT ESPELETTE MI-CUIT"},"content":{"rendered":"<p data-start=\"153\" data-end=\"477\">D\u00e9couvrez l\u2019alliance subtile du bloc de foie gras de canard au piment d\u2019Espelette, dans une recette qui m\u00eale tradition et caract\u00e8re. \u00c9labor\u00e9 avec soin dans notre atelier \u00e0 Gramat, ce bloc de foie gras mi-cuit r\u00e9v\u00e8le toute la finesse d\u2019un produit du terroir, relev\u00e9 juste ce qu\u2019il faut pour titiller les papilles.<\/p>\n<p data-start=\"479\" data-end=\"798\">Gr\u00e2ce \u00e0 une cuisson douce, les ar\u00f4mes du bloc de foie gras sont parfaitement pr\u00e9serv\u00e9s. Le piment d\u2019Espelette, ajout\u00e9 avec parcimonie, apporte une touche ensoleill\u00e9e typique du Sud-Ouest, sans masquer la richesse du bloc de foie gras. Son format en barquette de 110g est id\u00e9al pour vos ap\u00e9ritifs, avec environ 16 toasts pr\u00eats \u00e0 servir.<\/p>\n<p>D\u00e9couvrir le bloc de foie gras de canard \u00e0 toutes saisons avec la gamme\u00a0<span class=\"notion-enable-hover\" data-token-index=\"1\">sp\u00e9cial ap\u00e9ro<\/span> de Maison Occitane :<\/p>\n<ul>\n<li><a href=\"https:\/\/www.maison-occitane.com\/fr\/produit\/bloc-foie-gras-canard-mi-cuit-france-au-sel-guerande-barq-110g\/\"><strong>Bloc de Foie Gras de canard au sel de Gu\u00e9rande mi-cuit 110g<\/strong><\/a><\/li>\n<li><a href=\"https:\/\/www.maison-occitane.com\/fr\/produit\/specialite-bloc-foie-gras-figues-canard-figues-mi-cuit-110g\/\"><strong>Sp\u00e9cialit\u00e9 de Bloc de Foie Gras de canard et figues mi-cuit 110g<\/strong><\/a><\/li>\n<\/ul>\n<p><strong><span style=\"color: #f29400;\">Nombre de parts : <\/span><\/strong>16 toasts<\/p>\n<p>\u00c0 conserver au frais entre 0\u00b0 et 4\u00b0C. Apr\u00e8s ouverture \u00e0 conserver au frais et consommer rapidement.<\/p>\n","protected":false},"excerpt":{"rendered":"<p><span class=\"notion-enable-hover\" data-token-index=\"0\">\u00a0<\/span>Notre bloc de foie gras de canard mi-cuit au piment d\u2019Espelette en barquette 110g est l<span class=\"notion-enable-hover\" data-token-index=\"0\">&lsquo;\u00e9quilibre parfait entre la douceur du foie gras et du piquant du piment d&rsquo;Espelette<\/span>. Un go\u00fbt relev\u00e9 et raffin\u00e9, parfait pour l\u2019ap\u00e9ritif.<\/p>\n","protected":false},"featured_media":4193,"comment_status":"open","ping_status":"closed","template":"","meta":{"_acf_changed":false},"product_cat":[770,778],"product_tag":[814],"origines":[798],"labels-qualite":[],"class_list":{"0":"post-3532","1":"product","2":"type-product","3":"status-publish","4":"has-post-thumbnail","6":"product_brand-maison-occitane","7":"product_cat-foie-gras","8":"product_cat-bloc-de-foie-gras-mi-cuit","9":"product_tag-mi-cuit","10":"product_origine-france","12":"first","13":"instock","14":"taxable","15":"shipping-taxable","16":"purchasable","17":"product-type-simple","18":"add-to-wishlist-before_image"},"acf":[],"yoast_head":"<!-- This site is optimized with the Yoast SEO plugin v24.9 - https:\/\/yoast.com\/wordpress\/plugins\/seo\/ -->\n<title>BLOC DE FOIE GRAS PIMENT ESPELETTE MI-CUIT- Maison Occitane<\/title>\n<meta name=\"description\" content=\"Un bloc de foie gras de canard mi-cuit au piment d\u2019Espelette id\u00e9al pour vos ap\u00e9ritifs. Format pratique de 110g \u2013 environ 16 toasts. Pr\u00eat \u00e0 trancher.\" \/>\n<meta name=\"robots\" content=\"index, follow, max-snippet:-1, max-image-preview:large, max-video-preview:-1\" \/>\n<link rel=\"canonical\" href=\"https:\/\/www.maison-occitane.com\/fr\/produit\/bloc-de-foie-gras-de-canard-mi-cuit-france-piment-espelette-barq\/\" \/>\n<meta property=\"og:locale\" content=\"fr_FR\" \/>\n<meta property=\"og:type\" content=\"article\" \/>\n<meta property=\"og:title\" content=\"BLOC DE FOIE GRAS PIMENT ESPELETTE MI-CUIT- Maison Occitane\" \/>\n<meta property=\"og:description\" content=\"Un bloc de foie gras de canard mi-cuit au piment d\u2019Espelette id\u00e9al pour vos ap\u00e9ritifs. Format pratique de 110g \u2013 environ 16 toasts. Pr\u00eat \u00e0 trancher.\" \/>\n<meta property=\"og:url\" content=\"https:\/\/www.maison-occitane.com\/fr\/produit\/bloc-de-foie-gras-de-canard-mi-cuit-france-piment-espelette-barq\/\" \/>\n<meta property=\"og:site_name\" content=\"Maison Occitane\" \/>\n<meta property=\"article:modified_time\" content=\"2025-11-19T13:42:16+00:00\" \/>\n<meta property=\"og:image\" content=\"https:\/\/www.maison-occitane.com\/app\/uploads\/2025\/05\/8224_520px.jpg\" \/>\n\t<meta property=\"og:image:width\" content=\"520\" \/>\n\t<meta property=\"og:image:height\" content=\"420\" \/>\n\t<meta property=\"og:image:type\" content=\"image\/jpeg\" \/>\n<meta name=\"twitter:card\" content=\"summary_large_image\" \/>\n<meta name=\"twitter:label1\" content=\"Dur\u00e9e de lecture estim\u00e9e\" \/>\n\t<meta name=\"twitter:data1\" content=\"2 minutes\" \/>\n<script type=\"application\/ld+json\" class=\"yoast-schema-graph\">{\"@context\":\"https:\/\/schema.org\",\"@graph\":[{\"@type\":\"WebPage\",\"@id\":\"https:\/\/www.maison-occitane.com\/fr\/produit\/bloc-de-foie-gras-de-canard-mi-cuit-france-piment-espelette-barq\/\",\"url\":\"https:\/\/www.maison-occitane.com\/fr\/produit\/bloc-de-foie-gras-de-canard-mi-cuit-france-piment-espelette-barq\/\",\"name\":\"BLOC DE FOIE GRAS PIMENT ESPELETTE MI-CUIT- Maison Occitane\",\"isPartOf\":{\"@id\":\"https:\/\/www.maison-occitane.com\/fr\/#website\"},\"primaryImageOfPage\":{\"@id\":\"https:\/\/www.maison-occitane.com\/fr\/produit\/bloc-de-foie-gras-de-canard-mi-cuit-france-piment-espelette-barq\/#primaryimage\"},\"image\":{\"@id\":\"https:\/\/www.maison-occitane.com\/fr\/produit\/bloc-de-foie-gras-de-canard-mi-cuit-france-piment-espelette-barq\/#primaryimage\"},\"thumbnailUrl\":\"https:\/\/www.maison-occitane.com\/app\/uploads\/2025\/05\/8224_520px.jpg\",\"datePublished\":\"2025-05-05T06:50:40+00:00\",\"dateModified\":\"2025-11-19T13:42:16+00:00\",\"description\":\"Un bloc de foie gras de canard mi-cuit au piment d\u2019Espelette id\u00e9al pour vos ap\u00e9ritifs. Format pratique de 110g \u2013 environ 16 toasts. Pr\u00eat \u00e0 trancher.\",\"breadcrumb\":{\"@id\":\"https:\/\/www.maison-occitane.com\/fr\/produit\/bloc-de-foie-gras-de-canard-mi-cuit-france-piment-espelette-barq\/#breadcrumb\"},\"inLanguage\":\"fr-FR\",\"potentialAction\":[{\"@type\":\"ReadAction\",\"target\":[\"https:\/\/www.maison-occitane.com\/fr\/produit\/bloc-de-foie-gras-de-canard-mi-cuit-france-piment-espelette-barq\/\"]}]},{\"@type\":\"ImageObject\",\"inLanguage\":\"fr-FR\",\"@id\":\"https:\/\/www.maison-occitane.com\/fr\/produit\/bloc-de-foie-gras-de-canard-mi-cuit-france-piment-espelette-barq\/#primaryimage\",\"url\":\"https:\/\/www.maison-occitane.com\/app\/uploads\/2025\/05\/8224_520px.jpg\",\"contentUrl\":\"https:\/\/www.maison-occitane.com\/app\/uploads\/2025\/05\/8224_520px.jpg\",\"width\":520,\"height\":420,\"caption\":\"Bloc de Foie Gras de canard mi-cuit au piment d'Espelette\"},{\"@type\":\"BreadcrumbList\",\"@id\":\"https:\/\/www.maison-occitane.com\/fr\/produit\/bloc-de-foie-gras-de-canard-mi-cuit-france-piment-espelette-barq\/#breadcrumb\",\"itemListElement\":[{\"@type\":\"ListItem\",\"position\":1,\"name\":\"Accueil\",\"item\":\"https:\/\/www.maison-occitane.com\/fr\/\"},{\"@type\":\"ListItem\",\"position\":2,\"name\":\"Produits\",\"item\":\"https:\/\/www.maison-occitane.com\/fr\/shop\/\"},{\"@type\":\"ListItem\",\"position\":3,\"name\":\"Foie gras\",\"item\":\"https:\/\/www.maison-occitane.com\/fr\/boutique\/foie-gras\/\"},{\"@type\":\"ListItem\",\"position\":4,\"name\":\"Bloc de foie gras mi-cuit\",\"item\":\"https:\/\/www.maison-occitane.com\/fr\/boutique\/foie-gras\/bloc-de-foie-gras-mi-cuit\/\"},{\"@type\":\"ListItem\",\"position\":5,\"name\":\"BLOC DE FOIE GRAS DE CANARD PIMENT ESPELETTE MI-CUIT\"}]},{\"@type\":\"WebSite\",\"@id\":\"https:\/\/www.maison-occitane.com\/fr\/#website\",\"url\":\"https:\/\/www.maison-occitane.com\/fr\/\",\"name\":\"Maison Occitane\",\"description\":\"\",\"potentialAction\":[{\"@type\":\"SearchAction\",\"target\":{\"@type\":\"EntryPoint\",\"urlTemplate\":\"https:\/\/www.maison-occitane.com\/fr\/?s={search_term_string}\"},\"query-input\":{\"@type\":\"PropertyValueSpecification\",\"valueRequired\":true,\"valueName\":\"search_term_string\"}}],\"inLanguage\":\"fr-FR\"}]}<\/script>\n<!-- \/ Yoast SEO plugin. -->","yoast_head_json":{"title":"BLOC DE FOIE GRAS PIMENT ESPELETTE MI-CUIT- Maison Occitane","description":"Un bloc de foie gras de canard mi-cuit au piment d\u2019Espelette id\u00e9al pour vos ap\u00e9ritifs. Format pratique de 110g \u2013 environ 16 toasts. Pr\u00eat \u00e0 trancher.","robots":{"index":"index","follow":"follow","max-snippet":"max-snippet:-1","max-image-preview":"max-image-preview:large","max-video-preview":"max-video-preview:-1"},"canonical":"https:\/\/www.maison-occitane.com\/fr\/produit\/bloc-de-foie-gras-de-canard-mi-cuit-france-piment-espelette-barq\/","og_locale":"fr_FR","og_type":"article","og_title":"BLOC DE FOIE GRAS PIMENT ESPELETTE MI-CUIT- Maison Occitane","og_description":"Un bloc de foie gras de canard mi-cuit au piment d\u2019Espelette id\u00e9al pour vos ap\u00e9ritifs. Format pratique de 110g \u2013 environ 16 toasts. Pr\u00eat \u00e0 trancher.","og_url":"https:\/\/www.maison-occitane.com\/fr\/produit\/bloc-de-foie-gras-de-canard-mi-cuit-france-piment-espelette-barq\/","og_site_name":"Maison Occitane","article_modified_time":"2025-11-19T13:42:16+00:00","og_image":[{"width":520,"height":420,"url":"https:\/\/www.maison-occitane.com\/app\/uploads\/2025\/05\/8224_520px.jpg","type":"image\/jpeg"}],"twitter_card":"summary_large_image","twitter_misc":{"Dur\u00e9e de lecture estim\u00e9e":"2 minutes"},"schema":{"@context":"https:\/\/schema.org","@graph":[{"@type":"WebPage","@id":"https:\/\/www.maison-occitane.com\/fr\/produit\/bloc-de-foie-gras-de-canard-mi-cuit-france-piment-espelette-barq\/","url":"https:\/\/www.maison-occitane.com\/fr\/produit\/bloc-de-foie-gras-de-canard-mi-cuit-france-piment-espelette-barq\/","name":"BLOC DE FOIE GRAS PIMENT ESPELETTE MI-CUIT- Maison Occitane","isPartOf":{"@id":"https:\/\/www.maison-occitane.com\/fr\/#website"},"primaryImageOfPage":{"@id":"https:\/\/www.maison-occitane.com\/fr\/produit\/bloc-de-foie-gras-de-canard-mi-cuit-france-piment-espelette-barq\/#primaryimage"},"image":{"@id":"https:\/\/www.maison-occitane.com\/fr\/produit\/bloc-de-foie-gras-de-canard-mi-cuit-france-piment-espelette-barq\/#primaryimage"},"thumbnailUrl":"https:\/\/www.maison-occitane.com\/app\/uploads\/2025\/05\/8224_520px.jpg","datePublished":"2025-05-05T06:50:40+00:00","dateModified":"2025-11-19T13:42:16+00:00","description":"Un bloc de foie gras de canard mi-cuit au piment d\u2019Espelette id\u00e9al pour vos ap\u00e9ritifs. Format pratique de 110g \u2013 environ 16 toasts. Pr\u00eat \u00e0 trancher.","breadcrumb":{"@id":"https:\/\/www.maison-occitane.com\/fr\/produit\/bloc-de-foie-gras-de-canard-mi-cuit-france-piment-espelette-barq\/#breadcrumb"},"inLanguage":"fr-FR","potentialAction":[{"@type":"ReadAction","target":["https:\/\/www.maison-occitane.com\/fr\/produit\/bloc-de-foie-gras-de-canard-mi-cuit-france-piment-espelette-barq\/"]}]},{"@type":"ImageObject","inLanguage":"fr-FR","@id":"https:\/\/www.maison-occitane.com\/fr\/produit\/bloc-de-foie-gras-de-canard-mi-cuit-france-piment-espelette-barq\/#primaryimage","url":"https:\/\/www.maison-occitane.com\/app\/uploads\/2025\/05\/8224_520px.jpg","contentUrl":"https:\/\/www.maison-occitane.com\/app\/uploads\/2025\/05\/8224_520px.jpg","width":520,"height":420,"caption":"Bloc de Foie Gras de canard mi-cuit au piment d'Espelette"},{"@type":"BreadcrumbList","@id":"https:\/\/www.maison-occitane.com\/fr\/produit\/bloc-de-foie-gras-de-canard-mi-cuit-france-piment-espelette-barq\/#breadcrumb","itemListElement":[{"@type":"ListItem","position":1,"name":"Accueil","item":"https:\/\/www.maison-occitane.com\/fr\/"},{"@type":"ListItem","position":2,"name":"Produits","item":"https:\/\/www.maison-occitane.com\/fr\/shop\/"},{"@type":"ListItem","position":3,"name":"Foie gras","item":"https:\/\/www.maison-occitane.com\/fr\/boutique\/foie-gras\/"},{"@type":"ListItem","position":4,"name":"Bloc de foie gras mi-cuit","item":"https:\/\/www.maison-occitane.com\/fr\/boutique\/foie-gras\/bloc-de-foie-gras-mi-cuit\/"},{"@type":"ListItem","position":5,"name":"BLOC DE FOIE GRAS DE CANARD PIMENT ESPELETTE MI-CUIT"}]},{"@type":"WebSite","@id":"https:\/\/www.maison-occitane.com\/fr\/#website","url":"https:\/\/www.maison-occitane.com\/fr\/","name":"Maison Occitane","description":"","potentialAction":[{"@type":"SearchAction","target":{"@type":"EntryPoint","urlTemplate":"https:\/\/www.maison-occitane.com\/fr\/?s={search_term_string}"},"query-input":{"@type":"PropertyValueSpecification","valueRequired":true,"valueName":"search_term_string"}}],"inLanguage":"fr-FR"}]}},"_links":{"self":[{"href":"https:\/\/www.maison-occitane.com\/fr\/wp-json\/wp\/v2\/product\/3532","targetHints":{"allow":["GET"]}}],"collection":[{"href":"https:\/\/www.maison-occitane.com\/fr\/wp-json\/wp\/v2\/product"}],"about":[{"href":"https:\/\/www.maison-occitane.com\/fr\/wp-json\/wp\/v2\/types\/product"}],"replies":[{"embeddable":true,"href":"https:\/\/www.maison-occitane.com\/fr\/wp-json\/wp\/v2\/comments?post=3532"}],"wp:featuredmedia":[{"embeddable":true,"href":"https:\/\/www.maison-occitane.com\/fr\/wp-json\/wp\/v2\/media\/4193"}],"wp:attachment":[{"href":"https:\/\/www.maison-occitane.com\/fr\/wp-json\/wp\/v2\/media?parent=3532"}],"wp:term":[{"taxonomy":"product_cat","embeddable":true,"href":"https:\/\/www.maison-occitane.com\/fr\/wp-json\/wp\/v2\/product_cat?post=3532"},{"taxonomy":"product_tag","embeddable":true,"href":"https:\/\/www.maison-occitane.com\/fr\/wp-json\/wp\/v2\/product_tag?post=3532"},{"taxonomy":"product_origine","embeddable":true,"href":"https:\/\/www.maison-occitane.com\/fr\/wp-json\/wp\/v2\/origines?post=3532"},{"taxonomy":"label_qualite","embeddable":true,"href":"https:\/\/www.maison-occitane.com\/fr\/wp-json\/wp\/v2\/labels-qualite?post=3532"}],"curies":[{"name":"wp","href":"https:\/\/api.w.org\/{rel}","templated":true}]}}