{"id":3531,"date":"2025-05-05T08:50:39","date_gmt":"2025-05-05T06:50:39","guid":{"rendered":"http:\/\/localhost:8080\/non%20class\u00e9\/foie-gras-canard-entier-mi-cuit-au-poivre-igp-sud-ouest-200g-sv\/"},"modified":"2026-02-13T10:15:48","modified_gmt":"2026-02-13T09:15:48","slug":"foie-gras-canard-entier-mi-cuit-poivre-igp-sud-ouest-200g","status":"publish","type":"product","link":"https:\/\/www.maison-occitane.com\/fr\/produit\/foie-gras-canard-entier-mi-cuit-poivre-igp-sud-ouest-200g\/","title":{"rendered":"FOIE GRAS CANARD ENTIER DU SUD-OUEST AU POIVRE MI-CUIT LOBE"},"content":{"rendered":"<p data-start=\"615\" data-end=\"984\">Go\u00fbtez \u00e0 l\u2019authenticit\u00e9 d\u2019un foie gras de canard entier mi-cuit d\u00e9licatement relev\u00e9 au poivre noir. Chez Maison Occitane, nous s\u00e9lectionnons avec soin des canards issus de notre <strong data-start=\"797\" data-end=\"839\">groupement de producteurs du Sud-Ouest<\/strong>, \u00e9lev\u00e9s selon les exigences de l\u2019<strong data-start=\"873\" data-end=\"925\">Indication G\u00e9ographique Prot\u00e9g\u00e9e (IGP) Sud-Ouest<\/strong>, gage de qualit\u00e9, de tra\u00e7abilit\u00e9 et de respect du terroir.<\/p>\n<p data-start=\"986\" data-end=\"1350\">Depuis 1975, notre engagement est rest\u00e9 le m\u00eame : perp\u00e9tuer les traditions culinaires de notre terroir en proposant un foie gras de canard entier mi-cuit au go\u00fbt franc et g\u00e9n\u00e9reux, <strong>assaisonn\u00e9 \u00e0 la main<\/strong> simplement avec du sel et du poivre grossi\u00e8rement moulu.<\/p>\n<p data-start=\"1352\" data-end=\"1648\">Le foie est <strong data-start=\"1372\" data-end=\"1400\">cuit \u00e0 basse temp\u00e9rature<\/strong> afin de pr\u00e9server toute sa finesse et son fondant incomparable. Ce lobe de foie gras mi-cuit au poivre se distingue par sa texture onctueuse, sa saveur \u00e9quilibr\u00e9e, et cette petite note de caract\u00e8re qui le rend irr\u00e9sistible \u00e0 l\u2019ap\u00e9ritif comme en entr\u00e9e. Le poivre noir est le fid\u00e8le compagnon du foie gras, il lui conf\u00e8re une pointe de piquant.<\/p>\n<p data-start=\"1650\" data-end=\"1738\">Sans additifs ni conservateurs. 100 % canard du Sud-Ouest. Vente directe producteur.<\/p>\n<p><span class=\"notion-enable-hover\" data-token-index=\"1\">D\u00e9couvrez notre Gamme de foie gras mi-cuit :<\/span><\/p>\n<ul>\n<li><a href=\"https:\/\/www.maison-occitane.com\/fr\/produit\/foie-gras-de-canard-entier-mi-cuit-igp-sud-ouest-200g-sv\/\"><span class=\"link-annotation-unknown-block-id-376067158\">Foie gras de canard entier du Sud-Ouest 200g<\/span><\/a><\/li>\n<li><a href=\"https:\/\/www.maison-occitane.com\/fr\/produit\/foie-gras-de-canard-entier-mi-cuit-igp-sud-ouest-coque-300g\/\">Foie gras de canard entier du Sud-Ouest nature 300g<\/a><\/li>\n<li><a href=\"https:\/\/www.maison-occitane.com\/foie-gras\/foie-gras-de-canard-entier-igp-sud-ouest-mi-cuit-barq-500g\/\">Foie gras de canard du Sud-Ouest mi-cuit nature 500g<\/a><\/li>\n<\/ul>\n<p><strong><span style=\"color: #f29400;\">Nombre de parts :<\/span>\u00a0<\/strong>4 \u00e0 5 parts<\/p>\n<p>\u00c0 conserver au frais entre 0\u00b0 et 4\u00b0C. Apr\u00e8s ouverture \u00e0 conserver au frais et consommer rapidement.<\/p>\n","protected":false},"excerpt":{"rendered":"<p><span class=\"notion-enable-hover\" data-token-index=\"0\">D\u00e9couvrez le foie gras de canard entier mi-cuit du Sud-Ouest au poivre \u00e9labor\u00e9 par Maison Occitane. Juste sal\u00e9 et d\u00e9licatement poivr\u00e9 \u00e0 la main, ce foie gras de canard mi cuit apporte un contraste de saveurs original pour vos ap\u00e9ritifs dinatoires.<\/span><\/p>\n<p>Foie gras entier mi-cuit au poivre Maison Occitane : canards IGP Sud-Ouest, assaisonn\u00e9 \u00e0 la main, cuisson douce, go\u00fbt raffin\u00e9 et vente directe producteur.<\/p>\n","protected":false},"featured_media":4178,"comment_status":"open","ping_status":"closed","template":"","meta":{"_acf_changed":false},"product_cat":[770,777],"product_tag":[814],"origines":[797],"labels-qualite":[],"class_list":{"0":"post-3531","1":"product","2":"type-product","3":"status-publish","4":"has-post-thumbnail","6":"product_brand-maison-occitane","7":"product_cat-foie-gras","8":"product_cat-foie-gras-mi-cuit","9":"product_tag-mi-cuit","10":"product_origine-igp-du-sud-ouest","12":"first","13":"instock","14":"taxable","15":"shipping-taxable","16":"purchasable","17":"product-type-simple","18":"add-to-wishlist-before_image"},"acf":[],"yoast_head":"<!-- This site is optimized with the Yoast SEO plugin v24.9 - https:\/\/yoast.com\/wordpress\/plugins\/seo\/ -->\n<title>FOIE GRAS ENTIER MI-CUIT DU SUD-OUEST AU POIVRE - Maison Occitane<\/title>\n<meta name=\"description\" content=\"Foie gras de canard entier mi-cuit du Sud-Ouest au poivre mi-cuit Maison Occitane. Toutes les saveurs du poivre et du foie gras dans un produit de qualit\u00e9 pour vos ap\u00e9ritifs.\" \/>\n<meta name=\"robots\" content=\"index, follow, max-snippet:-1, max-image-preview:large, max-video-preview:-1\" \/>\n<link rel=\"canonical\" href=\"https:\/\/www.maison-occitane.com\/fr\/produit\/foie-gras-canard-entier-mi-cuit-poivre-igp-sud-ouest-200g\/\" \/>\n<meta property=\"og:locale\" content=\"fr_FR\" \/>\n<meta property=\"og:type\" content=\"article\" \/>\n<meta property=\"og:title\" content=\"FOIE GRAS ENTIER MI-CUIT DU SUD-OUEST AU POIVRE - Maison Occitane\" \/>\n<meta property=\"og:description\" content=\"Foie gras de canard entier mi-cuit du Sud-Ouest au poivre mi-cuit Maison Occitane. Toutes les saveurs du poivre et du foie gras dans un produit de qualit\u00e9 pour vos ap\u00e9ritifs.\" \/>\n<meta property=\"og:url\" content=\"https:\/\/www.maison-occitane.com\/fr\/produit\/foie-gras-canard-entier-mi-cuit-poivre-igp-sud-ouest-200g\/\" \/>\n<meta property=\"og:site_name\" content=\"Maison Occitane\" \/>\n<meta property=\"article:modified_time\" content=\"2026-02-13T09:15:48+00:00\" \/>\n<meta property=\"og:image\" content=\"https:\/\/www.maison-occitane.com\/app\/uploads\/2025\/05\/8222_520px.jpg\" \/>\n\t<meta property=\"og:image:width\" content=\"520\" \/>\n\t<meta property=\"og:image:height\" content=\"420\" \/>\n\t<meta property=\"og:image:type\" content=\"image\/jpeg\" \/>\n<meta name=\"twitter:card\" content=\"summary_large_image\" \/>\n<meta name=\"twitter:label1\" content=\"Dur\u00e9e de lecture estim\u00e9e\" \/>\n\t<meta name=\"twitter:data1\" content=\"2 minutes\" \/>\n<script type=\"application\/ld+json\" class=\"yoast-schema-graph\">{\"@context\":\"https:\/\/schema.org\",\"@graph\":[{\"@type\":\"WebPage\",\"@id\":\"https:\/\/www.maison-occitane.com\/fr\/produit\/foie-gras-canard-entier-mi-cuit-poivre-igp-sud-ouest-200g\/\",\"url\":\"https:\/\/www.maison-occitane.com\/fr\/produit\/foie-gras-canard-entier-mi-cuit-poivre-igp-sud-ouest-200g\/\",\"name\":\"FOIE GRAS ENTIER MI-CUIT DU SUD-OUEST AU POIVRE - Maison Occitane\",\"isPartOf\":{\"@id\":\"https:\/\/www.maison-occitane.com\/fr\/#website\"},\"primaryImageOfPage\":{\"@id\":\"https:\/\/www.maison-occitane.com\/fr\/produit\/foie-gras-canard-entier-mi-cuit-poivre-igp-sud-ouest-200g\/#primaryimage\"},\"image\":{\"@id\":\"https:\/\/www.maison-occitane.com\/fr\/produit\/foie-gras-canard-entier-mi-cuit-poivre-igp-sud-ouest-200g\/#primaryimage\"},\"thumbnailUrl\":\"https:\/\/www.maison-occitane.com\/app\/uploads\/2025\/05\/8222_520px.jpg\",\"datePublished\":\"2025-05-05T06:50:39+00:00\",\"dateModified\":\"2026-02-13T09:15:48+00:00\",\"description\":\"Foie gras de canard entier mi-cuit du Sud-Ouest au poivre mi-cuit Maison Occitane. Toutes les saveurs du poivre et du foie gras dans un produit de qualit\u00e9 pour vos ap\u00e9ritifs.\",\"breadcrumb\":{\"@id\":\"https:\/\/www.maison-occitane.com\/fr\/produit\/foie-gras-canard-entier-mi-cuit-poivre-igp-sud-ouest-200g\/#breadcrumb\"},\"inLanguage\":\"fr-FR\",\"potentialAction\":[{\"@type\":\"ReadAction\",\"target\":[\"https:\/\/www.maison-occitane.com\/fr\/produit\/foie-gras-canard-entier-mi-cuit-poivre-igp-sud-ouest-200g\/\"]}]},{\"@type\":\"ImageObject\",\"inLanguage\":\"fr-FR\",\"@id\":\"https:\/\/www.maison-occitane.com\/fr\/produit\/foie-gras-canard-entier-mi-cuit-poivre-igp-sud-ouest-200g\/#primaryimage\",\"url\":\"https:\/\/www.maison-occitane.com\/app\/uploads\/2025\/05\/8222_520px.jpg\",\"contentUrl\":\"https:\/\/www.maison-occitane.com\/app\/uploads\/2025\/05\/8222_520px.jpg\",\"width\":520,\"height\":420,\"caption\":\"Foie Gras de canard entier du Sud-Ouest mi-cuit au poivre\"},{\"@type\":\"BreadcrumbList\",\"@id\":\"https:\/\/www.maison-occitane.com\/fr\/produit\/foie-gras-canard-entier-mi-cuit-poivre-igp-sud-ouest-200g\/#breadcrumb\",\"itemListElement\":[{\"@type\":\"ListItem\",\"position\":1,\"name\":\"Accueil\",\"item\":\"https:\/\/www.maison-occitane.com\/fr\/\"},{\"@type\":\"ListItem\",\"position\":2,\"name\":\"Produits\",\"item\":\"https:\/\/www.maison-occitane.com\/fr\/shop\/\"},{\"@type\":\"ListItem\",\"position\":3,\"name\":\"Foie gras\",\"item\":\"https:\/\/www.maison-occitane.com\/fr\/boutique\/foie-gras\/\"},{\"@type\":\"ListItem\",\"position\":4,\"name\":\"Foie gras mi-cuit\",\"item\":\"https:\/\/www.maison-occitane.com\/fr\/boutique\/foie-gras\/foie-gras-mi-cuit\/\"},{\"@type\":\"ListItem\",\"position\":5,\"name\":\"FOIE GRAS CANARD ENTIER DU SUD-OUEST AU POIVRE MI-CUIT LOBE\"}]},{\"@type\":\"WebSite\",\"@id\":\"https:\/\/www.maison-occitane.com\/fr\/#website\",\"url\":\"https:\/\/www.maison-occitane.com\/fr\/\",\"name\":\"Maison Occitane\",\"description\":\"\",\"potentialAction\":[{\"@type\":\"SearchAction\",\"target\":{\"@type\":\"EntryPoint\",\"urlTemplate\":\"https:\/\/www.maison-occitane.com\/fr\/?s={search_term_string}\"},\"query-input\":{\"@type\":\"PropertyValueSpecification\",\"valueRequired\":true,\"valueName\":\"search_term_string\"}}],\"inLanguage\":\"fr-FR\"}]}<\/script>\n<!-- \/ Yoast SEO plugin. -->","yoast_head_json":{"title":"FOIE GRAS ENTIER MI-CUIT DU SUD-OUEST AU POIVRE - Maison Occitane","description":"Foie gras de canard entier mi-cuit du Sud-Ouest au poivre mi-cuit Maison Occitane. Toutes les saveurs du poivre et du foie gras dans un produit de qualit\u00e9 pour vos ap\u00e9ritifs.","robots":{"index":"index","follow":"follow","max-snippet":"max-snippet:-1","max-image-preview":"max-image-preview:large","max-video-preview":"max-video-preview:-1"},"canonical":"https:\/\/www.maison-occitane.com\/fr\/produit\/foie-gras-canard-entier-mi-cuit-poivre-igp-sud-ouest-200g\/","og_locale":"fr_FR","og_type":"article","og_title":"FOIE GRAS ENTIER MI-CUIT DU SUD-OUEST AU POIVRE - Maison Occitane","og_description":"Foie gras de canard entier mi-cuit du Sud-Ouest au poivre mi-cuit Maison Occitane. Toutes les saveurs du poivre et du foie gras dans un produit de qualit\u00e9 pour vos ap\u00e9ritifs.","og_url":"https:\/\/www.maison-occitane.com\/fr\/produit\/foie-gras-canard-entier-mi-cuit-poivre-igp-sud-ouest-200g\/","og_site_name":"Maison Occitane","article_modified_time":"2026-02-13T09:15:48+00:00","og_image":[{"width":520,"height":420,"url":"https:\/\/www.maison-occitane.com\/app\/uploads\/2025\/05\/8222_520px.jpg","type":"image\/jpeg"}],"twitter_card":"summary_large_image","twitter_misc":{"Dur\u00e9e de lecture estim\u00e9e":"2 minutes"},"schema":{"@context":"https:\/\/schema.org","@graph":[{"@type":"WebPage","@id":"https:\/\/www.maison-occitane.com\/fr\/produit\/foie-gras-canard-entier-mi-cuit-poivre-igp-sud-ouest-200g\/","url":"https:\/\/www.maison-occitane.com\/fr\/produit\/foie-gras-canard-entier-mi-cuit-poivre-igp-sud-ouest-200g\/","name":"FOIE GRAS ENTIER MI-CUIT DU SUD-OUEST AU POIVRE - Maison Occitane","isPartOf":{"@id":"https:\/\/www.maison-occitane.com\/fr\/#website"},"primaryImageOfPage":{"@id":"https:\/\/www.maison-occitane.com\/fr\/produit\/foie-gras-canard-entier-mi-cuit-poivre-igp-sud-ouest-200g\/#primaryimage"},"image":{"@id":"https:\/\/www.maison-occitane.com\/fr\/produit\/foie-gras-canard-entier-mi-cuit-poivre-igp-sud-ouest-200g\/#primaryimage"},"thumbnailUrl":"https:\/\/www.maison-occitane.com\/app\/uploads\/2025\/05\/8222_520px.jpg","datePublished":"2025-05-05T06:50:39+00:00","dateModified":"2026-02-13T09:15:48+00:00","description":"Foie gras de canard entier mi-cuit du Sud-Ouest au poivre mi-cuit Maison Occitane. Toutes les saveurs du poivre et du foie gras dans un produit de qualit\u00e9 pour vos ap\u00e9ritifs.","breadcrumb":{"@id":"https:\/\/www.maison-occitane.com\/fr\/produit\/foie-gras-canard-entier-mi-cuit-poivre-igp-sud-ouest-200g\/#breadcrumb"},"inLanguage":"fr-FR","potentialAction":[{"@type":"ReadAction","target":["https:\/\/www.maison-occitane.com\/fr\/produit\/foie-gras-canard-entier-mi-cuit-poivre-igp-sud-ouest-200g\/"]}]},{"@type":"ImageObject","inLanguage":"fr-FR","@id":"https:\/\/www.maison-occitane.com\/fr\/produit\/foie-gras-canard-entier-mi-cuit-poivre-igp-sud-ouest-200g\/#primaryimage","url":"https:\/\/www.maison-occitane.com\/app\/uploads\/2025\/05\/8222_520px.jpg","contentUrl":"https:\/\/www.maison-occitane.com\/app\/uploads\/2025\/05\/8222_520px.jpg","width":520,"height":420,"caption":"Foie Gras de canard entier du Sud-Ouest mi-cuit au poivre"},{"@type":"BreadcrumbList","@id":"https:\/\/www.maison-occitane.com\/fr\/produit\/foie-gras-canard-entier-mi-cuit-poivre-igp-sud-ouest-200g\/#breadcrumb","itemListElement":[{"@type":"ListItem","position":1,"name":"Accueil","item":"https:\/\/www.maison-occitane.com\/fr\/"},{"@type":"ListItem","position":2,"name":"Produits","item":"https:\/\/www.maison-occitane.com\/fr\/shop\/"},{"@type":"ListItem","position":3,"name":"Foie gras","item":"https:\/\/www.maison-occitane.com\/fr\/boutique\/foie-gras\/"},{"@type":"ListItem","position":4,"name":"Foie gras mi-cuit","item":"https:\/\/www.maison-occitane.com\/fr\/boutique\/foie-gras\/foie-gras-mi-cuit\/"},{"@type":"ListItem","position":5,"name":"FOIE GRAS CANARD ENTIER DU SUD-OUEST AU POIVRE MI-CUIT LOBE"}]},{"@type":"WebSite","@id":"https:\/\/www.maison-occitane.com\/fr\/#website","url":"https:\/\/www.maison-occitane.com\/fr\/","name":"Maison Occitane","description":"","potentialAction":[{"@type":"SearchAction","target":{"@type":"EntryPoint","urlTemplate":"https:\/\/www.maison-occitane.com\/fr\/?s={search_term_string}"},"query-input":{"@type":"PropertyValueSpecification","valueRequired":true,"valueName":"search_term_string"}}],"inLanguage":"fr-FR"}]}},"_links":{"self":[{"href":"https:\/\/www.maison-occitane.com\/fr\/wp-json\/wp\/v2\/product\/3531","targetHints":{"allow":["GET"]}}],"collection":[{"href":"https:\/\/www.maison-occitane.com\/fr\/wp-json\/wp\/v2\/product"}],"about":[{"href":"https:\/\/www.maison-occitane.com\/fr\/wp-json\/wp\/v2\/types\/product"}],"replies":[{"embeddable":true,"href":"https:\/\/www.maison-occitane.com\/fr\/wp-json\/wp\/v2\/comments?post=3531"}],"wp:featuredmedia":[{"embeddable":true,"href":"https:\/\/www.maison-occitane.com\/fr\/wp-json\/wp\/v2\/media\/4178"}],"wp:attachment":[{"href":"https:\/\/www.maison-occitane.com\/fr\/wp-json\/wp\/v2\/media?parent=3531"}],"wp:term":[{"taxonomy":"product_cat","embeddable":true,"href":"https:\/\/www.maison-occitane.com\/fr\/wp-json\/wp\/v2\/product_cat?post=3531"},{"taxonomy":"product_tag","embeddable":true,"href":"https:\/\/www.maison-occitane.com\/fr\/wp-json\/wp\/v2\/product_tag?post=3531"},{"taxonomy":"product_origine","embeddable":true,"href":"https:\/\/www.maison-occitane.com\/fr\/wp-json\/wp\/v2\/origines?post=3531"},{"taxonomy":"label_qualite","embeddable":true,"href":"https:\/\/www.maison-occitane.com\/fr\/wp-json\/wp\/v2\/labels-qualite?post=3531"}],"curies":[{"name":"wp","href":"https:\/\/api.w.org\/{rel}","templated":true}]}}