{"id":3530,"date":"2025-05-05T08:50:39","date_gmt":"2025-05-05T06:50:39","guid":{"rendered":"http:\/\/localhost:8080\/non%20class\u00e9\/foie-gras-de-canard-entier-mi-cuit-igp-sud-ouest-200g-sv\/"},"modified":"2026-02-13T10:15:43","modified_gmt":"2026-02-13T09:15:43","slug":"foie-gras-de-canard-entier-mi-cuit-igp-sud-ouest-200g-sv","status":"publish","type":"product","link":"https:\/\/www.maison-occitane.com\/fr\/produit\/foie-gras-de-canard-entier-mi-cuit-igp-sud-ouest-200g-sv\/","title":{"rendered":"FOIE GRAS DE CANARD ENTIER DU SUD-OUEST MI CUIT LOBE"},"content":{"rendered":"<p data-start=\"654\" data-end=\"1005\">Plongez dans l&rsquo;excellence d&rsquo;un foie gras de caract\u00e8re, pr\u00e9par\u00e9 dans le respect des traditions du Sud-Ouest. Chez <strong data-start=\"767\" data-end=\"786\">Maison Occitane<\/strong>, nous mettons un point d&rsquo;honneur \u00e0 vous proposer un <strong data-start=\"839\" data-end=\"867\">foie gras de canard entier mi-cuit<\/strong> issu de <strong data-start=\"876\" data-end=\"951\">canards \u00e9lev\u00e9s selon l\u2019Indication G\u00e9ographique Prot\u00e9g\u00e9e (IGP) Sud-Ouest<\/strong>, au sein de notre propre groupement de producteurs.<\/p>\n<p data-start=\"1007\" data-end=\"1385\">Depuis 1975, notre savoir-faire se transmet, pour vous garantir un produit authentique, fondant et savoureux, sans additifs ni conservateurs. Chaque lobe est \u00e9vein\u00e9 \u00e0 la main, assaisonn\u00e9 avec justesse (un soup\u00e7on de sel, un tour de moulin \u00e0 poivre), puis cuit \u00e0 basse temp\u00e9rature pour r\u00e9v\u00e9ler toute sa subtilit\u00e9.<\/p>\n<p data-start=\"1387\" data-end=\"1695\">La cuisson mi-cuite (autour de 80\u00b0C) pr\u00e9serve la texture <strong data-start=\"1444\" data-end=\"1466\">onctueuse et ferme<\/strong> \u00e0 la fois, et donne \u00e0 ce foie gras un <strong data-start=\"1505\" data-end=\"1524\">go\u00fbt inimitable<\/strong>, appr\u00e9ci\u00e9 des fins gourmets. Id\u00e9al pour les grandes occasions, ou tout simplement pour se faire plaisir, il incarne la finesse du terroir occitan dans toute sa splendeur.<\/p>\n<p data-start=\"1697\" data-end=\"1776\"><strong data-start=\"1697\" data-end=\"1776\">Produit 100% fran\u00e7ais \u2013 100% canard du Sud-Ouest \u2013 Vente directe producteur<\/strong><\/p>\n<p><span class=\"notion-enable-hover\" data-token-index=\"1\">D\u00e9couvrez notre Gamme de foie gras mi-cuit :<\/span><\/p>\n<ul>\n<li><a href=\"https:\/\/www.maison-occitane.com\/foie-gras\/foie-gras-canard-entier-mi-cuit-poivre-igp-sud-ouest-200g\/\"><span class=\"link-annotation-unknown-block-id-376067158\">Foie gras de canard entier du Sud-Ouest au poivre 200g<\/span><\/a><\/li>\n<li><a href=\"https:\/\/www.maison-occitane.com\/fr\/produit\/foie-gras-de-canard-entier-mi-cuit-igp-sud-ouest-coque-300g\/\">Foie gras de canard entier du Sud-Ouest nature 300g<\/a><\/li>\n<li><a href=\"https:\/\/www.maison-occitane.com\/fr\/produit\/foie-gras-de-canard-entier-igp-sud-ouest-mi-cuit-barq-500g\/\">Foie gras de canard du Sud-Ouest mi-cuit nature 500g<\/a><\/li>\n<\/ul>\n<p><strong><span style=\"color: #f29400;\">Nombre de parts : <\/span><\/strong>4 \u00e0 5 parts<\/p>\n<p>\u00c0 conserver au frais entre 0\u00b0 et 4\u00b0C. Apr\u00e8s ouverture \u00e0 conserver au frais et consommer rapidement.<\/p>\n","protected":false},"excerpt":{"rendered":"<p>Foie gras de canard entier mi-cuit du Sud-Ouest, issu de canards IGP \u00e9lev\u00e9s par nos producteurs. Un lobe fondant, d\u00e9licatement assaisonn\u00e9 et cuit \u00e0 basse temp\u00e9rature pour r\u00e9v\u00e9ler toute la richesse du terroir.<\/p>\n","protected":false},"featured_media":4177,"comment_status":"open","ping_status":"closed","template":"","meta":{"_acf_changed":false},"product_cat":[770,777],"product_tag":[814],"origines":[797],"labels-qualite":[],"class_list":{"0":"post-3530","1":"product","2":"type-product","3":"status-publish","4":"has-post-thumbnail","6":"product_brand-maison-occitane","7":"product_cat-foie-gras","8":"product_cat-foie-gras-mi-cuit","9":"product_tag-mi-cuit","10":"product_origine-igp-du-sud-ouest","12":"first","13":"instock","14":"taxable","15":"shipping-taxable","16":"purchasable","17":"product-type-simple","18":"add-to-wishlist-before_image"},"acf":[],"yoast_head":"<!-- This site is optimized with the Yoast SEO plugin v24.9 - https:\/\/yoast.com\/wordpress\/plugins\/seo\/ -->\n<title>FOIE GRAS DE CANARD ENTIER DU SUD-OUEST MI-CUIT- Maison Occitane<\/title>\n<meta name=\"description\" content=\"Tous nos Foie gras de canard entier mi-cuit sont issu de nos producteurs du Sud-Ouest. Cuisson douce, fondant et saveurs subtiles. Vente directe producteur.\" \/>\n<meta name=\"robots\" content=\"index, follow, max-snippet:-1, max-image-preview:large, max-video-preview:-1\" \/>\n<link rel=\"canonical\" href=\"https:\/\/www.maison-occitane.com\/fr\/produit\/foie-gras-de-canard-entier-mi-cuit-igp-sud-ouest-200g-sv\/\" \/>\n<meta property=\"og:locale\" content=\"fr_FR\" \/>\n<meta property=\"og:type\" content=\"article\" \/>\n<meta property=\"og:title\" content=\"FOIE GRAS DE CANARD ENTIER DU SUD-OUEST MI-CUIT- Maison Occitane\" \/>\n<meta property=\"og:description\" content=\"Tous nos Foie gras de canard entier mi-cuit sont issu de nos producteurs du Sud-Ouest. Cuisson douce, fondant et saveurs subtiles. Vente directe producteur.\" \/>\n<meta property=\"og:url\" content=\"https:\/\/www.maison-occitane.com\/fr\/produit\/foie-gras-de-canard-entier-mi-cuit-igp-sud-ouest-200g-sv\/\" \/>\n<meta property=\"og:site_name\" content=\"Maison Occitane\" \/>\n<meta property=\"article:modified_time\" content=\"2026-02-13T09:15:43+00:00\" \/>\n<meta property=\"og:image\" content=\"https:\/\/www.maison-occitane.com\/app\/uploads\/2025\/05\/8221_520px.jpg\" \/>\n\t<meta property=\"og:image:width\" content=\"520\" \/>\n\t<meta property=\"og:image:height\" content=\"420\" \/>\n\t<meta property=\"og:image:type\" content=\"image\/jpeg\" \/>\n<meta name=\"twitter:card\" content=\"summary_large_image\" \/>\n<meta name=\"twitter:label1\" content=\"Dur\u00e9e de lecture estim\u00e9e\" \/>\n\t<meta name=\"twitter:data1\" content=\"2 minutes\" \/>\n<script type=\"application\/ld+json\" class=\"yoast-schema-graph\">{\"@context\":\"https:\/\/schema.org\",\"@graph\":[{\"@type\":\"WebPage\",\"@id\":\"https:\/\/www.maison-occitane.com\/fr\/produit\/foie-gras-de-canard-entier-mi-cuit-igp-sud-ouest-200g-sv\/\",\"url\":\"https:\/\/www.maison-occitane.com\/fr\/produit\/foie-gras-de-canard-entier-mi-cuit-igp-sud-ouest-200g-sv\/\",\"name\":\"FOIE GRAS DE CANARD ENTIER DU SUD-OUEST MI-CUIT- Maison Occitane\",\"isPartOf\":{\"@id\":\"https:\/\/www.maison-occitane.com\/fr\/#website\"},\"primaryImageOfPage\":{\"@id\":\"https:\/\/www.maison-occitane.com\/fr\/produit\/foie-gras-de-canard-entier-mi-cuit-igp-sud-ouest-200g-sv\/#primaryimage\"},\"image\":{\"@id\":\"https:\/\/www.maison-occitane.com\/fr\/produit\/foie-gras-de-canard-entier-mi-cuit-igp-sud-ouest-200g-sv\/#primaryimage\"},\"thumbnailUrl\":\"https:\/\/www.maison-occitane.com\/app\/uploads\/2025\/05\/8221_520px.jpg\",\"datePublished\":\"2025-05-05T06:50:39+00:00\",\"dateModified\":\"2026-02-13T09:15:43+00:00\",\"description\":\"Tous nos Foie gras de canard entier mi-cuit sont issu de nos producteurs du Sud-Ouest. Cuisson douce, fondant et saveurs subtiles. Vente directe producteur.\",\"breadcrumb\":{\"@id\":\"https:\/\/www.maison-occitane.com\/fr\/produit\/foie-gras-de-canard-entier-mi-cuit-igp-sud-ouest-200g-sv\/#breadcrumb\"},\"inLanguage\":\"fr-FR\",\"potentialAction\":[{\"@type\":\"ReadAction\",\"target\":[\"https:\/\/www.maison-occitane.com\/fr\/produit\/foie-gras-de-canard-entier-mi-cuit-igp-sud-ouest-200g-sv\/\"]}]},{\"@type\":\"ImageObject\",\"inLanguage\":\"fr-FR\",\"@id\":\"https:\/\/www.maison-occitane.com\/fr\/produit\/foie-gras-de-canard-entier-mi-cuit-igp-sud-ouest-200g-sv\/#primaryimage\",\"url\":\"https:\/\/www.maison-occitane.com\/app\/uploads\/2025\/05\/8221_520px.jpg\",\"contentUrl\":\"https:\/\/www.maison-occitane.com\/app\/uploads\/2025\/05\/8221_520px.jpg\",\"width\":520,\"height\":420,\"caption\":\"Foie Gras de canard entier du Sud-Ouest mi-cuit\"},{\"@type\":\"BreadcrumbList\",\"@id\":\"https:\/\/www.maison-occitane.com\/fr\/produit\/foie-gras-de-canard-entier-mi-cuit-igp-sud-ouest-200g-sv\/#breadcrumb\",\"itemListElement\":[{\"@type\":\"ListItem\",\"position\":1,\"name\":\"Accueil\",\"item\":\"https:\/\/www.maison-occitane.com\/fr\/\"},{\"@type\":\"ListItem\",\"position\":2,\"name\":\"Produits\",\"item\":\"https:\/\/www.maison-occitane.com\/fr\/shop\/\"},{\"@type\":\"ListItem\",\"position\":3,\"name\":\"Foie gras\",\"item\":\"https:\/\/www.maison-occitane.com\/fr\/boutique\/foie-gras\/\"},{\"@type\":\"ListItem\",\"position\":4,\"name\":\"Foie gras mi-cuit\",\"item\":\"https:\/\/www.maison-occitane.com\/fr\/boutique\/foie-gras\/foie-gras-mi-cuit\/\"},{\"@type\":\"ListItem\",\"position\":5,\"name\":\"FOIE GRAS DE CANARD ENTIER DU SUD-OUEST MI CUIT LOBE\"}]},{\"@type\":\"WebSite\",\"@id\":\"https:\/\/www.maison-occitane.com\/fr\/#website\",\"url\":\"https:\/\/www.maison-occitane.com\/fr\/\",\"name\":\"Maison Occitane\",\"description\":\"\",\"potentialAction\":[{\"@type\":\"SearchAction\",\"target\":{\"@type\":\"EntryPoint\",\"urlTemplate\":\"https:\/\/www.maison-occitane.com\/fr\/?s={search_term_string}\"},\"query-input\":{\"@type\":\"PropertyValueSpecification\",\"valueRequired\":true,\"valueName\":\"search_term_string\"}}],\"inLanguage\":\"fr-FR\"}]}<\/script>\n<!-- \/ Yoast SEO plugin. -->","yoast_head_json":{"title":"FOIE GRAS DE CANARD ENTIER DU SUD-OUEST MI-CUIT- Maison Occitane","description":"Tous nos Foie gras de canard entier mi-cuit sont issu de nos producteurs du Sud-Ouest. Cuisson douce, fondant et saveurs subtiles. Vente directe producteur.","robots":{"index":"index","follow":"follow","max-snippet":"max-snippet:-1","max-image-preview":"max-image-preview:large","max-video-preview":"max-video-preview:-1"},"canonical":"https:\/\/www.maison-occitane.com\/fr\/produit\/foie-gras-de-canard-entier-mi-cuit-igp-sud-ouest-200g-sv\/","og_locale":"fr_FR","og_type":"article","og_title":"FOIE GRAS DE CANARD ENTIER DU SUD-OUEST MI-CUIT- Maison Occitane","og_description":"Tous nos Foie gras de canard entier mi-cuit sont issu de nos producteurs du Sud-Ouest. Cuisson douce, fondant et saveurs subtiles. Vente directe producteur.","og_url":"https:\/\/www.maison-occitane.com\/fr\/produit\/foie-gras-de-canard-entier-mi-cuit-igp-sud-ouest-200g-sv\/","og_site_name":"Maison Occitane","article_modified_time":"2026-02-13T09:15:43+00:00","og_image":[{"width":520,"height":420,"url":"https:\/\/www.maison-occitane.com\/app\/uploads\/2025\/05\/8221_520px.jpg","type":"image\/jpeg"}],"twitter_card":"summary_large_image","twitter_misc":{"Dur\u00e9e de lecture estim\u00e9e":"2 minutes"},"schema":{"@context":"https:\/\/schema.org","@graph":[{"@type":"WebPage","@id":"https:\/\/www.maison-occitane.com\/fr\/produit\/foie-gras-de-canard-entier-mi-cuit-igp-sud-ouest-200g-sv\/","url":"https:\/\/www.maison-occitane.com\/fr\/produit\/foie-gras-de-canard-entier-mi-cuit-igp-sud-ouest-200g-sv\/","name":"FOIE GRAS DE CANARD ENTIER DU SUD-OUEST MI-CUIT- Maison Occitane","isPartOf":{"@id":"https:\/\/www.maison-occitane.com\/fr\/#website"},"primaryImageOfPage":{"@id":"https:\/\/www.maison-occitane.com\/fr\/produit\/foie-gras-de-canard-entier-mi-cuit-igp-sud-ouest-200g-sv\/#primaryimage"},"image":{"@id":"https:\/\/www.maison-occitane.com\/fr\/produit\/foie-gras-de-canard-entier-mi-cuit-igp-sud-ouest-200g-sv\/#primaryimage"},"thumbnailUrl":"https:\/\/www.maison-occitane.com\/app\/uploads\/2025\/05\/8221_520px.jpg","datePublished":"2025-05-05T06:50:39+00:00","dateModified":"2026-02-13T09:15:43+00:00","description":"Tous nos Foie gras de canard entier mi-cuit sont issu de nos producteurs du Sud-Ouest. Cuisson douce, fondant et saveurs subtiles. Vente directe producteur.","breadcrumb":{"@id":"https:\/\/www.maison-occitane.com\/fr\/produit\/foie-gras-de-canard-entier-mi-cuit-igp-sud-ouest-200g-sv\/#breadcrumb"},"inLanguage":"fr-FR","potentialAction":[{"@type":"ReadAction","target":["https:\/\/www.maison-occitane.com\/fr\/produit\/foie-gras-de-canard-entier-mi-cuit-igp-sud-ouest-200g-sv\/"]}]},{"@type":"ImageObject","inLanguage":"fr-FR","@id":"https:\/\/www.maison-occitane.com\/fr\/produit\/foie-gras-de-canard-entier-mi-cuit-igp-sud-ouest-200g-sv\/#primaryimage","url":"https:\/\/www.maison-occitane.com\/app\/uploads\/2025\/05\/8221_520px.jpg","contentUrl":"https:\/\/www.maison-occitane.com\/app\/uploads\/2025\/05\/8221_520px.jpg","width":520,"height":420,"caption":"Foie Gras de canard entier du Sud-Ouest mi-cuit"},{"@type":"BreadcrumbList","@id":"https:\/\/www.maison-occitane.com\/fr\/produit\/foie-gras-de-canard-entier-mi-cuit-igp-sud-ouest-200g-sv\/#breadcrumb","itemListElement":[{"@type":"ListItem","position":1,"name":"Accueil","item":"https:\/\/www.maison-occitane.com\/fr\/"},{"@type":"ListItem","position":2,"name":"Produits","item":"https:\/\/www.maison-occitane.com\/fr\/shop\/"},{"@type":"ListItem","position":3,"name":"Foie gras","item":"https:\/\/www.maison-occitane.com\/fr\/boutique\/foie-gras\/"},{"@type":"ListItem","position":4,"name":"Foie gras mi-cuit","item":"https:\/\/www.maison-occitane.com\/fr\/boutique\/foie-gras\/foie-gras-mi-cuit\/"},{"@type":"ListItem","position":5,"name":"FOIE GRAS DE CANARD ENTIER DU SUD-OUEST MI CUIT LOBE"}]},{"@type":"WebSite","@id":"https:\/\/www.maison-occitane.com\/fr\/#website","url":"https:\/\/www.maison-occitane.com\/fr\/","name":"Maison Occitane","description":"","potentialAction":[{"@type":"SearchAction","target":{"@type":"EntryPoint","urlTemplate":"https:\/\/www.maison-occitane.com\/fr\/?s={search_term_string}"},"query-input":{"@type":"PropertyValueSpecification","valueRequired":true,"valueName":"search_term_string"}}],"inLanguage":"fr-FR"}]}},"_links":{"self":[{"href":"https:\/\/www.maison-occitane.com\/fr\/wp-json\/wp\/v2\/product\/3530","targetHints":{"allow":["GET"]}}],"collection":[{"href":"https:\/\/www.maison-occitane.com\/fr\/wp-json\/wp\/v2\/product"}],"about":[{"href":"https:\/\/www.maison-occitane.com\/fr\/wp-json\/wp\/v2\/types\/product"}],"replies":[{"embeddable":true,"href":"https:\/\/www.maison-occitane.com\/fr\/wp-json\/wp\/v2\/comments?post=3530"}],"wp:featuredmedia":[{"embeddable":true,"href":"https:\/\/www.maison-occitane.com\/fr\/wp-json\/wp\/v2\/media\/4177"}],"wp:attachment":[{"href":"https:\/\/www.maison-occitane.com\/fr\/wp-json\/wp\/v2\/media?parent=3530"}],"wp:term":[{"taxonomy":"product_cat","embeddable":true,"href":"https:\/\/www.maison-occitane.com\/fr\/wp-json\/wp\/v2\/product_cat?post=3530"},{"taxonomy":"product_tag","embeddable":true,"href":"https:\/\/www.maison-occitane.com\/fr\/wp-json\/wp\/v2\/product_tag?post=3530"},{"taxonomy":"product_origine","embeddable":true,"href":"https:\/\/www.maison-occitane.com\/fr\/wp-json\/wp\/v2\/origines?post=3530"},{"taxonomy":"label_qualite","embeddable":true,"href":"https:\/\/www.maison-occitane.com\/fr\/wp-json\/wp\/v2\/labels-qualite?post=3530"}],"curies":[{"name":"wp","href":"https:\/\/api.w.org\/{rel}","templated":true}]}}