{"id":3528,"date":"2025-05-05T08:50:39","date_gmt":"2025-05-05T06:50:39","guid":{"rendered":"http:\/\/localhost:8080\/non%20class\u00e9\/magret-de-canard-igp-sud-ouest-seche-tranche-plaquette-80g\/"},"modified":"2026-04-21T11:06:04","modified_gmt":"2026-04-21T09:06:04","slug":"magret-de-canard-igp-sud-ouest-seche-tranche-plaquette-80g","status":"publish","type":"product","link":"https:\/\/www.maison-occitane.com\/fr\/produit\/magret-de-canard-igp-sud-ouest-seche-tranche-plaquette-80g\/","title":{"rendered":"MAGRET DE CANARD DU SUD-OUEST SECHE TRANCHE PLAQUETTE"},"content":{"rendered":"<p>Tous nos magrets de canard sont pr\u00e9par\u00e9s \u00e0 base de canard \u00e0 foie gras \u00e9lev\u00e9 dans le Sud-Ouest et <strong>certifi\u00e9s IGP Sud-Ouest<\/strong>. Nos canards sont \u00e9lev\u00e9s <strong>par nos producteurs et s\u00e9ch\u00e9 dans notre atelier du Lot (46). <\/strong>Nous s\u00e9lectionnons tous les jours rigoureusement chaque magret de canard pour vous garantir un produit de qualit\u00e9 et savoureux.<\/p>\n<p>Chaque tranche r\u00e9v\u00e8le une texture fondante et un go\u00fbt fin, fid\u00e8le \u00e0 la tradition culinaire du Sud-Ouest. Pr\u00eat \u00e0 l\u2019emploi, ce produit se savoure aussi bien \u00e0 l\u2019ap\u00e9ritif que dans des recettes gourmandes\u202f: salades, raclettes, sandwichs raffin\u00e9s ou croques originaux. Le savoir-faire artisanal se retrouve dans chaque bouch\u00e9e.<\/p>\n<p>D\u00e9couvrez la gamme de nos magrets du Sud-Ouest s\u00e9ch\u00e9 tranch\u00e9 :<\/p>\n<ul>\n<li><a href=\"https:\/\/www.maison-occitane.com\/fr\/produit\/magret-de-canard-igp-sud-ouest-seche-tranche-plaquette-80g\/\"><strong>Magret de canard du Sud-Ouest s\u00e9ch\u00e9 tranch\u00e9 fum\u00e9 80g<\/strong><\/a><\/li>\n<li><a href=\"https:\/\/www.maison-occitane.com\/specialites-du-sud-ouest\/magret-canard-igp-sud-ouest-fume-tranche-barquette-250g\/\"><strong>Magret de canard du Sud-Ouest s\u00e9ch\u00e9 tranch\u00e9 fum\u00e9 au bois de h\u00eatre 250g<\/strong><\/a><\/li>\n<\/ul>\n<p>\u00c0 conserver au frais entre 0\u00b0 et 4\u00b0C. Apr\u00e8s ouverture \u00e0 conserver au frais et consommer rapidement.<\/p>\n","protected":false},"excerpt":{"rendered":"<p><span class=\"notion-enable-hover\" data-token-index=\"0\">Notre magret de canard du Sud-Ouest s\u00e9ch\u00e9 tranch\u00e9 est issu d&rsquo;une mati\u00e8re noble et de qualit\u00e9. Nos magrets s\u00e9ch\u00e9s sont certifi\u00e9s IGP Sud-Ouest pour vous garantir des magrets de canard \u00e9lev\u00e9s et transform\u00e9s dans le Sud-Ouest.\u00a0C\u2019est un produit indispensable pour agr\u00e9menter toutes vos entr\u00e9es. Avec un peu d&rsquo;imagination, autour d&rsquo;un pruneau, il devient la star de tous vos ap\u00e9ritifs.<\/span><\/p>\n","protected":false},"featured_media":4205,"comment_status":"open","ping_status":"closed","template":"","meta":{"_acf_changed":false},"product_cat":[773,786],"product_tag":[814],"origines":[797],"labels-qualite":[],"class_list":{"0":"post-3528","1":"product","2":"type-product","3":"status-publish","4":"has-post-thumbnail","6":"product_brand-maison-occitane","7":"product_cat-specialites-du-sud-ouest","8":"product_cat-magrets-de-canard-seches","9":"product_tag-mi-cuit","10":"product_origine-igp-du-sud-ouest","12":"first","13":"instock","14":"taxable","15":"shipping-taxable","16":"purchasable","17":"product-type-simple","18":"add-to-wishlist-before_image"},"acf":[],"yoast_head":"<!-- This site is optimized with the Yoast SEO plugin v24.9 - https:\/\/yoast.com\/wordpress\/plugins\/seo\/ -->\n<title>MAGRET DE CANARD DU SUD-OUEST SECHE TRANCHE - Maison Occitane<\/title>\n<meta name=\"description\" content=\"Magret s\u00e9ch\u00e9 tranch\u00e9 Maison Occitane, IGP Sud-Ouest. Texture fondante et go\u00fbt raffin\u00e9. Parfait pour vos salades, ap\u00e9ritifs ou plats chauds. Issus de canards de notre groupement de Producteurs.\" \/>\n<meta name=\"robots\" content=\"index, follow, max-snippet:-1, max-image-preview:large, max-video-preview:-1\" \/>\n<link rel=\"canonical\" href=\"https:\/\/www.maison-occitane.com\/fr\/produit\/magret-de-canard-igp-sud-ouest-seche-tranche-plaquette-80g\/\" \/>\n<meta property=\"og:locale\" content=\"fr_FR\" \/>\n<meta property=\"og:type\" content=\"article\" \/>\n<meta property=\"og:title\" content=\"MAGRET DE CANARD DU SUD-OUEST SECHE TRANCHE - Maison Occitane\" \/>\n<meta property=\"og:description\" content=\"Magret s\u00e9ch\u00e9 tranch\u00e9 Maison Occitane, IGP Sud-Ouest. Texture fondante et go\u00fbt raffin\u00e9. Parfait pour vos salades, ap\u00e9ritifs ou plats chauds. Issus de canards de notre groupement de Producteurs.\" \/>\n<meta property=\"og:url\" content=\"https:\/\/www.maison-occitane.com\/fr\/produit\/magret-de-canard-igp-sud-ouest-seche-tranche-plaquette-80g\/\" \/>\n<meta property=\"og:site_name\" content=\"Maison Occitane\" \/>\n<meta property=\"article:modified_time\" content=\"2026-04-21T09:06:04+00:00\" \/>\n<meta property=\"og:image\" content=\"https:\/\/www.maison-occitane.com\/app\/uploads\/2025\/05\/8208_520px.jpg\" \/>\n\t<meta property=\"og:image:width\" content=\"520\" \/>\n\t<meta property=\"og:image:height\" content=\"420\" \/>\n\t<meta property=\"og:image:type\" content=\"image\/jpeg\" \/>\n<meta name=\"twitter:card\" content=\"summary_large_image\" \/>\n<meta name=\"twitter:label1\" content=\"Dur\u00e9e de lecture estim\u00e9e\" \/>\n\t<meta name=\"twitter:data1\" content=\"1 minute\" \/>\n<script type=\"application\/ld+json\" class=\"yoast-schema-graph\">{\"@context\":\"https:\/\/schema.org\",\"@graph\":[{\"@type\":\"WebPage\",\"@id\":\"https:\/\/www.maison-occitane.com\/fr\/produit\/magret-de-canard-igp-sud-ouest-seche-tranche-plaquette-80g\/\",\"url\":\"https:\/\/www.maison-occitane.com\/fr\/produit\/magret-de-canard-igp-sud-ouest-seche-tranche-plaquette-80g\/\",\"name\":\"MAGRET DE CANARD DU SUD-OUEST SECHE TRANCHE - Maison Occitane\",\"isPartOf\":{\"@id\":\"https:\/\/www.maison-occitane.com\/fr\/#website\"},\"primaryImageOfPage\":{\"@id\":\"https:\/\/www.maison-occitane.com\/fr\/produit\/magret-de-canard-igp-sud-ouest-seche-tranche-plaquette-80g\/#primaryimage\"},\"image\":{\"@id\":\"https:\/\/www.maison-occitane.com\/fr\/produit\/magret-de-canard-igp-sud-ouest-seche-tranche-plaquette-80g\/#primaryimage\"},\"thumbnailUrl\":\"https:\/\/www.maison-occitane.com\/app\/uploads\/2025\/05\/8208_520px.jpg\",\"datePublished\":\"2025-05-05T06:50:39+00:00\",\"dateModified\":\"2026-04-21T09:06:04+00:00\",\"description\":\"Magret s\u00e9ch\u00e9 tranch\u00e9 Maison Occitane, IGP Sud-Ouest. Texture fondante et go\u00fbt raffin\u00e9. Parfait pour vos salades, ap\u00e9ritifs ou plats chauds. Issus de canards de notre groupement de Producteurs.\",\"breadcrumb\":{\"@id\":\"https:\/\/www.maison-occitane.com\/fr\/produit\/magret-de-canard-igp-sud-ouest-seche-tranche-plaquette-80g\/#breadcrumb\"},\"inLanguage\":\"fr-FR\",\"potentialAction\":[{\"@type\":\"ReadAction\",\"target\":[\"https:\/\/www.maison-occitane.com\/fr\/produit\/magret-de-canard-igp-sud-ouest-seche-tranche-plaquette-80g\/\"]}]},{\"@type\":\"ImageObject\",\"inLanguage\":\"fr-FR\",\"@id\":\"https:\/\/www.maison-occitane.com\/fr\/produit\/magret-de-canard-igp-sud-ouest-seche-tranche-plaquette-80g\/#primaryimage\",\"url\":\"https:\/\/www.maison-occitane.com\/app\/uploads\/2025\/05\/8208_520px.jpg\",\"contentUrl\":\"https:\/\/www.maison-occitane.com\/app\/uploads\/2025\/05\/8208_520px.jpg\",\"width\":520,\"height\":420,\"caption\":\"Plaquette de magret de canard du Sud-Ouest s\u00e9ch\u00e9 tranch\u00e9\"},{\"@type\":\"BreadcrumbList\",\"@id\":\"https:\/\/www.maison-occitane.com\/fr\/produit\/magret-de-canard-igp-sud-ouest-seche-tranche-plaquette-80g\/#breadcrumb\",\"itemListElement\":[{\"@type\":\"ListItem\",\"position\":1,\"name\":\"Accueil\",\"item\":\"https:\/\/www.maison-occitane.com\/fr\/\"},{\"@type\":\"ListItem\",\"position\":2,\"name\":\"Produits\",\"item\":\"https:\/\/www.maison-occitane.com\/fr\/shop\/\"},{\"@type\":\"ListItem\",\"position\":3,\"name\":\"Sp\u00e9cialit\u00e9s du Sud-Ouest\",\"item\":\"https:\/\/www.maison-occitane.com\/fr\/boutique\/specialites-du-sud-ouest\/\"},{\"@type\":\"ListItem\",\"position\":4,\"name\":\"Magrets de canard s\u00e9ch\u00e9s\",\"item\":\"https:\/\/www.maison-occitane.com\/fr\/boutique\/specialites-du-sud-ouest\/magrets-de-canard-seches\/\"},{\"@type\":\"ListItem\",\"position\":5,\"name\":\"MAGRET DE CANARD DU SUD-OUEST SECHE TRANCHE PLAQUETTE\"}]},{\"@type\":\"WebSite\",\"@id\":\"https:\/\/www.maison-occitane.com\/fr\/#website\",\"url\":\"https:\/\/www.maison-occitane.com\/fr\/\",\"name\":\"Maison Occitane\",\"description\":\"\",\"potentialAction\":[{\"@type\":\"SearchAction\",\"target\":{\"@type\":\"EntryPoint\",\"urlTemplate\":\"https:\/\/www.maison-occitane.com\/fr\/?s={search_term_string}\"},\"query-input\":{\"@type\":\"PropertyValueSpecification\",\"valueRequired\":true,\"valueName\":\"search_term_string\"}}],\"inLanguage\":\"fr-FR\"}]}<\/script>\n<!-- \/ Yoast SEO plugin. -->","yoast_head_json":{"title":"MAGRET DE CANARD DU SUD-OUEST SECHE TRANCHE - Maison Occitane","description":"Magret s\u00e9ch\u00e9 tranch\u00e9 Maison Occitane, IGP Sud-Ouest. Texture fondante et go\u00fbt raffin\u00e9. Parfait pour vos salades, ap\u00e9ritifs ou plats chauds. Issus de canards de notre groupement de Producteurs.","robots":{"index":"index","follow":"follow","max-snippet":"max-snippet:-1","max-image-preview":"max-image-preview:large","max-video-preview":"max-video-preview:-1"},"canonical":"https:\/\/www.maison-occitane.com\/fr\/produit\/magret-de-canard-igp-sud-ouest-seche-tranche-plaquette-80g\/","og_locale":"fr_FR","og_type":"article","og_title":"MAGRET DE CANARD DU SUD-OUEST SECHE TRANCHE - Maison Occitane","og_description":"Magret s\u00e9ch\u00e9 tranch\u00e9 Maison Occitane, IGP Sud-Ouest. Texture fondante et go\u00fbt raffin\u00e9. Parfait pour vos salades, ap\u00e9ritifs ou plats chauds. Issus de canards de notre groupement de Producteurs.","og_url":"https:\/\/www.maison-occitane.com\/fr\/produit\/magret-de-canard-igp-sud-ouest-seche-tranche-plaquette-80g\/","og_site_name":"Maison Occitane","article_modified_time":"2026-04-21T09:06:04+00:00","og_image":[{"width":520,"height":420,"url":"https:\/\/www.maison-occitane.com\/app\/uploads\/2025\/05\/8208_520px.jpg","type":"image\/jpeg"}],"twitter_card":"summary_large_image","twitter_misc":{"Dur\u00e9e de lecture estim\u00e9e":"1 minute"},"schema":{"@context":"https:\/\/schema.org","@graph":[{"@type":"WebPage","@id":"https:\/\/www.maison-occitane.com\/fr\/produit\/magret-de-canard-igp-sud-ouest-seche-tranche-plaquette-80g\/","url":"https:\/\/www.maison-occitane.com\/fr\/produit\/magret-de-canard-igp-sud-ouest-seche-tranche-plaquette-80g\/","name":"MAGRET DE CANARD DU SUD-OUEST SECHE TRANCHE - Maison Occitane","isPartOf":{"@id":"https:\/\/www.maison-occitane.com\/fr\/#website"},"primaryImageOfPage":{"@id":"https:\/\/www.maison-occitane.com\/fr\/produit\/magret-de-canard-igp-sud-ouest-seche-tranche-plaquette-80g\/#primaryimage"},"image":{"@id":"https:\/\/www.maison-occitane.com\/fr\/produit\/magret-de-canard-igp-sud-ouest-seche-tranche-plaquette-80g\/#primaryimage"},"thumbnailUrl":"https:\/\/www.maison-occitane.com\/app\/uploads\/2025\/05\/8208_520px.jpg","datePublished":"2025-05-05T06:50:39+00:00","dateModified":"2026-04-21T09:06:04+00:00","description":"Magret s\u00e9ch\u00e9 tranch\u00e9 Maison Occitane, IGP Sud-Ouest. Texture fondante et go\u00fbt raffin\u00e9. Parfait pour vos salades, ap\u00e9ritifs ou plats chauds. Issus de canards de notre groupement de Producteurs.","breadcrumb":{"@id":"https:\/\/www.maison-occitane.com\/fr\/produit\/magret-de-canard-igp-sud-ouest-seche-tranche-plaquette-80g\/#breadcrumb"},"inLanguage":"fr-FR","potentialAction":[{"@type":"ReadAction","target":["https:\/\/www.maison-occitane.com\/fr\/produit\/magret-de-canard-igp-sud-ouest-seche-tranche-plaquette-80g\/"]}]},{"@type":"ImageObject","inLanguage":"fr-FR","@id":"https:\/\/www.maison-occitane.com\/fr\/produit\/magret-de-canard-igp-sud-ouest-seche-tranche-plaquette-80g\/#primaryimage","url":"https:\/\/www.maison-occitane.com\/app\/uploads\/2025\/05\/8208_520px.jpg","contentUrl":"https:\/\/www.maison-occitane.com\/app\/uploads\/2025\/05\/8208_520px.jpg","width":520,"height":420,"caption":"Plaquette de magret de canard du Sud-Ouest s\u00e9ch\u00e9 tranch\u00e9"},{"@type":"BreadcrumbList","@id":"https:\/\/www.maison-occitane.com\/fr\/produit\/magret-de-canard-igp-sud-ouest-seche-tranche-plaquette-80g\/#breadcrumb","itemListElement":[{"@type":"ListItem","position":1,"name":"Accueil","item":"https:\/\/www.maison-occitane.com\/fr\/"},{"@type":"ListItem","position":2,"name":"Produits","item":"https:\/\/www.maison-occitane.com\/fr\/shop\/"},{"@type":"ListItem","position":3,"name":"Sp\u00e9cialit\u00e9s du Sud-Ouest","item":"https:\/\/www.maison-occitane.com\/fr\/boutique\/specialites-du-sud-ouest\/"},{"@type":"ListItem","position":4,"name":"Magrets de canard s\u00e9ch\u00e9s","item":"https:\/\/www.maison-occitane.com\/fr\/boutique\/specialites-du-sud-ouest\/magrets-de-canard-seches\/"},{"@type":"ListItem","position":5,"name":"MAGRET DE CANARD DU SUD-OUEST SECHE TRANCHE PLAQUETTE"}]},{"@type":"WebSite","@id":"https:\/\/www.maison-occitane.com\/fr\/#website","url":"https:\/\/www.maison-occitane.com\/fr\/","name":"Maison Occitane","description":"","potentialAction":[{"@type":"SearchAction","target":{"@type":"EntryPoint","urlTemplate":"https:\/\/www.maison-occitane.com\/fr\/?s={search_term_string}"},"query-input":{"@type":"PropertyValueSpecification","valueRequired":true,"valueName":"search_term_string"}}],"inLanguage":"fr-FR"}]}},"_links":{"self":[{"href":"https:\/\/www.maison-occitane.com\/fr\/wp-json\/wp\/v2\/product\/3528","targetHints":{"allow":["GET"]}}],"collection":[{"href":"https:\/\/www.maison-occitane.com\/fr\/wp-json\/wp\/v2\/product"}],"about":[{"href":"https:\/\/www.maison-occitane.com\/fr\/wp-json\/wp\/v2\/types\/product"}],"replies":[{"embeddable":true,"href":"https:\/\/www.maison-occitane.com\/fr\/wp-json\/wp\/v2\/comments?post=3528"}],"wp:featuredmedia":[{"embeddable":true,"href":"https:\/\/www.maison-occitane.com\/fr\/wp-json\/wp\/v2\/media\/4205"}],"wp:attachment":[{"href":"https:\/\/www.maison-occitane.com\/fr\/wp-json\/wp\/v2\/media?parent=3528"}],"wp:term":[{"taxonomy":"product_cat","embeddable":true,"href":"https:\/\/www.maison-occitane.com\/fr\/wp-json\/wp\/v2\/product_cat?post=3528"},{"taxonomy":"product_tag","embeddable":true,"href":"https:\/\/www.maison-occitane.com\/fr\/wp-json\/wp\/v2\/product_tag?post=3528"},{"taxonomy":"product_origine","embeddable":true,"href":"https:\/\/www.maison-occitane.com\/fr\/wp-json\/wp\/v2\/origines?post=3528"},{"taxonomy":"label_qualite","embeddable":true,"href":"https:\/\/www.maison-occitane.com\/fr\/wp-json\/wp\/v2\/labels-qualite?post=3528"}],"curies":[{"name":"wp","href":"https:\/\/api.w.org\/{rel}","templated":true}]}}