{"id":3527,"date":"2025-05-05T08:50:39","date_gmt":"2025-05-05T06:50:39","guid":{"rendered":"http:\/\/localhost:8080\/non%20class\u00e9\/magret-canard-igp-sud-ouest-fume-tranche-barquette-250g\/"},"modified":"2025-11-17T16:03:29","modified_gmt":"2025-11-17T15:03:29","slug":"magret-canard-igp-sud-ouest-fume-tranche-barquette-250g","status":"publish","type":"product","link":"https:\/\/www.maison-occitane.com\/fr\/produit\/magret-canard-igp-sud-ouest-fume-tranche-barquette-250g\/","title":{"rendered":"MAGRET CANARD DU SUD-OUEST FUME TRANCHE BARQUETTE"},"content":{"rendered":"<p>Nos magrets de canard s\u00e9ch\u00e9s proviennent de canards \u00e0 foie gras \u00e9lev\u00e9s dans le Sud-Ouest, au sein de <strong>notre groupement de producteurs<\/strong>. Nos magrets sont <strong>certifi\u00e9s IGP Sud-Ouest<\/strong>, ces magrets b\u00e9n\u00e9ficient d\u2019une tra\u00e7abilit\u00e9 garantie et d\u2019un savoir-faire, qui vous garantit une production, une transformation et un s\u00e9chage r\u00e9alis\u00e9s au c\u0153ur de notre terroir c\u0153ur du Quercy.<\/p>\n<p>D\u00e9couvrez notre magret de canard IGP Sud-Ouest tranch\u00e9 et fum\u00e9 au bois de h\u00eatre, propos\u00e9 en g\u00e9n\u00e9reuse barquette de 250g. Sa fumaison lente et artisanale lui conf\u00e8re des ar\u00f4mes subtils et une texture fondante. Id\u00e9al pour vos plateaux de charcuterie, vos entr\u00e9es ou vos ap\u00e9ritifs conviviaux, il est pr\u00eat \u00e0 \u00eatre d\u00e9gust\u00e9 \u00e0 tout moment.<\/p>\n<p>D\u00e9couvrez la gamme de nos magrets du Sud-Ouest s\u00e9ch\u00e9 tranch\u00e9 :<\/p>\n<ul>\n<li><a href=\"https:\/\/www.maison-occitane.com\/fr\/produit\/magret-de-canard-igp-sud-ouest-seche-tranche-plaquette-80g\/\"><strong>Magret de canard du Sud-Ouest s\u00e9ch\u00e9 tranch\u00e9 80g<\/strong><\/a><\/li>\n<li><a href=\"https:\/\/www.maison-occitane.com\/fr\/produit\/magret-de-canard-igp-sud-ouest-fume-tranche-plaquette-80g\/\"><strong>Magret de canard du Sud-Ouest s\u00e9ch\u00e9 tranch\u00e9 fum\u00e9 au bois de h\u00eatre 80g<\/strong><\/a><\/li>\n<\/ul>\n<p>\u00c0 conserver au frais entre 0\u00b0 et 4\u00b0C. Apr\u00e8s ouverture \u00e0 conserver au frais et consommer rapidement.<\/p>\n","protected":false},"excerpt":{"rendered":"<p>Le magret de canard fum\u00e9 va apporter une note bois\u00e9e \u00e0 vos pr\u00e9parations, cette saveur particuli\u00e8re va rehausser le go\u00fbt de vos plats. Notre magret fum\u00e9 au bois de h\u00eatre s\u00e9ch\u00e9 tranch\u00e9 est issu d&rsquo;une mati\u00e8re noble et de qualit\u00e9. Le s\u00e9chage de nos magrets de canard est pr\u00e9c\u00e9d\u00e9e d\u2019une \u00e9tape de fumage traditionnelle avec des copeaux de bois de h\u00eatre.<\/p>\n","protected":false},"featured_media":4202,"comment_status":"open","ping_status":"closed","template":"","meta":{"_acf_changed":false},"product_cat":[773,786],"product_tag":[814],"origines":[797],"labels-qualite":[],"class_list":{"0":"post-3527","1":"product","2":"type-product","3":"status-publish","4":"has-post-thumbnail","6":"product_brand-maison-occitane","7":"product_cat-specialites-du-sud-ouest","8":"product_cat-magrets-de-canard-seches","9":"product_tag-mi-cuit","10":"product_origine-igp-du-sud-ouest","12":"first","13":"instock","14":"taxable","15":"shipping-taxable","16":"purchasable","17":"product-type-simple","18":"add-to-wishlist-before_image"},"acf":[],"yoast_head":"<!-- This site is optimized with the Yoast SEO plugin v24.9 - https:\/\/yoast.com\/wordpress\/plugins\/seo\/ -->\n<title>MAGRET CANARD DU SUD-OUEST FUME TRANCHE - Maison Occitane<\/title>\n<meta name=\"description\" content=\"Savourez un magret de canard fum\u00e9 IGP Sud-Ouest en tranches barquette 250g, fondant et pr\u00eat \u00e0 d\u00e9guster. Une recette artisanale Maison Occitane. Direct Producteurs.\" \/>\n<meta name=\"robots\" content=\"index, follow, max-snippet:-1, max-image-preview:large, max-video-preview:-1\" \/>\n<link rel=\"canonical\" href=\"https:\/\/www.maison-occitane.com\/fr\/produit\/magret-canard-igp-sud-ouest-fume-tranche-barquette-250g\/\" \/>\n<meta property=\"og:locale\" content=\"fr_FR\" \/>\n<meta property=\"og:type\" content=\"article\" \/>\n<meta property=\"og:title\" content=\"MAGRET CANARD DU SUD-OUEST FUME TRANCHE - Maison Occitane\" \/>\n<meta property=\"og:description\" content=\"Savourez un magret de canard fum\u00e9 IGP Sud-Ouest en tranches barquette 250g, fondant et pr\u00eat \u00e0 d\u00e9guster. Une recette artisanale Maison Occitane. Direct Producteurs.\" \/>\n<meta property=\"og:url\" content=\"https:\/\/www.maison-occitane.com\/fr\/produit\/magret-canard-igp-sud-ouest-fume-tranche-barquette-250g\/\" \/>\n<meta property=\"og:site_name\" content=\"Maison Occitane\" \/>\n<meta property=\"article:modified_time\" content=\"2025-11-17T15:03:29+00:00\" \/>\n<meta property=\"og:image\" content=\"https:\/\/www.maison-occitane.com\/app\/uploads\/2025\/05\/8207.jpg\" \/>\n\t<meta property=\"og:image:width\" content=\"2000\" \/>\n\t<meta property=\"og:image:height\" content=\"1333\" \/>\n\t<meta property=\"og:image:type\" content=\"image\/jpeg\" \/>\n<meta name=\"twitter:card\" content=\"summary_large_image\" \/>\n<meta name=\"twitter:label1\" content=\"Dur\u00e9e de lecture estim\u00e9e\" \/>\n\t<meta name=\"twitter:data1\" content=\"2 minutes\" \/>\n<script type=\"application\/ld+json\" class=\"yoast-schema-graph\">{\"@context\":\"https:\/\/schema.org\",\"@graph\":[{\"@type\":\"WebPage\",\"@id\":\"https:\/\/www.maison-occitane.com\/fr\/produit\/magret-canard-igp-sud-ouest-fume-tranche-barquette-250g\/\",\"url\":\"https:\/\/www.maison-occitane.com\/fr\/produit\/magret-canard-igp-sud-ouest-fume-tranche-barquette-250g\/\",\"name\":\"MAGRET CANARD DU SUD-OUEST FUME TRANCHE - Maison Occitane\",\"isPartOf\":{\"@id\":\"https:\/\/www.maison-occitane.com\/fr\/#website\"},\"primaryImageOfPage\":{\"@id\":\"https:\/\/www.maison-occitane.com\/fr\/produit\/magret-canard-igp-sud-ouest-fume-tranche-barquette-250g\/#primaryimage\"},\"image\":{\"@id\":\"https:\/\/www.maison-occitane.com\/fr\/produit\/magret-canard-igp-sud-ouest-fume-tranche-barquette-250g\/#primaryimage\"},\"thumbnailUrl\":\"https:\/\/www.maison-occitane.com\/app\/uploads\/2025\/05\/8207.jpg\",\"datePublished\":\"2025-05-05T06:50:39+00:00\",\"dateModified\":\"2025-11-17T15:03:29+00:00\",\"description\":\"Savourez un magret de canard fum\u00e9 IGP Sud-Ouest en tranches barquette 250g, fondant et pr\u00eat \u00e0 d\u00e9guster. Une recette artisanale Maison Occitane. Direct Producteurs.\",\"breadcrumb\":{\"@id\":\"https:\/\/www.maison-occitane.com\/fr\/produit\/magret-canard-igp-sud-ouest-fume-tranche-barquette-250g\/#breadcrumb\"},\"inLanguage\":\"fr-FR\",\"potentialAction\":[{\"@type\":\"ReadAction\",\"target\":[\"https:\/\/www.maison-occitane.com\/fr\/produit\/magret-canard-igp-sud-ouest-fume-tranche-barquette-250g\/\"]}]},{\"@type\":\"ImageObject\",\"inLanguage\":\"fr-FR\",\"@id\":\"https:\/\/www.maison-occitane.com\/fr\/produit\/magret-canard-igp-sud-ouest-fume-tranche-barquette-250g\/#primaryimage\",\"url\":\"https:\/\/www.maison-occitane.com\/app\/uploads\/2025\/05\/8207.jpg\",\"contentUrl\":\"https:\/\/www.maison-occitane.com\/app\/uploads\/2025\/05\/8207.jpg\",\"width\":2000,\"height\":1333,\"caption\":\"Magret de canard du Sud-ouest fum\u00e9 au bois de h\u00eatre\"},{\"@type\":\"BreadcrumbList\",\"@id\":\"https:\/\/www.maison-occitane.com\/fr\/produit\/magret-canard-igp-sud-ouest-fume-tranche-barquette-250g\/#breadcrumb\",\"itemListElement\":[{\"@type\":\"ListItem\",\"position\":1,\"name\":\"Accueil\",\"item\":\"https:\/\/www.maison-occitane.com\/fr\/\"},{\"@type\":\"ListItem\",\"position\":2,\"name\":\"Produits\",\"item\":\"https:\/\/www.maison-occitane.com\/fr\/shop\/\"},{\"@type\":\"ListItem\",\"position\":3,\"name\":\"Sp\u00e9cialit\u00e9s du Sud-Ouest\",\"item\":\"https:\/\/www.maison-occitane.com\/fr\/boutique\/specialites-du-sud-ouest\/\"},{\"@type\":\"ListItem\",\"position\":4,\"name\":\"Magrets de canard s\u00e9ch\u00e9s\",\"item\":\"https:\/\/www.maison-occitane.com\/fr\/boutique\/specialites-du-sud-ouest\/magrets-de-canard-seches\/\"},{\"@type\":\"ListItem\",\"position\":5,\"name\":\"MAGRET CANARD DU SUD-OUEST FUME TRANCHE BARQUETTE\"}]},{\"@type\":\"WebSite\",\"@id\":\"https:\/\/www.maison-occitane.com\/fr\/#website\",\"url\":\"https:\/\/www.maison-occitane.com\/fr\/\",\"name\":\"Maison Occitane\",\"description\":\"\",\"potentialAction\":[{\"@type\":\"SearchAction\",\"target\":{\"@type\":\"EntryPoint\",\"urlTemplate\":\"https:\/\/www.maison-occitane.com\/fr\/?s={search_term_string}\"},\"query-input\":{\"@type\":\"PropertyValueSpecification\",\"valueRequired\":true,\"valueName\":\"search_term_string\"}}],\"inLanguage\":\"fr-FR\"}]}<\/script>\n<!-- \/ Yoast SEO plugin. -->","yoast_head_json":{"title":"MAGRET CANARD DU SUD-OUEST FUME TRANCHE - Maison Occitane","description":"Savourez un magret de canard fum\u00e9 IGP Sud-Ouest en tranches barquette 250g, fondant et pr\u00eat \u00e0 d\u00e9guster. Une recette artisanale Maison Occitane. Direct Producteurs.","robots":{"index":"index","follow":"follow","max-snippet":"max-snippet:-1","max-image-preview":"max-image-preview:large","max-video-preview":"max-video-preview:-1"},"canonical":"https:\/\/www.maison-occitane.com\/fr\/produit\/magret-canard-igp-sud-ouest-fume-tranche-barquette-250g\/","og_locale":"fr_FR","og_type":"article","og_title":"MAGRET CANARD DU SUD-OUEST FUME TRANCHE - Maison Occitane","og_description":"Savourez un magret de canard fum\u00e9 IGP Sud-Ouest en tranches barquette 250g, fondant et pr\u00eat \u00e0 d\u00e9guster. Une recette artisanale Maison Occitane. Direct Producteurs.","og_url":"https:\/\/www.maison-occitane.com\/fr\/produit\/magret-canard-igp-sud-ouest-fume-tranche-barquette-250g\/","og_site_name":"Maison Occitane","article_modified_time":"2025-11-17T15:03:29+00:00","og_image":[{"width":2000,"height":1333,"url":"https:\/\/www.maison-occitane.com\/app\/uploads\/2025\/05\/8207.jpg","type":"image\/jpeg"}],"twitter_card":"summary_large_image","twitter_misc":{"Dur\u00e9e de lecture estim\u00e9e":"2 minutes"},"schema":{"@context":"https:\/\/schema.org","@graph":[{"@type":"WebPage","@id":"https:\/\/www.maison-occitane.com\/fr\/produit\/magret-canard-igp-sud-ouest-fume-tranche-barquette-250g\/","url":"https:\/\/www.maison-occitane.com\/fr\/produit\/magret-canard-igp-sud-ouest-fume-tranche-barquette-250g\/","name":"MAGRET CANARD DU SUD-OUEST FUME TRANCHE - Maison Occitane","isPartOf":{"@id":"https:\/\/www.maison-occitane.com\/fr\/#website"},"primaryImageOfPage":{"@id":"https:\/\/www.maison-occitane.com\/fr\/produit\/magret-canard-igp-sud-ouest-fume-tranche-barquette-250g\/#primaryimage"},"image":{"@id":"https:\/\/www.maison-occitane.com\/fr\/produit\/magret-canard-igp-sud-ouest-fume-tranche-barquette-250g\/#primaryimage"},"thumbnailUrl":"https:\/\/www.maison-occitane.com\/app\/uploads\/2025\/05\/8207.jpg","datePublished":"2025-05-05T06:50:39+00:00","dateModified":"2025-11-17T15:03:29+00:00","description":"Savourez un magret de canard fum\u00e9 IGP Sud-Ouest en tranches barquette 250g, fondant et pr\u00eat \u00e0 d\u00e9guster. Une recette artisanale Maison Occitane. Direct Producteurs.","breadcrumb":{"@id":"https:\/\/www.maison-occitane.com\/fr\/produit\/magret-canard-igp-sud-ouest-fume-tranche-barquette-250g\/#breadcrumb"},"inLanguage":"fr-FR","potentialAction":[{"@type":"ReadAction","target":["https:\/\/www.maison-occitane.com\/fr\/produit\/magret-canard-igp-sud-ouest-fume-tranche-barquette-250g\/"]}]},{"@type":"ImageObject","inLanguage":"fr-FR","@id":"https:\/\/www.maison-occitane.com\/fr\/produit\/magret-canard-igp-sud-ouest-fume-tranche-barquette-250g\/#primaryimage","url":"https:\/\/www.maison-occitane.com\/app\/uploads\/2025\/05\/8207.jpg","contentUrl":"https:\/\/www.maison-occitane.com\/app\/uploads\/2025\/05\/8207.jpg","width":2000,"height":1333,"caption":"Magret de canard du Sud-ouest fum\u00e9 au bois de h\u00eatre"},{"@type":"BreadcrumbList","@id":"https:\/\/www.maison-occitane.com\/fr\/produit\/magret-canard-igp-sud-ouest-fume-tranche-barquette-250g\/#breadcrumb","itemListElement":[{"@type":"ListItem","position":1,"name":"Accueil","item":"https:\/\/www.maison-occitane.com\/fr\/"},{"@type":"ListItem","position":2,"name":"Produits","item":"https:\/\/www.maison-occitane.com\/fr\/shop\/"},{"@type":"ListItem","position":3,"name":"Sp\u00e9cialit\u00e9s du Sud-Ouest","item":"https:\/\/www.maison-occitane.com\/fr\/boutique\/specialites-du-sud-ouest\/"},{"@type":"ListItem","position":4,"name":"Magrets de canard s\u00e9ch\u00e9s","item":"https:\/\/www.maison-occitane.com\/fr\/boutique\/specialites-du-sud-ouest\/magrets-de-canard-seches\/"},{"@type":"ListItem","position":5,"name":"MAGRET CANARD DU SUD-OUEST FUME TRANCHE BARQUETTE"}]},{"@type":"WebSite","@id":"https:\/\/www.maison-occitane.com\/fr\/#website","url":"https:\/\/www.maison-occitane.com\/fr\/","name":"Maison Occitane","description":"","potentialAction":[{"@type":"SearchAction","target":{"@type":"EntryPoint","urlTemplate":"https:\/\/www.maison-occitane.com\/fr\/?s={search_term_string}"},"query-input":{"@type":"PropertyValueSpecification","valueRequired":true,"valueName":"search_term_string"}}],"inLanguage":"fr-FR"}]}},"_links":{"self":[{"href":"https:\/\/www.maison-occitane.com\/fr\/wp-json\/wp\/v2\/product\/3527","targetHints":{"allow":["GET"]}}],"collection":[{"href":"https:\/\/www.maison-occitane.com\/fr\/wp-json\/wp\/v2\/product"}],"about":[{"href":"https:\/\/www.maison-occitane.com\/fr\/wp-json\/wp\/v2\/types\/product"}],"replies":[{"embeddable":true,"href":"https:\/\/www.maison-occitane.com\/fr\/wp-json\/wp\/v2\/comments?post=3527"}],"wp:featuredmedia":[{"embeddable":true,"href":"https:\/\/www.maison-occitane.com\/fr\/wp-json\/wp\/v2\/media\/4202"}],"wp:attachment":[{"href":"https:\/\/www.maison-occitane.com\/fr\/wp-json\/wp\/v2\/media?parent=3527"}],"wp:term":[{"taxonomy":"product_cat","embeddable":true,"href":"https:\/\/www.maison-occitane.com\/fr\/wp-json\/wp\/v2\/product_cat?post=3527"},{"taxonomy":"product_tag","embeddable":true,"href":"https:\/\/www.maison-occitane.com\/fr\/wp-json\/wp\/v2\/product_tag?post=3527"},{"taxonomy":"product_origine","embeddable":true,"href":"https:\/\/www.maison-occitane.com\/fr\/wp-json\/wp\/v2\/origines?post=3527"},{"taxonomy":"label_qualite","embeddable":true,"href":"https:\/\/www.maison-occitane.com\/fr\/wp-json\/wp\/v2\/labels-qualite?post=3527"}],"curies":[{"name":"wp","href":"https:\/\/api.w.org\/{rel}","templated":true}]}}