{"id":3522,"date":"2025-05-05T08:50:38","date_gmt":"2025-05-05T06:50:38","guid":{"rendered":"http:\/\/localhost:8080\/non%20class\u00e9\/bloc-foie-gras-canard-igp-sud-ouest-piment-espelette-boite-140g\/"},"modified":"2026-02-26T13:06:01","modified_gmt":"2026-02-26T12:06:01","slug":"bloc-foie-gras-canard-igp-sud-ouest-piment-espelette-boite-140g","status":"publish","type":"product","link":"https:\/\/www.maison-occitane.com\/fr\/produit\/bloc-foie-gras-canard-igp-sud-ouest-piment-espelette-boite-140g\/","title":{"rendered":"BLOC DE FOIE GRAS DE CANARD DU SUD-OUEST AU PIMENT D&rsquo;ESPELETTE"},"content":{"rendered":"<p data-start=\"667\" data-end=\"1092\">Offrez \u00e0 vos papilles un voyage entre le Sud-Ouest et le Pays Basque avec notre bloc de foie gras de canard au piment d\u2019Espelette, une cr\u00e9ation \u00e0 la fois douce et subtilement relev\u00e9e. \u00c9labor\u00e9 dans le respect du cahier des charges IGP \u00ab\u00a0Canard \u00e0 foie gras du Sud-Ouest\u00a0\u00bb, ce bloc est \u00e9labor\u00e9 \u00e0 partir de foie gras rigoureusement s\u00e9lectionn\u00e9, issus de canards \u00e9lev\u00e9s par notre groupement de producteurs.<\/p>\n<p data-start=\"1094\" data-end=\"1397\">Gr\u00e2ce \u00e0 une texture lisse et fondante, et \u00e0 une note \u00e9pic\u00e9e parfaitement dos\u00e9e, ce bloc de foie gras de caract\u00e8re s\u00e9duit autant les amateurs de recettes traditionnelles que les palais en qu\u00eate d\u2019originalit\u00e9. Le piment d\u2019Espelette vient souligner le go\u00fbt raffin\u00e9 du foie gras, sans jamais le masquer.<\/p>\n<p data-start=\"1399\" data-end=\"1607\">Conserv\u00e9 en bo\u00eete m\u00e9tallique \u00e0 double ouverture facile, il se d\u00e9moule parfaitement pour une pr\u00e9sentation en tranches rondes.<\/p>\n<p><strong><span style=\"color: #f29400;\">Nombre de parts : <\/span><\/strong>3 parts<\/p>\n<p>\u00c0 conserver \u00e0 temp\u00e9rature ambiante dans un endroit frais et sec. Apr\u00e8s ouverture \u00e0 conserver au frais et \u00e0 consommer rapidement.<\/p>\n","protected":false},"excerpt":{"rendered":"<p><span class=\"notion-enable-hover\" data-token-index=\"0\">Cette fantaisie de bloc de foie gras de canard au go\u00fbt puissant, \u00e0\u00a0la texture d\u00e9licatement fondante, est assaisonn\u00e9e au piment\u00a0d&rsquo;Espelette.\u00a0<\/span><\/p>\n","protected":false},"featured_media":4189,"comment_status":"open","ping_status":"closed","template":"","meta":{"_acf_changed":false},"product_cat":[770,779],"product_tag":[],"origines":[797],"labels-qualite":[],"class_list":{"0":"post-3522","1":"product","2":"type-product","3":"status-publish","4":"has-post-thumbnail","6":"product_brand-maison-occitane","7":"product_cat-foie-gras","8":"product_cat-bloc-de-foie-gras-en-conserve","9":"product_origine-igp-du-sud-ouest","11":"first","12":"instock","13":"taxable","14":"shipping-taxable","15":"purchasable","16":"product-type-simple","17":"add-to-wishlist-before_image"},"acf":[],"yoast_head":"<!-- This site is optimized with the Yoast SEO plugin v24.9 - https:\/\/yoast.com\/wordpress\/plugins\/seo\/ -->\n<title>BLOC DE FOIE GRAS DU SUD-OUEST AU PIMENT ESPELETTE- Maison Occitane<\/title>\n<meta name=\"description\" content=\"Bloc de foie gras de canard du Sud-Ouest au piment d\u2019Espelette. IGP, 100 % origine France. Une recette de caract\u00e8re, douce et relev\u00e9e, en conserve. Vente en ligne.\" \/>\n<meta name=\"robots\" content=\"index, follow, max-snippet:-1, max-image-preview:large, max-video-preview:-1\" \/>\n<link rel=\"canonical\" href=\"https:\/\/www.maison-occitane.com\/fr\/produit\/bloc-foie-gras-canard-igp-sud-ouest-piment-espelette-boite-140g\/\" \/>\n<meta property=\"og:locale\" content=\"fr_FR\" \/>\n<meta property=\"og:type\" content=\"article\" \/>\n<meta property=\"og:title\" content=\"BLOC DE FOIE GRAS DU SUD-OUEST AU PIMENT ESPELETTE- Maison Occitane\" \/>\n<meta property=\"og:description\" content=\"Bloc de foie gras de canard du Sud-Ouest au piment d\u2019Espelette. IGP, 100 % origine France. Une recette de caract\u00e8re, douce et relev\u00e9e, en conserve. Vente en ligne.\" \/>\n<meta property=\"og:url\" content=\"https:\/\/www.maison-occitane.com\/fr\/produit\/bloc-foie-gras-canard-igp-sud-ouest-piment-espelette-boite-140g\/\" \/>\n<meta property=\"og:site_name\" content=\"Maison Occitane\" \/>\n<meta property=\"article:modified_time\" content=\"2026-02-26T12:06:01+00:00\" \/>\n<meta property=\"og:image\" content=\"https:\/\/www.maison-occitane.com\/app\/uploads\/2025\/05\/8191_520px.jpg\" \/>\n\t<meta property=\"og:image:width\" content=\"520\" \/>\n\t<meta property=\"og:image:height\" content=\"420\" \/>\n\t<meta property=\"og:image:type\" content=\"image\/jpeg\" \/>\n<meta name=\"twitter:card\" content=\"summary_large_image\" \/>\n<meta name=\"twitter:label1\" content=\"Dur\u00e9e de lecture estim\u00e9e\" \/>\n\t<meta name=\"twitter:data1\" content=\"2 minutes\" \/>\n<script type=\"application\/ld+json\" class=\"yoast-schema-graph\">{\"@context\":\"https:\/\/schema.org\",\"@graph\":[{\"@type\":\"WebPage\",\"@id\":\"https:\/\/www.maison-occitane.com\/fr\/produit\/bloc-foie-gras-canard-igp-sud-ouest-piment-espelette-boite-140g\/\",\"url\":\"https:\/\/www.maison-occitane.com\/fr\/produit\/bloc-foie-gras-canard-igp-sud-ouest-piment-espelette-boite-140g\/\",\"name\":\"BLOC DE FOIE GRAS DU SUD-OUEST AU PIMENT ESPELETTE- Maison Occitane\",\"isPartOf\":{\"@id\":\"https:\/\/www.maison-occitane.com\/fr\/#website\"},\"primaryImageOfPage\":{\"@id\":\"https:\/\/www.maison-occitane.com\/fr\/produit\/bloc-foie-gras-canard-igp-sud-ouest-piment-espelette-boite-140g\/#primaryimage\"},\"image\":{\"@id\":\"https:\/\/www.maison-occitane.com\/fr\/produit\/bloc-foie-gras-canard-igp-sud-ouest-piment-espelette-boite-140g\/#primaryimage\"},\"thumbnailUrl\":\"https:\/\/www.maison-occitane.com\/app\/uploads\/2025\/05\/8191_520px.jpg\",\"datePublished\":\"2025-05-05T06:50:38+00:00\",\"dateModified\":\"2026-02-26T12:06:01+00:00\",\"description\":\"Bloc de foie gras de canard du Sud-Ouest au piment d\u2019Espelette. IGP, 100 % origine France. Une recette de caract\u00e8re, douce et relev\u00e9e, en conserve. Vente en ligne.\",\"breadcrumb\":{\"@id\":\"https:\/\/www.maison-occitane.com\/fr\/produit\/bloc-foie-gras-canard-igp-sud-ouest-piment-espelette-boite-140g\/#breadcrumb\"},\"inLanguage\":\"fr-FR\",\"potentialAction\":[{\"@type\":\"ReadAction\",\"target\":[\"https:\/\/www.maison-occitane.com\/fr\/produit\/bloc-foie-gras-canard-igp-sud-ouest-piment-espelette-boite-140g\/\"]}]},{\"@type\":\"ImageObject\",\"inLanguage\":\"fr-FR\",\"@id\":\"https:\/\/www.maison-occitane.com\/fr\/produit\/bloc-foie-gras-canard-igp-sud-ouest-piment-espelette-boite-140g\/#primaryimage\",\"url\":\"https:\/\/www.maison-occitane.com\/app\/uploads\/2025\/05\/8191_520px.jpg\",\"contentUrl\":\"https:\/\/www.maison-occitane.com\/app\/uploads\/2025\/05\/8191_520px.jpg\",\"width\":520,\"height\":420,\"caption\":\"Bloc de foie gras de canard du Sud-Ouest au piment d'Espelette\"},{\"@type\":\"BreadcrumbList\",\"@id\":\"https:\/\/www.maison-occitane.com\/fr\/produit\/bloc-foie-gras-canard-igp-sud-ouest-piment-espelette-boite-140g\/#breadcrumb\",\"itemListElement\":[{\"@type\":\"ListItem\",\"position\":1,\"name\":\"Accueil\",\"item\":\"https:\/\/www.maison-occitane.com\/fr\/\"},{\"@type\":\"ListItem\",\"position\":2,\"name\":\"Produits\",\"item\":\"https:\/\/www.maison-occitane.com\/fr\/shop\/\"},{\"@type\":\"ListItem\",\"position\":3,\"name\":\"Foie gras\",\"item\":\"https:\/\/www.maison-occitane.com\/fr\/boutique\/foie-gras\/\"},{\"@type\":\"ListItem\",\"position\":4,\"name\":\"Bloc de foie gras en conserve\",\"item\":\"https:\/\/www.maison-occitane.com\/fr\/boutique\/foie-gras\/bloc-de-foie-gras-en-conserve\/\"},{\"@type\":\"ListItem\",\"position\":5,\"name\":\"BLOC DE FOIE GRAS DE CANARD DU SUD-OUEST AU PIMENT D&rsquo;ESPELETTE\"}]},{\"@type\":\"WebSite\",\"@id\":\"https:\/\/www.maison-occitane.com\/fr\/#website\",\"url\":\"https:\/\/www.maison-occitane.com\/fr\/\",\"name\":\"Maison Occitane\",\"description\":\"\",\"potentialAction\":[{\"@type\":\"SearchAction\",\"target\":{\"@type\":\"EntryPoint\",\"urlTemplate\":\"https:\/\/www.maison-occitane.com\/fr\/?s={search_term_string}\"},\"query-input\":{\"@type\":\"PropertyValueSpecification\",\"valueRequired\":true,\"valueName\":\"search_term_string\"}}],\"inLanguage\":\"fr-FR\"}]}<\/script>\n<!-- \/ Yoast SEO plugin. -->","yoast_head_json":{"title":"BLOC DE FOIE GRAS DU SUD-OUEST AU PIMENT ESPELETTE- Maison Occitane","description":"Bloc de foie gras de canard du Sud-Ouest au piment d\u2019Espelette. IGP, 100 % origine France. Une recette de caract\u00e8re, douce et relev\u00e9e, en conserve. Vente en ligne.","robots":{"index":"index","follow":"follow","max-snippet":"max-snippet:-1","max-image-preview":"max-image-preview:large","max-video-preview":"max-video-preview:-1"},"canonical":"https:\/\/www.maison-occitane.com\/fr\/produit\/bloc-foie-gras-canard-igp-sud-ouest-piment-espelette-boite-140g\/","og_locale":"fr_FR","og_type":"article","og_title":"BLOC DE FOIE GRAS DU SUD-OUEST AU PIMENT ESPELETTE- Maison Occitane","og_description":"Bloc de foie gras de canard du Sud-Ouest au piment d\u2019Espelette. IGP, 100 % origine France. Une recette de caract\u00e8re, douce et relev\u00e9e, en conserve. Vente en ligne.","og_url":"https:\/\/www.maison-occitane.com\/fr\/produit\/bloc-foie-gras-canard-igp-sud-ouest-piment-espelette-boite-140g\/","og_site_name":"Maison Occitane","article_modified_time":"2026-02-26T12:06:01+00:00","og_image":[{"width":520,"height":420,"url":"https:\/\/www.maison-occitane.com\/app\/uploads\/2025\/05\/8191_520px.jpg","type":"image\/jpeg"}],"twitter_card":"summary_large_image","twitter_misc":{"Dur\u00e9e de lecture estim\u00e9e":"2 minutes"},"schema":{"@context":"https:\/\/schema.org","@graph":[{"@type":"WebPage","@id":"https:\/\/www.maison-occitane.com\/fr\/produit\/bloc-foie-gras-canard-igp-sud-ouest-piment-espelette-boite-140g\/","url":"https:\/\/www.maison-occitane.com\/fr\/produit\/bloc-foie-gras-canard-igp-sud-ouest-piment-espelette-boite-140g\/","name":"BLOC DE FOIE GRAS DU SUD-OUEST AU PIMENT ESPELETTE- Maison Occitane","isPartOf":{"@id":"https:\/\/www.maison-occitane.com\/fr\/#website"},"primaryImageOfPage":{"@id":"https:\/\/www.maison-occitane.com\/fr\/produit\/bloc-foie-gras-canard-igp-sud-ouest-piment-espelette-boite-140g\/#primaryimage"},"image":{"@id":"https:\/\/www.maison-occitane.com\/fr\/produit\/bloc-foie-gras-canard-igp-sud-ouest-piment-espelette-boite-140g\/#primaryimage"},"thumbnailUrl":"https:\/\/www.maison-occitane.com\/app\/uploads\/2025\/05\/8191_520px.jpg","datePublished":"2025-05-05T06:50:38+00:00","dateModified":"2026-02-26T12:06:01+00:00","description":"Bloc de foie gras de canard du Sud-Ouest au piment d\u2019Espelette. IGP, 100 % origine France. Une recette de caract\u00e8re, douce et relev\u00e9e, en conserve. Vente en ligne.","breadcrumb":{"@id":"https:\/\/www.maison-occitane.com\/fr\/produit\/bloc-foie-gras-canard-igp-sud-ouest-piment-espelette-boite-140g\/#breadcrumb"},"inLanguage":"fr-FR","potentialAction":[{"@type":"ReadAction","target":["https:\/\/www.maison-occitane.com\/fr\/produit\/bloc-foie-gras-canard-igp-sud-ouest-piment-espelette-boite-140g\/"]}]},{"@type":"ImageObject","inLanguage":"fr-FR","@id":"https:\/\/www.maison-occitane.com\/fr\/produit\/bloc-foie-gras-canard-igp-sud-ouest-piment-espelette-boite-140g\/#primaryimage","url":"https:\/\/www.maison-occitane.com\/app\/uploads\/2025\/05\/8191_520px.jpg","contentUrl":"https:\/\/www.maison-occitane.com\/app\/uploads\/2025\/05\/8191_520px.jpg","width":520,"height":420,"caption":"Bloc de foie gras de canard du Sud-Ouest au piment d'Espelette"},{"@type":"BreadcrumbList","@id":"https:\/\/www.maison-occitane.com\/fr\/produit\/bloc-foie-gras-canard-igp-sud-ouest-piment-espelette-boite-140g\/#breadcrumb","itemListElement":[{"@type":"ListItem","position":1,"name":"Accueil","item":"https:\/\/www.maison-occitane.com\/fr\/"},{"@type":"ListItem","position":2,"name":"Produits","item":"https:\/\/www.maison-occitane.com\/fr\/shop\/"},{"@type":"ListItem","position":3,"name":"Foie gras","item":"https:\/\/www.maison-occitane.com\/fr\/boutique\/foie-gras\/"},{"@type":"ListItem","position":4,"name":"Bloc de foie gras en conserve","item":"https:\/\/www.maison-occitane.com\/fr\/boutique\/foie-gras\/bloc-de-foie-gras-en-conserve\/"},{"@type":"ListItem","position":5,"name":"BLOC DE FOIE GRAS DE CANARD DU SUD-OUEST AU PIMENT D&rsquo;ESPELETTE"}]},{"@type":"WebSite","@id":"https:\/\/www.maison-occitane.com\/fr\/#website","url":"https:\/\/www.maison-occitane.com\/fr\/","name":"Maison Occitane","description":"","potentialAction":[{"@type":"SearchAction","target":{"@type":"EntryPoint","urlTemplate":"https:\/\/www.maison-occitane.com\/fr\/?s={search_term_string}"},"query-input":{"@type":"PropertyValueSpecification","valueRequired":true,"valueName":"search_term_string"}}],"inLanguage":"fr-FR"}]}},"_links":{"self":[{"href":"https:\/\/www.maison-occitane.com\/fr\/wp-json\/wp\/v2\/product\/3522","targetHints":{"allow":["GET"]}}],"collection":[{"href":"https:\/\/www.maison-occitane.com\/fr\/wp-json\/wp\/v2\/product"}],"about":[{"href":"https:\/\/www.maison-occitane.com\/fr\/wp-json\/wp\/v2\/types\/product"}],"replies":[{"embeddable":true,"href":"https:\/\/www.maison-occitane.com\/fr\/wp-json\/wp\/v2\/comments?post=3522"}],"wp:featuredmedia":[{"embeddable":true,"href":"https:\/\/www.maison-occitane.com\/fr\/wp-json\/wp\/v2\/media\/4189"}],"wp:attachment":[{"href":"https:\/\/www.maison-occitane.com\/fr\/wp-json\/wp\/v2\/media?parent=3522"}],"wp:term":[{"taxonomy":"product_cat","embeddable":true,"href":"https:\/\/www.maison-occitane.com\/fr\/wp-json\/wp\/v2\/product_cat?post=3522"},{"taxonomy":"product_tag","embeddable":true,"href":"https:\/\/www.maison-occitane.com\/fr\/wp-json\/wp\/v2\/product_tag?post=3522"},{"taxonomy":"product_origine","embeddable":true,"href":"https:\/\/www.maison-occitane.com\/fr\/wp-json\/wp\/v2\/origines?post=3522"},{"taxonomy":"label_qualite","embeddable":true,"href":"https:\/\/www.maison-occitane.com\/fr\/wp-json\/wp\/v2\/labels-qualite?post=3522"}],"curies":[{"name":"wp","href":"https:\/\/api.w.org\/{rel}","templated":true}]}}