{"id":3520,"date":"2025-05-05T08:50:37","date_gmt":"2025-05-05T06:50:37","guid":{"rendered":"http:\/\/localhost:8080\/non%20class\u00e9\/haricot-cuits-dans-la-graisse-de-canard-bocal-660g\/"},"modified":"2026-04-24T18:34:19","modified_gmt":"2026-04-24T16:34:19","slug":"haricot-cuits-dans-la-graisse-de-canard-bocal-660g","status":"publish","type":"product","link":"https:\/\/www.maison-occitane.com\/fr\/produit\/haricot-cuits-dans-la-graisse-de-canard-bocal-660g\/","title":{"rendered":"HARICOT CUITS DANS LA GRAISSE DE CANARD"},"content":{"rendered":"<p>Une garniture traditionnelle pr\u00e9par\u00e9e dans la pure tradition du Sud-Ouest, la graisse de canard va apporter un go\u00fbt savoureux et un fondant in\u00e9galable aux haricots. Cette garniture s&rsquo;accordera avec tous vos viandes et plus sp\u00e9cialement avec les confits et manchons de canard.<\/p>\n<p>Pr\u00eats \u00e0 \u00eatre d\u00e9gust\u00e9s, les haricots cuisin\u00e9 \u00e0 la graisse de canard sont id\u00e9als pour accompagner les viandes telles que les confits de canard et les manchons de canard. Une saveur fine et d\u00e9licate<\/p>\n<p>C\u2019est la garniture incontournable du Sud-Ouest.<\/p>\n<p><strong><span style=\"color: #f29400;\">Nombre de parts :\u00a0<\/span><\/strong> 3 \u00e0 4 parts<\/p>\n<p>Apr\u00e8s ouverture, \u00e0 conserver au frais et \u00e0 consommer dans les 48h.<\/p>\n","protected":false},"excerpt":{"rendered":"<p><span class=\"notion-enable-hover\" data-token-index=\"0\">Les haricots cuits dans la graisse de canard, sp\u00e9cialit\u00e9 de la cuisine occitane, accompagneront \u00e0 merveille tous vos plats. Un classique g\u00e9n\u00e9reux du Sud-Ouest.<br \/>\n<\/span><\/p>\n","protected":false},"featured_media":4218,"comment_status":"open","ping_status":"closed","template":"","meta":{"_acf_changed":false},"product_cat":[775,788],"product_tag":[],"origines":[800],"labels-qualite":[],"class_list":{"0":"post-3520","1":"product","2":"type-product","3":"status-publish","4":"has-post-thumbnail","6":"product_brand-maison-occitane","7":"product_cat-epicerie-fine","8":"product_cat-garnitures","9":"product_origine-autre","11":"first","12":"instock","13":"taxable","14":"shipping-taxable","15":"purchasable","16":"product-type-simple","17":"add-to-wishlist-before_image"},"acf":[],"yoast_head":"<!-- This site is optimized with the Yoast SEO plugin v24.9 - https:\/\/yoast.com\/wordpress\/plugins\/seo\/ -->\n<title>HARICOT CUITS DANS LA GRAISSE DE CANARD - Maison Occitane<\/title>\n<meta name=\"description\" content=\"Haricots lingots cuits \u00e0 la graisse d\u2019oie, recette traditionnelle sans conservateur. L\u2019accompagnement id\u00e9al pour confits, magrets et cassoulets.\" \/>\n<meta name=\"robots\" content=\"index, follow, max-snippet:-1, max-image-preview:large, max-video-preview:-1\" \/>\n<link rel=\"canonical\" href=\"https:\/\/www.maison-occitane.com\/fr\/produit\/haricot-cuits-dans-la-graisse-de-canard-bocal-660g\/\" \/>\n<meta property=\"og:locale\" content=\"fr_FR\" \/>\n<meta property=\"og:type\" content=\"article\" \/>\n<meta property=\"og:title\" content=\"HARICOT CUITS DANS LA GRAISSE DE CANARD - Maison Occitane\" \/>\n<meta property=\"og:description\" content=\"Haricots lingots cuits \u00e0 la graisse d\u2019oie, recette traditionnelle sans conservateur. L\u2019accompagnement id\u00e9al pour confits, magrets et cassoulets.\" \/>\n<meta property=\"og:url\" content=\"https:\/\/www.maison-occitane.com\/fr\/produit\/haricot-cuits-dans-la-graisse-de-canard-bocal-660g\/\" \/>\n<meta property=\"og:site_name\" content=\"Maison Occitane\" \/>\n<meta property=\"article:modified_time\" content=\"2026-04-24T16:34:19+00:00\" \/>\n<meta property=\"og:image\" content=\"https:\/\/www.maison-occitane.com\/app\/uploads\/2025\/05\/8188_520px.jpg\" \/>\n\t<meta property=\"og:image:width\" content=\"520\" \/>\n\t<meta property=\"og:image:height\" content=\"450\" \/>\n\t<meta property=\"og:image:type\" content=\"image\/jpeg\" \/>\n<meta name=\"twitter:card\" content=\"summary_large_image\" \/>\n<meta name=\"twitter:label1\" content=\"Dur\u00e9e de lecture estim\u00e9e\" \/>\n\t<meta name=\"twitter:data1\" content=\"1 minute\" \/>\n<script type=\"application\/ld+json\" class=\"yoast-schema-graph\">{\"@context\":\"https:\/\/schema.org\",\"@graph\":[{\"@type\":\"WebPage\",\"@id\":\"https:\/\/www.maison-occitane.com\/fr\/produit\/haricot-cuits-dans-la-graisse-de-canard-bocal-660g\/\",\"url\":\"https:\/\/www.maison-occitane.com\/fr\/produit\/haricot-cuits-dans-la-graisse-de-canard-bocal-660g\/\",\"name\":\"HARICOT CUITS DANS LA GRAISSE DE CANARD - Maison Occitane\",\"isPartOf\":{\"@id\":\"https:\/\/www.maison-occitane.com\/fr\/#website\"},\"primaryImageOfPage\":{\"@id\":\"https:\/\/www.maison-occitane.com\/fr\/produit\/haricot-cuits-dans-la-graisse-de-canard-bocal-660g\/#primaryimage\"},\"image\":{\"@id\":\"https:\/\/www.maison-occitane.com\/fr\/produit\/haricot-cuits-dans-la-graisse-de-canard-bocal-660g\/#primaryimage\"},\"thumbnailUrl\":\"https:\/\/www.maison-occitane.com\/app\/uploads\/2025\/05\/8188_520px.jpg\",\"datePublished\":\"2025-05-05T06:50:37+00:00\",\"dateModified\":\"2026-04-24T16:34:19+00:00\",\"description\":\"Haricots lingots cuits \u00e0 la graisse d\u2019oie, recette traditionnelle sans conservateur. L\u2019accompagnement id\u00e9al pour confits, magrets et cassoulets.\",\"breadcrumb\":{\"@id\":\"https:\/\/www.maison-occitane.com\/fr\/produit\/haricot-cuits-dans-la-graisse-de-canard-bocal-660g\/#breadcrumb\"},\"inLanguage\":\"fr-FR\",\"potentialAction\":[{\"@type\":\"ReadAction\",\"target\":[\"https:\/\/www.maison-occitane.com\/fr\/produit\/haricot-cuits-dans-la-graisse-de-canard-bocal-660g\/\"]}]},{\"@type\":\"ImageObject\",\"inLanguage\":\"fr-FR\",\"@id\":\"https:\/\/www.maison-occitane.com\/fr\/produit\/haricot-cuits-dans-la-graisse-de-canard-bocal-660g\/#primaryimage\",\"url\":\"https:\/\/www.maison-occitane.com\/app\/uploads\/2025\/05\/8188_520px.jpg\",\"contentUrl\":\"https:\/\/www.maison-occitane.com\/app\/uploads\/2025\/05\/8188_520px.jpg\",\"width\":520,\"height\":450,\"caption\":\"Haricots Lingots cuisin\u00e9s \u00e0 la graisse de canard\"},{\"@type\":\"BreadcrumbList\",\"@id\":\"https:\/\/www.maison-occitane.com\/fr\/produit\/haricot-cuits-dans-la-graisse-de-canard-bocal-660g\/#breadcrumb\",\"itemListElement\":[{\"@type\":\"ListItem\",\"position\":1,\"name\":\"Accueil\",\"item\":\"https:\/\/www.maison-occitane.com\/fr\/\"},{\"@type\":\"ListItem\",\"position\":2,\"name\":\"Produits\",\"item\":\"https:\/\/www.maison-occitane.com\/fr\/shop\/\"},{\"@type\":\"ListItem\",\"position\":3,\"name\":\"\u00c9picerie fine\",\"item\":\"https:\/\/www.maison-occitane.com\/fr\/boutique\/epicerie-fine\/\"},{\"@type\":\"ListItem\",\"position\":4,\"name\":\"Garnitures\",\"item\":\"https:\/\/www.maison-occitane.com\/fr\/boutique\/epicerie-fine\/garnitures\/\"},{\"@type\":\"ListItem\",\"position\":5,\"name\":\"HARICOT CUITS DANS LA GRAISSE DE CANARD\"}]},{\"@type\":\"WebSite\",\"@id\":\"https:\/\/www.maison-occitane.com\/fr\/#website\",\"url\":\"https:\/\/www.maison-occitane.com\/fr\/\",\"name\":\"Maison Occitane\",\"description\":\"\",\"potentialAction\":[{\"@type\":\"SearchAction\",\"target\":{\"@type\":\"EntryPoint\",\"urlTemplate\":\"https:\/\/www.maison-occitane.com\/fr\/?s={search_term_string}\"},\"query-input\":{\"@type\":\"PropertyValueSpecification\",\"valueRequired\":true,\"valueName\":\"search_term_string\"}}],\"inLanguage\":\"fr-FR\"}]}<\/script>\n<!-- \/ Yoast SEO plugin. -->","yoast_head_json":{"title":"HARICOT CUITS DANS LA GRAISSE DE CANARD - Maison Occitane","description":"Haricots lingots cuits \u00e0 la graisse d\u2019oie, recette traditionnelle sans conservateur. L\u2019accompagnement id\u00e9al pour confits, magrets et cassoulets.","robots":{"index":"index","follow":"follow","max-snippet":"max-snippet:-1","max-image-preview":"max-image-preview:large","max-video-preview":"max-video-preview:-1"},"canonical":"https:\/\/www.maison-occitane.com\/fr\/produit\/haricot-cuits-dans-la-graisse-de-canard-bocal-660g\/","og_locale":"fr_FR","og_type":"article","og_title":"HARICOT CUITS DANS LA GRAISSE DE CANARD - Maison Occitane","og_description":"Haricots lingots cuits \u00e0 la graisse d\u2019oie, recette traditionnelle sans conservateur. L\u2019accompagnement id\u00e9al pour confits, magrets et cassoulets.","og_url":"https:\/\/www.maison-occitane.com\/fr\/produit\/haricot-cuits-dans-la-graisse-de-canard-bocal-660g\/","og_site_name":"Maison Occitane","article_modified_time":"2026-04-24T16:34:19+00:00","og_image":[{"width":520,"height":450,"url":"https:\/\/www.maison-occitane.com\/app\/uploads\/2025\/05\/8188_520px.jpg","type":"image\/jpeg"}],"twitter_card":"summary_large_image","twitter_misc":{"Dur\u00e9e de lecture estim\u00e9e":"1 minute"},"schema":{"@context":"https:\/\/schema.org","@graph":[{"@type":"WebPage","@id":"https:\/\/www.maison-occitane.com\/fr\/produit\/haricot-cuits-dans-la-graisse-de-canard-bocal-660g\/","url":"https:\/\/www.maison-occitane.com\/fr\/produit\/haricot-cuits-dans-la-graisse-de-canard-bocal-660g\/","name":"HARICOT CUITS DANS LA GRAISSE DE CANARD - Maison Occitane","isPartOf":{"@id":"https:\/\/www.maison-occitane.com\/fr\/#website"},"primaryImageOfPage":{"@id":"https:\/\/www.maison-occitane.com\/fr\/produit\/haricot-cuits-dans-la-graisse-de-canard-bocal-660g\/#primaryimage"},"image":{"@id":"https:\/\/www.maison-occitane.com\/fr\/produit\/haricot-cuits-dans-la-graisse-de-canard-bocal-660g\/#primaryimage"},"thumbnailUrl":"https:\/\/www.maison-occitane.com\/app\/uploads\/2025\/05\/8188_520px.jpg","datePublished":"2025-05-05T06:50:37+00:00","dateModified":"2026-04-24T16:34:19+00:00","description":"Haricots lingots cuits \u00e0 la graisse d\u2019oie, recette traditionnelle sans conservateur. L\u2019accompagnement id\u00e9al pour confits, magrets et cassoulets.","breadcrumb":{"@id":"https:\/\/www.maison-occitane.com\/fr\/produit\/haricot-cuits-dans-la-graisse-de-canard-bocal-660g\/#breadcrumb"},"inLanguage":"fr-FR","potentialAction":[{"@type":"ReadAction","target":["https:\/\/www.maison-occitane.com\/fr\/produit\/haricot-cuits-dans-la-graisse-de-canard-bocal-660g\/"]}]},{"@type":"ImageObject","inLanguage":"fr-FR","@id":"https:\/\/www.maison-occitane.com\/fr\/produit\/haricot-cuits-dans-la-graisse-de-canard-bocal-660g\/#primaryimage","url":"https:\/\/www.maison-occitane.com\/app\/uploads\/2025\/05\/8188_520px.jpg","contentUrl":"https:\/\/www.maison-occitane.com\/app\/uploads\/2025\/05\/8188_520px.jpg","width":520,"height":450,"caption":"Haricots Lingots cuisin\u00e9s \u00e0 la graisse de canard"},{"@type":"BreadcrumbList","@id":"https:\/\/www.maison-occitane.com\/fr\/produit\/haricot-cuits-dans-la-graisse-de-canard-bocal-660g\/#breadcrumb","itemListElement":[{"@type":"ListItem","position":1,"name":"Accueil","item":"https:\/\/www.maison-occitane.com\/fr\/"},{"@type":"ListItem","position":2,"name":"Produits","item":"https:\/\/www.maison-occitane.com\/fr\/shop\/"},{"@type":"ListItem","position":3,"name":"\u00c9picerie fine","item":"https:\/\/www.maison-occitane.com\/fr\/boutique\/epicerie-fine\/"},{"@type":"ListItem","position":4,"name":"Garnitures","item":"https:\/\/www.maison-occitane.com\/fr\/boutique\/epicerie-fine\/garnitures\/"},{"@type":"ListItem","position":5,"name":"HARICOT CUITS DANS LA GRAISSE DE CANARD"}]},{"@type":"WebSite","@id":"https:\/\/www.maison-occitane.com\/fr\/#website","url":"https:\/\/www.maison-occitane.com\/fr\/","name":"Maison Occitane","description":"","potentialAction":[{"@type":"SearchAction","target":{"@type":"EntryPoint","urlTemplate":"https:\/\/www.maison-occitane.com\/fr\/?s={search_term_string}"},"query-input":{"@type":"PropertyValueSpecification","valueRequired":true,"valueName":"search_term_string"}}],"inLanguage":"fr-FR"}]}},"_links":{"self":[{"href":"https:\/\/www.maison-occitane.com\/fr\/wp-json\/wp\/v2\/product\/3520","targetHints":{"allow":["GET"]}}],"collection":[{"href":"https:\/\/www.maison-occitane.com\/fr\/wp-json\/wp\/v2\/product"}],"about":[{"href":"https:\/\/www.maison-occitane.com\/fr\/wp-json\/wp\/v2\/types\/product"}],"replies":[{"embeddable":true,"href":"https:\/\/www.maison-occitane.com\/fr\/wp-json\/wp\/v2\/comments?post=3520"}],"wp:featuredmedia":[{"embeddable":true,"href":"https:\/\/www.maison-occitane.com\/fr\/wp-json\/wp\/v2\/media\/4218"}],"wp:attachment":[{"href":"https:\/\/www.maison-occitane.com\/fr\/wp-json\/wp\/v2\/media?parent=3520"}],"wp:term":[{"taxonomy":"product_cat","embeddable":true,"href":"https:\/\/www.maison-occitane.com\/fr\/wp-json\/wp\/v2\/product_cat?post=3520"},{"taxonomy":"product_tag","embeddable":true,"href":"https:\/\/www.maison-occitane.com\/fr\/wp-json\/wp\/v2\/product_tag?post=3520"},{"taxonomy":"product_origine","embeddable":true,"href":"https:\/\/www.maison-occitane.com\/fr\/wp-json\/wp\/v2\/origines?post=3520"},{"taxonomy":"label_qualite","embeddable":true,"href":"https:\/\/www.maison-occitane.com\/fr\/wp-json\/wp\/v2\/labels-qualite?post=3520"}],"curies":[{"name":"wp","href":"https:\/\/api.w.org\/{rel}","templated":true}]}}